{"id":329,"date":"2020-07-06T11:56:55","date_gmt":"2020-07-06T11:56:55","guid":{"rendered":"http:\/\/liviko.eu\/?page_id=329"},"modified":"2023-10-12T12:16:30","modified_gmt":"2023-10-12T12:16:30","slug":"glogg","status":"publish","type":"page","link":"https:\/\/liviko.eu\/en\/liviko-distillery\/glogg\/","title":{"rendered":"Gl\u00f6gg"},"content":{"rendered":"<div id=\"pageHeader-block_d824f949c8f98aea0d9435e59a9d0e10\" class=\" c-contentBlock c-pageHeader\" data-block-type=\"Page header\">\n                                <div class=\"c-pageHeader__tools\">\n        \t<a href=\"#page-329-body\" class=\"c-pageHeader__scrollButton js-scrollTo\">\n        \t\t<span class=\"visuallyhidden\">Scroll to content<\/span>\n                <span class=\"icon-down\"><\/span>\n        \t<\/a>\n        <\/div>\n        \n<\/div>\n<a id=\"page-329-body\"><\/a>\n\n<div id=\"mediaBlock-block_0e8f2262114d70332ed460005bacc03c\" class=\" c-contentBlock c-mediaBlock c-mediaBlock--align-left c-mediaBlock--valign-center c-mediaBlock--size-extra-small c-mediaBlock--imageHeight-small\" data-block-type=\"Media block\">\n   \n                \n     <div class=\"c-mediaBlock__media\" style=\"\"\">\n        <img fetchpriority=\"high\" decoding=\"async\" width=\"343\" height=\"1366\" src=\"https:\/\/liviko.eu\/wp-content\/uploads\/2023\/10\/Vana-Tallinn-Glogi-WEB-343x1366.jpg\" class=\"c-mediaBlock__image\" alt=\"VANA TALLINN GL\u00d6GG\" srcset=\"https:\/\/liviko.eu\/wp-content\/uploads\/2023\/10\/Vana-Tallinn-Glogi-WEB-343x1366.jpg 343w, https:\/\/liviko.eu\/wp-content\/uploads\/2023\/10\/Vana-Tallinn-Glogi-WEB-231x920.jpg 231w, https:\/\/liviko.eu\/wp-content\/uploads\/2023\/10\/Vana-Tallinn-Glogi-WEB-80x320.jpg 80w, https:\/\/liviko.eu\/wp-content\/uploads\/2023\/10\/Vana-Tallinn-Glogi-WEB.jpg 377w\" sizes=\"(max-width: 343px) 100vw, 343px\" \/>    <\/div>\n     <div class=\"c-mediaBlock__body\">\n                    <h2 class=\"c-mediaBlock__title\">VANA TALLINN GL\u00d6GG<\/h2>\n                <div class=\"c-mediaBlock__content\">\n            <div class=\"t-text\">\n            <p>Vana Tallinn Gl\u00f6gg is the best-selling and most popular gl\u00f6gg in Estonia. Warming spices play an important role in the flavour and aroma of the gl\u00f6gg made from the classic Vana Tallinn liqueur and high-quality red wine.<\/p>\n<p>It takes about month for the liqueur masters to make a batch of Vana Tallinn Gl\u00f6gg. The legendary Vana Tallinn liqueur holds the place of honour in the recipe, complemented by delicious high-quality grape wine. Carefully selected spices enhance the flavour of the gl\u00f6gg. The result of this high-precision process is a drink with a really nice flavour and bouquet.<\/p>\n<p>Serve heated. You can also add raisins, nuts, almonds, cinnamon sticks and even a slice of orange if you wish.<\/p>\n<div class=\"product__usage\">\n<p><a href=\"http:\/\/www.vanatallinn.eu\/\">vanatallinn.eu<\/a><\/p>\n<\/div>\n            <\/div>\n                            \n        <\/div>\n    <\/div>\n<\/div>\n\n\n<div id=\"featureBlocks-block_d34953d4e0421e7067ff56a4dd011035\" class=\" c-contentBlock c-featureBlocks c-featureBlocks--type-expanded c-featureBlocks--grid-columns\" data-block-type=\"Feature blocks: expanded\">\n   <div class=\"c-featureBlocksGroup\">\n\n\n                          <div class=\"c-featureBlocks__item\">\n                \n                \n                    <div class=\"c-featureBlocks__item-block\"    >\n\n                                                                                            <div class=\"c-featureBlock__imageContainer\">\n                                <img decoding=\"async\" width=\"800\" height=\"800\" src=\"https:\/\/liviko.eu\/wp-content\/uploads\/2020\/09\/usp2.jpg\" class=\"c-featureBlock__image\" alt=\"\" srcset=\"https:\/\/liviko.eu\/wp-content\/uploads\/2020\/09\/usp2.jpg 800w, https:\/\/liviko.eu\/wp-content\/uploads\/2020\/09\/usp2-480x480.jpg 480w, https:\/\/liviko.eu\/wp-content\/uploads\/2020\/09\/usp2-768x768.jpg 768w\" sizes=\"(max-width: 800px) 100vw, 800px\" \/>                                <\/div>\n                               \n\n                            <div class=\"c-featureBlocks__item-body\">\n                                    <h3 class=\"c-featureBlocks__item-title\"><\/h3>\n                                    <div class=\"t-text\">\n                                        <p><strong>A time-consuming production process<br \/>\n<\/strong>It takes about month to make Vana Tallinn Gl\u00f6gg. First, extracts must be made using various herbs and spices. The gl\u00f6gg is then prepared according to the liqueur masters\u2019 recipe, followed by cold-processing and filtration. Only then is the gl\u00f6gg bottled.<\/p>\n<p>&nbsp;<\/p>\n                                    <\/div>\n                            <\/div>\n\n                    <\/div>    \n                        \n\n\n                            \n            <\/div>\n            \n                    <div class=\"c-featureBlocks__item\">\n                \n                \n                    <div class=\"c-featureBlocks__item-block\"    >\n\n                                                                                            <div class=\"c-featureBlock__imageContainer\">\n                                <img decoding=\"async\" width=\"800\" height=\"800\" src=\"https:\/\/liviko.eu\/wp-content\/uploads\/2020\/09\/usp3-1.jpg\" class=\"c-featureBlock__image\" alt=\"\" srcset=\"https:\/\/liviko.eu\/wp-content\/uploads\/2020\/09\/usp3-1.jpg 800w, https:\/\/liviko.eu\/wp-content\/uploads\/2020\/09\/usp3-1-480x480.jpg 480w, https:\/\/liviko.eu\/wp-content\/uploads\/2020\/09\/usp3-1-768x768.jpg 768w\" sizes=\"(max-width: 800px) 100vw, 800px\" \/>                                <\/div>\n                               \n\n                            <div class=\"c-featureBlocks__item-body\">\n                                    <h3 class=\"c-featureBlocks__item-title\"><\/h3>\n                                    <div class=\"t-text\">\n                                        <p><strong>Legendary flavours<\/strong><br \/>\nThe distinctive, slightly spicy flavour of Vana Tallinn Gl\u00f6gg comes from the legendary Vana Tallinn liqueur, of course. You can taste different herbs and flavours, such as cinnamon, star anise, vanilla and a touch of citrus fruit.<\/p>\n                                    <\/div>\n                            <\/div>\n\n                    <\/div>    \n                        \n\n\n                            \n            <\/div>\n            \n                    <div class=\"c-featureBlocks__item\">\n                \n                \n                    <div class=\"c-featureBlocks__item-block\"    >\n\n                                                                                            <div class=\"c-featureBlock__imageContainer\">\n                                <img loading=\"lazy\" decoding=\"async\" width=\"768\" height=\"768\" src=\"https:\/\/liviko.eu\/wp-content\/uploads\/2023\/10\/Glogi_768x768.jpg\" class=\"c-featureBlock__image\" alt=\"\" srcset=\"https:\/\/liviko.eu\/wp-content\/uploads\/2023\/10\/Glogi_768x768.jpg 768w, https:\/\/liviko.eu\/wp-content\/uploads\/2023\/10\/Glogi_768x768-480x480.jpg 480w, https:\/\/liviko.eu\/wp-content\/uploads\/2023\/10\/Glogi_768x768-320x320.jpg 320w, https:\/\/liviko.eu\/wp-content\/uploads\/2023\/10\/Glogi_768x768-603x603.jpg 603w\" sizes=\"(max-width: 768px) 100vw, 768px\" \/>                                <\/div>\n                               \n\n                            <div class=\"c-featureBlocks__item-body\">\n                                    <h3 class=\"c-featureBlocks__item-title\"><\/h3>\n                                    <div class=\"t-text\">\n                                        <p><strong>Bottle design<\/strong><br \/>\nThe tower-shaped bottle of the classic Vana Tallinn liqueur is inspired by the Old Town of Tallinn and depicts the towers of the medieval city wall, which is a UNESCO World Heritage Site. The design of the bottle label is inspired by the crisp Nordic winter evenings, when spicy flavors offer a pleasant way to warm up.<\/p>\n                                    <\/div>\n                            <\/div>\n\n                    <\/div>    \n                        \n\n\n                            \n            <\/div>\n            \n                <div class=\"c-featureBlocks__item c-featureBlocks__item--empty\"><\/div>\n    <div class=\"c-featureBlocks__item c-featureBlocks__item--empty\"><\/div>\n    <\/div>\n<\/div>\n\n\n\n<div id=\"spacer-block_258a025bd48c33ee68d6c19ef83e6ba5\" class=\"c-contentBlock c-spacerContainer\"  data-block-type=\"Spacer\">\n   <hr class=\"  c-spacer c-spacer--size-3 c-spacer--line\" >\n<\/div>\n\n\n\n<div id=\"relatedItems-block_f3420acfac1c959a859c73cf49470831\" class=\" c-contentBlock c-relatedItems\" data-block-type=\"Related items\" >\n   \n            <h2 class=\"c-relatedItems__title \">SIMILAR PRODUCTS<\/h2>\n     \n    <div class=\"c-relatedItems__content\">\n\n\n    \n\n             \n         \n                \n\n            <a class=\"c-relatedItems__item \" href=\"https:\/\/liviko.eu\/en\/liviko-distillery\/vana-tallinn\/\">\n                \n                \n                    <div class=\"c-relatedItems__item-imageContainer\" >\n                        <img loading=\"lazy\" decoding=\"async\" width=\"82\" height=\"320\" src=\"https:\/\/liviko.eu\/wp-content\/uploads\/2020\/10\/vanatallinn.jpg\" class=\"c-relatedItems__item-image\" alt=\"Vana Tallinn\" \/>                    <\/div>\n                    <div class=\"c-relatedItems__item-details\">\n                        <h3 class=\"c-relatedItems__item-title\">Vana Tallinn<\/h3>                                            <\/div>\n                \n            <\/a>\n            \n        \n                \n\n            <a class=\"c-relatedItems__item \" href=\"https:\/\/liviko.eu\/en\/liviko-distillery\/vana-tallinn-cream\/\">\n                \n                \n                    <div class=\"c-relatedItems__item-imageContainer\" >\n                        <img loading=\"lazy\" decoding=\"async\" width=\"116\" height=\"320\" src=\"https:\/\/liviko.eu\/wp-content\/uploads\/2020\/08\/VT-Cream_Original-1.png\" class=\"c-relatedItems__item-image\" alt=\"Vana Tallinn Cream\" srcset=\"https:\/\/liviko.eu\/wp-content\/uploads\/2020\/08\/VT-Cream_Original-1.png 727w, https:\/\/liviko.eu\/wp-content\/uploads\/2020\/08\/VT-Cream_Original-1-334x920.png 334w, https:\/\/liviko.eu\/wp-content\/uploads\/2020\/08\/VT-Cream_Original-1-497x1366.png 497w, https:\/\/liviko.eu\/wp-content\/uploads\/2020\/08\/VT-Cream_Original-1-558x1536.png 558w\" sizes=\"(max-width: 116px) 100vw, 116px\" \/>                    <\/div>\n                    <div class=\"c-relatedItems__item-details\">\n                        <h3 class=\"c-relatedItems__item-title\">Vana Tallinn Cream<\/h3>                                            <\/div>\n                \n            <\/a>\n            \n        \n                \n\n            <a class=\"c-relatedItems__item \" href=\"https:\/\/liviko.eu\/et\/tootmine\/ginger-duke\/\">\n                \n                \n                    <div class=\"c-relatedItems__item-imageContainer\" >\n                        <img loading=\"lazy\" decoding=\"async\" width=\"87\" height=\"320\" src=\"https:\/\/liviko.eu\/wp-content\/uploads\/2020\/08\/Ginger-Duke-750-ml-WEB.png\" class=\"c-relatedItems__item-image\" alt=\"Ginger Duke\" srcset=\"https:\/\/liviko.eu\/wp-content\/uploads\/2020\/08\/Ginger-Duke-750-ml-WEB.png 271w, https:\/\/liviko.eu\/wp-content\/uploads\/2020\/08\/Ginger-Duke-750-ml-WEB-249x920.png 249w\" sizes=\"(max-width: 87px) 100vw, 87px\" \/>                    <\/div>\n                    <div class=\"c-relatedItems__item-details\">\n                        <h3 class=\"c-relatedItems__item-title\">Ginger Duke<\/h3>                                            <\/div>\n                \n            <\/a>\n            \n                <\/div>\n<\/div>\n\n\n\n<p><\/p>\n","protected":false},"excerpt":{"rendered":"","protected":false},"author":1,"featured_media":0,"parent":9,"menu_order":7,"comment_status":"closed","ping_status":"closed","template":"page-templates\/page-product.php","meta":{"_acf_changed":false,"inline_featured_image":false,"_monsterinsights_skip_tracking":false,"_monsterinsights_sitenote_active":false,"_monsterinsights_sitenote_note":"","_monsterinsights_sitenote_category":0,"footnotes":""},"categories":[33],"class_list":["post-329","page","type-page","status-publish","hentry","category-light-alcohol"],"acf":[],"yoast_head":"<!-- This site is optimized with the Yoast SEO plugin v24.0 - https:\/\/yoast.com\/wordpress\/plugins\/seo\/ -->\n<title>Gl\u00f6gg - Liviko<\/title>\n<meta name=\"robots\" content=\"index, follow, max-snippet:-1, max-image-preview:large, max-video-preview:-1\" \/>\n<link rel=\"canonical\" href=\"https:\/\/liviko.eu\/en\/liviko-distillery\/glogg\/\" \/>\n<meta property=\"og:locale\" content=\"en_US\" \/>\n<meta property=\"og:type\" content=\"article\" \/>\n<meta property=\"og:title\" content=\"Gl\u00f6gg - Liviko\" \/>\n<meta property=\"og:url\" content=\"https:\/\/liviko.eu\/en\/liviko-distillery\/glogg\/\" \/>\n<meta property=\"og:site_name\" content=\"Liviko\" \/>\n<meta property=\"article:publisher\" content=\"https:\/\/www.facebook.com\/LivikoDistillery\/\" \/>\n<meta property=\"article:modified_time\" content=\"2023-10-12T12:16:30+00:00\" \/>\n<meta name=\"twitter:card\" content=\"summary_large_image\" \/>\n<script type=\"application\/ld+json\" class=\"yoast-schema-graph\">{\"@context\":\"https:\/\/schema.org\",\"@graph\":[{\"@type\":\"WebPage\",\"@id\":\"https:\/\/liviko.eu\/en\/liviko-distillery\/glogg\/\",\"url\":\"https:\/\/liviko.eu\/en\/liviko-distillery\/glogg\/\",\"name\":\"Gl\u00f6gg - Liviko\",\"isPartOf\":{\"@id\":\"https:\/\/liviko.eu\/en\/#website\"},\"datePublished\":\"2020-07-06T11:56:55+00:00\",\"dateModified\":\"2023-10-12T12:16:30+00:00\",\"breadcrumb\":{\"@id\":\"https:\/\/liviko.eu\/en\/liviko-distillery\/glogg\/#breadcrumb\"},\"inLanguage\":\"en-US\",\"potentialAction\":[{\"@type\":\"ReadAction\",\"target\":[\"https:\/\/liviko.eu\/en\/liviko-distillery\/glogg\/\"]}]},{\"@type\":\"BreadcrumbList\",\"@id\":\"https:\/\/liviko.eu\/en\/liviko-distillery\/glogg\/#breadcrumb\",\"itemListElement\":[{\"@type\":\"ListItem\",\"position\":1,\"name\":\"Home\",\"item\":\"https:\/\/liviko.eu\/en\/\"},{\"@type\":\"ListItem\",\"position\":2,\"name\":\"Liviko distillery\",\"item\":\"https:\/\/liviko.eu\/en\/liviko-distillery\/\"},{\"@type\":\"ListItem\",\"position\":3,\"name\":\"Gl\u00f6gg\"}]},{\"@type\":\"WebSite\",\"@id\":\"https:\/\/liviko.eu\/en\/#website\",\"url\":\"https:\/\/liviko.eu\/en\/\",\"name\":\"Liviko\",\"description\":\"anno 1898\",\"publisher\":{\"@id\":\"https:\/\/liviko.eu\/en\/#organization\"},\"potentialAction\":[{\"@type\":\"SearchAction\",\"target\":{\"@type\":\"EntryPoint\",\"urlTemplate\":\"https:\/\/liviko.eu\/en\/?s={search_term_string}\"},\"query-input\":{\"@type\":\"PropertyValueSpecification\",\"valueRequired\":true,\"valueName\":\"search_term_string\"}}],\"inLanguage\":\"en-US\"},{\"@type\":\"Organization\",\"@id\":\"https:\/\/liviko.eu\/en\/#organization\",\"name\":\"Liviko\",\"url\":\"https:\/\/liviko.eu\/en\/\",\"logo\":{\"@type\":\"ImageObject\",\"inLanguage\":\"en-US\",\"@id\":\"https:\/\/liviko.eu\/en\/#\/schema\/logo\/image\/\",\"url\":\"https:\/\/liviko.eu\/wp-content\/uploads\/2020\/10\/liviko_logo.png\",\"contentUrl\":\"https:\/\/liviko.eu\/wp-content\/uploads\/2020\/10\/liviko_logo.png\",\"width\":515,\"height\":181,\"caption\":\"Liviko\"},\"image\":{\"@id\":\"https:\/\/liviko.eu\/en\/#\/schema\/logo\/image\/\"},\"sameAs\":[\"https:\/\/www.facebook.com\/LivikoDistillery\/\",\"https:\/\/www.instagram.com\/livikodistillery\",\"https:\/\/www.linkedin.com\/company\/liviko\/\",\"https:\/\/www.youtube.com\/channel\/UCnoHr-PaNxBHJO8nMDLVGuA\"]}]}<\/script>\n<!-- \/ Yoast SEO plugin. -->","yoast_head_json":{"title":"Gl\u00f6gg - Liviko","robots":{"index":"index","follow":"follow","max-snippet":"max-snippet:-1","max-image-preview":"max-image-preview:large","max-video-preview":"max-video-preview:-1"},"canonical":"https:\/\/liviko.eu\/en\/liviko-distillery\/glogg\/","og_locale":"en_US","og_type":"article","og_title":"Gl\u00f6gg - Liviko","og_url":"https:\/\/liviko.eu\/en\/liviko-distillery\/glogg\/","og_site_name":"Liviko","article_publisher":"https:\/\/www.facebook.com\/LivikoDistillery\/","article_modified_time":"2023-10-12T12:16:30+00:00","twitter_card":"summary_large_image","schema":{"@context":"https:\/\/schema.org","@graph":[{"@type":"WebPage","@id":"https:\/\/liviko.eu\/en\/liviko-distillery\/glogg\/","url":"https:\/\/liviko.eu\/en\/liviko-distillery\/glogg\/","name":"Gl\u00f6gg - Liviko","isPartOf":{"@id":"https:\/\/liviko.eu\/en\/#website"},"datePublished":"2020-07-06T11:56:55+00:00","dateModified":"2023-10-12T12:16:30+00:00","breadcrumb":{"@id":"https:\/\/liviko.eu\/en\/liviko-distillery\/glogg\/#breadcrumb"},"inLanguage":"en-US","potentialAction":[{"@type":"ReadAction","target":["https:\/\/liviko.eu\/en\/liviko-distillery\/glogg\/"]}]},{"@type":"BreadcrumbList","@id":"https:\/\/liviko.eu\/en\/liviko-distillery\/glogg\/#breadcrumb","itemListElement":[{"@type":"ListItem","position":1,"name":"Home","item":"https:\/\/liviko.eu\/en\/"},{"@type":"ListItem","position":2,"name":"Liviko distillery","item":"https:\/\/liviko.eu\/en\/liviko-distillery\/"},{"@type":"ListItem","position":3,"name":"Gl\u00f6gg"}]},{"@type":"WebSite","@id":"https:\/\/liviko.eu\/en\/#website","url":"https:\/\/liviko.eu\/en\/","name":"Liviko","description":"anno 1898","publisher":{"@id":"https:\/\/liviko.eu\/en\/#organization"},"potentialAction":[{"@type":"SearchAction","target":{"@type":"EntryPoint","urlTemplate":"https:\/\/liviko.eu\/en\/?s={search_term_string}"},"query-input":{"@type":"PropertyValueSpecification","valueRequired":true,"valueName":"search_term_string"}}],"inLanguage":"en-US"},{"@type":"Organization","@id":"https:\/\/liviko.eu\/en\/#organization","name":"Liviko","url":"https:\/\/liviko.eu\/en\/","logo":{"@type":"ImageObject","inLanguage":"en-US","@id":"https:\/\/liviko.eu\/en\/#\/schema\/logo\/image\/","url":"https:\/\/liviko.eu\/wp-content\/uploads\/2020\/10\/liviko_logo.png","contentUrl":"https:\/\/liviko.eu\/wp-content\/uploads\/2020\/10\/liviko_logo.png","width":515,"height":181,"caption":"Liviko"},"image":{"@id":"https:\/\/liviko.eu\/en\/#\/schema\/logo\/image\/"},"sameAs":["https:\/\/www.facebook.com\/LivikoDistillery\/","https:\/\/www.instagram.com\/livikodistillery","https:\/\/www.linkedin.com\/company\/liviko\/","https:\/\/www.youtube.com\/channel\/UCnoHr-PaNxBHJO8nMDLVGuA"]}]}},"_links":{"self":[{"href":"https:\/\/liviko.eu\/en\/wp-json\/wp\/v2\/pages\/329","targetHints":{"allow":["GET"]}}],"collection":[{"href":"https:\/\/liviko.eu\/en\/wp-json\/wp\/v2\/pages"}],"about":[{"href":"https:\/\/liviko.eu\/en\/wp-json\/wp\/v2\/types\/page"}],"author":[{"embeddable":true,"href":"https:\/\/liviko.eu\/en\/wp-json\/wp\/v2\/users\/1"}],"replies":[{"embeddable":true,"href":"https:\/\/liviko.eu\/en\/wp-json\/wp\/v2\/comments?post=329"}],"version-history":[{"count":22,"href":"https:\/\/liviko.eu\/en\/wp-json\/wp\/v2\/pages\/329\/revisions"}],"predecessor-version":[{"id":50400,"href":"https:\/\/liviko.eu\/en\/wp-json\/wp\/v2\/pages\/329\/revisions\/50400"}],"up":[{"embeddable":true,"href":"https:\/\/liviko.eu\/en\/wp-json\/wp\/v2\/pages\/9"}],"wp:attachment":[{"href":"https:\/\/liviko.eu\/en\/wp-json\/wp\/v2\/media?parent=329"}],"wp:term":[{"taxonomy":"category","embeddable":true,"href":"https:\/\/liviko.eu\/en\/wp-json\/wp\/v2\/categories?post=329"}],"curies":[{"name":"wp","href":"https:\/\/api.w.org\/{rel}","templated":true}]}}