{"id":55403,"date":"2025-02-28T08:32:42","date_gmt":"2025-02-28T08:32:42","guid":{"rendered":"https:\/\/liviko.eu\/?page_id=55403"},"modified":"2025-02-28T08:36:03","modified_gmt":"2025-02-28T08:36:03","slug":"tootevalmistjat","status":"publish","type":"page","link":"https:\/\/liviko.eu\/en\/meist\/toota-meiega\/tootevalmistjat\/","title":{"rendered":"Otsime tootevalmistajat"},"content":{"rendered":"<div id=\"pageHeader-block_475078f72d986e21c00a812a2a6e0fb7\" class=\" c-contentBlock c-pageHeader\" data-block-type=\"Page header\">\n                    <h1 class=\"c-pageHeader__title\">Otsime oma meeskonda tootevalmistajat (kupa\u017eeerijat)<\/h1>\n                        \n<\/div>\n<a id=\"page-55403-body\"><\/a>\n\n<div id=\"mediaBlock-block_ba73325f7549e45140405c548b25ac52\" class=\" c-contentBlock c-mediaBlock c-mediaBlock--align-right c-mediaBlock--valign-top c-mediaBlock--size-small c-mediaBlock--imageHeight-normal\" data-block-type=\"Media block\">\n   \n                \n     <div class=\"c-mediaBlock__media\" style=\"\"\">\n        <img fetchpriority=\"high\" decoding=\"async\" width=\"800\" height=\"530\" src=\"https:\/\/liviko.eu\/wp-content\/uploads\/2022\/06\/Kodukale.jpg\" class=\"c-mediaBlock__image\" alt=\"\" srcset=\"https:\/\/liviko.eu\/wp-content\/uploads\/2022\/06\/Kodukale.jpg 800w, https:\/\/liviko.eu\/wp-content\/uploads\/2022\/06\/Kodukale-768x509.jpg 768w, https:\/\/liviko.eu\/wp-content\/uploads\/2022\/06\/Kodukale-483x320.jpg 483w\" sizes=\"(max-width: 800px) 100vw, 800px\" \/>    <\/div>\n     <div class=\"c-mediaBlock__body\">\n                <div class=\"c-mediaBlock__content\">\n            <div class=\"t-text\">\n            <p>Baltikumi \u00fcks suurimaid kvaliteetalkoholi tootjaid ja maaletoojaid<\/p>\n<p>AS LIVIKO otsib oma meeskonda TOOTEVALMISTAJAT (KUPA\u017dEERIJAT)<\/p>\n<p><strong>T\u00f6\u00f6 kirjeldus:<\/strong><\/p>\n<ul>\n<li>Tootekupaa\u017eide valmistamine vastavalt tootmise protsessile<\/li>\n<li>Toorainete tundmine ning toorainete partiide j\u00e4lgimine<\/li>\n<li>T\u00f6\u00f6vahendite ja t\u00f6\u00f6koha korrashoid ning toiduohutuse tagamine<\/li>\n<li>Materjalide kasutamisel arvestuse pidamine ja osalemine inventuuridel<\/li>\n<\/ul>\n<p><strong>Omalt poolt pakume:<\/strong><\/p>\n<ul>\n<li>Huvitavat ja mitmek\u00fclgset t\u00f6\u00f6d<\/li>\n<li>Koolitusi ja t\u00e4iendavat erialast v\u00e4lja\u00f5pet<\/li>\n<li>S\u00f5bralikku ja toetavat meeskonda<\/li>\n<li>Sporditoetust<\/li>\n<li>T\u00f6\u00f6aega esmasp\u00e4evast reedeni 7:00 \u2013 15:30<\/li>\n<\/ul>\n<p><strong>See t\u00f6\u00f6 on Sulle, kui sul on:<\/strong><\/p>\n<ul>\n<li>Kesk- v\u00f5i kesk-eri haridus (soovitavalt erialane)<\/li>\n<li>Eeliseks on eelnev t\u00f6\u00f6kogemus toiduainetet\u00f6\u00f6stuses<\/li>\n<li>Hea eesti keele oskus, vene keele oskus suhtlustasandil<\/li>\n<li>Kiire \u00f5ppimis- ja anal\u00fc\u00fcsiv\u00f5ime, korrektsus, kohusetundlikkus,<\/li>\n<li>hea suhtlemisoskus, ausus ja lojaalsus<\/li>\n<li>Hea f\u00fc\u00fcsiline vorm<\/li>\n<\/ul>\n<p>T\u00f6\u00f6koht Tallinn, Harjumaa t\u00f6\u00f6le asumise aeg: kokkuleppel.<br \/>\nCV saata aadressile personal@liviko.ee v\u00f5i AS Liviko, Masina 11, Tallinn.<\/p>\n<p>Kontakttelefon: 667 8160<\/p>\n            <\/div>\n                            \n        <\/div>\n    <\/div>\n<\/div>\n\n\n<p><\/p>\n","protected":false},"excerpt":{"rendered":"","protected":false},"author":15,"featured_media":0,"parent":233,"menu_order":0,"comment_status":"closed","ping_status":"closed","template":"","meta":{"_acf_changed":false,"inline_featured_image":false,"_monsterinsights_skip_tracking":false,"_monsterinsights_sitenote_active":false,"_monsterinsights_sitenote_note":"","_monsterinsights_sitenote_category":0,"footnotes":""},"categories":[],"class_list":["post-55403","page","type-page","status-publish","hentry"],"acf":[],"yoast_head":"<!-- This site is optimized with the Yoast SEO plugin v24.0 - https:\/\/yoast.com\/wordpress\/plugins\/seo\/ -->\n<title>Otsime tootevalmistajat - Liviko<\/title>\n<meta name=\"robots\" content=\"index, follow, max-snippet:-1, max-image-preview:large, max-video-preview:-1\" \/>\n<link rel=\"canonical\" href=\"https:\/\/liviko.eu\/en\/meist\/toota-meiega\/tootevalmistjat\/\" \/>\n<meta property=\"og:locale\" content=\"en_US\" \/>\n<meta property=\"og:type\" content=\"article\" \/>\n<meta property=\"og:title\" content=\"Otsime tootevalmistajat - Liviko\" \/>\n<meta property=\"og:url\" content=\"https:\/\/liviko.eu\/en\/meist\/toota-meiega\/tootevalmistjat\/\" \/>\n<meta property=\"og:site_name\" content=\"Liviko\" \/>\n<meta property=\"article:publisher\" content=\"https:\/\/www.facebook.com\/LivikoDistillery\/\" \/>\n<meta property=\"article:modified_time\" content=\"2025-02-28T08:36:03+00:00\" \/>\n<meta name=\"twitter:card\" content=\"summary_large_image\" \/>\n<script type=\"application\/ld+json\" class=\"yoast-schema-graph\">{\"@context\":\"https:\/\/schema.org\",\"@graph\":[{\"@type\":\"WebPage\",\"@id\":\"https:\/\/liviko.eu\/en\/meist\/toota-meiega\/tootevalmistjat\/\",\"url\":\"https:\/\/liviko.eu\/en\/meist\/toota-meiega\/tootevalmistjat\/\",\"name\":\"Otsime tootevalmistajat - Liviko\",\"isPartOf\":{\"@id\":\"https:\/\/liviko.eu\/en\/#website\"},\"datePublished\":\"2025-02-28T08:32:42+00:00\",\"dateModified\":\"2025-02-28T08:36:03+00:00\",\"breadcrumb\":{\"@id\":\"https:\/\/liviko.eu\/en\/meist\/toota-meiega\/tootevalmistjat\/#breadcrumb\"},\"inLanguage\":\"en-US\",\"potentialAction\":[{\"@type\":\"ReadAction\",\"target\":[\"https:\/\/liviko.eu\/en\/meist\/toota-meiega\/tootevalmistjat\/\"]}]},{\"@type\":\"BreadcrumbList\",\"@id\":\"https:\/\/liviko.eu\/en\/meist\/toota-meiega\/tootevalmistjat\/#breadcrumb\",\"itemListElement\":[{\"@type\":\"ListItem\",\"position\":1,\"name\":\"Home\",\"item\":\"https:\/\/liviko.eu\/en\/\"},{\"@type\":\"ListItem\",\"position\":2,\"name\":\"Meist\",\"item\":\"https:\/\/liviko.eu\/en\/meist\/\"},{\"@type\":\"ListItem\",\"position\":3,\"name\":\"T\u00f6\u00f6ta meiega\",\"item\":\"https:\/\/liviko.eu\/en\/meist\/toota-meiega\/\"},{\"@type\":\"ListItem\",\"position\":4,\"name\":\"Otsime tootevalmistajat\"}]},{\"@type\":\"WebSite\",\"@id\":\"https:\/\/liviko.eu\/en\/#website\",\"url\":\"https:\/\/liviko.eu\/en\/\",\"name\":\"Liviko\",\"description\":\"anno 1898\",\"publisher\":{\"@id\":\"https:\/\/liviko.eu\/en\/#organization\"},\"potentialAction\":[{\"@type\":\"SearchAction\",\"target\":{\"@type\":\"EntryPoint\",\"urlTemplate\":\"https:\/\/liviko.eu\/en\/?s={search_term_string}\"},\"query-input\":{\"@type\":\"PropertyValueSpecification\",\"valueRequired\":true,\"valueName\":\"search_term_string\"}}],\"inLanguage\":\"en-US\"},{\"@type\":\"Organization\",\"@id\":\"https:\/\/liviko.eu\/en\/#organization\",\"name\":\"Liviko\",\"url\":\"https:\/\/liviko.eu\/en\/\",\"logo\":{\"@type\":\"ImageObject\",\"inLanguage\":\"en-US\",\"@id\":\"https:\/\/liviko.eu\/en\/#\/schema\/logo\/image\/\",\"url\":\"https:\/\/liviko.eu\/wp-content\/uploads\/2020\/10\/liviko_logo.png\",\"contentUrl\":\"https:\/\/liviko.eu\/wp-content\/uploads\/2020\/10\/liviko_logo.png\",\"width\":515,\"height\":181,\"caption\":\"Liviko\"},\"image\":{\"@id\":\"https:\/\/liviko.eu\/en\/#\/schema\/logo\/image\/\"},\"sameAs\":[\"https:\/\/www.facebook.com\/LivikoDistillery\/\",\"https:\/\/www.instagram.com\/livikodistillery\",\"https:\/\/www.linkedin.com\/company\/liviko\/\",\"https:\/\/www.youtube.com\/channel\/UCnoHr-PaNxBHJO8nMDLVGuA\"]}]}<\/script>\n<!-- \/ Yoast SEO plugin. -->","yoast_head_json":{"title":"Otsime tootevalmistajat - Liviko","robots":{"index":"index","follow":"follow","max-snippet":"max-snippet:-1","max-image-preview":"max-image-preview:large","max-video-preview":"max-video-preview:-1"},"canonical":"https:\/\/liviko.eu\/en\/meist\/toota-meiega\/tootevalmistjat\/","og_locale":"en_US","og_type":"article","og_title":"Otsime tootevalmistajat - Liviko","og_url":"https:\/\/liviko.eu\/en\/meist\/toota-meiega\/tootevalmistjat\/","og_site_name":"Liviko","article_publisher":"https:\/\/www.facebook.com\/LivikoDistillery\/","article_modified_time":"2025-02-28T08:36:03+00:00","twitter_card":"summary_large_image","schema":{"@context":"https:\/\/schema.org","@graph":[{"@type":"WebPage","@id":"https:\/\/liviko.eu\/en\/meist\/toota-meiega\/tootevalmistjat\/","url":"https:\/\/liviko.eu\/en\/meist\/toota-meiega\/tootevalmistjat\/","name":"Otsime tootevalmistajat - Liviko","isPartOf":{"@id":"https:\/\/liviko.eu\/en\/#website"},"datePublished":"2025-02-28T08:32:42+00:00","dateModified":"2025-02-28T08:36:03+00:00","breadcrumb":{"@id":"https:\/\/liviko.eu\/en\/meist\/toota-meiega\/tootevalmistjat\/#breadcrumb"},"inLanguage":"en-US","potentialAction":[{"@type":"ReadAction","target":["https:\/\/liviko.eu\/en\/meist\/toota-meiega\/tootevalmistjat\/"]}]},{"@type":"BreadcrumbList","@id":"https:\/\/liviko.eu\/en\/meist\/toota-meiega\/tootevalmistjat\/#breadcrumb","itemListElement":[{"@type":"ListItem","position":1,"name":"Home","item":"https:\/\/liviko.eu\/en\/"},{"@type":"ListItem","position":2,"name":"Meist","item":"https:\/\/liviko.eu\/en\/meist\/"},{"@type":"ListItem","position":3,"name":"T\u00f6\u00f6ta meiega","item":"https:\/\/liviko.eu\/en\/meist\/toota-meiega\/"},{"@type":"ListItem","position":4,"name":"Otsime tootevalmistajat"}]},{"@type":"WebSite","@id":"https:\/\/liviko.eu\/en\/#website","url":"https:\/\/liviko.eu\/en\/","name":"Liviko","description":"anno 1898","publisher":{"@id":"https:\/\/liviko.eu\/en\/#organization"},"potentialAction":[{"@type":"SearchAction","target":{"@type":"EntryPoint","urlTemplate":"https:\/\/liviko.eu\/en\/?s={search_term_string}"},"query-input":{"@type":"PropertyValueSpecification","valueRequired":true,"valueName":"search_term_string"}}],"inLanguage":"en-US"},{"@type":"Organization","@id":"https:\/\/liviko.eu\/en\/#organization","name":"Liviko","url":"https:\/\/liviko.eu\/en\/","logo":{"@type":"ImageObject","inLanguage":"en-US","@id":"https:\/\/liviko.eu\/en\/#\/schema\/logo\/image\/","url":"https:\/\/liviko.eu\/wp-content\/uploads\/2020\/10\/liviko_logo.png","contentUrl":"https:\/\/liviko.eu\/wp-content\/uploads\/2020\/10\/liviko_logo.png","width":515,"height":181,"caption":"Liviko"},"image":{"@id":"https:\/\/liviko.eu\/en\/#\/schema\/logo\/image\/"},"sameAs":["https:\/\/www.facebook.com\/LivikoDistillery\/","https:\/\/www.instagram.com\/livikodistillery","https:\/\/www.linkedin.com\/company\/liviko\/","https:\/\/www.youtube.com\/channel\/UCnoHr-PaNxBHJO8nMDLVGuA"]}]}},"_links":{"self":[{"href":"https:\/\/liviko.eu\/en\/wp-json\/wp\/v2\/pages\/55403","targetHints":{"allow":["GET"]}}],"collection":[{"href":"https:\/\/liviko.eu\/en\/wp-json\/wp\/v2\/pages"}],"about":[{"href":"https:\/\/liviko.eu\/en\/wp-json\/wp\/v2\/types\/page"}],"author":[{"embeddable":true,"href":"https:\/\/liviko.eu\/en\/wp-json\/wp\/v2\/users\/15"}],"replies":[{"embeddable":true,"href":"https:\/\/liviko.eu\/en\/wp-json\/wp\/v2\/comments?post=55403"}],"version-history":[{"count":1,"href":"https:\/\/liviko.eu\/en\/wp-json\/wp\/v2\/pages\/55403\/revisions"}],"predecessor-version":[{"id":55407,"href":"https:\/\/liviko.eu\/en\/wp-json\/wp\/v2\/pages\/55403\/revisions\/55407"}],"up":[{"embeddable":true,"href":"https:\/\/liviko.eu\/en\/wp-json\/wp\/v2\/pages\/233"}],"wp:attachment":[{"href":"https:\/\/liviko.eu\/en\/wp-json\/wp\/v2\/media?parent=55403"}],"wp:term":[{"taxonomy":"category","embeddable":true,"href":"https:\/\/liviko.eu\/en\/wp-json\/wp\/v2\/categories?post=55403"}],"curies":[{"name":"wp","href":"https:\/\/api.w.org\/{rel}","templated":true}]}}