{"id":55421,"date":"2025-02-28T08:44:02","date_gmt":"2025-02-28T08:44:02","guid":{"rendered":"https:\/\/liviko.eu\/?page_id=55421"},"modified":"2025-02-28T08:44:03","modified_gmt":"2025-02-28T08:44:03","slug":"toota-meiega-2","status":"publish","type":"page","link":"https:\/\/liviko.eu\/en\/meist\/toota-meiega-2\/","title":{"rendered":"T\u00f6\u00f6ta meiega"},"content":{"rendered":"<div id=\"pageHeader-block_0599b75e51d11c7c43c2792e85c39de4\" class=\" c-contentBlock c-pageHeader\" data-block-type=\"Page header\">\n                    <h1 class=\"c-pageHeader__title\">Liviko karj\u00e4\u00e4riv\u00f5imalused<\/h1>\n                            <div class=\"c-pageHeader__text t-text\"><p>Soovid kaasa r\u00e4\u00e4kida Eesti tuntumate kaubam\u00e4rkide kujundamisel? Sul on sisu, et luua maailmas l\u00e4bil\u00f6\u00f6giv\u00f5imelisi jooke? Sul on oskused ja teadmised, mis aitavad esindada maailma tuntumaid kaubam\u00e4rke Baltimaades? Kui tootmine, rahvusvaheline m\u00fc\u00fck, turundus v\u00f5i toidu- ja joogitehnoloogia on Sinu tugevus, oled oodatud liituma meie meeskonnaga! Liviko annab v\u00f5imaluse erialaseks eneseteostuseks. Meiega koos oled heas seltskonnas!<\/p>\n<\/div>\n                \n<\/div>\n<a id=\"page-55421-body\"><\/a>\n\n\n<div id=\"spacer-block_7300452be37cd22eac3ddb803ac6279f\" class=\"c-contentBlock c-spacerContainer\"  data-block-type=\"Spacer\">\n   <hr class=\"  c-spacer c-spacer--size-3 c-spacer--line\" >\n<\/div>\n\n\n<div id=\"pageHeader-block_6e39662283133127dd52fef8994b4a4b\" class=\" c-contentBlock c-pageHeader\" data-block-type=\"Page header\">\n                    <h1 class=\"c-pageHeader__title\">T\u00f6\u00f6ta meiega<\/h1>\n                            <div class=\"c-pageHeader__text t-text\"><p>S\u00f5bralikkus, lahendustele avatus ja vastastikku lugupidavad suhted nii kolleegide kui ka partneritega on Liviko k\u00f5rge usaldusv\u00e4\u00e4rsuse nurgakivi. Uuele avatus ja v\u00e4\u00e4rt traditsioonide j\u00e4tkamine innustab ja toetab meie meeskonna liikmeid professionaalses arengus.<\/p>\n<\/div>\n                        <div class=\"c-pageHeader__tools\">\n        \t<a href=\"#page-55421-body\" class=\"c-pageHeader__scrollButton js-scrollTo\">\n        \t\t<span class=\"visuallyhidden\">Scroll to content<\/span>\n                <span class=\"icon-down\"><\/span>\n        \t<\/a>\n        <\/div>\n        \n<\/div>\n<a id=\"page-55421-body\"><\/a>\n\n<div id=\"mediaBlock-block_625630962288d736839a6a598c7f3dd0\" class=\" c-contentBlock c-mediaBlock c-mediaBlock--align-left c-mediaBlock--valign-center c-mediaBlock--size-regular c-mediaBlock--imageHeight-normal\" data-block-type=\"Media block\">\n   \n                \n     <div class=\"c-mediaBlock__media\" style=\"\"\">\n        <img fetchpriority=\"high\" decoding=\"async\" width=\"1366\" height=\"911\" src=\"https:\/\/liviko.eu\/wp-content\/uploads\/2020\/08\/0A6B2675-1366x911.jpg\" class=\"c-mediaBlock__image\" alt=\"Tootevalmistaja (kupa\u017eeerija)\" srcset=\"https:\/\/liviko.eu\/wp-content\/uploads\/2020\/08\/0A6B2675-1366x911.jpg 1366w, https:\/\/liviko.eu\/wp-content\/uploads\/2020\/08\/0A6B2675-920x613.jpg 920w, https:\/\/liviko.eu\/wp-content\/uploads\/2020\/08\/0A6B2675-768x512.jpg 768w, https:\/\/liviko.eu\/wp-content\/uploads\/2020\/08\/0A6B2675.jpg 1500w\" sizes=\"(max-width: 1366px) 100vw, 1366px\" \/>    <\/div>\n     <div class=\"c-mediaBlock__body\">\n                    <h2 class=\"c-mediaBlock__title\">Tootevalmistaja (kupa\u017eeerija)<\/h2>\n                <div class=\"c-mediaBlock__content\">\n            <div class=\"t-text\">\n            <p>Baltikumi \u00fcks suurimaid kvaliteetalkoholi\u00a0 tootjaid ja maaletoojaid AS Liviko ootab oma meeskonnaga liituma tootevalmistajat.<\/p>\n            <\/div>\n                                <div class=\"c-mediaBlock__buttons\">\n                                                         <a href=\"https:\/\/liviko.eu\/en\/meist\/toota-meiega\/tootevalmistjat\/\" class=\"b-default\">Vaata kuulutust<\/a>\n                    \n                                <\/div>\n                        \n        <\/div>\n    <\/div>\n<\/div>\n\n<div id=\"https:\/\/liviko.eu\/et\/meist\/toota-meiega\/otsime-horeca-muugiesindajat\/\" class=\" c-contentBlock c-mediaBlock c-mediaBlock--align-left c-mediaBlock--valign-center c-mediaBlock--size-regular c-mediaBlock--imageHeight-normal\" data-block-type=\"Media block\">\n   \n                \n     <div class=\"c-mediaBlock__media\" style=\"\"\">\n        <img decoding=\"async\" width=\"800\" height=\"530\" src=\"https:\/\/liviko.eu\/wp-content\/uploads\/2024\/02\/Kodukale.jpg\" class=\"c-mediaBlock__image\" alt=\"Horeca m\u00fc\u00fcgiesindaja\" srcset=\"https:\/\/liviko.eu\/wp-content\/uploads\/2024\/02\/Kodukale.jpg 800w, https:\/\/liviko.eu\/wp-content\/uploads\/2024\/02\/Kodukale-768x509.jpg 768w, https:\/\/liviko.eu\/wp-content\/uploads\/2024\/02\/Kodukale-483x320.jpg 483w\" sizes=\"(max-width: 800px) 100vw, 800px\" \/>    <\/div>\n     <div class=\"c-mediaBlock__body\">\n                    <h2 class=\"c-mediaBlock__title\">Horeca m\u00fc\u00fcgiesindaja<\/h2>\n                <div class=\"c-mediaBlock__content\">\n            <div class=\"t-text\">\n            <p>Baltikumi \u00fcks suurimaid kvaliteetalkoholi\u00a0 tootjaid ja maaletoojaid AS Liviko ootab oma meeskonnaga liituma Horeca m\u00fc\u00fcgiesindajat<strong>.<\/strong><\/p>\n            <\/div>\n                                <div class=\"c-mediaBlock__buttons\">\n                                                         <a href=\"https:\/\/liviko.eu\/et\/meist\/toota-meiega\/otsime-horeca-muugiesindajat\/\" class=\"b-default\">Vaata kuulutust<\/a>\n                    \n                                <\/div>\n                        \n        <\/div>\n    <\/div>\n<\/div>\n\n\n<div id=\"spacer-block_e6851597f7df77267e56f025d81b02ea\" class=\"c-contentBlock c-spacerContainer\"  data-block-type=\"Spacer\">\n   <hr class=\"  c-spacer c-spacer--align-left c-spacer--size-3 c-spacer--line\" >\n<\/div>\n\n\n<div id=\"mediaBlock-block_a1e83a8327857154d55ddea8e57161d8\" class=\" c-contentBlock c-mediaBlock c-mediaBlock--align-right c-mediaBlock--valign-center c-mediaBlock--size-regular c-mediaBlock--imageHeight-normal\" data-block-type=\"Media block\">\n   \n                \n     <div class=\"c-mediaBlock__media\" style=\"\"\">\n        <img decoding=\"async\" width=\"768\" height=\"509\" src=\"https:\/\/liviko.eu\/wp-content\/uploads\/2023\/06\/Hanna_toota-meiega-768x509-1.png\" class=\"c-mediaBlock__image\" alt=\"JOOGIARHITEKT HANNA KAUR\" srcset=\"https:\/\/liviko.eu\/wp-content\/uploads\/2023\/06\/Hanna_toota-meiega-768x509-1.png 768w, https:\/\/liviko.eu\/wp-content\/uploads\/2023\/06\/Hanna_toota-meiega-768x509-1-483x320.png 483w\" sizes=\"(max-width: 768px) 100vw, 768px\" \/>    <\/div>\n     <div class=\"c-mediaBlock__body\">\n                    <h2 class=\"c-mediaBlock__title\">JOOGIARHITEKT HANNA KAUR<\/h2>\n                <div class=\"c-mediaBlock__content\">\n            <div class=\"t-text\">\n            <p>Kui Hanna Kaur Livikosse t\u00f6\u00f6le tuli, leidis ta eest legendaarsete lik\u00f6\u00f6rimeistrite hoolega talletatud teadmised ja kogemused, mis rikastasid meeli ja pakkusid inspiratsiooni joogiarhitektiks t\u00f5usmise teel. Liviko joogiarhitekt Hanna Kaur loob uusi jooke, kuid lahendab ka insenertehnilisi k\u00fcsimusi, kuidas neid jooke tootmises valmistada. Hanna joogiarhitekti portfoolios on t\u00e4htsal kohal Crafter\u2019si k\u00e4sit\u00f6\u00f6d\u017einnid, milleks ta ammutas inspiratsiooni lapsep\u00f5lve suvedest ja koduk\u00f6\u00f6gist.<\/p>\n<p>Liviko on Hanna esimene t\u00f6\u00f6koht. Suure osa t\u00f6\u00f6elust on ta selle enam kui 15 aasta jooksul veetnud laboris, viimastel aastatel aga \u00fcha rohkem metsades ja aasadel, Eesti loodusest uusi maitseid ja l\u00f5hnu otsides. Hanna jaoks on t\u00f6\u00f6 ja hobi \u00fchendatud. Looduslapsena ammutab ta ideid koduses Viimsi rannak\u00fclas ja jalutusk\u00e4ikudel metsades.<\/p>\n<p>&nbsp;<\/p>\n            <\/div>\n                            \n        <\/div>\n    <\/div>\n<\/div>\n\n<div id=\"mediaBlock-block_81531bad07eec280d69d236a21cb0e0c\" class=\" c-contentBlock c-mediaBlock c-mediaBlock--align-left c-mediaBlock--valign-center c-mediaBlock--size-regular c-mediaBlock--imageHeight-normal\" data-block-type=\"Media block\">\n   \n                \n     <div class=\"c-mediaBlock__media\" style=\"\"\">\n        <img loading=\"lazy\" decoding=\"async\" width=\"800\" height=\"530\" src=\"https:\/\/liviko.eu\/wp-content\/uploads\/2020\/09\/Urvo_vein.jpg\" class=\"c-mediaBlock__image\" alt=\"SOMMELJEE URVO UGANDI\" srcset=\"https:\/\/liviko.eu\/wp-content\/uploads\/2020\/09\/Urvo_vein.jpg 800w, https:\/\/liviko.eu\/wp-content\/uploads\/2020\/09\/Urvo_vein-768x509.jpg 768w\" sizes=\"(max-width: 800px) 100vw, 800px\" \/>    <\/div>\n     <div class=\"c-mediaBlock__body\">\n                    <h2 class=\"c-mediaBlock__title\">SOMMELJEE URVO UGANDI<\/h2>\n                <div class=\"c-mediaBlock__content\">\n            <div class=\"t-text\">\n            <p>Urvo on esimesena Eestist saavutanud Rahvusvahelise Sommeljeede Assotsiatsiooni kuldtaseme sertifikaadi \u2013 tunnistuse tema k\u00f5rgetasemelistest erialastest teadmistest ja oskustest. \u201eUrvo saavutatud kuldtase n\u00e4itab Eesti sommeljeede k\u00f5rget professionaalsust. Hinnatud koolitaja ja \u00f5ppej\u00f5una jagab ta oma esmaklassilisi teadmisi muhedalt ja sarmikalt ka teiste sommeljeedega,\u201c r\u00e4\u00e4gib Eesti Sommeljeede Assotsiatsiooni president Kristjan Markii.<\/p>\n<p>Esimese Baltimaade sommeljeev\u00f5istluse \u201eVana Tallinn Grand Prix\u201c v\u00f5itjana on Urvo n\u00fc\u00fcd juba aastaid ise selle v\u00f5istluse peakorraldaja. Rahvusvaheliste v\u00f5istluskogemustega meistersommeljeena on tal t\u00e4htis roll k\u00f5igi Liviko uute jookide v\u00e4ljat\u00f6\u00f6tamisel ja impordiportfelli kujundamisel.<\/p>\n            <\/div>\n                            \n        <\/div>\n    <\/div>\n<\/div>\n\n<div id=\"mediaBlock-block_8bcf3754921d8b2e6071721c5032218c\" class=\" c-contentBlock c-mediaBlock c-mediaBlock--align-right c-mediaBlock--valign-center c-mediaBlock--size-regular c-mediaBlock--imageHeight-normal\" data-block-type=\"Media block\">\n   \n                \n     <div class=\"c-mediaBlock__media\" style=\"\"\">\n        <img loading=\"lazy\" decoding=\"async\" width=\"800\" height=\"530\" src=\"https:\/\/liviko.eu\/wp-content\/uploads\/2021\/03\/Aigars_1-LV-kodukale_800x530px.png\" class=\"c-mediaBlock__image\" alt=\"VEINIDE TOOTEGRUPIJUHT, SOMMELJEE AIGARS LUKSTINS \" srcset=\"https:\/\/liviko.eu\/wp-content\/uploads\/2021\/03\/Aigars_1-LV-kodukale_800x530px.png 800w, https:\/\/liviko.eu\/wp-content\/uploads\/2021\/03\/Aigars_1-LV-kodukale_800x530px-768x509.png 768w, https:\/\/liviko.eu\/wp-content\/uploads\/2021\/03\/Aigars_1-LV-kodukale_800x530px-483x320.png 483w\" sizes=\"(max-width: 800px) 100vw, 800px\" \/>    <\/div>\n     <div class=\"c-mediaBlock__body\">\n                    <h2 class=\"c-mediaBlock__title\">VEINIDE TOOTEGRUPIJUHT, SOMMELJEE AIGARS LUKSTINS <\/h2>\n                <div class=\"c-mediaBlock__content\">\n            <div class=\"t-text\">\n            <p>\u201eMinu elu veinimaailmas algas enam kui 20 aasta eest, kui alustasin t\u00f6\u00f6d HoReCa sektoris. Olen t\u00f6\u00f6tanud baarmeni ja sommeljeena nii L\u00e4tis kui ka Venemaal. Alates 2010. aastast olen Liviko meeskonnas. Minu t\u00f6\u00f6elu on teinud p\u00f5nevaks pidev eneset\u00e4iendamine, n\u00e4iteks olen l\u00f5petanud erialase WSET (<em>Wine and Spirit Education <\/em><em>Trust<\/em>) programmi. Mul on olnud v\u00f5imalus osaleda nii L\u00e4ti kui ka Baltimaade sommeljeev\u00f5istluste \u017e\u00fcriis ja kirjutada L\u00e4ti ajakirjanduses veinikolumne,\u201c r\u00e4\u00e4gib Aigars.<\/p>\n<p>\u201eTunnen r\u00f5\u00f5mu selle \u00fcle, et minu hoole all on Livikos suurep\u00e4rane veiniportfell ja saan koost\u00f6\u00f6d teha nii veinihuviliste kui ka valdkonna ekspertidega.<\/p>\n            <\/div>\n                            \n        <\/div>\n    <\/div>\n<\/div>\n\n<div id=\"mediaBlock-block_5da29934ad71f71cb4ee5e7c5d3fcebf\" class=\" c-contentBlock c-mediaBlock c-mediaBlock--align-left c-mediaBlock--valign-center c-mediaBlock--size-regular c-mediaBlock--imageHeight-normal\" data-block-type=\"Media block\">\n   \n                \n     <div class=\"c-mediaBlock__media\" style=\"\"\">\n        <img loading=\"lazy\" decoding=\"async\" width=\"1366\" height=\"911\" src=\"https:\/\/liviko.eu\/wp-content\/uploads\/2021\/03\/Eduard_1-LV-1366x911.jpg\" class=\"c-mediaBlock__image\" alt=\"BRAND AMBASSADOR EDUARD TROFIMCHUK\" srcset=\"https:\/\/liviko.eu\/wp-content\/uploads\/2021\/03\/Eduard_1-LV-1366x911.jpg 1366w, https:\/\/liviko.eu\/wp-content\/uploads\/2021\/03\/Eduard_1-LV-920x613.jpg 920w, https:\/\/liviko.eu\/wp-content\/uploads\/2021\/03\/Eduard_1-LV-768x512.jpg 768w, https:\/\/liviko.eu\/wp-content\/uploads\/2021\/03\/Eduard_1-LV-1536x1024.jpg 1536w, https:\/\/liviko.eu\/wp-content\/uploads\/2021\/03\/Eduard_1-LV-2048x1365.jpg 2048w, https:\/\/liviko.eu\/wp-content\/uploads\/2021\/03\/Eduard_1-LV-480x320.jpg 480w\" sizes=\"(max-width: 1366px) 100vw, 1366px\" \/>    <\/div>\n     <div class=\"c-mediaBlock__body\">\n                    <h2 class=\"c-mediaBlock__title\">BRAND AMBASSADOR EDUARD TROFIMCHUK<\/h2>\n                <div class=\"c-mediaBlock__content\">\n            <div class=\"t-text\">\n            <p>Eduard avastas enda jaoks kokteilimaailma, kui proovis esimesel kokteilikoolitusel t\u00e4iuslikult valmistatud klassikalist Daiquirit. \u201eSee kogemus inspireeris mind \u00f5ppima k\u00f5ike, mida kokteilide kohta leidsin!\u201c r\u00e4\u00e4gib Eduard.<\/p>\n<p>Lisaks pidevale eneset\u00e4iendamisele pani ta end proovile mitmesugustel kokteiliv\u00f5istlustel. \u201eMinu jaoks oli elumuutev kogemus Bacardi Legacy kokteilisv\u00f5istlusel \u00fclemaailmsesse finaali p\u00e4\u00e4semine. P\u00e4rast seda hakati mind erinevatesse kokteilibaaridesse ja restoranidesse t\u00f6\u00f6le kutsuma. Kutseid tuli nii kodu- kui ka v\u00e4lismaale,\u201c lisab Eduard.<\/p>\n<p>\u201eTulin tagasi L\u00e4tti, et alustada Liviko br\u00e4ndisaadikuna uut p\u00f5nevat peat\u00fckki oma erialasel teekonnal. Kolme aastaga olen \u00f5ppinud jookide ja kokteilide kohta palju sellist, milleni ma ilmselt omal k\u00e4el ilma Liviko meeskonnata kunagi j\u00f5udnud ei oleks,\u201c r\u00e4\u00e4gib Eduard.<\/p>\n<p>\u201e<em>Brand ambassador<\/em>\u2019i t\u00f6\u00f6 juures k\u00f6idab mind enim d\u00fcnaamilisus ja loovus. Koos \u00f5ige meeskonnaga on see ilmselt maailma parim t\u00f6\u00f6!\u201c<\/p>\n            <\/div>\n                            \n        <\/div>\n    <\/div>\n<\/div>\n\n\n<p><\/p>\n","protected":false},"excerpt":{"rendered":"","protected":false},"author":15,"featured_media":0,"parent":176,"menu_order":4,"comment_status":"closed","ping_status":"closed","template":"","meta":{"_acf_changed":false,"inline_featured_image":false,"_monsterinsights_skip_tracking":false,"_monsterinsights_sitenote_active":false,"_monsterinsights_sitenote_note":"","_monsterinsights_sitenote_category":0,"footnotes":""},"categories":[],"class_list":["post-55421","page","type-page","status-publish","hentry"],"acf":[],"yoast_head":"<!-- This site is optimized with the Yoast SEO plugin v24.0 - https:\/\/yoast.com\/wordpress\/plugins\/seo\/ -->\n<title>T\u00f6\u00f6ta meiega - Liviko<\/title>\n<meta name=\"robots\" content=\"index, follow, max-snippet:-1, max-image-preview:large, max-video-preview:-1\" \/>\n<link rel=\"canonical\" href=\"https:\/\/liviko.eu\/en\/meist\/toota-meiega-2\/\" \/>\n<meta property=\"og:locale\" content=\"en_US\" \/>\n<meta property=\"og:type\" content=\"article\" \/>\n<meta property=\"og:title\" content=\"T\u00f6\u00f6ta meiega - Liviko\" \/>\n<meta property=\"og:url\" content=\"https:\/\/liviko.eu\/en\/meist\/toota-meiega-2\/\" \/>\n<meta property=\"og:site_name\" content=\"Liviko\" \/>\n<meta property=\"article:publisher\" content=\"https:\/\/www.facebook.com\/LivikoDistillery\/\" \/>\n<meta property=\"article:modified_time\" content=\"2025-02-28T08:44:03+00:00\" \/>\n<meta name=\"twitter:card\" content=\"summary_large_image\" \/>\n<script type=\"application\/ld+json\" class=\"yoast-schema-graph\">{\"@context\":\"https:\/\/schema.org\",\"@graph\":[{\"@type\":\"WebPage\",\"@id\":\"https:\/\/liviko.eu\/en\/meist\/toota-meiega-2\/\",\"url\":\"https:\/\/liviko.eu\/en\/meist\/toota-meiega-2\/\",\"name\":\"T\u00f6\u00f6ta meiega - Liviko\",\"isPartOf\":{\"@id\":\"https:\/\/liviko.eu\/en\/#website\"},\"datePublished\":\"2025-02-28T08:44:02+00:00\",\"dateModified\":\"2025-02-28T08:44:03+00:00\",\"breadcrumb\":{\"@id\":\"https:\/\/liviko.eu\/en\/meist\/toota-meiega-2\/#breadcrumb\"},\"inLanguage\":\"en-US\",\"potentialAction\":[{\"@type\":\"ReadAction\",\"target\":[\"https:\/\/liviko.eu\/en\/meist\/toota-meiega-2\/\"]}]},{\"@type\":\"BreadcrumbList\",\"@id\":\"https:\/\/liviko.eu\/en\/meist\/toota-meiega-2\/#breadcrumb\",\"itemListElement\":[{\"@type\":\"ListItem\",\"position\":1,\"name\":\"Home\",\"item\":\"https:\/\/liviko.eu\/en\/\"},{\"@type\":\"ListItem\",\"position\":2,\"name\":\"Meist\",\"item\":\"https:\/\/liviko.eu\/en\/meist\/\"},{\"@type\":\"ListItem\",\"position\":3,\"name\":\"T\u00f6\u00f6ta meiega\"}]},{\"@type\":\"WebSite\",\"@id\":\"https:\/\/liviko.eu\/en\/#website\",\"url\":\"https:\/\/liviko.eu\/en\/\",\"name\":\"Liviko\",\"description\":\"anno 1898\",\"publisher\":{\"@id\":\"https:\/\/liviko.eu\/en\/#organization\"},\"potentialAction\":[{\"@type\":\"SearchAction\",\"target\":{\"@type\":\"EntryPoint\",\"urlTemplate\":\"https:\/\/liviko.eu\/en\/?s={search_term_string}\"},\"query-input\":{\"@type\":\"PropertyValueSpecification\",\"valueRequired\":true,\"valueName\":\"search_term_string\"}}],\"inLanguage\":\"en-US\"},{\"@type\":\"Organization\",\"@id\":\"https:\/\/liviko.eu\/en\/#organization\",\"name\":\"Liviko\",\"url\":\"https:\/\/liviko.eu\/en\/\",\"logo\":{\"@type\":\"ImageObject\",\"inLanguage\":\"en-US\",\"@id\":\"https:\/\/liviko.eu\/en\/#\/schema\/logo\/image\/\",\"url\":\"https:\/\/liviko.eu\/wp-content\/uploads\/2020\/10\/liviko_logo.png\",\"contentUrl\":\"https:\/\/liviko.eu\/wp-content\/uploads\/2020\/10\/liviko_logo.png\",\"width\":515,\"height\":181,\"caption\":\"Liviko\"},\"image\":{\"@id\":\"https:\/\/liviko.eu\/en\/#\/schema\/logo\/image\/\"},\"sameAs\":[\"https:\/\/www.facebook.com\/LivikoDistillery\/\",\"https:\/\/www.instagram.com\/livikodistillery\",\"https:\/\/www.linkedin.com\/company\/liviko\/\",\"https:\/\/www.youtube.com\/channel\/UCnoHr-PaNxBHJO8nMDLVGuA\"]}]}<\/script>\n<!-- \/ Yoast SEO plugin. -->","yoast_head_json":{"title":"T\u00f6\u00f6ta meiega - Liviko","robots":{"index":"index","follow":"follow","max-snippet":"max-snippet:-1","max-image-preview":"max-image-preview:large","max-video-preview":"max-video-preview:-1"},"canonical":"https:\/\/liviko.eu\/en\/meist\/toota-meiega-2\/","og_locale":"en_US","og_type":"article","og_title":"T\u00f6\u00f6ta meiega - Liviko","og_url":"https:\/\/liviko.eu\/en\/meist\/toota-meiega-2\/","og_site_name":"Liviko","article_publisher":"https:\/\/www.facebook.com\/LivikoDistillery\/","article_modified_time":"2025-02-28T08:44:03+00:00","twitter_card":"summary_large_image","schema":{"@context":"https:\/\/schema.org","@graph":[{"@type":"WebPage","@id":"https:\/\/liviko.eu\/en\/meist\/toota-meiega-2\/","url":"https:\/\/liviko.eu\/en\/meist\/toota-meiega-2\/","name":"T\u00f6\u00f6ta meiega - Liviko","isPartOf":{"@id":"https:\/\/liviko.eu\/en\/#website"},"datePublished":"2025-02-28T08:44:02+00:00","dateModified":"2025-02-28T08:44:03+00:00","breadcrumb":{"@id":"https:\/\/liviko.eu\/en\/meist\/toota-meiega-2\/#breadcrumb"},"inLanguage":"en-US","potentialAction":[{"@type":"ReadAction","target":["https:\/\/liviko.eu\/en\/meist\/toota-meiega-2\/"]}]},{"@type":"BreadcrumbList","@id":"https:\/\/liviko.eu\/en\/meist\/toota-meiega-2\/#breadcrumb","itemListElement":[{"@type":"ListItem","position":1,"name":"Home","item":"https:\/\/liviko.eu\/en\/"},{"@type":"ListItem","position":2,"name":"Meist","item":"https:\/\/liviko.eu\/en\/meist\/"},{"@type":"ListItem","position":3,"name":"T\u00f6\u00f6ta meiega"}]},{"@type":"WebSite","@id":"https:\/\/liviko.eu\/en\/#website","url":"https:\/\/liviko.eu\/en\/","name":"Liviko","description":"anno 1898","publisher":{"@id":"https:\/\/liviko.eu\/en\/#organization"},"potentialAction":[{"@type":"SearchAction","target":{"@type":"EntryPoint","urlTemplate":"https:\/\/liviko.eu\/en\/?s={search_term_string}"},"query-input":{"@type":"PropertyValueSpecification","valueRequired":true,"valueName":"search_term_string"}}],"inLanguage":"en-US"},{"@type":"Organization","@id":"https:\/\/liviko.eu\/en\/#organization","name":"Liviko","url":"https:\/\/liviko.eu\/en\/","logo":{"@type":"ImageObject","inLanguage":"en-US","@id":"https:\/\/liviko.eu\/en\/#\/schema\/logo\/image\/","url":"https:\/\/liviko.eu\/wp-content\/uploads\/2020\/10\/liviko_logo.png","contentUrl":"https:\/\/liviko.eu\/wp-content\/uploads\/2020\/10\/liviko_logo.png","width":515,"height":181,"caption":"Liviko"},"image":{"@id":"https:\/\/liviko.eu\/en\/#\/schema\/logo\/image\/"},"sameAs":["https:\/\/www.facebook.com\/LivikoDistillery\/","https:\/\/www.instagram.com\/livikodistillery","https:\/\/www.linkedin.com\/company\/liviko\/","https:\/\/www.youtube.com\/channel\/UCnoHr-PaNxBHJO8nMDLVGuA"]}]}},"_links":{"self":[{"href":"https:\/\/liviko.eu\/en\/wp-json\/wp\/v2\/pages\/55421","targetHints":{"allow":["GET"]}}],"collection":[{"href":"https:\/\/liviko.eu\/en\/wp-json\/wp\/v2\/pages"}],"about":[{"href":"https:\/\/liviko.eu\/en\/wp-json\/wp\/v2\/types\/page"}],"author":[{"embeddable":true,"href":"https:\/\/liviko.eu\/en\/wp-json\/wp\/v2\/users\/15"}],"replies":[{"embeddable":true,"href":"https:\/\/liviko.eu\/en\/wp-json\/wp\/v2\/comments?post=55421"}],"version-history":[{"count":2,"href":"https:\/\/liviko.eu\/en\/wp-json\/wp\/v2\/pages\/55421\/revisions"}],"predecessor-version":[{"id":55431,"href":"https:\/\/liviko.eu\/en\/wp-json\/wp\/v2\/pages\/55421\/revisions\/55431"}],"up":[{"embeddable":true,"href":"https:\/\/liviko.eu\/en\/wp-json\/wp\/v2\/pages\/176"}],"wp:attachment":[{"href":"https:\/\/liviko.eu\/en\/wp-json\/wp\/v2\/media?parent=55421"}],"wp:term":[{"taxonomy":"category","embeddable":true,"href":"https:\/\/liviko.eu\/en\/wp-json\/wp\/v2\/categories?post=55421"}],"curies":[{"name":"wp","href":"https:\/\/api.w.org\/{rel}","templated":true}]}}