{"id":170,"date":"2022-01-01T08:00:00","date_gmt":"2022-01-01T08:00:00","guid":{"rendered":"http:\/\/liviko.eu\/?page_id=170"},"modified":"2026-02-16T09:02:24","modified_gmt":"2026-02-16T09:02:24","slug":"liviko","status":"publish","type":"page","link":"https:\/\/liviko.eu\/et\/","title":{"rendered":"Tootmine"},"content":{"rendered":"\n<div id=\"featureBlocks-block_5f6be2f502589c4bba96d6e9dc072889\" class=\" c-contentBlock c-featureBlocks c-featureBlocks--type-featured\" data-block-type=\"Feature blocks: featured\">\n   <div class=\"c-featureBlocksGroup\">\n\n\n                          <div class=\"c-featureBlocks__item\">\n                \n                                        \n                    <a  \n                         href=\"https:\/\/liviko.eu\/et\/tootmine\/bellingshausen\/\"   \n                        class=\"c-featureBlocks__item-block\" \n                        style=\"background-image: url(https:\/\/liviko.eu\/wp-content\/uploads\/2026\/02\/Avalehe-banner-1-920x475.png)\"\n                    >\n                        \n                        <div class=\"c-featureBlocks__item-body\">\n                            <h2 class=\"c-featureBlocks__item-title\">erakordsed avastusretked<\/h2>\n                            <div class=\"t-text\">\n                                                            <\/div>\n                        <\/div>\n                    <\/a>\n\n\n\n                            \n            <\/div>\n            \n                    <div class=\"c-featureBlocks__item\">\n                \n                                        \n                    <a  \n                         href=\"https:\/\/liviko.eu\/et\/galerii-uusaastakontsert-taitis-saali-meisterlikkuse-ja-ulevate-emotsioonidega\/\"   \n                        class=\"c-featureBlocks__item-block\" \n                        style=\"background-image: url(https:\/\/liviko.eu\/wp-content\/uploads\/2026\/01\/uusaastakontsert_182-920x613.jpg)\"\n                    >\n                        \n                        <div class=\"c-featureBlocks__item-body\">\n                            <h2 class=\"c-featureBlocks__item-title\">Galerii: Uusaastakontsert t\u00e4itis saali meisterlikkuse ja \u00fclevate emotsioonidega<\/h2>\n                            <div class=\"t-text\">\n                                                            <\/div>\n                        <\/div>\n                    <\/a>\n\n\n\n                            \n            <\/div>\n            \n                <div class=\"c-featureBlocks__item c-featureBlocks__item--empty\"><\/div>\n    <div class=\"c-featureBlocks__item c-featureBlocks__item--empty\"><\/div>\n    <\/div>\n<\/div>\n\n\n<div id=\"brandsList-block_81966ec1d4549cf43e25e35e6cefe5ba\" class=\" c-contentBlock c-brandsList\" data-block-type=\"Brands list\">\n    \n\t\t\t\t\t\t\t\t\t<ul class=\"c-brandsListItems js-slider--scroll\">\n\t\t\t\t\t\t\t    \n\t\t\t\t\t\t\t\t\n\t\t\t\t\t\t\t    <li class=\"c-brandsList-item \" >\n\t\t\t\t\t\t\t    \t\t\t\t\t\t\t\t    \t\t<div class=\"c-brandsList-item-image\">\n\t\t\t\t\t\t\t    \t\t\t    \n\t\t\t\t\t\t\t\t\t\t\t<img decoding=\"async\" src=\"https:\/\/liviko.eu\/wp-content\/uploads\/2020\/07\/logo_hobe-1.png\" class=\"attachment-medium size-medium wp-post-image\" alt=\"H\u00f5be\" \/>\t\t\t\t\t\t\t    \t\t<\/div>\n\t\t\t\t\t\t\t\t\t\n\t\t\t\t\t\t\t    <\/li>\n\n\t\t\t\t\t\t\t    \n\t\t\t\t\t\t\t\t\n\t\t\t\t\t\t\t    <li class=\"c-brandsList-item \" >\n\t\t\t\t\t\t\t    \t\t\t\t\t\t\t\t    \t\t<div class=\"c-brandsList-item-image\">\n\t\t\t\t\t\t\t    \t\t\t    \n\t\t\t\t\t\t\t\t\t\t\t<img decoding=\"async\" src=\"https:\/\/liviko.eu\/wp-content\/uploads\/2020\/07\/logo_viruvalge-1.png\" class=\"attachment-medium size-medium wp-post-image\" alt=\"Viru valge\" \/>\t\t\t\t\t\t\t    \t\t<\/div>\n\t\t\t\t\t\t\t\t\t\n\t\t\t\t\t\t\t    <\/li>\n\n\t\t\t\t\t\t\t    \n\t\t\t\t\t\t\t\t\n\t\t\t\t\t\t\t    <li class=\"c-brandsList-item \" >\n\t\t\t\t\t\t\t    \t\t\t\t\t\t\t\t    \t\t<div class=\"c-brandsList-item-image\">\n\t\t\t\t\t\t\t    \t\t\t    \n\t\t\t\t\t\t\t\t\t\t\t\t\t\t\t\t\t\t    \t\t<\/div>\n\t\t\t\t\t\t\t\t\t\n\t\t\t\t\t\t\t    <\/li>\n\n\t\t\t\t\t\t\t    \n\t\t\t\t\t\t\t\t\n\t\t\t\t\t\t\t    <li class=\"c-brandsList-item \" >\n\t\t\t\t\t\t\t    \t\t\t\t\t\t\t\t    \t\t<div class=\"c-brandsList-item-image\">\n\t\t\t\t\t\t\t    \t\t\t    \n\t\t\t\t\t\t\t\t\t\t\t<img decoding=\"async\" src=\"https:\/\/liviko.eu\/wp-content\/uploads\/2020\/07\/logo_bacardi-1.png\" class=\"attachment-medium size-medium wp-post-image\" alt=\"Bacardi\" \/>\t\t\t\t\t\t\t    \t\t<\/div>\n\t\t\t\t\t\t\t\t\t\n\t\t\t\t\t\t\t    <\/li>\n\n\t\t\t\t\t\t\t    \n\t\t\t\t\t\t\t\t\n\t\t\t\t\t\t\t    <li class=\"c-brandsList-item \" >\n\t\t\t\t\t\t\t    \t\t\t\t\t\t\t\t    \t\t<div class=\"c-brandsList-item-image\">\n\t\t\t\t\t\t\t    \t\t\t    \n\t\t\t\t\t\t\t\t\t\t\t<img decoding=\"async\" src=\"https:\/\/liviko.eu\/wp-content\/uploads\/2020\/07\/logo_crafters-2.png\" class=\"attachment-medium size-medium wp-post-image\" alt=\"Crafters\" \/>\t\t\t\t\t\t\t    \t\t<\/div>\n\t\t\t\t\t\t\t\t\t\n\t\t\t\t\t\t\t    <\/li>\n\n\t\t\t\t\t\t\t    \n\t\t\t\t\t\t\t\t\n\t\t\t\t\t\t\t    <li class=\"c-brandsList-item \" >\n\t\t\t\t\t\t\t    \t\t\t\t\t\t\t\t    \t\t<div class=\"c-brandsList-item-image\">\n\t\t\t\t\t\t\t    \t\t\t    \n\t\t\t\t\t\t\t\t\t\t\t<img decoding=\"async\" src=\"https:\/\/liviko.eu\/wp-content\/uploads\/2020\/07\/logo_stremy-1.png\" class=\"attachment-medium size-medium wp-post-image\" alt=\"St-remy\" \/>\t\t\t\t\t\t\t    \t\t<\/div>\n\t\t\t\t\t\t\t\t\t\n\t\t\t\t\t\t\t    <\/li>\n\n\t\t\t\t\t\t\t    \n\t\t\t\t\t\t\t\t\n\t\t\t\t\t\t\t    <li class=\"c-brandsList-item \" >\n\t\t\t\t\t\t\t    \t\t\t\t\t\t\t\t    \t\t<div class=\"c-brandsList-item-image\">\n\t\t\t\t\t\t\t    \t\t\t    \n\t\t\t\t\t\t\t\t\t\t\t<img decoding=\"async\" src=\"https:\/\/liviko.eu\/wp-content\/uploads\/2020\/07\/logo_remy-1.png\" class=\"attachment-medium size-medium wp-post-image\" alt=\"Remy Martin\" \/>\t\t\t\t\t\t\t    \t\t<\/div>\n\t\t\t\t\t\t\t\t\t\n\t\t\t\t\t\t\t    <\/li>\n\n\t\t\t\t\t\t\t    \n\t\t\t\t\t\t\t\t\n\t\t\t\t\t\t\t    <li class=\"c-brandsList-item \" >\n\t\t\t\t\t\t\t    \t\t\t\t\t\t\t\t    \t\t<div class=\"c-brandsList-item-image\">\n\t\t\t\t\t\t\t    \t\t\t    \n\t\t\t\t\t\t\t\t\t\t\t<img decoding=\"async\" src=\"https:\/\/liviko.eu\/wp-content\/uploads\/2020\/07\/logo_vanatallinn-1.png\" class=\"attachment-medium size-medium wp-post-image\" alt=\"Vana Tallinn\" \/>\t\t\t\t\t\t\t    \t\t<\/div>\n\t\t\t\t\t\t\t\t\t\n\t\t\t\t\t\t\t    <\/li>\n\n\t\t\t\t\t\t\t    \n\t\t\t\t\t\t\t\t\n\t\t\t\t\t\t\t    <li class=\"c-brandsList-item \" >\n\t\t\t\t\t\t\t    \t\t\t\t\t\t\t\t    \t\t<div class=\"c-brandsList-item-image\">\n\t\t\t\t\t\t\t    \t\t\t    \n\t\t\t\t\t\t\t\t\t\t\t<img decoding=\"async\" src=\"https:\/\/liviko.eu\/wp-content\/uploads\/2020\/07\/logo_bellingshausen-1.png\" class=\"attachment-medium size-medium wp-post-image\" alt=\"Bellingshausen\" \/>\t\t\t\t\t\t\t    \t\t<\/div>\n\t\t\t\t\t\t\t\t\t\n\t\t\t\t\t\t\t    <\/li>\n\n\t\t\t\t\t\t\t    \n\t\t\t\t\t\t\t\t\n\t\t\t\t\t\t\t    <li class=\"c-brandsList-item \" >\n\t\t\t\t\t\t\t    \t\t\t\t\t\t\t\t    \t\t<div class=\"c-brandsList-item-image\">\n\t\t\t\t\t\t\t    \t\t\t    \n\t\t\t\t\t\t\t\t\t\t\t<img decoding=\"async\" src=\"https:\/\/liviko.eu\/wp-content\/uploads\/2020\/07\/logo_carriba-1.png\" class=\"attachment-medium size-medium wp-post-image\" alt=\"Caribba\" \/>\t\t\t\t\t\t\t    \t\t<\/div>\n\t\t\t\t\t\t\t\t\t\n\t\t\t\t\t\t\t    <\/li>\n\n\t\t\t\t\t\t\t    \n\t\t\t\t\t\t\t\t\n\t\t\t\t\t\t\t    <li class=\"c-brandsList-item \" >\n\t\t\t\t\t\t\t    \t\t\t\t\t\t\t\t    \t\t<div class=\"c-brandsList-item-image\">\n\t\t\t\t\t\t\t    \t\t\t    \n\t\t\t\t\t\t\t\t\t\t\t<img decoding=\"async\" src=\"https:\/\/liviko.eu\/wp-content\/uploads\/2020\/07\/logo_patron-1.png\" class=\"attachment-medium size-medium wp-post-image\" alt=\"Patron\" \/>\t\t\t\t\t\t\t    \t\t<\/div>\n\t\t\t\t\t\t\t\t\t\n\t\t\t\t\t\t\t    <\/li>\n\n\t\t\t\t\t\t\t    \n\t\t\t\t\t\t\t\t\n\t\t\t\t\t\t\t    <li class=\"c-brandsList-item \" >\n\t\t\t\t\t\t\t    \t\t\t\t\t\t\t\t    \t\t<div class=\"c-brandsList-item-image\">\n\t\t\t\t\t\t\t    \t\t\t    \n\t\t\t\t\t\t\t\t\t\t\t<img decoding=\"async\" src=\"https:\/\/liviko.eu\/wp-content\/uploads\/2020\/11\/jackdaniels-2.jpg\" class=\"attachment-medium size-medium wp-post-image\" alt=\"Jack Daniels\" \/>\t\t\t\t\t\t\t    \t\t<\/div>\n\t\t\t\t\t\t\t\t\t\n\t\t\t\t\t\t\t    <\/li>\n\n\t\t\t\t\t\t\t\t\t\t\t\t\t<\/ul>\n\t\t\t\t\n\t\t\t\n<\/div>\n\n\n\n<div id=\"spacer-block_ed04686d06ab3dd1a1162ac7b4fca672\" class=\"c-contentBlock c-spacerContainer\"  data-block-type=\"Spacer\">\n   <hr class=\"  c-spacer c-spacer--size-1\" >\n<\/div>\n\n\n<div id=\"mediaBlock-block_df72183912bba8ae8bbdf7c272483c56\" class=\" c-contentBlock c-mediaBlock c-mediaBlock--align-right c-mediaBlock--valign-center c-mediaBlock--size-regular c-mediaBlock--imageHeight-normal c-mediaBlock--type-feature\" data-block-type=\"Media block\">\n   \n                \n     <div class=\"c-mediaBlock__media\" style=\"background-image:url(https:\/\/liviko.eu\/wp-content\/uploads\/2020\/07\/home_banner.jpg)\"\">\n        <img fetchpriority=\"high\" decoding=\"async\" width=\"800\" height=\"537\" src=\"https:\/\/liviko.eu\/wp-content\/uploads\/2020\/07\/home_banner.jpg\" class=\"c-mediaBlock__image\" alt=\"Liviko, tehasetuur\" srcset=\"https:\/\/liviko.eu\/wp-content\/uploads\/2020\/07\/home_banner.jpg 800w, https:\/\/liviko.eu\/wp-content\/uploads\/2020\/07\/home_banner-768x516.jpg 768w, https:\/\/liviko.eu\/wp-content\/uploads\/2020\/07\/home_banner-477x320.jpg 477w\" sizes=\"(max-width: 800px) 100vw, 800px\" \/>    <\/div>\n     <div class=\"c-mediaBlock__body\">\n                    <h2 class=\"c-mediaBlock__title\">TERE TULEMAST LIVIKO DISTILLERY TEHASETUURILE<\/h2>\n                <div class=\"c-mediaBlock__content\">\n            <div class=\"t-text\">\n            <p>Tallinna kesklinnas asuv Liviko Distillery tehasetuur viib ringk\u00e4igule 127 aasta vanusesse tehasesse, kus kohtuvad meistrilt meistrile p\u00e4randatud retseptid ja modernne tehnoloogia. See on haruldane v\u00f5imalus k\u00fclastada t\u00f6\u00f6tavat tootmist, interaktiivset muuseumit ja n\u00e4ha, kuidas jookide valmistamine tooraine valikust kuni pudelisse villimiseni p\u00e4riselt k\u00e4ib.<\/p>\n<ul>\n<li><span class=\"type--brand\"><a href=\"https:\/\/liviko.eu\/et\/tootmine\/liviko-distillery-tehasetuur\/\">LOE EDASI<\/a><\/span><\/li>\n<\/ul>\n<p>&nbsp;<\/p>\n            <\/div>\n                            \n        <\/div>\n    <\/div>\n<\/div>\n\n\n<div id=\"spacer-block_ed04686d06ab3dd1a1162ac7b4fca672\" class=\"c-contentBlock c-spacerContainer\"  data-block-type=\"Spacer\">\n   <hr class=\"  c-spacer c-spacer--size-1\" >\n<\/div>\n\n\n<div id=\"pageHeader-block_e4cbbd696f6f18363b327e9e238e1616\" class=\" c-contentBlock c-pageHeader\" data-block-type=\"Page header\">\n                    <h2 class=\"c-pageHeader__title\">LIVIKO T\u00c4NA<\/h2>\n                            <div class=\"c-pageHeader__text t-text\"><p align=\"center\">Liviko on vastutustundlik, kvaliteeti, traditsioone ning kultuurset alkoholitarbimist v\u00e4\u00e4rtustav rahvusvaheline grupp, mis omab ettev\u00f5tteid nii Eestis, L\u00e4tis kui ka Leedus. Me arendame oma br\u00e4nde hoole ja armastusega, esitleme teisi maailma kvaliteetalkoholi tootjaid lugupidamisega ning oleme igas olukorras usaldusv\u00e4\u00e4rne partner. Kuulume Eesti \u00fche edukama t\u00f6\u00f6stus- ja kaubandusinvesteeringute grupi NG Investeeringud koosseisu.<\/p>\n<\/div>\n                \n<\/div>\n<a id=\"page-170-body\"><\/a>\n\n\n<div id=\"featureBlocks-block_1c9caee94eaa729b4ee05d9740ece55b\" class=\" c-contentBlock c-featureBlocks c-featureBlocks--type-expanded c-featureBlocks--grid-columns\" data-block-type=\"Feature blocks: expanded\">\n   <div class=\"c-featureBlocksGroup\">\n\n\n                          <div class=\"c-featureBlocks__item\">\n                \n                \n                    <div class=\"c-featureBlocks__item-block\"    >\n\n                                                                                            <div class=\"c-featureBlock__imageContainer\">\n                                <img decoding=\"async\" width=\"800\" height=\"530\" src=\"https:\/\/liviko.eu\/wp-content\/uploads\/2021\/01\/Janek_kodulehele.jpg\" class=\"c-featureBlock__image\" alt=\"Liviko juhatus, Janek Kalvi\" srcset=\"https:\/\/liviko.eu\/wp-content\/uploads\/2021\/01\/Janek_kodulehele.jpg 800w, https:\/\/liviko.eu\/wp-content\/uploads\/2021\/01\/Janek_kodulehele-768x509.jpg 768w, https:\/\/liviko.eu\/wp-content\/uploads\/2021\/01\/Janek_kodulehele-483x320.jpg 483w\" sizes=\"(max-width: 800px) 100vw, 800px\" \/>                                <\/div>\n                               \n\n                            <div class=\"c-featureBlocks__item-body\">\n                                    <h3 class=\"c-featureBlocks__item-title\"><\/h3>\n                                    <div class=\"t-text\">\n                                        <p><a href=\"https:\/\/liviko.eu\/et\/meist\/\"><strong>Ettev\u00f5ttest<\/strong><\/a><\/p>\n<p>Liviko on rahvusvaheline kiirelt arenev kvaliteetalkoholi grupp, mis m\u00fc\u00fcb omatooteid 60 turul ja esindab maailma juhtivaid kvaliteetalkoholi br\u00e4nde Eestis, L\u00e4tis ja Leedus.<\/p>\n                                    <\/div>\n                            <\/div>\n\n                    <\/div>    \n                        \n\n\n                            \n            <\/div>\n            \n                    <div class=\"c-featureBlocks__item\">\n                \n                \n                    <div class=\"c-featureBlocks__item-block\"    >\n\n                                                                                            <div class=\"c-featureBlock__imageContainer\">\n                                <img decoding=\"async\" width=\"920\" height=\"612\" src=\"https:\/\/liviko.eu\/wp-content\/uploads\/2020\/08\/Liviko-t\u00e4nap\u00e4ev-2-920x612.jpg\" class=\"c-featureBlock__image\" alt=\"Liviko Distillery\" srcset=\"https:\/\/liviko.eu\/wp-content\/uploads\/2020\/08\/Liviko-t\u00e4nap\u00e4ev-2-920x612.jpg 920w, https:\/\/liviko.eu\/wp-content\/uploads\/2020\/08\/Liviko-t\u00e4nap\u00e4ev-2-1366x908.jpg 1366w, https:\/\/liviko.eu\/wp-content\/uploads\/2020\/08\/Liviko-t\u00e4nap\u00e4ev-2-768x511.jpg 768w, https:\/\/liviko.eu\/wp-content\/uploads\/2020\/08\/Liviko-t\u00e4nap\u00e4ev-2-1536x1021.jpg 1536w, https:\/\/liviko.eu\/wp-content\/uploads\/2020\/08\/Liviko-t\u00e4nap\u00e4ev-2-2048x1362.jpg 2048w, https:\/\/liviko.eu\/wp-content\/uploads\/2020\/08\/Liviko-t\u00e4nap\u00e4ev-2-481x320.jpg 481w\" sizes=\"(max-width: 920px) 100vw, 920px\" \/>                                <\/div>\n                               \n\n                            <div class=\"c-featureBlocks__item-body\">\n                                    <h3 class=\"c-featureBlocks__item-title\"><\/h3>\n                                    <div class=\"t-text\">\n                                        <p><a href=\"https:\/\/liviko.eu\/et\/tootmine\/meistrikoda\/\"><strong>Meistrikoda<\/strong><\/a><\/p>\n<p>1898. aastal asutatud ettev\u00f5ttes kohtuvad traditsioonid teadusp\u00f5hise tehnoloogia ja modernse tootearendusega.<\/p>\n                                    <\/div>\n                            <\/div>\n\n                    <\/div>    \n                        \n\n\n                            \n            <\/div>\n            \n                    <div class=\"c-featureBlocks__item\">\n                \n                \n                    <div class=\"c-featureBlocks__item-block\"    >\n\n                                                                                            <div class=\"c-featureBlock__imageContainer\">\n                                <img loading=\"lazy\" decoding=\"async\" width=\"800\" height=\"530\" src=\"https:\/\/liviko.eu\/wp-content\/uploads\/2021\/01\/Gloria_800x530.jpg\" class=\"c-featureBlock__image\" alt=\"Liviko Distillery kuraator\" srcset=\"https:\/\/liviko.eu\/wp-content\/uploads\/2021\/01\/Gloria_800x530.jpg 800w, https:\/\/liviko.eu\/wp-content\/uploads\/2021\/01\/Gloria_800x530-768x509.jpg 768w, https:\/\/liviko.eu\/wp-content\/uploads\/2021\/01\/Gloria_800x530-483x320.jpg 483w\" sizes=\"(max-width: 800px) 100vw, 800px\" \/>                                <\/div>\n                               \n\n                            <div class=\"c-featureBlocks__item-body\">\n                                    <h3 class=\"c-featureBlocks__item-title\"><\/h3>\n                                    <div class=\"t-text\">\n                                        <p><a href=\"https:\/\/liviko.eu\/et\/meist\/toota-meiega\/\"><strong>Inimesed<\/strong><\/a><\/p>\n<p>S\u00f5bralikkus, lahendustele avatus ja vastastikku lugupidavad suhted nii kolleegide kui ka partneritega on Liviko k\u00f5rge usaldusv\u00e4\u00e4rsuse nurgakivi.<\/p>\n                                    <\/div>\n                            <\/div>\n\n                    <\/div>    \n                        \n\n\n                            \n            <\/div>\n            \n                <div class=\"c-featureBlocks__item c-featureBlocks__item--empty\"><\/div>\n    <div class=\"c-featureBlocks__item c-featureBlocks__item--empty\"><\/div>\n    <\/div>\n<\/div>\n\n\n\n<p><\/p>\n","protected":false},"excerpt":{"rendered":"","protected":false},"author":1,"featured_media":0,"parent":0,"menu_order":5,"comment_status":"closed","ping_status":"closed","template":"page-templates\/page-home.php","meta":{"_acf_changed":false,"inline_featured_image":false,"_monsterinsights_skip_tracking":false,"_monsterinsights_sitenote_active":false,"_monsterinsights_sitenote_note":"","_monsterinsights_sitenote_category":0,"footnotes":""},"categories":[1],"class_list":["post-170","page","type-page","status-publish","hentry","category-uncategorized"],"acf":[],"yoast_head":"<!-- This site is optimized with the Yoast SEO plugin v27.5 - https:\/\/yoast.com\/product\/yoast-seo-wordpress\/ -->\n<title>Tootmine - Liviko<\/title>\n<meta name=\"description\" content=\"Liviko on baltimaade suuremaid kvaliteetalkoholi ettev\u00f5tteid. Liviko Distillery tehasetuur viib ringk\u00e4igule 122 aasta vanusesese tehasesse.\" \/>\n<meta name=\"robots\" content=\"index, follow, max-snippet:-1, max-image-preview:large, max-video-preview:-1\" \/>\n<link rel=\"canonical\" href=\"https:\/\/liviko.eu\/et\/\" \/>\n<meta property=\"og:locale\" content=\"et_EE\" \/>\n<meta property=\"og:type\" content=\"article\" \/>\n<meta property=\"og:title\" content=\"Tootmine - Liviko\" \/>\n<meta property=\"og:description\" content=\"Liviko on baltimaade suuremaid kvaliteetalkoholi ettev\u00f5tteid. Liviko Distillery tehasetuur viib ringk\u00e4igule 122 aasta vanusesese tehasesse.\" \/>\n<meta property=\"og:url\" content=\"https:\/\/liviko.eu\/et\/\" \/>\n<meta property=\"og:site_name\" content=\"Liviko\" \/>\n<meta property=\"article:publisher\" content=\"https:\/\/www.facebook.com\/LivikoDistillery\/\" \/>\n<meta property=\"article:modified_time\" content=\"2026-02-16T09:02:24+00:00\" \/>\n<meta name=\"twitter:card\" content=\"summary_large_image\" \/>\n<script type=\"application\/ld+json\" class=\"yoast-schema-graph\">{\"@context\":\"https:\\\/\\\/schema.org\",\"@graph\":[{\"@type\":\"WebPage\",\"@id\":\"https:\\\/\\\/liviko.eu\\\/et\\\/\",\"url\":\"https:\\\/\\\/liviko.eu\\\/et\\\/\",\"name\":\"Tootmine - Liviko\",\"isPartOf\":{\"@id\":\"https:\\\/\\\/liviko.eu\\\/et\\\/#website\"},\"datePublished\":\"2022-01-01T08:00:00+00:00\",\"dateModified\":\"2026-02-16T09:02:24+00:00\",\"description\":\"Liviko on baltimaade suuremaid kvaliteetalkoholi ettev\u00f5tteid. Liviko Distillery tehasetuur viib ringk\u00e4igule 122 aasta vanusesese tehasesse.\",\"breadcrumb\":{\"@id\":\"https:\\\/\\\/liviko.eu\\\/et\\\/#breadcrumb\"},\"inLanguage\":\"et\",\"potentialAction\":[{\"@type\":\"ReadAction\",\"target\":[\"https:\\\/\\\/liviko.eu\\\/et\\\/\"]}]},{\"@type\":\"BreadcrumbList\",\"@id\":\"https:\\\/\\\/liviko.eu\\\/et\\\/#breadcrumb\",\"itemListElement\":[{\"@type\":\"ListItem\",\"position\":1,\"name\":\"Home\",\"item\":\"https:\\\/\\\/liviko.eu\\\/et\\\/\"},{\"@type\":\"ListItem\",\"position\":2,\"name\":\"Tootmine\"}]},{\"@type\":\"WebSite\",\"@id\":\"https:\\\/\\\/liviko.eu\\\/et\\\/#website\",\"url\":\"https:\\\/\\\/liviko.eu\\\/et\\\/\",\"name\":\"Liviko\",\"description\":\"anno 1898\",\"publisher\":{\"@id\":\"https:\\\/\\\/liviko.eu\\\/et\\\/#organization\"},\"potentialAction\":[{\"@type\":\"SearchAction\",\"target\":{\"@type\":\"EntryPoint\",\"urlTemplate\":\"https:\\\/\\\/liviko.eu\\\/et\\\/?s={search_term_string}\"},\"query-input\":{\"@type\":\"PropertyValueSpecification\",\"valueRequired\":true,\"valueName\":\"search_term_string\"}}],\"inLanguage\":\"et\"},{\"@type\":\"Organization\",\"@id\":\"https:\\\/\\\/liviko.eu\\\/et\\\/#organization\",\"name\":\"Liviko\",\"url\":\"https:\\\/\\\/liviko.eu\\\/et\\\/\",\"logo\":{\"@type\":\"ImageObject\",\"inLanguage\":\"et\",\"@id\":\"https:\\\/\\\/liviko.eu\\\/et\\\/#\\\/schema\\\/logo\\\/image\\\/\",\"url\":\"https:\\\/\\\/liviko.eu\\\/wp-content\\\/uploads\\\/2020\\\/10\\\/liviko_logo.png\",\"contentUrl\":\"https:\\\/\\\/liviko.eu\\\/wp-content\\\/uploads\\\/2020\\\/10\\\/liviko_logo.png\",\"width\":515,\"height\":181,\"caption\":\"Liviko\"},\"image\":{\"@id\":\"https:\\\/\\\/liviko.eu\\\/et\\\/#\\\/schema\\\/logo\\\/image\\\/\"},\"sameAs\":[\"https:\\\/\\\/www.facebook.com\\\/LivikoDistillery\\\/\",\"https:\\\/\\\/www.instagram.com\\\/livikodistillery\",\"https:\\\/\\\/www.linkedin.com\\\/company\\\/liviko\\\/\",\"https:\\\/\\\/www.youtube.com\\\/channel\\\/UCnoHr-PaNxBHJO8nMDLVGuA\"]}]}<\/script>\n<!-- \/ Yoast SEO plugin. -->","yoast_head_json":{"title":"Tootmine - Liviko","description":"Liviko on baltimaade suuremaid kvaliteetalkoholi ettev\u00f5tteid. Liviko Distillery tehasetuur viib ringk\u00e4igule 122 aasta vanusesese tehasesse.","robots":{"index":"index","follow":"follow","max-snippet":"max-snippet:-1","max-image-preview":"max-image-preview:large","max-video-preview":"max-video-preview:-1"},"canonical":"https:\/\/liviko.eu\/et\/","og_locale":"et_EE","og_type":"article","og_title":"Tootmine - Liviko","og_description":"Liviko on baltimaade suuremaid kvaliteetalkoholi ettev\u00f5tteid. Liviko Distillery tehasetuur viib ringk\u00e4igule 122 aasta vanusesese tehasesse.","og_url":"https:\/\/liviko.eu\/et\/","og_site_name":"Liviko","article_publisher":"https:\/\/www.facebook.com\/LivikoDistillery\/","article_modified_time":"2026-02-16T09:02:24+00:00","twitter_card":"summary_large_image","schema":{"@context":"https:\/\/schema.org","@graph":[{"@type":"WebPage","@id":"https:\/\/liviko.eu\/et\/","url":"https:\/\/liviko.eu\/et\/","name":"Tootmine - Liviko","isPartOf":{"@id":"https:\/\/liviko.eu\/et\/#website"},"datePublished":"2022-01-01T08:00:00+00:00","dateModified":"2026-02-16T09:02:24+00:00","description":"Liviko on baltimaade suuremaid kvaliteetalkoholi ettev\u00f5tteid. Liviko Distillery tehasetuur viib ringk\u00e4igule 122 aasta vanusesese tehasesse.","breadcrumb":{"@id":"https:\/\/liviko.eu\/et\/#breadcrumb"},"inLanguage":"et","potentialAction":[{"@type":"ReadAction","target":["https:\/\/liviko.eu\/et\/"]}]},{"@type":"BreadcrumbList","@id":"https:\/\/liviko.eu\/et\/#breadcrumb","itemListElement":[{"@type":"ListItem","position":1,"name":"Home","item":"https:\/\/liviko.eu\/et\/"},{"@type":"ListItem","position":2,"name":"Tootmine"}]},{"@type":"WebSite","@id":"https:\/\/liviko.eu\/et\/#website","url":"https:\/\/liviko.eu\/et\/","name":"Liviko","description":"anno 1898","publisher":{"@id":"https:\/\/liviko.eu\/et\/#organization"},"potentialAction":[{"@type":"SearchAction","target":{"@type":"EntryPoint","urlTemplate":"https:\/\/liviko.eu\/et\/?s={search_term_string}"},"query-input":{"@type":"PropertyValueSpecification","valueRequired":true,"valueName":"search_term_string"}}],"inLanguage":"et"},{"@type":"Organization","@id":"https:\/\/liviko.eu\/et\/#organization","name":"Liviko","url":"https:\/\/liviko.eu\/et\/","logo":{"@type":"ImageObject","inLanguage":"et","@id":"https:\/\/liviko.eu\/et\/#\/schema\/logo\/image\/","url":"https:\/\/liviko.eu\/wp-content\/uploads\/2020\/10\/liviko_logo.png","contentUrl":"https:\/\/liviko.eu\/wp-content\/uploads\/2020\/10\/liviko_logo.png","width":515,"height":181,"caption":"Liviko"},"image":{"@id":"https:\/\/liviko.eu\/et\/#\/schema\/logo\/image\/"},"sameAs":["https:\/\/www.facebook.com\/LivikoDistillery\/","https:\/\/www.instagram.com\/livikodistillery","https:\/\/www.linkedin.com\/company\/liviko\/","https:\/\/www.youtube.com\/channel\/UCnoHr-PaNxBHJO8nMDLVGuA"]}]}},"_links":{"self":[{"href":"https:\/\/liviko.eu\/et\/wp-json\/wp\/v2\/pages\/170","targetHints":{"allow":["GET"]}}],"collection":[{"href":"https:\/\/liviko.eu\/et\/wp-json\/wp\/v2\/pages"}],"about":[{"href":"https:\/\/liviko.eu\/et\/wp-json\/wp\/v2\/types\/page"}],"author":[{"embeddable":true,"href":"https:\/\/liviko.eu\/et\/wp-json\/wp\/v2\/users\/1"}],"replies":[{"embeddable":true,"href":"https:\/\/liviko.eu\/et\/wp-json\/wp\/v2\/comments?post=170"}],"version-history":[{"count":412,"href":"https:\/\/liviko.eu\/et\/wp-json\/wp\/v2\/pages\/170\/revisions"}],"predecessor-version":[{"id":57257,"href":"https:\/\/liviko.eu\/et\/wp-json\/wp\/v2\/pages\/170\/revisions\/57257"}],"wp:attachment":[{"href":"https:\/\/liviko.eu\/et\/wp-json\/wp\/v2\/media?parent=170"}],"wp:term":[{"taxonomy":"category","embeddable":true,"href":"https:\/\/liviko.eu\/et\/wp-json\/wp\/v2\/categories?post=170"}],"curies":[{"name":"wp","href":"https:\/\/api.w.org\/{rel}","templated":true}]}}