{"id":172,"date":"2020-07-02T14:09:48","date_gmt":"2020-07-02T14:09:48","guid":{"rendered":"http:\/\/liviko.eu\/?page_id=172"},"modified":"2024-12-02T08:59:10","modified_gmt":"2024-12-02T08:59:10","slug":"tootmine","status":"publish","type":"page","link":"https:\/\/liviko.eu\/et\/tootmine\/","title":{"rendered":"Tootmine"},"content":{"rendered":"<div id=\"pageHeader-block_e51d7fc1400adbc0a3d63c974bf86c85\" class=\" c-contentBlock c-pageHeader\" data-block-type=\"Page header\">\n                    <h1 class=\"c-pageHeader__title\">ALKOHOLITOOTMISE KOGEMUS AASTAST 1898<\/h1>\n                            <div class=\"c-pageHeader__text t-text\"><p>Liviko on rahvusvaheline kiirelt arenev kvaliteetalkoholi grupp, mis m\u00fc\u00fcb omatooteid 60 turul ja esindab maailma juhtivaid kvaliteetalkoholi br\u00e4nde Eestis, L\u00e4tis ja Leedus. Liviko toodab enam kui 70 alkohoolset ja alkoholivaba jooki. Iga toote v\u00e4ljat\u00f6\u00f6tamise taga on p\u00fchendunud asjatundjad, keda rahuldab vaid t\u00e4iusliku joogiretsepti saavutamine, mis tagab ka toodete p\u00fcsivalt k\u00f5rge kvaliteedi.<\/p>\n<\/div>\n                        <div class=\"c-pageHeader__tools\">\n        \t<a href=\"#page-172-body\" class=\"c-pageHeader__scrollButton js-scrollTo\">\n        \t\t<span class=\"visuallyhidden\">Scroll to content<\/span>\n                <span class=\"icon-down\"><\/span>\n        \t<\/a>\n        <\/div>\n        \n<\/div>\n<a id=\"page-172-body\"><\/a>\n\n<div id=\"mediaBlock-block_3d6d81121c335bb96adf4534ca9022f6\" class=\" c-contentBlock c-mediaBlock c-mediaBlock--align-left c-mediaBlock--valign-center c-mediaBlock--size-regular c-mediaBlock--imageHeight-normal\" data-block-type=\"Media block\">\n   \n                \n     <div class=\"c-mediaBlock__media\" style=\"\"\">\n        <img fetchpriority=\"high\" decoding=\"async\" width=\"800\" height=\"530\" src=\"https:\/\/liviko.eu\/wp-content\/uploads\/2022\/06\/800x530px-ginid.jpg\" class=\"c-mediaBlock__image\" alt=\"GIN\" srcset=\"https:\/\/liviko.eu\/wp-content\/uploads\/2022\/06\/800x530px-ginid.jpg 800w, https:\/\/liviko.eu\/wp-content\/uploads\/2022\/06\/800x530px-ginid-768x509.jpg 768w, https:\/\/liviko.eu\/wp-content\/uploads\/2022\/06\/800x530px-ginid-483x320.jpg 483w\" sizes=\"(max-width: 800px) 100vw, 800px\" \/>    <\/div>\n     <div class=\"c-mediaBlock__body\">\n                    <h2 class=\"c-mediaBlock__title\">GIN<\/h2>\n                <div class=\"c-mediaBlock__content\">\n            <div class=\"t-text\">\n            <p>Kadakamarjadest \u00f5hkub m\u00fcstilist rahu ja v\u00e4\u00e4rikust, milles on oma roll marjade pikaaegsel valmimisel \u2013 kadakamarjad k\u00fcpsevad p\u00f5\u00f5sastel segamatult kaks aastat. K\u00fcpsed kadakamarjad destilleeritakse Liviko meistrite hoolsa j\u00e4relevalve all, et saada p\u00f5hiosaks Liviko kuulsusrikastest d\u017einnidest. Samamoodi destilleeritakse taimhaaval ka teised p\u00f5hjalikult valitud komponendid, et luua nii klassikalised kui ka eristuva maitsega d\u017einnid. Juba vanarahvas teadis, et see, kes s\u00f6\u00f6b p\u00e4evas \u00e4ra \u00fche kadakamarja, elab pikalt ja \u00f5nnelikult.<\/p>\n            <\/div>\n                            \n        <\/div>\n    <\/div>\n<\/div>\n\n<div id=\"mediaBlock-block_30f4f54c039348eb5293a0d9fdb9394d\" class=\" c-contentBlock c-mediaBlock c-mediaBlock--align-right c-mediaBlock--valign-center c-mediaBlock--size-regular c-mediaBlock--imageHeight-normal\" data-block-type=\"Media block\">\n   \n                \n     <div class=\"c-mediaBlock__media\" style=\"\"\">\n        <img decoding=\"async\" width=\"800\" height=\"530\" src=\"https:\/\/liviko.eu\/wp-content\/uploads\/2023\/02\/VT_800x530px.jpg\" class=\"c-mediaBlock__image\" alt=\"LIK\u00d6\u00d6R\" srcset=\"https:\/\/liviko.eu\/wp-content\/uploads\/2023\/02\/VT_800x530px.jpg 800w, https:\/\/liviko.eu\/wp-content\/uploads\/2023\/02\/VT_800x530px-768x509.jpg 768w, https:\/\/liviko.eu\/wp-content\/uploads\/2023\/02\/VT_800x530px-483x320.jpg 483w\" sizes=\"(max-width: 800px) 100vw, 800px\" \/>    <\/div>\n     <div class=\"c-mediaBlock__body\">\n                    <h2 class=\"c-mediaBlock__title\">LIK\u00d6\u00d6R<\/h2>\n                <div class=\"c-mediaBlock__content\">\n            <div class=\"t-text\">\n            <p>Lik\u00f6\u00f6ride valmistamine on auv\u00e4\u00e4rne kunst, mis vajab t\u00e4psust ja aega. Livikos valmistavad meie lik\u00f6\u00f6rimeistrid naturaalsetest koostisosadest nii taime- ja \u00fcrdit\u00f5mmiseid kui ka aromaatpiiritusi. Liviko lik\u00f6\u00f6rimeistrid on alates 19. sajandist talletanud oma teadmised ja oskused, et need j\u00e4rgmistele p\u00f5lvkondadele edasi anda.<\/p>\n            <\/div>\n                            \n        <\/div>\n    <\/div>\n<\/div>\n\n<div id=\"mediaBlock-block_309d5342b76fd7414785c45b9165ed46\" class=\" c-contentBlock c-mediaBlock c-mediaBlock--align-left c-mediaBlock--valign-center c-mediaBlock--size-regular c-mediaBlock--imageHeight-normal\" data-block-type=\"Media block\">\n   \n                \n     <div class=\"c-mediaBlock__media\" style=\"\"\">\n        <img decoding=\"async\" width=\"800\" height=\"530\" src=\"https:\/\/liviko.eu\/wp-content\/uploads\/2020\/07\/vodka.jpg\" class=\"c-mediaBlock__image\" alt=\"VIIN\" srcset=\"https:\/\/liviko.eu\/wp-content\/uploads\/2020\/07\/vodka.jpg 800w, https:\/\/liviko.eu\/wp-content\/uploads\/2020\/07\/vodka-768x509.jpg 768w, https:\/\/liviko.eu\/wp-content\/uploads\/2020\/07\/vodka-483x320.jpg 483w\" sizes=\"(max-width: 800px) 100vw, 800px\" \/>    <\/div>\n     <div class=\"c-mediaBlock__body\">\n                    <h2 class=\"c-mediaBlock__title\">VIIN<\/h2>\n                <div class=\"c-mediaBlock__content\">\n            <div class=\"t-text\">\n            <p>Viina tuntakse puhtast maitsest. Livikol kui pikaaegsete kogemustega viinatootjal on lai viinavalik. Erinevat toorainet ja tootmistehnoloogiat kasutades on tulemuseks selgelt eristuvad, kuid alati puhta maitsega viinad.<\/p>\n            <\/div>\n                            \n        <\/div>\n    <\/div>\n<\/div>\n\n<div id=\"mediaBlock-block_7d8710d774e32f060344d73e3ebdc9bd\" class=\" c-contentBlock c-mediaBlock c-mediaBlock--align-right c-mediaBlock--valign-center c-mediaBlock--size-regular c-mediaBlock--imageHeight-normal\" data-block-type=\"Media block\">\n   \n                \n     <div class=\"c-mediaBlock__media\" style=\"\"\">\n        <img loading=\"lazy\" decoding=\"async\" width=\"800\" height=\"530\" src=\"https:\/\/liviko.eu\/wp-content\/uploads\/2020\/07\/rum.jpg\" class=\"c-mediaBlock__image\" alt=\"RUMM\" srcset=\"https:\/\/liviko.eu\/wp-content\/uploads\/2020\/07\/rum.jpg 800w, https:\/\/liviko.eu\/wp-content\/uploads\/2020\/07\/rum-768x509.jpg 768w, https:\/\/liviko.eu\/wp-content\/uploads\/2020\/07\/rum-483x320.jpg 483w\" sizes=\"(max-width: 800px) 100vw, 800px\" \/>    <\/div>\n     <div class=\"c-mediaBlock__body\">\n                    <h2 class=\"c-mediaBlock__title\">RUMM<\/h2>\n                <div class=\"c-mediaBlock__content\">\n            <div class=\"t-text\">\n            <p>\u00d5ige annus p\u00e4ikest annab asjale jumet. Kariibi mere saartel kasvav suhkruroog ning sellest valmistatud rumm on hinnatud kogu maailmas. Ka Liviko Caribba rummide tooraine p\u00e4rineb just Kariibidelt.<\/p>\n            <\/div>\n                            \n        <\/div>\n    <\/div>\n<\/div>\n\n<div id=\"mediaBlock-block_e3f81a1fc4ad778ce034cb5c4ce788be\" class=\" c-contentBlock c-mediaBlock c-mediaBlock--align-left c-mediaBlock--valign-center c-mediaBlock--size-regular c-mediaBlock--imageHeight-normal\" data-block-type=\"Media block\">\n   \n                \n     <div class=\"c-mediaBlock__media\" style=\"\"\">\n        <img loading=\"lazy\" decoding=\"async\" width=\"800\" height=\"530\" src=\"https:\/\/liviko.eu\/wp-content\/uploads\/2022\/02\/Cooler-1.jpg\" class=\"c-mediaBlock__image\" alt=\"LAHJA ALKOHOL\" srcset=\"https:\/\/liviko.eu\/wp-content\/uploads\/2022\/02\/Cooler-1.jpg 800w, https:\/\/liviko.eu\/wp-content\/uploads\/2022\/02\/Cooler-1-768x509.jpg 768w, https:\/\/liviko.eu\/wp-content\/uploads\/2022\/02\/Cooler-1-483x320.jpg 483w\" sizes=\"(max-width: 800px) 100vw, 800px\" \/>    <\/div>\n     <div class=\"c-mediaBlock__body\">\n                    <h2 class=\"c-mediaBlock__title\">LAHJA ALKOHOL<\/h2>\n                <div class=\"c-mediaBlock__content\">\n            <div class=\"t-text\">\n            <p>Liviko aina t\u00e4ienevast lahja alkoholi valikust leiab v\u00e4rskendavaid ja eristuvaid maitseid. Valikus on legendaarsed kokteilijoogid Coolerid ja maailmas uudne Re-crafted Crafter\u2019s Junibeeri kadakamarja\u00f5lu.<\/p>\n            <\/div>\n                            \n        <\/div>\n    <\/div>\n<\/div>\n\n<div id=\"mediaBlock-block_dc4b0b2cac42049eca0e1e7a44b578dd\" class=\" c-contentBlock c-mediaBlock c-mediaBlock--align-right c-mediaBlock--valign-center c-mediaBlock--size-regular c-mediaBlock--imageHeight-normal\" data-block-type=\"Media block\">\n   \n                \n     <div class=\"c-mediaBlock__media\" style=\"\"\">\n        <img loading=\"lazy\" decoding=\"async\" width=\"1366\" height=\"905\" src=\"https:\/\/liviko.eu\/wp-content\/uploads\/2020\/10\/recraft_pilt-1-1366x905.jpg\" class=\"c-mediaBlock__image\" alt=\"ZERO WASTE\" srcset=\"https:\/\/liviko.eu\/wp-content\/uploads\/2020\/10\/recraft_pilt-1-1366x905.jpg 1366w, https:\/\/liviko.eu\/wp-content\/uploads\/2020\/10\/recraft_pilt-1-920x609.jpg 920w, https:\/\/liviko.eu\/wp-content\/uploads\/2020\/10\/recraft_pilt-1-768x509.jpg 768w, https:\/\/liviko.eu\/wp-content\/uploads\/2020\/10\/recraft_pilt-1-1536x1017.jpg 1536w, https:\/\/liviko.eu\/wp-content\/uploads\/2020\/10\/recraft_pilt-1-483x320.jpg 483w, https:\/\/liviko.eu\/wp-content\/uploads\/2020\/10\/recraft_pilt-1.jpg 1667w\" sizes=\"(max-width: 1366px) 100vw, 1366px\" \/>    <\/div>\n     <div class=\"c-mediaBlock__body\">\n                    <h2 class=\"c-mediaBlock__title\">ZERO WASTE<\/h2>\n                <div class=\"c-mediaBlock__content\">\n            <div class=\"t-text\">\n            <p>Re-crafted Crafter\u2019s joogid on loodud j\u00e4\u00e4givaba tootmise p\u00f5him\u00f5ttel. Minimaalse \u00f6koloogilise jalaj\u00e4lje nimel taaskasutatakse nende k\u00e4sit\u00f6\u00f6jookide valmistamiseks kadakamarju ja ingverijuuri, mida on d\u017einni tootmisel destilleeritud. Valikus on klassikaline ingverijook ning maailmas uudsed karastusjook ja \u00f5lu, mis on valmistatud kadakamarjadest.<\/p>\n            <\/div>\n                            \n        <\/div>\n    <\/div>\n<\/div>\n\n<div id=\"mediaBlock-block_8d892d17b5195b3fe0bf0e1eb48ec0e7\" class=\" c-contentBlock c-mediaBlock c-mediaBlock--align-left c-mediaBlock--valign-center c-mediaBlock--size-regular c-mediaBlock--imageHeight-normal\" data-block-type=\"Media block\">\n   \n                \n     <div class=\"c-mediaBlock__media\" style=\"\"\">\n        <img loading=\"lazy\" decoding=\"async\" width=\"1366\" height=\"905\" src=\"https:\/\/liviko.eu\/wp-content\/uploads\/2020\/10\/starter-1366x905.jpg\" class=\"c-mediaBlock__image\" alt=\"ALKOHOLIVABAD JOOGID\" srcset=\"https:\/\/liviko.eu\/wp-content\/uploads\/2020\/10\/starter-1366x905.jpg 1366w, https:\/\/liviko.eu\/wp-content\/uploads\/2020\/10\/starter-920x609.jpg 920w, https:\/\/liviko.eu\/wp-content\/uploads\/2020\/10\/starter-768x509.jpg 768w, https:\/\/liviko.eu\/wp-content\/uploads\/2020\/10\/starter-1536x1017.jpg 1536w, https:\/\/liviko.eu\/wp-content\/uploads\/2020\/10\/starter-483x320.jpg 483w, https:\/\/liviko.eu\/wp-content\/uploads\/2020\/10\/starter.jpg 1667w\" sizes=\"(max-width: 1366px) 100vw, 1366px\" \/>    <\/div>\n     <div class=\"c-mediaBlock__body\">\n                    <h2 class=\"c-mediaBlock__title\">ALKOHOLIVABAD JOOGID<\/h2>\n                <div class=\"c-mediaBlock__content\">\n            <div class=\"t-text\">\n            <p>Alkoholivabade jookide valikus leidub p\u00f5nevaid maitseid alates j\u00e4\u00e4givaba tootmise p\u00f5him\u00f5ttel loodud naturaalsetest Re-crafted Crafter\u2019si kihisevatest k\u00e4sit\u00f6\u00f6jookidest kuni Starteri virgutavate energiajookideni.<\/p>\n            <\/div>\n                            \n        <\/div>\n    <\/div>\n<\/div>\n\n\n<p><\/p>\n","protected":false},"excerpt":{"rendered":"","protected":false},"author":1,"featured_media":51956,"parent":0,"menu_order":11,"comment_status":"closed","ping_status":"closed","template":"","meta":{"_acf_changed":false,"inline_featured_image":false,"_monsterinsights_skip_tracking":false,"_monsterinsights_sitenote_active":false,"_monsterinsights_sitenote_note":"","_monsterinsights_sitenote_category":0,"footnotes":""},"categories":[],"class_list":["post-172","page","type-page","status-publish","has-post-thumbnail","hentry"],"acf":[],"yoast_head":"<!-- This site is optimized with the Yoast SEO plugin v24.0 - https:\/\/yoast.com\/wordpress\/plugins\/seo\/ -->\n<title>Tootmine - Liviko<\/title>\n<meta name=\"robots\" content=\"index, follow, max-snippet:-1, max-image-preview:large, max-video-preview:-1\" \/>\n<link rel=\"canonical\" href=\"https:\/\/liviko.eu\/et\/tootmine\/\" \/>\n<meta property=\"og:locale\" content=\"et_EE\" \/>\n<meta property=\"og:type\" content=\"article\" \/>\n<meta property=\"og:title\" content=\"Tootmine - Liviko\" \/>\n<meta property=\"og:url\" content=\"https:\/\/liviko.eu\/et\/tootmine\/\" \/>\n<meta property=\"og:site_name\" content=\"Liviko\" \/>\n<meta property=\"article:publisher\" content=\"https:\/\/www.facebook.com\/LivikoDistillery\/\" \/>\n<meta property=\"article:modified_time\" content=\"2024-12-02T08:59:10+00:00\" \/>\n<meta property=\"og:image\" content=\"https:\/\/liviko.eu\/wp-content\/uploads\/2024\/02\/2560x611_Crafters_koduka_uudise_riba_2.jpg\" \/>\n\t<meta property=\"og:image:width\" content=\"2560\" \/>\n\t<meta property=\"og:image:height\" content=\"611\" \/>\n\t<meta property=\"og:image:type\" content=\"image\/jpeg\" \/>\n<meta name=\"twitter:card\" content=\"summary_large_image\" \/>\n<script type=\"application\/ld+json\" class=\"yoast-schema-graph\">{\"@context\":\"https:\/\/schema.org\",\"@graph\":[{\"@type\":\"WebPage\",\"@id\":\"https:\/\/liviko.eu\/et\/tootmine\/\",\"url\":\"https:\/\/liviko.eu\/et\/tootmine\/\",\"name\":\"Tootmine - Liviko\",\"isPartOf\":{\"@id\":\"https:\/\/liviko.eu\/et\/#website\"},\"primaryImageOfPage\":{\"@id\":\"https:\/\/liviko.eu\/et\/tootmine\/#primaryimage\"},\"image\":{\"@id\":\"https:\/\/liviko.eu\/et\/tootmine\/#primaryimage\"},\"thumbnailUrl\":\"https:\/\/liviko.eu\/wp-content\/uploads\/2024\/02\/2560x611_Crafters_koduka_uudise_riba_2.jpg\",\"datePublished\":\"2020-07-02T14:09:48+00:00\",\"dateModified\":\"2024-12-02T08:59:10+00:00\",\"breadcrumb\":{\"@id\":\"https:\/\/liviko.eu\/et\/tootmine\/#breadcrumb\"},\"inLanguage\":\"et\",\"potentialAction\":[{\"@type\":\"ReadAction\",\"target\":[\"https:\/\/liviko.eu\/et\/tootmine\/\"]}]},{\"@type\":\"ImageObject\",\"inLanguage\":\"et\",\"@id\":\"https:\/\/liviko.eu\/et\/tootmine\/#primaryimage\",\"url\":\"https:\/\/liviko.eu\/wp-content\/uploads\/2024\/02\/2560x611_Crafters_koduka_uudise_riba_2.jpg\",\"contentUrl\":\"https:\/\/liviko.eu\/wp-content\/uploads\/2024\/02\/2560x611_Crafters_koduka_uudise_riba_2.jpg\",\"width\":2560,\"height\":611},{\"@type\":\"BreadcrumbList\",\"@id\":\"https:\/\/liviko.eu\/et\/tootmine\/#breadcrumb\",\"itemListElement\":[{\"@type\":\"ListItem\",\"position\":1,\"name\":\"Home\",\"item\":\"https:\/\/liviko.eu\/et\/\"},{\"@type\":\"ListItem\",\"position\":2,\"name\":\"Tootmine\"}]},{\"@type\":\"WebSite\",\"@id\":\"https:\/\/liviko.eu\/et\/#website\",\"url\":\"https:\/\/liviko.eu\/et\/\",\"name\":\"Liviko\",\"description\":\"anno 1898\",\"publisher\":{\"@id\":\"https:\/\/liviko.eu\/et\/#organization\"},\"potentialAction\":[{\"@type\":\"SearchAction\",\"target\":{\"@type\":\"EntryPoint\",\"urlTemplate\":\"https:\/\/liviko.eu\/et\/?s={search_term_string}\"},\"query-input\":{\"@type\":\"PropertyValueSpecification\",\"valueRequired\":true,\"valueName\":\"search_term_string\"}}],\"inLanguage\":\"et\"},{\"@type\":\"Organization\",\"@id\":\"https:\/\/liviko.eu\/et\/#organization\",\"name\":\"Liviko\",\"url\":\"https:\/\/liviko.eu\/et\/\",\"logo\":{\"@type\":\"ImageObject\",\"inLanguage\":\"et\",\"@id\":\"https:\/\/liviko.eu\/et\/#\/schema\/logo\/image\/\",\"url\":\"https:\/\/liviko.eu\/wp-content\/uploads\/2020\/10\/liviko_logo.png\",\"contentUrl\":\"https:\/\/liviko.eu\/wp-content\/uploads\/2020\/10\/liviko_logo.png\",\"width\":515,\"height\":181,\"caption\":\"Liviko\"},\"image\":{\"@id\":\"https:\/\/liviko.eu\/et\/#\/schema\/logo\/image\/\"},\"sameAs\":[\"https:\/\/www.facebook.com\/LivikoDistillery\/\",\"https:\/\/www.instagram.com\/livikodistillery\",\"https:\/\/www.linkedin.com\/company\/liviko\/\",\"https:\/\/www.youtube.com\/channel\/UCnoHr-PaNxBHJO8nMDLVGuA\"]}]}<\/script>\n<!-- \/ Yoast SEO plugin. -->","yoast_head_json":{"title":"Tootmine - Liviko","robots":{"index":"index","follow":"follow","max-snippet":"max-snippet:-1","max-image-preview":"max-image-preview:large","max-video-preview":"max-video-preview:-1"},"canonical":"https:\/\/liviko.eu\/et\/tootmine\/","og_locale":"et_EE","og_type":"article","og_title":"Tootmine - Liviko","og_url":"https:\/\/liviko.eu\/et\/tootmine\/","og_site_name":"Liviko","article_publisher":"https:\/\/www.facebook.com\/LivikoDistillery\/","article_modified_time":"2024-12-02T08:59:10+00:00","og_image":[{"width":2560,"height":611,"url":"https:\/\/liviko.eu\/wp-content\/uploads\/2024\/02\/2560x611_Crafters_koduka_uudise_riba_2.jpg","type":"image\/jpeg"}],"twitter_card":"summary_large_image","schema":{"@context":"https:\/\/schema.org","@graph":[{"@type":"WebPage","@id":"https:\/\/liviko.eu\/et\/tootmine\/","url":"https:\/\/liviko.eu\/et\/tootmine\/","name":"Tootmine - Liviko","isPartOf":{"@id":"https:\/\/liviko.eu\/et\/#website"},"primaryImageOfPage":{"@id":"https:\/\/liviko.eu\/et\/tootmine\/#primaryimage"},"image":{"@id":"https:\/\/liviko.eu\/et\/tootmine\/#primaryimage"},"thumbnailUrl":"https:\/\/liviko.eu\/wp-content\/uploads\/2024\/02\/2560x611_Crafters_koduka_uudise_riba_2.jpg","datePublished":"2020-07-02T14:09:48+00:00","dateModified":"2024-12-02T08:59:10+00:00","breadcrumb":{"@id":"https:\/\/liviko.eu\/et\/tootmine\/#breadcrumb"},"inLanguage":"et","potentialAction":[{"@type":"ReadAction","target":["https:\/\/liviko.eu\/et\/tootmine\/"]}]},{"@type":"ImageObject","inLanguage":"et","@id":"https:\/\/liviko.eu\/et\/tootmine\/#primaryimage","url":"https:\/\/liviko.eu\/wp-content\/uploads\/2024\/02\/2560x611_Crafters_koduka_uudise_riba_2.jpg","contentUrl":"https:\/\/liviko.eu\/wp-content\/uploads\/2024\/02\/2560x611_Crafters_koduka_uudise_riba_2.jpg","width":2560,"height":611},{"@type":"BreadcrumbList","@id":"https:\/\/liviko.eu\/et\/tootmine\/#breadcrumb","itemListElement":[{"@type":"ListItem","position":1,"name":"Home","item":"https:\/\/liviko.eu\/et\/"},{"@type":"ListItem","position":2,"name":"Tootmine"}]},{"@type":"WebSite","@id":"https:\/\/liviko.eu\/et\/#website","url":"https:\/\/liviko.eu\/et\/","name":"Liviko","description":"anno 1898","publisher":{"@id":"https:\/\/liviko.eu\/et\/#organization"},"potentialAction":[{"@type":"SearchAction","target":{"@type":"EntryPoint","urlTemplate":"https:\/\/liviko.eu\/et\/?s={search_term_string}"},"query-input":{"@type":"PropertyValueSpecification","valueRequired":true,"valueName":"search_term_string"}}],"inLanguage":"et"},{"@type":"Organization","@id":"https:\/\/liviko.eu\/et\/#organization","name":"Liviko","url":"https:\/\/liviko.eu\/et\/","logo":{"@type":"ImageObject","inLanguage":"et","@id":"https:\/\/liviko.eu\/et\/#\/schema\/logo\/image\/","url":"https:\/\/liviko.eu\/wp-content\/uploads\/2020\/10\/liviko_logo.png","contentUrl":"https:\/\/liviko.eu\/wp-content\/uploads\/2020\/10\/liviko_logo.png","width":515,"height":181,"caption":"Liviko"},"image":{"@id":"https:\/\/liviko.eu\/et\/#\/schema\/logo\/image\/"},"sameAs":["https:\/\/www.facebook.com\/LivikoDistillery\/","https:\/\/www.instagram.com\/livikodistillery","https:\/\/www.linkedin.com\/company\/liviko\/","https:\/\/www.youtube.com\/channel\/UCnoHr-PaNxBHJO8nMDLVGuA"]}]}},"_links":{"self":[{"href":"https:\/\/liviko.eu\/et\/wp-json\/wp\/v2\/pages\/172","targetHints":{"allow":["GET"]}}],"collection":[{"href":"https:\/\/liviko.eu\/et\/wp-json\/wp\/v2\/pages"}],"about":[{"href":"https:\/\/liviko.eu\/et\/wp-json\/wp\/v2\/types\/page"}],"author":[{"embeddable":true,"href":"https:\/\/liviko.eu\/et\/wp-json\/wp\/v2\/users\/1"}],"replies":[{"embeddable":true,"href":"https:\/\/liviko.eu\/et\/wp-json\/wp\/v2\/comments?post=172"}],"version-history":[{"count":278,"href":"https:\/\/liviko.eu\/et\/wp-json\/wp\/v2\/pages\/172\/revisions"}],"predecessor-version":[{"id":52008,"href":"https:\/\/liviko.eu\/et\/wp-json\/wp\/v2\/pages\/172\/revisions\/52008"}],"wp:featuredmedia":[{"embeddable":true,"href":"https:\/\/liviko.eu\/et\/wp-json\/wp\/v2\/media\/51956"}],"wp:attachment":[{"href":"https:\/\/liviko.eu\/et\/wp-json\/wp\/v2\/media?parent=172"}],"wp:term":[{"taxonomy":"category","embeddable":true,"href":"https:\/\/liviko.eu\/et\/wp-json\/wp\/v2\/categories?post=172"}],"curies":[{"name":"wp","href":"https:\/\/api.w.org\/{rel}","templated":true}]}}