{"id":176,"date":"2020-07-02T14:10:32","date_gmt":"2020-07-02T14:10:32","guid":{"rendered":"http:\/\/liviko.eu\/?page_id=176"},"modified":"2025-02-03T07:06:52","modified_gmt":"2025-02-03T07:06:52","slug":"meist","status":"publish","type":"page","link":"https:\/\/liviko.eu\/et\/meist\/","title":{"rendered":"Meist"},"content":{"rendered":"<div id=\"pageHeader-block_598d64201298d687be98e066ab6e5a83\" class=\" c-contentBlock c-pageHeader\" data-block-type=\"Page header\">\n                    <h1 class=\"c-pageHeader__title\">Oleme Baltimaade juhtiv kvaliteetalkoholi grupp <\/h1>\n                            <div class=\"c-pageHeader__text t-text\"><p>Eesti alkoholit\u00f6\u00f6stuse lipulaevaks t\u00f5usnud Livikost on kujunenud kiiresti arenev ja edukas rahvusvaheline alkoholigrupp. Liviko on v\u00e4\u00e4rtuslik ja eelistatud partner maailma tippklassi kuuluvate kaubam\u00e4rkide esindamisel Baltimaades.<\/p>\n<\/div>\n                \n<\/div>\n<a id=\"page-176-body\"><\/a>\n\n<div id=\"mediaBlock-block_73ee09291aff196c193df759bd81a039\" class=\" c-contentBlock c-mediaBlock c-mediaBlock--align-right c-mediaBlock--valign-top c-mediaBlock--size-small c-mediaBlock--imageHeight-normal\" data-block-type=\"Media block\">\n   \n                \n     <div class=\"c-mediaBlock__media\" style=\"\"\">\n        <img fetchpriority=\"high\" decoding=\"async\" width=\"530\" height=\"800\" src=\"https:\/\/liviko.eu\/wp-content\/uploads\/2021\/01\/Janek_kodulehele_portrait-1.jpg\" class=\"c-mediaBlock__image\" alt=\"Janek Kalvi\" srcset=\"https:\/\/liviko.eu\/wp-content\/uploads\/2021\/01\/Janek_kodulehele_portrait-1.jpg 530w, https:\/\/liviko.eu\/wp-content\/uploads\/2021\/01\/Janek_kodulehele_portrait-1-212x320.jpg 212w\" sizes=\"(max-width: 530px) 100vw, 530px\" \/>    <\/div>\n     <div class=\"c-mediaBlock__body\">\n                <div class=\"c-mediaBlock__content\">\n            <div class=\"t-text\">\n            <p>Meie tugevus on maailmakuulsate kaubam\u00e4rkide esindamine ja turundamine Eestis, L\u00e4tis ja Leedus. Esitleme uhkusega meile usaldatud br\u00e4nde: Bacardi, Martini, Bombay, Remy Martin, Cointreau, Botanist,\u00a0 Metaxa, St.Remy, Grey Goose, Whyte &amp; Mackay, Boulard, Otard, Jack Daniel\u2019s, Fentimans jt.<\/p>\n<p>Liviko on \u00fcks suurimaid veinide edasim\u00fc\u00fcjaid Baltikumis ja meie veinivalikus on ca 700 erinevat veini Vanast ja Uuest Maailmast.<\/p>\n<p>Esindame olulisi kaubam\u00e4rke nagu Champagne Deutz, Maison Louis Jadot, Jean-Marc Brocard, Maison Delas Fr\u00e8res, Les Vins Georges Duboeuf, Barone Ricasoli, Fontanafredda, Carpen\u00e9 Malvolti, Marco Felluga, Rocca delle Macie, Sella &amp; Mosca, Marqu\u00e9s de C\u00e0ceres, Familia Fern\u00e1ndez Rivera, Bodegas Murviedro, La Rioja Alta, Weingut Johannishof, Vi\u00f1a Cono Sur, Hardys Wines, Chateau Ste. Michelle, Saint Clair Family Estate, Vi\u00f1a Carmen, Spier, jt. Nautimuse keskkonnast leiab kogu Liviko veinivaliku ja Nautimuse m\u00e4rgistusega soovitused, mille on v\u00e4lja valinud Eesti hinnatuimad sommeljeed.<\/p>\n<p>Meie 126-aastasele ettev\u00f5ttele teevad au meie rahvusvaheliselt tunnustatud kaubam\u00e4rgid: Vana Tallinn, Crafter\u2019s Gin, H\u00f5be Vodka, Viru Valge, Bellingshausen Vodka. Meie joogid on esindatud trenditeadlikus ja n\u00f5udlikus duty free ja travel retail\u2019i sektoris ning rohkem kui 60 turul Euroopas, Ameerikas, Aasias ja Okeaanias.<\/p>\n<p>Liviko on vastutustundlik, kvaliteeti, traditsioone ning kultuurset alkoholitarbimist v\u00e4\u00e4rtustav rahvusvaheline ettev\u00f5te. Me arendame oma br\u00e4nde hoole ja armastusega, esitleme teisi maailma kvaliteetalkoholi tootjaid lugupidamisega ning oleme igas olukorras usaldusv\u00e4\u00e4rne partner.<\/p>\n            <\/div>\n                            \n        <\/div>\n    <\/div>\n<\/div>\n\n\n<div id=\"spacer-block_1b4c694844bccf2a87b4a63971ed0f1a\" class=\"c-contentBlock c-spacerContainer\"  data-block-type=\"Spacer\">\n   <hr class=\"  c-spacer c-spacer--size-3 c-spacer--line\" >\n<\/div>\n\n\n<div id=\"pageHeader-block_5c87fdc29e72e969787547d5086c19dd\" class=\" c-contentBlock c-pageHeader\" data-block-type=\"Page header\">\n                    <h2 class=\"c-pageHeader__title\">Liviko t\u00e4na<\/h2>\n                            <div class=\"c-pageHeader__text t-text\"><p>Liviko on rahvusvaheline kiirelt arenev kvaliteetalkoholi grupp, mis m\u00fc\u00fcb omatooteid 60 turul ja esindab maailma juhtivaid kvaliteetalkoholi br\u00e4nde Baltimaades.<\/p>\n<\/div>\n                \n<\/div>\n<a id=\"page-176-body\"><\/a>\n\n\n<figure class=\"wp-block-image alignwide size-large\"><img decoding=\"async\" width=\"897\" height=\"147\" src=\"https:\/\/liviko.eu\/wp-content\/uploads\/2023\/03\/liviko_info_est_2023.svg\" alt=\"\" class=\"wp-image-41353\"\/><\/figure>\n\n\n\n<div id=\"featureBlocks-block_d040aff94a9fc1c4e55e32d1710b77f3\" class=\" c-contentBlock c-featureBlocks c-featureBlocks--type-expanded c-featureBlocks--grid-columns\" data-block-type=\"Feature blocks: expanded\">\n   <div class=\"c-featureBlocksGroup\">\n\n\n                          <div class=\"c-featureBlocks__item\">\n                \n                \n                    <div class=\"c-featureBlocks__item-block\"    >\n\n                                                                                            <div class=\"c-featureBlock__imageContainer\">\n                                <img decoding=\"async\" width=\"800\" height=\"800\" src=\"https:\/\/liviko.eu\/wp-content\/uploads\/2020\/09\/Urvo_toota-meiega-1.jpg\" class=\"c-featureBlock__image\" alt=\"T\u00f6\u00f6ta meiega\" srcset=\"https:\/\/liviko.eu\/wp-content\/uploads\/2020\/09\/Urvo_toota-meiega-1.jpg 800w, https:\/\/liviko.eu\/wp-content\/uploads\/2020\/09\/Urvo_toota-meiega-1-480x480.jpg 480w, https:\/\/liviko.eu\/wp-content\/uploads\/2020\/09\/Urvo_toota-meiega-1-768x768.jpg 768w, https:\/\/liviko.eu\/wp-content\/uploads\/2020\/09\/Urvo_toota-meiega-1-320x320.jpg 320w\" sizes=\"(max-width: 800px) 100vw, 800px\" \/>                                <\/div>\n                               \n\n                            <div class=\"c-featureBlocks__item-body\">\n                                    <h3 class=\"c-featureBlocks__item-title\">T\u00f6\u00f6ta meiega<\/h3>\n                                    <div class=\"t-text\">\n                                        <p>S\u00f5bralikkus, lahendustele avatus ja vastastikku lugupidavad suhted nii kolleegide kui ka partneritega on Liviko k\u00f5rge usaldusv\u00e4\u00e4rsuse nurgakivi. Oleme uuele avatud ja v\u00e4\u00e4rindame traditsioone.<\/p>\n<ul>\n<li><span class=\"type--brand\"><a href=\"https:\/\/liviko.eu\/et\/meist\/toota-meiega\/\">LOE ROHKEM<\/a><\/span><\/li>\n<\/ul>\n                                    <\/div>\n                            <\/div>\n\n                    <\/div>    \n                        \n\n\n                            \n            <\/div>\n            \n                    <div class=\"c-featureBlocks__item\">\n                \n                \n                    <div class=\"c-featureBlocks__item-block\"    >\n\n                                                                                            <div class=\"c-featureBlock__imageContainer\">\n                                <img loading=\"lazy\" decoding=\"async\" width=\"800\" height=\"800\" src=\"https:\/\/liviko.eu\/wp-content\/uploads\/2020\/10\/ATML_800x800.png\" class=\"c-featureBlock__image\" alt=\"Sotsiaalne vastutus\" srcset=\"https:\/\/liviko.eu\/wp-content\/uploads\/2020\/10\/ATML_800x800.png 800w, https:\/\/liviko.eu\/wp-content\/uploads\/2020\/10\/ATML_800x800-480x480.png 480w, https:\/\/liviko.eu\/wp-content\/uploads\/2020\/10\/ATML_800x800-768x768.png 768w, https:\/\/liviko.eu\/wp-content\/uploads\/2020\/10\/ATML_800x800-320x320.png 320w\" sizes=\"(max-width: 800px) 100vw, 800px\" \/>                                <\/div>\n                               \n\n                            <div class=\"c-featureBlocks__item-body\">\n                                    <h3 class=\"c-featureBlocks__item-title\">Sotsiaalne vastutus<\/h3>\n                                    <div class=\"t-text\">\n                                        <p>Teadliku alkoholi tarbimise kultuuri edendajana on Liviko pikaajaline sommeljeede ja baarmenite assotsiatsioonide suurtoetaja Eestis, L\u00e4tis ja Leedus. Tunneme vastutust joogikultuuri edendamise eest Baltimaades. Soovime, et klaas vett oleks alkohoolse joogi k\u00f5rval osa joogikultuurist.<\/p>\n<ul>\n<li><span class=\"type--brand\"><a href=\"https:\/\/liviko.eu\/et\/meist\/sotsiaalne-vastutus\/\">LOE ROHKEM<\/a><\/span><\/li>\n<\/ul>\n                                    <\/div>\n                            <\/div>\n\n                    <\/div>    \n                        \n\n\n                            \n            <\/div>\n            \n                    <div class=\"c-featureBlocks__item\">\n                \n                \n                    <div class=\"c-featureBlocks__item-block\"    >\n\n                                                                                            <div class=\"c-featureBlock__imageContainer\">\n                                <img loading=\"lazy\" decoding=\"async\" width=\"800\" height=\"800\" src=\"https:\/\/liviko.eu\/wp-content\/uploads\/2020\/08\/ERSO_ruut.jpg\" class=\"c-featureBlock__image\" alt=\"Koost\u00f6\u00f6\" srcset=\"https:\/\/liviko.eu\/wp-content\/uploads\/2020\/08\/ERSO_ruut.jpg 800w, https:\/\/liviko.eu\/wp-content\/uploads\/2020\/08\/ERSO_ruut-480x480.jpg 480w, https:\/\/liviko.eu\/wp-content\/uploads\/2020\/08\/ERSO_ruut-768x768.jpg 768w, https:\/\/liviko.eu\/wp-content\/uploads\/2020\/08\/ERSO_ruut-320x320.jpg 320w\" sizes=\"(max-width: 800px) 100vw, 800px\" \/>                                <\/div>\n                               \n\n                            <div class=\"c-featureBlocks__item-body\">\n                                    <h3 class=\"c-featureBlocks__item-title\">Koost\u00f6\u00f6<\/h3>\n                                    <div class=\"t-text\">\n                                        <p>Olles kasvanud rahvusvaheliseks grupiks, v\u00e4\u00e4rtustame eriliselt oma s\u00fcnnikohta Eestit, kus asub ka meie 126-aastane tehas. Kohaliku tootjana oleme suunanud oma toetuse valdkondadesse, mille kultuurilist t\u00e4hendust peame Eesti jaoks oluliseks nii koduturul kui ka maailmas.<\/p>\n<ul>\n<li><span class=\"type--brand\"><a href=\"https:\/\/liviko.eu\/et\/meist\/koostoo\/\">LOE ROHKEM<\/a><\/span><\/li>\n<\/ul>\n                                    <\/div>\n                            <\/div>\n\n                    <\/div>    \n                        \n\n\n                            \n            <\/div>\n            \n                <div class=\"c-featureBlocks__item c-featureBlocks__item--empty\"><\/div>\n    <div class=\"c-featureBlocks__item c-featureBlocks__item--empty\"><\/div>\n    <\/div>\n<\/div>\n\n\n\n<p><\/p>\n","protected":false},"excerpt":{"rendered":"","protected":false},"author":1,"featured_media":0,"parent":0,"menu_order":21,"comment_status":"closed","ping_status":"closed","template":"","meta":{"_acf_changed":false,"inline_featured_image":false,"_monsterinsights_skip_tracking":false,"_monsterinsights_sitenote_active":false,"_monsterinsights_sitenote_note":"","_monsterinsights_sitenote_category":0,"footnotes":""},"categories":[],"class_list":["post-176","page","type-page","status-publish","hentry"],"acf":[],"yoast_head":"<!-- This site is optimized with the Yoast SEO plugin v27.5 - https:\/\/yoast.com\/product\/yoast-seo-wordpress\/ -->\n<title>Meist - Liviko<\/title>\n<meta name=\"robots\" content=\"index, follow, max-snippet:-1, max-image-preview:large, max-video-preview:-1\" \/>\n<link rel=\"canonical\" href=\"https:\/\/liviko.eu\/et\/meist\/\" \/>\n<meta property=\"og:locale\" content=\"et_EE\" \/>\n<meta property=\"og:type\" content=\"article\" \/>\n<meta property=\"og:title\" content=\"Meist - Liviko\" \/>\n<meta property=\"og:url\" content=\"https:\/\/liviko.eu\/et\/meist\/\" \/>\n<meta property=\"og:site_name\" content=\"Liviko\" \/>\n<meta property=\"article:publisher\" content=\"https:\/\/www.facebook.com\/LivikoDistillery\/\" \/>\n<meta property=\"article:modified_time\" content=\"2025-02-03T07:06:52+00:00\" \/>\n<meta property=\"og:image\" content=\"https:\/\/liviko.eu\/wp-content\/uploads\/2023\/03\/liviko_info_est_2023.svg\" \/>\n<meta name=\"twitter:card\" content=\"summary_large_image\" \/>\n<meta name=\"twitter:label1\" content=\"Est. reading time\" \/>\n\t<meta name=\"twitter:data1\" content=\"1 minut\" \/>\n<script type=\"application\/ld+json\" class=\"yoast-schema-graph\">{\"@context\":\"https:\\\/\\\/schema.org\",\"@graph\":[{\"@type\":\"WebPage\",\"@id\":\"https:\\\/\\\/liviko.eu\\\/et\\\/meist\\\/\",\"url\":\"https:\\\/\\\/liviko.eu\\\/et\\\/meist\\\/\",\"name\":\"Meist - Liviko\",\"isPartOf\":{\"@id\":\"https:\\\/\\\/liviko.eu\\\/et\\\/#website\"},\"primaryImageOfPage\":{\"@id\":\"https:\\\/\\\/liviko.eu\\\/et\\\/meist\\\/#primaryimage\"},\"image\":{\"@id\":\"https:\\\/\\\/liviko.eu\\\/et\\\/meist\\\/#primaryimage\"},\"thumbnailUrl\":\"https:\\\/\\\/liviko.eu\\\/wp-content\\\/uploads\\\/2023\\\/03\\\/liviko_info_est_2023.svg\",\"datePublished\":\"2020-07-02T14:10:32+00:00\",\"dateModified\":\"2025-02-03T07:06:52+00:00\",\"breadcrumb\":{\"@id\":\"https:\\\/\\\/liviko.eu\\\/et\\\/meist\\\/#breadcrumb\"},\"inLanguage\":\"et\",\"potentialAction\":[{\"@type\":\"ReadAction\",\"target\":[\"https:\\\/\\\/liviko.eu\\\/et\\\/meist\\\/\"]}]},{\"@type\":\"ImageObject\",\"inLanguage\":\"et\",\"@id\":\"https:\\\/\\\/liviko.eu\\\/et\\\/meist\\\/#primaryimage\",\"url\":\"https:\\\/\\\/liviko.eu\\\/wp-content\\\/uploads\\\/2023\\\/03\\\/liviko_info_est_2023.svg\",\"contentUrl\":\"https:\\\/\\\/liviko.eu\\\/wp-content\\\/uploads\\\/2023\\\/03\\\/liviko_info_est_2023.svg\"},{\"@type\":\"BreadcrumbList\",\"@id\":\"https:\\\/\\\/liviko.eu\\\/et\\\/meist\\\/#breadcrumb\",\"itemListElement\":[{\"@type\":\"ListItem\",\"position\":1,\"name\":\"Home\",\"item\":\"https:\\\/\\\/liviko.eu\\\/et\\\/\"},{\"@type\":\"ListItem\",\"position\":2,\"name\":\"Meist\"}]},{\"@type\":\"WebSite\",\"@id\":\"https:\\\/\\\/liviko.eu\\\/et\\\/#website\",\"url\":\"https:\\\/\\\/liviko.eu\\\/et\\\/\",\"name\":\"Liviko\",\"description\":\"anno 1898\",\"publisher\":{\"@id\":\"https:\\\/\\\/liviko.eu\\\/et\\\/#organization\"},\"potentialAction\":[{\"@type\":\"SearchAction\",\"target\":{\"@type\":\"EntryPoint\",\"urlTemplate\":\"https:\\\/\\\/liviko.eu\\\/et\\\/?s={search_term_string}\"},\"query-input\":{\"@type\":\"PropertyValueSpecification\",\"valueRequired\":true,\"valueName\":\"search_term_string\"}}],\"inLanguage\":\"et\"},{\"@type\":\"Organization\",\"@id\":\"https:\\\/\\\/liviko.eu\\\/et\\\/#organization\",\"name\":\"Liviko\",\"url\":\"https:\\\/\\\/liviko.eu\\\/et\\\/\",\"logo\":{\"@type\":\"ImageObject\",\"inLanguage\":\"et\",\"@id\":\"https:\\\/\\\/liviko.eu\\\/et\\\/#\\\/schema\\\/logo\\\/image\\\/\",\"url\":\"https:\\\/\\\/liviko.eu\\\/wp-content\\\/uploads\\\/2020\\\/10\\\/liviko_logo.png\",\"contentUrl\":\"https:\\\/\\\/liviko.eu\\\/wp-content\\\/uploads\\\/2020\\\/10\\\/liviko_logo.png\",\"width\":515,\"height\":181,\"caption\":\"Liviko\"},\"image\":{\"@id\":\"https:\\\/\\\/liviko.eu\\\/et\\\/#\\\/schema\\\/logo\\\/image\\\/\"},\"sameAs\":[\"https:\\\/\\\/www.facebook.com\\\/LivikoDistillery\\\/\",\"https:\\\/\\\/www.instagram.com\\\/livikodistillery\",\"https:\\\/\\\/www.linkedin.com\\\/company\\\/liviko\\\/\",\"https:\\\/\\\/www.youtube.com\\\/channel\\\/UCnoHr-PaNxBHJO8nMDLVGuA\"]}]}<\/script>\n<!-- \/ Yoast SEO plugin. -->","yoast_head_json":{"title":"Meist - Liviko","robots":{"index":"index","follow":"follow","max-snippet":"max-snippet:-1","max-image-preview":"max-image-preview:large","max-video-preview":"max-video-preview:-1"},"canonical":"https:\/\/liviko.eu\/et\/meist\/","og_locale":"et_EE","og_type":"article","og_title":"Meist - Liviko","og_url":"https:\/\/liviko.eu\/et\/meist\/","og_site_name":"Liviko","article_publisher":"https:\/\/www.facebook.com\/LivikoDistillery\/","article_modified_time":"2025-02-03T07:06:52+00:00","og_image":[{"url":"https:\/\/liviko.eu\/wp-content\/uploads\/2023\/03\/liviko_info_est_2023.svg","type":"","width":"","height":""}],"twitter_card":"summary_large_image","twitter_misc":{"Est. reading time":"1 minut"},"schema":{"@context":"https:\/\/schema.org","@graph":[{"@type":"WebPage","@id":"https:\/\/liviko.eu\/et\/meist\/","url":"https:\/\/liviko.eu\/et\/meist\/","name":"Meist - Liviko","isPartOf":{"@id":"https:\/\/liviko.eu\/et\/#website"},"primaryImageOfPage":{"@id":"https:\/\/liviko.eu\/et\/meist\/#primaryimage"},"image":{"@id":"https:\/\/liviko.eu\/et\/meist\/#primaryimage"},"thumbnailUrl":"https:\/\/liviko.eu\/wp-content\/uploads\/2023\/03\/liviko_info_est_2023.svg","datePublished":"2020-07-02T14:10:32+00:00","dateModified":"2025-02-03T07:06:52+00:00","breadcrumb":{"@id":"https:\/\/liviko.eu\/et\/meist\/#breadcrumb"},"inLanguage":"et","potentialAction":[{"@type":"ReadAction","target":["https:\/\/liviko.eu\/et\/meist\/"]}]},{"@type":"ImageObject","inLanguage":"et","@id":"https:\/\/liviko.eu\/et\/meist\/#primaryimage","url":"https:\/\/liviko.eu\/wp-content\/uploads\/2023\/03\/liviko_info_est_2023.svg","contentUrl":"https:\/\/liviko.eu\/wp-content\/uploads\/2023\/03\/liviko_info_est_2023.svg"},{"@type":"BreadcrumbList","@id":"https:\/\/liviko.eu\/et\/meist\/#breadcrumb","itemListElement":[{"@type":"ListItem","position":1,"name":"Home","item":"https:\/\/liviko.eu\/et\/"},{"@type":"ListItem","position":2,"name":"Meist"}]},{"@type":"WebSite","@id":"https:\/\/liviko.eu\/et\/#website","url":"https:\/\/liviko.eu\/et\/","name":"Liviko","description":"anno 1898","publisher":{"@id":"https:\/\/liviko.eu\/et\/#organization"},"potentialAction":[{"@type":"SearchAction","target":{"@type":"EntryPoint","urlTemplate":"https:\/\/liviko.eu\/et\/?s={search_term_string}"},"query-input":{"@type":"PropertyValueSpecification","valueRequired":true,"valueName":"search_term_string"}}],"inLanguage":"et"},{"@type":"Organization","@id":"https:\/\/liviko.eu\/et\/#organization","name":"Liviko","url":"https:\/\/liviko.eu\/et\/","logo":{"@type":"ImageObject","inLanguage":"et","@id":"https:\/\/liviko.eu\/et\/#\/schema\/logo\/image\/","url":"https:\/\/liviko.eu\/wp-content\/uploads\/2020\/10\/liviko_logo.png","contentUrl":"https:\/\/liviko.eu\/wp-content\/uploads\/2020\/10\/liviko_logo.png","width":515,"height":181,"caption":"Liviko"},"image":{"@id":"https:\/\/liviko.eu\/et\/#\/schema\/logo\/image\/"},"sameAs":["https:\/\/www.facebook.com\/LivikoDistillery\/","https:\/\/www.instagram.com\/livikodistillery","https:\/\/www.linkedin.com\/company\/liviko\/","https:\/\/www.youtube.com\/channel\/UCnoHr-PaNxBHJO8nMDLVGuA"]}]}},"_links":{"self":[{"href":"https:\/\/liviko.eu\/et\/wp-json\/wp\/v2\/pages\/176","targetHints":{"allow":["GET"]}}],"collection":[{"href":"https:\/\/liviko.eu\/et\/wp-json\/wp\/v2\/pages"}],"about":[{"href":"https:\/\/liviko.eu\/et\/wp-json\/wp\/v2\/types\/page"}],"author":[{"embeddable":true,"href":"https:\/\/liviko.eu\/et\/wp-json\/wp\/v2\/users\/1"}],"replies":[{"embeddable":true,"href":"https:\/\/liviko.eu\/et\/wp-json\/wp\/v2\/comments?post=176"}],"version-history":[{"count":314,"href":"https:\/\/liviko.eu\/et\/wp-json\/wp\/v2\/pages\/176\/revisions"}],"predecessor-version":[{"id":55319,"href":"https:\/\/liviko.eu\/et\/wp-json\/wp\/v2\/pages\/176\/revisions\/55319"}],"wp:attachment":[{"href":"https:\/\/liviko.eu\/et\/wp-json\/wp\/v2\/media?parent=176"}],"wp:term":[{"taxonomy":"category","embeddable":true,"href":"https:\/\/liviko.eu\/et\/wp-json\/wp\/v2\/categories?post=176"}],"curies":[{"name":"wp","href":"https:\/\/api.w.org\/{rel}","templated":true}]}}