{"id":19396,"date":"2020-09-11T07:51:51","date_gmt":"2020-09-11T07:51:51","guid":{"rendered":"http:\/\/liviko.eu\/?page_id=19396"},"modified":"2025-06-18T11:28:06","modified_gmt":"2025-06-18T11:28:06","slug":"travel-safe","status":"publish","type":"page","link":"https:\/\/liviko.eu\/et\/tootmine\/travel-safe\/","title":{"rendered":"Travel Safe"},"content":{"rendered":"<div id=\"mediaBlock-block_5f1f039c03124\" class=\" c-contentBlock c-mediaBlock c-mediaBlock--align-left c-mediaBlock--valign-center c-mediaBlock--size-extra-small c-mediaBlock--imageHeight-small\" data-block-type=\"Media block\">\n   \n                \n     <div class=\"c-mediaBlock__media\" style=\"\"\">\n        <img fetchpriority=\"high\" decoding=\"async\" width=\"522\" height=\"1000\" src=\"https:\/\/liviko.eu\/wp-content\/uploads\/2020\/09\/Travel-Safe-bio-vodka-100ml-WEB.jpg\" class=\"c-mediaBlock__image\" alt=\"Travel Safe Bio Vodka\" srcset=\"https:\/\/liviko.eu\/wp-content\/uploads\/2020\/09\/Travel-Safe-bio-vodka-100ml-WEB.jpg 522w, https:\/\/liviko.eu\/wp-content\/uploads\/2020\/09\/Travel-Safe-bio-vodka-100ml-WEB-480x920.jpg 480w, https:\/\/liviko.eu\/wp-content\/uploads\/2020\/09\/Travel-Safe-bio-vodka-100ml-WEB-167x320.jpg 167w\" sizes=\"(max-width: 522px) 100vw, 522px\" \/>    <\/div>\n     <div class=\"c-mediaBlock__body\">\n                    <h2 class=\"c-mediaBlock__title\">Travel Safe Bio Vodka<\/h2>\n                <div class=\"c-mediaBlock__content\">\n            <div class=\"t-text\">\n            <p>Innovaatiline Travel Safe Bio Vodka sobib nii kokteilide valmistamiseks kui ka k\u00e4te, toidu ja erinevate pindade desinfitseerimiseks.<\/p>\n<p>Liviko t\u00f5i uuendusmeelse Travel Safe Bio Vodka (60% vol) m\u00fc\u00fcki 2020. aastal just <em>duty-free<\/em> ja reisikaubanduse turgudele m\u00f5eldes, et pakkuda reisijatele mugavat v\u00f5imalust k\u00e4te, pindade ja puuviljade puhastamiseks. Sobivas m\u00f5\u00f5dus v\u00e4ike pudel (100 ml) ja selle valamisotsik on disainitud just reisimisele m\u00f5eldes.<\/p>\n<p>Mahepiiritusest valmistatud Travel Safe Bio Vodka sobib kokteilide valmistamiseks.<\/p>\n<p>Viina desinfitseeriva toime annab tavap\u00e4rasest k\u00f5rgem alkoholisisaldus 60% vol.<\/p>\n<p>Travel Safe! Reisi turvaliselt!<\/p>\n<p><strong>Auhinnad:\u00a0<\/strong><\/p>\n<ul>\n<li>Travel Retail Awards 2020 Drinks Innovation of the Year \u2013 II koht<\/li>\n<\/ul>\n            <\/div>\n                            \n        <\/div>\n    <\/div>\n<\/div>\n\n\n<div id=\"featureBlocks-block_5f1f03be03125\" class=\" c-contentBlock c-featureBlocks c-featureBlocks--type-expanded c-featureBlocks--grid-columns\" data-block-type=\"Feature blocks: expanded\">\n   <div class=\"c-featureBlocksGroup\">\n\n\n                          <div class=\"c-featureBlocks__item\">\n                \n                \n                    <div class=\"c-featureBlocks__item-block\"    >\n\n                                                                                            <div class=\"c-featureBlock__imageContainer\">\n                                <img decoding=\"async\" width=\"800\" height=\"800\" src=\"https:\/\/liviko.eu\/wp-content\/uploads\/2020\/09\/travelsafe_usp1.jpg\" class=\"c-featureBlock__image\" alt=\"\" srcset=\"https:\/\/liviko.eu\/wp-content\/uploads\/2020\/09\/travelsafe_usp1.jpg 800w, https:\/\/liviko.eu\/wp-content\/uploads\/2020\/09\/travelsafe_usp1-480x480.jpg 480w, https:\/\/liviko.eu\/wp-content\/uploads\/2020\/09\/travelsafe_usp1-768x768.jpg 768w, https:\/\/liviko.eu\/wp-content\/uploads\/2020\/09\/travelsafe_usp1-320x320.jpg 320w\" sizes=\"(max-width: 800px) 100vw, 800px\" \/>                                <\/div>\n                               \n\n                            <div class=\"c-featureBlocks__item-body\">\n                                    <h3 class=\"c-featureBlocks__item-title\"><\/h3>\n                                    <div class=\"t-text\">\n                                        <p><strong>K\u00e4te desinfitseerimiseks<br \/>\n<\/strong><\/p>\n                                    <\/div>\n                            <\/div>\n\n                    <\/div>    \n                        \n\n\n                            \n            <\/div>\n            \n                    <div class=\"c-featureBlocks__item\">\n                \n                \n                    <div class=\"c-featureBlocks__item-block\"    >\n\n                                                                                            <div class=\"c-featureBlock__imageContainer\">\n                                <img decoding=\"async\" width=\"800\" height=\"800\" src=\"https:\/\/liviko.eu\/wp-content\/uploads\/2020\/09\/travelsafe_usp3.jpg\" class=\"c-featureBlock__image\" alt=\"\" srcset=\"https:\/\/liviko.eu\/wp-content\/uploads\/2020\/09\/travelsafe_usp3.jpg 800w, https:\/\/liviko.eu\/wp-content\/uploads\/2020\/09\/travelsafe_usp3-480x480.jpg 480w, https:\/\/liviko.eu\/wp-content\/uploads\/2020\/09\/travelsafe_usp3-768x768.jpg 768w, https:\/\/liviko.eu\/wp-content\/uploads\/2020\/09\/travelsafe_usp3-320x320.jpg 320w\" sizes=\"(max-width: 800px) 100vw, 800px\" \/>                                <\/div>\n                               \n\n                            <div class=\"c-featureBlocks__item-body\">\n                                    <h3 class=\"c-featureBlocks__item-title\"><\/h3>\n                                    <div class=\"t-text\">\n                                        <p><strong>Toiduainete ja pindade puhastamiseks<\/strong><\/p>\n                                    <\/div>\n                            <\/div>\n\n                    <\/div>    \n                        \n\n\n                            \n            <\/div>\n            \n                    <div class=\"c-featureBlocks__item\">\n                \n                \n                    <div class=\"c-featureBlocks__item-block\"    >\n\n                                                                                            <div class=\"c-featureBlock__imageContainer\">\n                                <img loading=\"lazy\" decoding=\"async\" width=\"800\" height=\"800\" src=\"https:\/\/liviko.eu\/wp-content\/uploads\/2020\/09\/travelsafe_usp2.jpg\" class=\"c-featureBlock__image\" alt=\"\" srcset=\"https:\/\/liviko.eu\/wp-content\/uploads\/2020\/09\/travelsafe_usp2.jpg 800w, https:\/\/liviko.eu\/wp-content\/uploads\/2020\/09\/travelsafe_usp2-480x480.jpg 480w, https:\/\/liviko.eu\/wp-content\/uploads\/2020\/09\/travelsafe_usp2-768x768.jpg 768w, https:\/\/liviko.eu\/wp-content\/uploads\/2020\/09\/travelsafe_usp2-320x320.jpg 320w\" sizes=\"(max-width: 800px) 100vw, 800px\" \/>                                <\/div>\n                               \n\n                            <div class=\"c-featureBlocks__item-body\">\n                                    <h3 class=\"c-featureBlocks__item-title\"><\/h3>\n                                    <div class=\"t-text\">\n                                        <p><strong>Kokteilide valmistamiseks<br \/>\n<\/strong><\/p>\n                                    <\/div>\n                            <\/div>\n\n                    <\/div>    \n                        \n\n\n                            \n            <\/div>\n            \n                <div class=\"c-featureBlocks__item c-featureBlocks__item--empty\"><\/div>\n    <div class=\"c-featureBlocks__item c-featureBlocks__item--empty\"><\/div>\n    <\/div>\n<\/div>\n\n\n\n<div id=\"spacer-block_5f1f09dd6581d\" class=\"c-contentBlock c-spacerContainer\"  data-block-type=\"Spacer\">\n   <hr class=\"  c-spacer c-spacer--size-3 c-spacer--line\" >\n<\/div>\n\n\n\n<div id=\"relatedItems-block_5f1f04b30312e\" class=\" c-contentBlock c-relatedItems\" data-block-type=\"Related items\" >\n   \n            <h2 class=\"c-relatedItems__title \">SARNASED TOOTED<\/h2>\n     \n    <div class=\"c-relatedItems__content\">\n\n\n    \n\n             \n         \n                \n\n            <a class=\"c-relatedItems__item \" href=\"https:\/\/liviko.eu\/et\/tootmine\/bellingshausen\/\">\n                \n                \n                    <div class=\"c-relatedItems__item-imageContainer\" >\n                        <img loading=\"lazy\" decoding=\"async\" width=\"208\" height=\"320\" src=\"https:\/\/liviko.eu\/wp-content\/uploads\/2020\/08\/Liviko_Bellinghousen-08_straight-whiteOnWhite-208x320.jpg\" class=\"c-relatedItems__item-image\" alt=\"Bellingshausen pudel\" srcset=\"https:\/\/liviko.eu\/wp-content\/uploads\/2020\/08\/Liviko_Bellinghousen-08_straight-whiteOnWhite-208x320.jpg 208w, https:\/\/liviko.eu\/wp-content\/uploads\/2020\/08\/Liviko_Bellinghousen-08_straight-whiteOnWhite-598x920.jpg 598w, https:\/\/liviko.eu\/wp-content\/uploads\/2020\/08\/Liviko_Bellinghousen-08_straight-whiteOnWhite-888x1366.jpg 888w, https:\/\/liviko.eu\/wp-content\/uploads\/2020\/08\/Liviko_Bellinghousen-08_straight-whiteOnWhite-768x1182.jpg 768w, https:\/\/liviko.eu\/wp-content\/uploads\/2020\/08\/Liviko_Bellinghousen-08_straight-whiteOnWhite-998x1536.jpg 998w, https:\/\/liviko.eu\/wp-content\/uploads\/2020\/08\/Liviko_Bellinghousen-08_straight-whiteOnWhite-1331x2048.jpg 1331w, https:\/\/liviko.eu\/wp-content\/uploads\/2020\/08\/Liviko_Bellinghousen-08_straight-whiteOnWhite-scaled.jpg 1664w\" sizes=\"(max-width: 208px) 100vw, 208px\" \/>                    <\/div>\n                    <div class=\"c-relatedItems__item-details\">\n                        <h3 class=\"c-relatedItems__item-title\">Bellingshausen<\/h3>                                            <\/div>\n                \n            <\/a>\n            \n        \n                \n\n            <a class=\"c-relatedItems__item \" href=\"https:\/\/liviko.eu\/et\/tootmine\/hobe\/\">\n                \n                \n                    <div class=\"c-relatedItems__item-imageContainer\" >\n                        <img loading=\"lazy\" decoding=\"async\" width=\"153\" height=\"320\" src=\"https:\/\/liviko.eu\/wp-content\/uploads\/2020\/08\/H\u00f5be_taustata-1-153x320.png\" class=\"c-relatedItems__item-image\" alt=\"H\u00f5be\" srcset=\"https:\/\/liviko.eu\/wp-content\/uploads\/2020\/08\/H\u00f5be_taustata-1-153x320.png 153w, https:\/\/liviko.eu\/wp-content\/uploads\/2020\/08\/H\u00f5be_taustata-1-439x920.png 439w, https:\/\/liviko.eu\/wp-content\/uploads\/2020\/08\/H\u00f5be_taustata-1-652x1366.png 652w, https:\/\/liviko.eu\/wp-content\/uploads\/2020\/08\/H\u00f5be_taustata-1-768x1610.png 768w, https:\/\/liviko.eu\/wp-content\/uploads\/2020\/08\/H\u00f5be_taustata-1-733x1536.png 733w, https:\/\/liviko.eu\/wp-content\/uploads\/2020\/08\/H\u00f5be_taustata-1-977x2048.png 977w, https:\/\/liviko.eu\/wp-content\/uploads\/2020\/08\/H\u00f5be_taustata-1.png 1431w\" sizes=\"(max-width: 153px) 100vw, 153px\" \/>                    <\/div>\n                    <div class=\"c-relatedItems__item-details\">\n                        <h3 class=\"c-relatedItems__item-title\">H\u00f5be<\/h3>                                            <\/div>\n                \n            <\/a>\n            \n        \n                \n\n            <a class=\"c-relatedItems__item \" href=\"https:\/\/liviko.eu\/et\/tootmine\/viru-valge\/\">\n                \n                \n                    <div class=\"c-relatedItems__item-imageContainer\" >\n                        <img loading=\"lazy\" decoding=\"async\" width=\"81\" height=\"320\" src=\"https:\/\/liviko.eu\/wp-content\/uploads\/2020\/08\/Viru-Valge-Vodka-500ml-FULL-81x320.png\" class=\"c-relatedItems__item-image\" alt=\"Viru Valge\" srcset=\"https:\/\/liviko.eu\/wp-content\/uploads\/2020\/08\/Viru-Valge-Vodka-500ml-FULL-81x320.png 81w, https:\/\/liviko.eu\/wp-content\/uploads\/2020\/08\/Viru-Valge-Vodka-500ml-FULL-233x920.png 233w, https:\/\/liviko.eu\/wp-content\/uploads\/2020\/08\/Viru-Valge-Vodka-500ml-FULL-345x1366.png 345w, https:\/\/liviko.eu\/wp-content\/uploads\/2020\/08\/Viru-Valge-Vodka-500ml-FULL-768x3037.png 768w, https:\/\/liviko.eu\/wp-content\/uploads\/2020\/08\/Viru-Valge-Vodka-500ml-FULL-388x1536.png 388w, https:\/\/liviko.eu\/wp-content\/uploads\/2020\/08\/Viru-Valge-Vodka-500ml-FULL-518x2048.png 518w, https:\/\/liviko.eu\/wp-content\/uploads\/2020\/08\/Viru-Valge-Vodka-500ml-FULL.png 1696w\" sizes=\"(max-width: 81px) 100vw, 81px\" \/>                    <\/div>\n                    <div class=\"c-relatedItems__item-details\">\n                        <h3 class=\"c-relatedItems__item-title\">Viru Valge<\/h3>                                            <\/div>\n                \n            <\/a>\n            \n                <\/div>\n<\/div>\n","protected":false},"excerpt":{"rendered":"","protected":false},"author":2,"featured_media":0,"parent":172,"menu_order":17,"comment_status":"closed","ping_status":"closed","template":"","meta":{"_acf_changed":false,"inline_featured_image":false,"_monsterinsights_skip_tracking":false,"_monsterinsights_sitenote_active":false,"_monsterinsights_sitenote_note":"","_monsterinsights_sitenote_category":0,"footnotes":""},"categories":[],"class_list":["post-19396","page","type-page","status-publish","hentry"],"acf":[],"yoast_head":"<!-- This site is optimized with the Yoast SEO plugin v24.0 - https:\/\/yoast.com\/wordpress\/plugins\/seo\/ -->\n<title>Travel Safe - Liviko<\/title>\n<meta name=\"robots\" content=\"index, follow, max-snippet:-1, max-image-preview:large, max-video-preview:-1\" \/>\n<link rel=\"canonical\" href=\"https:\/\/liviko.eu\/et\/tootmine\/travel-safe\/\" \/>\n<meta property=\"og:locale\" content=\"et_EE\" \/>\n<meta property=\"og:type\" content=\"article\" \/>\n<meta property=\"og:title\" content=\"Travel Safe - Liviko\" \/>\n<meta property=\"og:url\" content=\"https:\/\/liviko.eu\/et\/tootmine\/travel-safe\/\" \/>\n<meta property=\"og:site_name\" content=\"Liviko\" \/>\n<meta property=\"article:publisher\" content=\"https:\/\/www.facebook.com\/LivikoDistillery\/\" \/>\n<meta property=\"article:modified_time\" content=\"2025-06-18T11:28:06+00:00\" \/>\n<meta name=\"twitter:card\" content=\"summary_large_image\" \/>\n<script type=\"application\/ld+json\" class=\"yoast-schema-graph\">{\"@context\":\"https:\/\/schema.org\",\"@graph\":[{\"@type\":\"WebPage\",\"@id\":\"https:\/\/liviko.eu\/et\/tootmine\/travel-safe\/\",\"url\":\"https:\/\/liviko.eu\/et\/tootmine\/travel-safe\/\",\"name\":\"Travel Safe - Liviko\",\"isPartOf\":{\"@id\":\"https:\/\/liviko.eu\/et\/#website\"},\"datePublished\":\"2020-09-11T07:51:51+00:00\",\"dateModified\":\"2025-06-18T11:28:06+00:00\",\"breadcrumb\":{\"@id\":\"https:\/\/liviko.eu\/et\/tootmine\/travel-safe\/#breadcrumb\"},\"inLanguage\":\"et\",\"potentialAction\":[{\"@type\":\"ReadAction\",\"target\":[\"https:\/\/liviko.eu\/et\/tootmine\/travel-safe\/\"]}]},{\"@type\":\"BreadcrumbList\",\"@id\":\"https:\/\/liviko.eu\/et\/tootmine\/travel-safe\/#breadcrumb\",\"itemListElement\":[{\"@type\":\"ListItem\",\"position\":1,\"name\":\"Home\",\"item\":\"https:\/\/liviko.eu\/et\/\"},{\"@type\":\"ListItem\",\"position\":2,\"name\":\"Tootmine\",\"item\":\"https:\/\/liviko.eu\/et\/tootmine\/\"},{\"@type\":\"ListItem\",\"position\":3,\"name\":\"Travel Safe\"}]},{\"@type\":\"WebSite\",\"@id\":\"https:\/\/liviko.eu\/et\/#website\",\"url\":\"https:\/\/liviko.eu\/et\/\",\"name\":\"Liviko\",\"description\":\"anno 1898\",\"publisher\":{\"@id\":\"https:\/\/liviko.eu\/et\/#organization\"},\"potentialAction\":[{\"@type\":\"SearchAction\",\"target\":{\"@type\":\"EntryPoint\",\"urlTemplate\":\"https:\/\/liviko.eu\/et\/?s={search_term_string}\"},\"query-input\":{\"@type\":\"PropertyValueSpecification\",\"valueRequired\":true,\"valueName\":\"search_term_string\"}}],\"inLanguage\":\"et\"},{\"@type\":\"Organization\",\"@id\":\"https:\/\/liviko.eu\/et\/#organization\",\"name\":\"Liviko\",\"url\":\"https:\/\/liviko.eu\/et\/\",\"logo\":{\"@type\":\"ImageObject\",\"inLanguage\":\"et\",\"@id\":\"https:\/\/liviko.eu\/et\/#\/schema\/logo\/image\/\",\"url\":\"https:\/\/liviko.eu\/wp-content\/uploads\/2020\/10\/liviko_logo.png\",\"contentUrl\":\"https:\/\/liviko.eu\/wp-content\/uploads\/2020\/10\/liviko_logo.png\",\"width\":515,\"height\":181,\"caption\":\"Liviko\"},\"image\":{\"@id\":\"https:\/\/liviko.eu\/et\/#\/schema\/logo\/image\/\"},\"sameAs\":[\"https:\/\/www.facebook.com\/LivikoDistillery\/\",\"https:\/\/www.instagram.com\/livikodistillery\",\"https:\/\/www.linkedin.com\/company\/liviko\/\",\"https:\/\/www.youtube.com\/channel\/UCnoHr-PaNxBHJO8nMDLVGuA\"]}]}<\/script>\n<!-- \/ Yoast SEO plugin. -->","yoast_head_json":{"title":"Travel Safe - Liviko","robots":{"index":"index","follow":"follow","max-snippet":"max-snippet:-1","max-image-preview":"max-image-preview:large","max-video-preview":"max-video-preview:-1"},"canonical":"https:\/\/liviko.eu\/et\/tootmine\/travel-safe\/","og_locale":"et_EE","og_type":"article","og_title":"Travel Safe - Liviko","og_url":"https:\/\/liviko.eu\/et\/tootmine\/travel-safe\/","og_site_name":"Liviko","article_publisher":"https:\/\/www.facebook.com\/LivikoDistillery\/","article_modified_time":"2025-06-18T11:28:06+00:00","twitter_card":"summary_large_image","schema":{"@context":"https:\/\/schema.org","@graph":[{"@type":"WebPage","@id":"https:\/\/liviko.eu\/et\/tootmine\/travel-safe\/","url":"https:\/\/liviko.eu\/et\/tootmine\/travel-safe\/","name":"Travel Safe - Liviko","isPartOf":{"@id":"https:\/\/liviko.eu\/et\/#website"},"datePublished":"2020-09-11T07:51:51+00:00","dateModified":"2025-06-18T11:28:06+00:00","breadcrumb":{"@id":"https:\/\/liviko.eu\/et\/tootmine\/travel-safe\/#breadcrumb"},"inLanguage":"et","potentialAction":[{"@type":"ReadAction","target":["https:\/\/liviko.eu\/et\/tootmine\/travel-safe\/"]}]},{"@type":"BreadcrumbList","@id":"https:\/\/liviko.eu\/et\/tootmine\/travel-safe\/#breadcrumb","itemListElement":[{"@type":"ListItem","position":1,"name":"Home","item":"https:\/\/liviko.eu\/et\/"},{"@type":"ListItem","position":2,"name":"Tootmine","item":"https:\/\/liviko.eu\/et\/tootmine\/"},{"@type":"ListItem","position":3,"name":"Travel Safe"}]},{"@type":"WebSite","@id":"https:\/\/liviko.eu\/et\/#website","url":"https:\/\/liviko.eu\/et\/","name":"Liviko","description":"anno 1898","publisher":{"@id":"https:\/\/liviko.eu\/et\/#organization"},"potentialAction":[{"@type":"SearchAction","target":{"@type":"EntryPoint","urlTemplate":"https:\/\/liviko.eu\/et\/?s={search_term_string}"},"query-input":{"@type":"PropertyValueSpecification","valueRequired":true,"valueName":"search_term_string"}}],"inLanguage":"et"},{"@type":"Organization","@id":"https:\/\/liviko.eu\/et\/#organization","name":"Liviko","url":"https:\/\/liviko.eu\/et\/","logo":{"@type":"ImageObject","inLanguage":"et","@id":"https:\/\/liviko.eu\/et\/#\/schema\/logo\/image\/","url":"https:\/\/liviko.eu\/wp-content\/uploads\/2020\/10\/liviko_logo.png","contentUrl":"https:\/\/liviko.eu\/wp-content\/uploads\/2020\/10\/liviko_logo.png","width":515,"height":181,"caption":"Liviko"},"image":{"@id":"https:\/\/liviko.eu\/et\/#\/schema\/logo\/image\/"},"sameAs":["https:\/\/www.facebook.com\/LivikoDistillery\/","https:\/\/www.instagram.com\/livikodistillery","https:\/\/www.linkedin.com\/company\/liviko\/","https:\/\/www.youtube.com\/channel\/UCnoHr-PaNxBHJO8nMDLVGuA"]}]}},"_links":{"self":[{"href":"https:\/\/liviko.eu\/et\/wp-json\/wp\/v2\/pages\/19396","targetHints":{"allow":["GET"]}}],"collection":[{"href":"https:\/\/liviko.eu\/et\/wp-json\/wp\/v2\/pages"}],"about":[{"href":"https:\/\/liviko.eu\/et\/wp-json\/wp\/v2\/types\/page"}],"author":[{"embeddable":true,"href":"https:\/\/liviko.eu\/et\/wp-json\/wp\/v2\/users\/2"}],"replies":[{"embeddable":true,"href":"https:\/\/liviko.eu\/et\/wp-json\/wp\/v2\/comments?post=19396"}],"version-history":[{"count":44,"href":"https:\/\/liviko.eu\/et\/wp-json\/wp\/v2\/pages\/19396\/revisions"}],"predecessor-version":[{"id":24103,"href":"https:\/\/liviko.eu\/et\/wp-json\/wp\/v2\/pages\/19396\/revisions\/24103"}],"up":[{"embeddable":true,"href":"https:\/\/liviko.eu\/et\/wp-json\/wp\/v2\/pages\/172"}],"wp:attachment":[{"href":"https:\/\/liviko.eu\/et\/wp-json\/wp\/v2\/media?parent=19396"}],"wp:term":[{"taxonomy":"category","embeddable":true,"href":"https:\/\/liviko.eu\/et\/wp-json\/wp\/v2\/categories?post=19396"}],"curies":[{"name":"wp","href":"https:\/\/api.w.org\/{rel}","templated":true}]}}