{"id":20792,"date":"2020-10-06T11:45:32","date_gmt":"2020-10-06T11:45:32","guid":{"rendered":"http:\/\/liviko.eu\/meist\/as-liviko-good-business-practice\/"},"modified":"2026-03-26T12:16:01","modified_gmt":"2026-03-26T12:16:01","slug":"as-liviko-good-business-practice","status":"publish","type":"page","link":"https:\/\/liviko.eu\/et\/meist\/as-liviko-good-business-practice\/","title":{"rendered":"Liviko hea \u00e4ritava"},"content":{"rendered":"<div id=\"pageHeader-block_f27a3a85770f3c251134106d2e386fb9\" class=\" c-contentBlock c-pageHeader\" data-block-type=\"Page header\">\n                    <h1 class=\"c-pageHeader__title\">Liviko hea \u00e4ritava<\/h1>\n                        \n<\/div>\n<a id=\"page-20792-body\"><\/a>\n\n\n<p><\/p>\n\n\n<div id=\"textBlocks-block_705a250618cea9006e7f2f06267ab0fa\" class=\" c-contentBlock c-textBlocks\" data-block-type=\"Text blocks\">\n   \n       <div class=\"c-textBlocks__grid\">\n         \n                \n            <div class=\"c-textBlocks__item c-textBlocks__item--width-1 t-text\">\n                <div class=\"c-textBlocks__item-body t-text  c-textBlocks__item-body--textSize-normal\">\n                    <p><!-- wp:paragraph --><\/p>\n<p>Liviko on laia valiku jookide tootmise, impordi ja hulgim\u00fc\u00fcgiga tegelev ettev\u00f5te, kelle koduturuks on Baltimaad ning prioriteetne arengusuund on oma-kaubam\u00e4rkide eksport.<\/p>\n<p><!-- \/wp:paragraph --> <!-- wp:paragraph --><\/p>\n<p>Liviko missiooniks on tarbijate ja edasim\u00fc\u00fcjate hulgas kultuurse, vastutustundliku ja kvaliteeti v\u00e4\u00e4rtustava m\u00f5tteviisi edendamine. Selle saavutamiseks teenindame kliente iga p\u00e4ev aina paremini, tegutsedes samal ajal vastutustundliku ja kestliku ettev\u00f5ttena, mis hoolib oma sidusr\u00fchmadest ja kogukondadest.<\/p>\n<p><!-- \/wp:paragraph --> <!-- wp:paragraph --><\/p>\n<p>Liviko kuulub NG Investeeringud kontserni.<\/p>\n<p><!-- \/wp:paragraph --> <!-- wp:paragraph --><\/p>\n<p>Liviko jaoks on oluline p\u00f5hiv\u00e4\u00e4rtuste ja eeskujuliku \u00e4ritegevuse p\u00f5him\u00f5tete igap\u00e4evane j\u00e4rgimine, et \u00fchelt poolt kaitsta ettev\u00f5tte \u00e4rihuvisid ning mainet, kuid teisalt parandada ka \u00fcldist ettev\u00f5tluskeskkonda.<\/p>\n<p><!-- \/wp:paragraph --> <!-- wp:paragraph --><\/p>\n<p>Liviko p\u00f5hiv\u00e4\u00e4rtusteks on <strong>ausus<\/strong> &#8211; tegutseme avatult ja siiralt ning v\u00e4\u00e4rtustame t\u00f5ep\u00f5hiseid otsuseid; <strong>hoolivus<\/strong>&#8211; oleme s\u00f5bralikud, abivalmid ja avatud lahendustele, mis loovad v\u00e4\u00e4rtust nii inimestele kui ka keskkonnale; <strong>usaldusv\u00e4\u00e4rsus <\/strong>&#8211; peame kinni oma lubadustest ja j\u00e4rgime kehtivaid reegleid; <strong>uuendusmeelsus<\/strong> &#8211; oleme avatud uuenduslikele ja kaasaegsetele ideedele ning p\u00fc\u00fcame alati olla sammukese ees; <strong>avatus<\/strong> \u2013 austame erinevusi ja mitmekesisust, julgustame alati r\u00e4\u00e4kima oma ideedest ja m\u00f5tetest; <strong>keskkonnateadlikkus<\/strong> &#8211; hoolime meid \u00fcmbritsevast keskkonnast ning kasutame ressursse vastutustundlikult ja s\u00e4\u00e4stlikult.<\/p>\n<p><!-- \/wp:paragraph --> <!-- wp:paragraph --><\/p>\n<p>Globaalse majanduse tihedam p\u00f5imumine, \u00fcha pikemad tarne- ja v\u00e4\u00e4rtusahelad ettev\u00f5tluses ning Euroopa \u00fchisturu regulatsioonid loovad vajaduse \u00fchtsete ja v\u00e4\u00e4rtustel p\u00f5hinevate kokkulepete j\u00e4rele. Liviko usub, et vastutustundlik \u00e4ritegevus on konkurentsieelis ja usalduse alus nii klientide, t\u00f6\u00f6tajate kui ka partnerite silmis.<\/p>\n<p><!-- \/wp:paragraph --> <!-- wp:paragraph --><\/p>\n<p>K\u00e4esolev Hea \u00e4ritava moodustab osa Liviko pikaajalisest \u00e4ristrateegiast ja koondab olulisemad p\u00f5him\u00f5tted, millest Liviko juhid, t\u00f6\u00f6tajad ning koost\u00f6\u00f6partnerid on kohustatud oma tegevuses juhinduma.<\/p>\n<p><!-- \/wp:paragraph --> <!-- wp:paragraph --><\/p>\n<p>Hea \u00e4ritava p\u00f5him\u00f5tted tuginevad nii siseriiklikule seadusandlusele kui on koosk\u00f5las rahvusvaheliselt tunnustatud standardite ja kokkulepetega, mis juhivad vastutustundlikku ja kestlikku \u00e4ritegevust.<\/p>\n<p><!-- \/wp:paragraph --> <!-- wp:paragraph --><\/p>\n<p>Lisaks l\u00e4htub Liviko oma \u00e4ritegevuses sisemistest protseduurireeglitest, eeskirjadest ja juhenditest, millega tagatakse Hea \u00e4ritava p\u00f5him\u00f5tete j\u00e4rjepidev ja t\u00f5hus rakendamine.<\/p>\n<p><!-- \/wp:paragraph --> <!-- wp:paragraph --><\/p>\n<p><strong>Dokumendid<\/strong><\/p>\n<p><!-- \/wp:paragraph --> <!-- wp:list --><\/p>\n<ul class=\"wp-block-list\">\n<li style=\"list-style-type: none;\">\n<ul class=\"wp-block-list\">\n<li><a href=\"https:\/\/liviko.eu\/wp-content\/uploads\/2026\/03\/Liviko-eetikakoodeks_150326.pdf\" target=\"_blank\" rel=\"noopener\">Hea \u00e4ritava (PDF)<\/a><\/li>\n<li><a href=\"https:\/\/liviko.eu\/wp-content\/uploads\/2026\/03\/Liviko_Code_of_Conduct_en.pdf\" target=\"_blank\" rel=\"noopener\">Code of Conduct (PDF)<\/a><\/li>\n<li><a href=\"https:\/\/liviko.eu\/wp-content\/uploads\/2026\/03\/Liviko_Code_of_Conduct_ru.pdf\" target=\"_blank\" rel=\"noopener\">\u0414\u043e\u0431\u0440\u043e\u0441\u043e\u0432\u0435\u0441\u0442\u043d\u0430\u044f \u0434\u0435\u043b\u043e\u0432\u0430\u044f \u043f\u0440\u0430\u043a\u0442\u0438\u043a\u0430(PDF)<\/a><\/li>\n<li><a href=\"https:\/\/liviko.eu\/wp-content\/uploads\/2026\/03\/Liviko-keskkonnapoliitika_150326.pdf\" target=\"_blank\" rel=\"noopener\">Keskkonnapoliitika (PDF)\u00a0<\/a><\/li>\n<\/ul>\n<\/li>\n<\/ul>\n<p><!-- \/wp:list --> <!-- wp:paragraph --><\/p>\n<p>&nbsp;<\/p>\n<hr \/>\n<p>&nbsp;<\/p>\n<p><!-- \/wp:paragraph --> <!-- wp:heading --><\/p>\n<h2 class=\"wp-block-heading\">Hea \u00e4ritava rikkumisest teavitamine<\/h2>\n<p><!-- \/wp:heading --> <!-- wp:paragraph --><\/p>\n<p>Avatud, eetilise ning kaasava \u00e4rikultuuri tagamiseks julgustab Liviko iga\u00fcht koheselt tegutsema, kui ta m\u00e4rkab, et keegi eksib Heas \u00e4ritavas toodud p\u00f5him\u00f5tete v\u00f5i k\u00e4itumisnormide vastu. Liviko siseselt pakub selles esmajoones abi ja tuge t\u00f6\u00f6taja otsene juht v\u00f5i personalit\u00f6\u00f6taja, kuid kasutada saab ka anon\u00fc\u00fcmset vihjeliini.<\/p>\n<p><!-- \/wp:paragraph --> <!-- wp:paragraph --><\/p>\n<p>Vihjeliin on avatud k\u00f5igile, kes soovivad teada anda Livikos toimuvatest rikkumistest, sh Hea \u00e4ritava p\u00f5him\u00f5tete eiramisest, mida v\u00f5ivad toime panna nii T\u00f6\u00f6tajad kui ka Partnerid v\u00f5i nende t\u00f6\u00f6tajad.<\/p>\n<p><!-- \/wp:paragraph --> <!-- wp:paragraph --><\/p>\n<p>Teateid v\u00f5tab vastu ja juhtumeid k\u00e4sitleb NG Investeeringud O\u00dc t\u00fctarettev\u00f5tte TKM Grupp AS siseauditi osakond (edaspidi \u201eSAO\u201c) vastava sise-eeskirja alusel, tagades juhtumi uurimise l\u00e4bipaistvuse ning teavitaja isiku konfidentsiaalsuse.<\/p>\n<p><!-- \/wp:paragraph --> <!-- wp:paragraph --><\/p>\n<p>Kui teade puudutab Partneri organisatsioonis toimuvat v\u00f5imalikku rikkumist, edastatakse laekunud info Partnerile ning SAO j\u00e4lgib, et Partner k\u00e4sitleks vihjet n\u00f5uetekohaselt ja rakendaks vajalikud parandusmeetmed. SAO ei vii l\u00e4bi Partneri organisatsiooni-siseseid uurimisi, kuid j\u00e4tab endale \u00f5iguse hinnata Partneri reageeringu piisavust.<\/p>\n<p><strong>E-post:<\/strong> <a href=\"mailto:vihje@nginvest.ee\">vihje@nginvest.ee<\/a><br \/>\n<strong>Telefon:<\/strong> +372 667 3152<br \/>\n<strong>Suhtluskeel:<\/strong> eesti, inglise, vene<\/p>\n<p><!-- \/wp:paragraph --><\/p>\n                <\/div>\n            <\/div>\n\n            \n                    <\/div>\n    \n\n<\/div>","protected":false},"excerpt":{"rendered":"","protected":false},"author":2,"featured_media":0,"parent":176,"menu_order":0,"comment_status":"closed","ping_status":"closed","template":"","meta":{"_acf_changed":false,"inline_featured_image":false,"_monsterinsights_skip_tracking":false,"_monsterinsights_sitenote_active":false,"_monsterinsights_sitenote_note":"","_monsterinsights_sitenote_category":0,"footnotes":""},"categories":[],"class_list":["post-20792","page","type-page","status-publish","hentry"],"acf":[],"yoast_head":"<!-- This site is optimized with the Yoast SEO plugin v24.0 - https:\/\/yoast.com\/wordpress\/plugins\/seo\/ -->\n<title>Liviko hea \u00e4ritava - Liviko<\/title>\n<meta name=\"robots\" content=\"index, follow, max-snippet:-1, max-image-preview:large, max-video-preview:-1\" \/>\n<link rel=\"canonical\" href=\"https:\/\/liviko.eu\/et\/meist\/as-liviko-good-business-practice\/\" \/>\n<meta property=\"og:locale\" content=\"et_EE\" \/>\n<meta property=\"og:type\" content=\"article\" \/>\n<meta property=\"og:title\" content=\"Liviko hea \u00e4ritava - Liviko\" \/>\n<meta property=\"og:url\" content=\"https:\/\/liviko.eu\/et\/meist\/as-liviko-good-business-practice\/\" \/>\n<meta property=\"og:site_name\" content=\"Liviko\" \/>\n<meta property=\"article:publisher\" content=\"https:\/\/www.facebook.com\/LivikoDistillery\/\" \/>\n<meta property=\"article:modified_time\" content=\"2026-03-26T12:16:01+00:00\" \/>\n<meta name=\"twitter:card\" content=\"summary_large_image\" \/>\n<script type=\"application\/ld+json\" class=\"yoast-schema-graph\">{\"@context\":\"https:\/\/schema.org\",\"@graph\":[{\"@type\":\"WebPage\",\"@id\":\"https:\/\/liviko.eu\/et\/meist\/as-liviko-good-business-practice\/\",\"url\":\"https:\/\/liviko.eu\/et\/meist\/as-liviko-good-business-practice\/\",\"name\":\"Liviko hea \u00e4ritava - Liviko\",\"isPartOf\":{\"@id\":\"https:\/\/liviko.eu\/et\/#website\"},\"datePublished\":\"2020-10-06T11:45:32+00:00\",\"dateModified\":\"2026-03-26T12:16:01+00:00\",\"breadcrumb\":{\"@id\":\"https:\/\/liviko.eu\/et\/meist\/as-liviko-good-business-practice\/#breadcrumb\"},\"inLanguage\":\"et\",\"potentialAction\":[{\"@type\":\"ReadAction\",\"target\":[\"https:\/\/liviko.eu\/et\/meist\/as-liviko-good-business-practice\/\"]}]},{\"@type\":\"BreadcrumbList\",\"@id\":\"https:\/\/liviko.eu\/et\/meist\/as-liviko-good-business-practice\/#breadcrumb\",\"itemListElement\":[{\"@type\":\"ListItem\",\"position\":1,\"name\":\"Home\",\"item\":\"https:\/\/liviko.eu\/et\/\"},{\"@type\":\"ListItem\",\"position\":2,\"name\":\"Meist\",\"item\":\"https:\/\/liviko.eu\/et\/meist\/\"},{\"@type\":\"ListItem\",\"position\":3,\"name\":\"Liviko hea \u00e4ritava\"}]},{\"@type\":\"WebSite\",\"@id\":\"https:\/\/liviko.eu\/et\/#website\",\"url\":\"https:\/\/liviko.eu\/et\/\",\"name\":\"Liviko\",\"description\":\"anno 1898\",\"publisher\":{\"@id\":\"https:\/\/liviko.eu\/et\/#organization\"},\"potentialAction\":[{\"@type\":\"SearchAction\",\"target\":{\"@type\":\"EntryPoint\",\"urlTemplate\":\"https:\/\/liviko.eu\/et\/?s={search_term_string}\"},\"query-input\":{\"@type\":\"PropertyValueSpecification\",\"valueRequired\":true,\"valueName\":\"search_term_string\"}}],\"inLanguage\":\"et\"},{\"@type\":\"Organization\",\"@id\":\"https:\/\/liviko.eu\/et\/#organization\",\"name\":\"Liviko\",\"url\":\"https:\/\/liviko.eu\/et\/\",\"logo\":{\"@type\":\"ImageObject\",\"inLanguage\":\"et\",\"@id\":\"https:\/\/liviko.eu\/et\/#\/schema\/logo\/image\/\",\"url\":\"https:\/\/liviko.eu\/wp-content\/uploads\/2020\/10\/liviko_logo.png\",\"contentUrl\":\"https:\/\/liviko.eu\/wp-content\/uploads\/2020\/10\/liviko_logo.png\",\"width\":515,\"height\":181,\"caption\":\"Liviko\"},\"image\":{\"@id\":\"https:\/\/liviko.eu\/et\/#\/schema\/logo\/image\/\"},\"sameAs\":[\"https:\/\/www.facebook.com\/LivikoDistillery\/\",\"https:\/\/www.instagram.com\/livikodistillery\",\"https:\/\/www.linkedin.com\/company\/liviko\/\",\"https:\/\/www.youtube.com\/channel\/UCnoHr-PaNxBHJO8nMDLVGuA\"]}]}<\/script>\n<!-- \/ Yoast SEO plugin. -->","yoast_head_json":{"title":"Liviko hea \u00e4ritava - Liviko","robots":{"index":"index","follow":"follow","max-snippet":"max-snippet:-1","max-image-preview":"max-image-preview:large","max-video-preview":"max-video-preview:-1"},"canonical":"https:\/\/liviko.eu\/et\/meist\/as-liviko-good-business-practice\/","og_locale":"et_EE","og_type":"article","og_title":"Liviko hea \u00e4ritava - Liviko","og_url":"https:\/\/liviko.eu\/et\/meist\/as-liviko-good-business-practice\/","og_site_name":"Liviko","article_publisher":"https:\/\/www.facebook.com\/LivikoDistillery\/","article_modified_time":"2026-03-26T12:16:01+00:00","twitter_card":"summary_large_image","schema":{"@context":"https:\/\/schema.org","@graph":[{"@type":"WebPage","@id":"https:\/\/liviko.eu\/et\/meist\/as-liviko-good-business-practice\/","url":"https:\/\/liviko.eu\/et\/meist\/as-liviko-good-business-practice\/","name":"Liviko hea \u00e4ritava - Liviko","isPartOf":{"@id":"https:\/\/liviko.eu\/et\/#website"},"datePublished":"2020-10-06T11:45:32+00:00","dateModified":"2026-03-26T12:16:01+00:00","breadcrumb":{"@id":"https:\/\/liviko.eu\/et\/meist\/as-liviko-good-business-practice\/#breadcrumb"},"inLanguage":"et","potentialAction":[{"@type":"ReadAction","target":["https:\/\/liviko.eu\/et\/meist\/as-liviko-good-business-practice\/"]}]},{"@type":"BreadcrumbList","@id":"https:\/\/liviko.eu\/et\/meist\/as-liviko-good-business-practice\/#breadcrumb","itemListElement":[{"@type":"ListItem","position":1,"name":"Home","item":"https:\/\/liviko.eu\/et\/"},{"@type":"ListItem","position":2,"name":"Meist","item":"https:\/\/liviko.eu\/et\/meist\/"},{"@type":"ListItem","position":3,"name":"Liviko hea \u00e4ritava"}]},{"@type":"WebSite","@id":"https:\/\/liviko.eu\/et\/#website","url":"https:\/\/liviko.eu\/et\/","name":"Liviko","description":"anno 1898","publisher":{"@id":"https:\/\/liviko.eu\/et\/#organization"},"potentialAction":[{"@type":"SearchAction","target":{"@type":"EntryPoint","urlTemplate":"https:\/\/liviko.eu\/et\/?s={search_term_string}"},"query-input":{"@type":"PropertyValueSpecification","valueRequired":true,"valueName":"search_term_string"}}],"inLanguage":"et"},{"@type":"Organization","@id":"https:\/\/liviko.eu\/et\/#organization","name":"Liviko","url":"https:\/\/liviko.eu\/et\/","logo":{"@type":"ImageObject","inLanguage":"et","@id":"https:\/\/liviko.eu\/et\/#\/schema\/logo\/image\/","url":"https:\/\/liviko.eu\/wp-content\/uploads\/2020\/10\/liviko_logo.png","contentUrl":"https:\/\/liviko.eu\/wp-content\/uploads\/2020\/10\/liviko_logo.png","width":515,"height":181,"caption":"Liviko"},"image":{"@id":"https:\/\/liviko.eu\/et\/#\/schema\/logo\/image\/"},"sameAs":["https:\/\/www.facebook.com\/LivikoDistillery\/","https:\/\/www.instagram.com\/livikodistillery","https:\/\/www.linkedin.com\/company\/liviko\/","https:\/\/www.youtube.com\/channel\/UCnoHr-PaNxBHJO8nMDLVGuA"]}]}},"_links":{"self":[{"href":"https:\/\/liviko.eu\/et\/wp-json\/wp\/v2\/pages\/20792","targetHints":{"allow":["GET"]}}],"collection":[{"href":"https:\/\/liviko.eu\/et\/wp-json\/wp\/v2\/pages"}],"about":[{"href":"https:\/\/liviko.eu\/et\/wp-json\/wp\/v2\/types\/page"}],"author":[{"embeddable":true,"href":"https:\/\/liviko.eu\/et\/wp-json\/wp\/v2\/users\/2"}],"replies":[{"embeddable":true,"href":"https:\/\/liviko.eu\/et\/wp-json\/wp\/v2\/comments?post=20792"}],"version-history":[{"count":45,"href":"https:\/\/liviko.eu\/et\/wp-json\/wp\/v2\/pages\/20792\/revisions"}],"predecessor-version":[{"id":57937,"href":"https:\/\/liviko.eu\/et\/wp-json\/wp\/v2\/pages\/20792\/revisions\/57937"}],"up":[{"embeddable":true,"href":"https:\/\/liviko.eu\/et\/wp-json\/wp\/v2\/pages\/176"}],"wp:attachment":[{"href":"https:\/\/liviko.eu\/et\/wp-json\/wp\/v2\/media?parent=20792"}],"wp:term":[{"taxonomy":"category","embeddable":true,"href":"https:\/\/liviko.eu\/et\/wp-json\/wp\/v2\/categories?post=20792"}],"curies":[{"name":"wp","href":"https:\/\/api.w.org\/{rel}","templated":true}]}}