{"id":220,"date":"2020-07-03T09:26:08","date_gmt":"2020-07-03T09:26:08","guid":{"rendered":"http:\/\/liviko.eu\/?page_id=220"},"modified":"2020-12-15T08:14:23","modified_gmt":"2020-12-15T08:14:23","slug":"muuk-ja-turundus","status":"publish","type":"page","link":"https:\/\/liviko.eu\/et\/distributsioon\/muuk-ja-turundus\/","title":{"rendered":"M\u00fc\u00fck ja Turundus"},"content":{"rendered":"<div id=\"pageHeader-block_5f1f0bd83189e\" class=\" c-contentBlock c-pageHeader\" data-block-type=\"Page header\">\n                    <h1 class=\"c-pageHeader__title\">M\u00fc\u00fck ja turundus<\/h1>\n                            <div class=\"c-pageHeader__text t-text\"><p>Livikol on k\u00f5igis Balti riikides pikaaegne ja edukas rahvusvaheliste br\u00e4ndide esindamise kogemus nii jaekaubanduses kui ka <em>horeca<\/em>\u2019s. Meie professionaalsed meeskonnad Tallinnas, Riias ja Vilniuses tunnevad k\u00f5igi kolme riigi turgu ja eelistusi ning oskavad leida igale br\u00e4ndile v\u00f5imaluse s\u00e4ramiseks.<br \/>\nBaltimaade areneva veinikultuuri toetamiseks oleme loonud Nautimuse br\u00e4ndi, millega t\u00e4histame Liviko sommeljee soovitust.<br \/>\nLiviko grupi klientidel on Baltimaades enam kui 11 000 m\u00fc\u00fcgikohta, millest enamuse moodustab jaekaubandus. Liviko on \u00fcks olulisemaid partnereid kiiresti arenevale <em>horeca<\/em> sektorile Eestis, L\u00e4tis ja Leedus.<\/p>\n<p>&nbsp;<\/p>\n<\/div>\n                \n<\/div>\n<a id=\"page-220-body\"><\/a>\n\n\n<figure class=\"wp-block-image alignwide size-large\"><img decoding=\"async\" src=\"http:\/\/liviko.eu\/wp-content\/uploads\/\/2020\/12\/muuk_est-2.svg\" alt=\"\" class=\"wp-image-23503\"\/><\/figure>\n\n\n\n<div id=\"spacer-block_5f2d359cb220d\" class=\"c-contentBlock c-spacerContainer\"  data-block-type=\"Spacer\">\n   <hr class=\"  c-spacer c-spacer--size-1\" >\n<\/div>\n\n\n<div id=\"mediaBlock-block_5f1eb1a201f1d\" class=\" c-contentBlock c-mediaBlock c-mediaBlock--align-left c-mediaBlock--valign-center c-mediaBlock--size-regular c-mediaBlock--imageHeight-normal\" data-block-type=\"Media block\">\n   \n                \n     <div class=\"c-mediaBlock__media\" style=\"\"\">\n        <img fetchpriority=\"high\" decoding=\"async\" width=\"800\" height=\"530\" src=\"https:\/\/liviko.eu\/wp-content\/uploads\/2020\/08\/Martini-Fiero-ristk\u00fclik.jpg\" class=\"c-mediaBlock__image\" alt=\"MARTINI FIERO LANSSEERIMINE BALTIKUMIS\" srcset=\"https:\/\/liviko.eu\/wp-content\/uploads\/2020\/08\/Martini-Fiero-ristk\u00fclik.jpg 800w, https:\/\/liviko.eu\/wp-content\/uploads\/2020\/08\/Martini-Fiero-ristk\u00fclik-768x509.jpg 768w, https:\/\/liviko.eu\/wp-content\/uploads\/2020\/08\/Martini-Fiero-ristk\u00fclik-483x320.jpg 483w\" sizes=\"(max-width: 800px) 100vw, 800px\" \/>    <\/div>\n     <div class=\"c-mediaBlock__body\">\n                    <h2 class=\"c-mediaBlock__title\">MARTINI FIERO LANSSEERIMINE BALTIKUMIS<\/h2>\n                <div class=\"c-mediaBlock__content\">\n            <div class=\"t-text\">\n            <p>Liviko lai esindatus nii jaekaubanduses kui ka<em> horeca\u2019s<\/em> v\u00f5imaldab kiiresti ja edukalt lansseerida nii globaalseid tippkaubam\u00e4rke kui ka uustulnukaid. 2020. aasta suvel lansseeris Liviko Eestis, L\u00e4tis ja Leedus \u00fcliedukalt hooaja populaarseimaks joogiks kujunenud Martini Fiero. Joogi tsitruselised noodid tulevad magusatest Hispaania apelsinidest, mille koored l\u00f5igatakse k\u00e4sitsi pikkadeks ribadeks ja riputatakse seej\u00e4rel linase niidiga p\u00e4ikese k\u00e4tte kuivama. L\u00f5pptulemusena valmiv moodne Martini Fiero vermut on \u00fchtaegu nii m\u00f5ru kui ka magus, sobides ideaalselt toonikuga serveerimiseks. Martini Fiero &amp; Tonic l\u00f5i uue joogitrendi ning sellest kujunes hooaja populaarseim kokteil.<\/p>\n            <\/div>\n                            \n        <\/div>\n    <\/div>\n<\/div>\n\n<div id=\"mediaBlock-block_5f1efb6a9d4d9\" class=\" c-contentBlock c-mediaBlock c-mediaBlock--align-right c-mediaBlock--valign-center c-mediaBlock--size-regular c-mediaBlock--imageHeight-normal\" data-block-type=\"Media block\">\n   \n                \n     <div class=\"c-mediaBlock__media\" style=\"\"\">\n        <img decoding=\"async\" width=\"1366\" height=\"910\" src=\"https:\/\/liviko.eu\/wp-content\/uploads\/2020\/08\/Stir_Creativity_Leedu2-1366x910.jpg\" class=\"c-mediaBlock__image\" alt=\"BOMBAY STIR CREATIVITY VILNIUS\" srcset=\"https:\/\/liviko.eu\/wp-content\/uploads\/2020\/08\/Stir_Creativity_Leedu2-1366x910.jpg 1366w, https:\/\/liviko.eu\/wp-content\/uploads\/2020\/08\/Stir_Creativity_Leedu2-920x613.jpg 920w, https:\/\/liviko.eu\/wp-content\/uploads\/2020\/08\/Stir_Creativity_Leedu2-768x512.jpg 768w, https:\/\/liviko.eu\/wp-content\/uploads\/2020\/08\/Stir_Creativity_Leedu2-1536x1024.jpg 1536w, https:\/\/liviko.eu\/wp-content\/uploads\/2020\/08\/Stir_Creativity_Leedu2-480x320.jpg 480w, https:\/\/liviko.eu\/wp-content\/uploads\/2020\/08\/Stir_Creativity_Leedu2.jpg 2048w\" sizes=\"(max-width: 1366px) 100vw, 1366px\" \/>    <\/div>\n     <div class=\"c-mediaBlock__body\">\n                    <h2 class=\"c-mediaBlock__title\">BOMBAY STIR CREATIVITY VILNIUS<\/h2>\n                <div class=\"c-mediaBlock__content\">\n            <div class=\"t-text\">\n            <p>Liviko toob esimeste seas maailmas turule koost\u00f6\u00f6partnerite uued tooted ja toetab lansseerimiskampaaniaid kogu Baltikumis. Suurejoonelise Bombay Sapphire Stir Creativity Baltimaade esitlemise toimumispaigaks valiti Leedu pealinn Vilnius. Esitlusest kujunes eri valdkondade loomeinimeste kohtumispaik, kus vaadati kunsti erinevate nurkade alt ning oldi loomingiliste ideede ja m\u00f5tete vahetuses.<\/p>\n<p>Liviko pakub oma <em>on-trade<\/em> partneritele eristuvaid ideid \u00fcrituste l\u00e4biviimiseks ja korraldab baarmenitele koolitusi ning meistriklasse, kus meie koolitajad ja sommeljeed esitlevad v\u00e4rskemaid trende maailmast. Pikaaegne kogemus ja tihe koost\u00f6\u00f6 partneritega loob lisav\u00e4\u00e4rtust meie esindatavale tooteportfellile.<\/p>\n<div class=\"TnITTtw-t TnITTtw-translate-selection-button\" style=\"top: -22px; left: 263.5px;\"><\/div>\n            <\/div>\n                            \n        <\/div>\n    <\/div>\n<\/div>\n\n<div id=\"mediaBlock-block_5f1efb769d4dc\" class=\" c-contentBlock c-mediaBlock c-mediaBlock--align-left c-mediaBlock--valign-center c-mediaBlock--size-regular c-mediaBlock--imageHeight-normal\" data-block-type=\"Media block\">\n   \n                \n     <div class=\"c-mediaBlock__media\" style=\"\"\">\n        <img decoding=\"async\" width=\"1366\" height=\"912\" src=\"https:\/\/liviko.eu\/wp-content\/uploads\/2020\/08\/Bacardi_Dancefloor-1366x912.jpg\" class=\"c-mediaBlock__image\" alt=\"20 AASTAT BACARDI BEACH PARTYT\" srcset=\"https:\/\/liviko.eu\/wp-content\/uploads\/2020\/08\/Bacardi_Dancefloor-1366x912.jpg 1366w, https:\/\/liviko.eu\/wp-content\/uploads\/2020\/08\/Bacardi_Dancefloor-920x614.jpg 920w, https:\/\/liviko.eu\/wp-content\/uploads\/2020\/08\/Bacardi_Dancefloor-768x513.jpg 768w, https:\/\/liviko.eu\/wp-content\/uploads\/2020\/08\/Bacardi_Dancefloor-479x320.jpg 479w, https:\/\/liviko.eu\/wp-content\/uploads\/2020\/08\/Bacardi_Dancefloor.jpg 1401w\" sizes=\"(max-width: 1366px) 100vw, 1366px\" \/>    <\/div>\n     <div class=\"c-mediaBlock__body\">\n                    <h2 class=\"c-mediaBlock__title\">20 AASTAT BACARDI BEACH PARTYT<\/h2>\n                <div class=\"c-mediaBlock__content\">\n            <div class=\"t-text\">\n            <p>\u00d5nnestunud \u00fcritusturundus ei ole ainult \u00fcritusele nime andmine, vaid sisulise kontseptsiooni ja meelelahutuse loomine l\u00e4htuvalt kaubam\u00e4rgi strateegiast ning visuaalsest maailmast.<\/p>\n<p>\u00dcks Baltikumi vanimaid \u00fcrituste sarju on menukas Bacardi Beach Party (Bacardi Feeling), mida on P\u00e4rnu rannas edukalt korraldatud \u00fcle 20 aasta. S\u00f5brad, kuum suvi, jahutavad kokteilid ja artistid maailma eri paigust annavad igal aastal k\u00fclastajatele p\u00f5hjuse oma sammud just sellele peole seada. Bacardi Beach Party ja Bacardi Dancefloor on saanud P\u00e4rnu traditsioonilise rannamelu ja klubikultuuri oluliseks osaks.<\/p>\n<div class=\"TnITTtw-t TnITTtw-translate-selection-button\" style=\"top: 255px; left: 262.39453125px;\"><\/div>\n            <\/div>\n                            \n        <\/div>\n    <\/div>\n<\/div>\n\n<div id=\"mediaBlock-block_5f1efb6f9d4db\" class=\" c-contentBlock c-mediaBlock c-mediaBlock--align-right c-mediaBlock--valign-center c-mediaBlock--size-regular c-mediaBlock--imageHeight-normal\" data-block-type=\"Media block\">\n   \n                \n     <div class=\"c-mediaBlock__media\" style=\"\"\">\n        <img loading=\"lazy\" decoding=\"async\" width=\"800\" height=\"530\" src=\"https:\/\/liviko.eu\/wp-content\/uploads\/2020\/08\/Remy-Martin-Coffee.jpg\" class=\"c-mediaBlock__image\" alt=\"R\u00c9MY MARTIN &amp; \u0160OKOLAAD\" srcset=\"https:\/\/liviko.eu\/wp-content\/uploads\/2020\/08\/Remy-Martin-Coffee.jpg 800w, https:\/\/liviko.eu\/wp-content\/uploads\/2020\/08\/Remy-Martin-Coffee-768x509.jpg 768w, https:\/\/liviko.eu\/wp-content\/uploads\/2020\/08\/Remy-Martin-Coffee-483x320.jpg 483w\" sizes=\"(max-width: 800px) 100vw, 800px\" \/>    <\/div>\n     <div class=\"c-mediaBlock__body\">\n                    <h2 class=\"c-mediaBlock__title\">R\u00c9MY MARTIN &#038; \u0160OKOLAAD<\/h2>\n                <div class=\"c-mediaBlock__content\">\n            <div class=\"t-text\">\n            <p>Liviko hindab k\u00f5rgelt partnerlust\u00a0<em>fine dining<\/em>\u00a0restoranidega, et aidata kliente maitsete meisterlikul kokku sobitamisel. Olgu selleks kas v\u00f5i konjaki, kohvi ja \u0161okolaadi s\u00fcmbioos, mis on olnud l\u00e4bi aegade konjakis\u00f5prade \u00fcheks eelistatud maitseelamuseks. Kvaliteetse tumeda \u0161okolaadi maitse koos R\u00e9my Martin VSOP konjakiga on teadlike valik!<\/p>\n            <\/div>\n                            \n        <\/div>\n    <\/div>\n<\/div>\n\n<div id=\"mediaBlock-block_5f3a3afacddd4\" class=\" c-contentBlock c-mediaBlock c-mediaBlock--align-left c-mediaBlock--valign-center c-mediaBlock--size-regular c-mediaBlock--imageHeight-normal\" data-block-type=\"Media block\">\n   \n                \n     <div class=\"c-mediaBlock__media\" style=\"\"\">\n        <img loading=\"lazy\" decoding=\"async\" width=\"677\" height=\"267\" src=\"https:\/\/liviko.eu\/wp-content\/uploads\/2020\/08\/Nautimus_2019_veini-aitab-valida_horisontaalne_lilla.jpg\" class=\"c-mediaBlock__image\" alt=\"NAUTIMUS\" \/>    <\/div>\n     <div class=\"c-mediaBlock__body\">\n                    <h2 class=\"c-mediaBlock__title\">NAUTIMUS<\/h2>\n                <div class=\"c-mediaBlock__content\">\n            <div class=\"t-text\">\n            <p>Liviko loodud Nautimuse br\u00e4nd on kujunenud oluliseks teet\u00e4hiseks veinimaailmas orienteerumisel. Nautimuse m\u00e4rk t\u00e4histab hea hinna ja kvaliteedi suhtega veine, mille on v\u00e4lja valinud Liviko sommeljeed.<\/p>\n<p class=\"Pealkiri1\" style=\"margin-top: 0cm; background: white;\"><a href=\"http:\/\/nautimus.ee\/\">Nautimuse<\/a> keskkonnast leiab kogu Liviko veinivaliku ja Nautimuse m\u00e4rgistusega soovitused, mille on v\u00e4lja valinud Eesti hinnatuimad sommeljeed parima hinna ja kvaliteedi suhtega veinide esilet\u00f5stmiseks k\u00f5igis kvaliteedi- ja hinnakategooriates. Veini valimise lihtsamaks ja mugavamaks muutmiseks vastab Nautimuse m\u00e4rgi igale v\u00e4rvile kindlate maitseomadustega vein. Nautimuse m\u00e4rgistuse v\u00f5ib leida ka valitud ja BIO ja ORGANIC sertifikaatidega veinidelt.<\/p>\n            <\/div>\n                            \n        <\/div>\n    <\/div>\n<\/div>\n\n<div id=\"mediaBlock-block_5f2bf83fa2e57\" class=\" c-contentBlock c-mediaBlock c-mediaBlock--align-right c-mediaBlock--valign-center c-mediaBlock--size-regular c-mediaBlock--imageHeight-normal\" data-block-type=\"Media block\">\n   \n                \n     <div class=\"c-mediaBlock__media\" style=\"\"\">\n        <img loading=\"lazy\" decoding=\"async\" width=\"800\" height=\"530\" src=\"https:\/\/liviko.eu\/wp-content\/uploads\/2020\/08\/Fentimans_Roosiaed-1.jpg\" class=\"c-mediaBlock__image\" alt=\"FENTIMANSI ROOSIPIDU TALLINNAS\" srcset=\"https:\/\/liviko.eu\/wp-content\/uploads\/2020\/08\/Fentimans_Roosiaed-1.jpg 800w, https:\/\/liviko.eu\/wp-content\/uploads\/2020\/08\/Fentimans_Roosiaed-1-768x509.jpg 768w, https:\/\/liviko.eu\/wp-content\/uploads\/2020\/08\/Fentimans_Roosiaed-1-483x320.jpg 483w\" sizes=\"(max-width: 800px) 100vw, 800px\" \/>    <\/div>\n     <div class=\"c-mediaBlock__body\">\n                    <h2 class=\"c-mediaBlock__title\">FENTIMANSI ROOSIPIDU TALLINNAS<\/h2>\n                <div class=\"c-mediaBlock__content\">\n            <div class=\"t-text\">\n            <div class=\"article__body\">\n<p>Liviko \u00fcritusi v\u00e4\u00e4ristab hoolikas kohavalik, mis t\u00f5stab nii tootjate, joogiasjatundjate kui ka k\u00f5igi \u00fcritusel osalejate tuju. Fentimansi Roosipidu toimus Eesti suurimas avalikus rosaariumis, 300-aastases Kadrioru pargis, kus silmailu pakub ligikaudu 6100 roosi 32 sordist \u2013 enamik neist \u00f5itsevad aastas koguni mitmel korral.<\/p>\n<p>Fentimansi Roosipeol said kokku suvised jahutavad <em>mocktail<\/em>\u2019id, hea muusika, m\u00f5nusad suupisted ja s\u00e4ravad k\u00fclalised. Roosiaia ilust inspireerituna said k\u00fclalised proovida k\u00e4tt maalimises. Isikliku loovuse avastamisel olid teejuhiks professionaalsed kunstnikud.<\/p>\n<p>&nbsp;<\/p>\n<\/div>\n            <\/div>\n                            \n        <\/div>\n    <\/div>\n<\/div>","protected":false},"excerpt":{"rendered":"","protected":false},"author":1,"featured_media":0,"parent":174,"menu_order":0,"comment_status":"closed","ping_status":"closed","template":"","meta":{"_acf_changed":false,"inline_featured_image":false,"_monsterinsights_skip_tracking":false,"_monsterinsights_sitenote_active":false,"_monsterinsights_sitenote_note":"","_monsterinsights_sitenote_category":0,"footnotes":""},"categories":[],"class_list":["post-220","page","type-page","status-publish","hentry"],"acf":[],"yoast_head":"<!-- This site is optimized with the Yoast SEO plugin v24.0 - https:\/\/yoast.com\/wordpress\/plugins\/seo\/ -->\n<title>M\u00fc\u00fck ja Turundus - Liviko<\/title>\n<meta name=\"robots\" content=\"index, follow, max-snippet:-1, max-image-preview:large, max-video-preview:-1\" \/>\n<link rel=\"canonical\" href=\"https:\/\/liviko.eu\/et\/distributsioon\/muuk-ja-turundus\/\" \/>\n<meta property=\"og:locale\" content=\"et_EE\" \/>\n<meta property=\"og:type\" content=\"article\" \/>\n<meta property=\"og:title\" content=\"M\u00fc\u00fck ja Turundus - Liviko\" \/>\n<meta property=\"og:url\" content=\"https:\/\/liviko.eu\/et\/distributsioon\/muuk-ja-turundus\/\" \/>\n<meta property=\"og:site_name\" content=\"Liviko\" \/>\n<meta property=\"article:publisher\" content=\"https:\/\/www.facebook.com\/LivikoDistillery\/\" \/>\n<meta property=\"article:modified_time\" content=\"2020-12-15T08:14:23+00:00\" \/>\n<meta property=\"og:image\" content=\"http:\/\/liviko.eu\/wp-content\/uploads\/\/2020\/12\/muuk_est-2.svg\" \/>\n<meta name=\"twitter:card\" content=\"summary_large_image\" \/>\n<script type=\"application\/ld+json\" class=\"yoast-schema-graph\">{\"@context\":\"https:\/\/schema.org\",\"@graph\":[{\"@type\":\"WebPage\",\"@id\":\"https:\/\/liviko.eu\/et\/distributsioon\/muuk-ja-turundus\/\",\"url\":\"https:\/\/liviko.eu\/et\/distributsioon\/muuk-ja-turundus\/\",\"name\":\"M\u00fc\u00fck ja Turundus - Liviko\",\"isPartOf\":{\"@id\":\"https:\/\/liviko.eu\/et\/#website\"},\"primaryImageOfPage\":{\"@id\":\"https:\/\/liviko.eu\/et\/distributsioon\/muuk-ja-turundus\/#primaryimage\"},\"image\":{\"@id\":\"https:\/\/liviko.eu\/et\/distributsioon\/muuk-ja-turundus\/#primaryimage\"},\"thumbnailUrl\":\"http:\/\/liviko.eu\/wp-content\/uploads\/\/2020\/12\/muuk_est-2.svg\",\"datePublished\":\"2020-07-03T09:26:08+00:00\",\"dateModified\":\"2020-12-15T08:14:23+00:00\",\"breadcrumb\":{\"@id\":\"https:\/\/liviko.eu\/et\/distributsioon\/muuk-ja-turundus\/#breadcrumb\"},\"inLanguage\":\"et\",\"potentialAction\":[{\"@type\":\"ReadAction\",\"target\":[\"https:\/\/liviko.eu\/et\/distributsioon\/muuk-ja-turundus\/\"]}]},{\"@type\":\"ImageObject\",\"inLanguage\":\"et\",\"@id\":\"https:\/\/liviko.eu\/et\/distributsioon\/muuk-ja-turundus\/#primaryimage\",\"url\":\"http:\/\/liviko.eu\/wp-content\/uploads\/\/2020\/12\/muuk_est-2.svg\",\"contentUrl\":\"http:\/\/liviko.eu\/wp-content\/uploads\/\/2020\/12\/muuk_est-2.svg\"},{\"@type\":\"BreadcrumbList\",\"@id\":\"https:\/\/liviko.eu\/et\/distributsioon\/muuk-ja-turundus\/#breadcrumb\",\"itemListElement\":[{\"@type\":\"ListItem\",\"position\":1,\"name\":\"Home\",\"item\":\"https:\/\/liviko.eu\/et\/\"},{\"@type\":\"ListItem\",\"position\":2,\"name\":\"Distributsioon\",\"item\":\"https:\/\/liviko.eu\/et\/distributsioon\/\"},{\"@type\":\"ListItem\",\"position\":3,\"name\":\"M\u00fc\u00fck ja Turundus\"}]},{\"@type\":\"WebSite\",\"@id\":\"https:\/\/liviko.eu\/et\/#website\",\"url\":\"https:\/\/liviko.eu\/et\/\",\"name\":\"Liviko\",\"description\":\"anno 1898\",\"publisher\":{\"@id\":\"https:\/\/liviko.eu\/et\/#organization\"},\"potentialAction\":[{\"@type\":\"SearchAction\",\"target\":{\"@type\":\"EntryPoint\",\"urlTemplate\":\"https:\/\/liviko.eu\/et\/?s={search_term_string}\"},\"query-input\":{\"@type\":\"PropertyValueSpecification\",\"valueRequired\":true,\"valueName\":\"search_term_string\"}}],\"inLanguage\":\"et\"},{\"@type\":\"Organization\",\"@id\":\"https:\/\/liviko.eu\/et\/#organization\",\"name\":\"Liviko\",\"url\":\"https:\/\/liviko.eu\/et\/\",\"logo\":{\"@type\":\"ImageObject\",\"inLanguage\":\"et\",\"@id\":\"https:\/\/liviko.eu\/et\/#\/schema\/logo\/image\/\",\"url\":\"https:\/\/liviko.eu\/wp-content\/uploads\/2020\/10\/liviko_logo.png\",\"contentUrl\":\"https:\/\/liviko.eu\/wp-content\/uploads\/2020\/10\/liviko_logo.png\",\"width\":515,\"height\":181,\"caption\":\"Liviko\"},\"image\":{\"@id\":\"https:\/\/liviko.eu\/et\/#\/schema\/logo\/image\/\"},\"sameAs\":[\"https:\/\/www.facebook.com\/LivikoDistillery\/\",\"https:\/\/www.instagram.com\/livikodistillery\",\"https:\/\/www.linkedin.com\/company\/liviko\/\",\"https:\/\/www.youtube.com\/channel\/UCnoHr-PaNxBHJO8nMDLVGuA\"]}]}<\/script>\n<!-- \/ Yoast SEO plugin. -->","yoast_head_json":{"title":"M\u00fc\u00fck ja Turundus - Liviko","robots":{"index":"index","follow":"follow","max-snippet":"max-snippet:-1","max-image-preview":"max-image-preview:large","max-video-preview":"max-video-preview:-1"},"canonical":"https:\/\/liviko.eu\/et\/distributsioon\/muuk-ja-turundus\/","og_locale":"et_EE","og_type":"article","og_title":"M\u00fc\u00fck ja Turundus - Liviko","og_url":"https:\/\/liviko.eu\/et\/distributsioon\/muuk-ja-turundus\/","og_site_name":"Liviko","article_publisher":"https:\/\/www.facebook.com\/LivikoDistillery\/","article_modified_time":"2020-12-15T08:14:23+00:00","og_image":[{"url":"http:\/\/liviko.eu\/wp-content\/uploads\/\/2020\/12\/muuk_est-2.svg","type":"","width":"","height":""}],"twitter_card":"summary_large_image","schema":{"@context":"https:\/\/schema.org","@graph":[{"@type":"WebPage","@id":"https:\/\/liviko.eu\/et\/distributsioon\/muuk-ja-turundus\/","url":"https:\/\/liviko.eu\/et\/distributsioon\/muuk-ja-turundus\/","name":"M\u00fc\u00fck ja Turundus - Liviko","isPartOf":{"@id":"https:\/\/liviko.eu\/et\/#website"},"primaryImageOfPage":{"@id":"https:\/\/liviko.eu\/et\/distributsioon\/muuk-ja-turundus\/#primaryimage"},"image":{"@id":"https:\/\/liviko.eu\/et\/distributsioon\/muuk-ja-turundus\/#primaryimage"},"thumbnailUrl":"http:\/\/liviko.eu\/wp-content\/uploads\/\/2020\/12\/muuk_est-2.svg","datePublished":"2020-07-03T09:26:08+00:00","dateModified":"2020-12-15T08:14:23+00:00","breadcrumb":{"@id":"https:\/\/liviko.eu\/et\/distributsioon\/muuk-ja-turundus\/#breadcrumb"},"inLanguage":"et","potentialAction":[{"@type":"ReadAction","target":["https:\/\/liviko.eu\/et\/distributsioon\/muuk-ja-turundus\/"]}]},{"@type":"ImageObject","inLanguage":"et","@id":"https:\/\/liviko.eu\/et\/distributsioon\/muuk-ja-turundus\/#primaryimage","url":"http:\/\/liviko.eu\/wp-content\/uploads\/\/2020\/12\/muuk_est-2.svg","contentUrl":"http:\/\/liviko.eu\/wp-content\/uploads\/\/2020\/12\/muuk_est-2.svg"},{"@type":"BreadcrumbList","@id":"https:\/\/liviko.eu\/et\/distributsioon\/muuk-ja-turundus\/#breadcrumb","itemListElement":[{"@type":"ListItem","position":1,"name":"Home","item":"https:\/\/liviko.eu\/et\/"},{"@type":"ListItem","position":2,"name":"Distributsioon","item":"https:\/\/liviko.eu\/et\/distributsioon\/"},{"@type":"ListItem","position":3,"name":"M\u00fc\u00fck ja Turundus"}]},{"@type":"WebSite","@id":"https:\/\/liviko.eu\/et\/#website","url":"https:\/\/liviko.eu\/et\/","name":"Liviko","description":"anno 1898","publisher":{"@id":"https:\/\/liviko.eu\/et\/#organization"},"potentialAction":[{"@type":"SearchAction","target":{"@type":"EntryPoint","urlTemplate":"https:\/\/liviko.eu\/et\/?s={search_term_string}"},"query-input":{"@type":"PropertyValueSpecification","valueRequired":true,"valueName":"search_term_string"}}],"inLanguage":"et"},{"@type":"Organization","@id":"https:\/\/liviko.eu\/et\/#organization","name":"Liviko","url":"https:\/\/liviko.eu\/et\/","logo":{"@type":"ImageObject","inLanguage":"et","@id":"https:\/\/liviko.eu\/et\/#\/schema\/logo\/image\/","url":"https:\/\/liviko.eu\/wp-content\/uploads\/2020\/10\/liviko_logo.png","contentUrl":"https:\/\/liviko.eu\/wp-content\/uploads\/2020\/10\/liviko_logo.png","width":515,"height":181,"caption":"Liviko"},"image":{"@id":"https:\/\/liviko.eu\/et\/#\/schema\/logo\/image\/"},"sameAs":["https:\/\/www.facebook.com\/LivikoDistillery\/","https:\/\/www.instagram.com\/livikodistillery","https:\/\/www.linkedin.com\/company\/liviko\/","https:\/\/www.youtube.com\/channel\/UCnoHr-PaNxBHJO8nMDLVGuA"]}]}},"_links":{"self":[{"href":"https:\/\/liviko.eu\/et\/wp-json\/wp\/v2\/pages\/220","targetHints":{"allow":["GET"]}}],"collection":[{"href":"https:\/\/liviko.eu\/et\/wp-json\/wp\/v2\/pages"}],"about":[{"href":"https:\/\/liviko.eu\/et\/wp-json\/wp\/v2\/types\/page"}],"author":[{"embeddable":true,"href":"https:\/\/liviko.eu\/et\/wp-json\/wp\/v2\/users\/1"}],"replies":[{"embeddable":true,"href":"https:\/\/liviko.eu\/et\/wp-json\/wp\/v2\/comments?post=220"}],"version-history":[{"count":132,"href":"https:\/\/liviko.eu\/et\/wp-json\/wp\/v2\/pages\/220\/revisions"}],"predecessor-version":[{"id":23773,"href":"https:\/\/liviko.eu\/et\/wp-json\/wp\/v2\/pages\/220\/revisions\/23773"}],"up":[{"embeddable":true,"href":"https:\/\/liviko.eu\/et\/wp-json\/wp\/v2\/pages\/174"}],"wp:attachment":[{"href":"https:\/\/liviko.eu\/et\/wp-json\/wp\/v2\/media?parent=220"}],"wp:term":[{"taxonomy":"category","embeddable":true,"href":"https:\/\/liviko.eu\/et\/wp-json\/wp\/v2\/categories?post=220"}],"curies":[{"name":"wp","href":"https:\/\/api.w.org\/{rel}","templated":true}]}}