{"id":228,"date":"2020-07-03T09:30:17","date_gmt":"2020-07-03T09:30:17","guid":{"rendered":"http:\/\/liviko.eu\/?page_id=228"},"modified":"2025-12-02T15:11:54","modified_gmt":"2025-12-02T15:11:54","slug":"vaartused","status":"publish","type":"page","link":"https:\/\/liviko.eu\/et\/meist\/vaartused\/","title":{"rendered":"V\u00e4\u00e4rtused ja juhtp\u00f5him\u00f5tted"},"content":{"rendered":"<div id=\"pageHeader-block_6dbac0a08b4ec47a2a583c66bb8a3bd0\" class=\" c-contentBlock c-pageHeader\" data-block-type=\"Page header\">\n                    <h1 class=\"c-pageHeader__title\">V\u00e4\u00e4rtused<\/h1>\n                            <div class=\"c-pageHeader__text t-text\"><p>Liviko on k\u00f5rge suhtlus- ja t\u00f6\u00f6kultuuriga ettev\u00f5te, kus me v\u00e4\u00e4rtustame ausust ja avatust nii koost\u00f6\u00f6partnerite kui ka kolleegide vahel. Oleme nii enese kui ka teiste suhtes lugupidavad ja hoolivad. Meid v\u00f5ib usaldada &#8211; peame oma lubadustest ja kehtestatud reeglitest alati kinni. V\u00e4\u00e4rtustame traditsioone, kuid oleme kaasaegsetele lahendustele avatud, loovad ja uuendusmeelsed. Professionaalsus ja n\u00f5udlikkus enda suhtes viivad meid elus edasi.<\/p>\n<p>Hoolime inimestest ja keskkonnast meie \u00fcmber ning kasutame meile usaldatud ressursse siin maailmas v\u00f5imalikult s\u00e4\u00e4stlikult. Meile olulised p\u00f5him\u00f5tted on kajastatud dokumendis \u201eAS Liviko hea \u00e4ritava\u201c.<\/p>\n<\/div>\n                \n<\/div>\n<a id=\"page-228-body\"><\/a>\n\n\n<div id=\"featureBlocks-block_e98bbd4bc7162dcf06dca804ac6e504e\" class=\" c-contentBlock c-featureBlocks c-featureBlocks--type-expanded c-featureBlocks--grid-columns\" data-block-type=\"Feature blocks: expanded\">\n   <div class=\"c-featureBlocksGroup\">\n\n\n                          <div class=\"c-featureBlocks__item\">\n                \n                \n                    <div class=\"c-featureBlocks__item-block\"    >\n\n                                                                                            <div class=\"c-featureBlock__imageContainer\">\n                                <img fetchpriority=\"high\" decoding=\"async\" width=\"800\" height=\"800\" src=\"https:\/\/liviko.eu\/wp-content\/uploads\/2020\/09\/Urvo_toota-meiega-1.jpg\" class=\"c-featureBlock__image\" alt=\"T\u00f6\u00f6ta meiega\" srcset=\"https:\/\/liviko.eu\/wp-content\/uploads\/2020\/09\/Urvo_toota-meiega-1.jpg 800w, https:\/\/liviko.eu\/wp-content\/uploads\/2020\/09\/Urvo_toota-meiega-1-480x480.jpg 480w, https:\/\/liviko.eu\/wp-content\/uploads\/2020\/09\/Urvo_toota-meiega-1-768x768.jpg 768w, https:\/\/liviko.eu\/wp-content\/uploads\/2020\/09\/Urvo_toota-meiega-1-320x320.jpg 320w\" sizes=\"(max-width: 800px) 100vw, 800px\" \/>                                <\/div>\n                               \n\n                            <div class=\"c-featureBlocks__item-body\">\n                                    <h3 class=\"c-featureBlocks__item-title\">T\u00f6\u00f6ta meiega<\/h3>\n                                    <div class=\"t-text\">\n                                        <p>S\u00f5bralikkus, lahendustele avatus ja vastastikku lugupidavad suhted nii kolleegide kui ka partneritega on Liviko k\u00f5rge usaldusv\u00e4\u00e4rsuse nurgakivi. Oleme uuele avatud ja v\u00e4\u00e4rtustame traditsioone.<\/p>\n<ul>\n<li><span class=\"type--brand\"><a href=\"https:\/\/liviko.eu\/et\/meist\/toota-meiega\/\">LOE ROHKEM<\/a><\/span><\/li>\n<\/ul>\n                                    <\/div>\n                            <\/div>\n\n                    <\/div>    \n                        \n\n\n                            \n            <\/div>\n            \n                    <div class=\"c-featureBlocks__item\">\n                \n                \n                    <div class=\"c-featureBlocks__item-block\"    >\n\n                                                                                            <div class=\"c-featureBlock__imageContainer\">\n                                <img decoding=\"async\" width=\"800\" height=\"800\" src=\"https:\/\/liviko.eu\/wp-content\/uploads\/2020\/10\/ATML_800x800.png\" class=\"c-featureBlock__image\" alt=\"Sotsiaalne vastutus\" srcset=\"https:\/\/liviko.eu\/wp-content\/uploads\/2020\/10\/ATML_800x800.png 800w, https:\/\/liviko.eu\/wp-content\/uploads\/2020\/10\/ATML_800x800-480x480.png 480w, https:\/\/liviko.eu\/wp-content\/uploads\/2020\/10\/ATML_800x800-768x768.png 768w, https:\/\/liviko.eu\/wp-content\/uploads\/2020\/10\/ATML_800x800-320x320.png 320w\" sizes=\"(max-width: 800px) 100vw, 800px\" \/>                                <\/div>\n                               \n\n                            <div class=\"c-featureBlocks__item-body\">\n                                    <h3 class=\"c-featureBlocks__item-title\">Sotsiaalne vastutus<\/h3>\n                                    <div class=\"t-text\">\n                                        <p>Teadliku alkoholi tarbimise kultuuri edendajana on Liviko pikaajaline sommeljeede ja baarmenite assotsiatsioonide suurtoetaja Eestis, L\u00e4tis ja Leedus. Tunneme vastutust joogikultuuri edendamise eest Baltimaades. Soovime, et klaas vett oleks alkohoolse joogi k\u00f5rval osa joogikultuurist.<\/p>\n<ul>\n<li><span class=\"type--brand\"><a href=\"https:\/\/liviko.eu\/et\/meist\/sotsiaalne-vastutus\/\">LOE ROHKEM<\/a><\/span><\/li>\n<\/ul>\n                                    <\/div>\n                            <\/div>\n\n                    <\/div>    \n                        \n\n\n                            \n            <\/div>\n            \n                    <div class=\"c-featureBlocks__item\">\n                \n                \n                    <div class=\"c-featureBlocks__item-block\"    >\n\n                                                                                            <div class=\"c-featureBlock__imageContainer\">\n                                <img decoding=\"async\" width=\"800\" height=\"800\" src=\"https:\/\/liviko.eu\/wp-content\/uploads\/2020\/08\/ERSO_ruut.jpg\" class=\"c-featureBlock__image\" alt=\"Koost\u00f6\u00f6\" srcset=\"https:\/\/liviko.eu\/wp-content\/uploads\/2020\/08\/ERSO_ruut.jpg 800w, https:\/\/liviko.eu\/wp-content\/uploads\/2020\/08\/ERSO_ruut-480x480.jpg 480w, https:\/\/liviko.eu\/wp-content\/uploads\/2020\/08\/ERSO_ruut-768x768.jpg 768w, https:\/\/liviko.eu\/wp-content\/uploads\/2020\/08\/ERSO_ruut-320x320.jpg 320w\" sizes=\"(max-width: 800px) 100vw, 800px\" \/>                                <\/div>\n                               \n\n                            <div class=\"c-featureBlocks__item-body\">\n                                    <h3 class=\"c-featureBlocks__item-title\">Koost\u00f6\u00f6<\/h3>\n                                    <div class=\"t-text\">\n                                        <p>Olles kasvanud rahvusvaheliseks grupiks, v\u00e4\u00e4rtustame eriliselt oma s\u00fcnnikohta Eestit, kus asub ka meie 126-aastane tehas. Kohaliku tootjana oleme suunanud oma toetuse valdkondadesse, mille kultuurilist t\u00e4hendust peame Eesti jaoks oluliseks nii koduturul kui ka maailmas.<\/p>\n<ul>\n<li><span class=\"type--brand\"><a href=\"https:\/\/liviko.eu\/et\/meist\/koostoo\/\">LOE ROHKEM<\/a><\/span><\/li>\n<\/ul>\n                                    <\/div>\n                            <\/div>\n\n                    <\/div>    \n                        \n\n\n                            \n            <\/div>\n            \n                <div class=\"c-featureBlocks__item c-featureBlocks__item--empty\"><\/div>\n    <div class=\"c-featureBlocks__item c-featureBlocks__item--empty\"><\/div>\n    <\/div>\n<\/div>\n\n\n\n<div id=\"spacer-block_2e90842a02ce50d4f612341df7d45d19\" class=\"c-contentBlock c-spacerContainer\"  data-block-type=\"Spacer\">\n   <hr class=\"  c-spacer c-spacer--size-1\" >\n<\/div>\n\n\n\n<h2 class=\"wp-block-heading has-text-align-center\">AS LIVIKO JUHTP\u00d5HIM\u00d5TTED<\/h2>\n\n\n\n<p>Liviko on laia valiku jookide tootmise, impordi ja hulgim\u00fc\u00fcgiga tegelev ettev\u00f5te, kelle koduturuks on Baltimaad ning prioriteetne arengusuund on oma-kaubam\u00e4rkide eksport&nbsp;<\/p>\n\n\n\n<p>Tegutseme efektiivselt ja kasumlikult k\u00f5igis Balti riikides nii importtoodete kui oma-kaubam\u00e4rkide portfelli arendades.<\/p>\n\n\n\n<p>Oleme arenenud ettev\u00f5tluskultuuriga rahvusvaheline&nbsp;\u00e4riorganisatsioon, kus v\u00e4\u00e4rtustatakse ausust ja avatust ning k\u00f5rget suhtlus- ja t\u00f6\u00f6kultuuri nii koost\u00f6\u00f6partnerite kui kolleegide vahel.<\/p>\n\n\n\n<p>Toodete valmistamiseks kasutame seadusest tulenevatele kvaliteedin\u00f5uetele ja toiduohutuse n\u00f5uetele vastavaid tooraineid ja materjale. Kvaliteet on t\u00f5endatud tootjapoolsete sertifikaatidega ning vajadusel Liviko labori kontrollanal\u00fc\u00fcsidega.<\/p>\n\n\n\n<p>Tootearendus t\u00f6\u00f6tab fookusega premiaalsete ja ekspordipotentsiaaliga omatoodete portfelli arendamise ning uutesse turu segmentidesse laienemise nimel nii kodu- kui eksportturgudele.<\/p>\n\n\n\n<p>Oleme t\u00f6\u00f6tajate jaoks kaasaegse t\u00f6\u00f6keskkonnaga, usaldusv\u00e4\u00e4rne ning eneseteostuse v\u00f5imalusi pakkuv mainekas ettev\u00f5te. Hoolime t\u00f6\u00f6tajate tervisest ja v\u00e4\u00e4rtustame puhkeaega.<\/p>\n\n\n\n<p>Koolitame oma t\u00f6\u00f6tajaid ja kliente ning loome koolituskultuuri, mis tagab ettev\u00f5tte uuendusmeelsuse ja paindlikkuse ning toetab meie strateegilisi eesm\u00e4rke.<\/p>\n\n\n\n<p>Teadvustame, et kogemus ja nooruslikkus loovad viljaka s\u00fcnergia.&nbsp;<\/p>\n\n\n\n<p>Tegutsedes keskkonnateadlikult kasutame oma ressursse j\u00e4tkusuutlikult, v\u00e4ldime ja ennetame h\u00e4daolukordi ja keskkonna saastamist.<\/p>\n\n\n\n<p>Parendame j\u00e4rjepidevalt kvaliteedijuhtimiss\u00fcsteemi, keskkonnajuhtimiss\u00fcsteemi ja toiduohutusjuhtimiss\u00fcsteemi m\u00f5jusust.<\/p>\n","protected":false},"excerpt":{"rendered":"<p>AS LIVIKO JUHTP\u00d5HIM\u00d5TTED Liviko on laia valiku jookide tootmise, impordi ja hulgim\u00fc\u00fcgiga tegelev ettev\u00f5te, kelle koduturuks on Baltimaad ning prioriteetne arengusuund on oma-kaubam\u00e4rkide eksport&nbsp; Tegutseme efektiivselt ja kasumlikult k\u00f5igis Balti riikides nii importtoodete kui oma-kaubam\u00e4rkide portfelli arendades. Oleme arenenud ettev\u00f5tluskultuuriga&#8230;<\/p>\n","protected":false},"author":1,"featured_media":0,"parent":176,"menu_order":3,"comment_status":"closed","ping_status":"closed","template":"","meta":{"_acf_changed":false,"inline_featured_image":false,"_monsterinsights_skip_tracking":false,"_monsterinsights_sitenote_active":false,"_monsterinsights_sitenote_note":"","_monsterinsights_sitenote_category":0,"footnotes":""},"categories":[],"class_list":["post-228","page","type-page","status-publish","hentry"],"acf":[],"yoast_head":"<!-- This site is optimized with the Yoast SEO plugin v24.0 - https:\/\/yoast.com\/wordpress\/plugins\/seo\/ -->\n<title>V\u00e4\u00e4rtused ja juhtp\u00f5him\u00f5tted - Liviko<\/title>\n<meta name=\"robots\" content=\"index, follow, max-snippet:-1, max-image-preview:large, max-video-preview:-1\" \/>\n<link rel=\"canonical\" href=\"https:\/\/liviko.eu\/et\/meist\/vaartused\/\" \/>\n<meta property=\"og:locale\" content=\"et_EE\" \/>\n<meta property=\"og:type\" content=\"article\" \/>\n<meta property=\"og:title\" content=\"V\u00e4\u00e4rtused ja juhtp\u00f5him\u00f5tted - Liviko\" \/>\n<meta property=\"og:description\" content=\"AS LIVIKO JUHTP\u00d5HIM\u00d5TTED Liviko on laia valiku jookide tootmise, impordi ja hulgim\u00fc\u00fcgiga tegelev ettev\u00f5te, kelle koduturuks on Baltimaad ning prioriteetne arengusuund on oma-kaubam\u00e4rkide eksport&nbsp; Tegutseme efektiivselt ja kasumlikult k\u00f5igis Balti riikides nii importtoodete kui oma-kaubam\u00e4rkide portfelli arendades. Oleme arenenud ettev\u00f5tluskultuuriga...\" \/>\n<meta property=\"og:url\" content=\"https:\/\/liviko.eu\/et\/meist\/vaartused\/\" \/>\n<meta property=\"og:site_name\" content=\"Liviko\" \/>\n<meta property=\"article:publisher\" content=\"https:\/\/www.facebook.com\/LivikoDistillery\/\" \/>\n<meta property=\"article:modified_time\" content=\"2025-12-02T15:11:54+00:00\" \/>\n<meta name=\"twitter:card\" content=\"summary_large_image\" \/>\n<meta name=\"twitter:label1\" content=\"Est. reading time\" \/>\n\t<meta name=\"twitter:data1\" content=\"1 minut\" \/>\n<script type=\"application\/ld+json\" class=\"yoast-schema-graph\">{\"@context\":\"https:\/\/schema.org\",\"@graph\":[{\"@type\":\"WebPage\",\"@id\":\"https:\/\/liviko.eu\/et\/meist\/vaartused\/\",\"url\":\"https:\/\/liviko.eu\/et\/meist\/vaartused\/\",\"name\":\"V\u00e4\u00e4rtused ja juhtp\u00f5him\u00f5tted - Liviko\",\"isPartOf\":{\"@id\":\"https:\/\/liviko.eu\/et\/#website\"},\"datePublished\":\"2020-07-03T09:30:17+00:00\",\"dateModified\":\"2025-12-02T15:11:54+00:00\",\"breadcrumb\":{\"@id\":\"https:\/\/liviko.eu\/et\/meist\/vaartused\/#breadcrumb\"},\"inLanguage\":\"et\",\"potentialAction\":[{\"@type\":\"ReadAction\",\"target\":[\"https:\/\/liviko.eu\/et\/meist\/vaartused\/\"]}]},{\"@type\":\"BreadcrumbList\",\"@id\":\"https:\/\/liviko.eu\/et\/meist\/vaartused\/#breadcrumb\",\"itemListElement\":[{\"@type\":\"ListItem\",\"position\":1,\"name\":\"Home\",\"item\":\"https:\/\/liviko.eu\/et\/\"},{\"@type\":\"ListItem\",\"position\":2,\"name\":\"Meist\",\"item\":\"https:\/\/liviko.eu\/et\/meist\/\"},{\"@type\":\"ListItem\",\"position\":3,\"name\":\"V\u00e4\u00e4rtused ja juhtp\u00f5him\u00f5tted\"}]},{\"@type\":\"WebSite\",\"@id\":\"https:\/\/liviko.eu\/et\/#website\",\"url\":\"https:\/\/liviko.eu\/et\/\",\"name\":\"Liviko\",\"description\":\"anno 1898\",\"publisher\":{\"@id\":\"https:\/\/liviko.eu\/et\/#organization\"},\"potentialAction\":[{\"@type\":\"SearchAction\",\"target\":{\"@type\":\"EntryPoint\",\"urlTemplate\":\"https:\/\/liviko.eu\/et\/?s={search_term_string}\"},\"query-input\":{\"@type\":\"PropertyValueSpecification\",\"valueRequired\":true,\"valueName\":\"search_term_string\"}}],\"inLanguage\":\"et\"},{\"@type\":\"Organization\",\"@id\":\"https:\/\/liviko.eu\/et\/#organization\",\"name\":\"Liviko\",\"url\":\"https:\/\/liviko.eu\/et\/\",\"logo\":{\"@type\":\"ImageObject\",\"inLanguage\":\"et\",\"@id\":\"https:\/\/liviko.eu\/et\/#\/schema\/logo\/image\/\",\"url\":\"https:\/\/liviko.eu\/wp-content\/uploads\/2020\/10\/liviko_logo.png\",\"contentUrl\":\"https:\/\/liviko.eu\/wp-content\/uploads\/2020\/10\/liviko_logo.png\",\"width\":515,\"height\":181,\"caption\":\"Liviko\"},\"image\":{\"@id\":\"https:\/\/liviko.eu\/et\/#\/schema\/logo\/image\/\"},\"sameAs\":[\"https:\/\/www.facebook.com\/LivikoDistillery\/\",\"https:\/\/www.instagram.com\/livikodistillery\",\"https:\/\/www.linkedin.com\/company\/liviko\/\",\"https:\/\/www.youtube.com\/channel\/UCnoHr-PaNxBHJO8nMDLVGuA\"]}]}<\/script>\n<!-- \/ Yoast SEO plugin. -->","yoast_head_json":{"title":"V\u00e4\u00e4rtused ja juhtp\u00f5him\u00f5tted - Liviko","robots":{"index":"index","follow":"follow","max-snippet":"max-snippet:-1","max-image-preview":"max-image-preview:large","max-video-preview":"max-video-preview:-1"},"canonical":"https:\/\/liviko.eu\/et\/meist\/vaartused\/","og_locale":"et_EE","og_type":"article","og_title":"V\u00e4\u00e4rtused ja juhtp\u00f5him\u00f5tted - Liviko","og_description":"AS LIVIKO JUHTP\u00d5HIM\u00d5TTED Liviko on laia valiku jookide tootmise, impordi ja hulgim\u00fc\u00fcgiga tegelev ettev\u00f5te, kelle koduturuks on Baltimaad ning prioriteetne arengusuund on oma-kaubam\u00e4rkide eksport&nbsp; Tegutseme efektiivselt ja kasumlikult k\u00f5igis Balti riikides nii importtoodete kui oma-kaubam\u00e4rkide portfelli arendades. Oleme arenenud ettev\u00f5tluskultuuriga...","og_url":"https:\/\/liviko.eu\/et\/meist\/vaartused\/","og_site_name":"Liviko","article_publisher":"https:\/\/www.facebook.com\/LivikoDistillery\/","article_modified_time":"2025-12-02T15:11:54+00:00","twitter_card":"summary_large_image","twitter_misc":{"Est. reading time":"1 minut"},"schema":{"@context":"https:\/\/schema.org","@graph":[{"@type":"WebPage","@id":"https:\/\/liviko.eu\/et\/meist\/vaartused\/","url":"https:\/\/liviko.eu\/et\/meist\/vaartused\/","name":"V\u00e4\u00e4rtused ja juhtp\u00f5him\u00f5tted - Liviko","isPartOf":{"@id":"https:\/\/liviko.eu\/et\/#website"},"datePublished":"2020-07-03T09:30:17+00:00","dateModified":"2025-12-02T15:11:54+00:00","breadcrumb":{"@id":"https:\/\/liviko.eu\/et\/meist\/vaartused\/#breadcrumb"},"inLanguage":"et","potentialAction":[{"@type":"ReadAction","target":["https:\/\/liviko.eu\/et\/meist\/vaartused\/"]}]},{"@type":"BreadcrumbList","@id":"https:\/\/liviko.eu\/et\/meist\/vaartused\/#breadcrumb","itemListElement":[{"@type":"ListItem","position":1,"name":"Home","item":"https:\/\/liviko.eu\/et\/"},{"@type":"ListItem","position":2,"name":"Meist","item":"https:\/\/liviko.eu\/et\/meist\/"},{"@type":"ListItem","position":3,"name":"V\u00e4\u00e4rtused ja juhtp\u00f5him\u00f5tted"}]},{"@type":"WebSite","@id":"https:\/\/liviko.eu\/et\/#website","url":"https:\/\/liviko.eu\/et\/","name":"Liviko","description":"anno 1898","publisher":{"@id":"https:\/\/liviko.eu\/et\/#organization"},"potentialAction":[{"@type":"SearchAction","target":{"@type":"EntryPoint","urlTemplate":"https:\/\/liviko.eu\/et\/?s={search_term_string}"},"query-input":{"@type":"PropertyValueSpecification","valueRequired":true,"valueName":"search_term_string"}}],"inLanguage":"et"},{"@type":"Organization","@id":"https:\/\/liviko.eu\/et\/#organization","name":"Liviko","url":"https:\/\/liviko.eu\/et\/","logo":{"@type":"ImageObject","inLanguage":"et","@id":"https:\/\/liviko.eu\/et\/#\/schema\/logo\/image\/","url":"https:\/\/liviko.eu\/wp-content\/uploads\/2020\/10\/liviko_logo.png","contentUrl":"https:\/\/liviko.eu\/wp-content\/uploads\/2020\/10\/liviko_logo.png","width":515,"height":181,"caption":"Liviko"},"image":{"@id":"https:\/\/liviko.eu\/et\/#\/schema\/logo\/image\/"},"sameAs":["https:\/\/www.facebook.com\/LivikoDistillery\/","https:\/\/www.instagram.com\/livikodistillery","https:\/\/www.linkedin.com\/company\/liviko\/","https:\/\/www.youtube.com\/channel\/UCnoHr-PaNxBHJO8nMDLVGuA"]}]}},"_links":{"self":[{"href":"https:\/\/liviko.eu\/et\/wp-json\/wp\/v2\/pages\/228","targetHints":{"allow":["GET"]}}],"collection":[{"href":"https:\/\/liviko.eu\/et\/wp-json\/wp\/v2\/pages"}],"about":[{"href":"https:\/\/liviko.eu\/et\/wp-json\/wp\/v2\/types\/page"}],"author":[{"embeddable":true,"href":"https:\/\/liviko.eu\/et\/wp-json\/wp\/v2\/users\/1"}],"replies":[{"embeddable":true,"href":"https:\/\/liviko.eu\/et\/wp-json\/wp\/v2\/comments?post=228"}],"version-history":[{"count":59,"href":"https:\/\/liviko.eu\/et\/wp-json\/wp\/v2\/pages\/228\/revisions"}],"predecessor-version":[{"id":56710,"href":"https:\/\/liviko.eu\/et\/wp-json\/wp\/v2\/pages\/228\/revisions\/56710"}],"up":[{"embeddable":true,"href":"https:\/\/liviko.eu\/et\/wp-json\/wp\/v2\/pages\/176"}],"wp:attachment":[{"href":"https:\/\/liviko.eu\/et\/wp-json\/wp\/v2\/media?parent=228"}],"wp:term":[{"taxonomy":"category","embeddable":true,"href":"https:\/\/liviko.eu\/et\/wp-json\/wp\/v2\/categories?post=228"}],"curies":[{"name":"wp","href":"https:\/\/api.w.org\/{rel}","templated":true}]}}