{"id":230,"date":"2020-07-03T09:30:52","date_gmt":"2020-07-03T09:30:52","guid":{"rendered":"http:\/\/liviko.eu\/?page_id=230"},"modified":"2024-04-16T08:06:24","modified_gmt":"2024-04-16T08:06:24","slug":"koostoo","status":"publish","type":"page","link":"https:\/\/liviko.eu\/et\/meist\/koostoo\/","title":{"rendered":"Koost\u00f6\u00f6"},"content":{"rendered":"<div id=\"pageHeader-block_c1df6413ba9544b7c6501c719b24dad8\" class=\" c-contentBlock c-pageHeader\" data-block-type=\"Page header\">\n                    <h1 class=\"c-pageHeader__title\">Koost\u00f6\u00f6<\/h1>\n                            <div class=\"c-pageHeader__text t-text\"><p>Liviko eestvedamisel toimub iga-aastane Vana Tallinn Baltic Sommelier Grand Prix \u00fches Baltimaade pealinnas, Tallinnas, Riias v\u00f5i Vilniuses. V\u00f5istlust korraldab Liviko koost\u00f6\u00f6s Eesti, L\u00e4ti ja Leedu sommeljeede assotsiatsioonidega.<\/p>\n<p>Liviko on suunanud oma toetuse \u00fchiskondlikult ja kultuuriliselt t\u00e4hendusrikastesse valdkondadesse. Liviko toetab pikaajaliselt Rahvusooperit Estonia, Eesti Riiklikku S\u00fcmfooniaorkestrit, Eesti Kontserti, Saaremaa Ooperip\u00e4evi, Eesti Kunstimuuseumi ja Eesti Kunstnike Liitu. Livikole kuulub ka Eesti Kirjanike Liidu romaaniv\u00f5istluse taasalgataja ja toetaja austusv\u00e4\u00e4rne tiitel. Eesti Jahtklubide Liidu kuldsponsorina aitasime Eesti purjesportlased Tokyo ol\u00fcmpiam\u00e4ngudele viia ja toetame Tallinna Jahtklubi parimate noorte purjetajate treeninguid ja p\u00fcrgimusi.<\/p>\n<\/div>\n                        <div class=\"c-pageHeader__tools\">\n        \t<a href=\"#page-230-body\" class=\"c-pageHeader__scrollButton js-scrollTo\">\n        \t\t<span class=\"visuallyhidden\">Scroll to content<\/span>\n                <span class=\"icon-down\"><\/span>\n        \t<\/a>\n        <\/div>\n        \n<\/div>\n<a id=\"page-230-body\"><\/a>\n\n<div id=\"mediaBlock-block_ad104d901aa1bb41d9f1a6588a2a8eab\" class=\" c-contentBlock c-mediaBlock c-mediaBlock--align-right c-mediaBlock--valign-center c-mediaBlock--size-regular c-mediaBlock--imageHeight-normal\" data-block-type=\"Media block\">\n   \n                \n     <div class=\"c-mediaBlock__media\" style=\"\"\">\n        <img fetchpriority=\"high\" decoding=\"async\" width=\"1366\" height=\"912\" src=\"https:\/\/liviko.eu\/wp-content\/uploads\/2020\/08\/VT_Grandprix_2018-1366x912.jpg\" class=\"c-mediaBlock__image\" alt=\"VANA TALLINN GRAND PRIX\" srcset=\"https:\/\/liviko.eu\/wp-content\/uploads\/2020\/08\/VT_Grandprix_2018-1366x912.jpg 1366w, https:\/\/liviko.eu\/wp-content\/uploads\/2020\/08\/VT_Grandprix_2018-920x614.jpg 920w, https:\/\/liviko.eu\/wp-content\/uploads\/2020\/08\/VT_Grandprix_2018-768x513.jpg 768w, https:\/\/liviko.eu\/wp-content\/uploads\/2020\/08\/VT_Grandprix_2018-1536x1025.jpg 1536w, https:\/\/liviko.eu\/wp-content\/uploads\/2020\/08\/VT_Grandprix_2018-479x320.jpg 479w, https:\/\/liviko.eu\/wp-content\/uploads\/2020\/08\/VT_Grandprix_2018.jpg 2048w\" sizes=\"(max-width: 1366px) 100vw, 1366px\" \/>    <\/div>\n     <div class=\"c-mediaBlock__body\">\n                    <h2 class=\"c-mediaBlock__title\">VANA TALLINN GRAND PRIX<\/h2>\n                <div class=\"c-mediaBlock__content\">\n            <div class=\"t-text\">\n            <p>Liviko korraldab Balti riikide k\u00f5ige esinduslikumat sommeljeede v\u00f5istlust Vana Tallinn Baltic Sommelier Grand Prix koost\u00f6\u00f6s Eesti, L\u00e4ti ja Leedu sommeljeede assotsiatsioonidega juba alates 2006. aastast. Baltimaade parima sommeljee v\u00f5istlus sai oma nime Liviko maailmakuulsa Vana Tallinna lik\u00f6\u00f6ri j\u00e4rgi.<\/p>\n<p>\u201eEesti Sommeljeede Assotsiatsiooni peasponsorina on Liviko aidanud meil edendada veinikultuuri ja tutvustada vastutustundliku alkoholitarbimise p\u00f5him\u00f5tteid,\u201c r\u00e4\u00e4gib ESA president Kristjan Markii.<\/p>\n            <\/div>\n                            \n        <\/div>\n    <\/div>\n<\/div>\n\n<div id=\"mediaBlock-block_a40e52b8fdc6748fc8598ced100445c5\" class=\" c-contentBlock c-mediaBlock c-mediaBlock--align-left c-mediaBlock--valign-center c-mediaBlock--size-regular c-mediaBlock--imageHeight-normal\" data-block-type=\"Media block\">\n   \n                \n     <div class=\"c-mediaBlock__media\" style=\"\"\">\n        <img decoding=\"async\" width=\"850\" height=\"530\" src=\"https:\/\/liviko.eu\/wp-content\/uploads\/2021\/08\/VT-Gala-kodulehele.jpg\" class=\"c-mediaBlock__image\" alt=\"VANA TALLINN GALA\" srcset=\"https:\/\/liviko.eu\/wp-content\/uploads\/2021\/08\/VT-Gala-kodulehele.jpg 850w, https:\/\/liviko.eu\/wp-content\/uploads\/2021\/08\/VT-Gala-kodulehele-768x479.jpg 768w, https:\/\/liviko.eu\/wp-content\/uploads\/2021\/08\/VT-Gala-kodulehele-513x320.jpg 513w\" sizes=\"(max-width: 850px) 100vw, 850px\" \/>    <\/div>\n     <div class=\"c-mediaBlock__body\">\n                    <h2 class=\"c-mediaBlock__title\">VANA TALLINN GALA<\/h2>\n                <div class=\"c-mediaBlock__content\">\n            <div class=\"t-text\">\n            <p>Koos Rahvusooperiga Estonia korraldatav Vana Tallinn Gala on ooperis\u00f5prade seas pikisilmi oodatud s\u00fcndmus ja s\u00e4ravate muusikute kohtumispaik. Esinduslik ja tunnustatud \u2013 just nagu Eesti esindusjook Vana Tallinn, mille j\u00e4rgi gala on oma nime saanud.<\/p>\n<p>Vana Tallinn Gala on pikim j\u00e4rjepidevalt tegutsev klassikalise muusika kontsert Eestis. Liviko on Rahvusooper Estonia suurtoetaja alates 2012. aastast. Vana Tallinn Gala kaunis traditsioon sai alguse aasta hiljem.<\/p>\n<p>&nbsp;<\/p>\n            <\/div>\n                            \n        <\/div>\n    <\/div>\n<\/div>\n\n<div id=\"mediaBlock-block_3831eb30a842825fcc4cf90a138f84be\" class=\" c-contentBlock c-mediaBlock c-mediaBlock--align-right c-mediaBlock--valign-center c-mediaBlock--size-regular c-mediaBlock--imageHeight-normal\" data-block-type=\"Media block\">\n   \n                \n     <div class=\"c-mediaBlock__media\" style=\"\"\">\n        <img decoding=\"async\" width=\"1366\" height=\"913\" src=\"https:\/\/liviko.eu\/wp-content\/uploads\/2021\/10\/Eesti-Kontserti-uritus-1-1366x913.jpg\" class=\"c-mediaBlock__image\" alt=\"EESTI KONTSERT\" srcset=\"https:\/\/liviko.eu\/wp-content\/uploads\/2021\/10\/Eesti-Kontserti-uritus-1-1366x913.jpg 1366w, https:\/\/liviko.eu\/wp-content\/uploads\/2021\/10\/Eesti-Kontserti-uritus-1-920x615.jpg 920w, https:\/\/liviko.eu\/wp-content\/uploads\/2021\/10\/Eesti-Kontserti-uritus-1-768x513.jpg 768w, https:\/\/liviko.eu\/wp-content\/uploads\/2021\/10\/Eesti-Kontserti-uritus-1-1536x1027.jpg 1536w, https:\/\/liviko.eu\/wp-content\/uploads\/2021\/10\/Eesti-Kontserti-uritus-1-479x320.jpg 479w, https:\/\/liviko.eu\/wp-content\/uploads\/2021\/10\/Eesti-Kontserti-uritus-1.jpg 1616w\" sizes=\"(max-width: 1366px) 100vw, 1366px\" \/>    <\/div>\n     <div class=\"c-mediaBlock__body\">\n                    <h2 class=\"c-mediaBlock__title\">EESTI KONTSERT<\/h2>\n                <div class=\"c-mediaBlock__content\">\n            <div class=\"t-text\">\n            <p>Liviko ja Eesti Kontserdi koost\u00f6\u00f6s j\u00f5uavad publikuni elamused Saaremaa Ooperip\u00e4evadest populaarse R\u00e9my Martin\u2019i ja Eesti Kontserdi uusaastakontserdini. Liviko on Eesti Kontserdi suurtoetaja alates 2021. aastast.<\/p>\n<p>Eesti Kontserdi juht Kertu Orro \u00fctles: \u201eKahe oma ala suurima ja vanima rahvusliku organisatsiooni koost\u00f6\u00f6 algus Eesti Kontserdi pidulikul juubeliaastal on m\u00e4rgilise t\u00e4hendusega. T\u00e4nuv\u00e4\u00e4rne, et meil on missioonitundega ettev\u00f5tteid, kes seisavad meiega samade v\u00e4\u00e4rtuste eest \u2013 et meie kultuurikiht oleks piisavalt paks, kultuur eluj\u00f5uline ning et Eestis oleks ilus ja hea elada.\u201c<\/p>\n<p>&nbsp;<\/p>\n            <\/div>\n                            \n        <\/div>\n    <\/div>\n<\/div>\n\n<div id=\"mediaBlock-block_3986c3e14f24a67a6e36ae1ccd2b978b\" class=\" c-contentBlock c-mediaBlock c-mediaBlock--align-left c-mediaBlock--valign-center c-mediaBlock--size-regular c-mediaBlock--imageHeight-normal\" data-block-type=\"Media block\">\n   \n                \n     <div class=\"c-mediaBlock__media\" style=\"\"\">\n        <img loading=\"lazy\" decoding=\"async\" width=\"1366\" height=\"911\" src=\"https:\/\/liviko.eu\/wp-content\/uploads\/2020\/08\/ERSO-and-Olari-Elts.-Foto-Tiit-Mo\u0303ttus-1366x911.jpg\" class=\"c-mediaBlock__image\" alt=\"ERSO\" srcset=\"https:\/\/liviko.eu\/wp-content\/uploads\/2020\/08\/ERSO-and-Olari-Elts.-Foto-Tiit-Mo\u0303ttus-1366x911.jpg 1366w, https:\/\/liviko.eu\/wp-content\/uploads\/2020\/08\/ERSO-and-Olari-Elts.-Foto-Tiit-Mo\u0303ttus-920x613.jpg 920w, https:\/\/liviko.eu\/wp-content\/uploads\/2020\/08\/ERSO-and-Olari-Elts.-Foto-Tiit-Mo\u0303ttus-768x512.jpg 768w, https:\/\/liviko.eu\/wp-content\/uploads\/2020\/08\/ERSO-and-Olari-Elts.-Foto-Tiit-Mo\u0303ttus-1536x1024.jpg 1536w, https:\/\/liviko.eu\/wp-content\/uploads\/2020\/08\/ERSO-and-Olari-Elts.-Foto-Tiit-Mo\u0303ttus-2048x1365.jpg 2048w, https:\/\/liviko.eu\/wp-content\/uploads\/2020\/08\/ERSO-and-Olari-Elts.-Foto-Tiit-Mo\u0303ttus-480x320.jpg 480w\" sizes=\"(max-width: 1366px) 100vw, 1366px\" \/>    <\/div>\n     <div class=\"c-mediaBlock__body\">\n                    <h2 class=\"c-mediaBlock__title\">ERSO<\/h2>\n                <div class=\"c-mediaBlock__content\">\n            <div class=\"t-text\">\n            <p style=\"margin-top: 0cm; background: white;\"><span style=\"color: #142e44;\">\u201eT\u00e4nu Livikole oleme saanud kutsuda esinema kuulsaid v\u00e4lissoliste ja -dirigente. Eesti esindusorkestri pikaajaline ja v\u00e4ga meeldiv koost\u00f6\u00f6 Livikoga on v\u00f5imaldanud pakkuda Eesti rahvale tipptasemel muusikaelamusi,\u201c r\u00e4\u00e4gib ERSO peadirigent Olari Elts.<\/span><\/p>\n<p style=\"margin-top: 0cm; background: white;\"><span style=\"color: #142e44;\">ERSO klaverikontsertide Liviko sari on olnud meisterlik muusikaline r\u00e4nnak maailmatasemel interpreetide ja muusika seltsis. Nii nagu j\u00e4tkuvalt k\u00f5lavad kontserdisaalis sajandite tagused meistriteosed, antakse meil Livikos p\u00f5lvest p\u00f5lve edasi kogutud v\u00e4\u00e4rtuslikke teadmisi ja oskusi. Kokku tuleb meistrit\u00f6\u00f6.<\/span><\/p>\n            <\/div>\n                            \n        <\/div>\n    <\/div>\n<\/div>\n\n<div id=\"mediaBlock-block_c236b6f83dcf0f6e2690a1077d4a6715\" class=\" c-contentBlock c-mediaBlock c-mediaBlock--align-right c-mediaBlock--valign-center c-mediaBlock--size-regular c-mediaBlock--imageHeight-normal\" data-block-type=\"Media block\">\n   \n                \n     <div class=\"c-mediaBlock__media\" style=\"\"\">\n        <img loading=\"lazy\" decoding=\"async\" width=\"1366\" height=\"911\" src=\"https:\/\/liviko.eu\/wp-content\/uploads\/2020\/08\/Liviko_EKL-26-1366x911.jpg\" class=\"c-mediaBlock__image\" alt=\"EESTI KUNSTNIKE LIIT\" srcset=\"https:\/\/liviko.eu\/wp-content\/uploads\/2020\/08\/Liviko_EKL-26-1366x911.jpg 1366w, https:\/\/liviko.eu\/wp-content\/uploads\/2020\/08\/Liviko_EKL-26-920x613.jpg 920w, https:\/\/liviko.eu\/wp-content\/uploads\/2020\/08\/Liviko_EKL-26-768x512.jpg 768w, https:\/\/liviko.eu\/wp-content\/uploads\/2020\/08\/Liviko_EKL-26-1536x1024.jpg 1536w, https:\/\/liviko.eu\/wp-content\/uploads\/2020\/08\/Liviko_EKL-26-2048x1365.jpg 2048w, https:\/\/liviko.eu\/wp-content\/uploads\/2020\/08\/Liviko_EKL-26-480x320.jpg 480w\" sizes=\"(max-width: 1366px) 100vw, 1366px\" \/>    <\/div>\n     <div class=\"c-mediaBlock__body\">\n                    <h2 class=\"c-mediaBlock__title\">EESTI KUNSTNIKE LIIT<\/h2>\n                <div class=\"c-mediaBlock__content\">\n            <div class=\"t-text\">\n            <p style=\"margin-top: 0cm; background: white;\"><span style=\"color: #142e44;\">\u201eKoost\u00f6\u00f6lepe Livikoga annab kunstnike liidule professionaalse ja kunsti hindava partneri Eesti kunstnike loomingu esitlemisel. Loomevabaduse ja inspiratsiooni k\u00f5rval hindavad loojad uudishimulikku ja kaasam\u00f5tlevat publikut, keda oma teostega k\u00f5netada. Liviko asjatundjate koostatud veinivalik n\u00e4ituste avamiseks kujundab samas ka teadlikku veinikultuuri,\u201c r\u00e4\u00e4gib Eesti Kunstnike liidu asepresident Vano Allsalu.<\/span><\/p>\n            <\/div>\n                            \n        <\/div>\n    <\/div>\n<\/div>\n\n<div id=\"mediaBlock-block_175092e7eacf710d3cf7afed172ac5cf\" class=\" c-contentBlock c-mediaBlock c-mediaBlock--align-left c-mediaBlock--valign-center c-mediaBlock--size-regular c-mediaBlock--imageHeight-normal\" data-block-type=\"Media block\">\n   \n                \n     <div class=\"c-mediaBlock__media\" style=\"\"\">\n        <img loading=\"lazy\" decoding=\"async\" width=\"1366\" height=\"910\" src=\"https:\/\/liviko.eu\/wp-content\/uploads\/2020\/08\/Ol\u00fcmpialased-1366x910.jpg\" class=\"c-mediaBlock__image\" alt=\"LIVIKO PUHUS TUULE OL\u00dcMPIAPURJEISSE JA TOETAB PURJETAJATE J\u00c4RELKASVU\" srcset=\"https:\/\/liviko.eu\/wp-content\/uploads\/2020\/08\/Ol\u00fcmpialased-1366x910.jpg 1366w, https:\/\/liviko.eu\/wp-content\/uploads\/2020\/08\/Ol\u00fcmpialased-920x613.jpg 920w, https:\/\/liviko.eu\/wp-content\/uploads\/2020\/08\/Ol\u00fcmpialased-768x512.jpg 768w, https:\/\/liviko.eu\/wp-content\/uploads\/2020\/08\/Ol\u00fcmpialased-1536x1024.jpg 1536w, https:\/\/liviko.eu\/wp-content\/uploads\/2020\/08\/Ol\u00fcmpialased-480x320.jpg 480w, https:\/\/liviko.eu\/wp-content\/uploads\/2020\/08\/Ol\u00fcmpialased.jpg 2048w\" sizes=\"(max-width: 1366px) 100vw, 1366px\" \/>    <\/div>\n     <div class=\"c-mediaBlock__body\">\n                    <h2 class=\"c-mediaBlock__title\">LIVIKO PUHUS TUULE OL\u00dcMPIAPURJEISSE JA TOETAB PURJETAJATE J\u00c4RELKASVU<\/h2>\n                <div class=\"c-mediaBlock__content\">\n            <div class=\"t-text\">\n            <p>Livikolt hoogu saanud Eesti ol\u00fcmpiapurjespordi koondislased saavutasid Tokyo ol\u00fcmpial k\u00f5rged kohad.\u00a0Laser Standard klassis purjetav Karl-Martin Rammo v\u00f5ttis kaks s\u00f5iduv\u00f5itu ja tuli ol\u00fcmpial kokkuv\u00f5ttes 15. kohale ning RS:X klassis v\u00f5istlev Ingrid Puusta saavutas 16. koha. \u201eEesti Jahtklubide Liidu ja Liviko kuldsponsorileping andis meile v\u00e4ga suurt ainelist tuge sellel erakordsel ettevalmistusperioodil, mil ol\u00fcmpiam\u00e4ngud l\u00fckati edasi. Liviko poolehoid ja kaasaelamine andsid meie tiimile justkui lisatuult purjeisse,\u201c \u00fctles Eesti purjetamiskoondise juht Ott Kallas.<\/p>\n<p>Liviko ja purjesportlaste j\u00e4tkuva koost\u00f6\u00f6 fookuses on Tallinna Jahtklubi parimate purjetajate toetamine j\u00e4rgmise nelja aasta jooksul. Ligi 150 regulaarselt treeningutel osaleva noorte- ja ol\u00fcmpiaklasside purjetajaga Tallinna Jahtklubi Purjetamiskool on suurim Eestis.\u00a0Purjetamiskooli kolm kodu Haven Kakum\u00e4e, Pirita ja Lohusalu on n\u00fc\u00fcdsest ka Liviko kodusadamad.<\/p>\n            <\/div>\n                            \n        <\/div>\n    <\/div>\n<\/div>\n\n<div id=\"mediaBlock-block_d35f4e5214848654bfd4025b9759272c\" class=\" c-contentBlock c-mediaBlock c-mediaBlock--align-right c-mediaBlock--valign-center c-mediaBlock--size-regular c-mediaBlock--imageHeight-normal\" data-block-type=\"Media block\">\n   \n                \n     <div class=\"c-mediaBlock__media\" style=\"\"\">\n        <img loading=\"lazy\" decoding=\"async\" width=\"1366\" height=\"967\" src=\"https:\/\/liviko.eu\/wp-content\/uploads\/2021\/03\/hunt-1366x967.jpeg\" class=\"c-mediaBlock__image\" alt=\"MT\u00dc AASTA LOOM\" srcset=\"https:\/\/liviko.eu\/wp-content\/uploads\/2021\/03\/hunt-1366x967.jpeg 1366w, https:\/\/liviko.eu\/wp-content\/uploads\/2021\/03\/hunt-920x652.jpeg 920w, https:\/\/liviko.eu\/wp-content\/uploads\/2021\/03\/hunt-768x544.jpeg 768w, https:\/\/liviko.eu\/wp-content\/uploads\/2021\/03\/hunt-1536x1088.jpeg 1536w, https:\/\/liviko.eu\/wp-content\/uploads\/2021\/03\/hunt-2048x1450.jpeg 2048w, https:\/\/liviko.eu\/wp-content\/uploads\/2021\/03\/hunt-452x320.jpeg 452w\" sizes=\"(max-width: 1366px) 100vw, 1366px\" \/>    <\/div>\n     <div class=\"c-mediaBlock__body\">\n                    <h2 class=\"c-mediaBlock__title\">MT\u00dc AASTA LOOM<\/h2>\n                <div class=\"c-mediaBlock__content\">\n            <div class=\"t-text\">\n            <p>Loodus inspireerib ja toetab meie loomingut. Inimestena oleme k\u00f5ik loodusest ja tema andidest s\u00f5ltuvad. Teeme iga p\u00e4ev pisut rohkem selleks, et elada koosk\u00f5las \u00fcrgse looduse elusolendite ja andidega, mida puutumata loodus meile pakub. Eestimaa metsade hundid on elav t\u00f5estus meie metsikust loodusest. Erinevalt paljudest riikidest, kus \u00fches metsadega on kadunud ka hundid, pakub Eesti mets j\u00e4tkuvalt elupaika erakliku eluviisiga hundile.<\/p>\n<p>Liviko j\u00e4tkab 2018. aastal alustatud koost\u00f6\u00f6d MT\u00dc-ga Aasta Loom, kes panustab Eesti rahvuslooma \u2013 hundi \u2013 s\u00e4ilimisse ja tema erilise koha m\u00f5istmisse \u00f6kos\u00fcsteemis. Raamatute \u201eHunt\u201c (2018) ja \u201eSusi\u201c (2021) v\u00e4ljaandmise toetamisega tegi Liviko kummarduse \u00fcrgsele loodusele ning Eesti rahvusloomale. Loodushoid on meile oluline.<\/p>\n            <\/div>\n                            \n        <\/div>\n    <\/div>\n<\/div>","protected":false},"excerpt":{"rendered":"","protected":false},"author":1,"featured_media":0,"parent":176,"menu_order":3,"comment_status":"closed","ping_status":"closed","template":"","meta":{"_acf_changed":false,"inline_featured_image":false,"_monsterinsights_skip_tracking":false,"_monsterinsights_sitenote_active":false,"_monsterinsights_sitenote_note":"","_monsterinsights_sitenote_category":0,"footnotes":""},"categories":[],"class_list":["post-230","page","type-page","status-publish","hentry"],"acf":[],"yoast_head":"<!-- This site is optimized with the Yoast SEO plugin v24.0 - https:\/\/yoast.com\/wordpress\/plugins\/seo\/ -->\n<title>Koost\u00f6\u00f6 - Liviko<\/title>\n<meta name=\"robots\" content=\"index, follow, max-snippet:-1, max-image-preview:large, max-video-preview:-1\" \/>\n<link rel=\"canonical\" href=\"https:\/\/liviko.eu\/et\/meist\/koostoo\/\" \/>\n<meta property=\"og:locale\" content=\"et_EE\" \/>\n<meta property=\"og:type\" content=\"article\" \/>\n<meta property=\"og:title\" content=\"Koost\u00f6\u00f6 - Liviko\" \/>\n<meta property=\"og:url\" content=\"https:\/\/liviko.eu\/et\/meist\/koostoo\/\" \/>\n<meta property=\"og:site_name\" content=\"Liviko\" \/>\n<meta property=\"article:publisher\" content=\"https:\/\/www.facebook.com\/LivikoDistillery\/\" \/>\n<meta property=\"article:modified_time\" content=\"2024-04-16T08:06:24+00:00\" \/>\n<meta name=\"twitter:card\" content=\"summary_large_image\" \/>\n<script type=\"application\/ld+json\" class=\"yoast-schema-graph\">{\"@context\":\"https:\/\/schema.org\",\"@graph\":[{\"@type\":\"WebPage\",\"@id\":\"https:\/\/liviko.eu\/et\/meist\/koostoo\/\",\"url\":\"https:\/\/liviko.eu\/et\/meist\/koostoo\/\",\"name\":\"Koost\u00f6\u00f6 - Liviko\",\"isPartOf\":{\"@id\":\"https:\/\/liviko.eu\/et\/#website\"},\"datePublished\":\"2020-07-03T09:30:52+00:00\",\"dateModified\":\"2024-04-16T08:06:24+00:00\",\"breadcrumb\":{\"@id\":\"https:\/\/liviko.eu\/et\/meist\/koostoo\/#breadcrumb\"},\"inLanguage\":\"et\",\"potentialAction\":[{\"@type\":\"ReadAction\",\"target\":[\"https:\/\/liviko.eu\/et\/meist\/koostoo\/\"]}]},{\"@type\":\"BreadcrumbList\",\"@id\":\"https:\/\/liviko.eu\/et\/meist\/koostoo\/#breadcrumb\",\"itemListElement\":[{\"@type\":\"ListItem\",\"position\":1,\"name\":\"Home\",\"item\":\"https:\/\/liviko.eu\/et\/\"},{\"@type\":\"ListItem\",\"position\":2,\"name\":\"Meist\",\"item\":\"https:\/\/liviko.eu\/et\/meist\/\"},{\"@type\":\"ListItem\",\"position\":3,\"name\":\"Koost\u00f6\u00f6\"}]},{\"@type\":\"WebSite\",\"@id\":\"https:\/\/liviko.eu\/et\/#website\",\"url\":\"https:\/\/liviko.eu\/et\/\",\"name\":\"Liviko\",\"description\":\"anno 1898\",\"publisher\":{\"@id\":\"https:\/\/liviko.eu\/et\/#organization\"},\"potentialAction\":[{\"@type\":\"SearchAction\",\"target\":{\"@type\":\"EntryPoint\",\"urlTemplate\":\"https:\/\/liviko.eu\/et\/?s={search_term_string}\"},\"query-input\":{\"@type\":\"PropertyValueSpecification\",\"valueRequired\":true,\"valueName\":\"search_term_string\"}}],\"inLanguage\":\"et\"},{\"@type\":\"Organization\",\"@id\":\"https:\/\/liviko.eu\/et\/#organization\",\"name\":\"Liviko\",\"url\":\"https:\/\/liviko.eu\/et\/\",\"logo\":{\"@type\":\"ImageObject\",\"inLanguage\":\"et\",\"@id\":\"https:\/\/liviko.eu\/et\/#\/schema\/logo\/image\/\",\"url\":\"https:\/\/liviko.eu\/wp-content\/uploads\/2020\/10\/liviko_logo.png\",\"contentUrl\":\"https:\/\/liviko.eu\/wp-content\/uploads\/2020\/10\/liviko_logo.png\",\"width\":515,\"height\":181,\"caption\":\"Liviko\"},\"image\":{\"@id\":\"https:\/\/liviko.eu\/et\/#\/schema\/logo\/image\/\"},\"sameAs\":[\"https:\/\/www.facebook.com\/LivikoDistillery\/\",\"https:\/\/www.instagram.com\/livikodistillery\",\"https:\/\/www.linkedin.com\/company\/liviko\/\",\"https:\/\/www.youtube.com\/channel\/UCnoHr-PaNxBHJO8nMDLVGuA\"]}]}<\/script>\n<!-- \/ Yoast SEO plugin. -->","yoast_head_json":{"title":"Koost\u00f6\u00f6 - Liviko","robots":{"index":"index","follow":"follow","max-snippet":"max-snippet:-1","max-image-preview":"max-image-preview:large","max-video-preview":"max-video-preview:-1"},"canonical":"https:\/\/liviko.eu\/et\/meist\/koostoo\/","og_locale":"et_EE","og_type":"article","og_title":"Koost\u00f6\u00f6 - Liviko","og_url":"https:\/\/liviko.eu\/et\/meist\/koostoo\/","og_site_name":"Liviko","article_publisher":"https:\/\/www.facebook.com\/LivikoDistillery\/","article_modified_time":"2024-04-16T08:06:24+00:00","twitter_card":"summary_large_image","schema":{"@context":"https:\/\/schema.org","@graph":[{"@type":"WebPage","@id":"https:\/\/liviko.eu\/et\/meist\/koostoo\/","url":"https:\/\/liviko.eu\/et\/meist\/koostoo\/","name":"Koost\u00f6\u00f6 - Liviko","isPartOf":{"@id":"https:\/\/liviko.eu\/et\/#website"},"datePublished":"2020-07-03T09:30:52+00:00","dateModified":"2024-04-16T08:06:24+00:00","breadcrumb":{"@id":"https:\/\/liviko.eu\/et\/meist\/koostoo\/#breadcrumb"},"inLanguage":"et","potentialAction":[{"@type":"ReadAction","target":["https:\/\/liviko.eu\/et\/meist\/koostoo\/"]}]},{"@type":"BreadcrumbList","@id":"https:\/\/liviko.eu\/et\/meist\/koostoo\/#breadcrumb","itemListElement":[{"@type":"ListItem","position":1,"name":"Home","item":"https:\/\/liviko.eu\/et\/"},{"@type":"ListItem","position":2,"name":"Meist","item":"https:\/\/liviko.eu\/et\/meist\/"},{"@type":"ListItem","position":3,"name":"Koost\u00f6\u00f6"}]},{"@type":"WebSite","@id":"https:\/\/liviko.eu\/et\/#website","url":"https:\/\/liviko.eu\/et\/","name":"Liviko","description":"anno 1898","publisher":{"@id":"https:\/\/liviko.eu\/et\/#organization"},"potentialAction":[{"@type":"SearchAction","target":{"@type":"EntryPoint","urlTemplate":"https:\/\/liviko.eu\/et\/?s={search_term_string}"},"query-input":{"@type":"PropertyValueSpecification","valueRequired":true,"valueName":"search_term_string"}}],"inLanguage":"et"},{"@type":"Organization","@id":"https:\/\/liviko.eu\/et\/#organization","name":"Liviko","url":"https:\/\/liviko.eu\/et\/","logo":{"@type":"ImageObject","inLanguage":"et","@id":"https:\/\/liviko.eu\/et\/#\/schema\/logo\/image\/","url":"https:\/\/liviko.eu\/wp-content\/uploads\/2020\/10\/liviko_logo.png","contentUrl":"https:\/\/liviko.eu\/wp-content\/uploads\/2020\/10\/liviko_logo.png","width":515,"height":181,"caption":"Liviko"},"image":{"@id":"https:\/\/liviko.eu\/et\/#\/schema\/logo\/image\/"},"sameAs":["https:\/\/www.facebook.com\/LivikoDistillery\/","https:\/\/www.instagram.com\/livikodistillery","https:\/\/www.linkedin.com\/company\/liviko\/","https:\/\/www.youtube.com\/channel\/UCnoHr-PaNxBHJO8nMDLVGuA"]}]}},"_links":{"self":[{"href":"https:\/\/liviko.eu\/et\/wp-json\/wp\/v2\/pages\/230","targetHints":{"allow":["GET"]}}],"collection":[{"href":"https:\/\/liviko.eu\/et\/wp-json\/wp\/v2\/pages"}],"about":[{"href":"https:\/\/liviko.eu\/et\/wp-json\/wp\/v2\/types\/page"}],"author":[{"embeddable":true,"href":"https:\/\/liviko.eu\/et\/wp-json\/wp\/v2\/users\/1"}],"replies":[{"embeddable":true,"href":"https:\/\/liviko.eu\/et\/wp-json\/wp\/v2\/comments?post=230"}],"version-history":[{"count":115,"href":"https:\/\/liviko.eu\/et\/wp-json\/wp\/v2\/pages\/230\/revisions"}],"predecessor-version":[{"id":53074,"href":"https:\/\/liviko.eu\/et\/wp-json\/wp\/v2\/pages\/230\/revisions\/53074"}],"up":[{"embeddable":true,"href":"https:\/\/liviko.eu\/et\/wp-json\/wp\/v2\/pages\/176"}],"wp:attachment":[{"href":"https:\/\/liviko.eu\/et\/wp-json\/wp\/v2\/media?parent=230"}],"wp:term":[{"taxonomy":"category","embeddable":true,"href":"https:\/\/liviko.eu\/et\/wp-json\/wp\/v2\/categories?post=230"}],"curies":[{"name":"wp","href":"https:\/\/api.w.org\/{rel}","templated":true}]}}