{"id":2428,"date":"2020-07-31T10:36:27","date_gmt":"2020-07-31T10:36:27","guid":{"rendered":"http:\/\/liviko.eu\/?page_id=2428"},"modified":"2023-06-12T09:58:28","modified_gmt":"2023-06-12T09:58:28","slug":"sotsiaalne-vastutus","status":"publish","type":"page","link":"https:\/\/liviko.eu\/et\/meist\/sotsiaalne-vastutus\/","title":{"rendered":"Sotsiaalne vastutus"},"content":{"rendered":"<div id=\"pageHeader-block_498bbaa01eb2450b3c5540f812e105d6\" class=\" c-contentBlock c-pageHeader\" data-block-type=\"Page header\">\n                    <h1 class=\"c-pageHeader__title\">Sotsiaalne vastutus<\/h1>\n                            <div class=\"c-pageHeader__text t-text\"><p>Rahvusvahelise kvaliteetjookide tootja ja turustajana tunneme vastutust kultuurse, vastutustundliku ja kvaliteeti v\u00e4\u00e4rtustava m\u00f5tteviisi edendamise eest Baltikumis ja eksportturgudel.<\/p>\n<p>Soovime, et alkoholi tarbitaks teadlikult ja m\u00f5istlikult. Selle missiooni elluviimisel kannavad olulist rolli meie ambassador&#8217;id, kes koolitavad \u00fcle maailma baarmeneid ja l\u00f5pptarbijaid, tutvustades neile nii madalama alkoholisisaldusega kokteile kui ka alkoholivabu kokteile.<\/p>\n<p>Liviko on pikaajaline sommeljeede ja baarmenite assotsiatsioonide suurtoetaja Baltikumis. Osaleme Alkoholitootjate ja Maaletoojate Liidu algatatud vastutustundliku alkoholitarbimise kampaanias \u201eKui v\u00f5tad, v\u00f5ta vett vahele!\u201c.<\/p>\n<p>&nbsp;<\/p>\n<p>&nbsp;<\/p>\n<\/div>\n                        <div class=\"c-pageHeader__tools\">\n        \t<a href=\"#page-2428-body\" class=\"c-pageHeader__scrollButton js-scrollTo\">\n        \t\t<span class=\"visuallyhidden\">Scroll to content<\/span>\n                <span class=\"icon-down\"><\/span>\n        \t<\/a>\n        <\/div>\n        \n<\/div>\n<a id=\"page-2428-body\"><\/a>\n\n<div id=\"mediaBlock-block_7398f01b048242f5bdf2e3ca85f5d53a\" class=\" c-contentBlock c-mediaBlock c-mediaBlock--align-left c-mediaBlock--valign-center c-mediaBlock--size-regular c-mediaBlock--imageHeight-normal\" data-block-type=\"Media block\">\n   \n                \n     <div class=\"c-mediaBlock__media\" style=\"\"\">\n        <img fetchpriority=\"high\" decoding=\"async\" width=\"800\" height=\"530\" src=\"https:\/\/liviko.eu\/wp-content\/uploads\/2023\/06\/800x530Corsaro.png\" class=\"c-mediaBlock__image\" alt=\"ROHKEM ALKOHOLIVABU VALIKUID \" srcset=\"https:\/\/liviko.eu\/wp-content\/uploads\/2023\/06\/800x530Corsaro.png 800w, https:\/\/liviko.eu\/wp-content\/uploads\/2023\/06\/800x530Corsaro-768x509.png 768w, https:\/\/liviko.eu\/wp-content\/uploads\/2023\/06\/800x530Corsaro-483x320.png 483w\" sizes=\"(max-width: 800px) 100vw, 800px\" \/>    <\/div>\n     <div class=\"c-mediaBlock__body\">\n                    <h2 class=\"c-mediaBlock__title\">ROHKEM ALKOHOLIVABU VALIKUID <\/h2>\n                <div class=\"c-mediaBlock__content\">\n            <div class=\"t-text\">\n            <p>Loome alkoholivabu valikuid seltskondlikeks koosviibimiseks. Oleme Livikos suurendanud alkoholivabade jookide osakaalu nii omatoodete portfellis kui ka esindatavate br\u00e4ndide valikus.<\/p>\n<p>Liviko meistrikojas valmistatakse Eesti esimest alkoholivaba aperitiivi <a href=\"https:\/\/liviko.eu\/et\/liviko\/corsaro-aperitivo\/\">Corsaro Aperitivo<\/a>. Siin on loodud innovaatilised ja auhinnatud k\u00e4sit\u00f6\u00f6joogid <a href=\"https:\/\/liviko.eu\/et\/tootmine\/re-crafted-crafters\/\">Re-crafted Crafter\u2019s Junibee<\/a>r ja <a href=\"https:\/\/liviko.eu\/et\/tootmine\/re-crafted-crafters\/\">Re-crafted Crafter\u2019s Gingeroot<\/a>, mis valmivad d\u017einni valmistamise j\u00e4\u00e4kekstraktist. Ingveriaustajatele leidub Liviko alkoholivabade jookide valikust veel <a href=\"https:\/\/liviko.eu\/et\/tootmine\/ginger-duke\/\">Ginger Duke<\/a>. Meie uuendusmeelne ja hea maitsega tootearendusmeeskond j\u00e4tkab uute alkoholivabade jookide loomist.<\/p>\n            <\/div>\n                            \n        <\/div>\n    <\/div>\n<\/div>\n\n<div id=\"mediaBlock-block_b13ddeb5ef525b48bb13baf008a3fedf\" class=\" c-contentBlock c-mediaBlock c-mediaBlock--align-right c-mediaBlock--valign-center c-mediaBlock--size-regular c-mediaBlock--imageHeight-normal\" data-block-type=\"Media block\">\n   \n                \n     <div class=\"c-mediaBlock__media\" style=\"\"\">\n        <img decoding=\"async\" width=\"800\" height=\"530\" src=\"https:\/\/liviko.eu\/wp-content\/uploads\/2023\/06\/800x530NOLO.png\" class=\"c-mediaBlock__image\" alt=\"\" srcset=\"https:\/\/liviko.eu\/wp-content\/uploads\/2023\/06\/800x530NOLO.png 800w, https:\/\/liviko.eu\/wp-content\/uploads\/2023\/06\/800x530NOLO-768x509.png 768w, https:\/\/liviko.eu\/wp-content\/uploads\/2023\/06\/800x530NOLO-483x320.png 483w\" sizes=\"(max-width: 800px) 100vw, 800px\" \/>    <\/div>\n     <div class=\"c-mediaBlock__body\">\n                <div class=\"c-mediaBlock__content\">\n            <div class=\"t-text\">\n            <p>Peale omatoodete on Liviko toonud nii Eestis, L\u00e4tis kui ka Leedus m\u00fc\u00fcgile mitmete rahvusvaheliste tootjate alkoholivabad joogid. Valikust leiab nii <a href=\"https:\/\/liviko.eu\/et\/uued-martini-alkoholivabad-aperitiivid-martini-floreale-ja-martini-vibrante\/\">Martini alkoholivabad aperitiivid<\/a>, Luna alkoholivabad vahuveinid kui ka Valckenbergi alkoholivaba veini. Lisaks on Liviko esindusportfellis <a href=\"https:\/\/liviko.eu\/et\/distributsioon\/\">Fentimansi<\/a> kvaliteetlimonaadid ja toonikud, <a href=\"https:\/\/liviko.eu\/et\/distributsioon\/\">Haage ja Haanja looduslikud mineraalveed.<\/a><\/p>\n            <\/div>\n                            \n        <\/div>\n    <\/div>\n<\/div>\n\n<div id=\"mediaBlock-block_5a7eeba7b553cfbfefa4496cb953ef6a\" class=\" c-contentBlock c-mediaBlock c-mediaBlock--align-left c-mediaBlock--valign-center c-mediaBlock--size-regular c-mediaBlock--imageHeight-normal\" data-block-type=\"Media block\">\n   \n                \n     <div class=\"c-mediaBlock__media\" style=\"\"\">\n        <img decoding=\"async\" width=\"800\" height=\"530\" src=\"https:\/\/liviko.eu\/wp-content\/uploads\/2023\/06\/800x530votavettvahele.png\" class=\"c-mediaBlock__image\" alt=\"V\u00d5TA VETT VAHELE\" srcset=\"https:\/\/liviko.eu\/wp-content\/uploads\/2023\/06\/800x530votavettvahele.png 800w, https:\/\/liviko.eu\/wp-content\/uploads\/2023\/06\/800x530votavettvahele-768x509.png 768w, https:\/\/liviko.eu\/wp-content\/uploads\/2023\/06\/800x530votavettvahele-483x320.png 483w\" sizes=\"(max-width: 800px) 100vw, 800px\" \/>    <\/div>\n     <div class=\"c-mediaBlock__body\">\n                    <h2 class=\"c-mediaBlock__title\">V\u00d5TA VETT VAHELE<\/h2>\n                <div class=\"c-mediaBlock__content\">\n            <div class=\"t-text\">\n            <p>Soovime, et klaas vett alkohoolse joogi k\u00f5rval oleks osa joogikultuurist. Liviko on Alkoholitootjate ja Maaletoojate Liidu algatatud kampaania \u201eKui v\u00f5tad, v\u00f5ta vett vahele!\u201c koost\u00f6\u00f6partner vastutustundliku alkoholikultuuri edendamisel. \u00a0Teavituskampaania kutsub inimesi \u00fcles iga joodud alkoholiklaasi vahele jooma klaasi vett. Vee joomine aitab tasakaalustada organismi vedelikuvajadust ning tagab parema enesetunde.<\/p>\n<ul>\n<li><a href=\"https:\/\/vettvahele.ee\/\">VETTVAHELE.EE<\/a><\/li>\n<\/ul>\n            <\/div>\n                            \n        <\/div>\n    <\/div>\n<\/div>\n\n<div id=\"mediaBlock-block_4dcb3c9a5011713343e90c757e6f9071\" class=\" c-contentBlock c-mediaBlock c-mediaBlock--align-right c-mediaBlock--valign-center c-mediaBlock--size-regular c-mediaBlock--imageHeight-normal\" data-block-type=\"Media block\">\n   \n                \n     <div class=\"c-mediaBlock__media\" style=\"\"\">\n        <img loading=\"lazy\" decoding=\"async\" width=\"800\" height=\"530\" src=\"https:\/\/liviko.eu\/wp-content\/uploads\/2023\/06\/800x530-vtgp.jpg\" class=\"c-mediaBlock__image\" alt=\"VANA TALLINN GRAND PRIX\" srcset=\"https:\/\/liviko.eu\/wp-content\/uploads\/2023\/06\/800x530-vtgp.jpg 800w, https:\/\/liviko.eu\/wp-content\/uploads\/2023\/06\/800x530-vtgp-768x509.jpg 768w, https:\/\/liviko.eu\/wp-content\/uploads\/2023\/06\/800x530-vtgp-483x320.jpg 483w\" sizes=\"(max-width: 800px) 100vw, 800px\" \/>    <\/div>\n     <div class=\"c-mediaBlock__body\">\n                    <h2 class=\"c-mediaBlock__title\">VANA TALLINN GRAND PRIX<\/h2>\n                <div class=\"c-mediaBlock__content\">\n            <div class=\"t-text\">\n            <p style=\"margin-top: 0cm; background: white;\"><span style=\"font-size: 13.5pt; font-family: 'Source Sans Pro',sans-serif; color: #142e44;\">Liviko korraldab Balti riikide k\u00f5ige esinduslikumat sommeljeede v\u00f5istlust Vana Tallinn Baltic Sommelier Grand Prix koost\u00f6\u00f6s Eesti, L\u00e4ti ja Leedu sommeljeede assotsiatsioonidega juba alates 2006. aastast. Baltimaade parima sommeljee v\u00f5istlus sai oma nime Liviko maailmakuulsa Vana Tallinna lik\u00f6\u00f6ri j\u00e4rgi.<\/span><\/p>\n<p style=\"margin-top: 0cm; background: white; box-sizing: border-box; font-variant-ligatures: normal; font-variant-caps: normal; orphans: 2; text-align: start; widows: 2; -webkit-text-stroke-width: 0px; text-decoration-thickness: initial; text-decoration-style: initial; text-decoration-color: initial; word-spacing: 0px;\"><span style=\"font-size: 13.5pt; font-family: 'Source Sans Pro',sans-serif; color: #142e44;\">\u201eEesti Sommeljeede Assotsiatsiooni peasponsorina on Liviko aidanud meil edendada veinikultuuri ja tutvustada vastutustundliku alkoholitarbimise p\u00f5him\u00f5tteid,\u201c r\u00e4\u00e4gib ESA president Kristjan Markii.<\/span><\/p>\n            <\/div>\n                            \n        <\/div>\n    <\/div>\n<\/div>\n\n<div id=\"mediaBlock-block_15e645f00b2c73e62f483aeaeece694a\" class=\" c-contentBlock c-mediaBlock c-mediaBlock--align-left c-mediaBlock--valign-center c-mediaBlock--size-regular c-mediaBlock--imageHeight-normal\" data-block-type=\"Media block\">\n   \n                \n     <div class=\"c-mediaBlock__media\" style=\"\"\">\n        <img loading=\"lazy\" decoding=\"async\" width=\"800\" height=\"530\" src=\"https:\/\/liviko.eu\/wp-content\/uploads\/2023\/06\/800x530CPakend.jpg\" class=\"c-mediaBlock__image\" alt=\"VASTUTUSTUNDLIK PAKEND \" srcset=\"https:\/\/liviko.eu\/wp-content\/uploads\/2023\/06\/800x530CPakend.jpg 800w, https:\/\/liviko.eu\/wp-content\/uploads\/2023\/06\/800x530CPakend-768x509.jpg 768w, https:\/\/liviko.eu\/wp-content\/uploads\/2023\/06\/800x530CPakend-483x320.jpg 483w\" sizes=\"(max-width: 800px) 100vw, 800px\" \/>    <\/div>\n     <div class=\"c-mediaBlock__body\">\n                    <h2 class=\"c-mediaBlock__title\">VASTUTUSTUNDLIK PAKEND <\/h2>\n                <div class=\"c-mediaBlock__content\">\n            <div class=\"t-text\">\n            <p>Vastutustundliku alkoholitarbimise teadvustamiseks kannavad meie omatooted ja nende reklaamid hoiatusm\u00e4rke: \u201eKui jood, \u00e4ra s\u00f5ida!\u201c, \u201eRasedad ei tohiks alkoholi tarbida!\u201c, \u201eLubatud vaid \u00fcle 18-aastastele!\u201c. Oleme lisanud mitmete jookide etiketile kaloraa\u017ei info.<\/p>\n            <\/div>\n                            \n        <\/div>\n    <\/div>\n<\/div>\n\n\n<p><\/p>\n","protected":false},"excerpt":{"rendered":"","protected":false},"author":2,"featured_media":0,"parent":176,"menu_order":0,"comment_status":"closed","ping_status":"closed","template":"","meta":{"_acf_changed":false,"inline_featured_image":false,"_monsterinsights_skip_tracking":false,"_monsterinsights_sitenote_active":false,"_monsterinsights_sitenote_note":"","_monsterinsights_sitenote_category":0,"footnotes":""},"categories":[],"class_list":["post-2428","page","type-page","status-publish","hentry"],"acf":[],"yoast_head":"<!-- This site is optimized with the Yoast SEO plugin v24.0 - https:\/\/yoast.com\/wordpress\/plugins\/seo\/ -->\n<title>Sotsiaalne vastutus - Liviko<\/title>\n<meta name=\"robots\" content=\"index, follow, max-snippet:-1, max-image-preview:large, max-video-preview:-1\" \/>\n<link rel=\"canonical\" href=\"https:\/\/liviko.eu\/et\/meist\/sotsiaalne-vastutus\/\" \/>\n<meta property=\"og:locale\" content=\"et_EE\" \/>\n<meta property=\"og:type\" content=\"article\" \/>\n<meta property=\"og:title\" content=\"Sotsiaalne vastutus - Liviko\" \/>\n<meta property=\"og:url\" content=\"https:\/\/liviko.eu\/et\/meist\/sotsiaalne-vastutus\/\" \/>\n<meta property=\"og:site_name\" content=\"Liviko\" \/>\n<meta property=\"article:publisher\" content=\"https:\/\/www.facebook.com\/LivikoDistillery\/\" \/>\n<meta property=\"article:modified_time\" content=\"2023-06-12T09:58:28+00:00\" \/>\n<meta name=\"twitter:card\" content=\"summary_large_image\" \/>\n<script type=\"application\/ld+json\" class=\"yoast-schema-graph\">{\"@context\":\"https:\/\/schema.org\",\"@graph\":[{\"@type\":\"WebPage\",\"@id\":\"https:\/\/liviko.eu\/et\/meist\/sotsiaalne-vastutus\/\",\"url\":\"https:\/\/liviko.eu\/et\/meist\/sotsiaalne-vastutus\/\",\"name\":\"Sotsiaalne vastutus - Liviko\",\"isPartOf\":{\"@id\":\"https:\/\/liviko.eu\/et\/#website\"},\"datePublished\":\"2020-07-31T10:36:27+00:00\",\"dateModified\":\"2023-06-12T09:58:28+00:00\",\"breadcrumb\":{\"@id\":\"https:\/\/liviko.eu\/et\/meist\/sotsiaalne-vastutus\/#breadcrumb\"},\"inLanguage\":\"et\",\"potentialAction\":[{\"@type\":\"ReadAction\",\"target\":[\"https:\/\/liviko.eu\/et\/meist\/sotsiaalne-vastutus\/\"]}]},{\"@type\":\"BreadcrumbList\",\"@id\":\"https:\/\/liviko.eu\/et\/meist\/sotsiaalne-vastutus\/#breadcrumb\",\"itemListElement\":[{\"@type\":\"ListItem\",\"position\":1,\"name\":\"Home\",\"item\":\"https:\/\/liviko.eu\/et\/\"},{\"@type\":\"ListItem\",\"position\":2,\"name\":\"Meist\",\"item\":\"https:\/\/liviko.eu\/et\/meist\/\"},{\"@type\":\"ListItem\",\"position\":3,\"name\":\"Sotsiaalne vastutus\"}]},{\"@type\":\"WebSite\",\"@id\":\"https:\/\/liviko.eu\/et\/#website\",\"url\":\"https:\/\/liviko.eu\/et\/\",\"name\":\"Liviko\",\"description\":\"anno 1898\",\"publisher\":{\"@id\":\"https:\/\/liviko.eu\/et\/#organization\"},\"potentialAction\":[{\"@type\":\"SearchAction\",\"target\":{\"@type\":\"EntryPoint\",\"urlTemplate\":\"https:\/\/liviko.eu\/et\/?s={search_term_string}\"},\"query-input\":{\"@type\":\"PropertyValueSpecification\",\"valueRequired\":true,\"valueName\":\"search_term_string\"}}],\"inLanguage\":\"et\"},{\"@type\":\"Organization\",\"@id\":\"https:\/\/liviko.eu\/et\/#organization\",\"name\":\"Liviko\",\"url\":\"https:\/\/liviko.eu\/et\/\",\"logo\":{\"@type\":\"ImageObject\",\"inLanguage\":\"et\",\"@id\":\"https:\/\/liviko.eu\/et\/#\/schema\/logo\/image\/\",\"url\":\"https:\/\/liviko.eu\/wp-content\/uploads\/2020\/10\/liviko_logo.png\",\"contentUrl\":\"https:\/\/liviko.eu\/wp-content\/uploads\/2020\/10\/liviko_logo.png\",\"width\":515,\"height\":181,\"caption\":\"Liviko\"},\"image\":{\"@id\":\"https:\/\/liviko.eu\/et\/#\/schema\/logo\/image\/\"},\"sameAs\":[\"https:\/\/www.facebook.com\/LivikoDistillery\/\",\"https:\/\/www.instagram.com\/livikodistillery\",\"https:\/\/www.linkedin.com\/company\/liviko\/\",\"https:\/\/www.youtube.com\/channel\/UCnoHr-PaNxBHJO8nMDLVGuA\"]}]}<\/script>\n<!-- \/ Yoast SEO plugin. -->","yoast_head_json":{"title":"Sotsiaalne vastutus - Liviko","robots":{"index":"index","follow":"follow","max-snippet":"max-snippet:-1","max-image-preview":"max-image-preview:large","max-video-preview":"max-video-preview:-1"},"canonical":"https:\/\/liviko.eu\/et\/meist\/sotsiaalne-vastutus\/","og_locale":"et_EE","og_type":"article","og_title":"Sotsiaalne vastutus - Liviko","og_url":"https:\/\/liviko.eu\/et\/meist\/sotsiaalne-vastutus\/","og_site_name":"Liviko","article_publisher":"https:\/\/www.facebook.com\/LivikoDistillery\/","article_modified_time":"2023-06-12T09:58:28+00:00","twitter_card":"summary_large_image","schema":{"@context":"https:\/\/schema.org","@graph":[{"@type":"WebPage","@id":"https:\/\/liviko.eu\/et\/meist\/sotsiaalne-vastutus\/","url":"https:\/\/liviko.eu\/et\/meist\/sotsiaalne-vastutus\/","name":"Sotsiaalne vastutus - Liviko","isPartOf":{"@id":"https:\/\/liviko.eu\/et\/#website"},"datePublished":"2020-07-31T10:36:27+00:00","dateModified":"2023-06-12T09:58:28+00:00","breadcrumb":{"@id":"https:\/\/liviko.eu\/et\/meist\/sotsiaalne-vastutus\/#breadcrumb"},"inLanguage":"et","potentialAction":[{"@type":"ReadAction","target":["https:\/\/liviko.eu\/et\/meist\/sotsiaalne-vastutus\/"]}]},{"@type":"BreadcrumbList","@id":"https:\/\/liviko.eu\/et\/meist\/sotsiaalne-vastutus\/#breadcrumb","itemListElement":[{"@type":"ListItem","position":1,"name":"Home","item":"https:\/\/liviko.eu\/et\/"},{"@type":"ListItem","position":2,"name":"Meist","item":"https:\/\/liviko.eu\/et\/meist\/"},{"@type":"ListItem","position":3,"name":"Sotsiaalne vastutus"}]},{"@type":"WebSite","@id":"https:\/\/liviko.eu\/et\/#website","url":"https:\/\/liviko.eu\/et\/","name":"Liviko","description":"anno 1898","publisher":{"@id":"https:\/\/liviko.eu\/et\/#organization"},"potentialAction":[{"@type":"SearchAction","target":{"@type":"EntryPoint","urlTemplate":"https:\/\/liviko.eu\/et\/?s={search_term_string}"},"query-input":{"@type":"PropertyValueSpecification","valueRequired":true,"valueName":"search_term_string"}}],"inLanguage":"et"},{"@type":"Organization","@id":"https:\/\/liviko.eu\/et\/#organization","name":"Liviko","url":"https:\/\/liviko.eu\/et\/","logo":{"@type":"ImageObject","inLanguage":"et","@id":"https:\/\/liviko.eu\/et\/#\/schema\/logo\/image\/","url":"https:\/\/liviko.eu\/wp-content\/uploads\/2020\/10\/liviko_logo.png","contentUrl":"https:\/\/liviko.eu\/wp-content\/uploads\/2020\/10\/liviko_logo.png","width":515,"height":181,"caption":"Liviko"},"image":{"@id":"https:\/\/liviko.eu\/et\/#\/schema\/logo\/image\/"},"sameAs":["https:\/\/www.facebook.com\/LivikoDistillery\/","https:\/\/www.instagram.com\/livikodistillery","https:\/\/www.linkedin.com\/company\/liviko\/","https:\/\/www.youtube.com\/channel\/UCnoHr-PaNxBHJO8nMDLVGuA"]}]}},"_links":{"self":[{"href":"https:\/\/liviko.eu\/et\/wp-json\/wp\/v2\/pages\/2428","targetHints":{"allow":["GET"]}}],"collection":[{"href":"https:\/\/liviko.eu\/et\/wp-json\/wp\/v2\/pages"}],"about":[{"href":"https:\/\/liviko.eu\/et\/wp-json\/wp\/v2\/types\/page"}],"author":[{"embeddable":true,"href":"https:\/\/liviko.eu\/et\/wp-json\/wp\/v2\/users\/2"}],"replies":[{"embeddable":true,"href":"https:\/\/liviko.eu\/et\/wp-json\/wp\/v2\/comments?post=2428"}],"version-history":[{"count":82,"href":"https:\/\/liviko.eu\/et\/wp-json\/wp\/v2\/pages\/2428\/revisions"}],"predecessor-version":[{"id":48272,"href":"https:\/\/liviko.eu\/et\/wp-json\/wp\/v2\/pages\/2428\/revisions\/48272"}],"up":[{"embeddable":true,"href":"https:\/\/liviko.eu\/et\/wp-json\/wp\/v2\/pages\/176"}],"wp:attachment":[{"href":"https:\/\/liviko.eu\/et\/wp-json\/wp\/v2\/media?parent=2428"}],"wp:term":[{"taxonomy":"category","embeddable":true,"href":"https:\/\/liviko.eu\/et\/wp-json\/wp\/v2\/categories?post=2428"}],"curies":[{"name":"wp","href":"https:\/\/api.w.org\/{rel}","templated":true}]}}