{"id":28532,"date":"2022-03-30T07:02:06","date_gmt":"2022-03-30T07:02:06","guid":{"rendered":"https:\/\/liviko.eu\/?page_id=28532"},"modified":"2023-11-22T08:16:14","modified_gmt":"2023-11-22T08:16:14","slug":"corsaro-aperitivo","status":"publish","type":"page","link":"https:\/\/liviko.eu\/et\/liviko\/corsaro-aperitivo\/","title":{"rendered":"Corsaro Aperitivo"},"content":{"rendered":"<div id=\"pageHeader-block_15d30ec2cb9453c218aa23895b4bcc21\" class=\" c-contentBlock c-pageHeader\" data-block-type=\"Page header\">\n                        \n<\/div>\n<a id=\"page-28532-body\"><\/a>\n\n<div id=\"mediaBlock-block_248d4dbe20b417b2df6e45b5f6627bd4\" class=\" c-contentBlock c-mediaBlock c-mediaBlock--align-left c-mediaBlock--valign-center c-mediaBlock--size-extra-small c-mediaBlock--imageHeight-small\" data-block-type=\"Media block\">\n   \n                \n     <div class=\"c-mediaBlock__media\" style=\"\"\">\n        <img fetchpriority=\"high\" decoding=\"async\" width=\"368\" height=\"1366\" src=\"https:\/\/liviko.eu\/wp-content\/uploads\/2022\/03\/Corsaro-368x1366.jpg\" class=\"c-mediaBlock__image\" alt=\"CORSARO APERITIVO\" srcset=\"https:\/\/liviko.eu\/wp-content\/uploads\/2022\/03\/Corsaro-368x1366.jpg 368w, https:\/\/liviko.eu\/wp-content\/uploads\/2022\/03\/Corsaro-248x920.jpg 248w, https:\/\/liviko.eu\/wp-content\/uploads\/2022\/03\/Corsaro-768x2848.jpg 768w, https:\/\/liviko.eu\/wp-content\/uploads\/2022\/03\/Corsaro-414x1536.jpg 414w, https:\/\/liviko.eu\/wp-content\/uploads\/2022\/03\/Corsaro-552x2048.jpg 552w, https:\/\/liviko.eu\/wp-content\/uploads\/2022\/03\/Corsaro-86x320.jpg 86w, https:\/\/liviko.eu\/wp-content\/uploads\/2022\/03\/Corsaro-scaled.jpg 690w\" sizes=\"(max-width: 368px) 100vw, 368px\" \/>    <\/div>\n     <div class=\"c-mediaBlock__body\">\n                    <h2 class=\"c-mediaBlock__title\">CORSARO APERITIVO<\/h2>\n                <div class=\"c-mediaBlock__content\">\n            <div class=\"t-text\">\n            <p>Corsaro Aperitivo mahlaka maitsekombinatsiooni magusatest ja m\u00f5rkjatest nootidest aitavad luua pihlaka- ja j\u00f5hvikamahl koos v\u00fcrtsidest t\u00f5mmisega.<\/p>\n<p>Corsaro unikaalse maitse ja parima kvaliteedi tagamiseks on t\u00f5mmise komponendid hoolikalt valitud erinevatest paikadest \u00fcle maailma. T\u00e4nu sellele on maitsebukett rikkalik, kandes \u00fches nii pehmeid ja magusaid kui tsitruselisi ja m\u00f5rkjaid n\u00fcansse.<\/p>\n<p>Corsaro Aperitivo on m\u00f5eldud k\u00f5igile, kes soovivad nautida laia valikut m\u00f5nusaid kokteile, kuid teha seda kas alkoholivabal kujul v\u00f5i madala alkoholi sisaldusega. Corsaro alkoholivaba jook pakub sama erilist maitseelamust, kui tuntud klassikalised kokteilid.<\/p>\n<p><strong>Auhinnad:<\/strong><\/p>\n<ul>\n<li>Eesti Parim Jook 2023- Parim alkoholivaba jook- kuldmedal<\/li>\n<li>Eesti Parim Jook 2022- Parim alkoholivaba jook (alkoholivaba destillaat, alkoholivaba segujook, terviseshot)- kuldmedal<\/li>\n<\/ul>\n<p><strong>Sotsiaalmeedia:<\/strong><br \/>\n<a href=\"https:\/\/corsaroaperitivo.com\/\">Koduleht<\/a><br \/>\n<a href=\"https:\/\/www.instagram.com\/corsaroaperitivo\/\">Instagram<\/a><br \/>\n<a href=\"https:\/\/www.youtube.com\/@corsaroaperitivo\/videos\">Youtube<\/a><\/p>\n            <\/div>\n                            \n        <\/div>\n    <\/div>\n<\/div>\n\n\n<div id=\"featureBlocks-block_c8c6b4da6cf2371f8f4f354828bc193c\" class=\" c-contentBlock c-featureBlocks c-featureBlocks--type-expanded c-featureBlocks--grid-columns\" data-block-type=\"Feature blocks: expanded\">\n   <div class=\"c-featureBlocksGroup\">\n\n\n                          <div class=\"c-featureBlocks__item\">\n                \n                \n                    <div class=\"c-featureBlocks__item-block\"    >\n\n                                                                                            <div class=\"c-featureBlock__imageContainer\">\n                                <img decoding=\"async\" width=\"800\" height=\"800\" src=\"https:\/\/liviko.eu\/wp-content\/uploads\/2022\/05\/USP-corsarospritz.jpg\" class=\"c-featureBlock__image\" alt=\"Corsaro Spritz\" srcset=\"https:\/\/liviko.eu\/wp-content\/uploads\/2022\/05\/USP-corsarospritz.jpg 800w, https:\/\/liviko.eu\/wp-content\/uploads\/2022\/05\/USP-corsarospritz-480x480.jpg 480w, https:\/\/liviko.eu\/wp-content\/uploads\/2022\/05\/USP-corsarospritz-768x768.jpg 768w, https:\/\/liviko.eu\/wp-content\/uploads\/2022\/05\/USP-corsarospritz-320x320.jpg 320w, https:\/\/liviko.eu\/wp-content\/uploads\/2022\/05\/USP-corsarospritz-603x603.jpg 603w\" sizes=\"(max-width: 800px) 100vw, 800px\" \/>                                <\/div>\n                               \n\n                            <div class=\"c-featureBlocks__item-body\">\n                                    <h3 class=\"c-featureBlocks__item-title\">Corsaro Spritz<\/h3>\n                                    <div class=\"t-text\">\n                                        <p>80 ml Corsaro Aperitivo<br \/>\n80 ml Luna De Murviedro Alcohol Free Sparkling<br \/>\n<em>Meetod: <strong>Ehitada<\/strong> j\u00e4\u00e4 peale <strong>veinipokaali<\/strong> ja kaunistada <u>apelsiniviiluga.<\/u><\/em><br \/>\n<em>Alternatiiv<\/em>: Fentimans Soda Water, Fentimans Connoisseurs Tonic Water. Madala alkoholisisaldusega kokteili jaoks Clos Amador Cava.<\/p>\n                                    <\/div>\n                            <\/div>\n\n                    <\/div>    \n                        \n\n\n                            \n            <\/div>\n            \n                    <div class=\"c-featureBlocks__item\">\n                \n                \n                    <div class=\"c-featureBlocks__item-block\"    >\n\n                                                                                            <div class=\"c-featureBlock__imageContainer\">\n                                <img decoding=\"async\" width=\"800\" height=\"800\" src=\"https:\/\/liviko.eu\/wp-content\/uploads\/2022\/05\/usp-corsaroontherocks.jpg\" class=\"c-featureBlock__image\" alt=\"Corsaro On The Rocks\" srcset=\"https:\/\/liviko.eu\/wp-content\/uploads\/2022\/05\/usp-corsaroontherocks.jpg 800w, https:\/\/liviko.eu\/wp-content\/uploads\/2022\/05\/usp-corsaroontherocks-480x480.jpg 480w, https:\/\/liviko.eu\/wp-content\/uploads\/2022\/05\/usp-corsaroontherocks-768x768.jpg 768w, https:\/\/liviko.eu\/wp-content\/uploads\/2022\/05\/usp-corsaroontherocks-320x320.jpg 320w, https:\/\/liviko.eu\/wp-content\/uploads\/2022\/05\/usp-corsaroontherocks-603x603.jpg 603w\" sizes=\"(max-width: 800px) 100vw, 800px\" \/>                                <\/div>\n                               \n\n                            <div class=\"c-featureBlocks__item-body\">\n                                    <h3 class=\"c-featureBlocks__item-title\">Corsaro On The Rocks<\/h3>\n                                    <div class=\"t-text\">\n                                        <p>60 ml Corsaro Aperitivo<br \/>\n<em>Meetod: <strong>Ehitada<\/strong> j\u00e4\u00e4 peale <strong>lowball<\/strong> klaasi ja serveerida <u>apelsiniviiluga.<\/u><\/em><\/p>\n                                    <\/div>\n                            <\/div>\n\n                    <\/div>    \n                        \n\n\n                            \n            <\/div>\n            \n                    <div class=\"c-featureBlocks__item\">\n                \n                \n                    <div class=\"c-featureBlocks__item-block\"    >\n\n                                                                                            <div class=\"c-featureBlock__imageContainer\">\n                                <img loading=\"lazy\" decoding=\"async\" width=\"800\" height=\"800\" src=\"https:\/\/liviko.eu\/wp-content\/uploads\/2022\/05\/usp-Corsaroska.jpg\" class=\"c-featureBlock__image\" alt=\"Corsaroska\" srcset=\"https:\/\/liviko.eu\/wp-content\/uploads\/2022\/05\/usp-Corsaroska.jpg 800w, https:\/\/liviko.eu\/wp-content\/uploads\/2022\/05\/usp-Corsaroska-480x480.jpg 480w, https:\/\/liviko.eu\/wp-content\/uploads\/2022\/05\/usp-Corsaroska-768x768.jpg 768w, https:\/\/liviko.eu\/wp-content\/uploads\/2022\/05\/usp-Corsaroska-320x320.jpg 320w, https:\/\/liviko.eu\/wp-content\/uploads\/2022\/05\/usp-Corsaroska-603x603.jpg 603w\" sizes=\"(max-width: 800px) 100vw, 800px\" \/>                                <\/div>\n                               \n\n                            <div class=\"c-featureBlocks__item-body\">\n                                    <h3 class=\"c-featureBlocks__item-title\">Corsaroska<\/h3>\n                                    <div class=\"t-text\">\n                                        <p>80 ml Corsaro Aperitivo<br \/>\n1\/8 v\u00e4rsket greipi<br \/>\n<em>Meetod: <strong>Uhmerdada <\/strong>greip<strong> lowball <\/strong>klaasis, lisada Corsaro ning segada ohtra j\u00e4\u00e4ga kuni vedelik jahtub. <u>Serveerida ilma kaunistuseta <\/u><\/em><\/p>\n                                    <\/div>\n                            <\/div>\n\n                    <\/div>    \n                        \n\n\n                            \n            <\/div>\n            \n                <div class=\"c-featureBlocks__item c-featureBlocks__item--empty\"><\/div>\n    <div class=\"c-featureBlocks__item c-featureBlocks__item--empty\"><\/div>\n    <\/div>\n<\/div>\n\n\n\n<div id=\"featureBlocks-block_243eef475cfbc46c10278156012ed7fd\" class=\" c-contentBlock c-featureBlocks c-featureBlocks--type-expanded c-featureBlocks--grid-columns\" data-block-type=\"Feature blocks: expanded\">\n   <div class=\"c-featureBlocksGroup\">\n\n\n                          <div class=\"c-featureBlocks__item\">\n                \n                \n                    <div class=\"c-featureBlocks__item-block\"    >\n\n                                                                                            <div class=\"c-featureBlock__imageContainer\">\n                                <img loading=\"lazy\" decoding=\"async\" width=\"920\" height=\"920\" src=\"https:\/\/liviko.eu\/wp-content\/uploads\/2022\/05\/Corsaro3-Fookus-IG-920x920.png\" class=\"c-featureBlock__image\" alt=\"\" srcset=\"https:\/\/liviko.eu\/wp-content\/uploads\/2022\/05\/Corsaro3-Fookus-IG-920x920.png 920w, https:\/\/liviko.eu\/wp-content\/uploads\/2022\/05\/Corsaro3-Fookus-IG-480x480.png 480w, https:\/\/liviko.eu\/wp-content\/uploads\/2022\/05\/Corsaro3-Fookus-IG-768x768.png 768w, https:\/\/liviko.eu\/wp-content\/uploads\/2022\/05\/Corsaro3-Fookus-IG-320x320.png 320w, https:\/\/liviko.eu\/wp-content\/uploads\/2022\/05\/Corsaro3-Fookus-IG-603x603.png 603w, https:\/\/liviko.eu\/wp-content\/uploads\/2022\/05\/Corsaro3-Fookus-IG.png 1080w\" sizes=\"(max-width: 920px) 100vw, 920px\" \/>                                <\/div>\n                               \n\n                            <div class=\"c-featureBlocks__item-body\">\n                                    <h3 class=\"c-featureBlocks__item-title\"><\/h3>\n                                    <div class=\"t-text\">\n                                                                            <\/div>\n                            <\/div>\n\n                    <\/div>    \n                        \n\n\n                            \n            <\/div>\n            \n                    <div class=\"c-featureBlocks__item\">\n                \n                \n                    <div class=\"c-featureBlocks__item-block\"    >\n\n                                                                                            <div class=\"c-featureBlock__imageContainer\">\n                                <img loading=\"lazy\" decoding=\"async\" width=\"800\" height=\"800\" src=\"https:\/\/liviko.eu\/wp-content\/uploads\/2022\/05\/USP-2-1.jpg\" class=\"c-featureBlock__image\" alt=\"\" srcset=\"https:\/\/liviko.eu\/wp-content\/uploads\/2022\/05\/USP-2-1.jpg 800w, https:\/\/liviko.eu\/wp-content\/uploads\/2022\/05\/USP-2-1-480x480.jpg 480w, https:\/\/liviko.eu\/wp-content\/uploads\/2022\/05\/USP-2-1-768x768.jpg 768w, https:\/\/liviko.eu\/wp-content\/uploads\/2022\/05\/USP-2-1-320x320.jpg 320w, https:\/\/liviko.eu\/wp-content\/uploads\/2022\/05\/USP-2-1-603x603.jpg 603w\" sizes=\"(max-width: 800px) 100vw, 800px\" \/>                                <\/div>\n                               \n\n                            <div class=\"c-featureBlocks__item-body\">\n                                    <h3 class=\"c-featureBlocks__item-title\"><\/h3>\n                                    <div class=\"t-text\">\n                                                                            <\/div>\n                            <\/div>\n\n                    <\/div>    \n                        \n\n\n                            \n            <\/div>\n            \n                    <div class=\"c-featureBlocks__item\">\n                \n                \n                    <div class=\"c-featureBlocks__item-block\"    >\n\n                                                                                            <div class=\"c-featureBlock__imageContainer\">\n                                <img loading=\"lazy\" decoding=\"async\" width=\"920\" height=\"920\" src=\"https:\/\/liviko.eu\/wp-content\/uploads\/2022\/05\/Corsaro4-Fookus-IG-920x920.png\" class=\"c-featureBlock__image\" alt=\"\" srcset=\"https:\/\/liviko.eu\/wp-content\/uploads\/2022\/05\/Corsaro4-Fookus-IG-920x920.png 920w, https:\/\/liviko.eu\/wp-content\/uploads\/2022\/05\/Corsaro4-Fookus-IG-480x480.png 480w, https:\/\/liviko.eu\/wp-content\/uploads\/2022\/05\/Corsaro4-Fookus-IG-768x768.png 768w, https:\/\/liviko.eu\/wp-content\/uploads\/2022\/05\/Corsaro4-Fookus-IG-320x320.png 320w, https:\/\/liviko.eu\/wp-content\/uploads\/2022\/05\/Corsaro4-Fookus-IG-603x603.png 603w, https:\/\/liviko.eu\/wp-content\/uploads\/2022\/05\/Corsaro4-Fookus-IG.png 1080w\" sizes=\"(max-width: 920px) 100vw, 920px\" \/>                                <\/div>\n                               \n\n                            <div class=\"c-featureBlocks__item-body\">\n                                    <h3 class=\"c-featureBlocks__item-title\"><\/h3>\n                                    <div class=\"t-text\">\n                                                                            <\/div>\n                            <\/div>\n\n                    <\/div>    \n                        \n\n\n                            \n            <\/div>\n            \n                <div class=\"c-featureBlocks__item c-featureBlocks__item--empty\"><\/div>\n    <div class=\"c-featureBlocks__item c-featureBlocks__item--empty\"><\/div>\n    <\/div>\n<\/div>\n\n\n\n<div id=\"spacer-block_979e48c9e31d51fa26cb7fd206e5822b\" class=\"c-contentBlock c-spacerContainer\"  data-block-type=\"Spacer\">\n   <hr class=\"  c-spacer c-spacer--size-3 c-spacer--line\" >\n<\/div>\n\n\n\n<div id=\"relatedItems-block_6f0d369fde0c66d98abad837e4d88676\" class=\" c-contentBlock c-relatedItems\" data-block-type=\"Related items\" >\n   \n            <h2 class=\"c-relatedItems__title \">SARNASED TOOTED<\/h2>\n     \n    <div class=\"c-relatedItems__content\">\n\n\n    \n\n             \n         \n                \n\n            <a class=\"c-relatedItems__item \" href=\"https:\/\/liviko.eu\/et\/tootmine\/ginger-duke\/\">\n                \n                \n                    <div class=\"c-relatedItems__item-imageContainer\" >\n                        <img loading=\"lazy\" decoding=\"async\" width=\"87\" height=\"320\" src=\"https:\/\/liviko.eu\/wp-content\/uploads\/2020\/08\/Ginger-Duke-750-ml-WEB-87x320.png\" class=\"c-relatedItems__item-image\" alt=\"Ginger Duke\" srcset=\"https:\/\/liviko.eu\/wp-content\/uploads\/2020\/08\/Ginger-Duke-750-ml-WEB-87x320.png 87w, https:\/\/liviko.eu\/wp-content\/uploads\/2020\/08\/Ginger-Duke-750-ml-WEB-249x920.png 249w, https:\/\/liviko.eu\/wp-content\/uploads\/2020\/08\/Ginger-Duke-750-ml-WEB.png 271w\" sizes=\"(max-width: 87px) 100vw, 87px\" \/>                    <\/div>\n                    <div class=\"c-relatedItems__item-details\">\n                        <h3 class=\"c-relatedItems__item-title\">Ginger Duke<\/h3>                                            <\/div>\n                \n            <\/a>\n            \n        \n                \n\n            <a class=\"c-relatedItems__item \" href=\"https:\/\/liviko.eu\/et\/tootmine\/re-crafted-crafters\/\">\n                \n                \n                    <div class=\"c-relatedItems__item-imageContainer\" >\n                        <img loading=\"lazy\" decoding=\"async\" width=\"82\" height=\"320\" src=\"https:\/\/liviko.eu\/wp-content\/uploads\/2020\/08\/Crafters-Re-Crafted-Junibeer-FULL-82x320.png\" class=\"c-relatedItems__item-image\" alt=\"Re-crafted Crafter&#039;s \" srcset=\"https:\/\/liviko.eu\/wp-content\/uploads\/2020\/08\/Crafters-Re-Crafted-Junibeer-FULL-82x320.png 82w, https:\/\/liviko.eu\/wp-content\/uploads\/2020\/08\/Crafters-Re-Crafted-Junibeer-FULL-236x920.png 236w, https:\/\/liviko.eu\/wp-content\/uploads\/2020\/08\/Crafters-Re-Crafted-Junibeer-FULL-350x1366.png 350w, https:\/\/liviko.eu\/wp-content\/uploads\/2020\/08\/Crafters-Re-Crafted-Junibeer-FULL-768x2999.png 768w, https:\/\/liviko.eu\/wp-content\/uploads\/2020\/08\/Crafters-Re-Crafted-Junibeer-FULL-393x1536.png 393w, https:\/\/liviko.eu\/wp-content\/uploads\/2020\/08\/Crafters-Re-Crafted-Junibeer-FULL-524x2048.png 524w, https:\/\/liviko.eu\/wp-content\/uploads\/2020\/08\/Crafters-Re-Crafted-Junibeer-FULL.png 1558w\" sizes=\"(max-width: 82px) 100vw, 82px\" \/>                    <\/div>\n                    <div class=\"c-relatedItems__item-details\">\n                        <h3 class=\"c-relatedItems__item-title\">Re-crafted Crafter&#8217;s <\/h3>                                            <\/div>\n                \n            <\/a>\n            \n                <\/div>\n<\/div>\n\n\n\n<p><\/p>\n","protected":false},"excerpt":{"rendered":"","protected":false},"author":8,"featured_media":0,"parent":170,"menu_order":1,"comment_status":"closed","ping_status":"closed","template":"page-templates\/page-product.php","meta":{"_acf_changed":false,"inline_featured_image":false,"_monsterinsights_skip_tracking":false,"_monsterinsights_sitenote_active":false,"_monsterinsights_sitenote_note":"","_monsterinsights_sitenote_category":0,"footnotes":""},"categories":[35],"class_list":["post-28532","page","type-page","status-publish","hentry","category-non-alcohol"],"acf":[],"yoast_head":"<!-- This site is optimized with the Yoast SEO plugin v24.0 - https:\/\/yoast.com\/wordpress\/plugins\/seo\/ -->\n<title>Corsaro Aperitivo - Liviko<\/title>\n<meta name=\"robots\" content=\"index, follow, max-snippet:-1, max-image-preview:large, max-video-preview:-1\" \/>\n<link rel=\"canonical\" href=\"https:\/\/liviko.eu\/et\/liviko\/corsaro-aperitivo\/\" \/>\n<meta property=\"og:locale\" content=\"et_EE\" \/>\n<meta property=\"og:type\" content=\"article\" \/>\n<meta property=\"og:title\" content=\"Corsaro Aperitivo - Liviko\" \/>\n<meta property=\"og:url\" content=\"https:\/\/liviko.eu\/et\/liviko\/corsaro-aperitivo\/\" \/>\n<meta property=\"og:site_name\" content=\"Liviko\" \/>\n<meta property=\"article:publisher\" content=\"https:\/\/www.facebook.com\/LivikoDistillery\/\" \/>\n<meta property=\"article:modified_time\" content=\"2023-11-22T08:16:14+00:00\" \/>\n<meta name=\"twitter:card\" content=\"summary_large_image\" \/>\n<script type=\"application\/ld+json\" class=\"yoast-schema-graph\">{\"@context\":\"https:\/\/schema.org\",\"@graph\":[{\"@type\":\"WebPage\",\"@id\":\"https:\/\/liviko.eu\/et\/liviko\/corsaro-aperitivo\/\",\"url\":\"https:\/\/liviko.eu\/et\/liviko\/corsaro-aperitivo\/\",\"name\":\"Corsaro Aperitivo - Liviko\",\"isPartOf\":{\"@id\":\"https:\/\/liviko.eu\/et\/#website\"},\"datePublished\":\"2022-03-30T07:02:06+00:00\",\"dateModified\":\"2023-11-22T08:16:14+00:00\",\"breadcrumb\":{\"@id\":\"https:\/\/liviko.eu\/et\/liviko\/corsaro-aperitivo\/#breadcrumb\"},\"inLanguage\":\"et\",\"potentialAction\":[{\"@type\":\"ReadAction\",\"target\":[\"https:\/\/liviko.eu\/et\/liviko\/corsaro-aperitivo\/\"]}]},{\"@type\":\"BreadcrumbList\",\"@id\":\"https:\/\/liviko.eu\/et\/liviko\/corsaro-aperitivo\/#breadcrumb\",\"itemListElement\":[{\"@type\":\"ListItem\",\"position\":1,\"name\":\"Home\",\"item\":\"https:\/\/liviko.eu\/et\/\"},{\"@type\":\"ListItem\",\"position\":2,\"name\":\"Tootmine\",\"item\":\"https:\/\/liviko.eu\/et\/\"},{\"@type\":\"ListItem\",\"position\":3,\"name\":\"Corsaro Aperitivo\"}]},{\"@type\":\"WebSite\",\"@id\":\"https:\/\/liviko.eu\/et\/#website\",\"url\":\"https:\/\/liviko.eu\/et\/\",\"name\":\"Liviko\",\"description\":\"anno 1898\",\"publisher\":{\"@id\":\"https:\/\/liviko.eu\/et\/#organization\"},\"potentialAction\":[{\"@type\":\"SearchAction\",\"target\":{\"@type\":\"EntryPoint\",\"urlTemplate\":\"https:\/\/liviko.eu\/et\/?s={search_term_string}\"},\"query-input\":{\"@type\":\"PropertyValueSpecification\",\"valueRequired\":true,\"valueName\":\"search_term_string\"}}],\"inLanguage\":\"et\"},{\"@type\":\"Organization\",\"@id\":\"https:\/\/liviko.eu\/et\/#organization\",\"name\":\"Liviko\",\"url\":\"https:\/\/liviko.eu\/et\/\",\"logo\":{\"@type\":\"ImageObject\",\"inLanguage\":\"et\",\"@id\":\"https:\/\/liviko.eu\/et\/#\/schema\/logo\/image\/\",\"url\":\"https:\/\/liviko.eu\/wp-content\/uploads\/2020\/10\/liviko_logo.png\",\"contentUrl\":\"https:\/\/liviko.eu\/wp-content\/uploads\/2020\/10\/liviko_logo.png\",\"width\":515,\"height\":181,\"caption\":\"Liviko\"},\"image\":{\"@id\":\"https:\/\/liviko.eu\/et\/#\/schema\/logo\/image\/\"},\"sameAs\":[\"https:\/\/www.facebook.com\/LivikoDistillery\/\",\"https:\/\/www.instagram.com\/livikodistillery\",\"https:\/\/www.linkedin.com\/company\/liviko\/\",\"https:\/\/www.youtube.com\/channel\/UCnoHr-PaNxBHJO8nMDLVGuA\"]}]}<\/script>\n<!-- \/ Yoast SEO plugin. -->","yoast_head_json":{"title":"Corsaro Aperitivo - Liviko","robots":{"index":"index","follow":"follow","max-snippet":"max-snippet:-1","max-image-preview":"max-image-preview:large","max-video-preview":"max-video-preview:-1"},"canonical":"https:\/\/liviko.eu\/et\/liviko\/corsaro-aperitivo\/","og_locale":"et_EE","og_type":"article","og_title":"Corsaro Aperitivo - Liviko","og_url":"https:\/\/liviko.eu\/et\/liviko\/corsaro-aperitivo\/","og_site_name":"Liviko","article_publisher":"https:\/\/www.facebook.com\/LivikoDistillery\/","article_modified_time":"2023-11-22T08:16:14+00:00","twitter_card":"summary_large_image","schema":{"@context":"https:\/\/schema.org","@graph":[{"@type":"WebPage","@id":"https:\/\/liviko.eu\/et\/liviko\/corsaro-aperitivo\/","url":"https:\/\/liviko.eu\/et\/liviko\/corsaro-aperitivo\/","name":"Corsaro Aperitivo - Liviko","isPartOf":{"@id":"https:\/\/liviko.eu\/et\/#website"},"datePublished":"2022-03-30T07:02:06+00:00","dateModified":"2023-11-22T08:16:14+00:00","breadcrumb":{"@id":"https:\/\/liviko.eu\/et\/liviko\/corsaro-aperitivo\/#breadcrumb"},"inLanguage":"et","potentialAction":[{"@type":"ReadAction","target":["https:\/\/liviko.eu\/et\/liviko\/corsaro-aperitivo\/"]}]},{"@type":"BreadcrumbList","@id":"https:\/\/liviko.eu\/et\/liviko\/corsaro-aperitivo\/#breadcrumb","itemListElement":[{"@type":"ListItem","position":1,"name":"Home","item":"https:\/\/liviko.eu\/et\/"},{"@type":"ListItem","position":2,"name":"Tootmine","item":"https:\/\/liviko.eu\/et\/"},{"@type":"ListItem","position":3,"name":"Corsaro Aperitivo"}]},{"@type":"WebSite","@id":"https:\/\/liviko.eu\/et\/#website","url":"https:\/\/liviko.eu\/et\/","name":"Liviko","description":"anno 1898","publisher":{"@id":"https:\/\/liviko.eu\/et\/#organization"},"potentialAction":[{"@type":"SearchAction","target":{"@type":"EntryPoint","urlTemplate":"https:\/\/liviko.eu\/et\/?s={search_term_string}"},"query-input":{"@type":"PropertyValueSpecification","valueRequired":true,"valueName":"search_term_string"}}],"inLanguage":"et"},{"@type":"Organization","@id":"https:\/\/liviko.eu\/et\/#organization","name":"Liviko","url":"https:\/\/liviko.eu\/et\/","logo":{"@type":"ImageObject","inLanguage":"et","@id":"https:\/\/liviko.eu\/et\/#\/schema\/logo\/image\/","url":"https:\/\/liviko.eu\/wp-content\/uploads\/2020\/10\/liviko_logo.png","contentUrl":"https:\/\/liviko.eu\/wp-content\/uploads\/2020\/10\/liviko_logo.png","width":515,"height":181,"caption":"Liviko"},"image":{"@id":"https:\/\/liviko.eu\/et\/#\/schema\/logo\/image\/"},"sameAs":["https:\/\/www.facebook.com\/LivikoDistillery\/","https:\/\/www.instagram.com\/livikodistillery","https:\/\/www.linkedin.com\/company\/liviko\/","https:\/\/www.youtube.com\/channel\/UCnoHr-PaNxBHJO8nMDLVGuA"]}]}},"_links":{"self":[{"href":"https:\/\/liviko.eu\/et\/wp-json\/wp\/v2\/pages\/28532","targetHints":{"allow":["GET"]}}],"collection":[{"href":"https:\/\/liviko.eu\/et\/wp-json\/wp\/v2\/pages"}],"about":[{"href":"https:\/\/liviko.eu\/et\/wp-json\/wp\/v2\/types\/page"}],"author":[{"embeddable":true,"href":"https:\/\/liviko.eu\/et\/wp-json\/wp\/v2\/users\/8"}],"replies":[{"embeddable":true,"href":"https:\/\/liviko.eu\/et\/wp-json\/wp\/v2\/comments?post=28532"}],"version-history":[{"count":33,"href":"https:\/\/liviko.eu\/et\/wp-json\/wp\/v2\/pages\/28532\/revisions"}],"predecessor-version":[{"id":50969,"href":"https:\/\/liviko.eu\/et\/wp-json\/wp\/v2\/pages\/28532\/revisions\/50969"}],"up":[{"embeddable":true,"href":"https:\/\/liviko.eu\/et\/wp-json\/wp\/v2\/pages\/170"}],"wp:attachment":[{"href":"https:\/\/liviko.eu\/et\/wp-json\/wp\/v2\/media?parent=28532"}],"wp:term":[{"taxonomy":"category","embeddable":true,"href":"https:\/\/liviko.eu\/et\/wp-json\/wp\/v2\/categories?post=28532"}],"curies":[{"name":"wp","href":"https:\/\/api.w.org\/{rel}","templated":true}]}}