{"id":428,"date":"2020-07-07T08:19:56","date_gmt":"2020-07-07T08:19:56","guid":{"rendered":"http:\/\/liviko.eu\/?page_id=428"},"modified":"2026-02-16T08:37:25","modified_gmt":"2026-02-16T08:37:25","slug":"bellingshausen","status":"publish","type":"page","link":"https:\/\/liviko.eu\/et\/tootmine\/bellingshausen\/","title":{"rendered":"Bellingshausen"},"content":{"rendered":"<div id=\"pageHeader-block_732415ae0596f3801de1aec26d63aaf8\" class=\" c-contentBlock c-pageHeader\" data-block-type=\"Page header\">\n                    <h1 class=\"c-pageHeader__title\">Bellingshausen Vodka<\/h1>\n                            <div class=\"c-pageHeader__text t-text\"><p align=\"center\">Liviko meistrite k\u00e4e all on \u00fclima hoole ja t\u00e4helepanelikkusega valminud Bellingshausen Vodka \u2013 kummardus Eestist p\u00e4rit admiral von Bellingshausenile, kes avastas kaardistamata vetes seilates Antarktika.<\/p>\n<\/div>\n                \n<\/div>\n<a id=\"page-428-body\"><\/a>\n\n<div id=\"mediaBlock-block_b7434292aae08ed09bf664df6f0c54ea\" class=\" c-contentBlock c-mediaBlock c-mediaBlock--align-left c-mediaBlock--valign-center c-mediaBlock--size-extra-small c-mediaBlock--imageHeight-small\" data-block-type=\"Media block\">\n   \n                \n     <div class=\"c-mediaBlock__media\" style=\"\"\">\n        <img fetchpriority=\"high\" decoding=\"async\" width=\"956\" height=\"1366\" src=\"https:\/\/liviko.eu\/wp-content\/uploads\/2026\/02\/bellinghausen3500x5000_eest_2-956x1366.png\" class=\"c-mediaBlock__image\" alt=\"Bellingshausen Vodka\" srcset=\"https:\/\/liviko.eu\/wp-content\/uploads\/2026\/02\/bellinghausen3500x5000_eest_2-956x1366.png 956w, https:\/\/liviko.eu\/wp-content\/uploads\/2026\/02\/bellinghausen3500x5000_eest_2-644x920.png 644w, https:\/\/liviko.eu\/wp-content\/uploads\/2026\/02\/bellinghausen3500x5000_eest_2-768x1097.png 768w, https:\/\/liviko.eu\/wp-content\/uploads\/2026\/02\/bellinghausen3500x5000_eest_2-1075x1536.png 1075w, https:\/\/liviko.eu\/wp-content\/uploads\/2026\/02\/bellinghausen3500x5000_eest_2-1434x2048.png 1434w, https:\/\/liviko.eu\/wp-content\/uploads\/2026\/02\/bellinghausen3500x5000_eest_2-224x320.png 224w, https:\/\/liviko.eu\/wp-content\/uploads\/2026\/02\/bellinghausen3500x5000_eest_2-422x603.png 422w\" sizes=\"(max-width: 956px) 100vw, 956px\" \/>    <\/div>\n     <div class=\"c-mediaBlock__body\">\n                    <h2 class=\"c-mediaBlock__title\">Bellingshausen Vodka<\/h2>\n                <div class=\"c-mediaBlock__content\">\n            <div class=\"t-text\">\n            <p>Eestis s\u00fcndinud maadeavastajale ja meremehele admiral von Bellingshausenile p\u00fchendatud viin valmib Liviko meistrite v\u00e4ljat\u00f6\u00f6tatud retsepti j\u00e4rgi. Bellingshausen Vodkat valmistatakse kolmekordse kaskaadfiltreerimise teel, mis on aegan\u00f5udev protsess, kuid saavutatud puhas ja pehme maitse on seda p\u00fchendumist v\u00e4\u00e4rt. Seej\u00e4rel l\u00e4bib viin l\u00e4bi 29 h\u00f5beelemendist koosneva h\u00f5befiltrite s\u00fcsteemi. L\u00f5ppviimistluse ja briljantse s\u00e4ra saab Bellingshausen Vodka poleerimisfiltris.<\/p>\n<p>Admiral von Bellingshausenile ja tema elut\u00f6\u00f6le p\u00fchendatud viin loodi 2019. aastal Antarktika avastamise 200. aastap\u00e4eva t\u00e4histamiseks. Erakordse avastusretke t\u00e4htp\u00e4evaks loodud Bellingshausen Vodka on p\u00fchendatud nii v\u00e4ikestele kui ka suurtele avastustele, meeldej\u00e4\u00e4vatele reisidele ja uutele kogemustele.<\/p>\n<p><a href=\"https:\/\/bellingshausenvodka.com\/\">bellingshausenvodka.com<\/a><\/p>\n            <\/div>\n                            \n        <\/div>\n    <\/div>\n<\/div>\n\n\n<div id=\"featureBlocks-block_87553ac543801d97206169dda1661e6b\" class=\" c-contentBlock c-featureBlocks c-featureBlocks--type-expanded c-featureBlocks--grid-columns\" data-block-type=\"Feature blocks: expanded\">\n   <div class=\"c-featureBlocksGroup\">\n\n\n                          <div class=\"c-featureBlocks__item\">\n                \n                \n                    <div class=\"c-featureBlocks__item-block\"    >\n\n                                                                                            <div class=\"c-featureBlock__imageContainer\">\n                                <img decoding=\"async\" width=\"800\" height=\"800\" src=\"https:\/\/liviko.eu\/wp-content\/uploads\/2020\/09\/teravili-usp.jpg\" class=\"c-featureBlock__image\" alt=\"\" srcset=\"https:\/\/liviko.eu\/wp-content\/uploads\/2020\/09\/teravili-usp.jpg 800w, https:\/\/liviko.eu\/wp-content\/uploads\/2020\/09\/teravili-usp-480x480.jpg 480w, https:\/\/liviko.eu\/wp-content\/uploads\/2020\/09\/teravili-usp-768x768.jpg 768w, https:\/\/liviko.eu\/wp-content\/uploads\/2020\/09\/teravili-usp-320x320.jpg 320w\" sizes=\"(max-width: 800px) 100vw, 800px\" \/>                                <\/div>\n                               \n\n                            <div class=\"c-featureBlocks__item-body\">\n                                    <h3 class=\"c-featureBlocks__item-title\"><\/h3>\n                                    <div class=\"t-text\">\n                                        <p><strong>Kvaliteetne teravili<br \/>\n<\/strong>Bellingshausen Vodka valmib Liviko meistrite v\u00e4ljat\u00f6\u00f6tatud retsepti j\u00e4rgi puhtast teraviljapiiritusest.<\/p>\n                                    <\/div>\n                            <\/div>\n\n                    <\/div>    \n                        \n\n\n                            \n            <\/div>\n            \n                    <div class=\"c-featureBlocks__item\">\n                \n                \n                    <div class=\"c-featureBlocks__item-block\"    >\n\n                                                                                            <div class=\"c-featureBlock__imageContainer\">\n                                <img decoding=\"async\" width=\"800\" height=\"800\" src=\"https:\/\/liviko.eu\/wp-content\/uploads\/2020\/09\/silver_usp.jpg\" class=\"c-featureBlock__image\" alt=\"\" srcset=\"https:\/\/liviko.eu\/wp-content\/uploads\/2020\/09\/silver_usp.jpg 800w, https:\/\/liviko.eu\/wp-content\/uploads\/2020\/09\/silver_usp-480x480.jpg 480w, https:\/\/liviko.eu\/wp-content\/uploads\/2020\/09\/silver_usp-768x768.jpg 768w, https:\/\/liviko.eu\/wp-content\/uploads\/2020\/09\/silver_usp-320x320.jpg 320w\" sizes=\"(max-width: 800px) 100vw, 800px\" \/>                                <\/div>\n                               \n\n                            <div class=\"c-featureBlocks__item-body\">\n                                    <h3 class=\"c-featureBlocks__item-title\"><\/h3>\n                                    <div class=\"t-text\">\n                                        <p><strong>H\u00f5befiltreeritud viin<br \/>\n<\/strong>Bellingshausen Vodka tootmisel kasutatakse kahekordset kaskaadfiltreerimist \u2013 29 h\u00f5beelemendist koosneva filtrite s\u00fcsteemi ja poleerimisfiltri.<\/p>\n                                    <\/div>\n                            <\/div>\n\n                    <\/div>    \n                        \n\n\n                            \n            <\/div>\n            \n                    <div class=\"c-featureBlocks__item\">\n                \n                \n                    <div class=\"c-featureBlocks__item-block\"    >\n\n                                                                                            <div class=\"c-featureBlock__imageContainer\">\n                                <img loading=\"lazy\" decoding=\"async\" width=\"920\" height=\"920\" src=\"https:\/\/liviko.eu\/wp-content\/uploads\/2026\/02\/kaubamark-920x920.png\" class=\"c-featureBlock__image\" alt=\"\" srcset=\"https:\/\/liviko.eu\/wp-content\/uploads\/2026\/02\/kaubamark-920x920.png 920w, https:\/\/liviko.eu\/wp-content\/uploads\/2026\/02\/kaubamark-480x480.png 480w, https:\/\/liviko.eu\/wp-content\/uploads\/2026\/02\/kaubamark-768x768.png 768w, https:\/\/liviko.eu\/wp-content\/uploads\/2026\/02\/kaubamark-320x320.png 320w, https:\/\/liviko.eu\/wp-content\/uploads\/2026\/02\/kaubamark-603x603.png 603w, https:\/\/liviko.eu\/wp-content\/uploads\/2026\/02\/kaubamark.png 1080w\" sizes=\"(max-width: 920px) 100vw, 920px\" \/>                                <\/div>\n                               \n\n                            <div class=\"c-featureBlocks__item-body\">\n                                    <h3 class=\"c-featureBlocks__item-title\"><\/h3>\n                                    <div class=\"t-text\">\n                                        <p><strong>Bellingshauseni lugu pudelil<br \/>\n<\/strong>Eriliseks t\u00e4htp\u00e4evaks loodud Bellingshausen Vodka paistab silma ka eristuva etiketi disaini poolest \u2013 kujundatud on ka etiketi sisek\u00fclg. J\u00e4ise mandri avastamise loo m\u00f5jule p\u00e4\u00e4semiseks on etikett pudelile paigutatud diagonaalis ja spiraalselt.<\/p>\n                                    <\/div>\n                            <\/div>\n\n                    <\/div>    \n                        \n\n\n                            \n            <\/div>\n            \n                <div class=\"c-featureBlocks__item c-featureBlocks__item--empty\"><\/div>\n    <div class=\"c-featureBlocks__item c-featureBlocks__item--empty\"><\/div>\n    <\/div>\n<\/div>\n\n\n\n<div id=\"spacer-block_fa23b2e4ec5ef3cde2540647e1e10649\" class=\"c-contentBlock c-spacerContainer\"  data-block-type=\"Spacer\">\n   <hr class=\"  c-spacer c-spacer--size-3 c-spacer--line\" >\n<\/div>\n\n\n\n<div id=\"relatedItems-block_f4d5304b0f8f6aed317828dc9d117d1d\" class=\" c-contentBlock c-relatedItems\" data-block-type=\"Related items\" >\n   \n            <h2 class=\"c-relatedItems__title \">SARNASED TOOTED<\/h2>\n     \n    <div class=\"c-relatedItems__content\">\n\n\n    \n\n             \n         \n                \n\n            <a class=\"c-relatedItems__item \" href=\"https:\/\/liviko.eu\/et\/tootmine\/viru-valge\/\">\n                \n                \n                    <div class=\"c-relatedItems__item-imageContainer\" >\n                        <img loading=\"lazy\" decoding=\"async\" width=\"81\" height=\"320\" src=\"https:\/\/liviko.eu\/wp-content\/uploads\/2020\/08\/Viru-Valge-Vodka-500ml-FULL-81x320.png\" class=\"c-relatedItems__item-image\" alt=\"Viru Valge \" srcset=\"https:\/\/liviko.eu\/wp-content\/uploads\/2020\/08\/Viru-Valge-Vodka-500ml-FULL-81x320.png 81w, https:\/\/liviko.eu\/wp-content\/uploads\/2020\/08\/Viru-Valge-Vodka-500ml-FULL-233x920.png 233w, https:\/\/liviko.eu\/wp-content\/uploads\/2020\/08\/Viru-Valge-Vodka-500ml-FULL-345x1366.png 345w, https:\/\/liviko.eu\/wp-content\/uploads\/2020\/08\/Viru-Valge-Vodka-500ml-FULL-768x3037.png 768w, https:\/\/liviko.eu\/wp-content\/uploads\/2020\/08\/Viru-Valge-Vodka-500ml-FULL-388x1536.png 388w, https:\/\/liviko.eu\/wp-content\/uploads\/2020\/08\/Viru-Valge-Vodka-500ml-FULL-518x2048.png 518w, https:\/\/liviko.eu\/wp-content\/uploads\/2020\/08\/Viru-Valge-Vodka-500ml-FULL.png 1696w\" sizes=\"(max-width: 81px) 100vw, 81px\" \/>                    <\/div>\n                    <div class=\"c-relatedItems__item-details\">\n                        <h3 class=\"c-relatedItems__item-title\">Viru Valge <\/h3>                                            <\/div>\n                \n            <\/a>\n            \n        \n                \n\n            <a class=\"c-relatedItems__item \" href=\"https:\/\/liviko.eu\/et\/tootmine\/nevskaja\/\">\n                \n                \n                    <div class=\"c-relatedItems__item-imageContainer\" >\n                        <img loading=\"lazy\" decoding=\"async\" width=\"87\" height=\"320\" src=\"https:\/\/liviko.eu\/wp-content\/uploads\/2020\/08\/4740050010333-87x320.jpg\" class=\"c-relatedItems__item-image\" alt=\"Nevskaya\" srcset=\"https:\/\/liviko.eu\/wp-content\/uploads\/2020\/08\/4740050010333-87x320.jpg 87w, https:\/\/liviko.eu\/wp-content\/uploads\/2020\/08\/4740050010333-251x920.jpg 251w, https:\/\/liviko.eu\/wp-content\/uploads\/2020\/08\/4740050010333-373x1366.jpg 373w, https:\/\/liviko.eu\/wp-content\/uploads\/2020\/08\/4740050010333-768x2815.jpg 768w, https:\/\/liviko.eu\/wp-content\/uploads\/2020\/08\/4740050010333-419x1536.jpg 419w, https:\/\/liviko.eu\/wp-content\/uploads\/2020\/08\/4740050010333-559x2048.jpg 559w, https:\/\/liviko.eu\/wp-content\/uploads\/2020\/08\/4740050010333-scaled.jpg 699w\" sizes=\"(max-width: 87px) 100vw, 87px\" \/>                    <\/div>\n                    <div class=\"c-relatedItems__item-details\">\n                        <h3 class=\"c-relatedItems__item-title\">Nevskaya<\/h3>                                            <\/div>\n                \n            <\/a>\n            \n        \n                \n\n            <a class=\"c-relatedItems__item \" href=\"https:\/\/liviko.eu\/et\/tootmine\/hobe\/\">\n                \n                \n                    <div class=\"c-relatedItems__item-imageContainer\" >\n                        <img loading=\"lazy\" decoding=\"async\" width=\"125\" height=\"320\" src=\"https:\/\/liviko.eu\/wp-content\/uploads\/2023\/10\/Hobe-Silver-Filtered-Pure-Vodka-WEB-125x320.jpg\" class=\"c-relatedItems__item-image\" alt=\"H\u00f5be \" srcset=\"https:\/\/liviko.eu\/wp-content\/uploads\/2023\/10\/Hobe-Silver-Filtered-Pure-Vodka-WEB-125x320.jpg 125w, https:\/\/liviko.eu\/wp-content\/uploads\/2023\/10\/Hobe-Silver-Filtered-Pure-Vodka-WEB-361x920.jpg 361w, https:\/\/liviko.eu\/wp-content\/uploads\/2023\/10\/Hobe-Silver-Filtered-Pure-Vodka-WEB-535x1366.jpg 535w, https:\/\/liviko.eu\/wp-content\/uploads\/2023\/10\/Hobe-Silver-Filtered-Pure-Vodka-WEB-236x603.jpg 236w, https:\/\/liviko.eu\/wp-content\/uploads\/2023\/10\/Hobe-Silver-Filtered-Pure-Vodka-WEB.jpg 588w\" sizes=\"(max-width: 125px) 100vw, 125px\" \/>                    <\/div>\n                    <div class=\"c-relatedItems__item-details\">\n                        <h3 class=\"c-relatedItems__item-title\">H\u00f5be <\/h3>                                            <\/div>\n                \n            <\/a>\n            \n                <\/div>\n<\/div>\n","protected":false},"excerpt":{"rendered":"","protected":false},"author":1,"featured_media":0,"parent":172,"menu_order":2,"comment_status":"closed","ping_status":"closed","template":"page-templates\/page-product.php","meta":{"_acf_changed":false,"inline_featured_image":false,"_monsterinsights_skip_tracking":false,"_monsterinsights_sitenote_active":false,"_monsterinsights_sitenote_note":"","_monsterinsights_sitenote_category":0,"footnotes":""},"categories":[42],"class_list":["post-428","page","type-page","status-publish","hentry","category-vodka"],"acf":[],"yoast_head":"<!-- This site is optimized with the Yoast SEO plugin v24.0 - https:\/\/yoast.com\/wordpress\/plugins\/seo\/ -->\n<title>Bellingshausen - Liviko<\/title>\n<meta name=\"robots\" content=\"index, follow, max-snippet:-1, max-image-preview:large, max-video-preview:-1\" \/>\n<link rel=\"canonical\" href=\"https:\/\/liviko.eu\/et\/tootmine\/bellingshausen\/\" \/>\n<meta property=\"og:locale\" content=\"et_EE\" \/>\n<meta property=\"og:type\" content=\"article\" \/>\n<meta property=\"og:title\" content=\"Bellingshausen - Liviko\" \/>\n<meta property=\"og:url\" content=\"https:\/\/liviko.eu\/et\/tootmine\/bellingshausen\/\" \/>\n<meta property=\"og:site_name\" content=\"Liviko\" \/>\n<meta property=\"article:publisher\" content=\"https:\/\/www.facebook.com\/LivikoDistillery\/\" \/>\n<meta property=\"article:modified_time\" content=\"2026-02-16T08:37:25+00:00\" \/>\n<meta name=\"twitter:card\" content=\"summary_large_image\" \/>\n<script type=\"application\/ld+json\" class=\"yoast-schema-graph\">{\"@context\":\"https:\/\/schema.org\",\"@graph\":[{\"@type\":\"WebPage\",\"@id\":\"https:\/\/liviko.eu\/et\/tootmine\/bellingshausen\/\",\"url\":\"https:\/\/liviko.eu\/et\/tootmine\/bellingshausen\/\",\"name\":\"Bellingshausen - Liviko\",\"isPartOf\":{\"@id\":\"https:\/\/liviko.eu\/et\/#website\"},\"datePublished\":\"2020-07-07T08:19:56+00:00\",\"dateModified\":\"2026-02-16T08:37:25+00:00\",\"breadcrumb\":{\"@id\":\"https:\/\/liviko.eu\/et\/tootmine\/bellingshausen\/#breadcrumb\"},\"inLanguage\":\"et\",\"potentialAction\":[{\"@type\":\"ReadAction\",\"target\":[\"https:\/\/liviko.eu\/et\/tootmine\/bellingshausen\/\"]}]},{\"@type\":\"BreadcrumbList\",\"@id\":\"https:\/\/liviko.eu\/et\/tootmine\/bellingshausen\/#breadcrumb\",\"itemListElement\":[{\"@type\":\"ListItem\",\"position\":1,\"name\":\"Home\",\"item\":\"https:\/\/liviko.eu\/et\/\"},{\"@type\":\"ListItem\",\"position\":2,\"name\":\"Tootmine\",\"item\":\"https:\/\/liviko.eu\/et\/tootmine\/\"},{\"@type\":\"ListItem\",\"position\":3,\"name\":\"Bellingshausen\"}]},{\"@type\":\"WebSite\",\"@id\":\"https:\/\/liviko.eu\/et\/#website\",\"url\":\"https:\/\/liviko.eu\/et\/\",\"name\":\"Liviko\",\"description\":\"anno 1898\",\"publisher\":{\"@id\":\"https:\/\/liviko.eu\/et\/#organization\"},\"potentialAction\":[{\"@type\":\"SearchAction\",\"target\":{\"@type\":\"EntryPoint\",\"urlTemplate\":\"https:\/\/liviko.eu\/et\/?s={search_term_string}\"},\"query-input\":{\"@type\":\"PropertyValueSpecification\",\"valueRequired\":true,\"valueName\":\"search_term_string\"}}],\"inLanguage\":\"et\"},{\"@type\":\"Organization\",\"@id\":\"https:\/\/liviko.eu\/et\/#organization\",\"name\":\"Liviko\",\"url\":\"https:\/\/liviko.eu\/et\/\",\"logo\":{\"@type\":\"ImageObject\",\"inLanguage\":\"et\",\"@id\":\"https:\/\/liviko.eu\/et\/#\/schema\/logo\/image\/\",\"url\":\"https:\/\/liviko.eu\/wp-content\/uploads\/2020\/10\/liviko_logo.png\",\"contentUrl\":\"https:\/\/liviko.eu\/wp-content\/uploads\/2020\/10\/liviko_logo.png\",\"width\":515,\"height\":181,\"caption\":\"Liviko\"},\"image\":{\"@id\":\"https:\/\/liviko.eu\/et\/#\/schema\/logo\/image\/\"},\"sameAs\":[\"https:\/\/www.facebook.com\/LivikoDistillery\/\",\"https:\/\/www.instagram.com\/livikodistillery\",\"https:\/\/www.linkedin.com\/company\/liviko\/\",\"https:\/\/www.youtube.com\/channel\/UCnoHr-PaNxBHJO8nMDLVGuA\"]}]}<\/script>\n<!-- \/ Yoast SEO plugin. -->","yoast_head_json":{"title":"Bellingshausen - Liviko","robots":{"index":"index","follow":"follow","max-snippet":"max-snippet:-1","max-image-preview":"max-image-preview:large","max-video-preview":"max-video-preview:-1"},"canonical":"https:\/\/liviko.eu\/et\/tootmine\/bellingshausen\/","og_locale":"et_EE","og_type":"article","og_title":"Bellingshausen - Liviko","og_url":"https:\/\/liviko.eu\/et\/tootmine\/bellingshausen\/","og_site_name":"Liviko","article_publisher":"https:\/\/www.facebook.com\/LivikoDistillery\/","article_modified_time":"2026-02-16T08:37:25+00:00","twitter_card":"summary_large_image","schema":{"@context":"https:\/\/schema.org","@graph":[{"@type":"WebPage","@id":"https:\/\/liviko.eu\/et\/tootmine\/bellingshausen\/","url":"https:\/\/liviko.eu\/et\/tootmine\/bellingshausen\/","name":"Bellingshausen - Liviko","isPartOf":{"@id":"https:\/\/liviko.eu\/et\/#website"},"datePublished":"2020-07-07T08:19:56+00:00","dateModified":"2026-02-16T08:37:25+00:00","breadcrumb":{"@id":"https:\/\/liviko.eu\/et\/tootmine\/bellingshausen\/#breadcrumb"},"inLanguage":"et","potentialAction":[{"@type":"ReadAction","target":["https:\/\/liviko.eu\/et\/tootmine\/bellingshausen\/"]}]},{"@type":"BreadcrumbList","@id":"https:\/\/liviko.eu\/et\/tootmine\/bellingshausen\/#breadcrumb","itemListElement":[{"@type":"ListItem","position":1,"name":"Home","item":"https:\/\/liviko.eu\/et\/"},{"@type":"ListItem","position":2,"name":"Tootmine","item":"https:\/\/liviko.eu\/et\/tootmine\/"},{"@type":"ListItem","position":3,"name":"Bellingshausen"}]},{"@type":"WebSite","@id":"https:\/\/liviko.eu\/et\/#website","url":"https:\/\/liviko.eu\/et\/","name":"Liviko","description":"anno 1898","publisher":{"@id":"https:\/\/liviko.eu\/et\/#organization"},"potentialAction":[{"@type":"SearchAction","target":{"@type":"EntryPoint","urlTemplate":"https:\/\/liviko.eu\/et\/?s={search_term_string}"},"query-input":{"@type":"PropertyValueSpecification","valueRequired":true,"valueName":"search_term_string"}}],"inLanguage":"et"},{"@type":"Organization","@id":"https:\/\/liviko.eu\/et\/#organization","name":"Liviko","url":"https:\/\/liviko.eu\/et\/","logo":{"@type":"ImageObject","inLanguage":"et","@id":"https:\/\/liviko.eu\/et\/#\/schema\/logo\/image\/","url":"https:\/\/liviko.eu\/wp-content\/uploads\/2020\/10\/liviko_logo.png","contentUrl":"https:\/\/liviko.eu\/wp-content\/uploads\/2020\/10\/liviko_logo.png","width":515,"height":181,"caption":"Liviko"},"image":{"@id":"https:\/\/liviko.eu\/et\/#\/schema\/logo\/image\/"},"sameAs":["https:\/\/www.facebook.com\/LivikoDistillery\/","https:\/\/www.instagram.com\/livikodistillery","https:\/\/www.linkedin.com\/company\/liviko\/","https:\/\/www.youtube.com\/channel\/UCnoHr-PaNxBHJO8nMDLVGuA"]}]}},"_links":{"self":[{"href":"https:\/\/liviko.eu\/et\/wp-json\/wp\/v2\/pages\/428","targetHints":{"allow":["GET"]}}],"collection":[{"href":"https:\/\/liviko.eu\/et\/wp-json\/wp\/v2\/pages"}],"about":[{"href":"https:\/\/liviko.eu\/et\/wp-json\/wp\/v2\/types\/page"}],"author":[{"embeddable":true,"href":"https:\/\/liviko.eu\/et\/wp-json\/wp\/v2\/users\/1"}],"replies":[{"embeddable":true,"href":"https:\/\/liviko.eu\/et\/wp-json\/wp\/v2\/comments?post=428"}],"version-history":[{"count":95,"href":"https:\/\/liviko.eu\/et\/wp-json\/wp\/v2\/pages\/428\/revisions"}],"predecessor-version":[{"id":57244,"href":"https:\/\/liviko.eu\/et\/wp-json\/wp\/v2\/pages\/428\/revisions\/57244"}],"up":[{"embeddable":true,"href":"https:\/\/liviko.eu\/et\/wp-json\/wp\/v2\/pages\/172"}],"wp:attachment":[{"href":"https:\/\/liviko.eu\/et\/wp-json\/wp\/v2\/media?parent=428"}],"wp:term":[{"taxonomy":"category","embeddable":true,"href":"https:\/\/liviko.eu\/et\/wp-json\/wp\/v2\/categories?post=428"}],"curies":[{"name":"wp","href":"https:\/\/api.w.org\/{rel}","templated":true}]}}