{"id":54109,"date":"2024-10-10T12:05:15","date_gmt":"2024-10-10T12:05:15","guid":{"rendered":"https:\/\/liviko.eu\/?page_id=54109"},"modified":"2025-06-18T13:07:42","modified_gmt":"2025-06-18T13:07:42","slug":"stellar","status":"publish","type":"page","link":"https:\/\/liviko.eu\/et\/tootmine\/stellar\/","title":{"rendered":"Stellar"},"content":{"rendered":"<div id=\"pageHeader-block_5110322e284bd42a819cf8a80412d6f7\" class=\" c-contentBlock c-pageHeader\" data-block-type=\"Page header\">\n                    <h1 class=\"c-pageHeader__title\">STELLAR<\/h1>\n                            <div class=\"c-pageHeader__text t-text\"><p><span data-teams=\"true\"><span class=\"ui-provider a b c d e f g h i j k l m n o p q r s t u v w x y z ab ac ae af ag ah ai aj ak\" dir=\"ltr\">S\u00f5\u00f5m STELLAR vett kustutab janu, v\u00e4rskendab keha ja vaimu ning j\u00e4tab toidu maitse ehedaks.<\/span><\/span><\/p>\n<\/div>\n                \n<\/div>\n<a id=\"page-54109-body\"><\/a>\n\n\n<div style=\"height:43px\" aria-hidden=\"true\" class=\"wp-block-spacer\"><\/div>\n\n\n<div id=\"mediaBlock-block_53c3e52d63693d49484bfb61a1b05ac7\" class=\" c-contentBlock c-mediaBlock c-mediaBlock--align-left c-mediaBlock--valign-top c-mediaBlock--size-extra-small c-mediaBlock--imageHeight-small\" data-block-type=\"Media block\">\n   \n                \n     <div class=\"c-mediaBlock__media\" style=\"\"\">\n        <img fetchpriority=\"high\" decoding=\"async\" width=\"836\" height=\"1366\" src=\"https:\/\/liviko.eu\/wp-content\/uploads\/2025\/06\/STELLAR_sparkling_final-836x1366.png\" class=\"c-mediaBlock__image\" alt=\"STELLAR VESI MULLIGA\" srcset=\"https:\/\/liviko.eu\/wp-content\/uploads\/2025\/06\/STELLAR_sparkling_final-836x1366.png 836w, https:\/\/liviko.eu\/wp-content\/uploads\/2025\/06\/STELLAR_sparkling_final-563x920.png 563w, https:\/\/liviko.eu\/wp-content\/uploads\/2025\/06\/STELLAR_sparkling_final-768x1255.png 768w, https:\/\/liviko.eu\/wp-content\/uploads\/2025\/06\/STELLAR_sparkling_final-940x1536.png 940w, https:\/\/liviko.eu\/wp-content\/uploads\/2025\/06\/STELLAR_sparkling_final-1254x2048.png 1254w, https:\/\/liviko.eu\/wp-content\/uploads\/2025\/06\/STELLAR_sparkling_final-196x320.png 196w, https:\/\/liviko.eu\/wp-content\/uploads\/2025\/06\/STELLAR_sparkling_final-369x603.png 369w\" sizes=\"(max-width: 836px) 100vw, 836px\" \/>    <\/div>\n     <div class=\"c-mediaBlock__body\">\n                    <h2 class=\"c-mediaBlock__title\">STELLAR VESI MULLIGA<\/h2>\n                <div class=\"c-mediaBlock__content\">\n            <div class=\"t-text\">\n            <p style=\"text-align: left;\">Puhta maitsega STELLAR vesi p\u00e4rineb s\u00fcgavalt Setomaa<br \/>\nmaap\u00f5uest \u2013 aastatuhandete vanusest<br \/>\nKesk-Devoni kihistust \u2013 kandes endas L\u00f5una-Eesti<br \/>\npuutumatu looduse eluj\u00f5udu.<\/p>\n<p style=\"text-align: left;\">\nS\u00f5\u00f5m STELLAR vett kustutab janu,<br \/>\nv\u00e4rskendab keha ja vaimu ning<br \/>\nj\u00e4tab toidu maitse ehedaks.<\/p>\n<div class=\"product__usage\"><\/div>\n            <\/div>\n                            \n        <\/div>\n    <\/div>\n<\/div>\n\n<div id=\"mediaBlock-block_b8b227a3e0fc1c85983747e0e467f455\" class=\" c-contentBlock c-mediaBlock c-mediaBlock--align-right c-mediaBlock--valign-center c-mediaBlock--size-extra-small c-mediaBlock--imageHeight-small\" data-block-type=\"Media block\">\n   \n                \n     <div class=\"c-mediaBlock__media\" style=\"\"\">\n        <img decoding=\"async\" width=\"836\" height=\"1366\" src=\"https:\/\/liviko.eu\/wp-content\/uploads\/2025\/06\/STELLAR_still_final-836x1366.png\" class=\"c-mediaBlock__image\" alt=\"STELLAR VESI ILMA MULLITA\" srcset=\"https:\/\/liviko.eu\/wp-content\/uploads\/2025\/06\/STELLAR_still_final-836x1366.png 836w, https:\/\/liviko.eu\/wp-content\/uploads\/2025\/06\/STELLAR_still_final-563x920.png 563w, https:\/\/liviko.eu\/wp-content\/uploads\/2025\/06\/STELLAR_still_final-768x1255.png 768w, https:\/\/liviko.eu\/wp-content\/uploads\/2025\/06\/STELLAR_still_final-940x1536.png 940w, https:\/\/liviko.eu\/wp-content\/uploads\/2025\/06\/STELLAR_still_final-1254x2048.png 1254w, https:\/\/liviko.eu\/wp-content\/uploads\/2025\/06\/STELLAR_still_final-196x320.png 196w, https:\/\/liviko.eu\/wp-content\/uploads\/2025\/06\/STELLAR_still_final-369x603.png 369w\" sizes=\"(max-width: 836px) 100vw, 836px\" \/>    <\/div>\n     <div class=\"c-mediaBlock__body\">\n                    <h2 class=\"c-mediaBlock__title\">STELLAR VESI ILMA MULLITA<\/h2>\n                <div class=\"c-mediaBlock__content\">\n            <div class=\"t-text\">\n            <p>Puhta maitsega STELLAR vesi p\u00e4rineb s\u00fcgavalt Setomaa<br \/>\nmaap\u00f5uest \u2013 aastatuhandete vanusest<br \/>\nKesk-Devoni kihistust \u2013 kandes endas L\u00f5una-Eesti<br \/>\npuutumatu looduse eluj\u00f5udu.<\/p>\n<p>S\u00f5\u00f5m STELLAR vett kustutab janu,<br \/>\nv\u00e4rskendab keha ja vaimu ning<br \/>\nj\u00e4tab toidu maitse ehedaks.<\/p>\n<p>Vesi segatakse kokku 95 ja 130 meetri s\u00fcgavuste puurkaevude erinevatest p\u00f5hjaveekihtidest.<\/p>\n<p><span data-teams=\"true\"><span class=\"ui-provider a b c d e f g h i j k l m n o p q r s t u v w x y z ab ac ae af ag ah ai aj ak\" dir=\"ltr\">S\u00f5\u00f5m STELLAR vett kustutab janu, v\u00e4rskendab keha ja vaimu ning j\u00e4tab toidu maitse ehedaks.<\/span><\/span><\/p>\n<div class=\"product__usage\"><\/div>\n            <\/div>\n                            \n        <\/div>\n    <\/div>\n<\/div>\n\n\n<div id=\"featureBlocks-block_8a6b55cd4261bc7ec6d8cc860229f55c\" class=\" c-contentBlock c-featureBlocks c-featureBlocks--type-expanded c-featureBlocks--grid-columns\" data-block-type=\"Feature blocks: expanded\">\n   <div class=\"c-featureBlocksGroup\">\n\n\n                          <div class=\"c-featureBlocks__item\">\n                \n                \n                    <div class=\"c-featureBlocks__item-block\"    >\n\n                                                                                            <div class=\"c-featureBlock__imageContainer\">\n                                <img decoding=\"async\" width=\"920\" height=\"920\" src=\"https:\/\/liviko.eu\/wp-content\/uploads\/2025\/06\/STELLAR_DUO_X1-920x920.jpg\" class=\"c-featureBlock__image\" alt=\"\" srcset=\"https:\/\/liviko.eu\/wp-content\/uploads\/2025\/06\/STELLAR_DUO_X1-920x920.jpg 920w, https:\/\/liviko.eu\/wp-content\/uploads\/2025\/06\/STELLAR_DUO_X1-1366x1366.jpg 1366w, https:\/\/liviko.eu\/wp-content\/uploads\/2025\/06\/STELLAR_DUO_X1-480x480.jpg 480w, https:\/\/liviko.eu\/wp-content\/uploads\/2025\/06\/STELLAR_DUO_X1-768x768.jpg 768w, https:\/\/liviko.eu\/wp-content\/uploads\/2025\/06\/STELLAR_DUO_X1-1536x1536.jpg 1536w, https:\/\/liviko.eu\/wp-content\/uploads\/2025\/06\/STELLAR_DUO_X1-2048x2048.jpg 2048w, https:\/\/liviko.eu\/wp-content\/uploads\/2025\/06\/STELLAR_DUO_X1-320x320.jpg 320w, https:\/\/liviko.eu\/wp-content\/uploads\/2025\/06\/STELLAR_DUO_X1-603x603.jpg 603w\" sizes=\"(max-width: 920px) 100vw, 920px\" \/>                                <\/div>\n                               \n\n                            <div class=\"c-featureBlocks__item-body\">\n                                    <h3 class=\"c-featureBlocks__item-title\"><\/h3>\n                                    <div class=\"t-text\">\n                                        <p><strong>Vesi on elu allikas<\/strong><\/p>\n<p>Vee joomine on eluliselt t\u00e4htis igap\u00e4evane harjumus, mis toetab meie organismi normaalseid funktsioone ja \u00fcldist tervist. Eriti oluline on vee tarbimine f\u00fc\u00fcsilise koormuse korral, haiguste ajal, kuuma ilmaga ja teatud eluetappidel nagu rasedus ja imetamine. Samuti on oluline tarbida vett toidu k\u00f5rvale, et toetada seedimist ja s\u00e4ilitada \u00fcldist heaolu. Hoolitseme oma keha eest, juues piisavalt vett iga p\u00e4ev!<\/p>\n                                    <\/div>\n                            <\/div>\n\n                    <\/div>    \n                        \n\n\n                            \n            <\/div>\n            \n                    <div class=\"c-featureBlocks__item\">\n                \n                \n                    <div class=\"c-featureBlocks__item-block\"    >\n\n                                                                                            <div class=\"c-featureBlock__imageContainer\">\n                                <img loading=\"lazy\" decoding=\"async\" width=\"920\" height=\"920\" src=\"https:\/\/liviko.eu\/wp-content\/uploads\/2024\/11\/louna-eesti-920x920.jpg\" class=\"c-featureBlock__image\" alt=\"\" srcset=\"https:\/\/liviko.eu\/wp-content\/uploads\/2024\/11\/louna-eesti-920x920.jpg 920w, https:\/\/liviko.eu\/wp-content\/uploads\/2024\/11\/louna-eesti-1366x1366.jpg 1366w, https:\/\/liviko.eu\/wp-content\/uploads\/2024\/11\/louna-eesti-480x480.jpg 480w, https:\/\/liviko.eu\/wp-content\/uploads\/2024\/11\/louna-eesti-768x768.jpg 768w, https:\/\/liviko.eu\/wp-content\/uploads\/2024\/11\/louna-eesti-1536x1536.jpg 1536w, https:\/\/liviko.eu\/wp-content\/uploads\/2024\/11\/louna-eesti-2048x2048.jpg 2048w, https:\/\/liviko.eu\/wp-content\/uploads\/2024\/11\/louna-eesti-320x320.jpg 320w, https:\/\/liviko.eu\/wp-content\/uploads\/2024\/11\/louna-eesti-603x603.jpg 603w\" sizes=\"(max-width: 920px) 100vw, 920px\" \/>                                <\/div>\n                               \n\n                            <div class=\"c-featureBlocks__item-body\">\n                                    <h3 class=\"c-featureBlocks__item-title\"><\/h3>\n                                    <div class=\"t-text\">\n                                        <p><b>P\u00e4ritolu<\/b><\/p>\n<p><span data-teams=\"true\"><span class=\"ui-provider a b c d e f g h i j k l m n o p q r s t u v w x y z ab ac ae af ag ah ai aj ak\" dir=\"ltr\">Setomaa, L\u00f5una-Eesti peidetud p\u00e4rl, on puutumata looduse ja rahu oaas. Just siit, s\u00fcgavalt Setomaa maap\u00f5uest, p\u00e4rineb meie mineraalvesi, mis peegeldab piirkonna puhast loodust ja eluj\u00f5udu.<\/span><\/span><\/p>\n<p>&nbsp;<\/p>\n                                    <\/div>\n                            <\/div>\n\n                    <\/div>    \n                        \n\n\n                            \n            <\/div>\n            \n                    <div class=\"c-featureBlocks__item\">\n                \n                \n                    <div class=\"c-featureBlocks__item-block\"    >\n\n                                                                                            <div class=\"c-featureBlock__imageContainer\">\n                                <img loading=\"lazy\" decoding=\"async\" width=\"920\" height=\"920\" src=\"https:\/\/liviko.eu\/wp-content\/uploads\/2025\/06\/IMG_0721-920x920.jpg\" class=\"c-featureBlock__image\" alt=\"\" srcset=\"https:\/\/liviko.eu\/wp-content\/uploads\/2025\/06\/IMG_0721-920x920.jpg 920w, https:\/\/liviko.eu\/wp-content\/uploads\/2025\/06\/IMG_0721-1366x1366.jpg 1366w, https:\/\/liviko.eu\/wp-content\/uploads\/2025\/06\/IMG_0721-480x480.jpg 480w, https:\/\/liviko.eu\/wp-content\/uploads\/2025\/06\/IMG_0721-768x768.jpg 768w, https:\/\/liviko.eu\/wp-content\/uploads\/2025\/06\/IMG_0721-1536x1536.jpg 1536w, https:\/\/liviko.eu\/wp-content\/uploads\/2025\/06\/IMG_0721-2048x2048.jpg 2048w, https:\/\/liviko.eu\/wp-content\/uploads\/2025\/06\/IMG_0721-320x320.jpg 320w, https:\/\/liviko.eu\/wp-content\/uploads\/2025\/06\/IMG_0721-603x603.jpg 603w\" sizes=\"(max-width: 920px) 100vw, 920px\" \/>                                <\/div>\n                               \n\n                            <div class=\"c-featureBlocks__item-body\">\n                                    <h3 class=\"c-featureBlocks__item-title\"><\/h3>\n                                    <div class=\"t-text\">\n                                        <p><strong>Nimelugu<\/strong><\/p>\n<p><span data-teams=\"true\"><span class=\"ui-provider a b c d e f g h i j k l m n o p q r s t u v w x y z ab ac ae af ag ah ai aj ak\" dir=\"ltr\">Meie vee nimi on inspireeritud vee kosmilisest p\u00e4ritolust. Varajase P\u00e4ikeses\u00fcsteemi kujunemise ajal t\u00f5id j\u00e4\u00e4ga kaetud komeedid ja asteroidid vee Maale. Vesi on universumis k\u00f5ikjal \u2013 t\u00e4hevahelistes pilvedes, planeetidel ja kuudel meie P\u00e4ikeses\u00fcsteemis ning kaugemalgi.<\/span><\/span><\/p>\n                                    <\/div>\n                            <\/div>\n\n                    <\/div>    \n                        \n\n\n                            \n            <\/div>\n            \n                <div class=\"c-featureBlocks__item c-featureBlocks__item--empty\"><\/div>\n    <div class=\"c-featureBlocks__item c-featureBlocks__item--empty\"><\/div>\n    <\/div>\n<\/div>\n","protected":false},"excerpt":{"rendered":"","protected":false},"author":16,"featured_media":0,"parent":172,"menu_order":18,"comment_status":"closed","ping_status":"closed","template":"page-templates\/page-product.php","meta":{"_acf_changed":false,"inline_featured_image":false,"_monsterinsights_skip_tracking":false,"_monsterinsights_sitenote_active":false,"_monsterinsights_sitenote_note":"","_monsterinsights_sitenote_category":0,"footnotes":""},"categories":[35],"class_list":["post-54109","page","type-page","status-publish","hentry","category-non-alcohol"],"acf":[],"yoast_head":"<!-- This site is optimized with the Yoast SEO plugin v24.0 - https:\/\/yoast.com\/wordpress\/plugins\/seo\/ -->\n<title>Stellar - Liviko<\/title>\n<meta name=\"robots\" content=\"index, follow, max-snippet:-1, max-image-preview:large, max-video-preview:-1\" \/>\n<link rel=\"canonical\" href=\"https:\/\/liviko.eu\/et\/tootmine\/stellar\/\" \/>\n<meta property=\"og:locale\" content=\"et_EE\" \/>\n<meta property=\"og:type\" content=\"article\" \/>\n<meta property=\"og:title\" content=\"Stellar - Liviko\" \/>\n<meta property=\"og:url\" content=\"https:\/\/liviko.eu\/et\/tootmine\/stellar\/\" \/>\n<meta property=\"og:site_name\" content=\"Liviko\" \/>\n<meta property=\"article:publisher\" content=\"https:\/\/www.facebook.com\/LivikoDistillery\/\" \/>\n<meta property=\"article:modified_time\" content=\"2025-06-18T13:07:42+00:00\" \/>\n<meta name=\"twitter:card\" content=\"summary_large_image\" \/>\n<script type=\"application\/ld+json\" class=\"yoast-schema-graph\">{\"@context\":\"https:\/\/schema.org\",\"@graph\":[{\"@type\":\"WebPage\",\"@id\":\"https:\/\/liviko.eu\/et\/tootmine\/stellar\/\",\"url\":\"https:\/\/liviko.eu\/et\/tootmine\/stellar\/\",\"name\":\"Stellar - Liviko\",\"isPartOf\":{\"@id\":\"https:\/\/liviko.eu\/et\/#website\"},\"datePublished\":\"2024-10-10T12:05:15+00:00\",\"dateModified\":\"2025-06-18T13:07:42+00:00\",\"breadcrumb\":{\"@id\":\"https:\/\/liviko.eu\/et\/tootmine\/stellar\/#breadcrumb\"},\"inLanguage\":\"et\",\"potentialAction\":[{\"@type\":\"ReadAction\",\"target\":[\"https:\/\/liviko.eu\/et\/tootmine\/stellar\/\"]}]},{\"@type\":\"BreadcrumbList\",\"@id\":\"https:\/\/liviko.eu\/et\/tootmine\/stellar\/#breadcrumb\",\"itemListElement\":[{\"@type\":\"ListItem\",\"position\":1,\"name\":\"Home\",\"item\":\"https:\/\/liviko.eu\/et\/\"},{\"@type\":\"ListItem\",\"position\":2,\"name\":\"Tootmine\",\"item\":\"https:\/\/liviko.eu\/et\/tootmine\/\"},{\"@type\":\"ListItem\",\"position\":3,\"name\":\"Stellar\"}]},{\"@type\":\"WebSite\",\"@id\":\"https:\/\/liviko.eu\/et\/#website\",\"url\":\"https:\/\/liviko.eu\/et\/\",\"name\":\"Liviko\",\"description\":\"anno 1898\",\"publisher\":{\"@id\":\"https:\/\/liviko.eu\/et\/#organization\"},\"potentialAction\":[{\"@type\":\"SearchAction\",\"target\":{\"@type\":\"EntryPoint\",\"urlTemplate\":\"https:\/\/liviko.eu\/et\/?s={search_term_string}\"},\"query-input\":{\"@type\":\"PropertyValueSpecification\",\"valueRequired\":true,\"valueName\":\"search_term_string\"}}],\"inLanguage\":\"et\"},{\"@type\":\"Organization\",\"@id\":\"https:\/\/liviko.eu\/et\/#organization\",\"name\":\"Liviko\",\"url\":\"https:\/\/liviko.eu\/et\/\",\"logo\":{\"@type\":\"ImageObject\",\"inLanguage\":\"et\",\"@id\":\"https:\/\/liviko.eu\/et\/#\/schema\/logo\/image\/\",\"url\":\"https:\/\/liviko.eu\/wp-content\/uploads\/2020\/10\/liviko_logo.png\",\"contentUrl\":\"https:\/\/liviko.eu\/wp-content\/uploads\/2020\/10\/liviko_logo.png\",\"width\":515,\"height\":181,\"caption\":\"Liviko\"},\"image\":{\"@id\":\"https:\/\/liviko.eu\/et\/#\/schema\/logo\/image\/\"},\"sameAs\":[\"https:\/\/www.facebook.com\/LivikoDistillery\/\",\"https:\/\/www.instagram.com\/livikodistillery\",\"https:\/\/www.linkedin.com\/company\/liviko\/\",\"https:\/\/www.youtube.com\/channel\/UCnoHr-PaNxBHJO8nMDLVGuA\"]}]}<\/script>\n<!-- \/ Yoast SEO plugin. -->","yoast_head_json":{"title":"Stellar - Liviko","robots":{"index":"index","follow":"follow","max-snippet":"max-snippet:-1","max-image-preview":"max-image-preview:large","max-video-preview":"max-video-preview:-1"},"canonical":"https:\/\/liviko.eu\/et\/tootmine\/stellar\/","og_locale":"et_EE","og_type":"article","og_title":"Stellar - Liviko","og_url":"https:\/\/liviko.eu\/et\/tootmine\/stellar\/","og_site_name":"Liviko","article_publisher":"https:\/\/www.facebook.com\/LivikoDistillery\/","article_modified_time":"2025-06-18T13:07:42+00:00","twitter_card":"summary_large_image","schema":{"@context":"https:\/\/schema.org","@graph":[{"@type":"WebPage","@id":"https:\/\/liviko.eu\/et\/tootmine\/stellar\/","url":"https:\/\/liviko.eu\/et\/tootmine\/stellar\/","name":"Stellar - Liviko","isPartOf":{"@id":"https:\/\/liviko.eu\/et\/#website"},"datePublished":"2024-10-10T12:05:15+00:00","dateModified":"2025-06-18T13:07:42+00:00","breadcrumb":{"@id":"https:\/\/liviko.eu\/et\/tootmine\/stellar\/#breadcrumb"},"inLanguage":"et","potentialAction":[{"@type":"ReadAction","target":["https:\/\/liviko.eu\/et\/tootmine\/stellar\/"]}]},{"@type":"BreadcrumbList","@id":"https:\/\/liviko.eu\/et\/tootmine\/stellar\/#breadcrumb","itemListElement":[{"@type":"ListItem","position":1,"name":"Home","item":"https:\/\/liviko.eu\/et\/"},{"@type":"ListItem","position":2,"name":"Tootmine","item":"https:\/\/liviko.eu\/et\/tootmine\/"},{"@type":"ListItem","position":3,"name":"Stellar"}]},{"@type":"WebSite","@id":"https:\/\/liviko.eu\/et\/#website","url":"https:\/\/liviko.eu\/et\/","name":"Liviko","description":"anno 1898","publisher":{"@id":"https:\/\/liviko.eu\/et\/#organization"},"potentialAction":[{"@type":"SearchAction","target":{"@type":"EntryPoint","urlTemplate":"https:\/\/liviko.eu\/et\/?s={search_term_string}"},"query-input":{"@type":"PropertyValueSpecification","valueRequired":true,"valueName":"search_term_string"}}],"inLanguage":"et"},{"@type":"Organization","@id":"https:\/\/liviko.eu\/et\/#organization","name":"Liviko","url":"https:\/\/liviko.eu\/et\/","logo":{"@type":"ImageObject","inLanguage":"et","@id":"https:\/\/liviko.eu\/et\/#\/schema\/logo\/image\/","url":"https:\/\/liviko.eu\/wp-content\/uploads\/2020\/10\/liviko_logo.png","contentUrl":"https:\/\/liviko.eu\/wp-content\/uploads\/2020\/10\/liviko_logo.png","width":515,"height":181,"caption":"Liviko"},"image":{"@id":"https:\/\/liviko.eu\/et\/#\/schema\/logo\/image\/"},"sameAs":["https:\/\/www.facebook.com\/LivikoDistillery\/","https:\/\/www.instagram.com\/livikodistillery","https:\/\/www.linkedin.com\/company\/liviko\/","https:\/\/www.youtube.com\/channel\/UCnoHr-PaNxBHJO8nMDLVGuA"]}]}},"_links":{"self":[{"href":"https:\/\/liviko.eu\/et\/wp-json\/wp\/v2\/pages\/54109","targetHints":{"allow":["GET"]}}],"collection":[{"href":"https:\/\/liviko.eu\/et\/wp-json\/wp\/v2\/pages"}],"about":[{"href":"https:\/\/liviko.eu\/et\/wp-json\/wp\/v2\/types\/page"}],"author":[{"embeddable":true,"href":"https:\/\/liviko.eu\/et\/wp-json\/wp\/v2\/users\/16"}],"replies":[{"embeddable":true,"href":"https:\/\/liviko.eu\/et\/wp-json\/wp\/v2\/comments?post=54109"}],"version-history":[{"count":81,"href":"https:\/\/liviko.eu\/et\/wp-json\/wp\/v2\/pages\/54109\/revisions"}],"predecessor-version":[{"id":56012,"href":"https:\/\/liviko.eu\/et\/wp-json\/wp\/v2\/pages\/54109\/revisions\/56012"}],"up":[{"embeddable":true,"href":"https:\/\/liviko.eu\/et\/wp-json\/wp\/v2\/pages\/172"}],"wp:attachment":[{"href":"https:\/\/liviko.eu\/et\/wp-json\/wp\/v2\/media?parent=54109"}],"wp:term":[{"taxonomy":"category","embeddable":true,"href":"https:\/\/liviko.eu\/et\/wp-json\/wp\/v2\/categories?post=54109"}],"curies":[{"name":"wp","href":"https:\/\/api.w.org\/{rel}","templated":true}]}}