{"id":55359,"date":"2025-11-07T08:38:30","date_gmt":"2025-11-07T08:38:30","guid":{"rendered":"https:\/\/liviko.eu\/?page_id=55359"},"modified":"2025-11-07T08:40:26","modified_gmt":"2025-11-07T08:40:26","slug":"otsime-elektri-ja-automaatikatehnikut","status":"publish","type":"page","link":"https:\/\/liviko.eu\/et\/meist\/toota-meiega\/otsime-elektri-ja-automaatikatehnikut\/","title":{"rendered":"Otsime elektri \u2013 ja automaatikatehnikut"},"content":{"rendered":"<div id=\"pageHeader-block_8371aec970dc569186b4a6606fff3311\" class=\" c-contentBlock c-pageHeader\" data-block-type=\"Page header\">\n                    <h1 class=\"c-pageHeader__title\">Otsime oma meeskonda elektri \u2013 ja automaatikatehnikut<\/h1>\n                        \n<\/div>\n<a id=\"page-55359-body\"><\/a>\n\n<div id=\"mediaBlock-block_45533420b9d156b7689d5786b2af3808\" class=\" c-contentBlock c-mediaBlock c-mediaBlock--align-right c-mediaBlock--valign-top c-mediaBlock--size-small c-mediaBlock--imageHeight-normal\" data-block-type=\"Media block\">\n   \n                \n     <div class=\"c-mediaBlock__media\" style=\"\"\">\n        <img fetchpriority=\"high\" decoding=\"async\" width=\"800\" height=\"530\" src=\"https:\/\/liviko.eu\/wp-content\/uploads\/2022\/06\/Kodukale.jpg\" class=\"c-mediaBlock__image\" alt=\"\" srcset=\"https:\/\/liviko.eu\/wp-content\/uploads\/2022\/06\/Kodukale.jpg 800w, https:\/\/liviko.eu\/wp-content\/uploads\/2022\/06\/Kodukale-768x509.jpg 768w, https:\/\/liviko.eu\/wp-content\/uploads\/2022\/06\/Kodukale-483x320.jpg 483w\" sizes=\"(max-width: 800px) 100vw, 800px\" \/>    <\/div>\n     <div class=\"c-mediaBlock__body\">\n                <div class=\"c-mediaBlock__content\">\n            <div class=\"t-text\">\n            <p>Baltikumi \u00fcks suurimaid kvaliteetalkoholi tootjaid ja maaletoojaid<\/p>\n<p>AS LIVIKO ootab oma meeskonnaga liituma<\/p>\n<p><strong>Elektri \u2013 ja automaatikatehnikut<\/strong><\/p>\n<p><strong>T\u00f6\u00f6 kirjeldus:<\/strong><\/p>\n<ul>\n<li>Elektriseadmete ja -s\u00fcsteemide \u00fclevaatus, hooldus, remont ja paigaldus<\/li>\n<li>Operatiivne reageerimine riketele, nende diagnoosimine ja k\u00f5rvaldamine<\/li>\n<li>Tehnilise dokumentatsiooni, eskiiside ja skeemide lugemine, korrashoid ja haldus<\/li>\n<\/ul>\n<p><strong>Omalt poolt pakume:<\/strong><\/p>\n<ul>\n<li>Huvitavat ja mitmek\u00fclgset t\u00f6\u00f6d<\/li>\n<li>Koolitusi ja t\u00e4iendavat erialast v\u00e4lja\u00f5pet<\/li>\n<li>S\u00f5bralikku ja toetavat meeskonda<\/li>\n<li>3 tasustatud tervisep\u00e4eva aastas ning spordi- ja heaolutoetust<\/li>\n<li>T\u00f6\u00f6aeg esmasp\u00e4evast reedeni 7:00 \u2013 15:30<\/li>\n<\/ul>\n<p><strong>Ootused kandidaadile:<\/strong><\/p>\n<ul>\n<li>Elektrialane kutse- v\u00f5i keskharidus (elektriku kutsetunnistus min tase 4)<\/li>\n<li>Keskpinge elektriseadmete ja lihtsamate automaatikaseadmete tundmine; n\u00f5rkvoolu kogemus<\/li>\n<li>Eeliseks on elektrikuna t\u00f6\u00f6tamise kogemus t\u00f6\u00f6stuses<\/li>\n<li>Tehniline taiplikkus ning v\u00f5ime koos meeskonnaga leida ja luua automaatikas\u00fcsteemide arenduslahendusi<\/li>\n<li>Hea eesti- ja inglise keele oskus<\/li>\n<li>Kiire \u00f5ppimis- ja kohanemisv\u00f5ime; t\u00e4psus, korrektsus ning kohusetundlikkus<\/li>\n<li>Hea arvuti kasutamise oskus; B kategooria autojuhiload<\/li>\n<\/ul>\n<p>T\u00f6\u00f6koht Tallinnas, t\u00f6\u00f6le asumise aeg: kokkuleppel.<\/p>\n<p>Kandideerimiseks palun saada CV aadressile personal@liviko.ee, CV saata hiljemalt 28. november 2025<\/p>\n<p>AS Liviko, Masina 11, Tallinn 10144; Kontakttelefon 6678160<\/p>\n<p>&nbsp;<\/p>\n            <\/div>\n                            \n        <\/div>\n    <\/div>\n<\/div>\n\n\n<p><\/p>\n","protected":false},"excerpt":{"rendered":"","protected":false},"author":15,"featured_media":0,"parent":233,"menu_order":0,"comment_status":"closed","ping_status":"closed","template":"","meta":{"_acf_changed":true,"inline_featured_image":false,"_monsterinsights_skip_tracking":false,"_monsterinsights_sitenote_active":false,"_monsterinsights_sitenote_note":"","_monsterinsights_sitenote_category":0,"footnotes":""},"categories":[],"class_list":["post-55359","page","type-page","status-publish","hentry"],"acf":[],"yoast_head":"<!-- This site is optimized with the Yoast SEO plugin v24.0 - https:\/\/yoast.com\/wordpress\/plugins\/seo\/ -->\n<title>Otsime elektri \u2013 ja automaatikatehnikut - Liviko<\/title>\n<meta name=\"robots\" content=\"index, follow, max-snippet:-1, max-image-preview:large, max-video-preview:-1\" \/>\n<link rel=\"canonical\" href=\"https:\/\/liviko.eu\/et\/meist\/toota-meiega\/otsime-elektri-ja-automaatikatehnikut\/\" \/>\n<meta property=\"og:locale\" content=\"et_EE\" \/>\n<meta property=\"og:type\" content=\"article\" \/>\n<meta property=\"og:title\" content=\"Otsime elektri \u2013 ja automaatikatehnikut - Liviko\" \/>\n<meta property=\"og:url\" content=\"https:\/\/liviko.eu\/et\/meist\/toota-meiega\/otsime-elektri-ja-automaatikatehnikut\/\" \/>\n<meta property=\"og:site_name\" content=\"Liviko\" \/>\n<meta property=\"article:publisher\" content=\"https:\/\/www.facebook.com\/LivikoDistillery\/\" \/>\n<meta property=\"article:modified_time\" content=\"2025-11-07T08:40:26+00:00\" \/>\n<meta name=\"twitter:card\" content=\"summary_large_image\" \/>\n<script type=\"application\/ld+json\" class=\"yoast-schema-graph\">{\"@context\":\"https:\/\/schema.org\",\"@graph\":[{\"@type\":\"WebPage\",\"@id\":\"https:\/\/liviko.eu\/et\/meist\/toota-meiega\/otsime-elektri-ja-automaatikatehnikut\/\",\"url\":\"https:\/\/liviko.eu\/et\/meist\/toota-meiega\/otsime-elektri-ja-automaatikatehnikut\/\",\"name\":\"Otsime elektri \u2013 ja automaatikatehnikut - Liviko\",\"isPartOf\":{\"@id\":\"https:\/\/liviko.eu\/et\/#website\"},\"datePublished\":\"2025-11-07T08:38:30+00:00\",\"dateModified\":\"2025-11-07T08:40:26+00:00\",\"breadcrumb\":{\"@id\":\"https:\/\/liviko.eu\/et\/meist\/toota-meiega\/otsime-elektri-ja-automaatikatehnikut\/#breadcrumb\"},\"inLanguage\":\"et\",\"potentialAction\":[{\"@type\":\"ReadAction\",\"target\":[\"https:\/\/liviko.eu\/et\/meist\/toota-meiega\/otsime-elektri-ja-automaatikatehnikut\/\"]}]},{\"@type\":\"BreadcrumbList\",\"@id\":\"https:\/\/liviko.eu\/et\/meist\/toota-meiega\/otsime-elektri-ja-automaatikatehnikut\/#breadcrumb\",\"itemListElement\":[{\"@type\":\"ListItem\",\"position\":1,\"name\":\"Home\",\"item\":\"https:\/\/liviko.eu\/et\/\"},{\"@type\":\"ListItem\",\"position\":2,\"name\":\"Meist\",\"item\":\"https:\/\/liviko.eu\/et\/meist\/\"},{\"@type\":\"ListItem\",\"position\":3,\"name\":\"T\u00f6\u00f6ta meiega\",\"item\":\"https:\/\/liviko.eu\/et\/meist\/toota-meiega\/\"},{\"@type\":\"ListItem\",\"position\":4,\"name\":\"Otsime elektri \u2013 ja automaatikatehnikut\"}]},{\"@type\":\"WebSite\",\"@id\":\"https:\/\/liviko.eu\/et\/#website\",\"url\":\"https:\/\/liviko.eu\/et\/\",\"name\":\"Liviko\",\"description\":\"anno 1898\",\"publisher\":{\"@id\":\"https:\/\/liviko.eu\/et\/#organization\"},\"potentialAction\":[{\"@type\":\"SearchAction\",\"target\":{\"@type\":\"EntryPoint\",\"urlTemplate\":\"https:\/\/liviko.eu\/et\/?s={search_term_string}\"},\"query-input\":{\"@type\":\"PropertyValueSpecification\",\"valueRequired\":true,\"valueName\":\"search_term_string\"}}],\"inLanguage\":\"et\"},{\"@type\":\"Organization\",\"@id\":\"https:\/\/liviko.eu\/et\/#organization\",\"name\":\"Liviko\",\"url\":\"https:\/\/liviko.eu\/et\/\",\"logo\":{\"@type\":\"ImageObject\",\"inLanguage\":\"et\",\"@id\":\"https:\/\/liviko.eu\/et\/#\/schema\/logo\/image\/\",\"url\":\"https:\/\/liviko.eu\/wp-content\/uploads\/2020\/10\/liviko_logo.png\",\"contentUrl\":\"https:\/\/liviko.eu\/wp-content\/uploads\/2020\/10\/liviko_logo.png\",\"width\":515,\"height\":181,\"caption\":\"Liviko\"},\"image\":{\"@id\":\"https:\/\/liviko.eu\/et\/#\/schema\/logo\/image\/\"},\"sameAs\":[\"https:\/\/www.facebook.com\/LivikoDistillery\/\",\"https:\/\/www.instagram.com\/livikodistillery\",\"https:\/\/www.linkedin.com\/company\/liviko\/\",\"https:\/\/www.youtube.com\/channel\/UCnoHr-PaNxBHJO8nMDLVGuA\"]}]}<\/script>\n<!-- \/ Yoast SEO plugin. -->","yoast_head_json":{"title":"Otsime elektri \u2013 ja automaatikatehnikut - Liviko","robots":{"index":"index","follow":"follow","max-snippet":"max-snippet:-1","max-image-preview":"max-image-preview:large","max-video-preview":"max-video-preview:-1"},"canonical":"https:\/\/liviko.eu\/et\/meist\/toota-meiega\/otsime-elektri-ja-automaatikatehnikut\/","og_locale":"et_EE","og_type":"article","og_title":"Otsime elektri \u2013 ja automaatikatehnikut - Liviko","og_url":"https:\/\/liviko.eu\/et\/meist\/toota-meiega\/otsime-elektri-ja-automaatikatehnikut\/","og_site_name":"Liviko","article_publisher":"https:\/\/www.facebook.com\/LivikoDistillery\/","article_modified_time":"2025-11-07T08:40:26+00:00","twitter_card":"summary_large_image","schema":{"@context":"https:\/\/schema.org","@graph":[{"@type":"WebPage","@id":"https:\/\/liviko.eu\/et\/meist\/toota-meiega\/otsime-elektri-ja-automaatikatehnikut\/","url":"https:\/\/liviko.eu\/et\/meist\/toota-meiega\/otsime-elektri-ja-automaatikatehnikut\/","name":"Otsime elektri \u2013 ja automaatikatehnikut - Liviko","isPartOf":{"@id":"https:\/\/liviko.eu\/et\/#website"},"datePublished":"2025-11-07T08:38:30+00:00","dateModified":"2025-11-07T08:40:26+00:00","breadcrumb":{"@id":"https:\/\/liviko.eu\/et\/meist\/toota-meiega\/otsime-elektri-ja-automaatikatehnikut\/#breadcrumb"},"inLanguage":"et","potentialAction":[{"@type":"ReadAction","target":["https:\/\/liviko.eu\/et\/meist\/toota-meiega\/otsime-elektri-ja-automaatikatehnikut\/"]}]},{"@type":"BreadcrumbList","@id":"https:\/\/liviko.eu\/et\/meist\/toota-meiega\/otsime-elektri-ja-automaatikatehnikut\/#breadcrumb","itemListElement":[{"@type":"ListItem","position":1,"name":"Home","item":"https:\/\/liviko.eu\/et\/"},{"@type":"ListItem","position":2,"name":"Meist","item":"https:\/\/liviko.eu\/et\/meist\/"},{"@type":"ListItem","position":3,"name":"T\u00f6\u00f6ta meiega","item":"https:\/\/liviko.eu\/et\/meist\/toota-meiega\/"},{"@type":"ListItem","position":4,"name":"Otsime elektri \u2013 ja automaatikatehnikut"}]},{"@type":"WebSite","@id":"https:\/\/liviko.eu\/et\/#website","url":"https:\/\/liviko.eu\/et\/","name":"Liviko","description":"anno 1898","publisher":{"@id":"https:\/\/liviko.eu\/et\/#organization"},"potentialAction":[{"@type":"SearchAction","target":{"@type":"EntryPoint","urlTemplate":"https:\/\/liviko.eu\/et\/?s={search_term_string}"},"query-input":{"@type":"PropertyValueSpecification","valueRequired":true,"valueName":"search_term_string"}}],"inLanguage":"et"},{"@type":"Organization","@id":"https:\/\/liviko.eu\/et\/#organization","name":"Liviko","url":"https:\/\/liviko.eu\/et\/","logo":{"@type":"ImageObject","inLanguage":"et","@id":"https:\/\/liviko.eu\/et\/#\/schema\/logo\/image\/","url":"https:\/\/liviko.eu\/wp-content\/uploads\/2020\/10\/liviko_logo.png","contentUrl":"https:\/\/liviko.eu\/wp-content\/uploads\/2020\/10\/liviko_logo.png","width":515,"height":181,"caption":"Liviko"},"image":{"@id":"https:\/\/liviko.eu\/et\/#\/schema\/logo\/image\/"},"sameAs":["https:\/\/www.facebook.com\/LivikoDistillery\/","https:\/\/www.instagram.com\/livikodistillery","https:\/\/www.linkedin.com\/company\/liviko\/","https:\/\/www.youtube.com\/channel\/UCnoHr-PaNxBHJO8nMDLVGuA"]}]}},"_links":{"self":[{"href":"https:\/\/liviko.eu\/et\/wp-json\/wp\/v2\/pages\/55359","targetHints":{"allow":["GET"]}}],"collection":[{"href":"https:\/\/liviko.eu\/et\/wp-json\/wp\/v2\/pages"}],"about":[{"href":"https:\/\/liviko.eu\/et\/wp-json\/wp\/v2\/types\/page"}],"author":[{"embeddable":true,"href":"https:\/\/liviko.eu\/et\/wp-json\/wp\/v2\/users\/15"}],"replies":[{"embeddable":true,"href":"https:\/\/liviko.eu\/et\/wp-json\/wp\/v2\/comments?post=55359"}],"version-history":[{"count":2,"href":"https:\/\/liviko.eu\/et\/wp-json\/wp\/v2\/pages\/55359\/revisions"}],"predecessor-version":[{"id":56635,"href":"https:\/\/liviko.eu\/et\/wp-json\/wp\/v2\/pages\/55359\/revisions\/56635"}],"up":[{"embeddable":true,"href":"https:\/\/liviko.eu\/et\/wp-json\/wp\/v2\/pages\/233"}],"wp:attachment":[{"href":"https:\/\/liviko.eu\/et\/wp-json\/wp\/v2\/media?parent=55359"}],"wp:term":[{"taxonomy":"category","embeddable":true,"href":"https:\/\/liviko.eu\/et\/wp-json\/wp\/v2\/categories?post=55359"}],"curies":[{"name":"wp","href":"https:\/\/api.w.org\/{rel}","templated":true}]}}