{"id":57039,"date":"2026-01-30T12:58:21","date_gmt":"2026-01-30T12:58:21","guid":{"rendered":"https:\/\/liviko.eu\/?page_id=57039"},"modified":"2026-02-04T07:47:03","modified_gmt":"2026-02-04T07:47:03","slug":"otsime-tootmisjuhti","status":"publish","type":"page","link":"https:\/\/liviko.eu\/et\/meist\/toota-meiega\/otsime-tootmisjuhti\/","title":{"rendered":"Otsime tootmisjuhti"},"content":{"rendered":"<div id=\"pageHeader-block_c583f00e89dfe0a2f9210bdb26060bd2\" class=\" c-contentBlock c-pageHeader\" data-block-type=\"Page header\">\n                    <h1 class=\"c-pageHeader__title\">Otsime oma meeskonda tootmisjuhti<\/h1>\n                        \n<\/div>\n<a id=\"page-57039-body\"><\/a>\n\n<div id=\"mediaBlock-block_789f4dd3bf7e3d1a8de1d8cc0bf2948a\" class=\" c-contentBlock c-mediaBlock c-mediaBlock--align-right c-mediaBlock--valign-top c-mediaBlock--size-small c-mediaBlock--imageHeight-normal\" data-block-type=\"Media block\">\n   \n                \n     <div class=\"c-mediaBlock__media\" style=\"\"\">\n        <img fetchpriority=\"high\" decoding=\"async\" width=\"965\" height=\"1366\" src=\"https:\/\/liviko.eu\/wp-content\/uploads\/2026\/01\/A4-Tootmisjuht-tookuulutus-2026-965x1366.jpg\" class=\"c-mediaBlock__image\" alt=\"\" srcset=\"https:\/\/liviko.eu\/wp-content\/uploads\/2026\/01\/A4-Tootmisjuht-tookuulutus-2026-965x1366.jpg 965w, https:\/\/liviko.eu\/wp-content\/uploads\/2026\/01\/A4-Tootmisjuht-tookuulutus-2026-650x920.jpg 650w, https:\/\/liviko.eu\/wp-content\/uploads\/2026\/01\/A4-Tootmisjuht-tookuulutus-2026-768x1087.jpg 768w, https:\/\/liviko.eu\/wp-content\/uploads\/2026\/01\/A4-Tootmisjuht-tookuulutus-2026-226x320.jpg 226w, https:\/\/liviko.eu\/wp-content\/uploads\/2026\/01\/A4-Tootmisjuht-tookuulutus-2026-426x603.jpg 426w, https:\/\/liviko.eu\/wp-content\/uploads\/2026\/01\/A4-Tootmisjuht-tookuulutus-2026.jpg 1080w\" sizes=\"(max-width: 965px) 100vw, 965px\" \/>    <\/div>\n     <div class=\"c-mediaBlock__body\">\n                <div class=\"c-mediaBlock__content\">\n            <div class=\"t-text\">\n            <p>Baltikumi \u00fcks suurimaid kvaliteetalkoholi tootjaid ja maaletoojaid<\/p>\n<p>AS LIVIKO ootab oma tootmise meeskonnaga liituma professionaalset<\/p>\n<p><strong>TOOTMISJUHTI<\/strong><\/p>\n<p><strong>T\u00f6\u00f6 kirjeldus:<\/strong><\/p>\n<p>\u2022 Tootmise t\u00f6\u00f6 juhtimine ja planeerimine tagades kvaliteetse, efektiivse ja stabiilse tootmise<br \/>\n\u2022 Tootmisressursside (t\u00f6\u00f6j\u00f5ud, seadmed, materjalid) planeerimine ja juhtimine, sh kuluefektiivsuse tagamine<br \/>\n\u2022 Tootmisprotsesside tulemuslikkuse anal\u00fc\u00fcs ja parendamine<br \/>\n\u2022 Paindliku ja lean-tootmise p\u00f5him\u00f5tete rakendamine ning j\u00e4rjepidev arendamine tootmises<br \/>\n\u2022 T\u00f6\u00f6keskkonna ohutuse ja t\u00f6\u00f6ohutusn\u00f5uete t\u00e4itmise tagamine<br \/>\n\u2022 Tootmismeeskonna juhtimine, arendamine ja motiveerimine ning koost\u00f6\u00f6 teiste osakondadega<\/p>\n<p><strong>Liviko pakub sulle:<\/strong><\/p>\n<p>\u2022 Stabiilset ja vastutusrikast t\u00f6\u00f6d rahvusvahelise taustaga ettev\u00f5ttes<br \/>\n\u2022 Professionaalset ja toetavat meeskonda<br \/>\n\u2022 Koolitusi ja t\u00e4iendavat erialast v\u00e4lja\u00f5pet<br \/>\n\u2022 P\u00f5hipuhkust 30 kalendrip\u00e4eva aastas<br \/>\n\u2022 3 tasustatud tervisep\u00e4eva aastas<br \/>\n\u2022 Spordi- ja tervisetoetust<\/p>\n<p><strong>Ootused kandidaadile:<\/strong><\/p>\n<p>\u2022 Varasem kogemus tootmisprotsesside juhtimisel (eeliseks on kogemus toidu- v\u00f5i joogit\u00f6\u00f6stuses)<br \/>\n\u2022 Tootmisjuhtimise v\u00f5i toiduainete tehnoloogia alane haridus<br \/>\n\u2022 Head teadmised tootmisjuhtimise meetoditest ja s\u00fcsteemidest<br \/>\n\u2022 Kogenud inimeste juht ning motiveeriv meeskonna arendaja<br \/>\n\u2022 S\u00fcsteemne m\u00f5tlemine, tulemustele orienteeritus ja hea probleemilahendusoskus<br \/>\n\u2022 Eesti ja vene keele oskus; inglise keele oskus tuleb kasuks<br \/>\n\u2022 Autojuhilubade olemasolu (B kategooria)<\/p>\n<p>T\u00f6\u00f6koht Tallinnas, t\u00f6\u00f6le asumise aeg: kokkuleppel.<\/p>\n<p>Palun saada oma CV ja l\u00fchike motivatsioonikiri hiljemalt 15. veebruariks 2026 aadressile <strong>personal@liviko.ee<\/strong><\/p>\n<p>AS Liviko, Masina 11, Tallinn 10144; Kontakttelefon 6678160<\/p>\n<p>&nbsp;<\/p>\n            <\/div>\n                            \n        <\/div>\n    <\/div>\n<\/div>\n\n\n<p><\/p>\n","protected":false},"excerpt":{"rendered":"","protected":false},"author":17,"featured_media":57040,"parent":233,"menu_order":0,"comment_status":"closed","ping_status":"closed","template":"","meta":{"_acf_changed":false,"inline_featured_image":false,"_monsterinsights_skip_tracking":false,"_monsterinsights_sitenote_active":false,"_monsterinsights_sitenote_note":"","_monsterinsights_sitenote_category":0,"footnotes":""},"categories":[],"class_list":["post-57039","page","type-page","status-publish","has-post-thumbnail","hentry"],"acf":[],"yoast_head":"<!-- This site is optimized with the Yoast SEO plugin v24.0 - https:\/\/yoast.com\/wordpress\/plugins\/seo\/ -->\n<title>Otsime tootmisjuhti - Liviko<\/title>\n<meta name=\"robots\" content=\"index, follow, max-snippet:-1, max-image-preview:large, max-video-preview:-1\" \/>\n<link rel=\"canonical\" href=\"https:\/\/liviko.eu\/et\/meist\/toota-meiega\/otsime-tootmisjuhti\/\" \/>\n<meta property=\"og:locale\" content=\"et_EE\" \/>\n<meta property=\"og:type\" content=\"article\" \/>\n<meta property=\"og:title\" content=\"Otsime tootmisjuhti - Liviko\" \/>\n<meta property=\"og:url\" content=\"https:\/\/liviko.eu\/et\/meist\/toota-meiega\/otsime-tootmisjuhti\/\" \/>\n<meta property=\"og:site_name\" content=\"Liviko\" \/>\n<meta property=\"article:publisher\" content=\"https:\/\/www.facebook.com\/LivikoDistillery\/\" \/>\n<meta property=\"article:modified_time\" content=\"2026-02-04T07:47:03+00:00\" \/>\n<meta property=\"og:image\" content=\"https:\/\/liviko.eu\/wp-content\/uploads\/2026\/01\/A4-Tootmisjuht-tookuulutus-2026.jpg\" \/>\n\t<meta property=\"og:image:width\" content=\"1080\" \/>\n\t<meta property=\"og:image:height\" content=\"1528\" \/>\n\t<meta property=\"og:image:type\" content=\"image\/jpeg\" \/>\n<meta name=\"twitter:card\" content=\"summary_large_image\" \/>\n<script type=\"application\/ld+json\" class=\"yoast-schema-graph\">{\"@context\":\"https:\/\/schema.org\",\"@graph\":[{\"@type\":\"WebPage\",\"@id\":\"https:\/\/liviko.eu\/et\/meist\/toota-meiega\/otsime-tootmisjuhti\/\",\"url\":\"https:\/\/liviko.eu\/et\/meist\/toota-meiega\/otsime-tootmisjuhti\/\",\"name\":\"Otsime tootmisjuhti - Liviko\",\"isPartOf\":{\"@id\":\"https:\/\/liviko.eu\/et\/#website\"},\"primaryImageOfPage\":{\"@id\":\"https:\/\/liviko.eu\/et\/meist\/toota-meiega\/otsime-tootmisjuhti\/#primaryimage\"},\"image\":{\"@id\":\"https:\/\/liviko.eu\/et\/meist\/toota-meiega\/otsime-tootmisjuhti\/#primaryimage\"},\"thumbnailUrl\":\"https:\/\/liviko.eu\/wp-content\/uploads\/2026\/01\/A4-Tootmisjuht-tookuulutus-2026.jpg\",\"datePublished\":\"2026-01-30T12:58:21+00:00\",\"dateModified\":\"2026-02-04T07:47:03+00:00\",\"breadcrumb\":{\"@id\":\"https:\/\/liviko.eu\/et\/meist\/toota-meiega\/otsime-tootmisjuhti\/#breadcrumb\"},\"inLanguage\":\"et\",\"potentialAction\":[{\"@type\":\"ReadAction\",\"target\":[\"https:\/\/liviko.eu\/et\/meist\/toota-meiega\/otsime-tootmisjuhti\/\"]}]},{\"@type\":\"ImageObject\",\"inLanguage\":\"et\",\"@id\":\"https:\/\/liviko.eu\/et\/meist\/toota-meiega\/otsime-tootmisjuhti\/#primaryimage\",\"url\":\"https:\/\/liviko.eu\/wp-content\/uploads\/2026\/01\/A4-Tootmisjuht-tookuulutus-2026.jpg\",\"contentUrl\":\"https:\/\/liviko.eu\/wp-content\/uploads\/2026\/01\/A4-Tootmisjuht-tookuulutus-2026.jpg\",\"width\":1080,\"height\":1528},{\"@type\":\"BreadcrumbList\",\"@id\":\"https:\/\/liviko.eu\/et\/meist\/toota-meiega\/otsime-tootmisjuhti\/#breadcrumb\",\"itemListElement\":[{\"@type\":\"ListItem\",\"position\":1,\"name\":\"Home\",\"item\":\"https:\/\/liviko.eu\/et\/\"},{\"@type\":\"ListItem\",\"position\":2,\"name\":\"Meist\",\"item\":\"https:\/\/liviko.eu\/et\/meist\/\"},{\"@type\":\"ListItem\",\"position\":3,\"name\":\"T\u00f6\u00f6ta meiega\",\"item\":\"https:\/\/liviko.eu\/et\/meist\/toota-meiega\/\"},{\"@type\":\"ListItem\",\"position\":4,\"name\":\"Otsime tootmisjuhti\"}]},{\"@type\":\"WebSite\",\"@id\":\"https:\/\/liviko.eu\/et\/#website\",\"url\":\"https:\/\/liviko.eu\/et\/\",\"name\":\"Liviko\",\"description\":\"anno 1898\",\"publisher\":{\"@id\":\"https:\/\/liviko.eu\/et\/#organization\"},\"potentialAction\":[{\"@type\":\"SearchAction\",\"target\":{\"@type\":\"EntryPoint\",\"urlTemplate\":\"https:\/\/liviko.eu\/et\/?s={search_term_string}\"},\"query-input\":{\"@type\":\"PropertyValueSpecification\",\"valueRequired\":true,\"valueName\":\"search_term_string\"}}],\"inLanguage\":\"et\"},{\"@type\":\"Organization\",\"@id\":\"https:\/\/liviko.eu\/et\/#organization\",\"name\":\"Liviko\",\"url\":\"https:\/\/liviko.eu\/et\/\",\"logo\":{\"@type\":\"ImageObject\",\"inLanguage\":\"et\",\"@id\":\"https:\/\/liviko.eu\/et\/#\/schema\/logo\/image\/\",\"url\":\"https:\/\/liviko.eu\/wp-content\/uploads\/2020\/10\/liviko_logo.png\",\"contentUrl\":\"https:\/\/liviko.eu\/wp-content\/uploads\/2020\/10\/liviko_logo.png\",\"width\":515,\"height\":181,\"caption\":\"Liviko\"},\"image\":{\"@id\":\"https:\/\/liviko.eu\/et\/#\/schema\/logo\/image\/\"},\"sameAs\":[\"https:\/\/www.facebook.com\/LivikoDistillery\/\",\"https:\/\/www.instagram.com\/livikodistillery\",\"https:\/\/www.linkedin.com\/company\/liviko\/\",\"https:\/\/www.youtube.com\/channel\/UCnoHr-PaNxBHJO8nMDLVGuA\"]}]}<\/script>\n<!-- \/ Yoast SEO plugin. -->","yoast_head_json":{"title":"Otsime tootmisjuhti - Liviko","robots":{"index":"index","follow":"follow","max-snippet":"max-snippet:-1","max-image-preview":"max-image-preview:large","max-video-preview":"max-video-preview:-1"},"canonical":"https:\/\/liviko.eu\/et\/meist\/toota-meiega\/otsime-tootmisjuhti\/","og_locale":"et_EE","og_type":"article","og_title":"Otsime tootmisjuhti - Liviko","og_url":"https:\/\/liviko.eu\/et\/meist\/toota-meiega\/otsime-tootmisjuhti\/","og_site_name":"Liviko","article_publisher":"https:\/\/www.facebook.com\/LivikoDistillery\/","article_modified_time":"2026-02-04T07:47:03+00:00","og_image":[{"width":1080,"height":1528,"url":"https:\/\/liviko.eu\/wp-content\/uploads\/2026\/01\/A4-Tootmisjuht-tookuulutus-2026.jpg","type":"image\/jpeg"}],"twitter_card":"summary_large_image","schema":{"@context":"https:\/\/schema.org","@graph":[{"@type":"WebPage","@id":"https:\/\/liviko.eu\/et\/meist\/toota-meiega\/otsime-tootmisjuhti\/","url":"https:\/\/liviko.eu\/et\/meist\/toota-meiega\/otsime-tootmisjuhti\/","name":"Otsime tootmisjuhti - Liviko","isPartOf":{"@id":"https:\/\/liviko.eu\/et\/#website"},"primaryImageOfPage":{"@id":"https:\/\/liviko.eu\/et\/meist\/toota-meiega\/otsime-tootmisjuhti\/#primaryimage"},"image":{"@id":"https:\/\/liviko.eu\/et\/meist\/toota-meiega\/otsime-tootmisjuhti\/#primaryimage"},"thumbnailUrl":"https:\/\/liviko.eu\/wp-content\/uploads\/2026\/01\/A4-Tootmisjuht-tookuulutus-2026.jpg","datePublished":"2026-01-30T12:58:21+00:00","dateModified":"2026-02-04T07:47:03+00:00","breadcrumb":{"@id":"https:\/\/liviko.eu\/et\/meist\/toota-meiega\/otsime-tootmisjuhti\/#breadcrumb"},"inLanguage":"et","potentialAction":[{"@type":"ReadAction","target":["https:\/\/liviko.eu\/et\/meist\/toota-meiega\/otsime-tootmisjuhti\/"]}]},{"@type":"ImageObject","inLanguage":"et","@id":"https:\/\/liviko.eu\/et\/meist\/toota-meiega\/otsime-tootmisjuhti\/#primaryimage","url":"https:\/\/liviko.eu\/wp-content\/uploads\/2026\/01\/A4-Tootmisjuht-tookuulutus-2026.jpg","contentUrl":"https:\/\/liviko.eu\/wp-content\/uploads\/2026\/01\/A4-Tootmisjuht-tookuulutus-2026.jpg","width":1080,"height":1528},{"@type":"BreadcrumbList","@id":"https:\/\/liviko.eu\/et\/meist\/toota-meiega\/otsime-tootmisjuhti\/#breadcrumb","itemListElement":[{"@type":"ListItem","position":1,"name":"Home","item":"https:\/\/liviko.eu\/et\/"},{"@type":"ListItem","position":2,"name":"Meist","item":"https:\/\/liviko.eu\/et\/meist\/"},{"@type":"ListItem","position":3,"name":"T\u00f6\u00f6ta meiega","item":"https:\/\/liviko.eu\/et\/meist\/toota-meiega\/"},{"@type":"ListItem","position":4,"name":"Otsime tootmisjuhti"}]},{"@type":"WebSite","@id":"https:\/\/liviko.eu\/et\/#website","url":"https:\/\/liviko.eu\/et\/","name":"Liviko","description":"anno 1898","publisher":{"@id":"https:\/\/liviko.eu\/et\/#organization"},"potentialAction":[{"@type":"SearchAction","target":{"@type":"EntryPoint","urlTemplate":"https:\/\/liviko.eu\/et\/?s={search_term_string}"},"query-input":{"@type":"PropertyValueSpecification","valueRequired":true,"valueName":"search_term_string"}}],"inLanguage":"et"},{"@type":"Organization","@id":"https:\/\/liviko.eu\/et\/#organization","name":"Liviko","url":"https:\/\/liviko.eu\/et\/","logo":{"@type":"ImageObject","inLanguage":"et","@id":"https:\/\/liviko.eu\/et\/#\/schema\/logo\/image\/","url":"https:\/\/liviko.eu\/wp-content\/uploads\/2020\/10\/liviko_logo.png","contentUrl":"https:\/\/liviko.eu\/wp-content\/uploads\/2020\/10\/liviko_logo.png","width":515,"height":181,"caption":"Liviko"},"image":{"@id":"https:\/\/liviko.eu\/et\/#\/schema\/logo\/image\/"},"sameAs":["https:\/\/www.facebook.com\/LivikoDistillery\/","https:\/\/www.instagram.com\/livikodistillery","https:\/\/www.linkedin.com\/company\/liviko\/","https:\/\/www.youtube.com\/channel\/UCnoHr-PaNxBHJO8nMDLVGuA"]}]}},"_links":{"self":[{"href":"https:\/\/liviko.eu\/et\/wp-json\/wp\/v2\/pages\/57039","targetHints":{"allow":["GET"]}}],"collection":[{"href":"https:\/\/liviko.eu\/et\/wp-json\/wp\/v2\/pages"}],"about":[{"href":"https:\/\/liviko.eu\/et\/wp-json\/wp\/v2\/types\/page"}],"author":[{"embeddable":true,"href":"https:\/\/liviko.eu\/et\/wp-json\/wp\/v2\/users\/17"}],"replies":[{"embeddable":true,"href":"https:\/\/liviko.eu\/et\/wp-json\/wp\/v2\/comments?post=57039"}],"version-history":[{"count":1,"href":"https:\/\/liviko.eu\/et\/wp-json\/wp\/v2\/pages\/57039\/revisions"}],"predecessor-version":[{"id":57085,"href":"https:\/\/liviko.eu\/et\/wp-json\/wp\/v2\/pages\/57039\/revisions\/57085"}],"up":[{"embeddable":true,"href":"https:\/\/liviko.eu\/et\/wp-json\/wp\/v2\/pages\/233"}],"wp:featuredmedia":[{"embeddable":true,"href":"https:\/\/liviko.eu\/et\/wp-json\/wp\/v2\/media\/57040"}],"wp:attachment":[{"href":"https:\/\/liviko.eu\/et\/wp-json\/wp\/v2\/media?parent=57039"}],"wp:term":[{"taxonomy":"category","embeddable":true,"href":"https:\/\/liviko.eu\/et\/wp-json\/wp\/v2\/categories?post=57039"}],"curies":[{"name":"wp","href":"https:\/\/api.w.org\/{rel}","templated":true}]}}