{"id":57071,"date":"2026-02-03T11:16:29","date_gmt":"2026-02-03T11:16:29","guid":{"rendered":"https:\/\/liviko.eu\/?page_id=57071"},"modified":"2026-03-13T10:45:47","modified_gmt":"2026-03-13T10:45:47","slug":"otsime-klienditeenindajat","status":"publish","type":"page","link":"https:\/\/liviko.eu\/et\/meist\/toota-meiega\/otsime-klienditeenindajat\/","title":{"rendered":"Otsime klienditeenindajat"},"content":{"rendered":"<div id=\"pageHeader-block_5056b1bf234452eb113337c56868344e\" class=\" c-contentBlock c-pageHeader\" data-block-type=\"Page header\">\n                    <h1 class=\"c-pageHeader__title\">Otsime oma meeskonda klienditeenindajat<\/h1>\n                        \n<\/div>\n<a id=\"page-57071-body\"><\/a>\n\n<div id=\"otsime-klienditeenindajat\" class=\" c-contentBlock c-mediaBlock c-mediaBlock--align-right c-mediaBlock--valign-top c-mediaBlock--size-small c-mediaBlock--imageHeight-normal\" data-block-type=\"Media block\">\n   \n                \n     <div class=\"c-mediaBlock__media\" style=\"\"\">\n        <img fetchpriority=\"high\" decoding=\"async\" width=\"1080\" height=\"1300\" src=\"https:\/\/liviko.eu\/wp-content\/uploads\/2026\/02\/Liviko-Alcostore-klienditeenindaja-TK-2025.jpg\" class=\"c-mediaBlock__image\" alt=\"\" srcset=\"https:\/\/liviko.eu\/wp-content\/uploads\/2026\/02\/Liviko-Alcostore-klienditeenindaja-TK-2025.jpg 1080w, https:\/\/liviko.eu\/wp-content\/uploads\/2026\/02\/Liviko-Alcostore-klienditeenindaja-TK-2025-764x920.jpg 764w, https:\/\/liviko.eu\/wp-content\/uploads\/2026\/02\/Liviko-Alcostore-klienditeenindaja-TK-2025-768x924.jpg 768w, https:\/\/liviko.eu\/wp-content\/uploads\/2026\/02\/Liviko-Alcostore-klienditeenindaja-TK-2025-266x320.jpg 266w, https:\/\/liviko.eu\/wp-content\/uploads\/2026\/02\/Liviko-Alcostore-klienditeenindaja-TK-2025-501x603.jpg 501w\" sizes=\"(max-width: 1080px) 100vw, 1080px\" \/>    <\/div>\n     <div class=\"c-mediaBlock__body\">\n                <div class=\"c-mediaBlock__content\">\n            <div class=\"t-text\">\n            <p>Baltikumi \u00fcks suurimaid kvaliteetalkoholi tootjaid<br \/>\nja maaletoojaid AS LIVIKO ootab oma Alcostore<br \/>\nkaupluse tiimiga liituma professionaalset<\/p>\n<p><strong>KLIENDITEENINDAJAT<\/strong><\/p>\n<p><strong>Peamised t\u00f6\u00f6\u00fclesanded:<\/strong><\/p>\n<p>\u2022 kliendis\u00f5bralik n\u00f5ustamine ja teenindamine m\u00fc\u00fcgisaalis<br \/>\n\u2022 kassam\u00fc\u00fcgi teostamine<br \/>\n\u2022 kauba vastuv\u00f5tmine, saatedokumentide kontrollimine ja kaupade v\u00e4ljapanek<br \/>\n\u2022 kaupluse korrashoid<br \/>\n\u2022 inventuurides osalemine<\/p>\n<p><strong>SIND OOTAVAD:<\/strong><\/p>\n<p>\u2022 kindel t\u00f6\u00f6 rahvusvahelise taustaga ettev\u00f5ttes<br \/>\n\u2022 s\u00f5bralik ja toetav meeskond<br \/>\n\u2022 vahetustega t\u00f6\u00f6<br \/>\n\u2022 t\u00e4iendkoolitused ja v\u00f5imalus omandada uusi teadmisi<br \/>\n\u2022 tervise- ja spordikulude toetus<br \/>\n\u2022 p\u00f5hipuhkus 30 kalendrip\u00e4eva aastas<\/p>\n<p><strong>Edukat kandidaati iseloomustab:<\/strong><\/p>\n<p>\u2022 ausus, kohusetundlikkus, korrektsus, hea suhtlemisoskus, aktiivsus<br \/>\n\u2022 hea eesti keele oskus; soome, inglise ja vene keele oskus tulevad kasuks<br \/>\n\u2022 head teadmised alkoholi- ja veinimaailmast<br \/>\n\u2022 eelnev klienditeeninduse t\u00f6\u00f6kogemus<br \/>\n\u2022 orienteeritus meeskonnat\u00f6\u00f6le<br \/>\n\u2022 hea pingetaluvus<\/p>\n<p>T\u00f6\u00f6koht Tallinn, Eesti T\u00f6\u00f6le asumise aeg: kokkuleppel<\/p>\n<p>Palun saada oma CV ja l\u00fchike motivatsioonikiri aadressile <a href=\"mailto:personal@liviko.ee\">personal@liviko.ee<\/a><\/p>\n<p>Kontakttelefon: 66 78 160<\/p>\n<p>&nbsp;<\/p>\n            <\/div>\n                            \n        <\/div>\n    <\/div>\n<\/div>\n\n\n<p><\/p>\n","protected":false},"excerpt":{"rendered":"","protected":false},"author":17,"featured_media":57040,"parent":233,"menu_order":0,"comment_status":"closed","ping_status":"closed","template":"","meta":{"_acf_changed":true,"inline_featured_image":false,"_monsterinsights_skip_tracking":false,"_monsterinsights_sitenote_active":false,"_monsterinsights_sitenote_note":"","_monsterinsights_sitenote_category":0,"footnotes":""},"categories":[],"class_list":["post-57071","page","type-page","status-publish","has-post-thumbnail","hentry"],"acf":[],"yoast_head":"<!-- This site is optimized with the Yoast SEO plugin v24.0 - https:\/\/yoast.com\/wordpress\/plugins\/seo\/ -->\n<title>Otsime klienditeenindajat - Liviko<\/title>\n<meta name=\"robots\" content=\"index, follow, max-snippet:-1, max-image-preview:large, max-video-preview:-1\" \/>\n<link rel=\"canonical\" href=\"https:\/\/liviko.eu\/et\/meist\/toota-meiega\/otsime-klienditeenindajat\/\" \/>\n<meta property=\"og:locale\" content=\"et_EE\" \/>\n<meta property=\"og:type\" content=\"article\" \/>\n<meta property=\"og:title\" content=\"Otsime klienditeenindajat - Liviko\" \/>\n<meta property=\"og:url\" content=\"https:\/\/liviko.eu\/et\/meist\/toota-meiega\/otsime-klienditeenindajat\/\" \/>\n<meta property=\"og:site_name\" content=\"Liviko\" \/>\n<meta property=\"article:publisher\" content=\"https:\/\/www.facebook.com\/LivikoDistillery\/\" \/>\n<meta property=\"article:modified_time\" content=\"2026-03-13T10:45:47+00:00\" \/>\n<meta property=\"og:image\" content=\"https:\/\/liviko.eu\/wp-content\/uploads\/2026\/01\/A4-Tootmisjuht-tookuulutus-2026.jpg\" \/>\n\t<meta property=\"og:image:width\" content=\"1080\" \/>\n\t<meta property=\"og:image:height\" content=\"1528\" \/>\n\t<meta property=\"og:image:type\" content=\"image\/jpeg\" \/>\n<meta name=\"twitter:card\" content=\"summary_large_image\" \/>\n<meta name=\"twitter:label1\" content=\"Est. reading time\" \/>\n\t<meta name=\"twitter:data1\" content=\"1 minut\" \/>\n<script type=\"application\/ld+json\" class=\"yoast-schema-graph\">{\"@context\":\"https:\/\/schema.org\",\"@graph\":[{\"@type\":\"WebPage\",\"@id\":\"https:\/\/liviko.eu\/et\/meist\/toota-meiega\/otsime-klienditeenindajat\/\",\"url\":\"https:\/\/liviko.eu\/et\/meist\/toota-meiega\/otsime-klienditeenindajat\/\",\"name\":\"Otsime klienditeenindajat - Liviko\",\"isPartOf\":{\"@id\":\"https:\/\/liviko.eu\/et\/#website\"},\"primaryImageOfPage\":{\"@id\":\"https:\/\/liviko.eu\/et\/meist\/toota-meiega\/otsime-klienditeenindajat\/#primaryimage\"},\"image\":{\"@id\":\"https:\/\/liviko.eu\/et\/meist\/toota-meiega\/otsime-klienditeenindajat\/#primaryimage\"},\"thumbnailUrl\":\"https:\/\/liviko.eu\/wp-content\/uploads\/2026\/01\/A4-Tootmisjuht-tookuulutus-2026.jpg\",\"datePublished\":\"2026-02-03T11:16:29+00:00\",\"dateModified\":\"2026-03-13T10:45:47+00:00\",\"breadcrumb\":{\"@id\":\"https:\/\/liviko.eu\/et\/meist\/toota-meiega\/otsime-klienditeenindajat\/#breadcrumb\"},\"inLanguage\":\"et\",\"potentialAction\":[{\"@type\":\"ReadAction\",\"target\":[\"https:\/\/liviko.eu\/et\/meist\/toota-meiega\/otsime-klienditeenindajat\/\"]}]},{\"@type\":\"ImageObject\",\"inLanguage\":\"et\",\"@id\":\"https:\/\/liviko.eu\/et\/meist\/toota-meiega\/otsime-klienditeenindajat\/#primaryimage\",\"url\":\"https:\/\/liviko.eu\/wp-content\/uploads\/2026\/01\/A4-Tootmisjuht-tookuulutus-2026.jpg\",\"contentUrl\":\"https:\/\/liviko.eu\/wp-content\/uploads\/2026\/01\/A4-Tootmisjuht-tookuulutus-2026.jpg\",\"width\":1080,\"height\":1528},{\"@type\":\"BreadcrumbList\",\"@id\":\"https:\/\/liviko.eu\/et\/meist\/toota-meiega\/otsime-klienditeenindajat\/#breadcrumb\",\"itemListElement\":[{\"@type\":\"ListItem\",\"position\":1,\"name\":\"Home\",\"item\":\"https:\/\/liviko.eu\/et\/\"},{\"@type\":\"ListItem\",\"position\":2,\"name\":\"Meist\",\"item\":\"https:\/\/liviko.eu\/et\/meist\/\"},{\"@type\":\"ListItem\",\"position\":3,\"name\":\"T\u00f6\u00f6ta meiega\",\"item\":\"https:\/\/liviko.eu\/et\/meist\/toota-meiega\/\"},{\"@type\":\"ListItem\",\"position\":4,\"name\":\"Otsime klienditeenindajat\"}]},{\"@type\":\"WebSite\",\"@id\":\"https:\/\/liviko.eu\/et\/#website\",\"url\":\"https:\/\/liviko.eu\/et\/\",\"name\":\"Liviko\",\"description\":\"anno 1898\",\"publisher\":{\"@id\":\"https:\/\/liviko.eu\/et\/#organization\"},\"potentialAction\":[{\"@type\":\"SearchAction\",\"target\":{\"@type\":\"EntryPoint\",\"urlTemplate\":\"https:\/\/liviko.eu\/et\/?s={search_term_string}\"},\"query-input\":{\"@type\":\"PropertyValueSpecification\",\"valueRequired\":true,\"valueName\":\"search_term_string\"}}],\"inLanguage\":\"et\"},{\"@type\":\"Organization\",\"@id\":\"https:\/\/liviko.eu\/et\/#organization\",\"name\":\"Liviko\",\"url\":\"https:\/\/liviko.eu\/et\/\",\"logo\":{\"@type\":\"ImageObject\",\"inLanguage\":\"et\",\"@id\":\"https:\/\/liviko.eu\/et\/#\/schema\/logo\/image\/\",\"url\":\"https:\/\/liviko.eu\/wp-content\/uploads\/2020\/10\/liviko_logo.png\",\"contentUrl\":\"https:\/\/liviko.eu\/wp-content\/uploads\/2020\/10\/liviko_logo.png\",\"width\":515,\"height\":181,\"caption\":\"Liviko\"},\"image\":{\"@id\":\"https:\/\/liviko.eu\/et\/#\/schema\/logo\/image\/\"},\"sameAs\":[\"https:\/\/www.facebook.com\/LivikoDistillery\/\",\"https:\/\/www.instagram.com\/livikodistillery\",\"https:\/\/www.linkedin.com\/company\/liviko\/\",\"https:\/\/www.youtube.com\/channel\/UCnoHr-PaNxBHJO8nMDLVGuA\"]}]}<\/script>\n<!-- \/ Yoast SEO plugin. -->","yoast_head_json":{"title":"Otsime klienditeenindajat - Liviko","robots":{"index":"index","follow":"follow","max-snippet":"max-snippet:-1","max-image-preview":"max-image-preview:large","max-video-preview":"max-video-preview:-1"},"canonical":"https:\/\/liviko.eu\/et\/meist\/toota-meiega\/otsime-klienditeenindajat\/","og_locale":"et_EE","og_type":"article","og_title":"Otsime klienditeenindajat - Liviko","og_url":"https:\/\/liviko.eu\/et\/meist\/toota-meiega\/otsime-klienditeenindajat\/","og_site_name":"Liviko","article_publisher":"https:\/\/www.facebook.com\/LivikoDistillery\/","article_modified_time":"2026-03-13T10:45:47+00:00","og_image":[{"width":1080,"height":1528,"url":"https:\/\/liviko.eu\/wp-content\/uploads\/2026\/01\/A4-Tootmisjuht-tookuulutus-2026.jpg","type":"image\/jpeg"}],"twitter_card":"summary_large_image","twitter_misc":{"Est. reading time":"1 minut"},"schema":{"@context":"https:\/\/schema.org","@graph":[{"@type":"WebPage","@id":"https:\/\/liviko.eu\/et\/meist\/toota-meiega\/otsime-klienditeenindajat\/","url":"https:\/\/liviko.eu\/et\/meist\/toota-meiega\/otsime-klienditeenindajat\/","name":"Otsime klienditeenindajat - Liviko","isPartOf":{"@id":"https:\/\/liviko.eu\/et\/#website"},"primaryImageOfPage":{"@id":"https:\/\/liviko.eu\/et\/meist\/toota-meiega\/otsime-klienditeenindajat\/#primaryimage"},"image":{"@id":"https:\/\/liviko.eu\/et\/meist\/toota-meiega\/otsime-klienditeenindajat\/#primaryimage"},"thumbnailUrl":"https:\/\/liviko.eu\/wp-content\/uploads\/2026\/01\/A4-Tootmisjuht-tookuulutus-2026.jpg","datePublished":"2026-02-03T11:16:29+00:00","dateModified":"2026-03-13T10:45:47+00:00","breadcrumb":{"@id":"https:\/\/liviko.eu\/et\/meist\/toota-meiega\/otsime-klienditeenindajat\/#breadcrumb"},"inLanguage":"et","potentialAction":[{"@type":"ReadAction","target":["https:\/\/liviko.eu\/et\/meist\/toota-meiega\/otsime-klienditeenindajat\/"]}]},{"@type":"ImageObject","inLanguage":"et","@id":"https:\/\/liviko.eu\/et\/meist\/toota-meiega\/otsime-klienditeenindajat\/#primaryimage","url":"https:\/\/liviko.eu\/wp-content\/uploads\/2026\/01\/A4-Tootmisjuht-tookuulutus-2026.jpg","contentUrl":"https:\/\/liviko.eu\/wp-content\/uploads\/2026\/01\/A4-Tootmisjuht-tookuulutus-2026.jpg","width":1080,"height":1528},{"@type":"BreadcrumbList","@id":"https:\/\/liviko.eu\/et\/meist\/toota-meiega\/otsime-klienditeenindajat\/#breadcrumb","itemListElement":[{"@type":"ListItem","position":1,"name":"Home","item":"https:\/\/liviko.eu\/et\/"},{"@type":"ListItem","position":2,"name":"Meist","item":"https:\/\/liviko.eu\/et\/meist\/"},{"@type":"ListItem","position":3,"name":"T\u00f6\u00f6ta meiega","item":"https:\/\/liviko.eu\/et\/meist\/toota-meiega\/"},{"@type":"ListItem","position":4,"name":"Otsime klienditeenindajat"}]},{"@type":"WebSite","@id":"https:\/\/liviko.eu\/et\/#website","url":"https:\/\/liviko.eu\/et\/","name":"Liviko","description":"anno 1898","publisher":{"@id":"https:\/\/liviko.eu\/et\/#organization"},"potentialAction":[{"@type":"SearchAction","target":{"@type":"EntryPoint","urlTemplate":"https:\/\/liviko.eu\/et\/?s={search_term_string}"},"query-input":{"@type":"PropertyValueSpecification","valueRequired":true,"valueName":"search_term_string"}}],"inLanguage":"et"},{"@type":"Organization","@id":"https:\/\/liviko.eu\/et\/#organization","name":"Liviko","url":"https:\/\/liviko.eu\/et\/","logo":{"@type":"ImageObject","inLanguage":"et","@id":"https:\/\/liviko.eu\/et\/#\/schema\/logo\/image\/","url":"https:\/\/liviko.eu\/wp-content\/uploads\/2020\/10\/liviko_logo.png","contentUrl":"https:\/\/liviko.eu\/wp-content\/uploads\/2020\/10\/liviko_logo.png","width":515,"height":181,"caption":"Liviko"},"image":{"@id":"https:\/\/liviko.eu\/et\/#\/schema\/logo\/image\/"},"sameAs":["https:\/\/www.facebook.com\/LivikoDistillery\/","https:\/\/www.instagram.com\/livikodistillery","https:\/\/www.linkedin.com\/company\/liviko\/","https:\/\/www.youtube.com\/channel\/UCnoHr-PaNxBHJO8nMDLVGuA"]}]}},"_links":{"self":[{"href":"https:\/\/liviko.eu\/et\/wp-json\/wp\/v2\/pages\/57071","targetHints":{"allow":["GET"]}}],"collection":[{"href":"https:\/\/liviko.eu\/et\/wp-json\/wp\/v2\/pages"}],"about":[{"href":"https:\/\/liviko.eu\/et\/wp-json\/wp\/v2\/types\/page"}],"author":[{"embeddable":true,"href":"https:\/\/liviko.eu\/et\/wp-json\/wp\/v2\/users\/17"}],"replies":[{"embeddable":true,"href":"https:\/\/liviko.eu\/et\/wp-json\/wp\/v2\/comments?post=57071"}],"version-history":[{"count":1,"href":"https:\/\/liviko.eu\/et\/wp-json\/wp\/v2\/pages\/57071\/revisions"}],"predecessor-version":[{"id":57077,"href":"https:\/\/liviko.eu\/et\/wp-json\/wp\/v2\/pages\/57071\/revisions\/57077"}],"up":[{"embeddable":true,"href":"https:\/\/liviko.eu\/et\/wp-json\/wp\/v2\/pages\/233"}],"wp:featuredmedia":[{"embeddable":true,"href":"https:\/\/liviko.eu\/et\/wp-json\/wp\/v2\/media\/57040"}],"wp:attachment":[{"href":"https:\/\/liviko.eu\/et\/wp-json\/wp\/v2\/media?parent=57071"}],"wp:term":[{"taxonomy":"category","embeddable":true,"href":"https:\/\/liviko.eu\/et\/wp-json\/wp\/v2\/categories?post=57071"}],"curies":[{"name":"wp","href":"https:\/\/api.w.org\/{rel}","templated":true}]}}