{"id":57117,"date":"2026-02-06T10:12:42","date_gmt":"2026-02-06T10:12:42","guid":{"rendered":"https:\/\/liviko.eu\/?page_id=57117"},"modified":"2026-02-25T13:04:44","modified_gmt":"2026-02-25T13:04:44","slug":"tripsy","status":"publish","type":"page","link":"https:\/\/liviko.eu\/et\/tootmine\/tripsy\/","title":{"rendered":"Tripsy"},"content":{"rendered":"<div id=\"pageHeader-block_20472ca7e2b099374ba6bf87894340fa\" class=\" c-contentBlock c-pageHeader\" data-block-type=\"Page header\">\n                    <h1 class=\"c-pageHeader__title\">TRIPSY<\/h1>\n                            <div class=\"c-pageHeader__text t-text\"><p>Tripsy funktsionaalsed alkoholivabad seenejoogid, mis on loodud koost\u00f6\u00f6s <strong>Toidu- ja Fermentatsioonitehnoloogia Arenduskeskuse<\/strong>\u00a0teadlastega (TFTAK), \u00fchendavad teadusp\u00f5hise arenduse, looduslikud koostisosad ja kaasaegse elustiili vajadused.<\/p>\n<p><strong>Kaks jooki, kaks kogemust<\/strong><\/p>\n<\/div>\n                \n<\/div>\n<a id=\"page-57117-body\"><\/a>\n\n\n<div id=\"spacer-block_11eb5b0f96087f452ced28d289ee2c85\" class=\"c-contentBlock c-spacerContainer\"  data-block-type=\"Spacer\">\n   <hr class=\"  c-spacer c-spacer--size-3 c-spacer--line\" >\n<\/div>\n\n\n<div id=\"mediaBlock-block_5eea87a7f1e962cbd10fe30c1813acc6\" class=\" c-contentBlock c-mediaBlock c-mediaBlock--align-left c-mediaBlock--valign-center c-mediaBlock--size-regular c-mediaBlock--imageHeight-normal\" data-block-type=\"Media block\">\n   \n                \n     <div class=\"c-mediaBlock__media\" style=\"\"\">\n        <img fetchpriority=\"high\" decoding=\"async\" width=\"1366\" height=\"1366\" src=\"https:\/\/liviko.eu\/wp-content\/uploads\/2026\/02\/Tripsy_euphoria_straight-1366x1366.png\" class=\"c-mediaBlock__image\" alt=\"TRIPSY EUPHORIA\" srcset=\"https:\/\/liviko.eu\/wp-content\/uploads\/2026\/02\/Tripsy_euphoria_straight-1366x1366.png 1366w, https:\/\/liviko.eu\/wp-content\/uploads\/2026\/02\/Tripsy_euphoria_straight-920x920.png 920w, https:\/\/liviko.eu\/wp-content\/uploads\/2026\/02\/Tripsy_euphoria_straight-480x480.png 480w, https:\/\/liviko.eu\/wp-content\/uploads\/2026\/02\/Tripsy_euphoria_straight-768x768.png 768w, https:\/\/liviko.eu\/wp-content\/uploads\/2026\/02\/Tripsy_euphoria_straight-320x320.png 320w, https:\/\/liviko.eu\/wp-content\/uploads\/2026\/02\/Tripsy_euphoria_straight-603x603.png 603w, https:\/\/liviko.eu\/wp-content\/uploads\/2026\/02\/Tripsy_euphoria_straight.png 1500w\" sizes=\"(max-width: 1366px) 100vw, 1366px\" \/>    <\/div>\n     <div class=\"c-mediaBlock__body\">\n                    <h2 class=\"c-mediaBlock__title\">TRIPSY EUPHORIA<\/h2>\n                <div class=\"c-mediaBlock__content\">\n            <div class=\"t-text\">\n            <p><strong>Tripsy Euphoria<\/strong>\u00a0on loodud hetkedeks, mil soovid rohkem energiat ja selgust. Joogi maitset iseloomustavad kadakas ja hibiskus, millele lisanduvad \u00f5rnad shiitake noodid. Funktsionaalsed koostisosad nagu hibiskus, schisandra, guarana ning vitamiinid C, B6 ja B12 aitavad v\u00e4hendada v\u00e4simust ja toetada eluj\u00f5udu.<\/p>\n            <\/div>\n                            \n        <\/div>\n    <\/div>\n<\/div>\n\n<div id=\"mediaBlock-block_98afc3dcdb0904079c0792967aaa5c19\" class=\" c-contentBlock c-mediaBlock c-mediaBlock--align-right c-mediaBlock--valign-center c-mediaBlock--size-regular c-mediaBlock--imageHeight-normal\" data-block-type=\"Media block\">\n   \n                \n     <div class=\"c-mediaBlock__media\" style=\"\"\">\n        <img decoding=\"async\" width=\"1366\" height=\"1366\" src=\"https:\/\/liviko.eu\/wp-content\/uploads\/2026\/02\/Tripsy_chillax_straight-1366x1366.png\" class=\"c-mediaBlock__image\" alt=\"TRIPSY CHILLAX\" srcset=\"https:\/\/liviko.eu\/wp-content\/uploads\/2026\/02\/Tripsy_chillax_straight-1366x1366.png 1366w, https:\/\/liviko.eu\/wp-content\/uploads\/2026\/02\/Tripsy_chillax_straight-920x920.png 920w, https:\/\/liviko.eu\/wp-content\/uploads\/2026\/02\/Tripsy_chillax_straight-480x480.png 480w, https:\/\/liviko.eu\/wp-content\/uploads\/2026\/02\/Tripsy_chillax_straight-768x768.png 768w, https:\/\/liviko.eu\/wp-content\/uploads\/2026\/02\/Tripsy_chillax_straight-320x320.png 320w, https:\/\/liviko.eu\/wp-content\/uploads\/2026\/02\/Tripsy_chillax_straight-603x603.png 603w, https:\/\/liviko.eu\/wp-content\/uploads\/2026\/02\/Tripsy_chillax_straight.png 1500w\" sizes=\"(max-width: 1366px) 100vw, 1366px\" \/>    <\/div>\n     <div class=\"c-mediaBlock__body\">\n                    <h2 class=\"c-mediaBlock__title\">TRIPSY CHILLAX<\/h2>\n                <div class=\"c-mediaBlock__content\">\n            <div class=\"t-text\">\n            <p><strong>Tripsy Chillax<\/strong>\u00a0on m\u00f5eldud aeglustumiseks ja taastumiseks. Taimeteele omane maitseprofiil, reishi seen, sidrunmeliss, palderjan, kummel ja magneesium loovad rahustava koosluse, mis toetab n\u00e4rvis\u00fcsteemi ning aitab pingeid maandada.<\/p>\n            <\/div>\n                            \n        <\/div>\n    <\/div>\n<\/div>\n\n\n<div id=\"featureBlocks-block_86d77d08c98319beb47b1cb6dea47bd3\" class=\" c-contentBlock c-featureBlocks c-featureBlocks--type-expanded c-featureBlocks--grid-columns\" data-block-type=\"Feature blocks: expanded\">\n   <div class=\"c-featureBlocksGroup\">\n\n\n                          <div class=\"c-featureBlocks__item\">\n                \n                \n                    <div class=\"c-featureBlocks__item-block\"    >\n\n                                                                                            <div class=\"c-featureBlock__imageContainer\">\n                                <img decoding=\"async\" width=\"920\" height=\"920\" src=\"https:\/\/liviko.eu\/wp-content\/uploads\/2026\/02\/koduleht-1-920x920.jpg\" class=\"c-featureBlock__image\" alt=\"0% alkoholi. 100% buzz\" srcset=\"https:\/\/liviko.eu\/wp-content\/uploads\/2026\/02\/koduleht-1-920x920.jpg 920w, https:\/\/liviko.eu\/wp-content\/uploads\/2026\/02\/koduleht-1-480x480.jpg 480w, https:\/\/liviko.eu\/wp-content\/uploads\/2026\/02\/koduleht-1-768x768.jpg 768w, https:\/\/liviko.eu\/wp-content\/uploads\/2026\/02\/koduleht-1-320x320.jpg 320w, https:\/\/liviko.eu\/wp-content\/uploads\/2026\/02\/koduleht-1-603x603.jpg 603w, https:\/\/liviko.eu\/wp-content\/uploads\/2026\/02\/koduleht-1.jpg 1080w\" sizes=\"(max-width: 920px) 100vw, 920px\" \/>                                <\/div>\n                               \n\n                            <div class=\"c-featureBlocks__item-body\">\n                                    <h3 class=\"c-featureBlocks__item-title\">0% alkoholi. 100% buzz<\/h3>\n                                    <div class=\"t-text\">\n                                        <p style=\"margin-top: 0cm; background: white;\"><span style=\"font-size: 11.5pt; font-family: 'Source Sans Pro',sans-serif; color: #142e44; background: white;\">T\u00e4nap\u00e4eva joogimaailm on muutumas. \u00dcha enam inimesi otsib alternatiive klassikalistele energiajookidele ja alkoholile \u2013 midagi, mis toetaks heaolu, aitaks tunda rohkem ja elada teadlikumalt. Just sellest vajadusest s\u00fcndis Tripsy.<\/span><\/p>\n                                    <\/div>\n                            <\/div>\n\n                    <\/div>    \n                        \n\n\n                            \n            <\/div>\n            \n                    <div class=\"c-featureBlocks__item\">\n                \n                \n                    <div class=\"c-featureBlocks__item-block\"    >\n\n                                                                                            <div class=\"c-featureBlock__imageContainer\">\n                                <img loading=\"lazy\" decoding=\"async\" width=\"920\" height=\"920\" src=\"https:\/\/liviko.eu\/wp-content\/uploads\/2026\/02\/koduleht-2-920x920.png\" class=\"c-featureBlock__image\" alt=\"Loodud neile, kes otsivad midagi enamat\" srcset=\"https:\/\/liviko.eu\/wp-content\/uploads\/2026\/02\/koduleht-2-920x920.png 920w, https:\/\/liviko.eu\/wp-content\/uploads\/2026\/02\/koduleht-2-480x480.png 480w, https:\/\/liviko.eu\/wp-content\/uploads\/2026\/02\/koduleht-2-768x768.png 768w, https:\/\/liviko.eu\/wp-content\/uploads\/2026\/02\/koduleht-2-320x320.png 320w, https:\/\/liviko.eu\/wp-content\/uploads\/2026\/02\/koduleht-2-603x603.png 603w, https:\/\/liviko.eu\/wp-content\/uploads\/2026\/02\/koduleht-2.png 1080w\" sizes=\"(max-width: 920px) 100vw, 920px\" \/>                                <\/div>\n                               \n\n                            <div class=\"c-featureBlocks__item-body\">\n                                    <h3 class=\"c-featureBlocks__item-title\">Loodud neile, kes otsivad midagi enamat<\/h3>\n                                    <div class=\"t-text\">\n                                        <p style=\"margin-top: 0cm; background: white;\"><span style=\"font-size: 11.5pt; font-family: 'Source Sans Pro',sans-serif; color: #142e44;\">Tripsy on funktsionaalne alkoholivaba seenejook, mis \u00fchendab endas kaasaegse teaduse ja looduse tarkuse. Funktsionaalsed seened ja adaptogeenid on olnud kasutusel juba sajandeid, kuid Tripsy toob need t\u00e4nap\u00e4evasesse, v\u00e4rskesse ja maitsek\u00fcllasesse vormi.<\/span><\/p>\n                                    <\/div>\n                            <\/div>\n\n                    <\/div>    \n                        \n\n\n                            \n            <\/div>\n            \n                    <div class=\"c-featureBlocks__item\">\n                \n                \n                    <div class=\"c-featureBlocks__item-block\"    >\n\n                                                                                            <div class=\"c-featureBlock__imageContainer\">\n                                <img loading=\"lazy\" decoding=\"async\" width=\"894\" height=\"894\" src=\"https:\/\/liviko.eu\/wp-content\/uploads\/2026\/02\/koduleht-3.jpg\" class=\"c-featureBlock__image\" alt=\"To the seekers of natural highs\" srcset=\"https:\/\/liviko.eu\/wp-content\/uploads\/2026\/02\/koduleht-3.jpg 894w, https:\/\/liviko.eu\/wp-content\/uploads\/2026\/02\/koduleht-3-480x480.jpg 480w, https:\/\/liviko.eu\/wp-content\/uploads\/2026\/02\/koduleht-3-768x768.jpg 768w, https:\/\/liviko.eu\/wp-content\/uploads\/2026\/02\/koduleht-3-320x320.jpg 320w, https:\/\/liviko.eu\/wp-content\/uploads\/2026\/02\/koduleht-3-603x603.jpg 603w\" sizes=\"(max-width: 894px) 100vw, 894px\" \/>                                <\/div>\n                               \n\n                            <div class=\"c-featureBlocks__item-body\">\n                                    <h3 class=\"c-featureBlocks__item-title\">To the seekers of natural highs<\/h3>\n                                    <div class=\"t-text\">\n                                        <p style=\"margin-top: 0cm; background: white;\"><span style=\"font-size: 11.5pt; font-family: 'Source Sans Pro',sans-serif; color: #142e44;\">Tripsy ei stimuleeri keha j\u00e4rsult ega suru peale kunstlikku energiat. Selle asemel toetab see organismi loomulikke protsesse, aidates sul tunda end erksamalt v\u00f5i rahulikumalt \u2013 vastavalt hetkele ja vajadusele.<\/span><\/p>\n                                    <\/div>\n                            <\/div>\n\n                    <\/div>    \n                        \n\n\n                            \n            <\/div>\n            \n                <div class=\"c-featureBlocks__item c-featureBlocks__item--empty\"><\/div>\n    <div class=\"c-featureBlocks__item c-featureBlocks__item--empty\"><\/div>\n    <\/div>\n<\/div>\n\n\n\n<div id=\"relatedItems-block_9a96d64cad40cfb00eac8fb451dfec68\" class=\" c-contentBlock c-relatedItems\" data-block-type=\"Related items\" >\n   \n            <h2 class=\"c-relatedItems__title \">SARNASED TOOTED<\/h2>\n     \n    <div class=\"c-relatedItems__content\">\n\n\n    \n\n             \n         \n                \n\n            <a class=\"c-relatedItems__item \" href=\"https:\/\/liviko.eu\/et\/tootmine\/re-crafted-crafters\/\">\n                \n                \n                    <div class=\"c-relatedItems__item-imageContainer\" >\n                        <img loading=\"lazy\" decoding=\"async\" width=\"82\" height=\"320\" src=\"https:\/\/liviko.eu\/wp-content\/uploads\/2020\/08\/Crafters-Re-Crafted-Junibeer-FULL-82x320.png\" class=\"c-relatedItems__item-image\" alt=\"Re-crafted Crafter&#039;s\" srcset=\"https:\/\/liviko.eu\/wp-content\/uploads\/2020\/08\/Crafters-Re-Crafted-Junibeer-FULL-82x320.png 82w, https:\/\/liviko.eu\/wp-content\/uploads\/2020\/08\/Crafters-Re-Crafted-Junibeer-FULL-236x920.png 236w, https:\/\/liviko.eu\/wp-content\/uploads\/2020\/08\/Crafters-Re-Crafted-Junibeer-FULL-350x1366.png 350w, https:\/\/liviko.eu\/wp-content\/uploads\/2020\/08\/Crafters-Re-Crafted-Junibeer-FULL-768x2999.png 768w, https:\/\/liviko.eu\/wp-content\/uploads\/2020\/08\/Crafters-Re-Crafted-Junibeer-FULL-393x1536.png 393w, https:\/\/liviko.eu\/wp-content\/uploads\/2020\/08\/Crafters-Re-Crafted-Junibeer-FULL-524x2048.png 524w, https:\/\/liviko.eu\/wp-content\/uploads\/2020\/08\/Crafters-Re-Crafted-Junibeer-FULL.png 1558w\" sizes=\"(max-width: 82px) 100vw, 82px\" \/>                    <\/div>\n                    <div class=\"c-relatedItems__item-details\">\n                        <h3 class=\"c-relatedItems__item-title\">Re-crafted Crafter&#8217;s<\/h3>                                            <\/div>\n                \n            <\/a>\n            \n        \n                \n\n            <a class=\"c-relatedItems__item \" href=\"https:\/\/liviko.eu\/et\/tootmine\/starter\/\">\n                \n                \n                    <div class=\"c-relatedItems__item-imageContainer\" >\n                        <img loading=\"lazy\" decoding=\"async\" width=\"86\" height=\"320\" src=\"https:\/\/liviko.eu\/wp-content\/uploads\/2020\/08\/Starter-Original-FULL-86x320.png\" class=\"c-relatedItems__item-image\" alt=\"Starter\" srcset=\"https:\/\/liviko.eu\/wp-content\/uploads\/2020\/08\/Starter-Original-FULL-86x320.png 86w, https:\/\/liviko.eu\/wp-content\/uploads\/2020\/08\/Starter-Original-FULL-248x920.png 248w, https:\/\/liviko.eu\/wp-content\/uploads\/2020\/08\/Starter-Original-FULL-368x1366.png 368w, https:\/\/liviko.eu\/wp-content\/uploads\/2020\/08\/Starter-Original-FULL-768x2848.png 768w, https:\/\/liviko.eu\/wp-content\/uploads\/2020\/08\/Starter-Original-FULL-414x1536.png 414w, https:\/\/liviko.eu\/wp-content\/uploads\/2020\/08\/Starter-Original-FULL-552x2048.png 552w, https:\/\/liviko.eu\/wp-content\/uploads\/2020\/08\/Starter-Original-FULL.png 1726w\" sizes=\"(max-width: 86px) 100vw, 86px\" \/>                    <\/div>\n                    <div class=\"c-relatedItems__item-details\">\n                        <h3 class=\"c-relatedItems__item-title\">Starter<\/h3>                                            <\/div>\n                \n            <\/a>\n            \n        \n                \n\n            <a class=\"c-relatedItems__item \" href=\"https:\/\/liviko.eu\/et\/liviko\/corsaro-aperitivo\/\">\n                \n                \n                    <div class=\"c-relatedItems__item-imageContainer\" >\n                        <img loading=\"lazy\" decoding=\"async\" width=\"86\" height=\"320\" src=\"https:\/\/liviko.eu\/wp-content\/uploads\/2023\/03\/Corsaro-368x1366-1-86x320.jpg\" class=\"c-relatedItems__item-image\" alt=\"Corsaro Aperitivo\" srcset=\"https:\/\/liviko.eu\/wp-content\/uploads\/2023\/03\/Corsaro-368x1366-1-86x320.jpg 86w, https:\/\/liviko.eu\/wp-content\/uploads\/2023\/03\/Corsaro-368x1366-1-248x920.jpg 248w, https:\/\/liviko.eu\/wp-content\/uploads\/2023\/03\/Corsaro-368x1366-1-162x603.jpg 162w, https:\/\/liviko.eu\/wp-content\/uploads\/2023\/03\/Corsaro-368x1366-1.jpg 368w\" sizes=\"(max-width: 86px) 100vw, 86px\" \/>                    <\/div>\n                    <div class=\"c-relatedItems__item-details\">\n                        <h3 class=\"c-relatedItems__item-title\">Corsaro Aperitivo<\/h3>                                            <\/div>\n                \n            <\/a>\n            \n                <\/div>\n<\/div>\n\n\n\n<p><\/p>\n","protected":false},"excerpt":{"rendered":"","protected":false},"author":17,"featured_media":0,"parent":172,"menu_order":6,"comment_status":"closed","ping_status":"closed","template":"page-templates\/page-product.php","meta":{"_acf_changed":false,"inline_featured_image":false,"_monsterinsights_skip_tracking":false,"_monsterinsights_sitenote_active":false,"_monsterinsights_sitenote_note":"","_monsterinsights_sitenote_category":0,"footnotes":""},"categories":[34],"class_list":["post-57117","page","type-page","status-publish","hentry","category-non-alcohol"],"acf":[],"yoast_head":"<!-- This site is optimized with the Yoast SEO plugin v27.5 - https:\/\/yoast.com\/product\/yoast-seo-wordpress\/ -->\n<title>Tripsy - Liviko<\/title>\n<meta name=\"robots\" content=\"index, follow, max-snippet:-1, max-image-preview:large, max-video-preview:-1\" \/>\n<link rel=\"canonical\" href=\"https:\/\/liviko.eu\/et\/tootmine\/tripsy\/\" \/>\n<meta property=\"og:locale\" content=\"et_EE\" \/>\n<meta property=\"og:type\" content=\"article\" \/>\n<meta property=\"og:title\" content=\"Tripsy - Liviko\" \/>\n<meta property=\"og:url\" content=\"https:\/\/liviko.eu\/et\/tootmine\/tripsy\/\" \/>\n<meta property=\"og:site_name\" content=\"Liviko\" \/>\n<meta property=\"article:publisher\" content=\"https:\/\/www.facebook.com\/LivikoDistillery\/\" \/>\n<meta property=\"article:modified_time\" content=\"2026-02-25T13:04:44+00:00\" \/>\n<meta name=\"twitter:card\" content=\"summary_large_image\" \/>\n<script type=\"application\/ld+json\" class=\"yoast-schema-graph\">{\"@context\":\"https:\\\/\\\/schema.org\",\"@graph\":[{\"@type\":\"WebPage\",\"@id\":\"https:\\\/\\\/liviko.eu\\\/et\\\/tootmine\\\/tripsy\\\/\",\"url\":\"https:\\\/\\\/liviko.eu\\\/et\\\/tootmine\\\/tripsy\\\/\",\"name\":\"Tripsy - Liviko\",\"isPartOf\":{\"@id\":\"https:\\\/\\\/liviko.eu\\\/et\\\/#website\"},\"datePublished\":\"2026-02-06T10:12:42+00:00\",\"dateModified\":\"2026-02-25T13:04:44+00:00\",\"breadcrumb\":{\"@id\":\"https:\\\/\\\/liviko.eu\\\/et\\\/tootmine\\\/tripsy\\\/#breadcrumb\"},\"inLanguage\":\"et\",\"potentialAction\":[{\"@type\":\"ReadAction\",\"target\":[\"https:\\\/\\\/liviko.eu\\\/et\\\/tootmine\\\/tripsy\\\/\"]}]},{\"@type\":\"BreadcrumbList\",\"@id\":\"https:\\\/\\\/liviko.eu\\\/et\\\/tootmine\\\/tripsy\\\/#breadcrumb\",\"itemListElement\":[{\"@type\":\"ListItem\",\"position\":1,\"name\":\"Home\",\"item\":\"https:\\\/\\\/liviko.eu\\\/et\\\/\"},{\"@type\":\"ListItem\",\"position\":2,\"name\":\"Tootmine\",\"item\":\"https:\\\/\\\/liviko.eu\\\/et\\\/tootmine\\\/\"},{\"@type\":\"ListItem\",\"position\":3,\"name\":\"Tripsy\"}]},{\"@type\":\"WebSite\",\"@id\":\"https:\\\/\\\/liviko.eu\\\/et\\\/#website\",\"url\":\"https:\\\/\\\/liviko.eu\\\/et\\\/\",\"name\":\"Liviko\",\"description\":\"anno 1898\",\"publisher\":{\"@id\":\"https:\\\/\\\/liviko.eu\\\/et\\\/#organization\"},\"potentialAction\":[{\"@type\":\"SearchAction\",\"target\":{\"@type\":\"EntryPoint\",\"urlTemplate\":\"https:\\\/\\\/liviko.eu\\\/et\\\/?s={search_term_string}\"},\"query-input\":{\"@type\":\"PropertyValueSpecification\",\"valueRequired\":true,\"valueName\":\"search_term_string\"}}],\"inLanguage\":\"et\"},{\"@type\":\"Organization\",\"@id\":\"https:\\\/\\\/liviko.eu\\\/et\\\/#organization\",\"name\":\"Liviko\",\"url\":\"https:\\\/\\\/liviko.eu\\\/et\\\/\",\"logo\":{\"@type\":\"ImageObject\",\"inLanguage\":\"et\",\"@id\":\"https:\\\/\\\/liviko.eu\\\/et\\\/#\\\/schema\\\/logo\\\/image\\\/\",\"url\":\"https:\\\/\\\/liviko.eu\\\/wp-content\\\/uploads\\\/2020\\\/10\\\/liviko_logo.png\",\"contentUrl\":\"https:\\\/\\\/liviko.eu\\\/wp-content\\\/uploads\\\/2020\\\/10\\\/liviko_logo.png\",\"width\":515,\"height\":181,\"caption\":\"Liviko\"},\"image\":{\"@id\":\"https:\\\/\\\/liviko.eu\\\/et\\\/#\\\/schema\\\/logo\\\/image\\\/\"},\"sameAs\":[\"https:\\\/\\\/www.facebook.com\\\/LivikoDistillery\\\/\",\"https:\\\/\\\/www.instagram.com\\\/livikodistillery\",\"https:\\\/\\\/www.linkedin.com\\\/company\\\/liviko\\\/\",\"https:\\\/\\\/www.youtube.com\\\/channel\\\/UCnoHr-PaNxBHJO8nMDLVGuA\"]}]}<\/script>\n<!-- \/ Yoast SEO plugin. -->","yoast_head_json":{"title":"Tripsy - Liviko","robots":{"index":"index","follow":"follow","max-snippet":"max-snippet:-1","max-image-preview":"max-image-preview:large","max-video-preview":"max-video-preview:-1"},"canonical":"https:\/\/liviko.eu\/et\/tootmine\/tripsy\/","og_locale":"et_EE","og_type":"article","og_title":"Tripsy - Liviko","og_url":"https:\/\/liviko.eu\/et\/tootmine\/tripsy\/","og_site_name":"Liviko","article_publisher":"https:\/\/www.facebook.com\/LivikoDistillery\/","article_modified_time":"2026-02-25T13:04:44+00:00","twitter_card":"summary_large_image","schema":{"@context":"https:\/\/schema.org","@graph":[{"@type":"WebPage","@id":"https:\/\/liviko.eu\/et\/tootmine\/tripsy\/","url":"https:\/\/liviko.eu\/et\/tootmine\/tripsy\/","name":"Tripsy - Liviko","isPartOf":{"@id":"https:\/\/liviko.eu\/et\/#website"},"datePublished":"2026-02-06T10:12:42+00:00","dateModified":"2026-02-25T13:04:44+00:00","breadcrumb":{"@id":"https:\/\/liviko.eu\/et\/tootmine\/tripsy\/#breadcrumb"},"inLanguage":"et","potentialAction":[{"@type":"ReadAction","target":["https:\/\/liviko.eu\/et\/tootmine\/tripsy\/"]}]},{"@type":"BreadcrumbList","@id":"https:\/\/liviko.eu\/et\/tootmine\/tripsy\/#breadcrumb","itemListElement":[{"@type":"ListItem","position":1,"name":"Home","item":"https:\/\/liviko.eu\/et\/"},{"@type":"ListItem","position":2,"name":"Tootmine","item":"https:\/\/liviko.eu\/et\/tootmine\/"},{"@type":"ListItem","position":3,"name":"Tripsy"}]},{"@type":"WebSite","@id":"https:\/\/liviko.eu\/et\/#website","url":"https:\/\/liviko.eu\/et\/","name":"Liviko","description":"anno 1898","publisher":{"@id":"https:\/\/liviko.eu\/et\/#organization"},"potentialAction":[{"@type":"SearchAction","target":{"@type":"EntryPoint","urlTemplate":"https:\/\/liviko.eu\/et\/?s={search_term_string}"},"query-input":{"@type":"PropertyValueSpecification","valueRequired":true,"valueName":"search_term_string"}}],"inLanguage":"et"},{"@type":"Organization","@id":"https:\/\/liviko.eu\/et\/#organization","name":"Liviko","url":"https:\/\/liviko.eu\/et\/","logo":{"@type":"ImageObject","inLanguage":"et","@id":"https:\/\/liviko.eu\/et\/#\/schema\/logo\/image\/","url":"https:\/\/liviko.eu\/wp-content\/uploads\/2020\/10\/liviko_logo.png","contentUrl":"https:\/\/liviko.eu\/wp-content\/uploads\/2020\/10\/liviko_logo.png","width":515,"height":181,"caption":"Liviko"},"image":{"@id":"https:\/\/liviko.eu\/et\/#\/schema\/logo\/image\/"},"sameAs":["https:\/\/www.facebook.com\/LivikoDistillery\/","https:\/\/www.instagram.com\/livikodistillery","https:\/\/www.linkedin.com\/company\/liviko\/","https:\/\/www.youtube.com\/channel\/UCnoHr-PaNxBHJO8nMDLVGuA"]}]}},"_links":{"self":[{"href":"https:\/\/liviko.eu\/et\/wp-json\/wp\/v2\/pages\/57117","targetHints":{"allow":["GET"]}}],"collection":[{"href":"https:\/\/liviko.eu\/et\/wp-json\/wp\/v2\/pages"}],"about":[{"href":"https:\/\/liviko.eu\/et\/wp-json\/wp\/v2\/types\/page"}],"author":[{"embeddable":true,"href":"https:\/\/liviko.eu\/et\/wp-json\/wp\/v2\/users\/17"}],"replies":[{"embeddable":true,"href":"https:\/\/liviko.eu\/et\/wp-json\/wp\/v2\/comments?post=57117"}],"version-history":[{"count":5,"href":"https:\/\/liviko.eu\/et\/wp-json\/wp\/v2\/pages\/57117\/revisions"}],"predecessor-version":[{"id":57407,"href":"https:\/\/liviko.eu\/et\/wp-json\/wp\/v2\/pages\/57117\/revisions\/57407"}],"up":[{"embeddable":true,"href":"https:\/\/liviko.eu\/et\/wp-json\/wp\/v2\/pages\/172"}],"wp:attachment":[{"href":"https:\/\/liviko.eu\/et\/wp-json\/wp\/v2\/media?parent=57117"}],"wp:term":[{"taxonomy":"category","embeddable":true,"href":"https:\/\/liviko.eu\/et\/wp-json\/wp\/v2\/categories?post=57117"}],"curies":[{"name":"wp","href":"https:\/\/api.w.org\/{rel}","templated":true}]}}