{"id":57159,"date":"2026-02-10T12:07:06","date_gmt":"2026-02-10T12:07:06","guid":{"rendered":"https:\/\/liviko.eu\/?page_id=57159"},"modified":"2026-03-16T14:06:03","modified_gmt":"2026-03-16T14:06:03","slug":"otsime-energeetik-automaatikut","status":"publish","type":"page","link":"https:\/\/liviko.eu\/et\/meist\/toota-meiega\/otsime-energeetik-automaatikut\/","title":{"rendered":"Otsime energeetik-automaatikut"},"content":{"rendered":"<div id=\"pageHeader-block_beadfb3b4a25448f4b35e3112665b43f\" class=\" c-contentBlock c-pageHeader\" data-block-type=\"Page header\">\n                    <h1 class=\"c-pageHeader__title\">Otsime oma meeskonda energeetik-automaatikut<\/h1>\n                        \n<\/div>\n<a id=\"page-57159-body\"><\/a>\n\n<div id=\"mediaBlock-block_c12d230541febbaa8b849b6ebd121edd\" class=\" c-contentBlock c-mediaBlock c-mediaBlock--align-right c-mediaBlock--valign-top c-mediaBlock--size-small c-mediaBlock--imageHeight-normal\" data-block-type=\"Media block\">\n   \n                \n     <div class=\"c-mediaBlock__media\" style=\"\"\">\n        <img fetchpriority=\"high\" decoding=\"async\" width=\"966\" height=\"1366\" src=\"https:\/\/liviko.eu\/wp-content\/uploads\/2026\/03\/A4-energeetik-automaatik-tookuulutus-2026-966x1366.jpg\" class=\"c-mediaBlock__image\" alt=\"\" srcset=\"https:\/\/liviko.eu\/wp-content\/uploads\/2026\/03\/A4-energeetik-automaatik-tookuulutus-2026-966x1366.jpg 966w, https:\/\/liviko.eu\/wp-content\/uploads\/2026\/03\/A4-energeetik-automaatik-tookuulutus-2026-650x920.jpg 650w, https:\/\/liviko.eu\/wp-content\/uploads\/2026\/03\/A4-energeetik-automaatik-tookuulutus-2026-768x1086.jpg 768w, https:\/\/liviko.eu\/wp-content\/uploads\/2026\/03\/A4-energeetik-automaatik-tookuulutus-2026-1086x1536.jpg 1086w, https:\/\/liviko.eu\/wp-content\/uploads\/2026\/03\/A4-energeetik-automaatik-tookuulutus-2026-1448x2048.jpg 1448w, https:\/\/liviko.eu\/wp-content\/uploads\/2026\/03\/A4-energeetik-automaatik-tookuulutus-2026-226x320.jpg 226w, https:\/\/liviko.eu\/wp-content\/uploads\/2026\/03\/A4-energeetik-automaatik-tookuulutus-2026-426x603.jpg 426w, https:\/\/liviko.eu\/wp-content\/uploads\/2026\/03\/A4-energeetik-automaatik-tookuulutus-2026-scaled.jpg 1810w\" sizes=\"(max-width: 966px) 100vw, 966px\" \/>    <\/div>\n     <div class=\"c-mediaBlock__body\">\n                <div class=\"c-mediaBlock__content\">\n            <div class=\"t-text\">\n            <p style=\"text-align: left;\">Baltikumi \u00fcks suurimaid kvaliteetalkoholi tootjaid ja maaletoojaid AS LIVIKO ootab oma meeskonnaga liituma<\/p>\n<p style=\"text-align: left;\"><strong>ENERGEETIK-AUTOMAATIKUT<\/strong><\/p>\n<p style=\"text-align: left;\"><strong>T\u00f6\u00f6 kirjeldus:<\/strong><\/p>\n<p style=\"text-align: left;\">\u2022 Ettev\u00f5tte elektri- ja automaatikas\u00fcsteemide korrashoid, kaasajastamine, hooldus- ja remontt\u00f6\u00f6de planeerimine.<br \/>\n\u2022 P\u00f5hivahendite liikumise arvestus ja kontroll (oma haldusalas), mehaaniliste seadmete ja s\u00fcsteemide t\u00f6\u00f6 ja korrasoleku kindlustamine, t\u00f6\u00f6ohutuse tagamine, materiaalsete v\u00e4\u00e4rtuste s\u00e4ilimise tagamine<br \/>\n\u2022 Tehnilise dokumentatsiooni ja varuosade majanduse korrashoid<br \/>\n\u2022 Vajalike aruannete koostamine ja edastamine ametkondadele<\/p>\n<p style=\"text-align: left;\"><strong>Omalt poolt pakume:<\/strong><\/p>\n<p style=\"text-align: left;\">\u2022 Huvitavat ja mitmek\u00fclgset t\u00f6\u00f6d<br \/>\n\u2022 Koolitusi ja t\u00e4iendavat erialast v\u00e4lja\u00f5pet<br \/>\n\u2022 S\u00f5bralikku ja toetavat meeskonda<br \/>\n\u2022 P\u00f5hipuhkust 30 kalendrip\u00e4eva aastas<br \/>\n\u2022 3 tervisep\u00e4eva aastas ja tervise edendamise toetust<br \/>\n\u2022 T\u00f6\u00f6aeg esmasp\u00e4evast reedeni 7:00 \u2013 15:30<\/p>\n<p style=\"text-align: left;\"><strong>Ootused kandidaadile:<\/strong><\/p>\n<p style=\"text-align: left;\">\u2022 Elektrialane kutse- v\u00f5i keskharidus (eeldus elektriku B p\u00e4devus v\u00f5i kutsetunnistus tase 6)<br \/>\n\u2022 Elektriseadmete ja automaatikaseadmete tundmine<br \/>\n\u2022 Eeliseks on elektrikuna t\u00f6\u00f6tamise kogemus t\u00f6\u00f6stuses<br \/>\n\u2022 Hea eesti- ja inglise keele oskus<br \/>\n\u2022 Tehniline taiplikkus ning v\u00f5ime koos meeskonnaga leida ja luua automaatikas\u00fcsteemide arenduslahendusi<br \/>\n\u2022 Kiire \u00f5ppimis- ja kohanemisv\u00f5ime; t\u00e4psus, korrektsus ning kohusetundlikkus<br \/>\n\u2022 Hea arvuti kasutamise oskus; B kategooria autojuhiload<br \/>\n\u2022 IT ja arvutiv\u00f5rgu s\u00fcsteemide m\u00f5istmine<br \/>\n\u2022 AutoCad kasutamise oskus algtasemel<\/p>\n<p style=\"text-align: left;\">T\u00f6\u00f6koht Tallinn, Eesti<br \/>\nT\u00f6\u00f6le asumise aeg: kokkuleppel<\/p>\n<p style=\"text-align: left;\">Palun saada oma CV ja l\u00fchike motivatsioonikiri aadressile <a href=\"mailto:personal@liviko.ee\">personal@liviko.ee<\/a><\/p>\n<p style=\"text-align: left;\">\n            <\/div>\n                            \n        <\/div>\n    <\/div>\n<\/div>\n\n\n<p><\/p>\n","protected":false},"excerpt":{"rendered":"","protected":false},"author":17,"featured_media":57040,"parent":233,"menu_order":0,"comment_status":"closed","ping_status":"closed","template":"","meta":{"_acf_changed":false,"inline_featured_image":false,"_monsterinsights_skip_tracking":false,"_monsterinsights_sitenote_active":false,"_monsterinsights_sitenote_note":"","_monsterinsights_sitenote_category":0,"footnotes":""},"categories":[],"class_list":["post-57159","page","type-page","status-publish","has-post-thumbnail","hentry"],"acf":[],"yoast_head":"<!-- This site is optimized with the Yoast SEO plugin v24.0 - https:\/\/yoast.com\/wordpress\/plugins\/seo\/ -->\n<title>Otsime energeetik-automaatikut - Liviko<\/title>\n<meta name=\"robots\" content=\"index, follow, max-snippet:-1, max-image-preview:large, max-video-preview:-1\" \/>\n<link rel=\"canonical\" href=\"https:\/\/liviko.eu\/et\/meist\/toota-meiega\/otsime-energeetik-automaatikut\/\" \/>\n<meta property=\"og:locale\" content=\"et_EE\" \/>\n<meta property=\"og:type\" content=\"article\" \/>\n<meta property=\"og:title\" content=\"Otsime energeetik-automaatikut - Liviko\" \/>\n<meta property=\"og:url\" content=\"https:\/\/liviko.eu\/et\/meist\/toota-meiega\/otsime-energeetik-automaatikut\/\" \/>\n<meta property=\"og:site_name\" content=\"Liviko\" \/>\n<meta property=\"article:publisher\" content=\"https:\/\/www.facebook.com\/LivikoDistillery\/\" \/>\n<meta property=\"article:modified_time\" content=\"2026-03-16T14:06:03+00:00\" \/>\n<meta property=\"og:image\" content=\"https:\/\/liviko.eu\/wp-content\/uploads\/2026\/01\/A4-Tootmisjuht-tookuulutus-2026.jpg\" \/>\n\t<meta property=\"og:image:width\" content=\"1080\" \/>\n\t<meta property=\"og:image:height\" content=\"1528\" \/>\n\t<meta property=\"og:image:type\" content=\"image\/jpeg\" \/>\n<meta name=\"twitter:card\" content=\"summary_large_image\" \/>\n<meta name=\"twitter:label1\" content=\"Est. reading time\" \/>\n\t<meta name=\"twitter:data1\" content=\"1 minut\" \/>\n<script type=\"application\/ld+json\" class=\"yoast-schema-graph\">{\"@context\":\"https:\/\/schema.org\",\"@graph\":[{\"@type\":\"WebPage\",\"@id\":\"https:\/\/liviko.eu\/et\/meist\/toota-meiega\/otsime-energeetik-automaatikut\/\",\"url\":\"https:\/\/liviko.eu\/et\/meist\/toota-meiega\/otsime-energeetik-automaatikut\/\",\"name\":\"Otsime energeetik-automaatikut - Liviko\",\"isPartOf\":{\"@id\":\"https:\/\/liviko.eu\/et\/#website\"},\"primaryImageOfPage\":{\"@id\":\"https:\/\/liviko.eu\/et\/meist\/toota-meiega\/otsime-energeetik-automaatikut\/#primaryimage\"},\"image\":{\"@id\":\"https:\/\/liviko.eu\/et\/meist\/toota-meiega\/otsime-energeetik-automaatikut\/#primaryimage\"},\"thumbnailUrl\":\"https:\/\/liviko.eu\/wp-content\/uploads\/2026\/01\/A4-Tootmisjuht-tookuulutus-2026.jpg\",\"datePublished\":\"2026-02-10T12:07:06+00:00\",\"dateModified\":\"2026-03-16T14:06:03+00:00\",\"breadcrumb\":{\"@id\":\"https:\/\/liviko.eu\/et\/meist\/toota-meiega\/otsime-energeetik-automaatikut\/#breadcrumb\"},\"inLanguage\":\"et\",\"potentialAction\":[{\"@type\":\"ReadAction\",\"target\":[\"https:\/\/liviko.eu\/et\/meist\/toota-meiega\/otsime-energeetik-automaatikut\/\"]}]},{\"@type\":\"ImageObject\",\"inLanguage\":\"et\",\"@id\":\"https:\/\/liviko.eu\/et\/meist\/toota-meiega\/otsime-energeetik-automaatikut\/#primaryimage\",\"url\":\"https:\/\/liviko.eu\/wp-content\/uploads\/2026\/01\/A4-Tootmisjuht-tookuulutus-2026.jpg\",\"contentUrl\":\"https:\/\/liviko.eu\/wp-content\/uploads\/2026\/01\/A4-Tootmisjuht-tookuulutus-2026.jpg\",\"width\":1080,\"height\":1528},{\"@type\":\"BreadcrumbList\",\"@id\":\"https:\/\/liviko.eu\/et\/meist\/toota-meiega\/otsime-energeetik-automaatikut\/#breadcrumb\",\"itemListElement\":[{\"@type\":\"ListItem\",\"position\":1,\"name\":\"Home\",\"item\":\"https:\/\/liviko.eu\/et\/\"},{\"@type\":\"ListItem\",\"position\":2,\"name\":\"Meist\",\"item\":\"https:\/\/liviko.eu\/et\/meist\/\"},{\"@type\":\"ListItem\",\"position\":3,\"name\":\"T\u00f6\u00f6ta meiega\",\"item\":\"https:\/\/liviko.eu\/et\/meist\/toota-meiega\/\"},{\"@type\":\"ListItem\",\"position\":4,\"name\":\"Otsime energeetik-automaatikut\"}]},{\"@type\":\"WebSite\",\"@id\":\"https:\/\/liviko.eu\/et\/#website\",\"url\":\"https:\/\/liviko.eu\/et\/\",\"name\":\"Liviko\",\"description\":\"anno 1898\",\"publisher\":{\"@id\":\"https:\/\/liviko.eu\/et\/#organization\"},\"potentialAction\":[{\"@type\":\"SearchAction\",\"target\":{\"@type\":\"EntryPoint\",\"urlTemplate\":\"https:\/\/liviko.eu\/et\/?s={search_term_string}\"},\"query-input\":{\"@type\":\"PropertyValueSpecification\",\"valueRequired\":true,\"valueName\":\"search_term_string\"}}],\"inLanguage\":\"et\"},{\"@type\":\"Organization\",\"@id\":\"https:\/\/liviko.eu\/et\/#organization\",\"name\":\"Liviko\",\"url\":\"https:\/\/liviko.eu\/et\/\",\"logo\":{\"@type\":\"ImageObject\",\"inLanguage\":\"et\",\"@id\":\"https:\/\/liviko.eu\/et\/#\/schema\/logo\/image\/\",\"url\":\"https:\/\/liviko.eu\/wp-content\/uploads\/2020\/10\/liviko_logo.png\",\"contentUrl\":\"https:\/\/liviko.eu\/wp-content\/uploads\/2020\/10\/liviko_logo.png\",\"width\":515,\"height\":181,\"caption\":\"Liviko\"},\"image\":{\"@id\":\"https:\/\/liviko.eu\/et\/#\/schema\/logo\/image\/\"},\"sameAs\":[\"https:\/\/www.facebook.com\/LivikoDistillery\/\",\"https:\/\/www.instagram.com\/livikodistillery\",\"https:\/\/www.linkedin.com\/company\/liviko\/\",\"https:\/\/www.youtube.com\/channel\/UCnoHr-PaNxBHJO8nMDLVGuA\"]}]}<\/script>\n<!-- \/ Yoast SEO plugin. -->","yoast_head_json":{"title":"Otsime energeetik-automaatikut - Liviko","robots":{"index":"index","follow":"follow","max-snippet":"max-snippet:-1","max-image-preview":"max-image-preview:large","max-video-preview":"max-video-preview:-1"},"canonical":"https:\/\/liviko.eu\/et\/meist\/toota-meiega\/otsime-energeetik-automaatikut\/","og_locale":"et_EE","og_type":"article","og_title":"Otsime energeetik-automaatikut - Liviko","og_url":"https:\/\/liviko.eu\/et\/meist\/toota-meiega\/otsime-energeetik-automaatikut\/","og_site_name":"Liviko","article_publisher":"https:\/\/www.facebook.com\/LivikoDistillery\/","article_modified_time":"2026-03-16T14:06:03+00:00","og_image":[{"width":1080,"height":1528,"url":"https:\/\/liviko.eu\/wp-content\/uploads\/2026\/01\/A4-Tootmisjuht-tookuulutus-2026.jpg","type":"image\/jpeg"}],"twitter_card":"summary_large_image","twitter_misc":{"Est. reading time":"1 minut"},"schema":{"@context":"https:\/\/schema.org","@graph":[{"@type":"WebPage","@id":"https:\/\/liviko.eu\/et\/meist\/toota-meiega\/otsime-energeetik-automaatikut\/","url":"https:\/\/liviko.eu\/et\/meist\/toota-meiega\/otsime-energeetik-automaatikut\/","name":"Otsime energeetik-automaatikut - Liviko","isPartOf":{"@id":"https:\/\/liviko.eu\/et\/#website"},"primaryImageOfPage":{"@id":"https:\/\/liviko.eu\/et\/meist\/toota-meiega\/otsime-energeetik-automaatikut\/#primaryimage"},"image":{"@id":"https:\/\/liviko.eu\/et\/meist\/toota-meiega\/otsime-energeetik-automaatikut\/#primaryimage"},"thumbnailUrl":"https:\/\/liviko.eu\/wp-content\/uploads\/2026\/01\/A4-Tootmisjuht-tookuulutus-2026.jpg","datePublished":"2026-02-10T12:07:06+00:00","dateModified":"2026-03-16T14:06:03+00:00","breadcrumb":{"@id":"https:\/\/liviko.eu\/et\/meist\/toota-meiega\/otsime-energeetik-automaatikut\/#breadcrumb"},"inLanguage":"et","potentialAction":[{"@type":"ReadAction","target":["https:\/\/liviko.eu\/et\/meist\/toota-meiega\/otsime-energeetik-automaatikut\/"]}]},{"@type":"ImageObject","inLanguage":"et","@id":"https:\/\/liviko.eu\/et\/meist\/toota-meiega\/otsime-energeetik-automaatikut\/#primaryimage","url":"https:\/\/liviko.eu\/wp-content\/uploads\/2026\/01\/A4-Tootmisjuht-tookuulutus-2026.jpg","contentUrl":"https:\/\/liviko.eu\/wp-content\/uploads\/2026\/01\/A4-Tootmisjuht-tookuulutus-2026.jpg","width":1080,"height":1528},{"@type":"BreadcrumbList","@id":"https:\/\/liviko.eu\/et\/meist\/toota-meiega\/otsime-energeetik-automaatikut\/#breadcrumb","itemListElement":[{"@type":"ListItem","position":1,"name":"Home","item":"https:\/\/liviko.eu\/et\/"},{"@type":"ListItem","position":2,"name":"Meist","item":"https:\/\/liviko.eu\/et\/meist\/"},{"@type":"ListItem","position":3,"name":"T\u00f6\u00f6ta meiega","item":"https:\/\/liviko.eu\/et\/meist\/toota-meiega\/"},{"@type":"ListItem","position":4,"name":"Otsime energeetik-automaatikut"}]},{"@type":"WebSite","@id":"https:\/\/liviko.eu\/et\/#website","url":"https:\/\/liviko.eu\/et\/","name":"Liviko","description":"anno 1898","publisher":{"@id":"https:\/\/liviko.eu\/et\/#organization"},"potentialAction":[{"@type":"SearchAction","target":{"@type":"EntryPoint","urlTemplate":"https:\/\/liviko.eu\/et\/?s={search_term_string}"},"query-input":{"@type":"PropertyValueSpecification","valueRequired":true,"valueName":"search_term_string"}}],"inLanguage":"et"},{"@type":"Organization","@id":"https:\/\/liviko.eu\/et\/#organization","name":"Liviko","url":"https:\/\/liviko.eu\/et\/","logo":{"@type":"ImageObject","inLanguage":"et","@id":"https:\/\/liviko.eu\/et\/#\/schema\/logo\/image\/","url":"https:\/\/liviko.eu\/wp-content\/uploads\/2020\/10\/liviko_logo.png","contentUrl":"https:\/\/liviko.eu\/wp-content\/uploads\/2020\/10\/liviko_logo.png","width":515,"height":181,"caption":"Liviko"},"image":{"@id":"https:\/\/liviko.eu\/et\/#\/schema\/logo\/image\/"},"sameAs":["https:\/\/www.facebook.com\/LivikoDistillery\/","https:\/\/www.instagram.com\/livikodistillery","https:\/\/www.linkedin.com\/company\/liviko\/","https:\/\/www.youtube.com\/channel\/UCnoHr-PaNxBHJO8nMDLVGuA"]}]}},"_links":{"self":[{"href":"https:\/\/liviko.eu\/et\/wp-json\/wp\/v2\/pages\/57159","targetHints":{"allow":["GET"]}}],"collection":[{"href":"https:\/\/liviko.eu\/et\/wp-json\/wp\/v2\/pages"}],"about":[{"href":"https:\/\/liviko.eu\/et\/wp-json\/wp\/v2\/types\/page"}],"author":[{"embeddable":true,"href":"https:\/\/liviko.eu\/et\/wp-json\/wp\/v2\/users\/17"}],"replies":[{"embeddable":true,"href":"https:\/\/liviko.eu\/et\/wp-json\/wp\/v2\/comments?post=57159"}],"version-history":[{"count":1,"href":"https:\/\/liviko.eu\/et\/wp-json\/wp\/v2\/pages\/57159\/revisions"}],"predecessor-version":[{"id":57792,"href":"https:\/\/liviko.eu\/et\/wp-json\/wp\/v2\/pages\/57159\/revisions\/57792"}],"up":[{"embeddable":true,"href":"https:\/\/liviko.eu\/et\/wp-json\/wp\/v2\/pages\/233"}],"wp:featuredmedia":[{"embeddable":true,"href":"https:\/\/liviko.eu\/et\/wp-json\/wp\/v2\/media\/57040"}],"wp:attachment":[{"href":"https:\/\/liviko.eu\/et\/wp-json\/wp\/v2\/media?parent=57159"}],"wp:term":[{"taxonomy":"category","embeddable":true,"href":"https:\/\/liviko.eu\/et\/wp-json\/wp\/v2\/categories?post=57159"}],"curies":[{"name":"wp","href":"https:\/\/api.w.org\/{rel}","templated":true}]}}