{"id":57192,"date":"2026-02-10T12:28:29","date_gmt":"2026-02-10T12:28:29","guid":{"rendered":"https:\/\/liviko.eu\/?page_id=57192"},"modified":"2026-02-10T12:28:29","modified_gmt":"2026-02-10T12:28:29","slug":"otsime-ariinfotehnoloogia-susteemide-ja-digiprotsesside-arendusspetsialisti","status":"publish","type":"page","link":"https:\/\/liviko.eu\/et\/meist\/toota-meiega\/otsime-ariinfotehnoloogia-susteemide-ja-digiprotsesside-arendusspetsialisti\/","title":{"rendered":"Otsime \u00e4riinfotehnoloogia s\u00fcsteemide ja digiprotsesside arendusspetsialisti"},"content":{"rendered":"<div id=\"pageHeader-block_7c711add9b5dbadd1cfc5dbfd6a85a48\" class=\" c-contentBlock c-pageHeader\" data-block-type=\"Page header\">\n                    <h1 class=\"c-pageHeader__title\">Otsime oma meeskonda \u00e4riinfotehnoloogia s\u00fcsteemide ja digiprotsesside arendusspetsialisti<\/h1>\n                        \n<\/div>\n<a id=\"page-57192-body\"><\/a>\n\n<div id=\"mediaBlock-block_57907a301cd937fea69a9f3c83003d94\" class=\" c-contentBlock c-mediaBlock c-mediaBlock--align-right c-mediaBlock--valign-top c-mediaBlock--size-small c-mediaBlock--imageHeight-normal\" data-block-type=\"Media block\">\n   \n                \n     <div class=\"c-mediaBlock__media\" style=\"\"\">\n        <img fetchpriority=\"high\" decoding=\"async\" width=\"965\" height=\"1366\" src=\"https:\/\/liviko.eu\/wp-content\/uploads\/2026\/02\/A4-Ariinfotehnoloogia-tookuulutus-2026-965x1366.jpg\" class=\"c-mediaBlock__image\" alt=\"\" srcset=\"https:\/\/liviko.eu\/wp-content\/uploads\/2026\/02\/A4-Ariinfotehnoloogia-tookuulutus-2026-965x1366.jpg 965w, https:\/\/liviko.eu\/wp-content\/uploads\/2026\/02\/A4-Ariinfotehnoloogia-tookuulutus-2026-650x920.jpg 650w, https:\/\/liviko.eu\/wp-content\/uploads\/2026\/02\/A4-Ariinfotehnoloogia-tookuulutus-2026-768x1087.jpg 768w, https:\/\/liviko.eu\/wp-content\/uploads\/2026\/02\/A4-Ariinfotehnoloogia-tookuulutus-2026-226x320.jpg 226w, https:\/\/liviko.eu\/wp-content\/uploads\/2026\/02\/A4-Ariinfotehnoloogia-tookuulutus-2026-426x603.jpg 426w, https:\/\/liviko.eu\/wp-content\/uploads\/2026\/02\/A4-Ariinfotehnoloogia-tookuulutus-2026.jpg 1080w\" sizes=\"(max-width: 965px) 100vw, 965px\" \/>    <\/div>\n     <div class=\"c-mediaBlock__body\">\n                <div class=\"c-mediaBlock__content\">\n            <div class=\"t-text\">\n            <p>Baltikumi \u00fcks suurimaid kvaliteetalkoholi tootjaid ja maaletoojaid<\/p>\n<p>AS LIVIKO ootab oma meeskonnaga liituma professionaalset<\/p>\n<p><strong>\u00c4RIINFOTEHNOLOOGIA S\u00dcSTEEMIDE JA DIGIPROTSESSIDE ARENDUSSPETSIALISTI<br \/>\n<\/strong><strong>(Business IT Systems &amp; Digital Process Manager<\/strong><strong>)<\/strong><\/p>\n<p><strong>P\u00f5hi\u00fclesanded ja vastutus:<\/strong><\/p>\n<p>\u2022 Microsoft 365 \u00f6kos\u00fcsteemi ja SharePointi lahenduste arendamine ja haldus<br \/>\n\u2022 Dokumendihalduse ja koost\u00f6\u00f6protsesside standardiseerimine<br \/>\n\u2022 \u00c4riprotsesside kaardistamine ja digitaliseerimine<br \/>\n\u2022 T\u00f6\u00f6voogude ja vormide automatiseerimine<br \/>\n\u2022 \u00c4rirakenduste juurutamises osalemine ja v\u00f5tmekasutaja roll<br \/>\n\u2022 IT-projektide ja arenduste koordineerimine<br \/>\n\u2022 Koost\u00f6\u00f6 IT-teenusepartnerite ja \u00e4ripoolsete sidusr\u00fchmadega<br \/>\n\u2022 Digilahenduste kasutuselev\u00f5tu ja j\u00e4tkuarenduse toetamine<br \/>\n\u2022 Infoturbe ja ligip\u00e4\u00e4sude p\u00f5him\u00f5tete rakendamine digilahendustes<\/p>\n<p><strong>Liviko pakub sulle:<\/strong><\/p>\n<p>\u2022 V\u00f5imalust panustada Liviko grupi digitaalsesse arengusse ja kasvu<br \/>\n\u2022 Sisukat ja m\u00f5juga rolli rahvusvahelises organisatsioonis<br \/>\n\u2022 Kaasaegseid t\u00f6\u00f6vahendeid ja professionaalse arengu v\u00f5imalusi<br \/>\n\u2022 Toetavat ja koost\u00f6\u00f6le orienteeritud meeskonda<br \/>\n\u2022 Paindlikke t\u00f6\u00f6tingimusi, sh osalist kaugt\u00f6\u00f6 v\u00f5imalust<br \/>\n\u2022 30 kalendrip\u00e4eva puhkust, tervise- ja sporditoetust<\/p>\n<p><strong>N\u00f5uded kandidaadile:<\/strong><\/p>\n<p>\u2022 K\u00f5rgharidus IT-, \u00e4ri- v\u00f5i juhtimisvaldkonnas<br \/>\n\u2022 V\u00e4hemalt 5 aastat kogemust digilahenduste v\u00f5i \u00e4rirakenduste arendamisel v\u00f5i juurutamisel<br \/>\n\u2022 Hea arusaam \u00e4riprotsessidest ja nende digitaliseerimisest<br \/>\n\u2022 Microsoft 365 keskkonna (sh SharePoint) tundmine<br \/>\n\u2022 Projektit\u00f6\u00f6 ja koost\u00f6\u00f6 kogemus erinevate osapooltega<br \/>\n\u2022 V\u00e4ga hea eesti ja inglise keele oskus; eeliseks on vene keele oskus<\/p>\n<p>T\u00f6\u00f6koht Tallinn, Eesti (t\u00f6\u00f6korraldus v\u00f5imaldab kokkuleppel osalist kaugt\u00f6\u00f6d)<\/p>\n<p>Palun saada oma CV ja l\u00fchike motivatsioonikiri hiljemalt <strong>20 veebruar 2026<\/strong> aadressile <a href=\"mailto:personal@liviko.ee\">personal@liviko.ee<\/a><\/p>\n<p>&nbsp;<\/p>\n<p>&nbsp;<\/p>\n<p>&nbsp;<\/p>\n            <\/div>\n                            \n        <\/div>\n    <\/div>\n<\/div>\n\n\n<p><\/p>\n","protected":false},"excerpt":{"rendered":"","protected":false},"author":17,"featured_media":57040,"parent":233,"menu_order":0,"comment_status":"closed","ping_status":"closed","template":"","meta":{"_acf_changed":false,"inline_featured_image":false,"_monsterinsights_skip_tracking":false,"_monsterinsights_sitenote_active":false,"_monsterinsights_sitenote_note":"","_monsterinsights_sitenote_category":0,"footnotes":""},"categories":[],"class_list":["post-57192","page","type-page","status-publish","has-post-thumbnail","hentry"],"acf":[],"yoast_head":"<!-- This site is optimized with the Yoast SEO plugin v24.0 - https:\/\/yoast.com\/wordpress\/plugins\/seo\/ -->\n<title>Otsime \u00e4riinfotehnoloogia s\u00fcsteemide ja digiprotsesside arendusspetsialisti - Liviko<\/title>\n<meta name=\"robots\" content=\"index, follow, max-snippet:-1, max-image-preview:large, max-video-preview:-1\" \/>\n<link rel=\"canonical\" href=\"https:\/\/liviko.eu\/et\/meist\/toota-meiega\/otsime-ariinfotehnoloogia-susteemide-ja-digiprotsesside-arendusspetsialisti\/\" \/>\n<meta property=\"og:locale\" content=\"et_EE\" \/>\n<meta property=\"og:type\" content=\"article\" \/>\n<meta property=\"og:title\" content=\"Otsime \u00e4riinfotehnoloogia s\u00fcsteemide ja digiprotsesside arendusspetsialisti - Liviko\" \/>\n<meta property=\"og:url\" content=\"https:\/\/liviko.eu\/et\/meist\/toota-meiega\/otsime-ariinfotehnoloogia-susteemide-ja-digiprotsesside-arendusspetsialisti\/\" \/>\n<meta property=\"og:site_name\" content=\"Liviko\" \/>\n<meta property=\"article:publisher\" content=\"https:\/\/www.facebook.com\/LivikoDistillery\/\" \/>\n<meta property=\"og:image\" content=\"https:\/\/liviko.eu\/wp-content\/uploads\/2026\/01\/A4-Tootmisjuht-tookuulutus-2026.jpg\" \/>\n\t<meta property=\"og:image:width\" content=\"1080\" \/>\n\t<meta property=\"og:image:height\" content=\"1528\" \/>\n\t<meta property=\"og:image:type\" content=\"image\/jpeg\" \/>\n<meta name=\"twitter:card\" content=\"summary_large_image\" \/>\n<meta name=\"twitter:label1\" content=\"Est. reading time\" \/>\n\t<meta name=\"twitter:data1\" content=\"1 minut\" \/>\n<script type=\"application\/ld+json\" class=\"yoast-schema-graph\">{\"@context\":\"https:\/\/schema.org\",\"@graph\":[{\"@type\":\"WebPage\",\"@id\":\"https:\/\/liviko.eu\/et\/meist\/toota-meiega\/otsime-ariinfotehnoloogia-susteemide-ja-digiprotsesside-arendusspetsialisti\/\",\"url\":\"https:\/\/liviko.eu\/et\/meist\/toota-meiega\/otsime-ariinfotehnoloogia-susteemide-ja-digiprotsesside-arendusspetsialisti\/\",\"name\":\"Otsime \u00e4riinfotehnoloogia s\u00fcsteemide ja digiprotsesside arendusspetsialisti - Liviko\",\"isPartOf\":{\"@id\":\"https:\/\/liviko.eu\/et\/#website\"},\"primaryImageOfPage\":{\"@id\":\"https:\/\/liviko.eu\/et\/meist\/toota-meiega\/otsime-ariinfotehnoloogia-susteemide-ja-digiprotsesside-arendusspetsialisti\/#primaryimage\"},\"image\":{\"@id\":\"https:\/\/liviko.eu\/et\/meist\/toota-meiega\/otsime-ariinfotehnoloogia-susteemide-ja-digiprotsesside-arendusspetsialisti\/#primaryimage\"},\"thumbnailUrl\":\"https:\/\/liviko.eu\/wp-content\/uploads\/2026\/01\/A4-Tootmisjuht-tookuulutus-2026.jpg\",\"datePublished\":\"2026-02-10T12:28:29+00:00\",\"dateModified\":\"2026-02-10T12:28:29+00:00\",\"breadcrumb\":{\"@id\":\"https:\/\/liviko.eu\/et\/meist\/toota-meiega\/otsime-ariinfotehnoloogia-susteemide-ja-digiprotsesside-arendusspetsialisti\/#breadcrumb\"},\"inLanguage\":\"et\",\"potentialAction\":[{\"@type\":\"ReadAction\",\"target\":[\"https:\/\/liviko.eu\/et\/meist\/toota-meiega\/otsime-ariinfotehnoloogia-susteemide-ja-digiprotsesside-arendusspetsialisti\/\"]}]},{\"@type\":\"ImageObject\",\"inLanguage\":\"et\",\"@id\":\"https:\/\/liviko.eu\/et\/meist\/toota-meiega\/otsime-ariinfotehnoloogia-susteemide-ja-digiprotsesside-arendusspetsialisti\/#primaryimage\",\"url\":\"https:\/\/liviko.eu\/wp-content\/uploads\/2026\/01\/A4-Tootmisjuht-tookuulutus-2026.jpg\",\"contentUrl\":\"https:\/\/liviko.eu\/wp-content\/uploads\/2026\/01\/A4-Tootmisjuht-tookuulutus-2026.jpg\",\"width\":1080,\"height\":1528},{\"@type\":\"BreadcrumbList\",\"@id\":\"https:\/\/liviko.eu\/et\/meist\/toota-meiega\/otsime-ariinfotehnoloogia-susteemide-ja-digiprotsesside-arendusspetsialisti\/#breadcrumb\",\"itemListElement\":[{\"@type\":\"ListItem\",\"position\":1,\"name\":\"Home\",\"item\":\"https:\/\/liviko.eu\/et\/\"},{\"@type\":\"ListItem\",\"position\":2,\"name\":\"Meist\",\"item\":\"https:\/\/liviko.eu\/et\/meist\/\"},{\"@type\":\"ListItem\",\"position\":3,\"name\":\"T\u00f6\u00f6ta meiega\",\"item\":\"https:\/\/liviko.eu\/et\/meist\/toota-meiega\/\"},{\"@type\":\"ListItem\",\"position\":4,\"name\":\"Otsime \u00e4riinfotehnoloogia s\u00fcsteemide ja digiprotsesside arendusspetsialisti\"}]},{\"@type\":\"WebSite\",\"@id\":\"https:\/\/liviko.eu\/et\/#website\",\"url\":\"https:\/\/liviko.eu\/et\/\",\"name\":\"Liviko\",\"description\":\"anno 1898\",\"publisher\":{\"@id\":\"https:\/\/liviko.eu\/et\/#organization\"},\"potentialAction\":[{\"@type\":\"SearchAction\",\"target\":{\"@type\":\"EntryPoint\",\"urlTemplate\":\"https:\/\/liviko.eu\/et\/?s={search_term_string}\"},\"query-input\":{\"@type\":\"PropertyValueSpecification\",\"valueRequired\":true,\"valueName\":\"search_term_string\"}}],\"inLanguage\":\"et\"},{\"@type\":\"Organization\",\"@id\":\"https:\/\/liviko.eu\/et\/#organization\",\"name\":\"Liviko\",\"url\":\"https:\/\/liviko.eu\/et\/\",\"logo\":{\"@type\":\"ImageObject\",\"inLanguage\":\"et\",\"@id\":\"https:\/\/liviko.eu\/et\/#\/schema\/logo\/image\/\",\"url\":\"https:\/\/liviko.eu\/wp-content\/uploads\/2020\/10\/liviko_logo.png\",\"contentUrl\":\"https:\/\/liviko.eu\/wp-content\/uploads\/2020\/10\/liviko_logo.png\",\"width\":515,\"height\":181,\"caption\":\"Liviko\"},\"image\":{\"@id\":\"https:\/\/liviko.eu\/et\/#\/schema\/logo\/image\/\"},\"sameAs\":[\"https:\/\/www.facebook.com\/LivikoDistillery\/\",\"https:\/\/www.instagram.com\/livikodistillery\",\"https:\/\/www.linkedin.com\/company\/liviko\/\",\"https:\/\/www.youtube.com\/channel\/UCnoHr-PaNxBHJO8nMDLVGuA\"]}]}<\/script>\n<!-- \/ Yoast SEO plugin. -->","yoast_head_json":{"title":"Otsime \u00e4riinfotehnoloogia s\u00fcsteemide ja digiprotsesside arendusspetsialisti - Liviko","robots":{"index":"index","follow":"follow","max-snippet":"max-snippet:-1","max-image-preview":"max-image-preview:large","max-video-preview":"max-video-preview:-1"},"canonical":"https:\/\/liviko.eu\/et\/meist\/toota-meiega\/otsime-ariinfotehnoloogia-susteemide-ja-digiprotsesside-arendusspetsialisti\/","og_locale":"et_EE","og_type":"article","og_title":"Otsime \u00e4riinfotehnoloogia s\u00fcsteemide ja digiprotsesside arendusspetsialisti - Liviko","og_url":"https:\/\/liviko.eu\/et\/meist\/toota-meiega\/otsime-ariinfotehnoloogia-susteemide-ja-digiprotsesside-arendusspetsialisti\/","og_site_name":"Liviko","article_publisher":"https:\/\/www.facebook.com\/LivikoDistillery\/","og_image":[{"width":1080,"height":1528,"url":"https:\/\/liviko.eu\/wp-content\/uploads\/2026\/01\/A4-Tootmisjuht-tookuulutus-2026.jpg","type":"image\/jpeg"}],"twitter_card":"summary_large_image","twitter_misc":{"Est. reading time":"1 minut"},"schema":{"@context":"https:\/\/schema.org","@graph":[{"@type":"WebPage","@id":"https:\/\/liviko.eu\/et\/meist\/toota-meiega\/otsime-ariinfotehnoloogia-susteemide-ja-digiprotsesside-arendusspetsialisti\/","url":"https:\/\/liviko.eu\/et\/meist\/toota-meiega\/otsime-ariinfotehnoloogia-susteemide-ja-digiprotsesside-arendusspetsialisti\/","name":"Otsime \u00e4riinfotehnoloogia s\u00fcsteemide ja digiprotsesside arendusspetsialisti - Liviko","isPartOf":{"@id":"https:\/\/liviko.eu\/et\/#website"},"primaryImageOfPage":{"@id":"https:\/\/liviko.eu\/et\/meist\/toota-meiega\/otsime-ariinfotehnoloogia-susteemide-ja-digiprotsesside-arendusspetsialisti\/#primaryimage"},"image":{"@id":"https:\/\/liviko.eu\/et\/meist\/toota-meiega\/otsime-ariinfotehnoloogia-susteemide-ja-digiprotsesside-arendusspetsialisti\/#primaryimage"},"thumbnailUrl":"https:\/\/liviko.eu\/wp-content\/uploads\/2026\/01\/A4-Tootmisjuht-tookuulutus-2026.jpg","datePublished":"2026-02-10T12:28:29+00:00","dateModified":"2026-02-10T12:28:29+00:00","breadcrumb":{"@id":"https:\/\/liviko.eu\/et\/meist\/toota-meiega\/otsime-ariinfotehnoloogia-susteemide-ja-digiprotsesside-arendusspetsialisti\/#breadcrumb"},"inLanguage":"et","potentialAction":[{"@type":"ReadAction","target":["https:\/\/liviko.eu\/et\/meist\/toota-meiega\/otsime-ariinfotehnoloogia-susteemide-ja-digiprotsesside-arendusspetsialisti\/"]}]},{"@type":"ImageObject","inLanguage":"et","@id":"https:\/\/liviko.eu\/et\/meist\/toota-meiega\/otsime-ariinfotehnoloogia-susteemide-ja-digiprotsesside-arendusspetsialisti\/#primaryimage","url":"https:\/\/liviko.eu\/wp-content\/uploads\/2026\/01\/A4-Tootmisjuht-tookuulutus-2026.jpg","contentUrl":"https:\/\/liviko.eu\/wp-content\/uploads\/2026\/01\/A4-Tootmisjuht-tookuulutus-2026.jpg","width":1080,"height":1528},{"@type":"BreadcrumbList","@id":"https:\/\/liviko.eu\/et\/meist\/toota-meiega\/otsime-ariinfotehnoloogia-susteemide-ja-digiprotsesside-arendusspetsialisti\/#breadcrumb","itemListElement":[{"@type":"ListItem","position":1,"name":"Home","item":"https:\/\/liviko.eu\/et\/"},{"@type":"ListItem","position":2,"name":"Meist","item":"https:\/\/liviko.eu\/et\/meist\/"},{"@type":"ListItem","position":3,"name":"T\u00f6\u00f6ta meiega","item":"https:\/\/liviko.eu\/et\/meist\/toota-meiega\/"},{"@type":"ListItem","position":4,"name":"Otsime \u00e4riinfotehnoloogia s\u00fcsteemide ja digiprotsesside arendusspetsialisti"}]},{"@type":"WebSite","@id":"https:\/\/liviko.eu\/et\/#website","url":"https:\/\/liviko.eu\/et\/","name":"Liviko","description":"anno 1898","publisher":{"@id":"https:\/\/liviko.eu\/et\/#organization"},"potentialAction":[{"@type":"SearchAction","target":{"@type":"EntryPoint","urlTemplate":"https:\/\/liviko.eu\/et\/?s={search_term_string}"},"query-input":{"@type":"PropertyValueSpecification","valueRequired":true,"valueName":"search_term_string"}}],"inLanguage":"et"},{"@type":"Organization","@id":"https:\/\/liviko.eu\/et\/#organization","name":"Liviko","url":"https:\/\/liviko.eu\/et\/","logo":{"@type":"ImageObject","inLanguage":"et","@id":"https:\/\/liviko.eu\/et\/#\/schema\/logo\/image\/","url":"https:\/\/liviko.eu\/wp-content\/uploads\/2020\/10\/liviko_logo.png","contentUrl":"https:\/\/liviko.eu\/wp-content\/uploads\/2020\/10\/liviko_logo.png","width":515,"height":181,"caption":"Liviko"},"image":{"@id":"https:\/\/liviko.eu\/et\/#\/schema\/logo\/image\/"},"sameAs":["https:\/\/www.facebook.com\/LivikoDistillery\/","https:\/\/www.instagram.com\/livikodistillery","https:\/\/www.linkedin.com\/company\/liviko\/","https:\/\/www.youtube.com\/channel\/UCnoHr-PaNxBHJO8nMDLVGuA"]}]}},"_links":{"self":[{"href":"https:\/\/liviko.eu\/et\/wp-json\/wp\/v2\/pages\/57192","targetHints":{"allow":["GET"]}}],"collection":[{"href":"https:\/\/liviko.eu\/et\/wp-json\/wp\/v2\/pages"}],"about":[{"href":"https:\/\/liviko.eu\/et\/wp-json\/wp\/v2\/types\/page"}],"author":[{"embeddable":true,"href":"https:\/\/liviko.eu\/et\/wp-json\/wp\/v2\/users\/17"}],"replies":[{"embeddable":true,"href":"https:\/\/liviko.eu\/et\/wp-json\/wp\/v2\/comments?post=57192"}],"version-history":[{"count":1,"href":"https:\/\/liviko.eu\/et\/wp-json\/wp\/v2\/pages\/57192\/revisions"}],"predecessor-version":[{"id":57198,"href":"https:\/\/liviko.eu\/et\/wp-json\/wp\/v2\/pages\/57192\/revisions\/57198"}],"up":[{"embeddable":true,"href":"https:\/\/liviko.eu\/et\/wp-json\/wp\/v2\/pages\/233"}],"wp:featuredmedia":[{"embeddable":true,"href":"https:\/\/liviko.eu\/et\/wp-json\/wp\/v2\/media\/57040"}],"wp:attachment":[{"href":"https:\/\/liviko.eu\/et\/wp-json\/wp\/v2\/media?parent=57192"}],"wp:term":[{"taxonomy":"category","embeddable":true,"href":"https:\/\/liviko.eu\/et\/wp-json\/wp\/v2\/categories?post=57192"}],"curies":[{"name":"wp","href":"https:\/\/api.w.org\/{rel}","templated":true}]}}