{"id":58085,"date":"2026-04-02T06:23:11","date_gmt":"2026-04-02T06:23:11","guid":{"rendered":"https:\/\/liviko.eu\/?page_id=58085"},"modified":"2026-04-02T06:24:13","modified_gmt":"2026-04-02T06:24:13","slug":"otsime-tootejuhti","status":"publish","type":"page","link":"https:\/\/liviko.eu\/et\/meist\/toota-meiega\/otsime-tootejuhti\/","title":{"rendered":"Otsime tootejuhti"},"content":{"rendered":"<div id=\"pageHeader-block_75efe2e7c251ae0db6cae2ce281a1745\" class=\" c-contentBlock c-pageHeader\" data-block-type=\"Page header\">\n                    <h1 class=\"c-pageHeader__title\">Otsime oma meeskonda tootejuhti<\/h1>\n                        \n<\/div>\n<a id=\"page-58085-body\"><\/a>\n\n<div id=\"mediaBlock-block_1d9413390ac17999fb24014543c50b8a\" class=\" c-contentBlock c-mediaBlock c-mediaBlock--align-right c-mediaBlock--valign-top c-mediaBlock--size-small c-mediaBlock--imageHeight-normal\" data-block-type=\"Media block\">\n   \n                \n     <div class=\"c-mediaBlock__media\" style=\"\"\">\n        <img fetchpriority=\"high\" decoding=\"async\" width=\"800\" height=\"1132\" src=\"https:\/\/liviko.eu\/wp-content\/uploads\/2026\/04\/A4-tootejuht-tookuulutus-2026.jpg\" class=\"c-mediaBlock__image\" alt=\"\" srcset=\"https:\/\/liviko.eu\/wp-content\/uploads\/2026\/04\/A4-tootejuht-tookuulutus-2026.jpg 800w, https:\/\/liviko.eu\/wp-content\/uploads\/2026\/04\/A4-tootejuht-tookuulutus-2026-650x920.jpg 650w, https:\/\/liviko.eu\/wp-content\/uploads\/2026\/04\/A4-tootejuht-tookuulutus-2026-768x1087.jpg 768w, https:\/\/liviko.eu\/wp-content\/uploads\/2026\/04\/A4-tootejuht-tookuulutus-2026-226x320.jpg 226w, https:\/\/liviko.eu\/wp-content\/uploads\/2026\/04\/A4-tootejuht-tookuulutus-2026-426x603.jpg 426w\" sizes=\"(max-width: 800px) 100vw, 800px\" \/>    <\/div>\n     <div class=\"c-mediaBlock__body\">\n                <div class=\"c-mediaBlock__content\">\n            <div class=\"t-text\">\n            <p>AS Liviko, \u00fcks Baltikumi juhtivaid kvaliteetalkoholi tootjaid ja maaletoojaid, ootab oma turundustiimiga liituma ambitsioonikat ja tulemustele orienteeritud<\/p>\n<p><strong>TOOTEJUHTI\u00a0<\/strong><\/p>\n<p>Sinu t\u00f6\u00f6 eesm\u00e4rgiks on oma portfelli kaubam\u00e4rkide kasumlik juhtimine, turundusstrateegiate loomine ja elluviimine ning kaubam\u00e4rkide arendamine nii koduturul kui ka rahvusvahelistel turgudel. Tooteportfelli olulisemateks kaubam\u00e4rkideks on rahvusvaheliselt hinnatud CRAFTER\u2019S GIN ja legendaarne VANA TALLINN.<\/p>\n<p><strong><br \/>\n<\/strong><strong>Sinu peamised t\u00f6\u00f6\u00fclesanded:<\/strong><\/p>\n<p>\u2022 M\u00fc\u00fcgi- ja turundusstrateegiate v\u00e4ljat\u00f6\u00f6tamine, elluviimine ja anal\u00fc\u00fcs<br \/>\n\u2022 Turundusplaanide koostamine, eelarvestamine ja juhtimine<br \/>\n\u2022 m\u00fc\u00fcgi- ja kampaaniaplaanide koostamine ja tulemuste anal\u00fc\u00fcs Eesti ja Baltikumis<br \/>\n\u2022 Tihe koost\u00f6\u00f6 m\u00fc\u00fcgi-, HoReCa- ja ekspordiosakonnaga<br \/>\n\u2022 Br\u00e4ndide esindamine ja arendamine<br \/>\n\u2022 Osalemine tootearendusprojektides<\/p>\n<p>Meie eesm\u00e4rk on kultuurse, vastutustundliku ja kvaliteeti v\u00e4\u00e4rtustava joogikultuuri edendamine.<\/p>\n<p><strong>Liviko pakub sulle:<\/strong><\/p>\n<p>\u2022 V\u00f5imalust t\u00f6\u00f6tada rahvusvaheliselt tuntud br\u00e4ndidega<br \/>\n\u2022 Toetavat ja professionaalset meeskonda<br \/>\n\u2022 T\u00e4iendkoolitusi ja eneseteostuse v\u00f5imalust<br \/>\n\u2022 Tasustatud tervisep\u00e4evi ja p\u00f5hipuhkust 30 kalendrip\u00e4eva aastas<br \/>\n\u2022 Tervise- ja spordikulude toetust ning \u00fchiseid meeskonna\u00fcritusi<\/p>\n<p><strong>Eeldused edukaks kandideerimiseks:<\/strong><\/p>\n<p>\u2022 K\u00f5rgharidus turunduse, \u00e4rijuhtimise v\u00f5i sarnases valdkonnas<br \/>\n\u2022 Varasem t\u00f6\u00f6kogemus m\u00fc\u00fcgi v\u00f5i turunduse valdkonnas, soovitatavalt joogisektoris<br \/>\n\u2022 Algatusv\u00f5ime, loovus ja tulemustele orienteeritud m\u00f5tteviis<br \/>\n\u2022 Suutlikkus juhtida mitmeid projekte samaaegselt<br \/>\n\u2022 V\u00e4ga hea suhtlemis-, l\u00e4bir\u00e4\u00e4kimis- ja esinemisoskus<br \/>\n\u2022 V\u00e4ga hea eesti ja inglise keele oskus, kasuks tuleb t\u00e4iendava keele valdamine<\/p>\n<p>T\u00f6\u00f6koht Tallinn, Harjumaa<br \/>\nT\u00f6\u00f6le asumise aeg: kokkuleppel<\/p>\n<p>Palun saada oma CV koos kaaskirjaga hiljemalt <strong>14. aprilliks<\/strong> <a href=\"mailto:personal@liviko.ee\">personal@liviko.ee<\/a><\/p>\n<p>&nbsp;<\/p>\n<p>&nbsp;<\/p>\n<p>&nbsp;<\/p>\n            <\/div>\n                            \n        <\/div>\n    <\/div>\n<\/div>\n\n\n<p><\/p>\n","protected":false},"excerpt":{"rendered":"","protected":false},"author":17,"featured_media":57040,"parent":233,"menu_order":0,"comment_status":"closed","ping_status":"closed","template":"","meta":{"_acf_changed":true,"inline_featured_image":false,"_monsterinsights_skip_tracking":false,"_monsterinsights_sitenote_active":false,"_monsterinsights_sitenote_note":"","_monsterinsights_sitenote_category":0,"footnotes":""},"categories":[],"class_list":["post-58085","page","type-page","status-publish","has-post-thumbnail","hentry"],"acf":[],"yoast_head":"<!-- This site is optimized with the Yoast SEO plugin v24.0 - https:\/\/yoast.com\/wordpress\/plugins\/seo\/ -->\n<title>Otsime tootejuhti - Liviko<\/title>\n<meta name=\"robots\" content=\"index, follow, max-snippet:-1, max-image-preview:large, max-video-preview:-1\" \/>\n<link rel=\"canonical\" href=\"https:\/\/liviko.eu\/et\/meist\/toota-meiega\/otsime-tootejuhti\/\" \/>\n<meta property=\"og:locale\" content=\"et_EE\" \/>\n<meta property=\"og:type\" content=\"article\" \/>\n<meta property=\"og:title\" content=\"Otsime tootejuhti - Liviko\" \/>\n<meta property=\"og:url\" content=\"https:\/\/liviko.eu\/et\/meist\/toota-meiega\/otsime-tootejuhti\/\" \/>\n<meta property=\"og:site_name\" content=\"Liviko\" \/>\n<meta property=\"article:publisher\" content=\"https:\/\/www.facebook.com\/LivikoDistillery\/\" \/>\n<meta property=\"article:modified_time\" content=\"2026-04-02T06:24:13+00:00\" \/>\n<meta property=\"og:image\" content=\"https:\/\/liviko.eu\/wp-content\/uploads\/2026\/01\/A4-Tootmisjuht-tookuulutus-2026.jpg\" \/>\n\t<meta property=\"og:image:width\" content=\"1080\" \/>\n\t<meta property=\"og:image:height\" content=\"1528\" \/>\n\t<meta property=\"og:image:type\" content=\"image\/jpeg\" \/>\n<meta name=\"twitter:card\" content=\"summary_large_image\" \/>\n<meta name=\"twitter:label1\" content=\"Est. reading time\" \/>\n\t<meta name=\"twitter:data1\" content=\"1 minut\" \/>\n<script type=\"application\/ld+json\" class=\"yoast-schema-graph\">{\"@context\":\"https:\/\/schema.org\",\"@graph\":[{\"@type\":\"WebPage\",\"@id\":\"https:\/\/liviko.eu\/et\/meist\/toota-meiega\/otsime-tootejuhti\/\",\"url\":\"https:\/\/liviko.eu\/et\/meist\/toota-meiega\/otsime-tootejuhti\/\",\"name\":\"Otsime tootejuhti - Liviko\",\"isPartOf\":{\"@id\":\"https:\/\/liviko.eu\/et\/#website\"},\"primaryImageOfPage\":{\"@id\":\"https:\/\/liviko.eu\/et\/meist\/toota-meiega\/otsime-tootejuhti\/#primaryimage\"},\"image\":{\"@id\":\"https:\/\/liviko.eu\/et\/meist\/toota-meiega\/otsime-tootejuhti\/#primaryimage\"},\"thumbnailUrl\":\"https:\/\/liviko.eu\/wp-content\/uploads\/2026\/01\/A4-Tootmisjuht-tookuulutus-2026.jpg\",\"datePublished\":\"2026-04-02T06:23:11+00:00\",\"dateModified\":\"2026-04-02T06:24:13+00:00\",\"breadcrumb\":{\"@id\":\"https:\/\/liviko.eu\/et\/meist\/toota-meiega\/otsime-tootejuhti\/#breadcrumb\"},\"inLanguage\":\"et\",\"potentialAction\":[{\"@type\":\"ReadAction\",\"target\":[\"https:\/\/liviko.eu\/et\/meist\/toota-meiega\/otsime-tootejuhti\/\"]}]},{\"@type\":\"ImageObject\",\"inLanguage\":\"et\",\"@id\":\"https:\/\/liviko.eu\/et\/meist\/toota-meiega\/otsime-tootejuhti\/#primaryimage\",\"url\":\"https:\/\/liviko.eu\/wp-content\/uploads\/2026\/01\/A4-Tootmisjuht-tookuulutus-2026.jpg\",\"contentUrl\":\"https:\/\/liviko.eu\/wp-content\/uploads\/2026\/01\/A4-Tootmisjuht-tookuulutus-2026.jpg\",\"width\":1080,\"height\":1528},{\"@type\":\"BreadcrumbList\",\"@id\":\"https:\/\/liviko.eu\/et\/meist\/toota-meiega\/otsime-tootejuhti\/#breadcrumb\",\"itemListElement\":[{\"@type\":\"ListItem\",\"position\":1,\"name\":\"Home\",\"item\":\"https:\/\/liviko.eu\/et\/\"},{\"@type\":\"ListItem\",\"position\":2,\"name\":\"Meist\",\"item\":\"https:\/\/liviko.eu\/et\/meist\/\"},{\"@type\":\"ListItem\",\"position\":3,\"name\":\"T\u00f6\u00f6ta meiega\",\"item\":\"https:\/\/liviko.eu\/et\/meist\/toota-meiega\/\"},{\"@type\":\"ListItem\",\"position\":4,\"name\":\"Otsime tootejuhti\"}]},{\"@type\":\"WebSite\",\"@id\":\"https:\/\/liviko.eu\/et\/#website\",\"url\":\"https:\/\/liviko.eu\/et\/\",\"name\":\"Liviko\",\"description\":\"anno 1898\",\"publisher\":{\"@id\":\"https:\/\/liviko.eu\/et\/#organization\"},\"potentialAction\":[{\"@type\":\"SearchAction\",\"target\":{\"@type\":\"EntryPoint\",\"urlTemplate\":\"https:\/\/liviko.eu\/et\/?s={search_term_string}\"},\"query-input\":{\"@type\":\"PropertyValueSpecification\",\"valueRequired\":true,\"valueName\":\"search_term_string\"}}],\"inLanguage\":\"et\"},{\"@type\":\"Organization\",\"@id\":\"https:\/\/liviko.eu\/et\/#organization\",\"name\":\"Liviko\",\"url\":\"https:\/\/liviko.eu\/et\/\",\"logo\":{\"@type\":\"ImageObject\",\"inLanguage\":\"et\",\"@id\":\"https:\/\/liviko.eu\/et\/#\/schema\/logo\/image\/\",\"url\":\"https:\/\/liviko.eu\/wp-content\/uploads\/2020\/10\/liviko_logo.png\",\"contentUrl\":\"https:\/\/liviko.eu\/wp-content\/uploads\/2020\/10\/liviko_logo.png\",\"width\":515,\"height\":181,\"caption\":\"Liviko\"},\"image\":{\"@id\":\"https:\/\/liviko.eu\/et\/#\/schema\/logo\/image\/\"},\"sameAs\":[\"https:\/\/www.facebook.com\/LivikoDistillery\/\",\"https:\/\/www.instagram.com\/livikodistillery\",\"https:\/\/www.linkedin.com\/company\/liviko\/\",\"https:\/\/www.youtube.com\/channel\/UCnoHr-PaNxBHJO8nMDLVGuA\"]}]}<\/script>\n<!-- \/ Yoast SEO plugin. -->","yoast_head_json":{"title":"Otsime tootejuhti - Liviko","robots":{"index":"index","follow":"follow","max-snippet":"max-snippet:-1","max-image-preview":"max-image-preview:large","max-video-preview":"max-video-preview:-1"},"canonical":"https:\/\/liviko.eu\/et\/meist\/toota-meiega\/otsime-tootejuhti\/","og_locale":"et_EE","og_type":"article","og_title":"Otsime tootejuhti - Liviko","og_url":"https:\/\/liviko.eu\/et\/meist\/toota-meiega\/otsime-tootejuhti\/","og_site_name":"Liviko","article_publisher":"https:\/\/www.facebook.com\/LivikoDistillery\/","article_modified_time":"2026-04-02T06:24:13+00:00","og_image":[{"width":1080,"height":1528,"url":"https:\/\/liviko.eu\/wp-content\/uploads\/2026\/01\/A4-Tootmisjuht-tookuulutus-2026.jpg","type":"image\/jpeg"}],"twitter_card":"summary_large_image","twitter_misc":{"Est. reading time":"1 minut"},"schema":{"@context":"https:\/\/schema.org","@graph":[{"@type":"WebPage","@id":"https:\/\/liviko.eu\/et\/meist\/toota-meiega\/otsime-tootejuhti\/","url":"https:\/\/liviko.eu\/et\/meist\/toota-meiega\/otsime-tootejuhti\/","name":"Otsime tootejuhti - Liviko","isPartOf":{"@id":"https:\/\/liviko.eu\/et\/#website"},"primaryImageOfPage":{"@id":"https:\/\/liviko.eu\/et\/meist\/toota-meiega\/otsime-tootejuhti\/#primaryimage"},"image":{"@id":"https:\/\/liviko.eu\/et\/meist\/toota-meiega\/otsime-tootejuhti\/#primaryimage"},"thumbnailUrl":"https:\/\/liviko.eu\/wp-content\/uploads\/2026\/01\/A4-Tootmisjuht-tookuulutus-2026.jpg","datePublished":"2026-04-02T06:23:11+00:00","dateModified":"2026-04-02T06:24:13+00:00","breadcrumb":{"@id":"https:\/\/liviko.eu\/et\/meist\/toota-meiega\/otsime-tootejuhti\/#breadcrumb"},"inLanguage":"et","potentialAction":[{"@type":"ReadAction","target":["https:\/\/liviko.eu\/et\/meist\/toota-meiega\/otsime-tootejuhti\/"]}]},{"@type":"ImageObject","inLanguage":"et","@id":"https:\/\/liviko.eu\/et\/meist\/toota-meiega\/otsime-tootejuhti\/#primaryimage","url":"https:\/\/liviko.eu\/wp-content\/uploads\/2026\/01\/A4-Tootmisjuht-tookuulutus-2026.jpg","contentUrl":"https:\/\/liviko.eu\/wp-content\/uploads\/2026\/01\/A4-Tootmisjuht-tookuulutus-2026.jpg","width":1080,"height":1528},{"@type":"BreadcrumbList","@id":"https:\/\/liviko.eu\/et\/meist\/toota-meiega\/otsime-tootejuhti\/#breadcrumb","itemListElement":[{"@type":"ListItem","position":1,"name":"Home","item":"https:\/\/liviko.eu\/et\/"},{"@type":"ListItem","position":2,"name":"Meist","item":"https:\/\/liviko.eu\/et\/meist\/"},{"@type":"ListItem","position":3,"name":"T\u00f6\u00f6ta meiega","item":"https:\/\/liviko.eu\/et\/meist\/toota-meiega\/"},{"@type":"ListItem","position":4,"name":"Otsime tootejuhti"}]},{"@type":"WebSite","@id":"https:\/\/liviko.eu\/et\/#website","url":"https:\/\/liviko.eu\/et\/","name":"Liviko","description":"anno 1898","publisher":{"@id":"https:\/\/liviko.eu\/et\/#organization"},"potentialAction":[{"@type":"SearchAction","target":{"@type":"EntryPoint","urlTemplate":"https:\/\/liviko.eu\/et\/?s={search_term_string}"},"query-input":{"@type":"PropertyValueSpecification","valueRequired":true,"valueName":"search_term_string"}}],"inLanguage":"et"},{"@type":"Organization","@id":"https:\/\/liviko.eu\/et\/#organization","name":"Liviko","url":"https:\/\/liviko.eu\/et\/","logo":{"@type":"ImageObject","inLanguage":"et","@id":"https:\/\/liviko.eu\/et\/#\/schema\/logo\/image\/","url":"https:\/\/liviko.eu\/wp-content\/uploads\/2020\/10\/liviko_logo.png","contentUrl":"https:\/\/liviko.eu\/wp-content\/uploads\/2020\/10\/liviko_logo.png","width":515,"height":181,"caption":"Liviko"},"image":{"@id":"https:\/\/liviko.eu\/et\/#\/schema\/logo\/image\/"},"sameAs":["https:\/\/www.facebook.com\/LivikoDistillery\/","https:\/\/www.instagram.com\/livikodistillery","https:\/\/www.linkedin.com\/company\/liviko\/","https:\/\/www.youtube.com\/channel\/UCnoHr-PaNxBHJO8nMDLVGuA"]}]}},"_links":{"self":[{"href":"https:\/\/liviko.eu\/et\/wp-json\/wp\/v2\/pages\/58085","targetHints":{"allow":["GET"]}}],"collection":[{"href":"https:\/\/liviko.eu\/et\/wp-json\/wp\/v2\/pages"}],"about":[{"href":"https:\/\/liviko.eu\/et\/wp-json\/wp\/v2\/types\/page"}],"author":[{"embeddable":true,"href":"https:\/\/liviko.eu\/et\/wp-json\/wp\/v2\/users\/17"}],"replies":[{"embeddable":true,"href":"https:\/\/liviko.eu\/et\/wp-json\/wp\/v2\/comments?post=58085"}],"version-history":[{"count":1,"href":"https:\/\/liviko.eu\/et\/wp-json\/wp\/v2\/pages\/58085\/revisions"}],"predecessor-version":[{"id":58091,"href":"https:\/\/liviko.eu\/et\/wp-json\/wp\/v2\/pages\/58085\/revisions\/58091"}],"up":[{"embeddable":true,"href":"https:\/\/liviko.eu\/et\/wp-json\/wp\/v2\/pages\/233"}],"wp:featuredmedia":[{"embeddable":true,"href":"https:\/\/liviko.eu\/et\/wp-json\/wp\/v2\/media\/57040"}],"wp:attachment":[{"href":"https:\/\/liviko.eu\/et\/wp-json\/wp\/v2\/media?parent=58085"}],"wp:term":[{"taxonomy":"category","embeddable":true,"href":"https:\/\/liviko.eu\/et\/wp-json\/wp\/v2\/categories?post=58085"}],"curies":[{"name":"wp","href":"https:\/\/api.w.org\/{rel}","templated":true}]}}