{"id":58129,"date":"2026-04-02T09:45:17","date_gmt":"2026-04-02T09:45:17","guid":{"rendered":"https:\/\/liviko.eu\/?page_id=58129"},"modified":"2026-04-02T09:45:28","modified_gmt":"2026-04-02T09:45:28","slug":"otsime-personalispetsialisti","status":"publish","type":"page","link":"https:\/\/liviko.eu\/et\/meist\/toota-meiega\/otsime-personalispetsialisti\/","title":{"rendered":"Otsime personalispetsialisti"},"content":{"rendered":"<div id=\"pageHeader-block_18102276f7c8cbde0f81c6506a14316f\" class=\" c-contentBlock c-pageHeader\" data-block-type=\"Page header\">\n                    <h1 class=\"c-pageHeader__title\">Otsime oma meeskonda personalispetsialisti<\/h1>\n                        \n<\/div>\n<a id=\"page-58129-body\"><\/a>\n\n<div id=\"mediaBlock-block_2a6c3ecb5e17bfeeb4ad1d6a08a35753\" class=\" c-contentBlock c-mediaBlock c-mediaBlock--align-right c-mediaBlock--valign-top c-mediaBlock--size-small c-mediaBlock--imageHeight-normal\" data-block-type=\"Media block\">\n   \n                \n     <div class=\"c-mediaBlock__media\" style=\"\"\">\n        <img fetchpriority=\"high\" decoding=\"async\" width=\"800\" height=\"1132\" src=\"https:\/\/liviko.eu\/wp-content\/uploads\/2026\/04\/A4-Personalispetsialist-tookuulutus-2026.jpg\" class=\"c-mediaBlock__image\" alt=\"\" srcset=\"https:\/\/liviko.eu\/wp-content\/uploads\/2026\/04\/A4-Personalispetsialist-tookuulutus-2026.jpg 800w, https:\/\/liviko.eu\/wp-content\/uploads\/2026\/04\/A4-Personalispetsialist-tookuulutus-2026-650x920.jpg 650w, https:\/\/liviko.eu\/wp-content\/uploads\/2026\/04\/A4-Personalispetsialist-tookuulutus-2026-768x1087.jpg 768w, https:\/\/liviko.eu\/wp-content\/uploads\/2026\/04\/A4-Personalispetsialist-tookuulutus-2026-226x320.jpg 226w, https:\/\/liviko.eu\/wp-content\/uploads\/2026\/04\/A4-Personalispetsialist-tookuulutus-2026-426x603.jpg 426w\" sizes=\"(max-width: 800px) 100vw, 800px\" \/>    <\/div>\n     <div class=\"c-mediaBlock__body\">\n                <div class=\"c-mediaBlock__content\">\n            <div class=\"t-text\">\n            <p>AS Liviko, \u00fcks Baltikumi juhtivaid kvaliteetalkoholi tootjaid ja maaletoojaid, ootab oma meeskonnaga<br \/>\nliituma professionaalset<\/p>\n<p><strong>PERSONALISPETSIALISTI<\/strong><\/p>\n<p><strong>Peamised t\u00f6\u00f6\u00fclesanded:<\/strong><\/p>\n<p>\u2022 Personalidokumentide koostamine ja haldamine<br \/>\n\u2022 V\u00e4rbamisprotsessil osalemine<br \/>\n\u2022 T\u00f6\u00f6tajate ettev\u00f5ttesse sisenemise ja v\u00e4ljumise protsesside (onboarding ja offboarding) koordineerimine<br \/>\n\u2022 T\u00f6\u00f6tajate arendustegevuste (arengu- ja koolitusplaanide) haldamine<br \/>\n\u2022 T\u00f6\u00f6tervishoiu ja terviseedenduse haldamine<br \/>\n\u2022 T\u00f6\u00f6tajate toetamine, t\u00f6\u00f6tajakogemuse ja ettev\u00f5tte kultuuri edendamine; sisekommunikatsiooni toetamine<br \/>\n\u2022 Erinevates personaliprojektides osalemine<\/p>\n<p><strong>Livikos ootab sind:<\/strong><\/p>\n<p>\u2022 Huvitav ja mitmek\u00fclgne t\u00f6\u00f6 kiiresti arenevas rahvusvahelises ettev\u00f5ttes<br \/>\n\u2022 S\u00f5bralik ja toetav meeskond<br \/>\n\u2022 Professionaalsed arenguv\u00f5imalused ja koolitused<br \/>\n\u2022 Oma t\u00f6\u00f6taja soodustused ja spordi ning tervise edendamise toetus<br \/>\n\u2022 P\u00f5hipuhkus 30 kalendrip\u00e4eva aastas<br \/>\n\u2022 3 tasustatud tervisep\u00e4eva aastas<\/p>\n<p><strong>Ootused kandidaadile:<\/strong><\/p>\n<p>\u2022 K\u00f5rgharidus v\u00f5i selle omandamine personalit\u00f6\u00f6 valdkonnas<br \/>\n\u2022 Kasuks tuleb varasem personalit\u00f6\u00f6 kogemus<br \/>\n\u2022 T\u00f6\u00f6\u00f5iguse ja personalihalduse p\u00f5him\u00f5tete tundmine<br \/>\n\u2022 Vilunud ja julge arvutikasutaja<br \/>\n\u2022 V\u00e4ga hea suhtlemis- ja enesev\u00e4ljendusoskus, positiivne ja avatud hoiak<br \/>\n\u2022 V\u00e4ga hea eesti keele oskus, vene ja inglise keele oskus suhtlustasandil<br \/>\n\u2022 Uuendusmeelsus ja lahendustele suunatud m\u00f5tteviis<br \/>\n\u2022 Kasuks tuleb kogemus personaliarvestuse tarkvara Taaviga<\/p>\n<p>T\u00f6\u00f6koht Tallinn, Harjumaa<br \/>\nT\u00f6\u00f6le asumise aeg: kokkuleppel<\/p>\n<p>Palun saada oma CV ja l\u00fchike motivatsioonikiri hiljemalt <strong>17. aprilliks<\/strong> <a href=\"mailto:personal@liviko.ee\">personal@liviko.ee<\/a><\/p>\n<p>&nbsp;<\/p>\n<p>&nbsp;<\/p>\n<p>&nbsp;<\/p>\n            <\/div>\n                            \n        <\/div>\n    <\/div>\n<\/div>\n\n\n<p><\/p>\n","protected":false},"excerpt":{"rendered":"","protected":false},"author":17,"featured_media":57040,"parent":233,"menu_order":0,"comment_status":"closed","ping_status":"closed","template":"","meta":{"_acf_changed":true,"inline_featured_image":false,"_monsterinsights_skip_tracking":false,"_monsterinsights_sitenote_active":false,"_monsterinsights_sitenote_note":"","_monsterinsights_sitenote_category":0,"footnotes":""},"categories":[],"class_list":["post-58129","page","type-page","status-publish","has-post-thumbnail","hentry"],"acf":[],"yoast_head":"<!-- This site is optimized with the Yoast SEO plugin v24.0 - https:\/\/yoast.com\/wordpress\/plugins\/seo\/ -->\n<title>Otsime personalispetsialisti - Liviko<\/title>\n<meta name=\"robots\" content=\"index, follow, max-snippet:-1, max-image-preview:large, max-video-preview:-1\" \/>\n<link rel=\"canonical\" href=\"https:\/\/liviko.eu\/et\/meist\/toota-meiega\/otsime-personalispetsialisti\/\" \/>\n<meta property=\"og:locale\" content=\"et_EE\" \/>\n<meta property=\"og:type\" content=\"article\" \/>\n<meta property=\"og:title\" content=\"Otsime personalispetsialisti - Liviko\" \/>\n<meta property=\"og:url\" content=\"https:\/\/liviko.eu\/et\/meist\/toota-meiega\/otsime-personalispetsialisti\/\" \/>\n<meta property=\"og:site_name\" content=\"Liviko\" \/>\n<meta property=\"article:publisher\" content=\"https:\/\/www.facebook.com\/LivikoDistillery\/\" \/>\n<meta property=\"article:modified_time\" content=\"2026-04-02T09:45:28+00:00\" \/>\n<meta property=\"og:image\" content=\"https:\/\/liviko.eu\/wp-content\/uploads\/2026\/01\/A4-Tootmisjuht-tookuulutus-2026.jpg\" \/>\n\t<meta property=\"og:image:width\" content=\"1080\" \/>\n\t<meta property=\"og:image:height\" content=\"1528\" \/>\n\t<meta property=\"og:image:type\" content=\"image\/jpeg\" \/>\n<meta name=\"twitter:card\" content=\"summary_large_image\" \/>\n<meta name=\"twitter:label1\" content=\"Est. reading time\" \/>\n\t<meta name=\"twitter:data1\" content=\"1 minut\" \/>\n<script type=\"application\/ld+json\" class=\"yoast-schema-graph\">{\"@context\":\"https:\/\/schema.org\",\"@graph\":[{\"@type\":\"WebPage\",\"@id\":\"https:\/\/liviko.eu\/et\/meist\/toota-meiega\/otsime-personalispetsialisti\/\",\"url\":\"https:\/\/liviko.eu\/et\/meist\/toota-meiega\/otsime-personalispetsialisti\/\",\"name\":\"Otsime personalispetsialisti - Liviko\",\"isPartOf\":{\"@id\":\"https:\/\/liviko.eu\/et\/#website\"},\"primaryImageOfPage\":{\"@id\":\"https:\/\/liviko.eu\/et\/meist\/toota-meiega\/otsime-personalispetsialisti\/#primaryimage\"},\"image\":{\"@id\":\"https:\/\/liviko.eu\/et\/meist\/toota-meiega\/otsime-personalispetsialisti\/#primaryimage\"},\"thumbnailUrl\":\"https:\/\/liviko.eu\/wp-content\/uploads\/2026\/01\/A4-Tootmisjuht-tookuulutus-2026.jpg\",\"datePublished\":\"2026-04-02T09:45:17+00:00\",\"dateModified\":\"2026-04-02T09:45:28+00:00\",\"breadcrumb\":{\"@id\":\"https:\/\/liviko.eu\/et\/meist\/toota-meiega\/otsime-personalispetsialisti\/#breadcrumb\"},\"inLanguage\":\"et\",\"potentialAction\":[{\"@type\":\"ReadAction\",\"target\":[\"https:\/\/liviko.eu\/et\/meist\/toota-meiega\/otsime-personalispetsialisti\/\"]}]},{\"@type\":\"ImageObject\",\"inLanguage\":\"et\",\"@id\":\"https:\/\/liviko.eu\/et\/meist\/toota-meiega\/otsime-personalispetsialisti\/#primaryimage\",\"url\":\"https:\/\/liviko.eu\/wp-content\/uploads\/2026\/01\/A4-Tootmisjuht-tookuulutus-2026.jpg\",\"contentUrl\":\"https:\/\/liviko.eu\/wp-content\/uploads\/2026\/01\/A4-Tootmisjuht-tookuulutus-2026.jpg\",\"width\":1080,\"height\":1528},{\"@type\":\"BreadcrumbList\",\"@id\":\"https:\/\/liviko.eu\/et\/meist\/toota-meiega\/otsime-personalispetsialisti\/#breadcrumb\",\"itemListElement\":[{\"@type\":\"ListItem\",\"position\":1,\"name\":\"Home\",\"item\":\"https:\/\/liviko.eu\/et\/\"},{\"@type\":\"ListItem\",\"position\":2,\"name\":\"Meist\",\"item\":\"https:\/\/liviko.eu\/et\/meist\/\"},{\"@type\":\"ListItem\",\"position\":3,\"name\":\"T\u00f6\u00f6ta meiega\",\"item\":\"https:\/\/liviko.eu\/et\/meist\/toota-meiega\/\"},{\"@type\":\"ListItem\",\"position\":4,\"name\":\"Otsime personalispetsialisti\"}]},{\"@type\":\"WebSite\",\"@id\":\"https:\/\/liviko.eu\/et\/#website\",\"url\":\"https:\/\/liviko.eu\/et\/\",\"name\":\"Liviko\",\"description\":\"anno 1898\",\"publisher\":{\"@id\":\"https:\/\/liviko.eu\/et\/#organization\"},\"potentialAction\":[{\"@type\":\"SearchAction\",\"target\":{\"@type\":\"EntryPoint\",\"urlTemplate\":\"https:\/\/liviko.eu\/et\/?s={search_term_string}\"},\"query-input\":{\"@type\":\"PropertyValueSpecification\",\"valueRequired\":true,\"valueName\":\"search_term_string\"}}],\"inLanguage\":\"et\"},{\"@type\":\"Organization\",\"@id\":\"https:\/\/liviko.eu\/et\/#organization\",\"name\":\"Liviko\",\"url\":\"https:\/\/liviko.eu\/et\/\",\"logo\":{\"@type\":\"ImageObject\",\"inLanguage\":\"et\",\"@id\":\"https:\/\/liviko.eu\/et\/#\/schema\/logo\/image\/\",\"url\":\"https:\/\/liviko.eu\/wp-content\/uploads\/2020\/10\/liviko_logo.png\",\"contentUrl\":\"https:\/\/liviko.eu\/wp-content\/uploads\/2020\/10\/liviko_logo.png\",\"width\":515,\"height\":181,\"caption\":\"Liviko\"},\"image\":{\"@id\":\"https:\/\/liviko.eu\/et\/#\/schema\/logo\/image\/\"},\"sameAs\":[\"https:\/\/www.facebook.com\/LivikoDistillery\/\",\"https:\/\/www.instagram.com\/livikodistillery\",\"https:\/\/www.linkedin.com\/company\/liviko\/\",\"https:\/\/www.youtube.com\/channel\/UCnoHr-PaNxBHJO8nMDLVGuA\"]}]}<\/script>\n<!-- \/ Yoast SEO plugin. -->","yoast_head_json":{"title":"Otsime personalispetsialisti - Liviko","robots":{"index":"index","follow":"follow","max-snippet":"max-snippet:-1","max-image-preview":"max-image-preview:large","max-video-preview":"max-video-preview:-1"},"canonical":"https:\/\/liviko.eu\/et\/meist\/toota-meiega\/otsime-personalispetsialisti\/","og_locale":"et_EE","og_type":"article","og_title":"Otsime personalispetsialisti - Liviko","og_url":"https:\/\/liviko.eu\/et\/meist\/toota-meiega\/otsime-personalispetsialisti\/","og_site_name":"Liviko","article_publisher":"https:\/\/www.facebook.com\/LivikoDistillery\/","article_modified_time":"2026-04-02T09:45:28+00:00","og_image":[{"width":1080,"height":1528,"url":"https:\/\/liviko.eu\/wp-content\/uploads\/2026\/01\/A4-Tootmisjuht-tookuulutus-2026.jpg","type":"image\/jpeg"}],"twitter_card":"summary_large_image","twitter_misc":{"Est. reading time":"1 minut"},"schema":{"@context":"https:\/\/schema.org","@graph":[{"@type":"WebPage","@id":"https:\/\/liviko.eu\/et\/meist\/toota-meiega\/otsime-personalispetsialisti\/","url":"https:\/\/liviko.eu\/et\/meist\/toota-meiega\/otsime-personalispetsialisti\/","name":"Otsime personalispetsialisti - Liviko","isPartOf":{"@id":"https:\/\/liviko.eu\/et\/#website"},"primaryImageOfPage":{"@id":"https:\/\/liviko.eu\/et\/meist\/toota-meiega\/otsime-personalispetsialisti\/#primaryimage"},"image":{"@id":"https:\/\/liviko.eu\/et\/meist\/toota-meiega\/otsime-personalispetsialisti\/#primaryimage"},"thumbnailUrl":"https:\/\/liviko.eu\/wp-content\/uploads\/2026\/01\/A4-Tootmisjuht-tookuulutus-2026.jpg","datePublished":"2026-04-02T09:45:17+00:00","dateModified":"2026-04-02T09:45:28+00:00","breadcrumb":{"@id":"https:\/\/liviko.eu\/et\/meist\/toota-meiega\/otsime-personalispetsialisti\/#breadcrumb"},"inLanguage":"et","potentialAction":[{"@type":"ReadAction","target":["https:\/\/liviko.eu\/et\/meist\/toota-meiega\/otsime-personalispetsialisti\/"]}]},{"@type":"ImageObject","inLanguage":"et","@id":"https:\/\/liviko.eu\/et\/meist\/toota-meiega\/otsime-personalispetsialisti\/#primaryimage","url":"https:\/\/liviko.eu\/wp-content\/uploads\/2026\/01\/A4-Tootmisjuht-tookuulutus-2026.jpg","contentUrl":"https:\/\/liviko.eu\/wp-content\/uploads\/2026\/01\/A4-Tootmisjuht-tookuulutus-2026.jpg","width":1080,"height":1528},{"@type":"BreadcrumbList","@id":"https:\/\/liviko.eu\/et\/meist\/toota-meiega\/otsime-personalispetsialisti\/#breadcrumb","itemListElement":[{"@type":"ListItem","position":1,"name":"Home","item":"https:\/\/liviko.eu\/et\/"},{"@type":"ListItem","position":2,"name":"Meist","item":"https:\/\/liviko.eu\/et\/meist\/"},{"@type":"ListItem","position":3,"name":"T\u00f6\u00f6ta meiega","item":"https:\/\/liviko.eu\/et\/meist\/toota-meiega\/"},{"@type":"ListItem","position":4,"name":"Otsime personalispetsialisti"}]},{"@type":"WebSite","@id":"https:\/\/liviko.eu\/et\/#website","url":"https:\/\/liviko.eu\/et\/","name":"Liviko","description":"anno 1898","publisher":{"@id":"https:\/\/liviko.eu\/et\/#organization"},"potentialAction":[{"@type":"SearchAction","target":{"@type":"EntryPoint","urlTemplate":"https:\/\/liviko.eu\/et\/?s={search_term_string}"},"query-input":{"@type":"PropertyValueSpecification","valueRequired":true,"valueName":"search_term_string"}}],"inLanguage":"et"},{"@type":"Organization","@id":"https:\/\/liviko.eu\/et\/#organization","name":"Liviko","url":"https:\/\/liviko.eu\/et\/","logo":{"@type":"ImageObject","inLanguage":"et","@id":"https:\/\/liviko.eu\/et\/#\/schema\/logo\/image\/","url":"https:\/\/liviko.eu\/wp-content\/uploads\/2020\/10\/liviko_logo.png","contentUrl":"https:\/\/liviko.eu\/wp-content\/uploads\/2020\/10\/liviko_logo.png","width":515,"height":181,"caption":"Liviko"},"image":{"@id":"https:\/\/liviko.eu\/et\/#\/schema\/logo\/image\/"},"sameAs":["https:\/\/www.facebook.com\/LivikoDistillery\/","https:\/\/www.instagram.com\/livikodistillery","https:\/\/www.linkedin.com\/company\/liviko\/","https:\/\/www.youtube.com\/channel\/UCnoHr-PaNxBHJO8nMDLVGuA"]}]}},"_links":{"self":[{"href":"https:\/\/liviko.eu\/et\/wp-json\/wp\/v2\/pages\/58129","targetHints":{"allow":["GET"]}}],"collection":[{"href":"https:\/\/liviko.eu\/et\/wp-json\/wp\/v2\/pages"}],"about":[{"href":"https:\/\/liviko.eu\/et\/wp-json\/wp\/v2\/types\/page"}],"author":[{"embeddable":true,"href":"https:\/\/liviko.eu\/et\/wp-json\/wp\/v2\/users\/17"}],"replies":[{"embeddable":true,"href":"https:\/\/liviko.eu\/et\/wp-json\/wp\/v2\/comments?post=58129"}],"version-history":[{"count":1,"href":"https:\/\/liviko.eu\/et\/wp-json\/wp\/v2\/pages\/58129\/revisions"}],"predecessor-version":[{"id":58135,"href":"https:\/\/liviko.eu\/et\/wp-json\/wp\/v2\/pages\/58129\/revisions\/58135"}],"up":[{"embeddable":true,"href":"https:\/\/liviko.eu\/et\/wp-json\/wp\/v2\/pages\/233"}],"wp:featuredmedia":[{"embeddable":true,"href":"https:\/\/liviko.eu\/et\/wp-json\/wp\/v2\/media\/57040"}],"wp:attachment":[{"href":"https:\/\/liviko.eu\/et\/wp-json\/wp\/v2\/media?parent=58129"}],"wp:term":[{"taxonomy":"category","embeddable":true,"href":"https:\/\/liviko.eu\/et\/wp-json\/wp\/v2\/categories?post=58129"}],"curies":[{"name":"wp","href":"https:\/\/api.w.org\/{rel}","templated":true}]}}