{"id":851,"date":"2020-07-06T11:57:40","date_gmt":"2020-07-06T11:57:40","guid":{"rendered":"http:\/\/liviko.eu\/tootmine\/ginger-duke\/"},"modified":"2023-11-22T08:16:47","modified_gmt":"2023-11-22T08:16:47","slug":"ginger-duke","status":"publish","type":"page","link":"https:\/\/liviko.eu\/et\/tootmine\/ginger-duke\/","title":{"rendered":"Ginger Duke"},"content":{"rendered":"<div id=\"mediaBlock-block_822958cbc4981c02014549ef79f4e109\" class=\" c-contentBlock c-mediaBlock c-mediaBlock--align-left c-mediaBlock--valign-center c-mediaBlock--size-extra-small c-mediaBlock--imageHeight-small\" data-block-type=\"Media block\">\n   \n                \n     <div class=\"c-mediaBlock__media\" style=\"\"\">\n        <img fetchpriority=\"high\" decoding=\"async\" width=\"271\" height=\"1000\" src=\"https:\/\/liviko.eu\/wp-content\/uploads\/2020\/08\/Ginger-Duke-750-ml-WEB.png\" class=\"c-mediaBlock__image\" alt=\"GINGER DUKE\" srcset=\"https:\/\/liviko.eu\/wp-content\/uploads\/2020\/08\/Ginger-Duke-750-ml-WEB.png 271w, https:\/\/liviko.eu\/wp-content\/uploads\/2020\/08\/Ginger-Duke-750-ml-WEB-249x920.png 249w, https:\/\/liviko.eu\/wp-content\/uploads\/2020\/08\/Ginger-Duke-750-ml-WEB-87x320.png 87w\" sizes=\"(max-width: 271px) 100vw, 271px\" \/>    <\/div>\n     <div class=\"c-mediaBlock__body\">\n                    <h2 class=\"c-mediaBlock__title\">GINGER DUKE<\/h2>\n                <div class=\"c-mediaBlock__content\">\n            <div class=\"t-text\">\n            <p>Alkoholivaba ingverijook, mis ei ravi midagi, aga aitab k\u00f5ige vastu.<\/p>\n<p>Ginger Duke\u00a0on peene maitse ja aristokraatlike juurtega elunautija. Seiklusteotsijast maailmar\u00e4ndur, kellel on alati v\u00fcrtsikaid lugusid ja p\u00f5nevaid retsepte jagada. Ginger seisab igap\u00e4evaelu pisiasjadest k\u00f5rgemal, kuid tunneb samas k\u00f5ige vastu siirast huvi ning on valmis alati aitama. Positiivne, s\u00e4rava naeratuse ja vastupandamatu huumoriga. Kui Ginger ruumi siseneb, p\u00f6\u00f6rduvad k\u00f5igi pilgud temale. Karismaatiline seltskonna hing \u2013 ideaalse s\u00f5bra mustern\u00e4ide ning iga daami unistus.<\/p>\n<p>See jook on tema elut\u00f6\u00f6. Ja katsu sa aru saada, kumb selle s\u00e4rtsakamaks teeb\u00a0\u2013\u00a0ingver v\u00f5i see p\u00fcsimatu s\u00fcda, mille ta pudelisse pani.<\/p>\n<p>Ginger Duke on kauni merevaiguse tooniga alkoholivaba ingverijook. Ginger Duke aroomis tulevad esile mesine ingver ja magusad v\u00fcrtsid. Maitses domineerib v\u00fcrtsikas v\u00e4rske ingver. Tunda on k\u00fcpseid tsitruselisi, s\u00e4rtsakaid v\u00fcrtse ja pipart. Pikka j\u00e4relmaitset saadavad \u00fclek\u00fcpsenud magusad tsitrusviljad ja erksa ingveri v\u00fcrtsikus.<\/p>\n<p>Ginger Duke sobib tarbimiseks nii <em>shot<\/em>\u2019ina, segatuna mulliveega kui ka maitseks kokteilidesse. Ingverijooki saab maitsete rikastamiseks kasutada ka Aasia k\u00f6\u00f6gi toitudes.<\/p>\n<p>Avatud ingverijooki hoida suletuna k\u00fclmkapis, tarbida kuu jooksul p\u00e4rast avamist.<\/p>\n<p>Ginger Duke on gluteenivaba ja vegan.<\/p>\n<p><a href=\"https:\/\/gingerduke.eu\/\">gingerduke.eu<\/a><\/p>\n<h3><strong>Auhinnad:<\/strong><\/h3>\n<ul>\n<li>Eesti Parim Jook 2023- Parim alkoholivaba jook- kuldmedal<\/li>\n<\/ul>\n            <\/div>\n                            \n        <\/div>\n    <\/div>\n<\/div>\n\n\n<div id=\"spacer-block_b55337e1f4baa35aec68c9829533886d\" class=\"c-contentBlock c-spacerContainer\"  data-block-type=\"Spacer\">\n   <hr class=\"  c-spacer c-spacer--size-3 c-spacer--line\" >\n<\/div>\n\n\n\n<div id=\"relatedItems-block_82ef8b904d31e4e6548862be76813f43\" class=\" c-contentBlock c-relatedItems\" data-block-type=\"Related items\" >\n   \n            <h2 class=\"c-relatedItems__title \">SARNASED TOOTED<\/h2>\n     \n    <div class=\"c-relatedItems__content\">\n\n\n    \n\n             \n         \n                \n\n            <a class=\"c-relatedItems__item \" href=\"https:\/\/liviko.eu\/et\/tootmine\/re-crafted-crafters\/\">\n                \n                \n                    <div class=\"c-relatedItems__item-imageContainer\" >\n                        <img decoding=\"async\" width=\"82\" height=\"320\" src=\"https:\/\/liviko.eu\/wp-content\/uploads\/2020\/08\/Crafters-Re-Crafted-Junibeer-FULL-82x320.png\" class=\"c-relatedItems__item-image\" alt=\"Re-crafted Crafter&#039;s\" srcset=\"https:\/\/liviko.eu\/wp-content\/uploads\/2020\/08\/Crafters-Re-Crafted-Junibeer-FULL-82x320.png 82w, https:\/\/liviko.eu\/wp-content\/uploads\/2020\/08\/Crafters-Re-Crafted-Junibeer-FULL-236x920.png 236w, https:\/\/liviko.eu\/wp-content\/uploads\/2020\/08\/Crafters-Re-Crafted-Junibeer-FULL-350x1366.png 350w, https:\/\/liviko.eu\/wp-content\/uploads\/2020\/08\/Crafters-Re-Crafted-Junibeer-FULL-768x2999.png 768w, https:\/\/liviko.eu\/wp-content\/uploads\/2020\/08\/Crafters-Re-Crafted-Junibeer-FULL-393x1536.png 393w, https:\/\/liviko.eu\/wp-content\/uploads\/2020\/08\/Crafters-Re-Crafted-Junibeer-FULL-524x2048.png 524w, https:\/\/liviko.eu\/wp-content\/uploads\/2020\/08\/Crafters-Re-Crafted-Junibeer-FULL.png 1558w\" sizes=\"(max-width: 82px) 100vw, 82px\" \/>                    <\/div>\n                    <div class=\"c-relatedItems__item-details\">\n                        <h3 class=\"c-relatedItems__item-title\">Re-crafted Crafter&#8217;s<\/h3>                                            <\/div>\n                \n            <\/a>\n            \n        \n                \n\n            <a class=\"c-relatedItems__item \" href=\"https:\/\/liviko.eu\/et\/tootmine\/starter\/\">\n                \n                \n                    <div class=\"c-relatedItems__item-imageContainer\" >\n                        <img decoding=\"async\" width=\"86\" height=\"320\" src=\"https:\/\/liviko.eu\/wp-content\/uploads\/2020\/08\/Starter-Original-FULL-86x320.png\" class=\"c-relatedItems__item-image\" alt=\"Starter\" srcset=\"https:\/\/liviko.eu\/wp-content\/uploads\/2020\/08\/Starter-Original-FULL-86x320.png 86w, https:\/\/liviko.eu\/wp-content\/uploads\/2020\/08\/Starter-Original-FULL-248x920.png 248w, https:\/\/liviko.eu\/wp-content\/uploads\/2020\/08\/Starter-Original-FULL-368x1366.png 368w, https:\/\/liviko.eu\/wp-content\/uploads\/2020\/08\/Starter-Original-FULL-768x2848.png 768w, https:\/\/liviko.eu\/wp-content\/uploads\/2020\/08\/Starter-Original-FULL-414x1536.png 414w, https:\/\/liviko.eu\/wp-content\/uploads\/2020\/08\/Starter-Original-FULL-552x2048.png 552w, https:\/\/liviko.eu\/wp-content\/uploads\/2020\/08\/Starter-Original-FULL.png 1726w\" sizes=\"(max-width: 86px) 100vw, 86px\" \/>                    <\/div>\n                    <div class=\"c-relatedItems__item-details\">\n                        <h3 class=\"c-relatedItems__item-title\">Starter<\/h3>                                            <\/div>\n                \n            <\/a>\n            \n        \n                \n\n            <a class=\"c-relatedItems__item \" href=\"https:\/\/liviko.eu\/et\/liviko\/corsaro-aperitivo\/\">\n                \n                \n                    <div class=\"c-relatedItems__item-imageContainer\" >\n                        <img loading=\"lazy\" decoding=\"async\" width=\"86\" height=\"320\" src=\"https:\/\/liviko.eu\/wp-content\/uploads\/2023\/03\/Corsaro-368x1366-1-86x320.jpg\" class=\"c-relatedItems__item-image\" alt=\"Corsaro Aperitivo\" srcset=\"https:\/\/liviko.eu\/wp-content\/uploads\/2023\/03\/Corsaro-368x1366-1-86x320.jpg 86w, https:\/\/liviko.eu\/wp-content\/uploads\/2023\/03\/Corsaro-368x1366-1-248x920.jpg 248w, https:\/\/liviko.eu\/wp-content\/uploads\/2023\/03\/Corsaro-368x1366-1-162x603.jpg 162w, https:\/\/liviko.eu\/wp-content\/uploads\/2023\/03\/Corsaro-368x1366-1.jpg 368w\" sizes=\"(max-width: 86px) 100vw, 86px\" \/>                    <\/div>\n                    <div class=\"c-relatedItems__item-details\">\n                        <h3 class=\"c-relatedItems__item-title\">Corsaro Aperitivo<\/h3>                                            <\/div>\n                \n            <\/a>\n            \n                <\/div>\n<\/div>\n","protected":false},"excerpt":{"rendered":"","protected":false},"author":1,"featured_media":0,"parent":172,"menu_order":6,"comment_status":"closed","ping_status":"closed","template":"page-templates\/page-product.php","meta":{"_acf_changed":false,"inline_featured_image":false,"_monsterinsights_skip_tracking":false,"_monsterinsights_sitenote_active":false,"_monsterinsights_sitenote_note":"","_monsterinsights_sitenote_category":0,"footnotes":""},"categories":[35],"class_list":["post-851","page","type-page","status-publish","hentry","category-non-alcohol"],"acf":[],"yoast_head":"<!-- This site is optimized with the Yoast SEO plugin v24.0 - https:\/\/yoast.com\/wordpress\/plugins\/seo\/ -->\n<title>Ginger Duke - Liviko<\/title>\n<meta name=\"robots\" content=\"index, follow, max-snippet:-1, max-image-preview:large, max-video-preview:-1\" \/>\n<link rel=\"canonical\" href=\"https:\/\/liviko.eu\/et\/tootmine\/ginger-duke\/\" \/>\n<meta property=\"og:locale\" content=\"et_EE\" \/>\n<meta property=\"og:type\" content=\"article\" \/>\n<meta property=\"og:title\" content=\"Ginger Duke - Liviko\" \/>\n<meta property=\"og:url\" content=\"https:\/\/liviko.eu\/et\/tootmine\/ginger-duke\/\" \/>\n<meta property=\"og:site_name\" content=\"Liviko\" \/>\n<meta property=\"article:publisher\" content=\"https:\/\/www.facebook.com\/LivikoDistillery\/\" \/>\n<meta property=\"article:modified_time\" content=\"2023-11-22T08:16:47+00:00\" \/>\n<meta name=\"twitter:card\" content=\"summary_large_image\" \/>\n<script type=\"application\/ld+json\" class=\"yoast-schema-graph\">{\"@context\":\"https:\/\/schema.org\",\"@graph\":[{\"@type\":\"WebPage\",\"@id\":\"https:\/\/liviko.eu\/et\/tootmine\/ginger-duke\/\",\"url\":\"https:\/\/liviko.eu\/et\/tootmine\/ginger-duke\/\",\"name\":\"Ginger Duke - Liviko\",\"isPartOf\":{\"@id\":\"https:\/\/liviko.eu\/et\/#website\"},\"datePublished\":\"2020-07-06T11:57:40+00:00\",\"dateModified\":\"2023-11-22T08:16:47+00:00\",\"breadcrumb\":{\"@id\":\"https:\/\/liviko.eu\/et\/tootmine\/ginger-duke\/#breadcrumb\"},\"inLanguage\":\"et\",\"potentialAction\":[{\"@type\":\"ReadAction\",\"target\":[\"https:\/\/liviko.eu\/et\/tootmine\/ginger-duke\/\"]}]},{\"@type\":\"BreadcrumbList\",\"@id\":\"https:\/\/liviko.eu\/et\/tootmine\/ginger-duke\/#breadcrumb\",\"itemListElement\":[{\"@type\":\"ListItem\",\"position\":1,\"name\":\"Home\",\"item\":\"https:\/\/liviko.eu\/et\/\"},{\"@type\":\"ListItem\",\"position\":2,\"name\":\"Tootmine\",\"item\":\"https:\/\/liviko.eu\/et\/tootmine\/\"},{\"@type\":\"ListItem\",\"position\":3,\"name\":\"Ginger Duke\"}]},{\"@type\":\"WebSite\",\"@id\":\"https:\/\/liviko.eu\/et\/#website\",\"url\":\"https:\/\/liviko.eu\/et\/\",\"name\":\"Liviko\",\"description\":\"anno 1898\",\"publisher\":{\"@id\":\"https:\/\/liviko.eu\/et\/#organization\"},\"potentialAction\":[{\"@type\":\"SearchAction\",\"target\":{\"@type\":\"EntryPoint\",\"urlTemplate\":\"https:\/\/liviko.eu\/et\/?s={search_term_string}\"},\"query-input\":{\"@type\":\"PropertyValueSpecification\",\"valueRequired\":true,\"valueName\":\"search_term_string\"}}],\"inLanguage\":\"et\"},{\"@type\":\"Organization\",\"@id\":\"https:\/\/liviko.eu\/et\/#organization\",\"name\":\"Liviko\",\"url\":\"https:\/\/liviko.eu\/et\/\",\"logo\":{\"@type\":\"ImageObject\",\"inLanguage\":\"et\",\"@id\":\"https:\/\/liviko.eu\/et\/#\/schema\/logo\/image\/\",\"url\":\"https:\/\/liviko.eu\/wp-content\/uploads\/2020\/10\/liviko_logo.png\",\"contentUrl\":\"https:\/\/liviko.eu\/wp-content\/uploads\/2020\/10\/liviko_logo.png\",\"width\":515,\"height\":181,\"caption\":\"Liviko\"},\"image\":{\"@id\":\"https:\/\/liviko.eu\/et\/#\/schema\/logo\/image\/\"},\"sameAs\":[\"https:\/\/www.facebook.com\/LivikoDistillery\/\",\"https:\/\/www.instagram.com\/livikodistillery\",\"https:\/\/www.linkedin.com\/company\/liviko\/\",\"https:\/\/www.youtube.com\/channel\/UCnoHr-PaNxBHJO8nMDLVGuA\"]}]}<\/script>\n<!-- \/ Yoast SEO plugin. -->","yoast_head_json":{"title":"Ginger Duke - Liviko","robots":{"index":"index","follow":"follow","max-snippet":"max-snippet:-1","max-image-preview":"max-image-preview:large","max-video-preview":"max-video-preview:-1"},"canonical":"https:\/\/liviko.eu\/et\/tootmine\/ginger-duke\/","og_locale":"et_EE","og_type":"article","og_title":"Ginger Duke - Liviko","og_url":"https:\/\/liviko.eu\/et\/tootmine\/ginger-duke\/","og_site_name":"Liviko","article_publisher":"https:\/\/www.facebook.com\/LivikoDistillery\/","article_modified_time":"2023-11-22T08:16:47+00:00","twitter_card":"summary_large_image","schema":{"@context":"https:\/\/schema.org","@graph":[{"@type":"WebPage","@id":"https:\/\/liviko.eu\/et\/tootmine\/ginger-duke\/","url":"https:\/\/liviko.eu\/et\/tootmine\/ginger-duke\/","name":"Ginger Duke - Liviko","isPartOf":{"@id":"https:\/\/liviko.eu\/et\/#website"},"datePublished":"2020-07-06T11:57:40+00:00","dateModified":"2023-11-22T08:16:47+00:00","breadcrumb":{"@id":"https:\/\/liviko.eu\/et\/tootmine\/ginger-duke\/#breadcrumb"},"inLanguage":"et","potentialAction":[{"@type":"ReadAction","target":["https:\/\/liviko.eu\/et\/tootmine\/ginger-duke\/"]}]},{"@type":"BreadcrumbList","@id":"https:\/\/liviko.eu\/et\/tootmine\/ginger-duke\/#breadcrumb","itemListElement":[{"@type":"ListItem","position":1,"name":"Home","item":"https:\/\/liviko.eu\/et\/"},{"@type":"ListItem","position":2,"name":"Tootmine","item":"https:\/\/liviko.eu\/et\/tootmine\/"},{"@type":"ListItem","position":3,"name":"Ginger Duke"}]},{"@type":"WebSite","@id":"https:\/\/liviko.eu\/et\/#website","url":"https:\/\/liviko.eu\/et\/","name":"Liviko","description":"anno 1898","publisher":{"@id":"https:\/\/liviko.eu\/et\/#organization"},"potentialAction":[{"@type":"SearchAction","target":{"@type":"EntryPoint","urlTemplate":"https:\/\/liviko.eu\/et\/?s={search_term_string}"},"query-input":{"@type":"PropertyValueSpecification","valueRequired":true,"valueName":"search_term_string"}}],"inLanguage":"et"},{"@type":"Organization","@id":"https:\/\/liviko.eu\/et\/#organization","name":"Liviko","url":"https:\/\/liviko.eu\/et\/","logo":{"@type":"ImageObject","inLanguage":"et","@id":"https:\/\/liviko.eu\/et\/#\/schema\/logo\/image\/","url":"https:\/\/liviko.eu\/wp-content\/uploads\/2020\/10\/liviko_logo.png","contentUrl":"https:\/\/liviko.eu\/wp-content\/uploads\/2020\/10\/liviko_logo.png","width":515,"height":181,"caption":"Liviko"},"image":{"@id":"https:\/\/liviko.eu\/et\/#\/schema\/logo\/image\/"},"sameAs":["https:\/\/www.facebook.com\/LivikoDistillery\/","https:\/\/www.instagram.com\/livikodistillery","https:\/\/www.linkedin.com\/company\/liviko\/","https:\/\/www.youtube.com\/channel\/UCnoHr-PaNxBHJO8nMDLVGuA"]}]}},"_links":{"self":[{"href":"https:\/\/liviko.eu\/et\/wp-json\/wp\/v2\/pages\/851","targetHints":{"allow":["GET"]}}],"collection":[{"href":"https:\/\/liviko.eu\/et\/wp-json\/wp\/v2\/pages"}],"about":[{"href":"https:\/\/liviko.eu\/et\/wp-json\/wp\/v2\/types\/page"}],"author":[{"embeddable":true,"href":"https:\/\/liviko.eu\/et\/wp-json\/wp\/v2\/users\/1"}],"replies":[{"embeddable":true,"href":"https:\/\/liviko.eu\/et\/wp-json\/wp\/v2\/comments?post=851"}],"version-history":[{"count":52,"href":"https:\/\/liviko.eu\/et\/wp-json\/wp\/v2\/pages\/851\/revisions"}],"predecessor-version":[{"id":50971,"href":"https:\/\/liviko.eu\/et\/wp-json\/wp\/v2\/pages\/851\/revisions\/50971"}],"up":[{"embeddable":true,"href":"https:\/\/liviko.eu\/et\/wp-json\/wp\/v2\/pages\/172"}],"wp:attachment":[{"href":"https:\/\/liviko.eu\/et\/wp-json\/wp\/v2\/media?parent=851"}],"wp:term":[{"taxonomy":"category","embeddable":true,"href":"https:\/\/liviko.eu\/et\/wp-json\/wp\/v2\/categories?post=851"}],"curies":[{"name":"wp","href":"https:\/\/api.w.org\/{rel}","templated":true}]}}