{"id":855,"date":"2020-07-06T11:56:55","date_gmt":"2020-07-06T11:56:55","guid":{"rendered":"http:\/\/liviko.eu\/tootmine\/glogg\/"},"modified":"2025-06-18T11:28:05","modified_gmt":"2025-06-18T11:28:05","slug":"glogg","status":"publish","type":"page","link":"https:\/\/liviko.eu\/et\/tootmine\/glogg\/","title":{"rendered":"Gl\u00f6gi"},"content":{"rendered":"<div id=\"mediaBlock-block_b699aee261c93dacd5a485f904b4d33b\" class=\" c-contentBlock c-mediaBlock c-mediaBlock--align-left c-mediaBlock--valign-center c-mediaBlock--size-extra-small c-mediaBlock--imageHeight-small\" data-block-type=\"Media block\">\n   \n                \n     <div class=\"c-mediaBlock__media\" style=\"\"\">\n        <img fetchpriority=\"high\" decoding=\"async\" width=\"343\" height=\"1366\" src=\"https:\/\/liviko.eu\/wp-content\/uploads\/2023\/10\/Vana-Tallinn-Glogi-FULL-343x1366.png\" class=\"c-mediaBlock__image\" alt=\"VANA TALLINN GL\u00d6GI\" srcset=\"https:\/\/liviko.eu\/wp-content\/uploads\/2023\/10\/Vana-Tallinn-Glogi-FULL-343x1366.png 343w, https:\/\/liviko.eu\/wp-content\/uploads\/2023\/10\/Vana-Tallinn-Glogi-FULL-231x920.png 231w, https:\/\/liviko.eu\/wp-content\/uploads\/2023\/10\/Vana-Tallinn-Glogi-FULL-768x3059.png 768w, https:\/\/liviko.eu\/wp-content\/uploads\/2023\/10\/Vana-Tallinn-Glogi-FULL-386x1536.png 386w, https:\/\/liviko.eu\/wp-content\/uploads\/2023\/10\/Vana-Tallinn-Glogi-FULL-514x2048.png 514w, https:\/\/liviko.eu\/wp-content\/uploads\/2023\/10\/Vana-Tallinn-Glogi-FULL-80x320.png 80w, https:\/\/liviko.eu\/wp-content\/uploads\/2023\/10\/Vana-Tallinn-Glogi-FULL.png 1811w\" sizes=\"(max-width: 343px) 100vw, 343px\" \/>    <\/div>\n     <div class=\"c-mediaBlock__body\">\n                    <h2 class=\"c-mediaBlock__title\">VANA TALLINN GL\u00d6GI<\/h2>\n                <div class=\"c-mediaBlock__content\">\n            <div class=\"t-text\">\n            <p>Vana Tallinn Gl\u00f6gi on Eestis enim m\u00fc\u00fcdud ja k\u00f5ige armastatum gl\u00f6gi. Klassikalisest Vana Tallinna lik\u00f6\u00f6rist ja kvaliteetsest punasest veinist valmistatud gl\u00f6gi maitses ja aroomis m\u00e4ngivad olulist rolli soojendavad v\u00fcrtsid.<\/p>\n<p>Vana Tallinn Gl\u00f6gi valmimise protsess v\u00f5tab aega umbes kuu. Retseptis on aukohal legendaarne Vana Tallinna lik\u00f6\u00f6r, mille k\u00f5rvale on valitud kvaliteetne ja h\u00f5rk viinamarjavein. Gl\u00f6gi maitsepaletti t\u00e4iustavad hoolega valitud v\u00fcrtsid. T\u00e4psust ja t\u00e4helepanu n\u00f5udva protsessi tulemusel valmib t\u00f5eliselt meeldiva maitse ja l\u00f5hnabuketiga jook.<\/p>\n<p>Serveerida kuumutatult. Soovi korral lisada maitseks rosinaid, p\u00e4hkleid, mandleid, kaneelipulki ja miks mitte ka \u00fcks apelsiniviil.<\/p>\n<div class=\"product__usage\">\n<p><a href=\"http:\/\/www.vanatallinn.eu\/\">vanatallinn.eu<\/a><\/p>\n<\/div>\n            <\/div>\n                            \n        <\/div>\n    <\/div>\n<\/div>\n\n\n<div id=\"featureBlocks-block_382531438041fe8a859a229ce3fd5a3c\" class=\" c-contentBlock c-featureBlocks c-featureBlocks--type-expanded c-featureBlocks--grid-columns\" data-block-type=\"Feature blocks: expanded\">\n   <div class=\"c-featureBlocksGroup\">\n\n\n                          <div class=\"c-featureBlocks__item\">\n                \n                \n                    <div class=\"c-featureBlocks__item-block\"    >\n\n                                                                                            <div class=\"c-featureBlock__imageContainer\">\n                                <img decoding=\"async\" width=\"800\" height=\"800\" src=\"https:\/\/liviko.eu\/wp-content\/uploads\/2020\/09\/usp2.jpg\" class=\"c-featureBlock__image\" alt=\"\" srcset=\"https:\/\/liviko.eu\/wp-content\/uploads\/2020\/09\/usp2.jpg 800w, https:\/\/liviko.eu\/wp-content\/uploads\/2020\/09\/usp2-480x480.jpg 480w, https:\/\/liviko.eu\/wp-content\/uploads\/2020\/09\/usp2-768x768.jpg 768w, https:\/\/liviko.eu\/wp-content\/uploads\/2020\/09\/usp2-320x320.jpg 320w\" sizes=\"(max-width: 800px) 100vw, 800px\" \/>                                <\/div>\n                               \n\n                            <div class=\"c-featureBlocks__item-body\">\n                                    <h3 class=\"c-featureBlocks__item-title\"><\/h3>\n                                    <div class=\"t-text\">\n                                        <p style=\"text-align: left;\"><strong>Aegan\u00f5udev tootmisprotsess<br \/>\n<\/strong>Vana Tallinn Gl\u00f6gi valmimise protsess v\u00f5tab aega umbes kuu. Esmalt tuleb teha eri maitsetaimedest ja v\u00fcrtsidest t\u00f5mmised. Seej\u00e4rel valmistatakse lik\u00f6\u00f6rimeistrite retsepti j\u00e4rgi gl\u00f6gi, mida k\u00fclmt\u00f6\u00f6deldakse ja filtreeritakse. Alles seej\u00e4rel villitakse gl\u00f6gi pudelitesse.<\/p>\n<p>&nbsp;<\/p>\n<p>&nbsp;<\/p>\n                                    <\/div>\n                            <\/div>\n\n                    <\/div>    \n                        \n\n\n                            \n            <\/div>\n            \n                    <div class=\"c-featureBlocks__item\">\n                \n                \n                    <div class=\"c-featureBlocks__item-block\"    >\n\n                                                                                            <div class=\"c-featureBlock__imageContainer\">\n                                <img decoding=\"async\" width=\"800\" height=\"800\" src=\"https:\/\/liviko.eu\/wp-content\/uploads\/2020\/09\/usp3-1.jpg\" class=\"c-featureBlock__image\" alt=\"\" srcset=\"https:\/\/liviko.eu\/wp-content\/uploads\/2020\/09\/usp3-1.jpg 800w, https:\/\/liviko.eu\/wp-content\/uploads\/2020\/09\/usp3-1-480x480.jpg 480w, https:\/\/liviko.eu\/wp-content\/uploads\/2020\/09\/usp3-1-768x768.jpg 768w, https:\/\/liviko.eu\/wp-content\/uploads\/2020\/09\/usp3-1-320x320.jpg 320w\" sizes=\"(max-width: 800px) 100vw, 800px\" \/>                                <\/div>\n                               \n\n                            <div class=\"c-featureBlocks__item-body\">\n                                    <h3 class=\"c-featureBlocks__item-title\"><\/h3>\n                                    <div class=\"t-text\">\n                                        <p><strong>Legendaarsed maitsed<\/strong><br \/>\nVana Tallinna Gl\u00f6gi iseloomulik, pisut v\u00fcrtsikas maitse p\u00e4rineb loomulikult legendaarsest Vana Tallinna lik\u00f6\u00f6rist. Maitses v\u00f5ib tunda erinevaid \u00fcrte ja maitseid, nagu kaneeli, t\u00e4htaniisi, vanilli ja pisut tsitruselisi.<\/p>\n                                    <\/div>\n                            <\/div>\n\n                    <\/div>    \n                        \n\n\n                            \n            <\/div>\n            \n                    <div class=\"c-featureBlocks__item\">\n                \n                \n                    <div class=\"c-featureBlocks__item-block\"    >\n\n                                                                                            <div class=\"c-featureBlock__imageContainer\">\n                                <img loading=\"lazy\" decoding=\"async\" width=\"768\" height=\"768\" src=\"https:\/\/liviko.eu\/wp-content\/uploads\/2023\/10\/Glogi_768x768.jpg\" class=\"c-featureBlock__image\" alt=\"\" srcset=\"https:\/\/liviko.eu\/wp-content\/uploads\/2023\/10\/Glogi_768x768.jpg 768w, https:\/\/liviko.eu\/wp-content\/uploads\/2023\/10\/Glogi_768x768-480x480.jpg 480w, https:\/\/liviko.eu\/wp-content\/uploads\/2023\/10\/Glogi_768x768-320x320.jpg 320w, https:\/\/liviko.eu\/wp-content\/uploads\/2023\/10\/Glogi_768x768-603x603.jpg 603w\" sizes=\"(max-width: 768px) 100vw, 768px\" \/>                                <\/div>\n                               \n\n                            <div class=\"c-featureBlocks__item-body\">\n                                    <h3 class=\"c-featureBlocks__item-title\"><\/h3>\n                                    <div class=\"t-text\">\n                                        <p><strong>Pudeli disain<\/strong><br \/>\nKlassikalise Vana Tallinna lik\u00f6\u00f6ri tornikujuline pudel on inspireeritud Tallinna vanalinnast ja kujutab UNESCO maailmap\u00e4randi nimistusse kuuluva keskaegse linnam\u00fc\u00fcri torne. Pudeli etiketi kujundus on inspireeritud p\u00f5hjamaiselt kargetest talve\u00f5htutest, mil v\u00fcrtsikad maitsed pakuvad meeldivat v\u00f5imalust soojendamiseks.<\/p>\n                                    <\/div>\n                            <\/div>\n\n                    <\/div>    \n                        \n\n\n                            \n            <\/div>\n            \n                <div class=\"c-featureBlocks__item c-featureBlocks__item--empty\"><\/div>\n    <div class=\"c-featureBlocks__item c-featureBlocks__item--empty\"><\/div>\n    <\/div>\n<\/div>\n\n\n\n<div id=\"spacer-block_23416b0d61dafb7b7f6cff5dd5eda47e\" class=\"c-contentBlock c-spacerContainer\"  data-block-type=\"Spacer\">\n   <hr class=\"  c-spacer c-spacer--size-3 c-spacer--line\" >\n<\/div>\n\n\n\n<div id=\"relatedItems-block_24ef500dd7fd91f1d772034f655a6000\" class=\" c-contentBlock c-relatedItems\" data-block-type=\"Related items\" >\n   \n            <h2 class=\"c-relatedItems__title \">SARNASED TOOTED<\/h2>\n     \n    <div class=\"c-relatedItems__content\">\n\n\n    \n\n             \n         \n                \n\n            <a class=\"c-relatedItems__item \" href=\"https:\/\/liviko.eu\/et\/tootmine\/vana-tallinn\/\">\n                \n                \n                    <div class=\"c-relatedItems__item-imageContainer\" >\n                        <img loading=\"lazy\" decoding=\"async\" width=\"82\" height=\"320\" src=\"https:\/\/liviko.eu\/wp-content\/uploads\/2020\/10\/vanatallinn-82x320.jpg\" class=\"c-relatedItems__item-image\" alt=\"Vana Tallinn\" srcset=\"https:\/\/liviko.eu\/wp-content\/uploads\/2020\/10\/vanatallinn-82x320.jpg 82w, https:\/\/liviko.eu\/wp-content\/uploads\/2020\/10\/vanatallinn.jpg 235w\" sizes=\"(max-width: 82px) 100vw, 82px\" \/>                    <\/div>\n                    <div class=\"c-relatedItems__item-details\">\n                        <h3 class=\"c-relatedItems__item-title\">Vana Tallinn<\/h3>                                            <\/div>\n                \n            <\/a>\n            \n        \n                \n\n            <a class=\"c-relatedItems__item \" href=\"https:\/\/liviko.eu\/et\/tootmine\/vana-tallinn-cream\/\">\n                \n                \n                    <div class=\"c-relatedItems__item-imageContainer\" >\n                        <img loading=\"lazy\" decoding=\"async\" width=\"116\" height=\"320\" src=\"https:\/\/liviko.eu\/wp-content\/uploads\/2020\/08\/VT-Cream_Original-1-116x320.png\" class=\"c-relatedItems__item-image\" alt=\"Vana Tallinn Cream\" srcset=\"https:\/\/liviko.eu\/wp-content\/uploads\/2020\/08\/VT-Cream_Original-1-116x320.png 116w, https:\/\/liviko.eu\/wp-content\/uploads\/2020\/08\/VT-Cream_Original-1-334x920.png 334w, https:\/\/liviko.eu\/wp-content\/uploads\/2020\/08\/VT-Cream_Original-1-497x1366.png 497w, https:\/\/liviko.eu\/wp-content\/uploads\/2020\/08\/VT-Cream_Original-1-558x1536.png 558w, https:\/\/liviko.eu\/wp-content\/uploads\/2020\/08\/VT-Cream_Original-1.png 727w\" sizes=\"(max-width: 116px) 100vw, 116px\" \/>                    <\/div>\n                    <div class=\"c-relatedItems__item-details\">\n                        <h3 class=\"c-relatedItems__item-title\">Vana Tallinn Cream<\/h3>                                            <\/div>\n                \n            <\/a>\n            \n        \n                \n\n            <a class=\"c-relatedItems__item \" href=\"https:\/\/liviko.eu\/et\/tootmine\/ginger-duke\/\">\n                \n                \n                    <div class=\"c-relatedItems__item-imageContainer\" >\n                        <img loading=\"lazy\" decoding=\"async\" width=\"87\" height=\"320\" src=\"https:\/\/liviko.eu\/wp-content\/uploads\/2020\/08\/Ginger-Duke-750-ml-WEB-87x320.png\" class=\"c-relatedItems__item-image\" alt=\"Ginger Duke\" srcset=\"https:\/\/liviko.eu\/wp-content\/uploads\/2020\/08\/Ginger-Duke-750-ml-WEB-87x320.png 87w, https:\/\/liviko.eu\/wp-content\/uploads\/2020\/08\/Ginger-Duke-750-ml-WEB-249x920.png 249w, https:\/\/liviko.eu\/wp-content\/uploads\/2020\/08\/Ginger-Duke-750-ml-WEB.png 271w\" sizes=\"(max-width: 87px) 100vw, 87px\" \/>                    <\/div>\n                    <div class=\"c-relatedItems__item-details\">\n                        <h3 class=\"c-relatedItems__item-title\">Ginger Duke<\/h3>                                            <\/div>\n                \n            <\/a>\n            \n                <\/div>\n<\/div>\n\n\n\n<p><\/p>\n","protected":false},"excerpt":{"rendered":"","protected":false},"author":1,"featured_media":0,"parent":172,"menu_order":7,"comment_status":"closed","ping_status":"closed","template":"page-templates\/page-product.php","meta":{"_acf_changed":false,"inline_featured_image":false,"_monsterinsights_skip_tracking":false,"_monsterinsights_sitenote_active":false,"_monsterinsights_sitenote_note":"","_monsterinsights_sitenote_category":0,"footnotes":""},"categories":[39],"class_list":["post-855","page","type-page","status-publish","hentry","category-light-alcohol"],"acf":[],"yoast_head":"<!-- This site is optimized with the Yoast SEO plugin v24.0 - https:\/\/yoast.com\/wordpress\/plugins\/seo\/ -->\n<title>Gl\u00f6gi - Liviko<\/title>\n<meta name=\"robots\" content=\"index, follow, max-snippet:-1, max-image-preview:large, max-video-preview:-1\" \/>\n<link rel=\"canonical\" href=\"https:\/\/liviko.eu\/et\/tootmine\/glogg\/\" \/>\n<meta property=\"og:locale\" content=\"et_EE\" \/>\n<meta property=\"og:type\" content=\"article\" \/>\n<meta property=\"og:title\" content=\"Gl\u00f6gi - Liviko\" \/>\n<meta property=\"og:url\" content=\"https:\/\/liviko.eu\/et\/tootmine\/glogg\/\" \/>\n<meta property=\"og:site_name\" content=\"Liviko\" \/>\n<meta property=\"article:publisher\" content=\"https:\/\/www.facebook.com\/LivikoDistillery\/\" \/>\n<meta property=\"article:modified_time\" content=\"2025-06-18T11:28:05+00:00\" \/>\n<meta name=\"twitter:card\" content=\"summary_large_image\" \/>\n<script type=\"application\/ld+json\" class=\"yoast-schema-graph\">{\"@context\":\"https:\/\/schema.org\",\"@graph\":[{\"@type\":\"WebPage\",\"@id\":\"https:\/\/liviko.eu\/et\/tootmine\/glogg\/\",\"url\":\"https:\/\/liviko.eu\/et\/tootmine\/glogg\/\",\"name\":\"Gl\u00f6gi - Liviko\",\"isPartOf\":{\"@id\":\"https:\/\/liviko.eu\/et\/#website\"},\"datePublished\":\"2020-07-06T11:56:55+00:00\",\"dateModified\":\"2025-06-18T11:28:05+00:00\",\"breadcrumb\":{\"@id\":\"https:\/\/liviko.eu\/et\/tootmine\/glogg\/#breadcrumb\"},\"inLanguage\":\"et\",\"potentialAction\":[{\"@type\":\"ReadAction\",\"target\":[\"https:\/\/liviko.eu\/et\/tootmine\/glogg\/\"]}]},{\"@type\":\"BreadcrumbList\",\"@id\":\"https:\/\/liviko.eu\/et\/tootmine\/glogg\/#breadcrumb\",\"itemListElement\":[{\"@type\":\"ListItem\",\"position\":1,\"name\":\"Home\",\"item\":\"https:\/\/liviko.eu\/et\/\"},{\"@type\":\"ListItem\",\"position\":2,\"name\":\"Tootmine\",\"item\":\"https:\/\/liviko.eu\/et\/tootmine\/\"},{\"@type\":\"ListItem\",\"position\":3,\"name\":\"Gl\u00f6gi\"}]},{\"@type\":\"WebSite\",\"@id\":\"https:\/\/liviko.eu\/et\/#website\",\"url\":\"https:\/\/liviko.eu\/et\/\",\"name\":\"Liviko\",\"description\":\"anno 1898\",\"publisher\":{\"@id\":\"https:\/\/liviko.eu\/et\/#organization\"},\"potentialAction\":[{\"@type\":\"SearchAction\",\"target\":{\"@type\":\"EntryPoint\",\"urlTemplate\":\"https:\/\/liviko.eu\/et\/?s={search_term_string}\"},\"query-input\":{\"@type\":\"PropertyValueSpecification\",\"valueRequired\":true,\"valueName\":\"search_term_string\"}}],\"inLanguage\":\"et\"},{\"@type\":\"Organization\",\"@id\":\"https:\/\/liviko.eu\/et\/#organization\",\"name\":\"Liviko\",\"url\":\"https:\/\/liviko.eu\/et\/\",\"logo\":{\"@type\":\"ImageObject\",\"inLanguage\":\"et\",\"@id\":\"https:\/\/liviko.eu\/et\/#\/schema\/logo\/image\/\",\"url\":\"https:\/\/liviko.eu\/wp-content\/uploads\/2020\/10\/liviko_logo.png\",\"contentUrl\":\"https:\/\/liviko.eu\/wp-content\/uploads\/2020\/10\/liviko_logo.png\",\"width\":515,\"height\":181,\"caption\":\"Liviko\"},\"image\":{\"@id\":\"https:\/\/liviko.eu\/et\/#\/schema\/logo\/image\/\"},\"sameAs\":[\"https:\/\/www.facebook.com\/LivikoDistillery\/\",\"https:\/\/www.instagram.com\/livikodistillery\",\"https:\/\/www.linkedin.com\/company\/liviko\/\",\"https:\/\/www.youtube.com\/channel\/UCnoHr-PaNxBHJO8nMDLVGuA\"]}]}<\/script>\n<!-- \/ Yoast SEO plugin. -->","yoast_head_json":{"title":"Gl\u00f6gi - Liviko","robots":{"index":"index","follow":"follow","max-snippet":"max-snippet:-1","max-image-preview":"max-image-preview:large","max-video-preview":"max-video-preview:-1"},"canonical":"https:\/\/liviko.eu\/et\/tootmine\/glogg\/","og_locale":"et_EE","og_type":"article","og_title":"Gl\u00f6gi - Liviko","og_url":"https:\/\/liviko.eu\/et\/tootmine\/glogg\/","og_site_name":"Liviko","article_publisher":"https:\/\/www.facebook.com\/LivikoDistillery\/","article_modified_time":"2025-06-18T11:28:05+00:00","twitter_card":"summary_large_image","schema":{"@context":"https:\/\/schema.org","@graph":[{"@type":"WebPage","@id":"https:\/\/liviko.eu\/et\/tootmine\/glogg\/","url":"https:\/\/liviko.eu\/et\/tootmine\/glogg\/","name":"Gl\u00f6gi - Liviko","isPartOf":{"@id":"https:\/\/liviko.eu\/et\/#website"},"datePublished":"2020-07-06T11:56:55+00:00","dateModified":"2025-06-18T11:28:05+00:00","breadcrumb":{"@id":"https:\/\/liviko.eu\/et\/tootmine\/glogg\/#breadcrumb"},"inLanguage":"et","potentialAction":[{"@type":"ReadAction","target":["https:\/\/liviko.eu\/et\/tootmine\/glogg\/"]}]},{"@type":"BreadcrumbList","@id":"https:\/\/liviko.eu\/et\/tootmine\/glogg\/#breadcrumb","itemListElement":[{"@type":"ListItem","position":1,"name":"Home","item":"https:\/\/liviko.eu\/et\/"},{"@type":"ListItem","position":2,"name":"Tootmine","item":"https:\/\/liviko.eu\/et\/tootmine\/"},{"@type":"ListItem","position":3,"name":"Gl\u00f6gi"}]},{"@type":"WebSite","@id":"https:\/\/liviko.eu\/et\/#website","url":"https:\/\/liviko.eu\/et\/","name":"Liviko","description":"anno 1898","publisher":{"@id":"https:\/\/liviko.eu\/et\/#organization"},"potentialAction":[{"@type":"SearchAction","target":{"@type":"EntryPoint","urlTemplate":"https:\/\/liviko.eu\/et\/?s={search_term_string}"},"query-input":{"@type":"PropertyValueSpecification","valueRequired":true,"valueName":"search_term_string"}}],"inLanguage":"et"},{"@type":"Organization","@id":"https:\/\/liviko.eu\/et\/#organization","name":"Liviko","url":"https:\/\/liviko.eu\/et\/","logo":{"@type":"ImageObject","inLanguage":"et","@id":"https:\/\/liviko.eu\/et\/#\/schema\/logo\/image\/","url":"https:\/\/liviko.eu\/wp-content\/uploads\/2020\/10\/liviko_logo.png","contentUrl":"https:\/\/liviko.eu\/wp-content\/uploads\/2020\/10\/liviko_logo.png","width":515,"height":181,"caption":"Liviko"},"image":{"@id":"https:\/\/liviko.eu\/et\/#\/schema\/logo\/image\/"},"sameAs":["https:\/\/www.facebook.com\/LivikoDistillery\/","https:\/\/www.instagram.com\/livikodistillery","https:\/\/www.linkedin.com\/company\/liviko\/","https:\/\/www.youtube.com\/channel\/UCnoHr-PaNxBHJO8nMDLVGuA"]}]}},"_links":{"self":[{"href":"https:\/\/liviko.eu\/et\/wp-json\/wp\/v2\/pages\/855","targetHints":{"allow":["GET"]}}],"collection":[{"href":"https:\/\/liviko.eu\/et\/wp-json\/wp\/v2\/pages"}],"about":[{"href":"https:\/\/liviko.eu\/et\/wp-json\/wp\/v2\/types\/page"}],"author":[{"embeddable":true,"href":"https:\/\/liviko.eu\/et\/wp-json\/wp\/v2\/users\/1"}],"replies":[{"embeddable":true,"href":"https:\/\/liviko.eu\/et\/wp-json\/wp\/v2\/comments?post=855"}],"version-history":[{"count":85,"href":"https:\/\/liviko.eu\/et\/wp-json\/wp\/v2\/pages\/855\/revisions"}],"predecessor-version":[{"id":50396,"href":"https:\/\/liviko.eu\/et\/wp-json\/wp\/v2\/pages\/855\/revisions\/50396"}],"up":[{"embeddable":true,"href":"https:\/\/liviko.eu\/et\/wp-json\/wp\/v2\/pages\/172"}],"wp:attachment":[{"href":"https:\/\/liviko.eu\/et\/wp-json\/wp\/v2\/media?parent=855"}],"wp:term":[{"taxonomy":"category","embeddable":true,"href":"https:\/\/liviko.eu\/et\/wp-json\/wp\/v2\/categories?post=855"}],"curies":[{"name":"wp","href":"https:\/\/api.w.org\/{rel}","templated":true}]}}