{"id":859,"date":"2020-07-06T11:54:42","date_gmt":"2020-07-06T11:54:42","guid":{"rendered":"http:\/\/liviko.eu\/tootmine\/herbert\/"},"modified":"2025-06-18T11:28:05","modified_gmt":"2025-06-18T11:28:05","slug":"herbert","status":"publish","type":"page","link":"https:\/\/liviko.eu\/et\/tootmine\/herbert\/","title":{"rendered":"Herbert"},"content":{"rendered":"<div id=\"mediaBlock-block_5f1f039c03124\" class=\" c-contentBlock c-mediaBlock c-mediaBlock--align-left c-mediaBlock--valign-center c-mediaBlock--size-extra-small c-mediaBlock--imageHeight-small\" data-block-type=\"Media block\">\n   \n                \n     <div class=\"c-mediaBlock__media\" style=\"\"\">\n        <img fetchpriority=\"high\" decoding=\"async\" width=\"340\" height=\"786\" src=\"https:\/\/liviko.eu\/wp-content\/uploads\/2020\/10\/herbert.jpg\" class=\"c-mediaBlock__image\" alt=\"HERBERT \" srcset=\"https:\/\/liviko.eu\/wp-content\/uploads\/2020\/10\/herbert.jpg 340w, https:\/\/liviko.eu\/wp-content\/uploads\/2020\/10\/herbert-138x320.jpg 138w\" sizes=\"(max-width: 340px) 100vw, 340px\" \/>    <\/div>\n     <div class=\"c-mediaBlock__body\">\n                    <h2 class=\"c-mediaBlock__title\">HERBERT <\/h2>\n                <div class=\"c-mediaBlock__content\">\n            <div class=\"t-text\">\n            <p>\u00dcrdilik\u00f6\u00f6r Herbert valmib ainult naturaalsetest ja hoolega valitud \u00fcrtidest. Mahedalt m\u00f5rkja maitsega lik\u00f6\u00f6ris on tunda nii mesisust, \u00f5hetavat pipart kui ka tsitruste v\u00e4rskust, neid maitseid rikastavad mitmesugused naturaalsed \u00fcrdid ja v\u00fcrtsid.<\/p>\n<p>Herberti \u00fcrdilik\u00f6\u00f6ri teevad ainulaadseks Liviko lik\u00f6\u00f6rimeistrite k\u00e4sit\u00f6\u00f6na valmistatud \u00fcrtide ja v\u00fcrtside t\u00f5mmised: t\u00e4htaniisi, angeelikajuure, musta pipra ja t\u0161illi pipra ning mitmete eksootiliste v\u00fcrtside t\u00f5mmised.<\/p>\n<p>\u00dcrdilik\u00f6\u00f6r Herbert on Liviko tootmises alates 2007. aastast ning leidnud oma veendunud austajaskonna. Herbert sobib nii kuumade jookide maitsestamiseks, kokteilikomponendiks kui ka serveerituna nii pitsist, jahutatult kui ka j\u00e4\u00e4ga.<\/p>\n<div class=\"TnITTtw-t TnITTtw-translate-selection-button\" style=\"top: 248px; left: 254.11767578125px;\"><\/div>\n            <\/div>\n                            \n        <\/div>\n    <\/div>\n<\/div>\n\n\n<div id=\"spacer-block_5f1f048b0312c\" class=\"c-contentBlock c-spacerContainer\"  data-block-type=\"Spacer\">\n   <hr class=\"  c-spacer c-spacer--size-3 c-spacer--line\" >\n<\/div>\n\n\n\n<div id=\"relatedItems-block_5f4c91c87b230\" class=\" c-contentBlock c-relatedItems\" data-block-type=\"Related items\" >\n   \n            <h2 class=\"c-relatedItems__title \">Sarnased tooted<\/h2>\n     \n    <div class=\"c-relatedItems__content\">\n\n\n    \n\n             \n         \n                \n\n            <a class=\"c-relatedItems__item \" href=\"https:\/\/liviko.eu\/et\/tootmine\/vana-tallinn\/\">\n                \n                \n                    <div class=\"c-relatedItems__item-imageContainer\" >\n                        <img decoding=\"async\" width=\"82\" height=\"320\" src=\"https:\/\/liviko.eu\/wp-content\/uploads\/2020\/10\/vanatallinn-82x320.jpg\" class=\"c-relatedItems__item-image\" alt=\"Vana Tallinn \" srcset=\"https:\/\/liviko.eu\/wp-content\/uploads\/2020\/10\/vanatallinn-82x320.jpg 82w, https:\/\/liviko.eu\/wp-content\/uploads\/2020\/10\/vanatallinn.jpg 235w\" sizes=\"(max-width: 82px) 100vw, 82px\" \/>                    <\/div>\n                    <div class=\"c-relatedItems__item-details\">\n                        <h3 class=\"c-relatedItems__item-title\">Vana Tallinn <\/h3>                                            <\/div>\n                \n            <\/a>\n            \n        \n                \n\n            <a class=\"c-relatedItems__item \" href=\"https:\/\/liviko.eu\/et\/tootmine\/liviko-liquer\/\">\n                \n                \n                    <div class=\"c-relatedItems__item-imageContainer\" >\n                        <img decoding=\"async\" width=\"84\" height=\"320\" src=\"https:\/\/liviko.eu\/wp-content\/uploads\/2020\/08\/Liviko-Lik\u00f6\u00f6r-Metsmaasikas-500ml-piklik-WEB-84x320.jpg\" class=\"c-relatedItems__item-image\" alt=\"Liviko Lik\u00f6\u00f6rid\" srcset=\"https:\/\/liviko.eu\/wp-content\/uploads\/2020\/08\/Liviko-Lik\u00f6\u00f6r-Metsmaasikas-500ml-piklik-WEB-84x320.jpg 84w, https:\/\/liviko.eu\/wp-content\/uploads\/2020\/08\/Liviko-Lik\u00f6\u00f6r-Metsmaasikas-500ml-piklik-WEB.jpg 197w\" sizes=\"(max-width: 84px) 100vw, 84px\" \/>                    <\/div>\n                    <div class=\"c-relatedItems__item-details\">\n                        <h3 class=\"c-relatedItems__item-title\">Liviko Lik\u00f6\u00f6rid<\/h3>                                            <\/div>\n                \n            <\/a>\n            \n        \n                \n\n            <div class=\"c-relatedItems__item \" >\n                \n                \n                    <div class=\"c-relatedItems__item-imageContainer\" >\n                        <img loading=\"lazy\" decoding=\"async\" width=\"84\" height=\"320\" src=\"https:\/\/liviko.eu\/wp-content\/uploads\/2020\/08\/Minty-Peppermint-Liqueur-500ml-FULL-84x320.png\" class=\"c-relatedItems__item-image\" alt=\"Minty\" srcset=\"https:\/\/liviko.eu\/wp-content\/uploads\/2020\/08\/Minty-Peppermint-Liqueur-500ml-FULL-84x320.png 84w, https:\/\/liviko.eu\/wp-content\/uploads\/2020\/08\/Minty-Peppermint-Liqueur-500ml-FULL-241x920.png 241w, https:\/\/liviko.eu\/wp-content\/uploads\/2020\/08\/Minty-Peppermint-Liqueur-500ml-FULL-357x1366.png 357w, https:\/\/liviko.eu\/wp-content\/uploads\/2020\/08\/Minty-Peppermint-Liqueur-500ml-FULL-768x2936.png 768w, https:\/\/liviko.eu\/wp-content\/uploads\/2020\/08\/Minty-Peppermint-Liqueur-500ml-FULL-402x1536.png 402w, https:\/\/liviko.eu\/wp-content\/uploads\/2020\/08\/Minty-Peppermint-Liqueur-500ml-FULL-536x2048.png 536w, https:\/\/liviko.eu\/wp-content\/uploads\/2020\/08\/Minty-Peppermint-Liqueur-500ml-FULL.png 1491w\" sizes=\"(max-width: 84px) 100vw, 84px\" \/>                    <\/div>\n                    <div class=\"c-relatedItems__item-details\">\n                        <h3 class=\"c-relatedItems__item-title\">Minty<\/h3>                                            <\/div>\n                \n            <\/div>\n            \n                <\/div>\n<\/div>\n","protected":false},"excerpt":{"rendered":"","protected":false},"author":1,"featured_media":0,"parent":172,"menu_order":8,"comment_status":"closed","ping_status":"closed","template":"page-templates\/page-product.php","meta":{"_acf_changed":false,"inline_featured_image":false,"_monsterinsights_skip_tracking":false,"_monsterinsights_sitenote_active":false,"_monsterinsights_sitenote_note":"","_monsterinsights_sitenote_category":0,"footnotes":""},"categories":[40],"class_list":["post-859","page","type-page","status-publish","hentry","category-liquer"],"acf":[],"yoast_head":"<!-- This site is optimized with the Yoast SEO plugin v24.0 - https:\/\/yoast.com\/wordpress\/plugins\/seo\/ -->\n<title>Herbert - Liviko<\/title>\n<meta name=\"robots\" content=\"index, follow, max-snippet:-1, max-image-preview:large, max-video-preview:-1\" \/>\n<link rel=\"canonical\" href=\"https:\/\/liviko.eu\/et\/tootmine\/herbert\/\" \/>\n<meta property=\"og:locale\" content=\"et_EE\" \/>\n<meta property=\"og:type\" content=\"article\" \/>\n<meta property=\"og:title\" content=\"Herbert - Liviko\" \/>\n<meta property=\"og:url\" content=\"https:\/\/liviko.eu\/et\/tootmine\/herbert\/\" \/>\n<meta property=\"og:site_name\" content=\"Liviko\" \/>\n<meta property=\"article:publisher\" content=\"https:\/\/www.facebook.com\/LivikoDistillery\/\" \/>\n<meta property=\"article:modified_time\" content=\"2025-06-18T11:28:05+00:00\" \/>\n<meta name=\"twitter:card\" content=\"summary_large_image\" \/>\n<script type=\"application\/ld+json\" class=\"yoast-schema-graph\">{\"@context\":\"https:\/\/schema.org\",\"@graph\":[{\"@type\":\"WebPage\",\"@id\":\"https:\/\/liviko.eu\/et\/tootmine\/herbert\/\",\"url\":\"https:\/\/liviko.eu\/et\/tootmine\/herbert\/\",\"name\":\"Herbert - Liviko\",\"isPartOf\":{\"@id\":\"https:\/\/liviko.eu\/et\/#website\"},\"datePublished\":\"2020-07-06T11:54:42+00:00\",\"dateModified\":\"2025-06-18T11:28:05+00:00\",\"breadcrumb\":{\"@id\":\"https:\/\/liviko.eu\/et\/tootmine\/herbert\/#breadcrumb\"},\"inLanguage\":\"et\",\"potentialAction\":[{\"@type\":\"ReadAction\",\"target\":[\"https:\/\/liviko.eu\/et\/tootmine\/herbert\/\"]}]},{\"@type\":\"BreadcrumbList\",\"@id\":\"https:\/\/liviko.eu\/et\/tootmine\/herbert\/#breadcrumb\",\"itemListElement\":[{\"@type\":\"ListItem\",\"position\":1,\"name\":\"Home\",\"item\":\"https:\/\/liviko.eu\/et\/\"},{\"@type\":\"ListItem\",\"position\":2,\"name\":\"Tootmine\",\"item\":\"https:\/\/liviko.eu\/et\/tootmine\/\"},{\"@type\":\"ListItem\",\"position\":3,\"name\":\"Herbert\"}]},{\"@type\":\"WebSite\",\"@id\":\"https:\/\/liviko.eu\/et\/#website\",\"url\":\"https:\/\/liviko.eu\/et\/\",\"name\":\"Liviko\",\"description\":\"anno 1898\",\"publisher\":{\"@id\":\"https:\/\/liviko.eu\/et\/#organization\"},\"potentialAction\":[{\"@type\":\"SearchAction\",\"target\":{\"@type\":\"EntryPoint\",\"urlTemplate\":\"https:\/\/liviko.eu\/et\/?s={search_term_string}\"},\"query-input\":{\"@type\":\"PropertyValueSpecification\",\"valueRequired\":true,\"valueName\":\"search_term_string\"}}],\"inLanguage\":\"et\"},{\"@type\":\"Organization\",\"@id\":\"https:\/\/liviko.eu\/et\/#organization\",\"name\":\"Liviko\",\"url\":\"https:\/\/liviko.eu\/et\/\",\"logo\":{\"@type\":\"ImageObject\",\"inLanguage\":\"et\",\"@id\":\"https:\/\/liviko.eu\/et\/#\/schema\/logo\/image\/\",\"url\":\"https:\/\/liviko.eu\/wp-content\/uploads\/2020\/10\/liviko_logo.png\",\"contentUrl\":\"https:\/\/liviko.eu\/wp-content\/uploads\/2020\/10\/liviko_logo.png\",\"width\":515,\"height\":181,\"caption\":\"Liviko\"},\"image\":{\"@id\":\"https:\/\/liviko.eu\/et\/#\/schema\/logo\/image\/\"},\"sameAs\":[\"https:\/\/www.facebook.com\/LivikoDistillery\/\",\"https:\/\/www.instagram.com\/livikodistillery\",\"https:\/\/www.linkedin.com\/company\/liviko\/\",\"https:\/\/www.youtube.com\/channel\/UCnoHr-PaNxBHJO8nMDLVGuA\"]}]}<\/script>\n<!-- \/ Yoast SEO plugin. -->","yoast_head_json":{"title":"Herbert - Liviko","robots":{"index":"index","follow":"follow","max-snippet":"max-snippet:-1","max-image-preview":"max-image-preview:large","max-video-preview":"max-video-preview:-1"},"canonical":"https:\/\/liviko.eu\/et\/tootmine\/herbert\/","og_locale":"et_EE","og_type":"article","og_title":"Herbert - Liviko","og_url":"https:\/\/liviko.eu\/et\/tootmine\/herbert\/","og_site_name":"Liviko","article_publisher":"https:\/\/www.facebook.com\/LivikoDistillery\/","article_modified_time":"2025-06-18T11:28:05+00:00","twitter_card":"summary_large_image","schema":{"@context":"https:\/\/schema.org","@graph":[{"@type":"WebPage","@id":"https:\/\/liviko.eu\/et\/tootmine\/herbert\/","url":"https:\/\/liviko.eu\/et\/tootmine\/herbert\/","name":"Herbert - Liviko","isPartOf":{"@id":"https:\/\/liviko.eu\/et\/#website"},"datePublished":"2020-07-06T11:54:42+00:00","dateModified":"2025-06-18T11:28:05+00:00","breadcrumb":{"@id":"https:\/\/liviko.eu\/et\/tootmine\/herbert\/#breadcrumb"},"inLanguage":"et","potentialAction":[{"@type":"ReadAction","target":["https:\/\/liviko.eu\/et\/tootmine\/herbert\/"]}]},{"@type":"BreadcrumbList","@id":"https:\/\/liviko.eu\/et\/tootmine\/herbert\/#breadcrumb","itemListElement":[{"@type":"ListItem","position":1,"name":"Home","item":"https:\/\/liviko.eu\/et\/"},{"@type":"ListItem","position":2,"name":"Tootmine","item":"https:\/\/liviko.eu\/et\/tootmine\/"},{"@type":"ListItem","position":3,"name":"Herbert"}]},{"@type":"WebSite","@id":"https:\/\/liviko.eu\/et\/#website","url":"https:\/\/liviko.eu\/et\/","name":"Liviko","description":"anno 1898","publisher":{"@id":"https:\/\/liviko.eu\/et\/#organization"},"potentialAction":[{"@type":"SearchAction","target":{"@type":"EntryPoint","urlTemplate":"https:\/\/liviko.eu\/et\/?s={search_term_string}"},"query-input":{"@type":"PropertyValueSpecification","valueRequired":true,"valueName":"search_term_string"}}],"inLanguage":"et"},{"@type":"Organization","@id":"https:\/\/liviko.eu\/et\/#organization","name":"Liviko","url":"https:\/\/liviko.eu\/et\/","logo":{"@type":"ImageObject","inLanguage":"et","@id":"https:\/\/liviko.eu\/et\/#\/schema\/logo\/image\/","url":"https:\/\/liviko.eu\/wp-content\/uploads\/2020\/10\/liviko_logo.png","contentUrl":"https:\/\/liviko.eu\/wp-content\/uploads\/2020\/10\/liviko_logo.png","width":515,"height":181,"caption":"Liviko"},"image":{"@id":"https:\/\/liviko.eu\/et\/#\/schema\/logo\/image\/"},"sameAs":["https:\/\/www.facebook.com\/LivikoDistillery\/","https:\/\/www.instagram.com\/livikodistillery","https:\/\/www.linkedin.com\/company\/liviko\/","https:\/\/www.youtube.com\/channel\/UCnoHr-PaNxBHJO8nMDLVGuA"]}]}},"_links":{"self":[{"href":"https:\/\/liviko.eu\/et\/wp-json\/wp\/v2\/pages\/859","targetHints":{"allow":["GET"]}}],"collection":[{"href":"https:\/\/liviko.eu\/et\/wp-json\/wp\/v2\/pages"}],"about":[{"href":"https:\/\/liviko.eu\/et\/wp-json\/wp\/v2\/types\/page"}],"author":[{"embeddable":true,"href":"https:\/\/liviko.eu\/et\/wp-json\/wp\/v2\/users\/1"}],"replies":[{"embeddable":true,"href":"https:\/\/liviko.eu\/et\/wp-json\/wp\/v2\/comments?post=859"}],"version-history":[{"count":50,"href":"https:\/\/liviko.eu\/et\/wp-json\/wp\/v2\/pages\/859\/revisions"}],"predecessor-version":[{"id":23073,"href":"https:\/\/liviko.eu\/et\/wp-json\/wp\/v2\/pages\/859\/revisions\/23073"}],"up":[{"embeddable":true,"href":"https:\/\/liviko.eu\/et\/wp-json\/wp\/v2\/pages\/172"}],"wp:attachment":[{"href":"https:\/\/liviko.eu\/et\/wp-json\/wp\/v2\/media?parent=859"}],"wp:term":[{"taxonomy":"category","embeddable":true,"href":"https:\/\/liviko.eu\/et\/wp-json\/wp\/v2\/categories?post=859"}],"curies":[{"name":"wp","href":"https:\/\/api.w.org\/{rel}","templated":true}]}}