{"id":867,"date":"2020-07-06T11:50:54","date_gmt":"2020-07-06T11:50:54","guid":{"rendered":"http:\/\/liviko.eu\/tootmine\/kingsmill\/"},"modified":"2025-12-30T08:06:44","modified_gmt":"2025-12-30T08:06:44","slug":"kingsmill","status":"publish","type":"page","link":"https:\/\/liviko.eu\/et\/tootmine\/kingsmill\/","title":{"rendered":"Kingsmill"},"content":{"rendered":"\n<div class=\"wp-block-group\"><div class=\"wp-block-group__inner-container is-layout-flow wp-block-group-is-layout-flow\"><div id=\"pageHeader-block_5cafac4b6db51a7ef8e2d6b2ef17f683\" class=\" c-contentBlock c-pageHeader\" data-block-type=\"Page header\">\n                    <h1 class=\"c-pageHeader__title\">KINGSMILL<\/h1>\n                            <div class=\"c-pageHeader__text t-text\"><p>Liviko alustas d\u017einni tootmist 1960. aastatel, kuid naturaalsete \u00fcrtide, v\u00fcrtside ja maitsetaimede destilleerimise kogemus ulatub Livikol juba 20. saj algusesse. Kingsmilli d\u017einni on p\u00f5imitud enam kui sajandipikkused <em>pot still<\/em> meetodil destilleerimiskunsti teadmised, peenelt lihvitud oskused ning hoolega valitud kadakamarjad ning maitsetaimed.<\/p>\n<\/div>\n                \n<\/div>\n<a id=\"page-867-body\"><\/a>\n\n<div id=\"mediaBlock-block_b5390fd299fab119bf5b2b840a10a2e4\" class=\" c-contentBlock c-mediaBlock c-mediaBlock--align-left c-mediaBlock--valign-center c-mediaBlock--size-extra-small c-mediaBlock--imageHeight-small\" data-block-type=\"Media block\">\n   \n                \n     <div class=\"c-mediaBlock__media\" style=\"\"\">\n        <img fetchpriority=\"high\" decoding=\"async\" width=\"567\" height=\"1366\" src=\"https:\/\/liviko.eu\/wp-content\/uploads\/2024\/04\/MicrosoftTeams-image-17-567x1366.jpg\" class=\"c-mediaBlock__image\" alt=\"KINGSMILL D\u017dINN\" srcset=\"https:\/\/liviko.eu\/wp-content\/uploads\/2024\/04\/MicrosoftTeams-image-17-567x1366.jpg 567w, https:\/\/liviko.eu\/wp-content\/uploads\/2024\/04\/MicrosoftTeams-image-17-382x920.jpg 382w, https:\/\/liviko.eu\/wp-content\/uploads\/2024\/04\/MicrosoftTeams-image-17-768x1851.jpg 768w, https:\/\/liviko.eu\/wp-content\/uploads\/2024\/04\/MicrosoftTeams-image-17-637x1536.jpg 637w, https:\/\/liviko.eu\/wp-content\/uploads\/2024\/04\/MicrosoftTeams-image-17-850x2048.jpg 850w, https:\/\/liviko.eu\/wp-content\/uploads\/2024\/04\/MicrosoftTeams-image-17-133x320.jpg 133w, https:\/\/liviko.eu\/wp-content\/uploads\/2024\/04\/MicrosoftTeams-image-17-250x603.jpg 250w, https:\/\/liviko.eu\/wp-content\/uploads\/2024\/04\/MicrosoftTeams-image-17-scaled.jpg 1062w\" sizes=\"(max-width: 567px) 100vw, 567px\" \/>    <\/div>\n     <div class=\"c-mediaBlock__body\">\n                    <h2 class=\"c-mediaBlock__title\">KINGSMILL D\u017dINN<\/h2>\n                <div class=\"c-mediaBlock__content\">\n            <div class=\"t-text\">\n            <p>Kingsmill on valminud kogenud meistrite k\u00e4e all aastak\u00fcmnete traditsioone j\u00e4rgides. Erilise hoolega valitud kadakamarjad, ingver ja tsitrused koos teiste naturaalsete maitsetaimedega on Kingsmilli d\u017einni l\u00f5hna- ja maitsebuketi aluseks. Maitsetaimedes sisalduv\u00a0eeterlike \u00f5lide kooslus annab d\u017einnile isikup\u00e4rase aromaatse, kange ja j\u00f5ulise iseloomu.<br \/>\nV\u00e4rvitu kirka joogi karges ja kergelt v\u00fcrtsikas maitses domineerib kadakamari. Kingsmilli d\u017einni kordumatu maitsebukett kujuneb t\u00e4nu kadakamarja, ingveri ja teiste naturaalsete maitsetaimede ning v\u00fcrtside harmoonilisele kooslusele. Aroomis on samuti tunda aeglaselt k\u00fcpsenud kadakamarju, aga ka kadakaokkaid, tsitruste v\u00e4rskust ja v\u00fcrtside n\u00fcansse.<br \/>\nJoogi valmistamiseks kasutatakse k\u00f5rgekvaliteedilist teraviljapiiritust ja tehnoloogiliselt t\u00f6\u00f6deldud vett.<\/p>\n<p><strong>Tootesarja kuuluvad:<\/strong><\/p>\n<ul>\n<li><a href=\"https:\/\/pood.liviko.ee\/kingsmill-distilled-gin-38-05-l\">Kingsmill Distilled Gin<\/a><\/li>\n<li><a href=\"https:\/\/pood.liviko.ee\/kingsmill-pink-raspberry-38-05-l\">Kingsmill Pink Rasbperry Gin<\/a><\/li>\n<li><a href=\"https:\/\/pood.liviko.ee\/kingsmill-rhubarb-38-05-l\">Kingsmill Rhubarb Gin<\/a><\/li>\n<\/ul>\n<p><strong>Auhinnad:<\/strong><\/p>\n<div class=\"TnITTtw-t TnITTtw-translate-selection-button\" style=\"top: 471px; left: 72.7421875px;\">\n<p>SIP Awards (The Spirits International Prestige) 2025 &#8211; topelt kuldmedal<br \/>\nGlobal Gin Masters (The Spirits Business) 2025 \u2013 h\u00f5bemedal<br \/>\nWorld Gin awards (klassikaline d\u017einn) 2025 &#8211; kuldmedal<br \/>\nIWSC (International Wine &amp; Spirit Competition) 2025 \u2013 pronksmedal<br \/>\nThe San Francisco World Spirits Competition 2025 \u2013 h\u00f5bemedal<\/p>\n<p>&nbsp;<\/p>\n<\/div>\n            <\/div>\n                            \n        <\/div>\n    <\/div>\n<\/div>\n\n\n<div id=\"featureBlocks-block_cb07f18146c1ca10be143377bb25c0f0\" class=\" c-contentBlock c-featureBlocks c-featureBlocks--type-expanded\" data-block-type=\"Feature blocks: expanded\">\n   <div class=\"c-featureBlocksGroup\">\n\n\n                          <div class=\"c-featureBlocks__item\">\n                \n                \n                    <div class=\"c-featureBlocks__item-block\"    >\n\n                                                                                            <div class=\"c-featureBlock__imageContainer\">\n                                <img decoding=\"async\" width=\"800\" height=\"800\" src=\"https:\/\/liviko.eu\/wp-content\/uploads\/2024\/04\/800x800_labor.png\" class=\"c-featureBlock__image\" alt=\"\" srcset=\"https:\/\/liviko.eu\/wp-content\/uploads\/2024\/04\/800x800_labor.png 800w, https:\/\/liviko.eu\/wp-content\/uploads\/2024\/04\/800x800_labor-480x480.png 480w, https:\/\/liviko.eu\/wp-content\/uploads\/2024\/04\/800x800_labor-768x768.png 768w, https:\/\/liviko.eu\/wp-content\/uploads\/2024\/04\/800x800_labor-320x320.png 320w, https:\/\/liviko.eu\/wp-content\/uploads\/2024\/04\/800x800_labor-603x603.png 603w\" sizes=\"(max-width: 800px) 100vw, 800px\" \/>                                <\/div>\n                               \n\n                            <div class=\"c-featureBlocks__item-body\">\n                                    <h3 class=\"c-featureBlocks__item-title\"><\/h3>\n                                    <div class=\"t-text\">\n                                        <p><strong>Kvaliteedikontrolli labor<br \/>\n<\/strong>Liviko kvaliteedikontrolli laboratoorium seisab selle eest, et k\u00f5ik tooted oleks p\u00fcsivalt k\u00f5rge kvaliteediga ja vastaks toiduohutuse rangetele n\u00f5uetele. Liviko laboris tehakse k\u00fcmneid erinevaid anal\u00fc\u00fcse, et kontrollida k\u00f5ike, mis on seotud Liviko rahvusvahelise haardega joogitootmisega.<\/p>\n                                    <\/div>\n                            <\/div>\n\n                    <\/div>    \n                        \n\n\n                            \n            <\/div>\n            \n                    <div class=\"c-featureBlocks__item\">\n                \n                \n                    <div class=\"c-featureBlocks__item-block\"    >\n\n                                                                                            <div class=\"c-featureBlock__imageContainer\">\n                                <img decoding=\"async\" width=\"800\" height=\"800\" src=\"https:\/\/liviko.eu\/wp-content\/uploads\/2020\/09\/kingsmill_usp1.jpg\" class=\"c-featureBlock__image\" alt=\"\" srcset=\"https:\/\/liviko.eu\/wp-content\/uploads\/2020\/09\/kingsmill_usp1.jpg 800w, https:\/\/liviko.eu\/wp-content\/uploads\/2020\/09\/kingsmill_usp1-480x480.jpg 480w, https:\/\/liviko.eu\/wp-content\/uploads\/2020\/09\/kingsmill_usp1-768x768.jpg 768w, https:\/\/liviko.eu\/wp-content\/uploads\/2020\/09\/kingsmill_usp1-320x320.jpg 320w\" sizes=\"(max-width: 800px) 100vw, 800px\" \/>                                <\/div>\n                               \n\n                            <div class=\"c-featureBlocks__item-body\">\n                                    <h3 class=\"c-featureBlocks__item-title\"><\/h3>\n                                    <div class=\"t-text\">\n                                        <p><strong>Destilleerimine<br \/>\n<\/strong>Destilleerimiskunsti peeneid v\u00f5tteid ja saladusi on Liviko tehases au sees peetud algusaastatest peale, kui <em>pot still<\/em> meetodil destilleerimisega algust tehti. Alates 1960. aastatest on d\u017einnimeistrid siin ainu\u00fcksi d\u017einni valmistamiseks destilleeritud \u00fcle viie miljoni liitri kadakamarju.<\/p>\n<p>&nbsp;<\/p>\n                                    <\/div>\n                            <\/div>\n\n                    <\/div>    \n                        \n\n\n                            \n            <\/div>\n            \n                <div class=\"c-featureBlocks__item c-featureBlocks__item--empty\"><\/div>\n    <div class=\"c-featureBlocks__item c-featureBlocks__item--empty\"><\/div>\n    <\/div>\n<\/div>\n<\/div><\/div>\n\n\n\n<div id=\"spacer-block_49b07bd1771f12e75bea434f1cca76b1\" class=\"c-contentBlock c-spacerContainer\"  data-block-type=\"Spacer\">\n   <hr class=\"  c-spacer c-spacer--size-3 c-spacer--line\" >\n<\/div>\n\n\n\n<div id=\"relatedItems-block_1719db5107ae0f23ac9bbbc56e228662\" class=\" c-contentBlock c-relatedItems\" data-block-type=\"Related items\" >\n   \n            <h2 class=\"c-relatedItems__title \">SARNASED TOOTED<\/h2>\n     \n    <div class=\"c-relatedItems__content\">\n\n\n    \n\n             \n         \n                \n\n            <a class=\"c-relatedItems__item \" href=\"https:\/\/liviko.eu\/et\/tootmine\/crafters\/\">\n                \n                \n                    <div class=\"c-relatedItems__item-imageContainer\" >\n                        <img loading=\"lazy\" decoding=\"async\" width=\"115\" height=\"320\" src=\"https:\/\/liviko.eu\/wp-content\/uploads\/2021\/10\/Crafters-London-Dry-Gin-NEW-FULL2-115x320.jpg\" class=\"c-relatedItems__item-image\" alt=\"Crafter&#039;s London Dry Gin\" srcset=\"https:\/\/liviko.eu\/wp-content\/uploads\/2021\/10\/Crafters-London-Dry-Gin-NEW-FULL2-115x320.jpg 115w, https:\/\/liviko.eu\/wp-content\/uploads\/2021\/10\/Crafters-London-Dry-Gin-NEW-FULL2-330x920.jpg 330w, https:\/\/liviko.eu\/wp-content\/uploads\/2021\/10\/Crafters-London-Dry-Gin-NEW-FULL2-490x1366.jpg 490w, https:\/\/liviko.eu\/wp-content\/uploads\/2021\/10\/Crafters-London-Dry-Gin-NEW-FULL2-768x2141.jpg 768w, https:\/\/liviko.eu\/wp-content\/uploads\/2021\/10\/Crafters-London-Dry-Gin-NEW-FULL2-551x1536.jpg 551w, https:\/\/liviko.eu\/wp-content\/uploads\/2021\/10\/Crafters-London-Dry-Gin-NEW-FULL2-735x2048.jpg 735w, https:\/\/liviko.eu\/wp-content\/uploads\/2021\/10\/Crafters-London-Dry-Gin-NEW-FULL2-scaled.jpg 918w\" sizes=\"(max-width: 115px) 100vw, 115px\" \/>                    <\/div>\n                    <div class=\"c-relatedItems__item-details\">\n                        <h3 class=\"c-relatedItems__item-title\">Crafter&#8217;s London Dry Gin<\/h3>                                            <\/div>\n                \n            <\/a>\n            \n        \n                \n\n            <a class=\"c-relatedItems__item \" href=\"https:\/\/liviko.eu\/et\/tootmine\/crafters\/\">\n                \n                \n                    <div class=\"c-relatedItems__item-imageContainer\" >\n                        <img loading=\"lazy\" decoding=\"async\" width=\"112\" height=\"320\" src=\"https:\/\/liviko.eu\/wp-content\/uploads\/2022\/02\/Crafters-Aromatic-Flower-Gin-NEW-FULL-112x320.jpg\" class=\"c-relatedItems__item-image\" alt=\"Crafter&#039;s Aromatic Flower Gin \" srcset=\"https:\/\/liviko.eu\/wp-content\/uploads\/2022\/02\/Crafters-Aromatic-Flower-Gin-NEW-FULL-112x320.jpg 112w, https:\/\/liviko.eu\/wp-content\/uploads\/2022\/02\/Crafters-Aromatic-Flower-Gin-NEW-FULL-322x920.jpg 322w, https:\/\/liviko.eu\/wp-content\/uploads\/2022\/02\/Crafters-Aromatic-Flower-Gin-NEW-FULL-478x1366.jpg 478w, https:\/\/liviko.eu\/wp-content\/uploads\/2022\/02\/Crafters-Aromatic-Flower-Gin-NEW-FULL-768x2195.jpg 768w, https:\/\/liviko.eu\/wp-content\/uploads\/2022\/02\/Crafters-Aromatic-Flower-Gin-NEW-FULL-537x1536.jpg 537w, https:\/\/liviko.eu\/wp-content\/uploads\/2022\/02\/Crafters-Aromatic-Flower-Gin-NEW-FULL-717x2048.jpg 717w, https:\/\/liviko.eu\/wp-content\/uploads\/2022\/02\/Crafters-Aromatic-Flower-Gin-NEW-FULL-scaled.jpg 896w\" sizes=\"(max-width: 112px) 100vw, 112px\" \/>                    <\/div>\n                    <div class=\"c-relatedItems__item-details\">\n                        <h3 class=\"c-relatedItems__item-title\">Crafter&#8217;s Aromatic Flower Gin <\/h3>                                            <\/div>\n                \n            <\/a>\n            \n                <\/div>\n<\/div>\n","protected":false},"excerpt":{"rendered":"","protected":false},"author":1,"featured_media":0,"parent":172,"menu_order":10,"comment_status":"closed","ping_status":"closed","template":"page-templates\/page-product.php","meta":{"_acf_changed":false,"inline_featured_image":false,"_monsterinsights_skip_tracking":false,"_monsterinsights_sitenote_active":false,"_monsterinsights_sitenote_note":"","_monsterinsights_sitenote_category":0,"footnotes":""},"categories":[38],"class_list":["post-867","page","type-page","status-publish","hentry","category-gin"],"acf":[],"yoast_head":"<!-- This site is optimized with the Yoast SEO plugin v24.0 - https:\/\/yoast.com\/wordpress\/plugins\/seo\/ -->\n<title>Kingsmill - Liviko<\/title>\n<meta name=\"robots\" content=\"index, follow, max-snippet:-1, max-image-preview:large, max-video-preview:-1\" \/>\n<link rel=\"canonical\" href=\"https:\/\/liviko.eu\/et\/tootmine\/kingsmill\/\" \/>\n<meta property=\"og:locale\" content=\"et_EE\" \/>\n<meta property=\"og:type\" content=\"article\" \/>\n<meta property=\"og:title\" content=\"Kingsmill - Liviko\" \/>\n<meta property=\"og:url\" content=\"https:\/\/liviko.eu\/et\/tootmine\/kingsmill\/\" \/>\n<meta property=\"og:site_name\" content=\"Liviko\" \/>\n<meta property=\"article:publisher\" content=\"https:\/\/www.facebook.com\/LivikoDistillery\/\" \/>\n<meta property=\"article:modified_time\" content=\"2025-12-30T08:06:44+00:00\" \/>\n<meta name=\"twitter:card\" content=\"summary_large_image\" \/>\n<script type=\"application\/ld+json\" class=\"yoast-schema-graph\">{\"@context\":\"https:\/\/schema.org\",\"@graph\":[{\"@type\":\"WebPage\",\"@id\":\"https:\/\/liviko.eu\/et\/tootmine\/kingsmill\/\",\"url\":\"https:\/\/liviko.eu\/et\/tootmine\/kingsmill\/\",\"name\":\"Kingsmill - Liviko\",\"isPartOf\":{\"@id\":\"https:\/\/liviko.eu\/et\/#website\"},\"datePublished\":\"2020-07-06T11:50:54+00:00\",\"dateModified\":\"2025-12-30T08:06:44+00:00\",\"breadcrumb\":{\"@id\":\"https:\/\/liviko.eu\/et\/tootmine\/kingsmill\/#breadcrumb\"},\"inLanguage\":\"et\",\"potentialAction\":[{\"@type\":\"ReadAction\",\"target\":[\"https:\/\/liviko.eu\/et\/tootmine\/kingsmill\/\"]}]},{\"@type\":\"BreadcrumbList\",\"@id\":\"https:\/\/liviko.eu\/et\/tootmine\/kingsmill\/#breadcrumb\",\"itemListElement\":[{\"@type\":\"ListItem\",\"position\":1,\"name\":\"Home\",\"item\":\"https:\/\/liviko.eu\/et\/\"},{\"@type\":\"ListItem\",\"position\":2,\"name\":\"Tootmine\",\"item\":\"https:\/\/liviko.eu\/et\/tootmine\/\"},{\"@type\":\"ListItem\",\"position\":3,\"name\":\"Kingsmill\"}]},{\"@type\":\"WebSite\",\"@id\":\"https:\/\/liviko.eu\/et\/#website\",\"url\":\"https:\/\/liviko.eu\/et\/\",\"name\":\"Liviko\",\"description\":\"anno 1898\",\"publisher\":{\"@id\":\"https:\/\/liviko.eu\/et\/#organization\"},\"potentialAction\":[{\"@type\":\"SearchAction\",\"target\":{\"@type\":\"EntryPoint\",\"urlTemplate\":\"https:\/\/liviko.eu\/et\/?s={search_term_string}\"},\"query-input\":{\"@type\":\"PropertyValueSpecification\",\"valueRequired\":true,\"valueName\":\"search_term_string\"}}],\"inLanguage\":\"et\"},{\"@type\":\"Organization\",\"@id\":\"https:\/\/liviko.eu\/et\/#organization\",\"name\":\"Liviko\",\"url\":\"https:\/\/liviko.eu\/et\/\",\"logo\":{\"@type\":\"ImageObject\",\"inLanguage\":\"et\",\"@id\":\"https:\/\/liviko.eu\/et\/#\/schema\/logo\/image\/\",\"url\":\"https:\/\/liviko.eu\/wp-content\/uploads\/2020\/10\/liviko_logo.png\",\"contentUrl\":\"https:\/\/liviko.eu\/wp-content\/uploads\/2020\/10\/liviko_logo.png\",\"width\":515,\"height\":181,\"caption\":\"Liviko\"},\"image\":{\"@id\":\"https:\/\/liviko.eu\/et\/#\/schema\/logo\/image\/\"},\"sameAs\":[\"https:\/\/www.facebook.com\/LivikoDistillery\/\",\"https:\/\/www.instagram.com\/livikodistillery\",\"https:\/\/www.linkedin.com\/company\/liviko\/\",\"https:\/\/www.youtube.com\/channel\/UCnoHr-PaNxBHJO8nMDLVGuA\"]}]}<\/script>\n<!-- \/ Yoast SEO plugin. -->","yoast_head_json":{"title":"Kingsmill - Liviko","robots":{"index":"index","follow":"follow","max-snippet":"max-snippet:-1","max-image-preview":"max-image-preview:large","max-video-preview":"max-video-preview:-1"},"canonical":"https:\/\/liviko.eu\/et\/tootmine\/kingsmill\/","og_locale":"et_EE","og_type":"article","og_title":"Kingsmill - Liviko","og_url":"https:\/\/liviko.eu\/et\/tootmine\/kingsmill\/","og_site_name":"Liviko","article_publisher":"https:\/\/www.facebook.com\/LivikoDistillery\/","article_modified_time":"2025-12-30T08:06:44+00:00","twitter_card":"summary_large_image","schema":{"@context":"https:\/\/schema.org","@graph":[{"@type":"WebPage","@id":"https:\/\/liviko.eu\/et\/tootmine\/kingsmill\/","url":"https:\/\/liviko.eu\/et\/tootmine\/kingsmill\/","name":"Kingsmill - Liviko","isPartOf":{"@id":"https:\/\/liviko.eu\/et\/#website"},"datePublished":"2020-07-06T11:50:54+00:00","dateModified":"2025-12-30T08:06:44+00:00","breadcrumb":{"@id":"https:\/\/liviko.eu\/et\/tootmine\/kingsmill\/#breadcrumb"},"inLanguage":"et","potentialAction":[{"@type":"ReadAction","target":["https:\/\/liviko.eu\/et\/tootmine\/kingsmill\/"]}]},{"@type":"BreadcrumbList","@id":"https:\/\/liviko.eu\/et\/tootmine\/kingsmill\/#breadcrumb","itemListElement":[{"@type":"ListItem","position":1,"name":"Home","item":"https:\/\/liviko.eu\/et\/"},{"@type":"ListItem","position":2,"name":"Tootmine","item":"https:\/\/liviko.eu\/et\/tootmine\/"},{"@type":"ListItem","position":3,"name":"Kingsmill"}]},{"@type":"WebSite","@id":"https:\/\/liviko.eu\/et\/#website","url":"https:\/\/liviko.eu\/et\/","name":"Liviko","description":"anno 1898","publisher":{"@id":"https:\/\/liviko.eu\/et\/#organization"},"potentialAction":[{"@type":"SearchAction","target":{"@type":"EntryPoint","urlTemplate":"https:\/\/liviko.eu\/et\/?s={search_term_string}"},"query-input":{"@type":"PropertyValueSpecification","valueRequired":true,"valueName":"search_term_string"}}],"inLanguage":"et"},{"@type":"Organization","@id":"https:\/\/liviko.eu\/et\/#organization","name":"Liviko","url":"https:\/\/liviko.eu\/et\/","logo":{"@type":"ImageObject","inLanguage":"et","@id":"https:\/\/liviko.eu\/et\/#\/schema\/logo\/image\/","url":"https:\/\/liviko.eu\/wp-content\/uploads\/2020\/10\/liviko_logo.png","contentUrl":"https:\/\/liviko.eu\/wp-content\/uploads\/2020\/10\/liviko_logo.png","width":515,"height":181,"caption":"Liviko"},"image":{"@id":"https:\/\/liviko.eu\/et\/#\/schema\/logo\/image\/"},"sameAs":["https:\/\/www.facebook.com\/LivikoDistillery\/","https:\/\/www.instagram.com\/livikodistillery","https:\/\/www.linkedin.com\/company\/liviko\/","https:\/\/www.youtube.com\/channel\/UCnoHr-PaNxBHJO8nMDLVGuA"]}]}},"_links":{"self":[{"href":"https:\/\/liviko.eu\/et\/wp-json\/wp\/v2\/pages\/867","targetHints":{"allow":["GET"]}}],"collection":[{"href":"https:\/\/liviko.eu\/et\/wp-json\/wp\/v2\/pages"}],"about":[{"href":"https:\/\/liviko.eu\/et\/wp-json\/wp\/v2\/types\/page"}],"author":[{"embeddable":true,"href":"https:\/\/liviko.eu\/et\/wp-json\/wp\/v2\/users\/1"}],"replies":[{"embeddable":true,"href":"https:\/\/liviko.eu\/et\/wp-json\/wp\/v2\/comments?post=867"}],"version-history":[{"count":156,"href":"https:\/\/liviko.eu\/et\/wp-json\/wp\/v2\/pages\/867\/revisions"}],"predecessor-version":[{"id":56959,"href":"https:\/\/liviko.eu\/et\/wp-json\/wp\/v2\/pages\/867\/revisions\/56959"}],"up":[{"embeddable":true,"href":"https:\/\/liviko.eu\/et\/wp-json\/wp\/v2\/pages\/172"}],"wp:attachment":[{"href":"https:\/\/liviko.eu\/et\/wp-json\/wp\/v2\/media?parent=867"}],"wp:term":[{"taxonomy":"category","embeddable":true,"href":"https:\/\/liviko.eu\/et\/wp-json\/wp\/v2\/categories?post=867"}],"curies":[{"name":"wp","href":"https:\/\/api.w.org\/{rel}","templated":true}]}}