{"id":871,"date":"2020-07-06T11:53:47","date_gmt":"2020-07-06T11:53:47","guid":{"rendered":"http:\/\/liviko.eu\/tootmine\/liviko-liquer\/"},"modified":"2025-06-18T11:28:05","modified_gmt":"2025-06-18T11:28:05","slug":"liviko-liquer","status":"publish","type":"page","link":"https:\/\/liviko.eu\/et\/tootmine\/liviko-liquer\/","title":{"rendered":"Liviko Lik\u00f6\u00f6rid"},"content":{"rendered":"<div id=\"pageHeader-block_5f1f037303123\" class=\" c-contentBlock c-pageHeader\" data-block-type=\"Page header\">\n                    <h1 class=\"c-pageHeader__title\">LIVIKO LIK\u00d6\u00d6RID<\/h1>\n                            <div class=\"c-pageHeader__text t-text\"><p>Liviko lik\u00f6\u00f6rimeistrid hoiavad au sees lik\u00f6\u00f6ride valmistamise peent kunsti, luues nii klassikaliste maitsete kui ka \u00fcllatavate maitsekooslustega lik\u00f6\u00f6re. Liviko vilunud meistrid on enam kui sajandi v\u00e4ltel s\u00fcsteemselt talletanud teadmisi naturaalsetest \u00fcrtidest ja v\u00fcrtsidest t\u00f5mmiste valmistamisest. Neid teadmisi kasutavad Liviko lik\u00f6\u00f6rimeistrid oma igap\u00e4evat\u00f6\u00f6s, koguvad hoolikalt v\u00e4\u00e4rtuslikke m\u00e4rkmeid ka j\u00e4rgmistele p\u00f5lvedele. Hea maitse ja v\u00e4\u00e4rt n\u00f5u on aegade\u00fclene!<\/p>\n<\/div>\n                \n<\/div>\n<a id=\"page-871-body\"><\/a>\n\n<div id=\"mediaBlock-block_5f1f039c03124\" class=\" c-contentBlock c-mediaBlock c-mediaBlock--align-left c-mediaBlock--valign-center c-mediaBlock--size-extra-small c-mediaBlock--imageHeight-small\" data-block-type=\"Media block\">\n   \n                \n     <div class=\"c-mediaBlock__media\" style=\"\"\">\n        <img fetchpriority=\"high\" decoding=\"async\" width=\"197\" height=\"751\" src=\"https:\/\/liviko.eu\/wp-content\/uploads\/2020\/08\/Liviko-Lik\u00f6\u00f6r-Metsmaasikas-500ml-piklik-WEB.jpg\" class=\"c-mediaBlock__image\" alt=\"LIVIKO LIK\u00d6\u00d6RID\" srcset=\"https:\/\/liviko.eu\/wp-content\/uploads\/2020\/08\/Liviko-Lik\u00f6\u00f6r-Metsmaasikas-500ml-piklik-WEB.jpg 197w, https:\/\/liviko.eu\/wp-content\/uploads\/2020\/08\/Liviko-Lik\u00f6\u00f6r-Metsmaasikas-500ml-piklik-WEB-84x320.jpg 84w\" sizes=\"(max-width: 197px) 100vw, 197px\" \/>    <\/div>\n     <div class=\"c-mediaBlock__body\">\n                    <h2 class=\"c-mediaBlock__title\">LIVIKO LIK\u00d6\u00d6RID<\/h2>\n                <div class=\"c-mediaBlock__content\">\n            <div class=\"t-text\">\n            <p>Liviko lik\u00f6\u00f6risarja valikus on metsmaasika, vaarika, j\u00f5hvika ja kirsi maitsega lik\u00f6\u00f6rid. Lik\u00f6\u00f6risarja jooke iseloomustab magushapu marjasus.<\/p>\n<p>Legendaarne magushapu metsmaasika lik\u00f6\u00f6r on kujunenud selle sarja edukaimaks joogiks, mis on edukas lisaks Eestile ka Soomes ja L\u00e4tis. Metsmaasika lik\u00f6\u00f6r on tootmises alates 1993. aastast.<\/p>\n<p>Mahlane j\u00f5hvikalik\u00f6\u00f6r on \u00f5rnalt m\u00f5rkja ja hapuka maitsega. Br\u00e4ndiga rikastatud kirsilik\u00f6\u00f6ris annavad tooni muskaatp\u00e4hkel, kaneel ja m\u00f5rumandel, mis lisavad p\u00f5hjamaisele joogile l\u00f5unamaist temperamenti.<\/p>\n<p>Liviko lik\u00f6\u00f6rid sobivad tarbimiseks puhtalt, purustatud j\u00e4\u00e4ga v\u00f5i kokteilides, n\u00e4iteks koos vahuveini v\u00f5i toonikuga.<\/p>\n<p>&nbsp;<\/p>\n            <\/div>\n                            \n        <\/div>\n    <\/div>\n<\/div>\n\n\n<div id=\"spacer-block_5f1f09dd6581d\" class=\"c-contentBlock c-spacerContainer\"  data-block-type=\"Spacer\">\n   <hr class=\"  c-spacer c-spacer--size-3 c-spacer--line\" >\n<\/div>\n\n\n\n<div id=\"relatedItems-block_5f4c8e8c4f11b\" class=\" c-contentBlock c-relatedItems\" data-block-type=\"Related items\" >\n   \n            <h2 class=\"c-relatedItems__title \">Sarnased tooted<\/h2>\n     \n    <div class=\"c-relatedItems__content\">\n\n\n    \n\n             \n         \n                \n\n            <a class=\"c-relatedItems__item \" href=\"https:\/\/liviko.eu\/et\/tootmine\/vana-tallinn\/\">\n                \n                \n                    <div class=\"c-relatedItems__item-imageContainer\" >\n                        <img decoding=\"async\" width=\"82\" height=\"320\" src=\"https:\/\/liviko.eu\/wp-content\/uploads\/2020\/10\/vanatallinn-82x320.jpg\" class=\"c-relatedItems__item-image\" alt=\"Vana Tallinn\" srcset=\"https:\/\/liviko.eu\/wp-content\/uploads\/2020\/10\/vanatallinn-82x320.jpg 82w, https:\/\/liviko.eu\/wp-content\/uploads\/2020\/10\/vanatallinn.jpg 235w\" sizes=\"(max-width: 82px) 100vw, 82px\" \/>                    <\/div>\n                    <div class=\"c-relatedItems__item-details\">\n                        <h3 class=\"c-relatedItems__item-title\">Vana Tallinn<\/h3>                                            <\/div>\n                \n            <\/a>\n            \n        \n                \n\n            <a class=\"c-relatedItems__item \" href=\"https:\/\/liviko.eu\/et\/tootmine\/vana-tallinn-cream\/\">\n                \n                \n                    <div class=\"c-relatedItems__item-imageContainer\" >\n                        <img decoding=\"async\" width=\"213\" height=\"320\" src=\"https:\/\/liviko.eu\/wp-content\/uploads\/2020\/08\/Herbert_500ml-213x320.png\" class=\"c-relatedItems__item-image\" alt=\"Herbert\" srcset=\"https:\/\/liviko.eu\/wp-content\/uploads\/2020\/08\/Herbert_500ml-213x320.png 213w, https:\/\/liviko.eu\/wp-content\/uploads\/2020\/08\/Herbert_500ml-613x920.png 613w, https:\/\/liviko.eu\/wp-content\/uploads\/2020\/08\/Herbert_500ml-911x1366.png 911w, https:\/\/liviko.eu\/wp-content\/uploads\/2020\/08\/Herbert_500ml-768x1152.png 768w, https:\/\/liviko.eu\/wp-content\/uploads\/2020\/08\/Herbert_500ml-1024x1536.png 1024w, https:\/\/liviko.eu\/wp-content\/uploads\/2020\/08\/Herbert_500ml-1366x2048.png 1366w\" sizes=\"(max-width: 213px) 100vw, 213px\" \/>                    <\/div>\n                    <div class=\"c-relatedItems__item-details\">\n                        <h3 class=\"c-relatedItems__item-title\">Herbert<\/h3>                                            <\/div>\n                \n            <\/a>\n            \n                <\/div>\n<\/div>\n","protected":false},"excerpt":{"rendered":"","protected":false},"author":1,"featured_media":0,"parent":172,"menu_order":11,"comment_status":"closed","ping_status":"closed","template":"page-templates\/page-product.php","meta":{"_acf_changed":false,"inline_featured_image":false,"_monsterinsights_skip_tracking":false,"_monsterinsights_sitenote_active":false,"_monsterinsights_sitenote_note":"","_monsterinsights_sitenote_category":0,"footnotes":""},"categories":[40],"class_list":["post-871","page","type-page","status-publish","hentry","category-liquer"],"acf":[],"yoast_head":"<!-- This site is optimized with the Yoast SEO plugin v24.0 - https:\/\/yoast.com\/wordpress\/plugins\/seo\/ -->\n<title>Liviko Lik\u00f6\u00f6rid - Liviko<\/title>\n<meta name=\"robots\" content=\"index, follow, max-snippet:-1, max-image-preview:large, max-video-preview:-1\" \/>\n<link rel=\"canonical\" href=\"https:\/\/liviko.eu\/et\/tootmine\/liviko-liquer\/\" \/>\n<meta property=\"og:locale\" content=\"et_EE\" \/>\n<meta property=\"og:type\" content=\"article\" \/>\n<meta property=\"og:title\" content=\"Liviko Lik\u00f6\u00f6rid - Liviko\" \/>\n<meta property=\"og:url\" content=\"https:\/\/liviko.eu\/et\/tootmine\/liviko-liquer\/\" \/>\n<meta property=\"og:site_name\" content=\"Liviko\" \/>\n<meta property=\"article:publisher\" content=\"https:\/\/www.facebook.com\/LivikoDistillery\/\" \/>\n<meta property=\"article:modified_time\" content=\"2025-06-18T11:28:05+00:00\" \/>\n<meta name=\"twitter:card\" content=\"summary_large_image\" \/>\n<script type=\"application\/ld+json\" class=\"yoast-schema-graph\">{\"@context\":\"https:\/\/schema.org\",\"@graph\":[{\"@type\":\"WebPage\",\"@id\":\"https:\/\/liviko.eu\/et\/tootmine\/liviko-liquer\/\",\"url\":\"https:\/\/liviko.eu\/et\/tootmine\/liviko-liquer\/\",\"name\":\"Liviko Lik\u00f6\u00f6rid - Liviko\",\"isPartOf\":{\"@id\":\"https:\/\/liviko.eu\/et\/#website\"},\"datePublished\":\"2020-07-06T11:53:47+00:00\",\"dateModified\":\"2025-06-18T11:28:05+00:00\",\"breadcrumb\":{\"@id\":\"https:\/\/liviko.eu\/et\/tootmine\/liviko-liquer\/#breadcrumb\"},\"inLanguage\":\"et\",\"potentialAction\":[{\"@type\":\"ReadAction\",\"target\":[\"https:\/\/liviko.eu\/et\/tootmine\/liviko-liquer\/\"]}]},{\"@type\":\"BreadcrumbList\",\"@id\":\"https:\/\/liviko.eu\/et\/tootmine\/liviko-liquer\/#breadcrumb\",\"itemListElement\":[{\"@type\":\"ListItem\",\"position\":1,\"name\":\"Home\",\"item\":\"https:\/\/liviko.eu\/et\/\"},{\"@type\":\"ListItem\",\"position\":2,\"name\":\"Tootmine\",\"item\":\"https:\/\/liviko.eu\/et\/tootmine\/\"},{\"@type\":\"ListItem\",\"position\":3,\"name\":\"Liviko Lik\u00f6\u00f6rid\"}]},{\"@type\":\"WebSite\",\"@id\":\"https:\/\/liviko.eu\/et\/#website\",\"url\":\"https:\/\/liviko.eu\/et\/\",\"name\":\"Liviko\",\"description\":\"anno 1898\",\"publisher\":{\"@id\":\"https:\/\/liviko.eu\/et\/#organization\"},\"potentialAction\":[{\"@type\":\"SearchAction\",\"target\":{\"@type\":\"EntryPoint\",\"urlTemplate\":\"https:\/\/liviko.eu\/et\/?s={search_term_string}\"},\"query-input\":{\"@type\":\"PropertyValueSpecification\",\"valueRequired\":true,\"valueName\":\"search_term_string\"}}],\"inLanguage\":\"et\"},{\"@type\":\"Organization\",\"@id\":\"https:\/\/liviko.eu\/et\/#organization\",\"name\":\"Liviko\",\"url\":\"https:\/\/liviko.eu\/et\/\",\"logo\":{\"@type\":\"ImageObject\",\"inLanguage\":\"et\",\"@id\":\"https:\/\/liviko.eu\/et\/#\/schema\/logo\/image\/\",\"url\":\"https:\/\/liviko.eu\/wp-content\/uploads\/2020\/10\/liviko_logo.png\",\"contentUrl\":\"https:\/\/liviko.eu\/wp-content\/uploads\/2020\/10\/liviko_logo.png\",\"width\":515,\"height\":181,\"caption\":\"Liviko\"},\"image\":{\"@id\":\"https:\/\/liviko.eu\/et\/#\/schema\/logo\/image\/\"},\"sameAs\":[\"https:\/\/www.facebook.com\/LivikoDistillery\/\",\"https:\/\/www.instagram.com\/livikodistillery\",\"https:\/\/www.linkedin.com\/company\/liviko\/\",\"https:\/\/www.youtube.com\/channel\/UCnoHr-PaNxBHJO8nMDLVGuA\"]}]}<\/script>\n<!-- \/ Yoast SEO plugin. -->","yoast_head_json":{"title":"Liviko Lik\u00f6\u00f6rid - Liviko","robots":{"index":"index","follow":"follow","max-snippet":"max-snippet:-1","max-image-preview":"max-image-preview:large","max-video-preview":"max-video-preview:-1"},"canonical":"https:\/\/liviko.eu\/et\/tootmine\/liviko-liquer\/","og_locale":"et_EE","og_type":"article","og_title":"Liviko Lik\u00f6\u00f6rid - Liviko","og_url":"https:\/\/liviko.eu\/et\/tootmine\/liviko-liquer\/","og_site_name":"Liviko","article_publisher":"https:\/\/www.facebook.com\/LivikoDistillery\/","article_modified_time":"2025-06-18T11:28:05+00:00","twitter_card":"summary_large_image","schema":{"@context":"https:\/\/schema.org","@graph":[{"@type":"WebPage","@id":"https:\/\/liviko.eu\/et\/tootmine\/liviko-liquer\/","url":"https:\/\/liviko.eu\/et\/tootmine\/liviko-liquer\/","name":"Liviko Lik\u00f6\u00f6rid - Liviko","isPartOf":{"@id":"https:\/\/liviko.eu\/et\/#website"},"datePublished":"2020-07-06T11:53:47+00:00","dateModified":"2025-06-18T11:28:05+00:00","breadcrumb":{"@id":"https:\/\/liviko.eu\/et\/tootmine\/liviko-liquer\/#breadcrumb"},"inLanguage":"et","potentialAction":[{"@type":"ReadAction","target":["https:\/\/liviko.eu\/et\/tootmine\/liviko-liquer\/"]}]},{"@type":"BreadcrumbList","@id":"https:\/\/liviko.eu\/et\/tootmine\/liviko-liquer\/#breadcrumb","itemListElement":[{"@type":"ListItem","position":1,"name":"Home","item":"https:\/\/liviko.eu\/et\/"},{"@type":"ListItem","position":2,"name":"Tootmine","item":"https:\/\/liviko.eu\/et\/tootmine\/"},{"@type":"ListItem","position":3,"name":"Liviko Lik\u00f6\u00f6rid"}]},{"@type":"WebSite","@id":"https:\/\/liviko.eu\/et\/#website","url":"https:\/\/liviko.eu\/et\/","name":"Liviko","description":"anno 1898","publisher":{"@id":"https:\/\/liviko.eu\/et\/#organization"},"potentialAction":[{"@type":"SearchAction","target":{"@type":"EntryPoint","urlTemplate":"https:\/\/liviko.eu\/et\/?s={search_term_string}"},"query-input":{"@type":"PropertyValueSpecification","valueRequired":true,"valueName":"search_term_string"}}],"inLanguage":"et"},{"@type":"Organization","@id":"https:\/\/liviko.eu\/et\/#organization","name":"Liviko","url":"https:\/\/liviko.eu\/et\/","logo":{"@type":"ImageObject","inLanguage":"et","@id":"https:\/\/liviko.eu\/et\/#\/schema\/logo\/image\/","url":"https:\/\/liviko.eu\/wp-content\/uploads\/2020\/10\/liviko_logo.png","contentUrl":"https:\/\/liviko.eu\/wp-content\/uploads\/2020\/10\/liviko_logo.png","width":515,"height":181,"caption":"Liviko"},"image":{"@id":"https:\/\/liviko.eu\/et\/#\/schema\/logo\/image\/"},"sameAs":["https:\/\/www.facebook.com\/LivikoDistillery\/","https:\/\/www.instagram.com\/livikodistillery","https:\/\/www.linkedin.com\/company\/liviko\/","https:\/\/www.youtube.com\/channel\/UCnoHr-PaNxBHJO8nMDLVGuA"]}]}},"_links":{"self":[{"href":"https:\/\/liviko.eu\/et\/wp-json\/wp\/v2\/pages\/871","targetHints":{"allow":["GET"]}}],"collection":[{"href":"https:\/\/liviko.eu\/et\/wp-json\/wp\/v2\/pages"}],"about":[{"href":"https:\/\/liviko.eu\/et\/wp-json\/wp\/v2\/types\/page"}],"author":[{"embeddable":true,"href":"https:\/\/liviko.eu\/et\/wp-json\/wp\/v2\/users\/1"}],"replies":[{"embeddable":true,"href":"https:\/\/liviko.eu\/et\/wp-json\/wp\/v2\/comments?post=871"}],"version-history":[{"count":47,"href":"https:\/\/liviko.eu\/et\/wp-json\/wp\/v2\/pages\/871\/revisions"}],"predecessor-version":[{"id":21709,"href":"https:\/\/liviko.eu\/et\/wp-json\/wp\/v2\/pages\/871\/revisions\/21709"}],"up":[{"embeddable":true,"href":"https:\/\/liviko.eu\/et\/wp-json\/wp\/v2\/pages\/172"}],"wp:attachment":[{"href":"https:\/\/liviko.eu\/et\/wp-json\/wp\/v2\/media?parent=871"}],"wp:term":[{"taxonomy":"category","embeddable":true,"href":"https:\/\/liviko.eu\/et\/wp-json\/wp\/v2\/categories?post=871"}],"curies":[{"name":"wp","href":"https:\/\/api.w.org\/{rel}","templated":true}]}}