{"id":875,"date":"2020-07-06T11:54:16","date_gmt":"2020-07-06T11:54:16","guid":{"rendered":"http:\/\/liviko.eu\/tootmine\/minty\/"},"modified":"2025-06-18T11:28:05","modified_gmt":"2025-06-18T11:28:05","slug":"minty","status":"publish","type":"page","link":"https:\/\/liviko.eu\/et\/tootmine\/minty\/","title":{"rendered":"Minty"},"content":{"rendered":"<div id=\"mediaBlock-block_5f1f039c03124\" class=\" c-contentBlock c-mediaBlock c-mediaBlock--align-left c-mediaBlock--valign-center c-mediaBlock--size-extra-small c-mediaBlock--imageHeight-small\" data-block-type=\"Media block\">\n   \n                \n     <div class=\"c-mediaBlock__media\" style=\"\"\">\n        <img fetchpriority=\"high\" decoding=\"async\" width=\"357\" height=\"1366\" src=\"https:\/\/liviko.eu\/wp-content\/uploads\/2020\/08\/Minty-Peppermint-Liqueur-500ml-FULL-357x1366.png\" class=\"c-mediaBlock__image\" alt=\"MINTY\" srcset=\"https:\/\/liviko.eu\/wp-content\/uploads\/2020\/08\/Minty-Peppermint-Liqueur-500ml-FULL-357x1366.png 357w, https:\/\/liviko.eu\/wp-content\/uploads\/2020\/08\/Minty-Peppermint-Liqueur-500ml-FULL-768x2936.png 768w, https:\/\/liviko.eu\/wp-content\/uploads\/2020\/08\/Minty-Peppermint-Liqueur-500ml-FULL-84x320.png 84w, https:\/\/liviko.eu\/wp-content\/uploads\/2020\/08\/Minty-Peppermint-Liqueur-500ml-FULL.png 1491w\" sizes=\"(max-width: 357px) 100vw, 357px\" \/>    <\/div>\n     <div class=\"c-mediaBlock__body\">\n                    <h2 class=\"c-mediaBlock__title\">MINTY<\/h2>\n                <div class=\"c-mediaBlock__content\">\n            <div class=\"t-text\">\n            <p style=\"text-align: left;\" align=\"center\">Heas tasakaalus karge piparm\u00fcndilik\u00f6\u00f6r, mida iseloomustab v\u00e4rske m\u00fcndi maitse ja \u00f5hetavad l\u00f5punoodid.<br \/>\nKlassikalise piparm\u00fcndilik\u00f6\u00f6ri Minty maitses m\u00e4ngib peaosa kergelt \u00f5hetav piparm\u00fcnt, mille v\u00e4rskendav maitse annab tooni ka lik\u00f6\u00f6ri l\u00f5punootides.<\/p>\n<p style=\"text-align: left;\">Piparm\u00fcndilik\u00f6\u00f6r Minty on karge ja kirgas klassikaline lik\u00f6\u00f6r, mis sobib tarbimiseks j\u00e4\u00e4k\u00fclma shot\u2019ina ja kuuma kakaoga.<\/p>\n<div class=\"TnITTtw-t TnITTtw-translate-selection-button\" style=\"top: 159px; left: 254.43359375px; opacity: 0.5431437060337622;\"><\/div>\n            <\/div>\n                            \n        <\/div>\n    <\/div>\n<\/div>\n\n\n<div id=\"spacer-block_5f1f09dd6581d\" class=\"c-contentBlock c-spacerContainer\"  data-block-type=\"Spacer\">\n   <hr class=\"  c-spacer c-spacer--size-3 c-spacer--line\" >\n<\/div>\n\n\n\n<div id=\"relatedItems-block_5f4c8ee9769d1\" class=\" c-contentBlock c-relatedItems\" data-block-type=\"Related items\" >\n   \n            <h2 class=\"c-relatedItems__title \">Sarnased tooted <\/h2>\n     \n    <div class=\"c-relatedItems__content\">\n\n\n    \n\n             \n         \n                \n\n            <a class=\"c-relatedItems__item \" href=\"https:\/\/liviko.eu\/et\/tootmine\/vana-tallinn\/\">\n                \n                \n                    <div class=\"c-relatedItems__item-imageContainer\" >\n                        <img decoding=\"async\" width=\"82\" height=\"320\" src=\"https:\/\/liviko.eu\/wp-content\/uploads\/2020\/10\/vanatallinn-82x320.jpg\" class=\"c-relatedItems__item-image\" alt=\"Vana Tallinn\" srcset=\"https:\/\/liviko.eu\/wp-content\/uploads\/2020\/10\/vanatallinn-82x320.jpg 82w, https:\/\/liviko.eu\/wp-content\/uploads\/2020\/10\/vanatallinn.jpg 235w\" sizes=\"(max-width: 82px) 100vw, 82px\" \/>                    <\/div>\n                    <div class=\"c-relatedItems__item-details\">\n                        <h3 class=\"c-relatedItems__item-title\">Vana Tallinn<\/h3>                                            <\/div>\n                \n            <\/a>\n            \n        \n                \n\n            <a class=\"c-relatedItems__item \" href=\"https:\/\/liviko.eu\/et\/tootmine\/herbert\/\">\n                \n                \n                    <div class=\"c-relatedItems__item-imageContainer\" >\n                        <img decoding=\"async\" width=\"213\" height=\"320\" src=\"https:\/\/liviko.eu\/wp-content\/uploads\/2020\/08\/Herbert_500ml-213x320.png\" class=\"c-relatedItems__item-image\" alt=\"Herbert\" srcset=\"https:\/\/liviko.eu\/wp-content\/uploads\/2020\/08\/Herbert_500ml-213x320.png 213w, https:\/\/liviko.eu\/wp-content\/uploads\/2020\/08\/Herbert_500ml-613x920.png 613w, https:\/\/liviko.eu\/wp-content\/uploads\/2020\/08\/Herbert_500ml-911x1366.png 911w, https:\/\/liviko.eu\/wp-content\/uploads\/2020\/08\/Herbert_500ml-768x1152.png 768w, https:\/\/liviko.eu\/wp-content\/uploads\/2020\/08\/Herbert_500ml-1024x1536.png 1024w, https:\/\/liviko.eu\/wp-content\/uploads\/2020\/08\/Herbert_500ml-1366x2048.png 1366w\" sizes=\"(max-width: 213px) 100vw, 213px\" \/>                    <\/div>\n                    <div class=\"c-relatedItems__item-details\">\n                        <h3 class=\"c-relatedItems__item-title\">Herbert<\/h3>                                            <\/div>\n                \n            <\/a>\n            \n                <\/div>\n<\/div>\n\n\n\n<div id=\"spacer-block_5f1f048b0312c\" class=\"c-contentBlock c-spacerContainer\"  data-block-type=\"Spacer\">\n   <hr class=\"  c-spacer c-spacer--size-3 c-spacer--line\" >\n<\/div>\n","protected":false},"excerpt":{"rendered":"","protected":false},"author":1,"featured_media":0,"parent":172,"menu_order":12,"comment_status":"closed","ping_status":"closed","template":"page-templates\/page-product.php","meta":{"_acf_changed":false,"inline_featured_image":false,"_monsterinsights_skip_tracking":false,"_monsterinsights_sitenote_active":false,"_monsterinsights_sitenote_note":"","_monsterinsights_sitenote_category":0,"footnotes":""},"categories":[40],"class_list":["post-875","page","type-page","status-publish","hentry","category-liquer"],"acf":[],"yoast_head":"<!-- This site is optimized with the Yoast SEO plugin v24.0 - https:\/\/yoast.com\/wordpress\/plugins\/seo\/ -->\n<title>Minty - Liviko<\/title>\n<meta name=\"robots\" content=\"index, follow, max-snippet:-1, max-image-preview:large, max-video-preview:-1\" \/>\n<link rel=\"canonical\" href=\"https:\/\/liviko.eu\/et\/tootmine\/minty\/\" \/>\n<meta property=\"og:locale\" content=\"et_EE\" \/>\n<meta property=\"og:type\" content=\"article\" \/>\n<meta property=\"og:title\" content=\"Minty - Liviko\" \/>\n<meta property=\"og:url\" content=\"https:\/\/liviko.eu\/et\/tootmine\/minty\/\" \/>\n<meta property=\"og:site_name\" content=\"Liviko\" \/>\n<meta property=\"article:publisher\" content=\"https:\/\/www.facebook.com\/LivikoDistillery\/\" \/>\n<meta property=\"article:modified_time\" content=\"2025-06-18T11:28:05+00:00\" \/>\n<meta name=\"twitter:card\" content=\"summary_large_image\" \/>\n<script type=\"application\/ld+json\" class=\"yoast-schema-graph\">{\"@context\":\"https:\/\/schema.org\",\"@graph\":[{\"@type\":\"WebPage\",\"@id\":\"https:\/\/liviko.eu\/et\/tootmine\/minty\/\",\"url\":\"https:\/\/liviko.eu\/et\/tootmine\/minty\/\",\"name\":\"Minty - Liviko\",\"isPartOf\":{\"@id\":\"https:\/\/liviko.eu\/et\/#website\"},\"datePublished\":\"2020-07-06T11:54:16+00:00\",\"dateModified\":\"2025-06-18T11:28:05+00:00\",\"breadcrumb\":{\"@id\":\"https:\/\/liviko.eu\/et\/tootmine\/minty\/#breadcrumb\"},\"inLanguage\":\"et\",\"potentialAction\":[{\"@type\":\"ReadAction\",\"target\":[\"https:\/\/liviko.eu\/et\/tootmine\/minty\/\"]}]},{\"@type\":\"BreadcrumbList\",\"@id\":\"https:\/\/liviko.eu\/et\/tootmine\/minty\/#breadcrumb\",\"itemListElement\":[{\"@type\":\"ListItem\",\"position\":1,\"name\":\"Home\",\"item\":\"https:\/\/liviko.eu\/et\/\"},{\"@type\":\"ListItem\",\"position\":2,\"name\":\"Tootmine\",\"item\":\"https:\/\/liviko.eu\/et\/tootmine\/\"},{\"@type\":\"ListItem\",\"position\":3,\"name\":\"Minty\"}]},{\"@type\":\"WebSite\",\"@id\":\"https:\/\/liviko.eu\/et\/#website\",\"url\":\"https:\/\/liviko.eu\/et\/\",\"name\":\"Liviko\",\"description\":\"anno 1898\",\"publisher\":{\"@id\":\"https:\/\/liviko.eu\/et\/#organization\"},\"potentialAction\":[{\"@type\":\"SearchAction\",\"target\":{\"@type\":\"EntryPoint\",\"urlTemplate\":\"https:\/\/liviko.eu\/et\/?s={search_term_string}\"},\"query-input\":{\"@type\":\"PropertyValueSpecification\",\"valueRequired\":true,\"valueName\":\"search_term_string\"}}],\"inLanguage\":\"et\"},{\"@type\":\"Organization\",\"@id\":\"https:\/\/liviko.eu\/et\/#organization\",\"name\":\"Liviko\",\"url\":\"https:\/\/liviko.eu\/et\/\",\"logo\":{\"@type\":\"ImageObject\",\"inLanguage\":\"et\",\"@id\":\"https:\/\/liviko.eu\/et\/#\/schema\/logo\/image\/\",\"url\":\"https:\/\/liviko.eu\/wp-content\/uploads\/2020\/10\/liviko_logo.png\",\"contentUrl\":\"https:\/\/liviko.eu\/wp-content\/uploads\/2020\/10\/liviko_logo.png\",\"width\":515,\"height\":181,\"caption\":\"Liviko\"},\"image\":{\"@id\":\"https:\/\/liviko.eu\/et\/#\/schema\/logo\/image\/\"},\"sameAs\":[\"https:\/\/www.facebook.com\/LivikoDistillery\/\",\"https:\/\/www.instagram.com\/livikodistillery\",\"https:\/\/www.linkedin.com\/company\/liviko\/\",\"https:\/\/www.youtube.com\/channel\/UCnoHr-PaNxBHJO8nMDLVGuA\"]}]}<\/script>\n<!-- \/ Yoast SEO plugin. -->","yoast_head_json":{"title":"Minty - Liviko","robots":{"index":"index","follow":"follow","max-snippet":"max-snippet:-1","max-image-preview":"max-image-preview:large","max-video-preview":"max-video-preview:-1"},"canonical":"https:\/\/liviko.eu\/et\/tootmine\/minty\/","og_locale":"et_EE","og_type":"article","og_title":"Minty - Liviko","og_url":"https:\/\/liviko.eu\/et\/tootmine\/minty\/","og_site_name":"Liviko","article_publisher":"https:\/\/www.facebook.com\/LivikoDistillery\/","article_modified_time":"2025-06-18T11:28:05+00:00","twitter_card":"summary_large_image","schema":{"@context":"https:\/\/schema.org","@graph":[{"@type":"WebPage","@id":"https:\/\/liviko.eu\/et\/tootmine\/minty\/","url":"https:\/\/liviko.eu\/et\/tootmine\/minty\/","name":"Minty - Liviko","isPartOf":{"@id":"https:\/\/liviko.eu\/et\/#website"},"datePublished":"2020-07-06T11:54:16+00:00","dateModified":"2025-06-18T11:28:05+00:00","breadcrumb":{"@id":"https:\/\/liviko.eu\/et\/tootmine\/minty\/#breadcrumb"},"inLanguage":"et","potentialAction":[{"@type":"ReadAction","target":["https:\/\/liviko.eu\/et\/tootmine\/minty\/"]}]},{"@type":"BreadcrumbList","@id":"https:\/\/liviko.eu\/et\/tootmine\/minty\/#breadcrumb","itemListElement":[{"@type":"ListItem","position":1,"name":"Home","item":"https:\/\/liviko.eu\/et\/"},{"@type":"ListItem","position":2,"name":"Tootmine","item":"https:\/\/liviko.eu\/et\/tootmine\/"},{"@type":"ListItem","position":3,"name":"Minty"}]},{"@type":"WebSite","@id":"https:\/\/liviko.eu\/et\/#website","url":"https:\/\/liviko.eu\/et\/","name":"Liviko","description":"anno 1898","publisher":{"@id":"https:\/\/liviko.eu\/et\/#organization"},"potentialAction":[{"@type":"SearchAction","target":{"@type":"EntryPoint","urlTemplate":"https:\/\/liviko.eu\/et\/?s={search_term_string}"},"query-input":{"@type":"PropertyValueSpecification","valueRequired":true,"valueName":"search_term_string"}}],"inLanguage":"et"},{"@type":"Organization","@id":"https:\/\/liviko.eu\/et\/#organization","name":"Liviko","url":"https:\/\/liviko.eu\/et\/","logo":{"@type":"ImageObject","inLanguage":"et","@id":"https:\/\/liviko.eu\/et\/#\/schema\/logo\/image\/","url":"https:\/\/liviko.eu\/wp-content\/uploads\/2020\/10\/liviko_logo.png","contentUrl":"https:\/\/liviko.eu\/wp-content\/uploads\/2020\/10\/liviko_logo.png","width":515,"height":181,"caption":"Liviko"},"image":{"@id":"https:\/\/liviko.eu\/et\/#\/schema\/logo\/image\/"},"sameAs":["https:\/\/www.facebook.com\/LivikoDistillery\/","https:\/\/www.instagram.com\/livikodistillery","https:\/\/www.linkedin.com\/company\/liviko\/","https:\/\/www.youtube.com\/channel\/UCnoHr-PaNxBHJO8nMDLVGuA"]}]}},"_links":{"self":[{"href":"https:\/\/liviko.eu\/et\/wp-json\/wp\/v2\/pages\/875","targetHints":{"allow":["GET"]}}],"collection":[{"href":"https:\/\/liviko.eu\/et\/wp-json\/wp\/v2\/pages"}],"about":[{"href":"https:\/\/liviko.eu\/et\/wp-json\/wp\/v2\/types\/page"}],"author":[{"embeddable":true,"href":"https:\/\/liviko.eu\/et\/wp-json\/wp\/v2\/users\/1"}],"replies":[{"embeddable":true,"href":"https:\/\/liviko.eu\/et\/wp-json\/wp\/v2\/comments?post=875"}],"version-history":[{"count":63,"href":"https:\/\/liviko.eu\/et\/wp-json\/wp\/v2\/pages\/875\/revisions"}],"predecessor-version":[{"id":25866,"href":"https:\/\/liviko.eu\/et\/wp-json\/wp\/v2\/pages\/875\/revisions\/25866"}],"up":[{"embeddable":true,"href":"https:\/\/liviko.eu\/et\/wp-json\/wp\/v2\/pages\/172"}],"wp:attachment":[{"href":"https:\/\/liviko.eu\/et\/wp-json\/wp\/v2\/media?parent=875"}],"wp:term":[{"taxonomy":"category","embeddable":true,"href":"https:\/\/liviko.eu\/et\/wp-json\/wp\/v2\/categories?post=875"}],"curies":[{"name":"wp","href":"https:\/\/api.w.org\/{rel}","templated":true}]}}