{"id":883,"date":"2020-07-06T11:56:39","date_gmt":"2020-07-06T11:56:39","guid":{"rendered":"http:\/\/liviko.eu\/tootmine\/re-crafters-junibeer\/"},"modified":"2025-06-18T11:28:05","modified_gmt":"2025-06-18T11:28:05","slug":"re-crafted-crafters","status":"publish","type":"page","link":"https:\/\/liviko.eu\/et\/tootmine\/re-crafted-crafters\/","title":{"rendered":"Re-crafted Crafter&#8217;s"},"content":{"rendered":"<div id=\"pageHeader-block_5f1f037303123\" class=\" c-contentBlock c-pageHeader\" data-block-type=\"Page header\">\n                    <h1 class=\"c-pageHeader__title\">RE-CRAFTED CRAFTER&#8217;S <\/h1>\n                            <div class=\"c-pageHeader__text t-text\"><p>Uudse tehnoloogiaga alkoholivabad k\u00e4sit\u00f6\u00f6joogid s\u00fcndisid soovist v\u00e4\u00e4rtuslikku toorainet maksimaalselt \u00e4ra kasutada.<\/p>\n<\/div>\n                \n<\/div>\n<a id=\"page-883-body\"><\/a>\n\n<div id=\"mediaBlock-block_5f5b400a35fc2\" class=\" c-contentBlock c-mediaBlock c-mediaBlock--align-left c-mediaBlock--valign-center c-mediaBlock--size-extra-small c-mediaBlock--imageHeight-small\" data-block-type=\"Media block\">\n   \n                \n     <div class=\"c-mediaBlock__media\" style=\"\"\">\n        <img fetchpriority=\"high\" decoding=\"async\" width=\"350\" height=\"1366\" src=\"https:\/\/liviko.eu\/wp-content\/uploads\/2020\/08\/Crafters-Re-Crafted-Junibeer-FULL-350x1366.png\" class=\"c-mediaBlock__image\" alt=\"RE-CRAFTED CRAFTER&#039;S JUNIBEER \" srcset=\"https:\/\/liviko.eu\/wp-content\/uploads\/2020\/08\/Crafters-Re-Crafted-Junibeer-FULL-350x1366.png 350w, https:\/\/liviko.eu\/wp-content\/uploads\/2020\/08\/Crafters-Re-Crafted-Junibeer-FULL-236x920.png 236w, https:\/\/liviko.eu\/wp-content\/uploads\/2020\/08\/Crafters-Re-Crafted-Junibeer-FULL-768x2999.png 768w, https:\/\/liviko.eu\/wp-content\/uploads\/2020\/08\/Crafters-Re-Crafted-Junibeer-FULL-82x320.png 82w, https:\/\/liviko.eu\/wp-content\/uploads\/2020\/08\/Crafters-Re-Crafted-Junibeer-FULL.png 1558w\" sizes=\"(max-width: 350px) 100vw, 350px\" \/>    <\/div>\n     <div class=\"c-mediaBlock__body\">\n                    <h2 class=\"c-mediaBlock__title\">RE-CRAFTED CRAFTER&#8217;S JUNIBEER <\/h2>\n                <div class=\"c-mediaBlock__content\">\n            <div class=\"t-text\">\n            <p>Re-crafted Crafter\u00b4s Junibeer on<strong>\u00a0<\/strong>v\u00e4rskendav, m\u00f5\u00f5dukalt magus karastusjook.\u00a0<strong>\u00a0<\/strong>Siidise struktuuriga v\u00e4rskendava ja m\u00f5\u00f5dukalt magusa maitsega joogis on tunda m\u00f5rkjaid ja puiduseid kadakamarjale iseloomulikke n\u00fcansse. Junibeer on nii toote nimetus kui ka joogikategooria, mis on tuletatud kadakamarjade ja \u00f5lle inglisekeelsetest nimetustest <em>juniper berry<\/em> ja <em>beer<\/em>.<\/p>\n<p>Ei ole lisatud l\u00f5hna- ja maitseaineid. Junibeer on laktoosi- ja gluteenivaba ning sobib ka veganitele. Toode v\u00f5ib sisaldada sadet.<br \/>\nServeerida jahutatult.<\/p>\n<p><a href=\"http:\/\/craftersgin.com\/zero-wast\">craftersgin.com\/zero-waste<\/a><\/p>\n<p><strong>Auhinnad:\u00a0<\/strong><\/p>\n<ul class=\"product__prizes\">\n<li>Eesti parim mittealkohoolne jook 2020 &#8211; kuldmedal<\/li>\n<li>Eesti parim toiduaine 2020 kaupmeeste lemmik &#8211; pronksmedal<\/li>\n<li>World Beverage Innovation Award 2019 nominent<\/li>\n<\/ul>\n            <\/div>\n                            \n        <\/div>\n    <\/div>\n<\/div>\n\n<div id=\"mediaBlock-block_5f509f11e2d22\" class=\" c-contentBlock c-mediaBlock c-mediaBlock--align-right c-mediaBlock--valign-center c-mediaBlock--size-extra-small c-mediaBlock--imageHeight-small\" data-block-type=\"Media block\">\n   \n                \n     <div class=\"c-mediaBlock__media\" style=\"\"\">\n        <img decoding=\"async\" width=\"254\" height=\"1000\" src=\"https:\/\/liviko.eu\/wp-content\/uploads\/2021\/06\/Crafters-Re-Crafted-Gingeroot-WEB.jpg\" class=\"c-mediaBlock__image\" alt=\"RE-CRAFTED CRAFTER&#039;S GINGEROOT\" srcset=\"https:\/\/liviko.eu\/wp-content\/uploads\/2021\/06\/Crafters-Re-Crafted-Gingeroot-WEB.jpg 254w, https:\/\/liviko.eu\/wp-content\/uploads\/2021\/06\/Crafters-Re-Crafted-Gingeroot-WEB-234x920.jpg 234w, https:\/\/liviko.eu\/wp-content\/uploads\/2021\/06\/Crafters-Re-Crafted-Gingeroot-WEB-81x320.jpg 81w\" sizes=\"(max-width: 254px) 100vw, 254px\" \/>    <\/div>\n     <div class=\"c-mediaBlock__body\">\n                    <h2 class=\"c-mediaBlock__title\">RE-CRAFTED CRAFTER&#8217;S GINGEROOT<\/h2>\n                <div class=\"c-mediaBlock__content\">\n            <div class=\"t-text\">\n            <p>Re-crafted Crafter\u00b4s Gingeroot on v\u00e4rskendav, m\u00f5\u00f5dukalt magus k\u00e4sit\u00f6\u00f6jook. Maitses on tunda v\u00fcrtsikaid ingverile iseloomulikke noote. J\u00e4relmaitse on \u00f5hetav ja kergelt piprane.<\/p>\n<p>Inspireeritud j\u00e4\u00e4kidevabast tootmisest, rohelisest elukeskkonnast ja uute sensoorsete elamuste otsingust. Joogi valmistamiseks taaskasutatakse destillatsioonis t\u00f6\u00f6deldud ingverijuuri.<\/p>\n<p>Ei ole lisatud l\u00f5hna- ja maitseaineid. Gingeroot on laktoosi- ja gluteenivaba ning sobib ka veganitele. Toode v\u00f5ib sisaldada sadet.<\/p>\n<div class=\"product__usage\">\n<p>Serveerida jahutatult.<\/p>\n<p><a href=\"http:\/\/craftersgin.com\/zero-wast\">craftersgin.com\/zero-waste<\/a><\/p>\n<\/div>\n            <\/div>\n                            \n        <\/div>\n    <\/div>\n<\/div>\n\n<div id=\"mediaBlock-block_5f1f039c03124\" class=\" c-contentBlock c-mediaBlock c-mediaBlock--align-left c-mediaBlock--valign-center c-mediaBlock--size-extra-small c-mediaBlock--imageHeight-small\" data-block-type=\"Media block\">\n   \n                \n     <div class=\"c-mediaBlock__media\" style=\"\"\">\n        <img decoding=\"async\" width=\"230\" height=\"900\" src=\"https:\/\/liviko.eu\/wp-content\/uploads\/2020\/08\/4740050005742.jpg\" class=\"c-mediaBlock__image\" alt=\"RE-CRAFTED CRAFTER&#039;S JUNIBEER 3,2%\" srcset=\"https:\/\/liviko.eu\/wp-content\/uploads\/2020\/08\/4740050005742.jpg 230w, https:\/\/liviko.eu\/wp-content\/uploads\/2020\/08\/4740050005742-82x320.jpg 82w\" sizes=\"(max-width: 230px) 100vw, 230px\" \/>    <\/div>\n     <div class=\"c-mediaBlock__body\">\n                    <h2 class=\"c-mediaBlock__title\">RE-CRAFTED CRAFTER&#8217;S JUNIBEER 3,2%<\/h2>\n                <div class=\"c-mediaBlock__content\">\n            <div class=\"t-text\">\n            <p>Junibeer on v\u00e4rskendav, m\u00f5\u00f5dukalt magus kadakamarja\u00f5lu, mis valmib Crafter`s d\u017einni destillatsioonij\u00e4\u00e4gi k\u00e4\u00e4ritamisel. Siidise struktuuriga maitses on tunda m\u00f5rkjaid ja puiduseid kadakamarjale iseloomulikke n\u00fcansse.<\/p>\n<p>Inspireeritud j\u00e4\u00e4kidevabast tootmisest, rohelisest elukeskkonnast ja uute sensoorsete elamuste otsingust. Joogi valmistamiseks taaskasutatakse Crafter\u2019s d\u017einni destillatsioonis t\u00f6\u00f6deldud kadakamarju, milles sisalduv orgaaniline suhkur fermenteeritakse alkoholiks ja saadakse uudne kadkamarja\u00f5lu.<\/p>\n<p>Ei ole lisatud l\u00f5hna- ja maitseaineid. Junibeer on laktoosi- ja gluteenivaba ning sobib ka veganitele.<br \/>\nToode v\u00f5ib sisaldada sadet.<\/p>\n<p><a href=\"http:\/\/craftersgin.com\/zero-wast\">craftersgin.com\/zero-waste<\/a><\/p>\n            <\/div>\n                            \n        <\/div>\n    <\/div>\n<\/div>\n\n\n<div id=\"featureBlocks-block_5f5b400a35fc3\" class=\" c-contentBlock c-featureBlocks c-featureBlocks--type-expanded c-featureBlocks--grid-columns\" data-block-type=\"Feature blocks: expanded\">\n   <div class=\"c-featureBlocksGroup\">\n\n\n                          <div class=\"c-featureBlocks__item\">\n                \n                \n                    <div class=\"c-featureBlocks__item-block\"    >\n\n                                                                                            <div class=\"c-featureBlock__imageContainer\">\n                                <img loading=\"lazy\" decoding=\"async\" width=\"800\" height=\"800\" src=\"https:\/\/liviko.eu\/wp-content\/uploads\/2020\/09\/recrafters-usp1.jpg\" class=\"c-featureBlock__image\" alt=\"\" srcset=\"https:\/\/liviko.eu\/wp-content\/uploads\/2020\/09\/recrafters-usp1.jpg 800w, https:\/\/liviko.eu\/wp-content\/uploads\/2020\/09\/recrafters-usp1-480x480.jpg 480w, https:\/\/liviko.eu\/wp-content\/uploads\/2020\/09\/recrafters-usp1-768x768.jpg 768w, https:\/\/liviko.eu\/wp-content\/uploads\/2020\/09\/recrafters-usp1-320x320.jpg 320w\" sizes=\"(max-width: 800px) 100vw, 800px\" \/>                                <\/div>\n                               \n\n                            <div class=\"c-featureBlocks__item-body\">\n                                    <h3 class=\"c-featureBlocks__item-title\"><\/h3>\n                                    <div class=\"t-text\">\n                                        <p><strong>Crafter&#8217;s <em>cycle\u00a0<\/em><br \/>\n<\/strong>Inspireeritud rohelisest elukeskkonnast. Crafter&#8217;s d\u017einni tootmiseks kord juba kasutatud kadakamarjadele leitakse taaskasutus Re-crafted Crafter&#8217;s k\u00e4sit\u00f6\u00f6jookides, kuna v\u00e4\u00e4rtuslik osa taimedes sisalduvatest maitsetest j\u00e4\u00e4b destillatsioonil kasutamata.<\/p>\n<p>&nbsp;<\/p>\n                                    <\/div>\n                            <\/div>\n\n                    <\/div>    \n                        \n\n\n                            \n            <\/div>\n            \n                    <div class=\"c-featureBlocks__item\">\n                \n                \n                    <div class=\"c-featureBlocks__item-block\"    >\n\n                                                                                            <div class=\"c-featureBlock__imageContainer\">\n                                <img loading=\"lazy\" decoding=\"async\" width=\"920\" height=\"920\" src=\"https:\/\/liviko.eu\/wp-content\/uploads\/2020\/10\/uus_usp-1-920x920.png\" class=\"c-featureBlock__image\" alt=\"\" srcset=\"https:\/\/liviko.eu\/wp-content\/uploads\/2020\/10\/uus_usp-1-920x920.png 920w, https:\/\/liviko.eu\/wp-content\/uploads\/2020\/10\/uus_usp-1-480x480.png 480w, https:\/\/liviko.eu\/wp-content\/uploads\/2020\/10\/uus_usp-1-768x768.png 768w, https:\/\/liviko.eu\/wp-content\/uploads\/2020\/10\/uus_usp-1-320x320.png 320w, https:\/\/liviko.eu\/wp-content\/uploads\/2020\/10\/uus_usp-1.png 1333w\" sizes=\"(max-width: 920px) 100vw, 920px\" \/>                                <\/div>\n                               \n\n                            <div class=\"c-featureBlocks__item-body\">\n                                    <h3 class=\"c-featureBlocks__item-title\"><\/h3>\n                                    <div class=\"t-text\">\n                                        <p><strong>50% taaskasutatud klaas<br \/>\n<\/strong>Kasutame klaaspudelit, mis on valmistatud v\u00e4hemalt 50% taaskasutatud klaasist ja toodetud vaid 80 km kaugusel Tallinnast, J\u00e4rvakandi klaasitehases.<\/p>\n                                    <\/div>\n                            <\/div>\n\n                    <\/div>    \n                        \n\n\n                            \n            <\/div>\n            \n                    <div class=\"c-featureBlocks__item\">\n                \n                \n                    <div class=\"c-featureBlocks__item-block\"    >\n\n                                                                                            <div class=\"c-featureBlock__imageContainer\">\n                                <img loading=\"lazy\" decoding=\"async\" width=\"800\" height=\"800\" src=\"https:\/\/liviko.eu\/wp-content\/uploads\/2020\/09\/recrafters-usp2.jpg\" class=\"c-featureBlock__image\" alt=\"\" srcset=\"https:\/\/liviko.eu\/wp-content\/uploads\/2020\/09\/recrafters-usp2.jpg 800w, https:\/\/liviko.eu\/wp-content\/uploads\/2020\/09\/recrafters-usp2-480x480.jpg 480w, https:\/\/liviko.eu\/wp-content\/uploads\/2020\/09\/recrafters-usp2-768x768.jpg 768w, https:\/\/liviko.eu\/wp-content\/uploads\/2020\/09\/recrafters-usp2-320x320.jpg 320w\" sizes=\"(max-width: 800px) 100vw, 800px\" \/>                                <\/div>\n                               \n\n                            <div class=\"c-featureBlocks__item-body\">\n                                    <h3 class=\"c-featureBlocks__item-title\"><\/h3>\n                                    <div class=\"t-text\">\n                                        <p><strong>Null-kulu tootmine<\/strong><br \/>\nRe-crafted Crafter\u2019s on loodud null-kulu tootmise p\u00f5him\u00f5tetel. Toote minimaalse \u00f6koloogilise jalaj\u00e4lje nimel on k\u00e4sit\u00f6\u00f6joogis esile toodud ainult need maitsed, mis d\u017einni valmistamise protsessi j\u00e4\u00e4gina tekivad.<\/p>\n<p>&nbsp;<\/p>\n                                    <\/div>\n                            <\/div>\n\n                    <\/div>    \n                        \n\n\n                            \n            <\/div>\n            \n                <div class=\"c-featureBlocks__item c-featureBlocks__item--empty\"><\/div>\n    <div class=\"c-featureBlocks__item c-featureBlocks__item--empty\"><\/div>\n    <\/div>\n<\/div>\n\n\n\n<div id=\"spacer-block_5f1f09dd6581d\" class=\"c-contentBlock c-spacerContainer\"  data-block-type=\"Spacer\">\n   <hr class=\"  c-spacer c-spacer--size-3 c-spacer--line\" >\n<\/div>\n\n\n\n<div id=\"relatedItems-block_5f1f04b30312e\" class=\" c-contentBlock c-relatedItems\" data-block-type=\"Related items\" >\n   \n            <h2 class=\"c-relatedItems__title \">SARNASED TOOTED<\/h2>\n     \n    <div class=\"c-relatedItems__content\">\n\n\n    \n\n             \n         \n                \n\n            <a class=\"c-relatedItems__item \" href=\"https:\/\/liviko.eu\/et\/tootmine\/crafters\/\">\n                \n                \n                    <div class=\"c-relatedItems__item-imageContainer\" >\n                        <img loading=\"lazy\" decoding=\"async\" width=\"115\" height=\"320\" src=\"https:\/\/liviko.eu\/wp-content\/uploads\/2021\/10\/Crafters-London-Dry-Gin-NEW-FULL2-115x320.jpg\" class=\"c-relatedItems__item-image\" alt=\"Crafter&#039;s \" srcset=\"https:\/\/liviko.eu\/wp-content\/uploads\/2021\/10\/Crafters-London-Dry-Gin-NEW-FULL2-115x320.jpg 115w, https:\/\/liviko.eu\/wp-content\/uploads\/2021\/10\/Crafters-London-Dry-Gin-NEW-FULL2-330x920.jpg 330w, https:\/\/liviko.eu\/wp-content\/uploads\/2021\/10\/Crafters-London-Dry-Gin-NEW-FULL2-490x1366.jpg 490w, https:\/\/liviko.eu\/wp-content\/uploads\/2021\/10\/Crafters-London-Dry-Gin-NEW-FULL2-768x2141.jpg 768w, https:\/\/liviko.eu\/wp-content\/uploads\/2021\/10\/Crafters-London-Dry-Gin-NEW-FULL2-551x1536.jpg 551w, https:\/\/liviko.eu\/wp-content\/uploads\/2021\/10\/Crafters-London-Dry-Gin-NEW-FULL2-735x2048.jpg 735w, https:\/\/liviko.eu\/wp-content\/uploads\/2021\/10\/Crafters-London-Dry-Gin-NEW-FULL2-scaled.jpg 918w\" sizes=\"(max-width: 115px) 100vw, 115px\" \/>                    <\/div>\n                    <div class=\"c-relatedItems__item-details\">\n                        <h3 class=\"c-relatedItems__item-title\">Crafter&#8217;s <\/h3>                                            <\/div>\n                \n            <\/a>\n            \n        \n                \n\n            <a class=\"c-relatedItems__item \" href=\"https:\/\/liviko.eu\/et\/tootmine\/crafters\/\">\n                \n                \n                    <div class=\"c-relatedItems__item-imageContainer\" >\n                        <img loading=\"lazy\" decoding=\"async\" width=\"112\" height=\"320\" src=\"https:\/\/liviko.eu\/wp-content\/uploads\/2022\/02\/Crafters-Aromatic-Flower-Gin-NEW-FULL-112x320.jpg\" class=\"c-relatedItems__item-image\" alt=\"Crafter&#039;s\" srcset=\"https:\/\/liviko.eu\/wp-content\/uploads\/2022\/02\/Crafters-Aromatic-Flower-Gin-NEW-FULL-112x320.jpg 112w, https:\/\/liviko.eu\/wp-content\/uploads\/2022\/02\/Crafters-Aromatic-Flower-Gin-NEW-FULL-322x920.jpg 322w, https:\/\/liviko.eu\/wp-content\/uploads\/2022\/02\/Crafters-Aromatic-Flower-Gin-NEW-FULL-478x1366.jpg 478w, https:\/\/liviko.eu\/wp-content\/uploads\/2022\/02\/Crafters-Aromatic-Flower-Gin-NEW-FULL-768x2195.jpg 768w, https:\/\/liviko.eu\/wp-content\/uploads\/2022\/02\/Crafters-Aromatic-Flower-Gin-NEW-FULL-537x1536.jpg 537w, https:\/\/liviko.eu\/wp-content\/uploads\/2022\/02\/Crafters-Aromatic-Flower-Gin-NEW-FULL-717x2048.jpg 717w, https:\/\/liviko.eu\/wp-content\/uploads\/2022\/02\/Crafters-Aromatic-Flower-Gin-NEW-FULL-scaled.jpg 896w\" sizes=\"(max-width: 112px) 100vw, 112px\" \/>                    <\/div>\n                    <div class=\"c-relatedItems__item-details\">\n                        <h3 class=\"c-relatedItems__item-title\">Crafter&#8217;s<\/h3>                                            <\/div>\n                \n            <\/a>\n            \n        \n                \n\n            <a class=\"c-relatedItems__item \" href=\"https:\/\/liviko.eu\/et\/tootmine\/ginger-duke\/\">\n                \n                \n                    <div class=\"c-relatedItems__item-imageContainer\" >\n                        <img loading=\"lazy\" decoding=\"async\" width=\"87\" height=\"320\" src=\"https:\/\/liviko.eu\/wp-content\/uploads\/2020\/08\/Ginger-Duke-750-ml-WEB-87x320.png\" class=\"c-relatedItems__item-image\" alt=\"Ginger Duke \" srcset=\"https:\/\/liviko.eu\/wp-content\/uploads\/2020\/08\/Ginger-Duke-750-ml-WEB-87x320.png 87w, https:\/\/liviko.eu\/wp-content\/uploads\/2020\/08\/Ginger-Duke-750-ml-WEB-249x920.png 249w, https:\/\/liviko.eu\/wp-content\/uploads\/2020\/08\/Ginger-Duke-750-ml-WEB.png 271w\" sizes=\"(max-width: 87px) 100vw, 87px\" \/>                    <\/div>\n                    <div class=\"c-relatedItems__item-details\">\n                        <h3 class=\"c-relatedItems__item-title\">Ginger Duke <\/h3>                                            <\/div>\n                \n            <\/a>\n            \n                <\/div>\n<\/div>\n","protected":false},"excerpt":{"rendered":"","protected":false},"author":1,"featured_media":0,"parent":172,"menu_order":14,"comment_status":"closed","ping_status":"closed","template":"page-templates\/page-product.php","meta":{"_acf_changed":false,"inline_featured_image":false,"_monsterinsights_skip_tracking":false,"_monsterinsights_sitenote_active":false,"_monsterinsights_sitenote_note":"","_monsterinsights_sitenote_category":0,"footnotes":""},"categories":[39],"class_list":["post-883","page","type-page","status-publish","hentry","category-light-alcohol"],"acf":[],"yoast_head":"<!-- This site is optimized with the Yoast SEO plugin v24.0 - https:\/\/yoast.com\/wordpress\/plugins\/seo\/ -->\n<title>Re-crafted Crafter&#039;s - Liviko<\/title>\n<meta name=\"robots\" content=\"index, follow, max-snippet:-1, max-image-preview:large, max-video-preview:-1\" \/>\n<link rel=\"canonical\" href=\"https:\/\/liviko.eu\/et\/tootmine\/re-crafted-crafters\/\" \/>\n<meta property=\"og:locale\" content=\"et_EE\" \/>\n<meta property=\"og:type\" content=\"article\" \/>\n<meta property=\"og:title\" content=\"Re-crafted Crafter&#039;s - Liviko\" \/>\n<meta property=\"og:url\" content=\"https:\/\/liviko.eu\/et\/tootmine\/re-crafted-crafters\/\" \/>\n<meta property=\"og:site_name\" content=\"Liviko\" \/>\n<meta property=\"article:publisher\" content=\"https:\/\/www.facebook.com\/LivikoDistillery\/\" \/>\n<meta property=\"article:modified_time\" content=\"2025-06-18T11:28:05+00:00\" \/>\n<meta name=\"twitter:card\" content=\"summary_large_image\" \/>\n<script type=\"application\/ld+json\" class=\"yoast-schema-graph\">{\"@context\":\"https:\/\/schema.org\",\"@graph\":[{\"@type\":\"WebPage\",\"@id\":\"https:\/\/liviko.eu\/et\/tootmine\/re-crafted-crafters\/\",\"url\":\"https:\/\/liviko.eu\/et\/tootmine\/re-crafted-crafters\/\",\"name\":\"Re-crafted Crafter's - Liviko\",\"isPartOf\":{\"@id\":\"https:\/\/liviko.eu\/et\/#website\"},\"datePublished\":\"2020-07-06T11:56:39+00:00\",\"dateModified\":\"2025-06-18T11:28:05+00:00\",\"breadcrumb\":{\"@id\":\"https:\/\/liviko.eu\/et\/tootmine\/re-crafted-crafters\/#breadcrumb\"},\"inLanguage\":\"et\",\"potentialAction\":[{\"@type\":\"ReadAction\",\"target\":[\"https:\/\/liviko.eu\/et\/tootmine\/re-crafted-crafters\/\"]}]},{\"@type\":\"BreadcrumbList\",\"@id\":\"https:\/\/liviko.eu\/et\/tootmine\/re-crafted-crafters\/#breadcrumb\",\"itemListElement\":[{\"@type\":\"ListItem\",\"position\":1,\"name\":\"Home\",\"item\":\"https:\/\/liviko.eu\/et\/\"},{\"@type\":\"ListItem\",\"position\":2,\"name\":\"Tootmine\",\"item\":\"https:\/\/liviko.eu\/et\/tootmine\/\"},{\"@type\":\"ListItem\",\"position\":3,\"name\":\"Re-crafted Crafter&#8217;s\"}]},{\"@type\":\"WebSite\",\"@id\":\"https:\/\/liviko.eu\/et\/#website\",\"url\":\"https:\/\/liviko.eu\/et\/\",\"name\":\"Liviko\",\"description\":\"anno 1898\",\"publisher\":{\"@id\":\"https:\/\/liviko.eu\/et\/#organization\"},\"potentialAction\":[{\"@type\":\"SearchAction\",\"target\":{\"@type\":\"EntryPoint\",\"urlTemplate\":\"https:\/\/liviko.eu\/et\/?s={search_term_string}\"},\"query-input\":{\"@type\":\"PropertyValueSpecification\",\"valueRequired\":true,\"valueName\":\"search_term_string\"}}],\"inLanguage\":\"et\"},{\"@type\":\"Organization\",\"@id\":\"https:\/\/liviko.eu\/et\/#organization\",\"name\":\"Liviko\",\"url\":\"https:\/\/liviko.eu\/et\/\",\"logo\":{\"@type\":\"ImageObject\",\"inLanguage\":\"et\",\"@id\":\"https:\/\/liviko.eu\/et\/#\/schema\/logo\/image\/\",\"url\":\"https:\/\/liviko.eu\/wp-content\/uploads\/2020\/10\/liviko_logo.png\",\"contentUrl\":\"https:\/\/liviko.eu\/wp-content\/uploads\/2020\/10\/liviko_logo.png\",\"width\":515,\"height\":181,\"caption\":\"Liviko\"},\"image\":{\"@id\":\"https:\/\/liviko.eu\/et\/#\/schema\/logo\/image\/\"},\"sameAs\":[\"https:\/\/www.facebook.com\/LivikoDistillery\/\",\"https:\/\/www.instagram.com\/livikodistillery\",\"https:\/\/www.linkedin.com\/company\/liviko\/\",\"https:\/\/www.youtube.com\/channel\/UCnoHr-PaNxBHJO8nMDLVGuA\"]}]}<\/script>\n<!-- \/ Yoast SEO plugin. -->","yoast_head_json":{"title":"Re-crafted Crafter's - Liviko","robots":{"index":"index","follow":"follow","max-snippet":"max-snippet:-1","max-image-preview":"max-image-preview:large","max-video-preview":"max-video-preview:-1"},"canonical":"https:\/\/liviko.eu\/et\/tootmine\/re-crafted-crafters\/","og_locale":"et_EE","og_type":"article","og_title":"Re-crafted Crafter's - Liviko","og_url":"https:\/\/liviko.eu\/et\/tootmine\/re-crafted-crafters\/","og_site_name":"Liviko","article_publisher":"https:\/\/www.facebook.com\/LivikoDistillery\/","article_modified_time":"2025-06-18T11:28:05+00:00","twitter_card":"summary_large_image","schema":{"@context":"https:\/\/schema.org","@graph":[{"@type":"WebPage","@id":"https:\/\/liviko.eu\/et\/tootmine\/re-crafted-crafters\/","url":"https:\/\/liviko.eu\/et\/tootmine\/re-crafted-crafters\/","name":"Re-crafted Crafter's - Liviko","isPartOf":{"@id":"https:\/\/liviko.eu\/et\/#website"},"datePublished":"2020-07-06T11:56:39+00:00","dateModified":"2025-06-18T11:28:05+00:00","breadcrumb":{"@id":"https:\/\/liviko.eu\/et\/tootmine\/re-crafted-crafters\/#breadcrumb"},"inLanguage":"et","potentialAction":[{"@type":"ReadAction","target":["https:\/\/liviko.eu\/et\/tootmine\/re-crafted-crafters\/"]}]},{"@type":"BreadcrumbList","@id":"https:\/\/liviko.eu\/et\/tootmine\/re-crafted-crafters\/#breadcrumb","itemListElement":[{"@type":"ListItem","position":1,"name":"Home","item":"https:\/\/liviko.eu\/et\/"},{"@type":"ListItem","position":2,"name":"Tootmine","item":"https:\/\/liviko.eu\/et\/tootmine\/"},{"@type":"ListItem","position":3,"name":"Re-crafted Crafter&#8217;s"}]},{"@type":"WebSite","@id":"https:\/\/liviko.eu\/et\/#website","url":"https:\/\/liviko.eu\/et\/","name":"Liviko","description":"anno 1898","publisher":{"@id":"https:\/\/liviko.eu\/et\/#organization"},"potentialAction":[{"@type":"SearchAction","target":{"@type":"EntryPoint","urlTemplate":"https:\/\/liviko.eu\/et\/?s={search_term_string}"},"query-input":{"@type":"PropertyValueSpecification","valueRequired":true,"valueName":"search_term_string"}}],"inLanguage":"et"},{"@type":"Organization","@id":"https:\/\/liviko.eu\/et\/#organization","name":"Liviko","url":"https:\/\/liviko.eu\/et\/","logo":{"@type":"ImageObject","inLanguage":"et","@id":"https:\/\/liviko.eu\/et\/#\/schema\/logo\/image\/","url":"https:\/\/liviko.eu\/wp-content\/uploads\/2020\/10\/liviko_logo.png","contentUrl":"https:\/\/liviko.eu\/wp-content\/uploads\/2020\/10\/liviko_logo.png","width":515,"height":181,"caption":"Liviko"},"image":{"@id":"https:\/\/liviko.eu\/et\/#\/schema\/logo\/image\/"},"sameAs":["https:\/\/www.facebook.com\/LivikoDistillery\/","https:\/\/www.instagram.com\/livikodistillery","https:\/\/www.linkedin.com\/company\/liviko\/","https:\/\/www.youtube.com\/channel\/UCnoHr-PaNxBHJO8nMDLVGuA"]}]}},"_links":{"self":[{"href":"https:\/\/liviko.eu\/et\/wp-json\/wp\/v2\/pages\/883","targetHints":{"allow":["GET"]}}],"collection":[{"href":"https:\/\/liviko.eu\/et\/wp-json\/wp\/v2\/pages"}],"about":[{"href":"https:\/\/liviko.eu\/et\/wp-json\/wp\/v2\/types\/page"}],"author":[{"embeddable":true,"href":"https:\/\/liviko.eu\/et\/wp-json\/wp\/v2\/users\/1"}],"replies":[{"embeddable":true,"href":"https:\/\/liviko.eu\/et\/wp-json\/wp\/v2\/comments?post=883"}],"version-history":[{"count":87,"href":"https:\/\/liviko.eu\/et\/wp-json\/wp\/v2\/pages\/883\/revisions"}],"predecessor-version":[{"id":54184,"href":"https:\/\/liviko.eu\/et\/wp-json\/wp\/v2\/pages\/883\/revisions\/54184"}],"up":[{"embeddable":true,"href":"https:\/\/liviko.eu\/et\/wp-json\/wp\/v2\/pages\/172"}],"wp:attachment":[{"href":"https:\/\/liviko.eu\/et\/wp-json\/wp\/v2\/media?parent=883"}],"wp:term":[{"taxonomy":"category","embeddable":true,"href":"https:\/\/liviko.eu\/et\/wp-json\/wp\/v2\/categories?post=883"}],"curies":[{"name":"wp","href":"https:\/\/api.w.org\/{rel}","templated":true}]}}