{"id":895,"date":"2020-07-06T11:53:00","date_gmt":"2020-07-06T11:53:00","guid":{"rendered":"http:\/\/liviko.eu\/tootmine\/vana-tallinn\/"},"modified":"2025-12-30T08:08:24","modified_gmt":"2025-12-30T08:08:24","slug":"vana-tallinn","status":"publish","type":"page","link":"https:\/\/liviko.eu\/et\/tootmine\/vana-tallinn\/","title":{"rendered":"Vana Tallinn"},"content":{"rendered":"<div id=\"pageHeader-block_21aad23b9dabca34b727b378559325ae\" class=\" c-contentBlock c-pageHeader\" data-block-type=\"Page header\">\n                    <h1 class=\"c-pageHeader__title\">VANA TALLINN<\/h1>\n                            <div class=\"c-pageHeader__text t-text\"><p>Unikaalse maitsega Vana Tallinna lik\u00f6\u00f6r on Eesti tuntumaid kaubam\u00e4rke. Vana Tallinna lik\u00f6\u00f6ri sametine, kuid v\u00fcrtsikas maitse p\u00e4rineb rikkalikkust Jamaica rummist, hoolega valitud h\u00f5rkudest \u00fcrtidest ning eksootilistest tsitrusviljadest. Vana Tallinn valmistamiseks kasutatakse ainult naturaalseid koostisosi.<\/p>\n<\/div>\n                        <div class=\"c-pageHeader__tools\">\n        \t<a href=\"#page-895-body\" class=\"c-pageHeader__scrollButton js-scrollTo\">\n        \t\t<span class=\"visuallyhidden\">Scroll to content<\/span>\n                <span class=\"icon-down\"><\/span>\n        \t<\/a>\n        <\/div>\n        \n<\/div>\n<a id=\"page-895-body\"><\/a>\n\n<div id=\"mediaBlock-block_87f4f1288bfe31f8c15299c697db0622\" class=\" c-contentBlock c-mediaBlock c-mediaBlock--align-left c-mediaBlock--valign-top c-mediaBlock--size-extra-small c-mediaBlock--imageHeight-small\" data-block-type=\"Media block\">\n   \n                \n     <div class=\"c-mediaBlock__media\" style=\"\"\">\n        <img fetchpriority=\"high\" decoding=\"async\" width=\"235\" height=\"920\" src=\"https:\/\/liviko.eu\/wp-content\/uploads\/2020\/10\/vanatallinn.jpg\" class=\"c-mediaBlock__image\" alt=\"Vana Tallinn lik\u00f6\u00f6r\" srcset=\"https:\/\/liviko.eu\/wp-content\/uploads\/2020\/10\/vanatallinn.jpg 235w, https:\/\/liviko.eu\/wp-content\/uploads\/2020\/10\/vanatallinn-82x320.jpg 82w\" sizes=\"(max-width: 235px) 100vw, 235px\" \/>    <\/div>\n     <div class=\"c-mediaBlock__body\">\n                    <h2 class=\"c-mediaBlock__title\">Vana Tallinn lik\u00f6\u00f6r<\/h2>\n                <div class=\"c-mediaBlock__content\">\n            <div class=\"t-text\">\n            <p>Vana Tallinn on Eesti esindustoode, mida valmistatakse Livikos j\u00e4rjepidevalt aastast 1960. Maailma populaarseima Eesti lik\u00f6\u00f6ri t\u00e4pne retsept on sama suure hoolega kaitstud kui riigisaladus.<br \/>\nVana Tallinna retsepti m\u00f5tlesid 1960. aastal v\u00e4lja tsehhijuhataja Bernhard Jurno, tehase meister Jaan Siimo ja lik\u00f6\u00f6rimeister Ilse Maar. Valminud 45% vol Vana Tallinna lik\u00f6\u00f6r oli 1990. aastani ainus jook Vana Tallinna perekonnas. 1990 asendati ekspordi jaoks 45% vol toode 40% vol tootega. Aastal 1999 l\u00e4bi Vana Tallinn uuenduskuuri ja\u00a0 sortimenti tuli tagasi 45% vol ja lisandus\u00a0 50% vol lik\u00f6\u00f6r. 2025 lisandus klassikalise Vana Tallinna rivisse ka 35% vol lik\u00f6\u00f6r.<\/p>\n<p>Klassikalise Vana Tallinna tornikujuline pudel on inspireeritud Tallinna vanalinnast ja kujutab UNESCO maailmap\u00e4randi nimistusse kuuluva keskaegse linnam\u00fc\u00fcri torne.<\/p>\n<p>Vana Tallinna maitses annab tooni j\u00f5uline Jamaica rumm, eksootilised apelsin ja sidrun ning \u00fclima p\u00f5hjalikkusega valitud aromaatsed v\u00fcrtsid. Ainult naturaalsetest koostisosadest valmiv Vana Tallinna lik\u00f6\u00f6r eristub oma sametise eksootilise maitsega. Vana Tallinna lik\u00f6\u00f6ri pisut v\u00fcrtsikas maitses ja meeldivas aroomis on tunda vanillikauna, tsitruseid, karamelli, <em>toffee<\/em>\u2019d ja soojendavaid v\u00fcrtse. Oma p\u00f5nevalt m\u00f5rkja maitse ja eksootilise aroomi eest v\u00f5lgneb jook t\u00e4nu kaneelikoorele. Lik\u00f6\u00f6ri valmistamise p\u00f5hjalik ja t\u00f6\u00f6mahukas protsess on suuresti k\u00e4sit\u00f6\u00f6. Joogi valmimiseks kulub ligi kuu.<\/p>\n<p>Vana Tallinna lik\u00f6\u00f6r on saadaval 40%, 45% ja 50% vol. Vana Tallinna tooteperes on veel Vana Tallinn Cream\u2019i koorelik\u00f6\u00f6rid, Vana Tallinn Gl\u00f6gi, lik\u00f6\u00f6rid Vana Tallinn Wild Spices, Vana Tallinn Coffee Fusion, Vana Tallinn Heritage Edition, Vana Tallinn Elegance ja Vana Tallinn Signature. Uusimad tooteperes on iiriskaramelline Vana Tallinn Toffee Caramel ning kohvimaitseline Vana Tallinn Coffee Espresso.<\/p>\n<p>Vana Tallinn on parim serveerituna j\u00e4\u00e4 ja paari sidruniviiluga madalas klaasis. Vana Tallinna lik\u00f6\u00f6r on armastatud ja levinud koostisosa nii kokteilides kui ka kokakunstis.<\/p>\n<p><a href=\"http:\/\/vanatallinn.eu\" target=\"_blank\" rel=\"noopener\">vanatallinn.eu<\/a><\/p>\n<p>&nbsp;<\/p>\n<p><strong>Auhinnad:<\/strong><\/p>\n<ul>\n<li>Eesti Parim Jook 2023- kategooria lik\u00f6\u00f6rid ja marjanapsud kategooria \u00fcldv\u00f5it, Vana Tallinn Coffee Espresso<\/li>\n<li class=\"h6 awards__title fw-light\">The Liqueur Masters 2023- h\u00f5bemedal, Vana Tallinn Coffee Espresso<\/li>\n<li class=\"h6 awards__title fw-light\">Eesti Parim Jook 2022 &#8211; Parim lik\u00f6\u00f6r ja nalivka- h\u00f5bemedal, Vana Tallinn Toffee Caramel<\/li>\n<li>The Liqueur Masters 2022 \u2013 h\u00f5bemedal, Vana Tallinn 40<\/li>\n<li>The Liqueur Masters 2022 \u2013 kuldmedal, Vana Tallinn Toffee Caramel<\/li>\n<li>Eesti parim alkohoolne jook 2022- Vana Tallinn Toffee Caramel<\/li>\n<li>The International Wine and Spirit Competition 2017 \u2013 I koht, Vana Tallinn Elegance<\/li>\n<li>Comsumers Choise Award SIP \u2013 2017 Vana Tallinn 40<\/li>\n<li>The International Wine and Spirit Competition 2017 \u2013 II koht, Vana Tallinn 40<\/li>\n<li>The Spirits International Prestige 2017 \u2013 I koht Vana Tallinn 40<\/li>\n<li>IWSC 2015 Silver &#8211; Vana Tallinn 40<\/li>\n<li>The Spirits International Prestige 2015 \u2013 I koht<\/li>\n<li>The International Wine and Spirit Competition 2014 \u2013 II koht, Vana Tallinn Signature<\/li>\n<li>Eesti parim alkohoolne jook 2014 &#8211; Vana Tallinn Signature<\/li>\n<li>Eesti parim alkohoolne jook 2013 &#8211; Vana Tallinn Winter Spice<\/li>\n<li>Eesti parim alkohoolne jook 2011 &#8211; Vana Tallinn Heritage<\/li>\n<li>The International Wine and Spirit Competition 2010 \u2013 I koht<\/li>\n<li>The Spirits International Prestige 2010 \u2013 I koht<\/li>\n<\/ul>\n            <\/div>\n                            \n        <\/div>\n    <\/div>\n<\/div>\n\n\n<div id=\"featureBlocks-block_6125062155cffd5596bf48207ed3ab68\" class=\" c-contentBlock c-featureBlocks c-featureBlocks--type-expanded c-featureBlocks--grid-columns\" data-block-type=\"Feature blocks: expanded\">\n   <div class=\"c-featureBlocksGroup\">\n\n\n                          <div class=\"c-featureBlocks__item\">\n                \n                \n                    <div class=\"c-featureBlocks__item-block\"    >\n\n                                                                                            <div class=\"c-featureBlock__imageContainer\">\n                                <img decoding=\"async\" width=\"800\" height=\"800\" src=\"https:\/\/liviko.eu\/wp-content\/uploads\/2020\/09\/usp1.jpg\" class=\"c-featureBlock__image\" alt=\"\" srcset=\"https:\/\/liviko.eu\/wp-content\/uploads\/2020\/09\/usp1.jpg 800w, https:\/\/liviko.eu\/wp-content\/uploads\/2020\/09\/usp1-480x480.jpg 480w, https:\/\/liviko.eu\/wp-content\/uploads\/2020\/09\/usp1-768x768.jpg 768w, https:\/\/liviko.eu\/wp-content\/uploads\/2020\/09\/usp1-320x320.jpg 320w\" sizes=\"(max-width: 800px) 100vw, 800px\" \/>                                <\/div>\n                               \n\n                            <div class=\"c-featureBlocks__item-body\">\n                                    <h3 class=\"c-featureBlocks__item-title\"><\/h3>\n                                    <div class=\"t-text\">\n                                        <p><strong>Unikaalne retsept<br \/>\n<\/strong>Legendaarse Vana Tallinna lik\u00f6\u00f6ri retsept on olnud t\u00f5eline \u00f5nnestumine esimesest hetkest peale ning joogi retsept on l\u00e4bi aegade olnud alati sama. Ainulaadses lik\u00f6\u00f6ris on tunda j\u00f5ulist ja rikkalikku Jamaica rummi, eksootilist apelsini ja sidrunit ning erinevaid v\u00fcrtse \u00fcle maailma. Vaid Liviko lik\u00f6\u00f6rimeistritele teada olevas retseptis on kokku enam kui k\u00fcmme koostisosa.<\/p>\n                                    <\/div>\n                            <\/div>\n\n                    <\/div>    \n                        \n\n\n                            \n            <\/div>\n            \n                    <div class=\"c-featureBlocks__item\">\n                \n                \n                    <div class=\"c-featureBlocks__item-block\"    >\n\n                                                                                            <div class=\"c-featureBlock__imageContainer\">\n                                <img decoding=\"async\" width=\"800\" height=\"800\" src=\"https:\/\/liviko.eu\/wp-content\/uploads\/2020\/09\/Vanilje.jpg\" class=\"c-featureBlock__image\" alt=\"\" srcset=\"https:\/\/liviko.eu\/wp-content\/uploads\/2020\/09\/Vanilje.jpg 800w, https:\/\/liviko.eu\/wp-content\/uploads\/2020\/09\/Vanilje-480x480.jpg 480w, https:\/\/liviko.eu\/wp-content\/uploads\/2020\/09\/Vanilje-768x768.jpg 768w, https:\/\/liviko.eu\/wp-content\/uploads\/2020\/09\/Vanilje-320x320.jpg 320w\" sizes=\"(max-width: 800px) 100vw, 800px\" \/>                                <\/div>\n                               \n\n                            <div class=\"c-featureBlocks__item-body\">\n                                    <h3 class=\"c-featureBlocks__item-title\"><\/h3>\n                                    <div class=\"t-text\">\n                                        <p><strong>V\u00e4\u00e4rtuslik tooraine<br \/>\n<\/strong>Liviko kasutab oma jookide valmistamiseks ehtsat vanillikauna, mis on maailmas \u00fcks v\u00e4\u00e4rtuslikumaid tooraineid. Livikosse j\u00f5uavad vanillikaunad Madagaskari saarelt. Oleme Livikos uhked naturaalsete ja ehedate maitsete \u00fcle, teades et kogu maailma vanillimaitselistest toodetest on alla 1% valmistatud ehtsatest vanillikaunadest.<\/p>\n                                    <\/div>\n                            <\/div>\n\n                    <\/div>    \n                        \n\n\n                            \n            <\/div>\n            \n                    <div class=\"c-featureBlocks__item\">\n                \n                \n                    <div class=\"c-featureBlocks__item-block\"    >\n\n                                                                                            <div class=\"c-featureBlock__imageContainer\">\n                                <img loading=\"lazy\" decoding=\"async\" width=\"800\" height=\"800\" src=\"https:\/\/liviko.eu\/wp-content\/uploads\/2020\/09\/usp3.jpg\" class=\"c-featureBlock__image\" alt=\"\" srcset=\"https:\/\/liviko.eu\/wp-content\/uploads\/2020\/09\/usp3.jpg 800w, https:\/\/liviko.eu\/wp-content\/uploads\/2020\/09\/usp3-480x480.jpg 480w, https:\/\/liviko.eu\/wp-content\/uploads\/2020\/09\/usp3-768x768.jpg 768w, https:\/\/liviko.eu\/wp-content\/uploads\/2020\/09\/usp3-320x320.jpg 320w\" sizes=\"(max-width: 800px) 100vw, 800px\" \/>                                <\/div>\n                               \n\n                            <div class=\"c-featureBlocks__item-body\">\n                                    <h3 class=\"c-featureBlocks__item-title\"><\/h3>\n                                    <div class=\"t-text\">\n                                        <p><strong>115 miljonit pudelit<\/strong><br \/>\nAlates Vana Tallinna lik\u00f6\u00f6ri tootmise algusest 1960. aastal on seda m\u00fc\u00fcdud 115 miljonit pudelit. Vana Tallinn on Eesti \u00fcks tuntumaid ja armastatumaid kaubam\u00e4rke. Liviko m\u00fc\u00fcb Vana Tallinna lik\u00f6\u00f6ri enam kui 40 riigis \u00fcle maailma.<\/p>\n                                    <\/div>\n                            <\/div>\n\n                    <\/div>    \n                        \n\n\n                            \n            <\/div>\n            \n                <div class=\"c-featureBlocks__item c-featureBlocks__item--empty\"><\/div>\n    <div class=\"c-featureBlocks__item c-featureBlocks__item--empty\"><\/div>\n    <\/div>\n<\/div>\n\n\n\n<div id=\"spacer-block_3b31cf479e974372eeeec62c894ff683\" class=\"c-contentBlock c-spacerContainer\"  data-block-type=\"Spacer\">\n   <hr class=\"  c-spacer c-spacer--size-3 c-spacer--line\" >\n<\/div>\n\n\n\n<div id=\"relatedItems-block_e668c8ff36411cff2c47a5526f38eba5\" class=\" c-contentBlock c-relatedItems\" data-block-type=\"Related items\" >\n   \n            <h2 class=\"c-relatedItems__title \">SARNASED TOOTED<\/h2>\n     \n    <div class=\"c-relatedItems__content\">\n\n\n    \n\n             \n         \n                \n\n            <a class=\"c-relatedItems__item \" href=\"https:\/\/liviko.eu\/et\/tootmine\/vana-tallinn-cream\/\">\n                \n                \n                    <div class=\"c-relatedItems__item-imageContainer\" >\n                        <img loading=\"lazy\" decoding=\"async\" width=\"116\" height=\"320\" src=\"https:\/\/liviko.eu\/wp-content\/uploads\/2020\/08\/VT-Cream_Original-1-116x320.png\" class=\"c-relatedItems__item-image\" alt=\"Vana Tallinn Cream\" srcset=\"https:\/\/liviko.eu\/wp-content\/uploads\/2020\/08\/VT-Cream_Original-1-116x320.png 116w, https:\/\/liviko.eu\/wp-content\/uploads\/2020\/08\/VT-Cream_Original-1-334x920.png 334w, https:\/\/liviko.eu\/wp-content\/uploads\/2020\/08\/VT-Cream_Original-1-497x1366.png 497w, https:\/\/liviko.eu\/wp-content\/uploads\/2020\/08\/VT-Cream_Original-1-558x1536.png 558w, https:\/\/liviko.eu\/wp-content\/uploads\/2020\/08\/VT-Cream_Original-1.png 727w\" sizes=\"(max-width: 116px) 100vw, 116px\" \/>                    <\/div>\n                    <div class=\"c-relatedItems__item-details\">\n                        <h3 class=\"c-relatedItems__item-title\">Vana Tallinn Cream<\/h3>                                            <\/div>\n                \n            <\/a>\n            \n        \n                \n\n            <a class=\"c-relatedItems__item \" href=\"https:\/\/liviko.eu\/et\/tootmine\/glogg\/\">\n                \n                \n                    <div class=\"c-relatedItems__item-imageContainer\" >\n                        <img loading=\"lazy\" decoding=\"async\" width=\"80\" height=\"320\" src=\"https:\/\/liviko.eu\/wp-content\/uploads\/2023\/10\/Vana-Tallinn-Glogi-WEB-80x320.jpg\" class=\"c-relatedItems__item-image\" alt=\"Vana Tallinn Gl\u00f6gi\" srcset=\"https:\/\/liviko.eu\/wp-content\/uploads\/2023\/10\/Vana-Tallinn-Glogi-WEB-80x320.jpg 80w, https:\/\/liviko.eu\/wp-content\/uploads\/2023\/10\/Vana-Tallinn-Glogi-WEB-231x920.jpg 231w, https:\/\/liviko.eu\/wp-content\/uploads\/2023\/10\/Vana-Tallinn-Glogi-WEB-343x1366.jpg 343w\" sizes=\"(max-width: 80px) 100vw, 80px\" \/>                    <\/div>\n                    <div class=\"c-relatedItems__item-details\">\n                        <h3 class=\"c-relatedItems__item-title\">Vana Tallinn Gl\u00f6gi<\/h3>                                            <\/div>\n                \n            <\/a>\n            \n                <\/div>\n<\/div>\n\n\n\n<p><\/p>\n","protected":false},"excerpt":{"rendered":"","protected":false},"author":1,"featured_media":0,"parent":172,"menu_order":19,"comment_status":"closed","ping_status":"closed","template":"page-templates\/page-product.php","meta":{"_acf_changed":false,"inline_featured_image":false,"_monsterinsights_skip_tracking":false,"_monsterinsights_sitenote_active":false,"_monsterinsights_sitenote_note":"","_monsterinsights_sitenote_category":0,"footnotes":""},"categories":[40],"class_list":["post-895","page","type-page","status-publish","hentry","category-liquer"],"acf":[],"yoast_head":"<!-- This site is optimized with the Yoast SEO plugin v24.0 - https:\/\/yoast.com\/wordpress\/plugins\/seo\/ -->\n<title>Vana Tallinn - Liviko<\/title>\n<meta name=\"robots\" content=\"index, follow, max-snippet:-1, max-image-preview:large, max-video-preview:-1\" \/>\n<link rel=\"canonical\" href=\"https:\/\/liviko.eu\/et\/tootmine\/vana-tallinn\/\" \/>\n<meta property=\"og:locale\" content=\"et_EE\" \/>\n<meta property=\"og:type\" content=\"article\" \/>\n<meta property=\"og:title\" content=\"Vana Tallinn - Liviko\" \/>\n<meta property=\"og:url\" content=\"https:\/\/liviko.eu\/et\/tootmine\/vana-tallinn\/\" \/>\n<meta property=\"og:site_name\" content=\"Liviko\" \/>\n<meta property=\"article:publisher\" content=\"https:\/\/www.facebook.com\/LivikoDistillery\/\" \/>\n<meta property=\"article:modified_time\" content=\"2025-12-30T08:08:24+00:00\" \/>\n<meta name=\"twitter:card\" content=\"summary_large_image\" \/>\n<script type=\"application\/ld+json\" class=\"yoast-schema-graph\">{\"@context\":\"https:\/\/schema.org\",\"@graph\":[{\"@type\":\"WebPage\",\"@id\":\"https:\/\/liviko.eu\/et\/tootmine\/vana-tallinn\/\",\"url\":\"https:\/\/liviko.eu\/et\/tootmine\/vana-tallinn\/\",\"name\":\"Vana Tallinn - Liviko\",\"isPartOf\":{\"@id\":\"https:\/\/liviko.eu\/et\/#website\"},\"datePublished\":\"2020-07-06T11:53:00+00:00\",\"dateModified\":\"2025-12-30T08:08:24+00:00\",\"breadcrumb\":{\"@id\":\"https:\/\/liviko.eu\/et\/tootmine\/vana-tallinn\/#breadcrumb\"},\"inLanguage\":\"et\",\"potentialAction\":[{\"@type\":\"ReadAction\",\"target\":[\"https:\/\/liviko.eu\/et\/tootmine\/vana-tallinn\/\"]}]},{\"@type\":\"BreadcrumbList\",\"@id\":\"https:\/\/liviko.eu\/et\/tootmine\/vana-tallinn\/#breadcrumb\",\"itemListElement\":[{\"@type\":\"ListItem\",\"position\":1,\"name\":\"Home\",\"item\":\"https:\/\/liviko.eu\/et\/\"},{\"@type\":\"ListItem\",\"position\":2,\"name\":\"Tootmine\",\"item\":\"https:\/\/liviko.eu\/et\/tootmine\/\"},{\"@type\":\"ListItem\",\"position\":3,\"name\":\"Vana Tallinn\"}]},{\"@type\":\"WebSite\",\"@id\":\"https:\/\/liviko.eu\/et\/#website\",\"url\":\"https:\/\/liviko.eu\/et\/\",\"name\":\"Liviko\",\"description\":\"anno 1898\",\"publisher\":{\"@id\":\"https:\/\/liviko.eu\/et\/#organization\"},\"potentialAction\":[{\"@type\":\"SearchAction\",\"target\":{\"@type\":\"EntryPoint\",\"urlTemplate\":\"https:\/\/liviko.eu\/et\/?s={search_term_string}\"},\"query-input\":{\"@type\":\"PropertyValueSpecification\",\"valueRequired\":true,\"valueName\":\"search_term_string\"}}],\"inLanguage\":\"et\"},{\"@type\":\"Organization\",\"@id\":\"https:\/\/liviko.eu\/et\/#organization\",\"name\":\"Liviko\",\"url\":\"https:\/\/liviko.eu\/et\/\",\"logo\":{\"@type\":\"ImageObject\",\"inLanguage\":\"et\",\"@id\":\"https:\/\/liviko.eu\/et\/#\/schema\/logo\/image\/\",\"url\":\"https:\/\/liviko.eu\/wp-content\/uploads\/2020\/10\/liviko_logo.png\",\"contentUrl\":\"https:\/\/liviko.eu\/wp-content\/uploads\/2020\/10\/liviko_logo.png\",\"width\":515,\"height\":181,\"caption\":\"Liviko\"},\"image\":{\"@id\":\"https:\/\/liviko.eu\/et\/#\/schema\/logo\/image\/\"},\"sameAs\":[\"https:\/\/www.facebook.com\/LivikoDistillery\/\",\"https:\/\/www.instagram.com\/livikodistillery\",\"https:\/\/www.linkedin.com\/company\/liviko\/\",\"https:\/\/www.youtube.com\/channel\/UCnoHr-PaNxBHJO8nMDLVGuA\"]}]}<\/script>\n<!-- \/ Yoast SEO plugin. -->","yoast_head_json":{"title":"Vana Tallinn - Liviko","robots":{"index":"index","follow":"follow","max-snippet":"max-snippet:-1","max-image-preview":"max-image-preview:large","max-video-preview":"max-video-preview:-1"},"canonical":"https:\/\/liviko.eu\/et\/tootmine\/vana-tallinn\/","og_locale":"et_EE","og_type":"article","og_title":"Vana Tallinn - Liviko","og_url":"https:\/\/liviko.eu\/et\/tootmine\/vana-tallinn\/","og_site_name":"Liviko","article_publisher":"https:\/\/www.facebook.com\/LivikoDistillery\/","article_modified_time":"2025-12-30T08:08:24+00:00","twitter_card":"summary_large_image","schema":{"@context":"https:\/\/schema.org","@graph":[{"@type":"WebPage","@id":"https:\/\/liviko.eu\/et\/tootmine\/vana-tallinn\/","url":"https:\/\/liviko.eu\/et\/tootmine\/vana-tallinn\/","name":"Vana Tallinn - Liviko","isPartOf":{"@id":"https:\/\/liviko.eu\/et\/#website"},"datePublished":"2020-07-06T11:53:00+00:00","dateModified":"2025-12-30T08:08:24+00:00","breadcrumb":{"@id":"https:\/\/liviko.eu\/et\/tootmine\/vana-tallinn\/#breadcrumb"},"inLanguage":"et","potentialAction":[{"@type":"ReadAction","target":["https:\/\/liviko.eu\/et\/tootmine\/vana-tallinn\/"]}]},{"@type":"BreadcrumbList","@id":"https:\/\/liviko.eu\/et\/tootmine\/vana-tallinn\/#breadcrumb","itemListElement":[{"@type":"ListItem","position":1,"name":"Home","item":"https:\/\/liviko.eu\/et\/"},{"@type":"ListItem","position":2,"name":"Tootmine","item":"https:\/\/liviko.eu\/et\/tootmine\/"},{"@type":"ListItem","position":3,"name":"Vana Tallinn"}]},{"@type":"WebSite","@id":"https:\/\/liviko.eu\/et\/#website","url":"https:\/\/liviko.eu\/et\/","name":"Liviko","description":"anno 1898","publisher":{"@id":"https:\/\/liviko.eu\/et\/#organization"},"potentialAction":[{"@type":"SearchAction","target":{"@type":"EntryPoint","urlTemplate":"https:\/\/liviko.eu\/et\/?s={search_term_string}"},"query-input":{"@type":"PropertyValueSpecification","valueRequired":true,"valueName":"search_term_string"}}],"inLanguage":"et"},{"@type":"Organization","@id":"https:\/\/liviko.eu\/et\/#organization","name":"Liviko","url":"https:\/\/liviko.eu\/et\/","logo":{"@type":"ImageObject","inLanguage":"et","@id":"https:\/\/liviko.eu\/et\/#\/schema\/logo\/image\/","url":"https:\/\/liviko.eu\/wp-content\/uploads\/2020\/10\/liviko_logo.png","contentUrl":"https:\/\/liviko.eu\/wp-content\/uploads\/2020\/10\/liviko_logo.png","width":515,"height":181,"caption":"Liviko"},"image":{"@id":"https:\/\/liviko.eu\/et\/#\/schema\/logo\/image\/"},"sameAs":["https:\/\/www.facebook.com\/LivikoDistillery\/","https:\/\/www.instagram.com\/livikodistillery","https:\/\/www.linkedin.com\/company\/liviko\/","https:\/\/www.youtube.com\/channel\/UCnoHr-PaNxBHJO8nMDLVGuA"]}]}},"_links":{"self":[{"href":"https:\/\/liviko.eu\/et\/wp-json\/wp\/v2\/pages\/895","targetHints":{"allow":["GET"]}}],"collection":[{"href":"https:\/\/liviko.eu\/et\/wp-json\/wp\/v2\/pages"}],"about":[{"href":"https:\/\/liviko.eu\/et\/wp-json\/wp\/v2\/types\/page"}],"author":[{"embeddable":true,"href":"https:\/\/liviko.eu\/et\/wp-json\/wp\/v2\/users\/1"}],"replies":[{"embeddable":true,"href":"https:\/\/liviko.eu\/et\/wp-json\/wp\/v2\/comments?post=895"}],"version-history":[{"count":174,"href":"https:\/\/liviko.eu\/et\/wp-json\/wp\/v2\/pages\/895\/revisions"}],"predecessor-version":[{"id":56960,"href":"https:\/\/liviko.eu\/et\/wp-json\/wp\/v2\/pages\/895\/revisions\/56960"}],"up":[{"embeddable":true,"href":"https:\/\/liviko.eu\/et\/wp-json\/wp\/v2\/pages\/172"}],"wp:attachment":[{"href":"https:\/\/liviko.eu\/et\/wp-json\/wp\/v2\/media?parent=895"}],"wp:term":[{"taxonomy":"category","embeddable":true,"href":"https:\/\/liviko.eu\/et\/wp-json\/wp\/v2\/categories?post=895"}],"curies":[{"name":"wp","href":"https:\/\/api.w.org\/{rel}","templated":true}]}}