{"id":899,"date":"2020-07-06T11:53:25","date_gmt":"2020-07-06T11:53:25","guid":{"rendered":"http:\/\/liviko.eu\/tootmine\/vana-tallinn-cream\/"},"modified":"2025-06-18T11:28:06","modified_gmt":"2025-06-18T11:28:06","slug":"vana-tallinn-cream","status":"publish","type":"page","link":"https:\/\/liviko.eu\/et\/tootmine\/vana-tallinn-cream\/","title":{"rendered":"Vana Tallinn Cream"},"content":{"rendered":"<div id=\"pageHeader-block_a8d2fd371805c7f6bd0069ddf4d19cda\" class=\" c-contentBlock c-pageHeader\" data-block-type=\"Page header\">\n                    <h1 class=\"c-pageHeader__title\">VANA TALLINN CREAM<\/h1>\n                            <div class=\"c-pageHeader__text t-text\"><p>Luksuslikku ja siidist Vana Tallinn Cream\u2019i koorelik\u00f6\u00f6ri iseloomustab h\u00f5rk kombinatsioon siidisest koorest, Jamaica rummist, eksootilistest tsitrustest ning aromaatsetest \u00fcrtidest. Vana Tallinn Creami\u2019s on saanud klassikalise Vana Tallinna lik\u00f6\u00f6ri maitsed koorelik\u00f6\u00f6rile omase siidpehme tekstuuri.<\/p>\n<\/div>\n                \n<\/div>\n<a id=\"page-899-body\"><\/a>\n\n<div id=\"mediaBlock-block_39aafd7eefea5b3cbe75f4acc3165ae7\" class=\" c-contentBlock c-mediaBlock c-mediaBlock--align-left c-mediaBlock--valign-center c-mediaBlock--size-extra-small c-mediaBlock--imageHeight-small\" data-block-type=\"Media block\">\n   \n                \n     <div class=\"c-mediaBlock__media\" style=\"\"\">\n        <img fetchpriority=\"high\" decoding=\"async\" width=\"497\" height=\"1366\" src=\"https:\/\/liviko.eu\/wp-content\/uploads\/2020\/08\/VT-Cream_Original-497x1366.png\" class=\"c-mediaBlock__image\" alt=\"Vana Tallinn Cream\" srcset=\"https:\/\/liviko.eu\/wp-content\/uploads\/2020\/08\/VT-Cream_Original-497x1366.png 497w, https:\/\/liviko.eu\/wp-content\/uploads\/2020\/08\/VT-Cream_Original-116x320.png 116w, https:\/\/liviko.eu\/wp-content\/uploads\/2020\/08\/VT-Cream_Original.png 727w\" sizes=\"(max-width: 497px) 100vw, 497px\" \/>    <\/div>\n     <div class=\"c-mediaBlock__body\">\n                    <h2 class=\"c-mediaBlock__title\">Vana Tallinn Cream<\/h2>\n                <div class=\"c-mediaBlock__content\">\n            <div class=\"t-text\">\n            <p>Vana Tallinn Cream\u2019i koorelik\u00f6\u00f6re iseloomustab legendaarse Vana Tallinna lik\u00f6\u00f6ri maitsepalett &#8211; rikkalik Jamaica rumm, soojendavad tsitruselised ja hoolikalt valitud \u00fcrdid. Vana Tallinn Cream\u2019is on h\u00f5rgud maitsed saanud koorelik\u00f6\u00f6rile omase siidise tekstuuri.<\/p>\n<p>Klassikalises Vana Tallinn Cream\u2019i koorelik\u00f6\u00f6ris on mahedas tasakaalus v\u00e4rske koor ja traditsioonilise Vana Tallinna lik\u00f6\u00f6ri maitsed.<\/p>\n<p>Vana Tallinn Cream\u2019i valikus on \u0161okolaadine Vana Tallinn Chocolate Cream, vanillij\u00e4\u00e4tise maitsega \u00a0Vana Tallinn Ice Cream, s\u00e4rtsakas ja pisut m\u00f5rkjas Vana Tallinn Marzipan Cream, troopikast pakatav veganlik\u00f6\u00f6r Vana Tallinn Coconut ning aromaatne ja ahvatleva tiramisu maitsega Vana Tallinn Tiramisu Cream.<\/p>\n<p>Vana Tallinn Cream\u2019i koorelik\u00f6\u00f6rid on parimad serveerituna ohtra j\u00e4\u00e4ga. Vana Tallinn Cream\u2019i koorelik\u00f6\u00f6rid sobivad kokteilidesse, kohvi k\u00f5rvale ning mitmesuguste dessertide maitsestamiseks.<\/p>\n<p><a href=\"http:\/\/www.vanatallinn.eu\">vanatallinn.eu<\/a><\/p>\n<p><strong>Auhinnad:<\/strong><\/p>\n<ul>\n<li>Eesti Parim Jook 2023- pronksmedal, Vana Tallinn Tiramisu Cream<\/li>\n<li>The Liqueur Masters 2023- kuldmedal, Vana Tallinn Tiramisu Cream<\/li>\n<li>The Liqueur Masters 2022- vegan kategooria, kuldmedal, Vana Tallinn Coconut<\/li>\n<li>Eesti Parim Jook 2017- Vana Tallinn Yoghurt Cream<\/li>\n<li>Eesti Parim Jook 2007- Vana Tallinn Chocolate Cream<\/li>\n<li>Eesti Parim Jook 2001- Vana Tallinn Cream<\/li>\n<li>Eesti Parim Jook 2000- Vana Tallinn Cream<\/li>\n<\/ul>\n            <\/div>\n                            \n        <\/div>\n    <\/div>\n<\/div>\n\n\n<div id=\"featureBlocks-block_e8fad37567693bc4f4d1cd09acde5df7\" class=\" c-contentBlock c-featureBlocks c-featureBlocks--type-expanded c-featureBlocks--grid-columns\" data-block-type=\"Feature blocks: expanded\">\n   <div class=\"c-featureBlocksGroup\">\n\n\n                          <div class=\"c-featureBlocks__item\">\n                \n                \n                    <div class=\"c-featureBlocks__item-block\"    >\n\n                                                                                            <div class=\"c-featureBlock__imageContainer\">\n                                <img decoding=\"async\" width=\"800\" height=\"800\" src=\"https:\/\/liviko.eu\/wp-content\/uploads\/2020\/09\/coconut_usp.jpg\" class=\"c-featureBlock__image\" alt=\"\" srcset=\"https:\/\/liviko.eu\/wp-content\/uploads\/2020\/09\/coconut_usp.jpg 800w, https:\/\/liviko.eu\/wp-content\/uploads\/2020\/09\/coconut_usp-480x480.jpg 480w, https:\/\/liviko.eu\/wp-content\/uploads\/2020\/09\/coconut_usp-768x768.jpg 768w, https:\/\/liviko.eu\/wp-content\/uploads\/2020\/09\/coconut_usp-320x320.jpg 320w\" sizes=\"(max-width: 800px) 100vw, 800px\" \/>                                <\/div>\n                               \n\n                            <div class=\"c-featureBlocks__item-body\">\n                                    <h3 class=\"c-featureBlocks__item-title\"><\/h3>\n                                    <div class=\"t-text\">\n                                        <p style=\"text-align: left;\"><strong>Vegans\u00f5bralik kookoselik\u00f6\u00f6r<br \/>\n<\/strong>Veganlik\u00f6\u00f6r Vana Tallinn Coconut on koorelik\u00f6\u00f6rile omase kreemja ja siidja tekstuuriga. Troopilise lik\u00f6\u00f6ri maitses on kandev roll kookose ja ananassi harmoonilisel kooslusel. Tunda on ka klassikalise Vana Tallinna maitsen\u00fcansse, nii v\u00fcrtsikat rummi kui ka vanilli ja tsitruseid.<\/p>\n<p>&nbsp;<\/p>\n                                    <\/div>\n                            <\/div>\n\n                    <\/div>    \n                        \n\n\n                            \n            <\/div>\n            \n                    <div class=\"c-featureBlocks__item\">\n                \n                \n                    <div class=\"c-featureBlocks__item-block\"    >\n\n                                                                                            <div class=\"c-featureBlock__imageContainer\">\n                                <img decoding=\"async\" width=\"800\" height=\"800\" src=\"https:\/\/liviko.eu\/wp-content\/uploads\/2020\/09\/icecream_usp.jpg\" class=\"c-featureBlock__image\" alt=\"\" srcset=\"https:\/\/liviko.eu\/wp-content\/uploads\/2020\/09\/icecream_usp.jpg 800w, https:\/\/liviko.eu\/wp-content\/uploads\/2020\/09\/icecream_usp-480x480.jpg 480w, https:\/\/liviko.eu\/wp-content\/uploads\/2020\/09\/icecream_usp-768x768.jpg 768w, https:\/\/liviko.eu\/wp-content\/uploads\/2020\/09\/icecream_usp-320x320.jpg 320w\" sizes=\"(max-width: 800px) 100vw, 800px\" \/>                                <\/div>\n                               \n\n                            <div class=\"c-featureBlocks__item-body\">\n                                    <h3 class=\"c-featureBlocks__item-title\"><\/h3>\n                                    <div class=\"t-text\">\n                                        <p><strong>Legendaarsed maitsed<br \/>\n<\/strong>Vana Tallinn Cream\u2019i koorelik\u00f6\u00f6re iseloomustab legendaarse Vana Tallinna lik\u00f6\u00f6ri maitsepalett: rikkalik Jamaica rumm, soojendavad tsitruselised ja hoolikalt valitud \u00fcrdid. Vana Tallinn Cream\u2019is on h\u00f5rgud maitsed saanud koorelik\u00f6\u00f6rile omase siidpehme tekstuuri.<\/p>\n                                    <\/div>\n                            <\/div>\n\n                    <\/div>    \n                        \n\n\n                            \n            <\/div>\n            \n                    <div class=\"c-featureBlocks__item\">\n                \n                \n                    <div class=\"c-featureBlocks__item-block\"    >\n\n                                                                                            <div class=\"c-featureBlock__imageContainer\">\n                                <img loading=\"lazy\" decoding=\"async\" width=\"800\" height=\"800\" src=\"https:\/\/liviko.eu\/wp-content\/uploads\/2020\/09\/original_usp.jpg\" class=\"c-featureBlock__image\" alt=\"\" srcset=\"https:\/\/liviko.eu\/wp-content\/uploads\/2020\/09\/original_usp.jpg 800w, https:\/\/liviko.eu\/wp-content\/uploads\/2020\/09\/original_usp-480x480.jpg 480w, https:\/\/liviko.eu\/wp-content\/uploads\/2020\/09\/original_usp-768x768.jpg 768w, https:\/\/liviko.eu\/wp-content\/uploads\/2020\/09\/original_usp-320x320.jpg 320w\" sizes=\"(max-width: 800px) 100vw, 800px\" \/>                                <\/div>\n                               \n\n                            <div class=\"c-featureBlocks__item-body\">\n                                    <h3 class=\"c-featureBlocks__item-title\"><\/h3>\n                                    <div class=\"t-text\">\n                                        <p><strong>Pudeli disain\u00a0<\/strong><br \/>\nKlassikalise Vana Tallinna lik\u00f6\u00f6ri tornikujuline pudel on inspireeritud Tallinna vanalinnast ja kujutab UNESCO maailmap\u00e4randi nimistusse kuuluva keskaegse linnam\u00fc\u00fcri torne. Kummardusena legendaarse Vana Tallinna disainile ja joogi loomiskohale on ka koorelik\u00f6\u00f6ri Vana Tallinn Cream\u2019i pudeli kuju inspireeritud Tallinna kui tornide linna ajaloolisest arhitektuurist.<\/p>\n                                    <\/div>\n                            <\/div>\n\n                    <\/div>    \n                        \n\n\n                            \n            <\/div>\n            \n                <div class=\"c-featureBlocks__item c-featureBlocks__item--empty\"><\/div>\n    <div class=\"c-featureBlocks__item c-featureBlocks__item--empty\"><\/div>\n    <\/div>\n<\/div>\n\n\n\n<div id=\"spacer-block_14469c50a4598d149507c8752587cc8d\" class=\"c-contentBlock c-spacerContainer\"  data-block-type=\"Spacer\">\n   <hr class=\"  c-spacer c-spacer--size-3 c-spacer--line\" >\n<\/div>\n\n\n\n<div id=\"relatedItems-block_f2c60d1f40a1439d50ee23c0f37cb2f0\" class=\" c-contentBlock c-relatedItems\" data-block-type=\"Related items\" >\n   \n            <h2 class=\"c-relatedItems__title \">Sarnased tooted<\/h2>\n     \n    <div class=\"c-relatedItems__content\">\n\n\n    \n\n             \n         \n                \n\n            <a class=\"c-relatedItems__item \" href=\"https:\/\/liviko.eu\/et\/tootmine\/vana-tallinn\/\">\n                \n                \n                    <div class=\"c-relatedItems__item-imageContainer\" >\n                        <img loading=\"lazy\" decoding=\"async\" width=\"82\" height=\"320\" src=\"https:\/\/liviko.eu\/wp-content\/uploads\/2020\/10\/vanatallinn-82x320.jpg\" class=\"c-relatedItems__item-image\" alt=\"Vana Tallinn \" srcset=\"https:\/\/liviko.eu\/wp-content\/uploads\/2020\/10\/vanatallinn-82x320.jpg 82w, https:\/\/liviko.eu\/wp-content\/uploads\/2020\/10\/vanatallinn.jpg 235w\" sizes=\"(max-width: 82px) 100vw, 82px\" \/>                    <\/div>\n                    <div class=\"c-relatedItems__item-details\">\n                        <h3 class=\"c-relatedItems__item-title\">Vana Tallinn <\/h3>                                            <\/div>\n                \n            <\/a>\n            \n        \n                \n\n            <a class=\"c-relatedItems__item \" href=\"https:\/\/liviko.eu\/et\/tootmine\/glogg\/\">\n                \n                \n                    <div class=\"c-relatedItems__item-imageContainer\" >\n                        <img loading=\"lazy\" decoding=\"async\" width=\"80\" height=\"320\" src=\"https:\/\/liviko.eu\/wp-content\/uploads\/2023\/10\/Vana-Tallinn-Glogi-WEB-80x320.jpg\" class=\"c-relatedItems__item-image\" alt=\"Vana Tallinn Gl\u00f6gi\" srcset=\"https:\/\/liviko.eu\/wp-content\/uploads\/2023\/10\/Vana-Tallinn-Glogi-WEB-80x320.jpg 80w, https:\/\/liviko.eu\/wp-content\/uploads\/2023\/10\/Vana-Tallinn-Glogi-WEB-231x920.jpg 231w, https:\/\/liviko.eu\/wp-content\/uploads\/2023\/10\/Vana-Tallinn-Glogi-WEB-343x1366.jpg 343w\" sizes=\"(max-width: 80px) 100vw, 80px\" \/>                    <\/div>\n                    <div class=\"c-relatedItems__item-details\">\n                        <h3 class=\"c-relatedItems__item-title\">Vana Tallinn Gl\u00f6gi<\/h3>                                            <\/div>\n                \n            <\/a>\n            \n                <\/div>\n<\/div>\n","protected":false},"excerpt":{"rendered":"","protected":false},"author":1,"featured_media":0,"parent":172,"menu_order":20,"comment_status":"closed","ping_status":"closed","template":"page-templates\/page-product.php","meta":{"_acf_changed":false,"inline_featured_image":false,"_monsterinsights_skip_tracking":false,"_monsterinsights_sitenote_active":false,"_monsterinsights_sitenote_note":"","_monsterinsights_sitenote_category":0,"footnotes":""},"categories":[40],"class_list":["post-899","page","type-page","status-publish","hentry","category-liquer"],"acf":[],"yoast_head":"<!-- This site is optimized with the Yoast SEO plugin v27.5 - https:\/\/yoast.com\/product\/yoast-seo-wordpress\/ -->\n<title>Vana Tallinn Cream - Liviko<\/title>\n<meta name=\"robots\" content=\"index, follow, max-snippet:-1, max-image-preview:large, max-video-preview:-1\" \/>\n<link rel=\"canonical\" href=\"https:\/\/liviko.eu\/et\/tootmine\/vana-tallinn-cream\/\" \/>\n<meta property=\"og:locale\" content=\"et_EE\" \/>\n<meta property=\"og:type\" content=\"article\" \/>\n<meta property=\"og:title\" content=\"Vana Tallinn Cream - Liviko\" \/>\n<meta property=\"og:url\" content=\"https:\/\/liviko.eu\/et\/tootmine\/vana-tallinn-cream\/\" \/>\n<meta property=\"og:site_name\" content=\"Liviko\" \/>\n<meta property=\"article:publisher\" content=\"https:\/\/www.facebook.com\/LivikoDistillery\/\" \/>\n<meta property=\"article:modified_time\" content=\"2025-06-18T11:28:06+00:00\" \/>\n<meta name=\"twitter:card\" content=\"summary_large_image\" \/>\n<script type=\"application\/ld+json\" class=\"yoast-schema-graph\">{\"@context\":\"https:\\\/\\\/schema.org\",\"@graph\":[{\"@type\":\"WebPage\",\"@id\":\"https:\\\/\\\/liviko.eu\\\/et\\\/tootmine\\\/vana-tallinn-cream\\\/\",\"url\":\"https:\\\/\\\/liviko.eu\\\/et\\\/tootmine\\\/vana-tallinn-cream\\\/\",\"name\":\"Vana Tallinn Cream - Liviko\",\"isPartOf\":{\"@id\":\"https:\\\/\\\/liviko.eu\\\/et\\\/#website\"},\"datePublished\":\"2020-07-06T11:53:25+00:00\",\"dateModified\":\"2025-06-18T11:28:06+00:00\",\"breadcrumb\":{\"@id\":\"https:\\\/\\\/liviko.eu\\\/et\\\/tootmine\\\/vana-tallinn-cream\\\/#breadcrumb\"},\"inLanguage\":\"et\",\"potentialAction\":[{\"@type\":\"ReadAction\",\"target\":[\"https:\\\/\\\/liviko.eu\\\/et\\\/tootmine\\\/vana-tallinn-cream\\\/\"]}]},{\"@type\":\"BreadcrumbList\",\"@id\":\"https:\\\/\\\/liviko.eu\\\/et\\\/tootmine\\\/vana-tallinn-cream\\\/#breadcrumb\",\"itemListElement\":[{\"@type\":\"ListItem\",\"position\":1,\"name\":\"Home\",\"item\":\"https:\\\/\\\/liviko.eu\\\/et\\\/\"},{\"@type\":\"ListItem\",\"position\":2,\"name\":\"Tootmine\",\"item\":\"https:\\\/\\\/liviko.eu\\\/et\\\/tootmine\\\/\"},{\"@type\":\"ListItem\",\"position\":3,\"name\":\"Vana Tallinn Cream\"}]},{\"@type\":\"WebSite\",\"@id\":\"https:\\\/\\\/liviko.eu\\\/et\\\/#website\",\"url\":\"https:\\\/\\\/liviko.eu\\\/et\\\/\",\"name\":\"Liviko\",\"description\":\"anno 1898\",\"publisher\":{\"@id\":\"https:\\\/\\\/liviko.eu\\\/et\\\/#organization\"},\"potentialAction\":[{\"@type\":\"SearchAction\",\"target\":{\"@type\":\"EntryPoint\",\"urlTemplate\":\"https:\\\/\\\/liviko.eu\\\/et\\\/?s={search_term_string}\"},\"query-input\":{\"@type\":\"PropertyValueSpecification\",\"valueRequired\":true,\"valueName\":\"search_term_string\"}}],\"inLanguage\":\"et\"},{\"@type\":\"Organization\",\"@id\":\"https:\\\/\\\/liviko.eu\\\/et\\\/#organization\",\"name\":\"Liviko\",\"url\":\"https:\\\/\\\/liviko.eu\\\/et\\\/\",\"logo\":{\"@type\":\"ImageObject\",\"inLanguage\":\"et\",\"@id\":\"https:\\\/\\\/liviko.eu\\\/et\\\/#\\\/schema\\\/logo\\\/image\\\/\",\"url\":\"https:\\\/\\\/liviko.eu\\\/wp-content\\\/uploads\\\/2020\\\/10\\\/liviko_logo.png\",\"contentUrl\":\"https:\\\/\\\/liviko.eu\\\/wp-content\\\/uploads\\\/2020\\\/10\\\/liviko_logo.png\",\"width\":515,\"height\":181,\"caption\":\"Liviko\"},\"image\":{\"@id\":\"https:\\\/\\\/liviko.eu\\\/et\\\/#\\\/schema\\\/logo\\\/image\\\/\"},\"sameAs\":[\"https:\\\/\\\/www.facebook.com\\\/LivikoDistillery\\\/\",\"https:\\\/\\\/www.instagram.com\\\/livikodistillery\",\"https:\\\/\\\/www.linkedin.com\\\/company\\\/liviko\\\/\",\"https:\\\/\\\/www.youtube.com\\\/channel\\\/UCnoHr-PaNxBHJO8nMDLVGuA\"]}]}<\/script>\n<!-- \/ Yoast SEO plugin. -->","yoast_head_json":{"title":"Vana Tallinn Cream - Liviko","robots":{"index":"index","follow":"follow","max-snippet":"max-snippet:-1","max-image-preview":"max-image-preview:large","max-video-preview":"max-video-preview:-1"},"canonical":"https:\/\/liviko.eu\/et\/tootmine\/vana-tallinn-cream\/","og_locale":"et_EE","og_type":"article","og_title":"Vana Tallinn Cream - Liviko","og_url":"https:\/\/liviko.eu\/et\/tootmine\/vana-tallinn-cream\/","og_site_name":"Liviko","article_publisher":"https:\/\/www.facebook.com\/LivikoDistillery\/","article_modified_time":"2025-06-18T11:28:06+00:00","twitter_card":"summary_large_image","schema":{"@context":"https:\/\/schema.org","@graph":[{"@type":"WebPage","@id":"https:\/\/liviko.eu\/et\/tootmine\/vana-tallinn-cream\/","url":"https:\/\/liviko.eu\/et\/tootmine\/vana-tallinn-cream\/","name":"Vana Tallinn Cream - Liviko","isPartOf":{"@id":"https:\/\/liviko.eu\/et\/#website"},"datePublished":"2020-07-06T11:53:25+00:00","dateModified":"2025-06-18T11:28:06+00:00","breadcrumb":{"@id":"https:\/\/liviko.eu\/et\/tootmine\/vana-tallinn-cream\/#breadcrumb"},"inLanguage":"et","potentialAction":[{"@type":"ReadAction","target":["https:\/\/liviko.eu\/et\/tootmine\/vana-tallinn-cream\/"]}]},{"@type":"BreadcrumbList","@id":"https:\/\/liviko.eu\/et\/tootmine\/vana-tallinn-cream\/#breadcrumb","itemListElement":[{"@type":"ListItem","position":1,"name":"Home","item":"https:\/\/liviko.eu\/et\/"},{"@type":"ListItem","position":2,"name":"Tootmine","item":"https:\/\/liviko.eu\/et\/tootmine\/"},{"@type":"ListItem","position":3,"name":"Vana Tallinn Cream"}]},{"@type":"WebSite","@id":"https:\/\/liviko.eu\/et\/#website","url":"https:\/\/liviko.eu\/et\/","name":"Liviko","description":"anno 1898","publisher":{"@id":"https:\/\/liviko.eu\/et\/#organization"},"potentialAction":[{"@type":"SearchAction","target":{"@type":"EntryPoint","urlTemplate":"https:\/\/liviko.eu\/et\/?s={search_term_string}"},"query-input":{"@type":"PropertyValueSpecification","valueRequired":true,"valueName":"search_term_string"}}],"inLanguage":"et"},{"@type":"Organization","@id":"https:\/\/liviko.eu\/et\/#organization","name":"Liviko","url":"https:\/\/liviko.eu\/et\/","logo":{"@type":"ImageObject","inLanguage":"et","@id":"https:\/\/liviko.eu\/et\/#\/schema\/logo\/image\/","url":"https:\/\/liviko.eu\/wp-content\/uploads\/2020\/10\/liviko_logo.png","contentUrl":"https:\/\/liviko.eu\/wp-content\/uploads\/2020\/10\/liviko_logo.png","width":515,"height":181,"caption":"Liviko"},"image":{"@id":"https:\/\/liviko.eu\/et\/#\/schema\/logo\/image\/"},"sameAs":["https:\/\/www.facebook.com\/LivikoDistillery\/","https:\/\/www.instagram.com\/livikodistillery","https:\/\/www.linkedin.com\/company\/liviko\/","https:\/\/www.youtube.com\/channel\/UCnoHr-PaNxBHJO8nMDLVGuA"]}]}},"_links":{"self":[{"href":"https:\/\/liviko.eu\/et\/wp-json\/wp\/v2\/pages\/899","targetHints":{"allow":["GET"]}}],"collection":[{"href":"https:\/\/liviko.eu\/et\/wp-json\/wp\/v2\/pages"}],"about":[{"href":"https:\/\/liviko.eu\/et\/wp-json\/wp\/v2\/types\/page"}],"author":[{"embeddable":true,"href":"https:\/\/liviko.eu\/et\/wp-json\/wp\/v2\/users\/1"}],"replies":[{"embeddable":true,"href":"https:\/\/liviko.eu\/et\/wp-json\/wp\/v2\/comments?post=899"}],"version-history":[{"count":125,"href":"https:\/\/liviko.eu\/et\/wp-json\/wp\/v2\/pages\/899\/revisions"}],"predecessor-version":[{"id":50940,"href":"https:\/\/liviko.eu\/et\/wp-json\/wp\/v2\/pages\/899\/revisions\/50940"}],"up":[{"embeddable":true,"href":"https:\/\/liviko.eu\/et\/wp-json\/wp\/v2\/pages\/172"}],"wp:attachment":[{"href":"https:\/\/liviko.eu\/et\/wp-json\/wp\/v2\/media?parent=899"}],"wp:term":[{"taxonomy":"category","embeddable":true,"href":"https:\/\/liviko.eu\/et\/wp-json\/wp\/v2\/categories?post=899"}],"curies":[{"name":"wp","href":"https:\/\/api.w.org\/{rel}","templated":true}]}}