{"id":907,"date":"2020-07-06T11:52:35","date_gmt":"2020-07-06T11:52:35","guid":{"rendered":"http:\/\/liviko.eu\/tootmine\/viru-valge\/"},"modified":"2026-02-17T10:49:40","modified_gmt":"2026-02-17T10:49:40","slug":"viru-valge","status":"publish","type":"page","link":"https:\/\/liviko.eu\/et\/tootmine\/viru-valge\/","title":{"rendered":"Viru Valge"},"content":{"rendered":"<div id=\"pageHeader-block_ceb609c5a498319190a60f94ba202221\" class=\" c-contentBlock c-pageHeader\" data-block-type=\"Page header\">\n                    <h1 class=\"c-pageHeader__title\">Viru Valge<\/h1>\n                            <div class=\"c-pageHeader__text t-text\"><p>Viru Valge on Eesti vanim ja populaarseim viin, mis paistab silma poole sajandi pikkuste traditsioonide ja ajalooga. Pehme ja puhta maitsega Viru Valge valmib hoolikalt valitud teraviljast ja erit\u00f6\u00f6tluse saanud veest.<\/p>\n<\/div>\n                \n<\/div>\n<a id=\"page-907-body\"><\/a>\n\n<div id=\"mediaBlock-block_5b9354999d7790ee6d795954165f3e68\" class=\" c-contentBlock c-mediaBlock c-mediaBlock--align-left c-mediaBlock--valign-center c-mediaBlock--size-extra-small c-mediaBlock--imageHeight-small\" data-block-type=\"Media block\">\n   \n                \n     <div class=\"c-mediaBlock__media\" style=\"\"\">\n        <img fetchpriority=\"high\" decoding=\"async\" width=\"362\" height=\"1366\" src=\"https:\/\/liviko.eu\/wp-content\/uploads\/2020\/10\/VV-bottle_frontview-362x1366.png\" class=\"c-mediaBlock__image\" alt=\"VIRU VALGE VODKA\" srcset=\"https:\/\/liviko.eu\/wp-content\/uploads\/2020\/10\/VV-bottle_frontview-362x1366.png 362w, https:\/\/liviko.eu\/wp-content\/uploads\/2020\/10\/VV-bottle_frontview-407x1536.png 407w, https:\/\/liviko.eu\/wp-content\/uploads\/2020\/10\/VV-bottle_frontview-85x320.png 85w\" sizes=\"(max-width: 362px) 100vw, 362px\" \/>    <\/div>\n     <div class=\"c-mediaBlock__body\">\n                    <h2 class=\"c-mediaBlock__title\">VIRU VALGE VODKA<\/h2>\n                <div class=\"c-mediaBlock__content\">\n            <div class=\"t-text\">\n            <p>Viru Valge valmib kivistel p\u00f5hjamaa p\u00f5ldudel kasvanud viljast ja kristallselgest p\u00f5hjaveest. Viru Valge eheda maitse ja k\u00f5rge kvaliteedi taga on hoolikalt valitud kvaliteetsest teraviljast destilleeritud piiritus ja erit\u00f6\u00f6tluse saanud vesi.<\/p>\n<p>Viru Valge valmib Liviko meistrite v\u00e4ljat\u00f6\u00f6tatud retsepti j\u00e4rgi puhtast kvaliteetsest teraviljast ning on tootmises alates 1962. aastast. L\u00e4bi aegade on Viru Valge s\u00fcmboliks olnud mulgi kuues kindlameelne Pasunamees, kelle pilk on s\u00fcmboolselt l\u00e4\u00e4nde p\u00f6\u00f6ratud.<\/p>\n<p><strong>Tootesarja kuuluvad:<\/strong><\/p>\n<ul>\n<li>Viru Valge Cranberry<\/li>\n<li>Viru Valge Watermelon<\/li>\n<li>Viru Valge Cherry<\/li>\n<li>Viru Valge Green Apple<\/li>\n<li>Viru Valge Rhubarb<\/li>\n<li>Viru Valge Plum<\/li>\n<\/ul>\n<p><a href=\"https:\/\/viruvalge.ee\/\">viruvalge.ee<\/a><\/p>\n<p><strong>Auhinnad:\u00a0<\/strong><\/p>\n<ul>\n<li>Eesti Parim Jook 2023- Parim viin kategooria, h\u00f5bemedal- Viru Valge Vodka Festive Edition<\/li>\n<li>Eesti Parim Jook 2022- Parim viin kategooria, h\u00f5bemedal &#8211; Viru Valge Juubeliviin<\/li>\n<li>The SIP Awards 2016 &#8211; h\u00f5bemedal &amp; Consumer\u2019s Choice Award<\/li>\n<li>The SIP Awards 2015 &#8211; kuldmedal<\/li>\n<li>International Wine and Spirits Competition 2014 \u2013 kuldmedal<\/li>\n<li>The International Wine and Spirit Competition 2013 \u2013 h\u00f5bemedal<\/li>\n<li>The International Wine and Spirit Competition 2010 &#8211; h\u00f5bemedal<\/li>\n<li>Parim Alkohoolne Jook 2010<\/li>\n<li>Tunnustatud Maitse 2009<\/li>\n<li>Tunnustatud Eesti Maitse 2000<\/li>\n<\/ul>\n            <\/div>\n                            \n        <\/div>\n    <\/div>\n<\/div>\n\n\n<div id=\"featureBlocks-block_bdb7cbe186643aa437e7b7e298f6c023\" class=\" c-contentBlock c-featureBlocks c-featureBlocks--type-expanded c-featureBlocks--grid-columns\" data-block-type=\"Feature blocks: expanded\">\n   <div class=\"c-featureBlocksGroup\">\n\n\n                          <div class=\"c-featureBlocks__item\">\n                \n                \n                    <div class=\"c-featureBlocks__item-block\"    >\n\n                                                                                            <div class=\"c-featureBlock__imageContainer\">\n                                <img decoding=\"async\" width=\"800\" height=\"800\" src=\"https:\/\/liviko.eu\/wp-content\/uploads\/2020\/09\/viljapold.jpg\" class=\"c-featureBlock__image\" alt=\"\" srcset=\"https:\/\/liviko.eu\/wp-content\/uploads\/2020\/09\/viljapold.jpg 800w, https:\/\/liviko.eu\/wp-content\/uploads\/2020\/09\/viljapold-480x480.jpg 480w, https:\/\/liviko.eu\/wp-content\/uploads\/2020\/09\/viljapold-768x768.jpg 768w, https:\/\/liviko.eu\/wp-content\/uploads\/2020\/09\/viljapold-320x320.jpg 320w\" sizes=\"(max-width: 800px) 100vw, 800px\" \/>                                <\/div>\n                               \n\n                            <div class=\"c-featureBlocks__item-body\">\n                                    <h3 class=\"c-featureBlocks__item-title\"><\/h3>\n                                    <div class=\"t-text\">\n                                        <p><strong>Hoolikalt valitud teravili<br \/>\n<\/strong>Viru Valge valmistatakse Liviko meistrite v\u00e4ljat\u00f6\u00f6tatud retsepti j\u00e4rgi kvaliteetsest teraviljast toodetud piiritusest ja erit\u00f6\u00f6deldud kirkast p\u00f5hjaveest.<\/p>\n                                    <\/div>\n                            <\/div>\n\n                    <\/div>    \n                        \n\n\n                            \n            <\/div>\n            \n                    <div class=\"c-featureBlocks__item\">\n                \n                \n                    <div class=\"c-featureBlocks__item-block\"    >\n\n                                                                                            <div class=\"c-featureBlock__imageContainer\">\n                                <img decoding=\"async\" width=\"800\" height=\"800\" src=\"https:\/\/liviko.eu\/wp-content\/uploads\/2020\/09\/etiketi-disain.jpg\" class=\"c-featureBlock__image\" alt=\"\" srcset=\"https:\/\/liviko.eu\/wp-content\/uploads\/2020\/09\/etiketi-disain.jpg 800w, https:\/\/liviko.eu\/wp-content\/uploads\/2020\/09\/etiketi-disain-480x480.jpg 480w, https:\/\/liviko.eu\/wp-content\/uploads\/2020\/09\/etiketi-disain-768x768.jpg 768w, https:\/\/liviko.eu\/wp-content\/uploads\/2020\/09\/etiketi-disain-320x320.jpg 320w\" sizes=\"(max-width: 800px) 100vw, 800px\" \/>                                <\/div>\n                               \n\n                            <div class=\"c-featureBlocks__item-body\">\n                                    <h3 class=\"c-featureBlocks__item-title\"><\/h3>\n                                    <div class=\"t-text\">\n                                        <p><b>Pasunamees<br \/>\n<\/b>Pasunamees on olnud Viru Valge lahutamatu s\u00fcmbol alates selle kvaliteetviina loomisest 1962. aastal. P\u00f5hjamaade folkloorist on teada ammune traditsioon, et pasuna puhumisega kutsutakse inimesi kokku.<\/p>\n<p>&nbsp;<\/p>\n                                    <\/div>\n                            <\/div>\n\n                    <\/div>    \n                        \n\n\n                            \n            <\/div>\n            \n                    <div class=\"c-featureBlocks__item\">\n                \n                \n                    <div class=\"c-featureBlocks__item-block\"    >\n\n                                                                                            <div class=\"c-featureBlock__imageContainer\">\n                                <img loading=\"lazy\" decoding=\"async\" width=\"800\" height=\"800\" src=\"https:\/\/liviko.eu\/wp-content\/uploads\/2020\/09\/usp.jpg\" class=\"c-featureBlock__image\" alt=\"\" srcset=\"https:\/\/liviko.eu\/wp-content\/uploads\/2020\/09\/usp.jpg 800w, https:\/\/liviko.eu\/wp-content\/uploads\/2020\/09\/usp-480x480.jpg 480w, https:\/\/liviko.eu\/wp-content\/uploads\/2020\/09\/usp-768x768.jpg 768w, https:\/\/liviko.eu\/wp-content\/uploads\/2020\/09\/usp-320x320.jpg 320w\" sizes=\"(max-width: 800px) 100vw, 800px\" \/>                                <\/div>\n                               \n\n                            <div class=\"c-featureBlocks__item-body\">\n                                    <h3 class=\"c-featureBlocks__item-title\"><\/h3>\n                                    <div class=\"t-text\">\n                                        <p><strong>J\u00e4tkusuutlik tootmine<\/strong><br \/>\nViru Valge pudel toodetakse J\u00e4rvakandi klaasitehases, Livikost vaid 85 km kaugusel. Tootmiseks taaskasutatakse ringlusest kokku kogutud klaaspudeleid \u2013 enam kui pool Viru Valge pudeli klaasist on taaskasutus.<\/p>\n                                    <\/div>\n                            <\/div>\n\n                    <\/div>    \n                        \n\n\n                            \n            <\/div>\n            \n                <div class=\"c-featureBlocks__item c-featureBlocks__item--empty\"><\/div>\n    <div class=\"c-featureBlocks__item c-featureBlocks__item--empty\"><\/div>\n    <\/div>\n<\/div>\n\n\n\n<div id=\"spacer-block_c84c4c38b78f9d61a7e603fded3f5138\" class=\"c-contentBlock c-spacerContainer\"  data-block-type=\"Spacer\">\n   <hr class=\"  c-spacer c-spacer--size-3 c-spacer--line\" >\n<\/div>\n\n\n\n<div id=\"relatedItems-block_ea94fc13bd30204156783fa28f047642\" class=\" c-contentBlock c-relatedItems\" data-block-type=\"Related items\" >\n   \n            <h2 class=\"c-relatedItems__title \">SARNASED TOOTED<\/h2>\n     \n    <div class=\"c-relatedItems__content\">\n\n\n    \n\n             \n         \n                \n\n            <a class=\"c-relatedItems__item \" href=\"https:\/\/liviko.eu\/et\/tootmine\/hobe\/\">\n                \n                \n                    <div class=\"c-relatedItems__item-imageContainer\" >\n                        <img loading=\"lazy\" decoding=\"async\" width=\"125\" height=\"320\" src=\"https:\/\/liviko.eu\/wp-content\/uploads\/2023\/10\/Hobe-Silver-Filtered-Pure-Vodka-WEB-125x320.jpg\" class=\"c-relatedItems__item-image\" alt=\"H\u00f5be \" srcset=\"https:\/\/liviko.eu\/wp-content\/uploads\/2023\/10\/Hobe-Silver-Filtered-Pure-Vodka-WEB-125x320.jpg 125w, https:\/\/liviko.eu\/wp-content\/uploads\/2023\/10\/Hobe-Silver-Filtered-Pure-Vodka-WEB-361x920.jpg 361w, https:\/\/liviko.eu\/wp-content\/uploads\/2023\/10\/Hobe-Silver-Filtered-Pure-Vodka-WEB-535x1366.jpg 535w, https:\/\/liviko.eu\/wp-content\/uploads\/2023\/10\/Hobe-Silver-Filtered-Pure-Vodka-WEB-236x603.jpg 236w, https:\/\/liviko.eu\/wp-content\/uploads\/2023\/10\/Hobe-Silver-Filtered-Pure-Vodka-WEB.jpg 588w\" sizes=\"(max-width: 125px) 100vw, 125px\" \/>                    <\/div>\n                    <div class=\"c-relatedItems__item-details\">\n                        <h3 class=\"c-relatedItems__item-title\">H\u00f5be <\/h3>                                            <\/div>\n                \n            <\/a>\n            \n        \n                \n\n            <a class=\"c-relatedItems__item \" href=\"https:\/\/liviko.eu\/et\/tootmine\/bellingshausen\/\">\n                \n                \n                    <div class=\"c-relatedItems__item-imageContainer\" >\n                        <img loading=\"lazy\" decoding=\"async\" width=\"208\" height=\"320\" src=\"https:\/\/liviko.eu\/wp-content\/uploads\/2020\/08\/Liviko_Bellinghousen-08_straight-whiteOnWhite-208x320.jpg\" class=\"c-relatedItems__item-image\" alt=\"Bellingshausen pudel\" srcset=\"https:\/\/liviko.eu\/wp-content\/uploads\/2020\/08\/Liviko_Bellinghousen-08_straight-whiteOnWhite-208x320.jpg 208w, https:\/\/liviko.eu\/wp-content\/uploads\/2020\/08\/Liviko_Bellinghousen-08_straight-whiteOnWhite-598x920.jpg 598w, https:\/\/liviko.eu\/wp-content\/uploads\/2020\/08\/Liviko_Bellinghousen-08_straight-whiteOnWhite-888x1366.jpg 888w, https:\/\/liviko.eu\/wp-content\/uploads\/2020\/08\/Liviko_Bellinghousen-08_straight-whiteOnWhite-768x1182.jpg 768w, https:\/\/liviko.eu\/wp-content\/uploads\/2020\/08\/Liviko_Bellinghousen-08_straight-whiteOnWhite-998x1536.jpg 998w, https:\/\/liviko.eu\/wp-content\/uploads\/2020\/08\/Liviko_Bellinghousen-08_straight-whiteOnWhite-1331x2048.jpg 1331w, https:\/\/liviko.eu\/wp-content\/uploads\/2020\/08\/Liviko_Bellinghousen-08_straight-whiteOnWhite-scaled.jpg 1664w\" sizes=\"(max-width: 208px) 100vw, 208px\" \/>                    <\/div>\n                    <div class=\"c-relatedItems__item-details\">\n                        <h3 class=\"c-relatedItems__item-title\">Bellingshausen<\/h3>                                            <\/div>\n                \n            <\/a>\n            \n        \n                \n\n            <a class=\"c-relatedItems__item \" href=\"https:\/\/liviko.eu\/et\/tootmine\/nevskaja\/\">\n                \n                \n                    <div class=\"c-relatedItems__item-imageContainer\" >\n                        <img loading=\"lazy\" decoding=\"async\" width=\"87\" height=\"320\" src=\"https:\/\/liviko.eu\/wp-content\/uploads\/2020\/08\/4740050010333-87x320.jpg\" class=\"c-relatedItems__item-image\" alt=\"Nevskaya\" srcset=\"https:\/\/liviko.eu\/wp-content\/uploads\/2020\/08\/4740050010333-87x320.jpg 87w, https:\/\/liviko.eu\/wp-content\/uploads\/2020\/08\/4740050010333-251x920.jpg 251w, https:\/\/liviko.eu\/wp-content\/uploads\/2020\/08\/4740050010333-373x1366.jpg 373w, https:\/\/liviko.eu\/wp-content\/uploads\/2020\/08\/4740050010333-768x2815.jpg 768w, https:\/\/liviko.eu\/wp-content\/uploads\/2020\/08\/4740050010333-419x1536.jpg 419w, https:\/\/liviko.eu\/wp-content\/uploads\/2020\/08\/4740050010333-559x2048.jpg 559w, https:\/\/liviko.eu\/wp-content\/uploads\/2020\/08\/4740050010333-scaled.jpg 699w\" sizes=\"(max-width: 87px) 100vw, 87px\" \/>                    <\/div>\n                    <div class=\"c-relatedItems__item-details\">\n                        <h3 class=\"c-relatedItems__item-title\">Nevskaya<\/h3>                                            <\/div>\n                \n            <\/a>\n            \n                <\/div>\n<\/div>\n","protected":false},"excerpt":{"rendered":"","protected":false},"author":1,"featured_media":0,"parent":172,"menu_order":22,"comment_status":"closed","ping_status":"closed","template":"page-templates\/page-product.php","meta":{"_acf_changed":false,"inline_featured_image":false,"_monsterinsights_skip_tracking":false,"_monsterinsights_sitenote_active":false,"_monsterinsights_sitenote_note":"","_monsterinsights_sitenote_category":0,"footnotes":""},"categories":[42],"class_list":["post-907","page","type-page","status-publish","hentry","category-vodka"],"acf":[],"yoast_head":"<!-- This site is optimized with the Yoast SEO plugin v24.0 - https:\/\/yoast.com\/wordpress\/plugins\/seo\/ -->\n<title>Viru Valge - Liviko<\/title>\n<meta name=\"robots\" content=\"index, follow, max-snippet:-1, max-image-preview:large, max-video-preview:-1\" \/>\n<link rel=\"canonical\" href=\"https:\/\/liviko.eu\/et\/tootmine\/viru-valge\/\" \/>\n<meta property=\"og:locale\" content=\"et_EE\" \/>\n<meta property=\"og:type\" content=\"article\" \/>\n<meta property=\"og:title\" content=\"Viru Valge - Liviko\" \/>\n<meta property=\"og:url\" content=\"https:\/\/liviko.eu\/et\/tootmine\/viru-valge\/\" \/>\n<meta property=\"og:site_name\" content=\"Liviko\" \/>\n<meta property=\"article:publisher\" content=\"https:\/\/www.facebook.com\/LivikoDistillery\/\" \/>\n<meta property=\"article:modified_time\" content=\"2026-02-17T10:49:40+00:00\" \/>\n<meta name=\"twitter:card\" content=\"summary_large_image\" \/>\n<script type=\"application\/ld+json\" class=\"yoast-schema-graph\">{\"@context\":\"https:\/\/schema.org\",\"@graph\":[{\"@type\":\"WebPage\",\"@id\":\"https:\/\/liviko.eu\/et\/tootmine\/viru-valge\/\",\"url\":\"https:\/\/liviko.eu\/et\/tootmine\/viru-valge\/\",\"name\":\"Viru Valge - Liviko\",\"isPartOf\":{\"@id\":\"https:\/\/liviko.eu\/et\/#website\"},\"datePublished\":\"2020-07-06T11:52:35+00:00\",\"dateModified\":\"2026-02-17T10:49:40+00:00\",\"breadcrumb\":{\"@id\":\"https:\/\/liviko.eu\/et\/tootmine\/viru-valge\/#breadcrumb\"},\"inLanguage\":\"et\",\"potentialAction\":[{\"@type\":\"ReadAction\",\"target\":[\"https:\/\/liviko.eu\/et\/tootmine\/viru-valge\/\"]}]},{\"@type\":\"BreadcrumbList\",\"@id\":\"https:\/\/liviko.eu\/et\/tootmine\/viru-valge\/#breadcrumb\",\"itemListElement\":[{\"@type\":\"ListItem\",\"position\":1,\"name\":\"Home\",\"item\":\"https:\/\/liviko.eu\/et\/\"},{\"@type\":\"ListItem\",\"position\":2,\"name\":\"Tootmine\",\"item\":\"https:\/\/liviko.eu\/et\/tootmine\/\"},{\"@type\":\"ListItem\",\"position\":3,\"name\":\"Viru Valge\"}]},{\"@type\":\"WebSite\",\"@id\":\"https:\/\/liviko.eu\/et\/#website\",\"url\":\"https:\/\/liviko.eu\/et\/\",\"name\":\"Liviko\",\"description\":\"anno 1898\",\"publisher\":{\"@id\":\"https:\/\/liviko.eu\/et\/#organization\"},\"potentialAction\":[{\"@type\":\"SearchAction\",\"target\":{\"@type\":\"EntryPoint\",\"urlTemplate\":\"https:\/\/liviko.eu\/et\/?s={search_term_string}\"},\"query-input\":{\"@type\":\"PropertyValueSpecification\",\"valueRequired\":true,\"valueName\":\"search_term_string\"}}],\"inLanguage\":\"et\"},{\"@type\":\"Organization\",\"@id\":\"https:\/\/liviko.eu\/et\/#organization\",\"name\":\"Liviko\",\"url\":\"https:\/\/liviko.eu\/et\/\",\"logo\":{\"@type\":\"ImageObject\",\"inLanguage\":\"et\",\"@id\":\"https:\/\/liviko.eu\/et\/#\/schema\/logo\/image\/\",\"url\":\"https:\/\/liviko.eu\/wp-content\/uploads\/2020\/10\/liviko_logo.png\",\"contentUrl\":\"https:\/\/liviko.eu\/wp-content\/uploads\/2020\/10\/liviko_logo.png\",\"width\":515,\"height\":181,\"caption\":\"Liviko\"},\"image\":{\"@id\":\"https:\/\/liviko.eu\/et\/#\/schema\/logo\/image\/\"},\"sameAs\":[\"https:\/\/www.facebook.com\/LivikoDistillery\/\",\"https:\/\/www.instagram.com\/livikodistillery\",\"https:\/\/www.linkedin.com\/company\/liviko\/\",\"https:\/\/www.youtube.com\/channel\/UCnoHr-PaNxBHJO8nMDLVGuA\"]}]}<\/script>\n<!-- \/ Yoast SEO plugin. -->","yoast_head_json":{"title":"Viru Valge - Liviko","robots":{"index":"index","follow":"follow","max-snippet":"max-snippet:-1","max-image-preview":"max-image-preview:large","max-video-preview":"max-video-preview:-1"},"canonical":"https:\/\/liviko.eu\/et\/tootmine\/viru-valge\/","og_locale":"et_EE","og_type":"article","og_title":"Viru Valge - Liviko","og_url":"https:\/\/liviko.eu\/et\/tootmine\/viru-valge\/","og_site_name":"Liviko","article_publisher":"https:\/\/www.facebook.com\/LivikoDistillery\/","article_modified_time":"2026-02-17T10:49:40+00:00","twitter_card":"summary_large_image","schema":{"@context":"https:\/\/schema.org","@graph":[{"@type":"WebPage","@id":"https:\/\/liviko.eu\/et\/tootmine\/viru-valge\/","url":"https:\/\/liviko.eu\/et\/tootmine\/viru-valge\/","name":"Viru Valge - Liviko","isPartOf":{"@id":"https:\/\/liviko.eu\/et\/#website"},"datePublished":"2020-07-06T11:52:35+00:00","dateModified":"2026-02-17T10:49:40+00:00","breadcrumb":{"@id":"https:\/\/liviko.eu\/et\/tootmine\/viru-valge\/#breadcrumb"},"inLanguage":"et","potentialAction":[{"@type":"ReadAction","target":["https:\/\/liviko.eu\/et\/tootmine\/viru-valge\/"]}]},{"@type":"BreadcrumbList","@id":"https:\/\/liviko.eu\/et\/tootmine\/viru-valge\/#breadcrumb","itemListElement":[{"@type":"ListItem","position":1,"name":"Home","item":"https:\/\/liviko.eu\/et\/"},{"@type":"ListItem","position":2,"name":"Tootmine","item":"https:\/\/liviko.eu\/et\/tootmine\/"},{"@type":"ListItem","position":3,"name":"Viru Valge"}]},{"@type":"WebSite","@id":"https:\/\/liviko.eu\/et\/#website","url":"https:\/\/liviko.eu\/et\/","name":"Liviko","description":"anno 1898","publisher":{"@id":"https:\/\/liviko.eu\/et\/#organization"},"potentialAction":[{"@type":"SearchAction","target":{"@type":"EntryPoint","urlTemplate":"https:\/\/liviko.eu\/et\/?s={search_term_string}"},"query-input":{"@type":"PropertyValueSpecification","valueRequired":true,"valueName":"search_term_string"}}],"inLanguage":"et"},{"@type":"Organization","@id":"https:\/\/liviko.eu\/et\/#organization","name":"Liviko","url":"https:\/\/liviko.eu\/et\/","logo":{"@type":"ImageObject","inLanguage":"et","@id":"https:\/\/liviko.eu\/et\/#\/schema\/logo\/image\/","url":"https:\/\/liviko.eu\/wp-content\/uploads\/2020\/10\/liviko_logo.png","contentUrl":"https:\/\/liviko.eu\/wp-content\/uploads\/2020\/10\/liviko_logo.png","width":515,"height":181,"caption":"Liviko"},"image":{"@id":"https:\/\/liviko.eu\/et\/#\/schema\/logo\/image\/"},"sameAs":["https:\/\/www.facebook.com\/LivikoDistillery\/","https:\/\/www.instagram.com\/livikodistillery","https:\/\/www.linkedin.com\/company\/liviko\/","https:\/\/www.youtube.com\/channel\/UCnoHr-PaNxBHJO8nMDLVGuA"]}]}},"_links":{"self":[{"href":"https:\/\/liviko.eu\/et\/wp-json\/wp\/v2\/pages\/907","targetHints":{"allow":["GET"]}}],"collection":[{"href":"https:\/\/liviko.eu\/et\/wp-json\/wp\/v2\/pages"}],"about":[{"href":"https:\/\/liviko.eu\/et\/wp-json\/wp\/v2\/types\/page"}],"author":[{"embeddable":true,"href":"https:\/\/liviko.eu\/et\/wp-json\/wp\/v2\/users\/1"}],"replies":[{"embeddable":true,"href":"https:\/\/liviko.eu\/et\/wp-json\/wp\/v2\/comments?post=907"}],"version-history":[{"count":128,"href":"https:\/\/liviko.eu\/et\/wp-json\/wp\/v2\/pages\/907\/revisions"}],"predecessor-version":[{"id":57285,"href":"https:\/\/liviko.eu\/et\/wp-json\/wp\/v2\/pages\/907\/revisions\/57285"}],"up":[{"embeddable":true,"href":"https:\/\/liviko.eu\/et\/wp-json\/wp\/v2\/pages\/172"}],"wp:attachment":[{"href":"https:\/\/liviko.eu\/et\/wp-json\/wp\/v2\/media?parent=907"}],"wp:term":[{"taxonomy":"category","embeddable":true,"href":"https:\/\/liviko.eu\/et\/wp-json\/wp\/v2\/categories?post=907"}],"curies":[{"name":"wp","href":"https:\/\/api.w.org\/{rel}","templated":true}]}}