{"id":955,"date":"2020-07-10T08:04:47","date_gmt":"2020-07-10T08:04:47","guid":{"rendered":"http:\/\/liviko.eu\/kontaktid\/estonia\/retail\/"},"modified":"2021-04-27T07:47:43","modified_gmt":"2021-04-27T07:47:43","slug":"retail","status":"publish","type":"page","link":"https:\/\/liviko.eu\/et\/kontaktid\/estonia\/retail\/","title":{"rendered":"Jaem\u00fc\u00fck"},"content":{"rendered":"\n<div id=\"contactsList-block_5f1efe5140c98\" class=\" c-contentBlock c-contactsList\" data-block-type=\"Contacts list\" >\n   \n    \n\n\n              \n                \n\n            <div class=\"c-contactsList__item\">\n                    <div class=\"c-contactsList__item-imageContainer\">\n                                             \n                     <\/div>\n                    \n                    <div class=\"c-contactsList__item-details\">\n                        <h3 class=\"c-contactsList__item-title\">Rando Galin<\/h3>\n                        <ul class=\"c-contactsList__item-meta t-text\">\n                        <li>M\u00fc\u00fcgijuht<\/li>\n                        <li>Telefon: +3726678139<\/li>                        <li><a href=\"mailto:rando.galin@liviko.ee\">rando.galin@liviko.ee<\/a><\/li>                                                                        <\/ul>\n                    <\/div>\n            <\/div>\n                    \n                \n\n            <div class=\"c-contactsList__item\">\n                    <div class=\"c-contactsList__item-imageContainer\">\n                                             \n                     <\/div>\n                    \n                    <div class=\"c-contactsList__item-details\">\n                        <h3 class=\"c-contactsList__item-title\">Hallar R\u00e4nk<\/h3>\n                        <ul class=\"c-contactsList__item-meta t-text\">\n                        <li>V\u00f5tmekliendihaldur<\/li>\n                        <li>Telefon: +3726678197<\/li>                        <li><a href=\"mailto:hallar.rank@liviko.ee\">hallar.rank@liviko.ee<\/a><\/li>                                                                        <\/ul>\n                    <\/div>\n            <\/div>\n                    \n                \n\n            <div class=\"c-contactsList__item\">\n                    <div class=\"c-contactsList__item-imageContainer\">\n                                             \n                     <\/div>\n                    \n                    <div class=\"c-contactsList__item-details\">\n                        <h3 class=\"c-contactsList__item-title\">Irene Oruste<\/h3>\n                        <ul class=\"c-contactsList__item-meta t-text\">\n                        <li>V\u00f5tmekliendihaldur<\/li>\n                        <li>Telefon: +3726678198<\/li>                        <li><a href=\"mailto:irene.oruste@liviko.ee\">irene.oruste@liviko.ee<\/a><\/li>                                                                        <\/ul>\n                    <\/div>\n            <\/div>\n                    \n                \n\n            <div class=\"c-contactsList__item\">\n                    <div class=\"c-contactsList__item-imageContainer\">\n                                             \n                     <\/div>\n                    \n                    <div class=\"c-contactsList__item-details\">\n                        <h3 class=\"c-contactsList__item-title\">Kristi Evart<\/h3>\n                        <ul class=\"c-contactsList__item-meta t-text\">\n                        <li>T\u00fctarettev\u00f5tete koordinaator<\/li>\n                        <li>Telefon: +3726678161<\/li>                        <li><a href=\"mailto:kristi.evart@liviko.ee\">kristi.evart@liviko.ee<\/a><\/li>                                                                        <\/ul>\n                    <\/div>\n            <\/div>\n                    \n                \n\n            <div class=\"c-contactsList__item\">\n                    <div class=\"c-contactsList__item-imageContainer\">\n                                             \n                     <\/div>\n                    \n                    <div class=\"c-contactsList__item-details\">\n                        <h3 class=\"c-contactsList__item-title\">Imre Treu<\/h3>\n                        <ul class=\"c-contactsList__item-meta t-text\">\n                        <li>M\u00fc\u00fcgimeeskonna juht<\/li>\n                        <li>Telefon: +3726678140<\/li>                        <li><a href=\"mailto:imre.treu@liviko.ee\">imre.treu@liviko.ee<\/a><\/li>                                                                        <\/ul>\n                    <\/div>\n            <\/div>\n                    \n                \n\n            <div class=\"c-contactsList__item\">\n                    <div class=\"c-contactsList__item-imageContainer\">\n                                             \n                     <\/div>\n                    \n                    <div class=\"c-contactsList__item-details\">\n                        <h3 class=\"c-contactsList__item-title\">Olga Ilt\u0161enko<\/h3>\n                        <ul class=\"c-contactsList__item-meta t-text\">\n                        <li>Tallinna m\u00fc\u00fcgiesindaja<\/li>\n                        <li>Telefon: +3725024097<\/li>                        <li><a href=\"mailto:olja@liviko.ee\">olja@liviko.ee<\/a><\/li>                                                                        <\/ul>\n                    <\/div>\n            <\/div>\n                    \n                \n\n            <div class=\"c-contactsList__item\">\n                    <div class=\"c-contactsList__item-imageContainer\">\n                                             \n                     <\/div>\n                    \n                    <div class=\"c-contactsList__item-details\">\n                        <h3 class=\"c-contactsList__item-title\">Hannes Laansalu<\/h3>\n                        <ul class=\"c-contactsList__item-meta t-text\">\n                        <li>Tallinna m\u00fc\u00fcgiesindaja<\/li>\n                        <li>Telefon: +3725105991<\/li>                        <li><a href=\"mailto:hannes.laansalu@liviko.ee\">hannes.laansalu@liviko.ee<\/a><\/li>                                                                        <\/ul>\n                    <\/div>\n            <\/div>\n                    \n                \n\n            <div class=\"c-contactsList__item\">\n                    <div class=\"c-contactsList__item-imageContainer\">\n                                             \n                     <\/div>\n                    \n                    <div class=\"c-contactsList__item-details\">\n                        <h3 class=\"c-contactsList__item-title\">Maie Varter<\/h3>\n                        <ul class=\"c-contactsList__item-meta t-text\">\n                        <li>Tallinna ja Harju m\u00fc\u00fcgiesindaja<\/li>\n                        <li>Telefon: +3725023153<\/li>                        <li><a href=\"mailto:maie.varter@liviko.ee\">maie.varter@liviko.ee<\/a><\/li>                                                                        <\/ul>\n                    <\/div>\n            <\/div>\n                    \n                \n\n            <div class=\"c-contactsList__item\">\n                    <div class=\"c-contactsList__item-imageContainer\">\n                                             \n                     <\/div>\n                    \n                    <div class=\"c-contactsList__item-details\">\n                        <h3 class=\"c-contactsList__item-title\">Maksim Rudak<\/h3>\n                        <ul class=\"c-contactsList__item-meta t-text\">\n                        <li>Tallinna ja Harju m\u00fc\u00fcgiesindaja<\/li>\n                        <li>Telefon: +3725270547<\/li>                        <li><a href=\"mailto:maksim.rudak@liviko.ee\">maksim.rudak@liviko.ee<\/a><\/li>                                                                        <\/ul>\n                    <\/div>\n            <\/div>\n                    \n                \n\n            <div class=\"c-contactsList__item\">\n                    <div class=\"c-contactsList__item-imageContainer\">\n                                             \n                     <\/div>\n                    \n                    <div class=\"c-contactsList__item-details\">\n                        <h3 class=\"c-contactsList__item-title\">Katrin V\u00e4\u00e4t<\/h3>\n                        <ul class=\"c-contactsList__item-meta t-text\">\n                        <li>Tallinna ja Harju m\u00fc\u00fcgiesindaja<\/li>\n                        <li>Telefon: +3725275058<\/li>                        <li><a href=\"mailto:katrin.vaat@liviko.ee\">katrin.vaat@liviko.ee<\/a><\/li>                                                                        <\/ul>\n                    <\/div>\n            <\/div>\n                    \n                \n\n            <div class=\"c-contactsList__item\">\n                    <div class=\"c-contactsList__item-imageContainer\">\n                                             \n                     <\/div>\n                    \n                    <div class=\"c-contactsList__item-details\">\n                        <h3 class=\"c-contactsList__item-title\">Ando Koodi<\/h3>\n                        <ul class=\"c-contactsList__item-meta t-text\">\n                        <li>P\u00e4rnu m\u00fc\u00fcgiesindaja<\/li>\n                        <li>Telefon: +3725051629<\/li>                        <li><a href=\"mailto:ando.koodi@liviko.ee\">ando.koodi@liviko.ee<\/a><\/li>                                                                        <\/ul>\n                    <\/div>\n            <\/div>\n                    \n                \n\n            <div class=\"c-contactsList__item\">\n                    <div class=\"c-contactsList__item-imageContainer\">\n                                             \n                     <\/div>\n                    \n                    <div class=\"c-contactsList__item-details\">\n                        <h3 class=\"c-contactsList__item-title\">Toomas N\u00e4rjussoo<\/h3>\n                        <ul class=\"c-contactsList__item-meta t-text\">\n                        <li>P\u00e4rnumaa m\u00fc\u00fcgiesindaja<\/li>\n                        <li>Telefon: +3725270596<\/li>                        <li><a href=\"mailto:toomas.narjussoo@liviko.ee\">toomas.narjussoo@liviko.ee<\/a><\/li>                                                                        <\/ul>\n                    <\/div>\n            <\/div>\n                    \n                \n\n            <div class=\"c-contactsList__item\">\n                    <div class=\"c-contactsList__item-imageContainer\">\n                                             \n                     <\/div>\n                    \n                    <div class=\"c-contactsList__item-details\">\n                        <h3 class=\"c-contactsList__item-title\">Jaanus Randlaine<\/h3>\n                        <ul class=\"c-contactsList__item-meta t-text\">\n                        <li>Ida-Virumaa m\u00fc\u00fcgiesindaja<\/li>\n                        <li>Telefon: +3725270526<\/li>                        <li><a href=\"mailto:jaanus.randlaine@liviko.ee\">jaanus.randlaine@liviko.ee<\/a><\/li>                                                                        <\/ul>\n                    <\/div>\n            <\/div>\n                    \n                \n\n            <div class=\"c-contactsList__item\">\n                    <div class=\"c-contactsList__item-imageContainer\">\n                                             \n                     <\/div>\n                    \n                    <div class=\"c-contactsList__item-details\">\n                        <h3 class=\"c-contactsList__item-title\">Toomas Hunt<\/h3>\n                        <ul class=\"c-contactsList__item-meta t-text\">\n                        <li>L\u00f5una-Eesti m\u00fc\u00fcgiesindaja<\/li>\n                        <li>Telefon: +3725110031<\/li>                        <li><a href=\"mailto:toomas.hunt@liviko.ee\">toomas.hunt@liviko.ee<\/a><\/li>                                                                        <\/ul>\n                    <\/div>\n            <\/div>\n                    \n                \n\n            <div class=\"c-contactsList__item\">\n                    <div class=\"c-contactsList__item-imageContainer\">\n                                             \n                     <\/div>\n                    \n                    <div class=\"c-contactsList__item-details\">\n                        <h3 class=\"c-contactsList__item-title\">Viljar Linnok<\/h3>\n                        <ul class=\"c-contactsList__item-meta t-text\">\n                        <li>L\u00f5una-Eesti m\u00fc\u00fcgiesindaja<\/li>\n                        <li>Telefon: +3725270609<\/li>                        <li><a href=\"mailto:viljar.linnok@liviko.ee\">viljar.linnok@liviko.ee<\/a><\/li>                                                                        <\/ul>\n                    <\/div>\n            <\/div>\n                    \n                \n\n            <div class=\"c-contactsList__item\">\n                    <div class=\"c-contactsList__item-imageContainer\">\n                                             \n                     <\/div>\n                    \n                    <div class=\"c-contactsList__item-details\">\n                        <h3 class=\"c-contactsList__item-title\">Allan Vipper<\/h3>\n                        <ul class=\"c-contactsList__item-meta t-text\">\n                        <li>Kesk-Eesti m\u00fc\u00fcgiesindaja<\/li>\n                        <li>Telefon: +3725167719<\/li>                        <li><a href=\"mailto:allan.vipper@liviko.ee\">allan.vipper@liviko.ee<\/a><\/li>                                                                        <\/ul>\n                    <\/div>\n            <\/div>\n                            <div class=\"c-contactsList__item c-contactsList__item--empty\"><\/div>\n        <div class=\"c-contactsList__item c-contactsList__item--empty\"><\/div>\n    <\/div>\n","protected":false},"excerpt":{"rendered":"","protected":false},"author":1,"featured_media":0,"parent":911,"menu_order":2,"comment_status":"closed","ping_status":"closed","template":"page-templates\/page-contact.php","meta":{"_acf_changed":false,"inline_featured_image":false,"_monsterinsights_skip_tracking":false,"_monsterinsights_sitenote_active":false,"_monsterinsights_sitenote_note":"","_monsterinsights_sitenote_category":0,"footnotes":""},"categories":[],"class_list":["post-955","page","type-page","status-publish","hentry"],"acf":[],"yoast_head":"<!-- This site is optimized with the Yoast SEO plugin v24.0 - https:\/\/yoast.com\/wordpress\/plugins\/seo\/ -->\n<title>Jaem\u00fc\u00fck - Liviko<\/title>\n<meta name=\"robots\" content=\"index, follow, max-snippet:-1, max-image-preview:large, max-video-preview:-1\" \/>\n<link rel=\"canonical\" href=\"https:\/\/liviko.eu\/et\/kontaktid\/estonia\/retail\/\" \/>\n<meta property=\"og:locale\" content=\"et_EE\" \/>\n<meta property=\"og:type\" content=\"article\" \/>\n<meta property=\"og:title\" content=\"Jaem\u00fc\u00fck - Liviko\" \/>\n<meta property=\"og:url\" content=\"https:\/\/liviko.eu\/et\/kontaktid\/estonia\/retail\/\" \/>\n<meta property=\"og:site_name\" content=\"Liviko\" \/>\n<meta property=\"article:publisher\" content=\"https:\/\/www.facebook.com\/LivikoDistillery\/\" \/>\n<meta property=\"article:modified_time\" content=\"2021-04-27T07:47:43+00:00\" \/>\n<meta name=\"twitter:card\" content=\"summary_large_image\" \/>\n<script type=\"application\/ld+json\" class=\"yoast-schema-graph\">{\"@context\":\"https:\/\/schema.org\",\"@graph\":[{\"@type\":\"WebPage\",\"@id\":\"https:\/\/liviko.eu\/et\/kontaktid\/estonia\/retail\/\",\"url\":\"https:\/\/liviko.eu\/et\/kontaktid\/estonia\/retail\/\",\"name\":\"Jaem\u00fc\u00fck - Liviko\",\"isPartOf\":{\"@id\":\"https:\/\/liviko.eu\/et\/#website\"},\"datePublished\":\"2020-07-10T08:04:47+00:00\",\"dateModified\":\"2021-04-27T07:47:43+00:00\",\"breadcrumb\":{\"@id\":\"https:\/\/liviko.eu\/et\/kontaktid\/estonia\/retail\/#breadcrumb\"},\"inLanguage\":\"et\",\"potentialAction\":[{\"@type\":\"ReadAction\",\"target\":[\"https:\/\/liviko.eu\/et\/kontaktid\/estonia\/retail\/\"]}]},{\"@type\":\"BreadcrumbList\",\"@id\":\"https:\/\/liviko.eu\/et\/kontaktid\/estonia\/retail\/#breadcrumb\",\"itemListElement\":[{\"@type\":\"ListItem\",\"position\":1,\"name\":\"Home\",\"item\":\"https:\/\/liviko.eu\/et\/\"},{\"@type\":\"ListItem\",\"position\":2,\"name\":\"Kontaktid\",\"item\":\"https:\/\/liviko.eu\/et\/kontaktid\/\"},{\"@type\":\"ListItem\",\"position\":3,\"name\":\"Eesti\",\"item\":\"https:\/\/liviko.eu\/et\/kontaktid\/estonia\/\"},{\"@type\":\"ListItem\",\"position\":4,\"name\":\"Jaem\u00fc\u00fck\"}]},{\"@type\":\"WebSite\",\"@id\":\"https:\/\/liviko.eu\/et\/#website\",\"url\":\"https:\/\/liviko.eu\/et\/\",\"name\":\"Liviko\",\"description\":\"anno 1898\",\"publisher\":{\"@id\":\"https:\/\/liviko.eu\/et\/#organization\"},\"potentialAction\":[{\"@type\":\"SearchAction\",\"target\":{\"@type\":\"EntryPoint\",\"urlTemplate\":\"https:\/\/liviko.eu\/et\/?s={search_term_string}\"},\"query-input\":{\"@type\":\"PropertyValueSpecification\",\"valueRequired\":true,\"valueName\":\"search_term_string\"}}],\"inLanguage\":\"et\"},{\"@type\":\"Organization\",\"@id\":\"https:\/\/liviko.eu\/et\/#organization\",\"name\":\"Liviko\",\"url\":\"https:\/\/liviko.eu\/et\/\",\"logo\":{\"@type\":\"ImageObject\",\"inLanguage\":\"et\",\"@id\":\"https:\/\/liviko.eu\/et\/#\/schema\/logo\/image\/\",\"url\":\"https:\/\/liviko.eu\/wp-content\/uploads\/2020\/10\/liviko_logo.png\",\"contentUrl\":\"https:\/\/liviko.eu\/wp-content\/uploads\/2020\/10\/liviko_logo.png\",\"width\":515,\"height\":181,\"caption\":\"Liviko\"},\"image\":{\"@id\":\"https:\/\/liviko.eu\/et\/#\/schema\/logo\/image\/\"},\"sameAs\":[\"https:\/\/www.facebook.com\/LivikoDistillery\/\",\"https:\/\/www.instagram.com\/livikodistillery\",\"https:\/\/www.linkedin.com\/company\/liviko\/\",\"https:\/\/www.youtube.com\/channel\/UCnoHr-PaNxBHJO8nMDLVGuA\"]}]}<\/script>\n<!-- \/ Yoast SEO plugin. -->","yoast_head_json":{"title":"Jaem\u00fc\u00fck - Liviko","robots":{"index":"index","follow":"follow","max-snippet":"max-snippet:-1","max-image-preview":"max-image-preview:large","max-video-preview":"max-video-preview:-1"},"canonical":"https:\/\/liviko.eu\/et\/kontaktid\/estonia\/retail\/","og_locale":"et_EE","og_type":"article","og_title":"Jaem\u00fc\u00fck - Liviko","og_url":"https:\/\/liviko.eu\/et\/kontaktid\/estonia\/retail\/","og_site_name":"Liviko","article_publisher":"https:\/\/www.facebook.com\/LivikoDistillery\/","article_modified_time":"2021-04-27T07:47:43+00:00","twitter_card":"summary_large_image","schema":{"@context":"https:\/\/schema.org","@graph":[{"@type":"WebPage","@id":"https:\/\/liviko.eu\/et\/kontaktid\/estonia\/retail\/","url":"https:\/\/liviko.eu\/et\/kontaktid\/estonia\/retail\/","name":"Jaem\u00fc\u00fck - Liviko","isPartOf":{"@id":"https:\/\/liviko.eu\/et\/#website"},"datePublished":"2020-07-10T08:04:47+00:00","dateModified":"2021-04-27T07:47:43+00:00","breadcrumb":{"@id":"https:\/\/liviko.eu\/et\/kontaktid\/estonia\/retail\/#breadcrumb"},"inLanguage":"et","potentialAction":[{"@type":"ReadAction","target":["https:\/\/liviko.eu\/et\/kontaktid\/estonia\/retail\/"]}]},{"@type":"BreadcrumbList","@id":"https:\/\/liviko.eu\/et\/kontaktid\/estonia\/retail\/#breadcrumb","itemListElement":[{"@type":"ListItem","position":1,"name":"Home","item":"https:\/\/liviko.eu\/et\/"},{"@type":"ListItem","position":2,"name":"Kontaktid","item":"https:\/\/liviko.eu\/et\/kontaktid\/"},{"@type":"ListItem","position":3,"name":"Eesti","item":"https:\/\/liviko.eu\/et\/kontaktid\/estonia\/"},{"@type":"ListItem","position":4,"name":"Jaem\u00fc\u00fck"}]},{"@type":"WebSite","@id":"https:\/\/liviko.eu\/et\/#website","url":"https:\/\/liviko.eu\/et\/","name":"Liviko","description":"anno 1898","publisher":{"@id":"https:\/\/liviko.eu\/et\/#organization"},"potentialAction":[{"@type":"SearchAction","target":{"@type":"EntryPoint","urlTemplate":"https:\/\/liviko.eu\/et\/?s={search_term_string}"},"query-input":{"@type":"PropertyValueSpecification","valueRequired":true,"valueName":"search_term_string"}}],"inLanguage":"et"},{"@type":"Organization","@id":"https:\/\/liviko.eu\/et\/#organization","name":"Liviko","url":"https:\/\/liviko.eu\/et\/","logo":{"@type":"ImageObject","inLanguage":"et","@id":"https:\/\/liviko.eu\/et\/#\/schema\/logo\/image\/","url":"https:\/\/liviko.eu\/wp-content\/uploads\/2020\/10\/liviko_logo.png","contentUrl":"https:\/\/liviko.eu\/wp-content\/uploads\/2020\/10\/liviko_logo.png","width":515,"height":181,"caption":"Liviko"},"image":{"@id":"https:\/\/liviko.eu\/et\/#\/schema\/logo\/image\/"},"sameAs":["https:\/\/www.facebook.com\/LivikoDistillery\/","https:\/\/www.instagram.com\/livikodistillery","https:\/\/www.linkedin.com\/company\/liviko\/","https:\/\/www.youtube.com\/channel\/UCnoHr-PaNxBHJO8nMDLVGuA"]}]}},"_links":{"self":[{"href":"https:\/\/liviko.eu\/et\/wp-json\/wp\/v2\/pages\/955","targetHints":{"allow":["GET"]}}],"collection":[{"href":"https:\/\/liviko.eu\/et\/wp-json\/wp\/v2\/pages"}],"about":[{"href":"https:\/\/liviko.eu\/et\/wp-json\/wp\/v2\/types\/page"}],"author":[{"embeddable":true,"href":"https:\/\/liviko.eu\/et\/wp-json\/wp\/v2\/users\/1"}],"replies":[{"embeddable":true,"href":"https:\/\/liviko.eu\/et\/wp-json\/wp\/v2\/comments?post=955"}],"version-history":[{"count":6,"href":"https:\/\/liviko.eu\/et\/wp-json\/wp\/v2\/pages\/955\/revisions"}],"predecessor-version":[{"id":26180,"href":"https:\/\/liviko.eu\/et\/wp-json\/wp\/v2\/pages\/955\/revisions\/26180"}],"up":[{"embeddable":true,"href":"https:\/\/liviko.eu\/et\/wp-json\/wp\/v2\/pages\/911"}],"wp:attachment":[{"href":"https:\/\/liviko.eu\/et\/wp-json\/wp\/v2\/media?parent=955"}],"wp:term":[{"taxonomy":"category","embeddable":true,"href":"https:\/\/liviko.eu\/et\/wp-json\/wp\/v2\/categories?post=955"}],"curies":[{"name":"wp","href":"https:\/\/api.w.org\/{rel}","templated":true}]}}