{"id":967,"date":"2020-07-10T08:04:05","date_gmt":"2020-07-10T08:04:05","guid":{"rendered":"http:\/\/liviko.eu\/kontaktid\/estonia\/stores\/"},"modified":"2023-09-07T09:20:15","modified_gmt":"2023-09-07T09:20:15","slug":"stores","status":"publish","type":"page","link":"https:\/\/liviko.eu\/et\/kontaktid\/estonia\/stores\/","title":{"rendered":"Kauplused"},"content":{"rendered":"\n<p class=\"has-text-align-center\">K\u00f5ige laiema valiku alkohoolseid jooke leiab Liviko poest ja Alcostore kauplustest. K\u00f5ik kauplused asuvad Tallinna kesklinnas. Telli kaupa mugavalt ka Liviko <a href=\"http:\/\/pood.liviko.ee\"> e-poest.<\/a><\/p>\n\n\n\n<p class=\"has-text-align-center\">Liviko poodi tulevad esimesena m\u00fc\u00fcki nii meie kui ka importportfelli uudistooted. Liviko poest leiab laia sortimendi omatoodangut ja maaletoodavaid veine ning kanget alkoholi. Poes saab k\u00fcsida sommeljeelt n\u00f5uandeid jookide ja men\u00fc\u00fc sobitamiseks. Eelneval kokkuleppel on v\u00f5imalus koosviibimisest \u00fcle j\u00e4\u00e4nud ja avamata joogid kauplusele tagastada. Konsultatsioonid ja tellimine <a href=\"mailto:cash.carry@liviko.ee\">pood@liviko.ee <\/a>v\u00f5i telefonil 667 8141. Mugav parkimine otse ukse ees. <\/p>\n\n\n\n<p class=\"has-text-align-center\">Lisaks esinduslikule joogivalikule keskendub iga Alcostore kauplus \u00fchele v\u00e4lja valitud joogikategooriale, mille valik kaupluses on eriti lai. Meie vanimasse Alcostore kauplusesse aadressil Mere puiestee 6 oleme koondanud suurep\u00e4rase viskivaliku ja Lootsi tn 8 asuvas poes on t\u00e4helepanu keskpunktis veinid.<\/p>\n\n\n\n<p class=\"has-text-align-center\"><\/p>\n\n\n\n<div id=\"spacer-block_8d1ad5e0db530594ef587abf02678584\" class=\"c-contentBlock c-spacerContainer\"  data-block-type=\"Spacer\">\n   <hr class=\"  c-spacer c-spacer--size-1\" >\n<\/div>\n\n\n\n<div id=\"contactsList-block_412366d31a29ce167ab06e722dc2095d\" class=\" c-contentBlock c-contactsList\" data-block-type=\"Contacts list\" >\n   \n    \n\n\n              \n                \n\n            <div class=\"c-contactsList__item\">\n                    <div class=\"c-contactsList__item-imageContainer\">\n                    <img decoding=\"async\" src=\"https:\/\/liviko.eu\/wp-content\/uploads\/2022\/09\/860x366px.jpg\" class=\"c-contactsList__item-image wp-post-image\" alt=\"\" srcset=\"https:\/\/liviko.eu\/wp-content\/uploads\/2022\/09\/860x366px.jpg 860w, https:\/\/liviko.eu\/wp-content\/uploads\/2022\/09\/860x366px-768x327.jpg 768w, https:\/\/liviko.eu\/wp-content\/uploads\/2022\/09\/860x366px-752x320.jpg 752w\" sizes=\"(max-width: 860px) 100vw, 860px\" \/>                         \n                     <\/div>\n                    \n                    <div class=\"c-contactsList__item-details\">\n                        <h3 class=\"c-contactsList__item-title\">Liviko pood<\/h3>\n                        <ul class=\"c-contactsList__item-meta t-text\">\n                        <li>Lastekodu 45, Tallinn 10113, Eesti <\/li>\n                        <li>Telefon: +3726678141<\/li>                        <li><a href=\"mailto:pood@liviko.ee\">pood@liviko.ee<\/a><\/li>                        <li><a href=\"https:\/\/pood.liviko.ee\/\" target=\"_blank\">Koduleht<\/a><\/li>                                                <\/ul>\n                    <\/div>\n            <\/div>\n                    \n                \n\n            <div class=\"c-contactsList__item\">\n                    <div class=\"c-contactsList__item-imageContainer\">\n                    <img decoding=\"async\" src=\"https:\/\/liviko.eu\/wp-content\/uploads\/2022\/09\/860x366px.jpg\" class=\"c-contactsList__item-image wp-post-image\" alt=\"\" srcset=\"https:\/\/liviko.eu\/wp-content\/uploads\/2022\/09\/860x366px.jpg 860w, https:\/\/liviko.eu\/wp-content\/uploads\/2022\/09\/860x366px-768x327.jpg 768w, https:\/\/liviko.eu\/wp-content\/uploads\/2022\/09\/860x366px-752x320.jpg 752w\" sizes=\"(max-width: 860px) 100vw, 860px\" \/>                         \n                     <\/div>\n                    \n                    <div class=\"c-contactsList__item-details\">\n                        <h3 class=\"c-contactsList__item-title\">Liviko e-pood<\/h3>\n                        <ul class=\"c-contactsList__item-meta t-text\">\n                        <li><\/li>\n                        <li>Telefon: +3726678141<\/li>                        <li><a href=\"mailto:pood@liviko.ee\">pood@liviko.ee<\/a><\/li>                        <li><a href=\"https:\/\/pood.liviko.ee\/\" target=\"_blank\">Koduleht<\/a><\/li>                                                <\/ul>\n                    <\/div>\n            <\/div>\n                    \n                \n\n            <div class=\"c-contactsList__item\">\n                    <div class=\"c-contactsList__item-imageContainer\">\n                    <img decoding=\"async\" src=\"https:\/\/liviko.eu\/wp-content\/uploads\/2020\/10\/alcostore_logo.jpg\" class=\"c-contactsList__item-image wp-post-image\" alt=\"\" srcset=\"https:\/\/liviko.eu\/wp-content\/uploads\/2020\/10\/alcostore_logo.jpg 860w, https:\/\/liviko.eu\/wp-content\/uploads\/2020\/10\/alcostore_logo-768x327.jpg 768w, https:\/\/liviko.eu\/wp-content\/uploads\/2020\/10\/alcostore_logo-752x320.jpg 752w\" sizes=\"(max-width: 860px) 100vw, 860px\" \/>                         \n                     <\/div>\n                    \n                    <div class=\"c-contactsList__item-details\">\n                        <h3 class=\"c-contactsList__item-title\">Alcostore<\/h3>\n                        <ul class=\"c-contactsList__item-meta t-text\">\n                        <li>Mere pst 6, Tallinn 10111, Eesti<\/li>\n                        <li>Telefon: +3726837745<\/li>                        <li><a href=\"mailto:kplmere@liviko.ee\">kplmere@liviko.ee<\/a><\/li>                        <li><a href=\"https:\/\/alkostore.ee\/\" target=\"_blank\">Koduleht<\/a><\/li>                                                <\/ul>\n                    <\/div>\n            <\/div>\n                    \n                \n\n            <div class=\"c-contactsList__item\">\n                    <div class=\"c-contactsList__item-imageContainer\">\n                    <img decoding=\"async\" src=\"https:\/\/liviko.eu\/wp-content\/uploads\/2020\/10\/alcostore_logo.jpg\" class=\"c-contactsList__item-image wp-post-image\" alt=\"\" srcset=\"https:\/\/liviko.eu\/wp-content\/uploads\/2020\/10\/alcostore_logo.jpg 860w, https:\/\/liviko.eu\/wp-content\/uploads\/2020\/10\/alcostore_logo-768x327.jpg 768w, https:\/\/liviko.eu\/wp-content\/uploads\/2020\/10\/alcostore_logo-752x320.jpg 752w\" sizes=\"(max-width: 860px) 100vw, 860px\" \/>                         \n                     <\/div>\n                    \n                    <div class=\"c-contactsList__item-details\">\n                        <h3 class=\"c-contactsList__item-title\">Alcostore<\/h3>\n                        <ul class=\"c-contactsList__item-meta t-text\">\n                        <li>Lootsi 8, Tallinn 10151, Eesti <\/li>\n                        <li>Telefon: +3726605986<\/li>                        <li><a href=\"mailto:kplsadam@liviko.ee\">kplsadam@liviko.ee<\/a><\/li>                        <li><a href=\"https:\/\/alkostore.ee\/\" target=\"_blank\">Koduleht<\/a><\/li>                                                <\/ul>\n                    <\/div>\n            <\/div>\n                            <div class=\"c-contactsList__item c-contactsList__item--empty\"><\/div>\n        <div class=\"c-contactsList__item c-contactsList__item--empty\"><\/div>\n    <\/div>\n","protected":false},"excerpt":{"rendered":"<p>K\u00f5ige laiema valiku alkohoolseid jooke leiab Liviko poest ja Alcostore kauplustest. K\u00f5ik kauplused asuvad Tallinna kesklinnas. Telli kaupa mugavalt ka Liviko e-poest. Liviko poodi tulevad esimesena m\u00fc\u00fcki nii meie kui ka importportfelli uudistooted. Liviko poest leiab laia sortimendi omatoodangut ja&#8230;<\/p>\n","protected":false},"author":1,"featured_media":0,"parent":911,"menu_order":5,"comment_status":"closed","ping_status":"closed","template":"page-templates\/page-contact.php","meta":{"_acf_changed":false,"inline_featured_image":false,"_monsterinsights_skip_tracking":false,"_monsterinsights_sitenote_active":false,"_monsterinsights_sitenote_note":"","_monsterinsights_sitenote_category":0,"footnotes":""},"categories":[],"class_list":["post-967","page","type-page","status-publish","hentry"],"acf":[],"yoast_head":"<!-- This site is optimized with the Yoast SEO plugin v24.0 - https:\/\/yoast.com\/wordpress\/plugins\/seo\/ -->\n<title>Kauplused - Liviko<\/title>\n<meta name=\"robots\" content=\"index, follow, max-snippet:-1, max-image-preview:large, max-video-preview:-1\" \/>\n<link rel=\"canonical\" href=\"https:\/\/liviko.eu\/et\/kontaktid\/estonia\/stores\/\" \/>\n<meta property=\"og:locale\" content=\"et_EE\" \/>\n<meta property=\"og:type\" content=\"article\" \/>\n<meta property=\"og:title\" content=\"Kauplused - Liviko\" \/>\n<meta property=\"og:description\" content=\"K\u00f5ige laiema valiku alkohoolseid jooke leiab Liviko poest ja Alcostore kauplustest. K\u00f5ik kauplused asuvad Tallinna kesklinnas. Telli kaupa mugavalt ka Liviko e-poest. Liviko poodi tulevad esimesena m\u00fc\u00fcki nii meie kui ka importportfelli uudistooted. Liviko poest leiab laia sortimendi omatoodangut ja...\" \/>\n<meta property=\"og:url\" content=\"https:\/\/liviko.eu\/et\/kontaktid\/estonia\/stores\/\" \/>\n<meta property=\"og:site_name\" content=\"Liviko\" \/>\n<meta property=\"article:publisher\" content=\"https:\/\/www.facebook.com\/LivikoDistillery\/\" \/>\n<meta property=\"article:modified_time\" content=\"2023-09-07T09:20:15+00:00\" \/>\n<meta name=\"twitter:card\" content=\"summary_large_image\" \/>\n<meta name=\"twitter:label1\" content=\"Est. reading time\" \/>\n\t<meta name=\"twitter:data1\" content=\"1 minut\" \/>\n<script type=\"application\/ld+json\" class=\"yoast-schema-graph\">{\"@context\":\"https:\/\/schema.org\",\"@graph\":[{\"@type\":\"WebPage\",\"@id\":\"https:\/\/liviko.eu\/et\/kontaktid\/estonia\/stores\/\",\"url\":\"https:\/\/liviko.eu\/et\/kontaktid\/estonia\/stores\/\",\"name\":\"Kauplused - Liviko\",\"isPartOf\":{\"@id\":\"https:\/\/liviko.eu\/et\/#website\"},\"datePublished\":\"2020-07-10T08:04:05+00:00\",\"dateModified\":\"2023-09-07T09:20:15+00:00\",\"breadcrumb\":{\"@id\":\"https:\/\/liviko.eu\/et\/kontaktid\/estonia\/stores\/#breadcrumb\"},\"inLanguage\":\"et\",\"potentialAction\":[{\"@type\":\"ReadAction\",\"target\":[\"https:\/\/liviko.eu\/et\/kontaktid\/estonia\/stores\/\"]}]},{\"@type\":\"BreadcrumbList\",\"@id\":\"https:\/\/liviko.eu\/et\/kontaktid\/estonia\/stores\/#breadcrumb\",\"itemListElement\":[{\"@type\":\"ListItem\",\"position\":1,\"name\":\"Home\",\"item\":\"https:\/\/liviko.eu\/et\/\"},{\"@type\":\"ListItem\",\"position\":2,\"name\":\"Kontaktid\",\"item\":\"https:\/\/liviko.eu\/et\/kontaktid\/\"},{\"@type\":\"ListItem\",\"position\":3,\"name\":\"Eesti\",\"item\":\"https:\/\/liviko.eu\/et\/kontaktid\/estonia\/\"},{\"@type\":\"ListItem\",\"position\":4,\"name\":\"Kauplused\"}]},{\"@type\":\"WebSite\",\"@id\":\"https:\/\/liviko.eu\/et\/#website\",\"url\":\"https:\/\/liviko.eu\/et\/\",\"name\":\"Liviko\",\"description\":\"anno 1898\",\"publisher\":{\"@id\":\"https:\/\/liviko.eu\/et\/#organization\"},\"potentialAction\":[{\"@type\":\"SearchAction\",\"target\":{\"@type\":\"EntryPoint\",\"urlTemplate\":\"https:\/\/liviko.eu\/et\/?s={search_term_string}\"},\"query-input\":{\"@type\":\"PropertyValueSpecification\",\"valueRequired\":true,\"valueName\":\"search_term_string\"}}],\"inLanguage\":\"et\"},{\"@type\":\"Organization\",\"@id\":\"https:\/\/liviko.eu\/et\/#organization\",\"name\":\"Liviko\",\"url\":\"https:\/\/liviko.eu\/et\/\",\"logo\":{\"@type\":\"ImageObject\",\"inLanguage\":\"et\",\"@id\":\"https:\/\/liviko.eu\/et\/#\/schema\/logo\/image\/\",\"url\":\"https:\/\/liviko.eu\/wp-content\/uploads\/2020\/10\/liviko_logo.png\",\"contentUrl\":\"https:\/\/liviko.eu\/wp-content\/uploads\/2020\/10\/liviko_logo.png\",\"width\":515,\"height\":181,\"caption\":\"Liviko\"},\"image\":{\"@id\":\"https:\/\/liviko.eu\/et\/#\/schema\/logo\/image\/\"},\"sameAs\":[\"https:\/\/www.facebook.com\/LivikoDistillery\/\",\"https:\/\/www.instagram.com\/livikodistillery\",\"https:\/\/www.linkedin.com\/company\/liviko\/\",\"https:\/\/www.youtube.com\/channel\/UCnoHr-PaNxBHJO8nMDLVGuA\"]}]}<\/script>\n<!-- \/ Yoast SEO plugin. -->","yoast_head_json":{"title":"Kauplused - Liviko","robots":{"index":"index","follow":"follow","max-snippet":"max-snippet:-1","max-image-preview":"max-image-preview:large","max-video-preview":"max-video-preview:-1"},"canonical":"https:\/\/liviko.eu\/et\/kontaktid\/estonia\/stores\/","og_locale":"et_EE","og_type":"article","og_title":"Kauplused - Liviko","og_description":"K\u00f5ige laiema valiku alkohoolseid jooke leiab Liviko poest ja Alcostore kauplustest. K\u00f5ik kauplused asuvad Tallinna kesklinnas. Telli kaupa mugavalt ka Liviko e-poest. Liviko poodi tulevad esimesena m\u00fc\u00fcki nii meie kui ka importportfelli uudistooted. Liviko poest leiab laia sortimendi omatoodangut ja...","og_url":"https:\/\/liviko.eu\/et\/kontaktid\/estonia\/stores\/","og_site_name":"Liviko","article_publisher":"https:\/\/www.facebook.com\/LivikoDistillery\/","article_modified_time":"2023-09-07T09:20:15+00:00","twitter_card":"summary_large_image","twitter_misc":{"Est. reading time":"1 minut"},"schema":{"@context":"https:\/\/schema.org","@graph":[{"@type":"WebPage","@id":"https:\/\/liviko.eu\/et\/kontaktid\/estonia\/stores\/","url":"https:\/\/liviko.eu\/et\/kontaktid\/estonia\/stores\/","name":"Kauplused - Liviko","isPartOf":{"@id":"https:\/\/liviko.eu\/et\/#website"},"datePublished":"2020-07-10T08:04:05+00:00","dateModified":"2023-09-07T09:20:15+00:00","breadcrumb":{"@id":"https:\/\/liviko.eu\/et\/kontaktid\/estonia\/stores\/#breadcrumb"},"inLanguage":"et","potentialAction":[{"@type":"ReadAction","target":["https:\/\/liviko.eu\/et\/kontaktid\/estonia\/stores\/"]}]},{"@type":"BreadcrumbList","@id":"https:\/\/liviko.eu\/et\/kontaktid\/estonia\/stores\/#breadcrumb","itemListElement":[{"@type":"ListItem","position":1,"name":"Home","item":"https:\/\/liviko.eu\/et\/"},{"@type":"ListItem","position":2,"name":"Kontaktid","item":"https:\/\/liviko.eu\/et\/kontaktid\/"},{"@type":"ListItem","position":3,"name":"Eesti","item":"https:\/\/liviko.eu\/et\/kontaktid\/estonia\/"},{"@type":"ListItem","position":4,"name":"Kauplused"}]},{"@type":"WebSite","@id":"https:\/\/liviko.eu\/et\/#website","url":"https:\/\/liviko.eu\/et\/","name":"Liviko","description":"anno 1898","publisher":{"@id":"https:\/\/liviko.eu\/et\/#organization"},"potentialAction":[{"@type":"SearchAction","target":{"@type":"EntryPoint","urlTemplate":"https:\/\/liviko.eu\/et\/?s={search_term_string}"},"query-input":{"@type":"PropertyValueSpecification","valueRequired":true,"valueName":"search_term_string"}}],"inLanguage":"et"},{"@type":"Organization","@id":"https:\/\/liviko.eu\/et\/#organization","name":"Liviko","url":"https:\/\/liviko.eu\/et\/","logo":{"@type":"ImageObject","inLanguage":"et","@id":"https:\/\/liviko.eu\/et\/#\/schema\/logo\/image\/","url":"https:\/\/liviko.eu\/wp-content\/uploads\/2020\/10\/liviko_logo.png","contentUrl":"https:\/\/liviko.eu\/wp-content\/uploads\/2020\/10\/liviko_logo.png","width":515,"height":181,"caption":"Liviko"},"image":{"@id":"https:\/\/liviko.eu\/et\/#\/schema\/logo\/image\/"},"sameAs":["https:\/\/www.facebook.com\/LivikoDistillery\/","https:\/\/www.instagram.com\/livikodistillery","https:\/\/www.linkedin.com\/company\/liviko\/","https:\/\/www.youtube.com\/channel\/UCnoHr-PaNxBHJO8nMDLVGuA"]}]}},"_links":{"self":[{"href":"https:\/\/liviko.eu\/et\/wp-json\/wp\/v2\/pages\/967","targetHints":{"allow":["GET"]}}],"collection":[{"href":"https:\/\/liviko.eu\/et\/wp-json\/wp\/v2\/pages"}],"about":[{"href":"https:\/\/liviko.eu\/et\/wp-json\/wp\/v2\/types\/page"}],"author":[{"embeddable":true,"href":"https:\/\/liviko.eu\/et\/wp-json\/wp\/v2\/users\/1"}],"replies":[{"embeddable":true,"href":"https:\/\/liviko.eu\/et\/wp-json\/wp\/v2\/comments?post=967"}],"version-history":[{"count":33,"href":"https:\/\/liviko.eu\/et\/wp-json\/wp\/v2\/pages\/967\/revisions"}],"predecessor-version":[{"id":49862,"href":"https:\/\/liviko.eu\/et\/wp-json\/wp\/v2\/pages\/967\/revisions\/49862"}],"up":[{"embeddable":true,"href":"https:\/\/liviko.eu\/et\/wp-json\/wp\/v2\/pages\/911"}],"wp:attachment":[{"href":"https:\/\/liviko.eu\/et\/wp-json\/wp\/v2\/media?parent=967"}],"wp:term":[{"taxonomy":"category","embeddable":true,"href":"https:\/\/liviko.eu\/et\/wp-json\/wp\/v2\/categories?post=967"}],"curies":[{"name":"wp","href":"https:\/\/api.w.org\/{rel}","templated":true}]}}