{"id":25272,"date":"2020-09-24T06:46:03","date_gmt":"2020-09-24T06:46:03","guid":{"rendered":"http:\/\/liviko.eu\/company-culture\/values-test\/"},"modified":"2025-02-03T07:18:33","modified_gmt":"2025-02-03T07:18:33","slug":"values-test","status":"publish","type":"page","link":"https:\/\/liviko.eu\/lt\/company-culture\/values-test\/","title":{"rendered":"VERTYB\u0116S"},"content":{"rendered":"<div id=\"pageHeader-block_e2531549e12b960391c9a734d4594a57\" class=\" c-contentBlock c-pageHeader\" data-block-type=\"Page header\">\n                    <h1 class=\"c-pageHeader__title\">VERTYB\u0116S<\/h1>\n                            <div class=\"c-pageHeader__text t-text\"><p>\u201eLiviko\u201c \u2013 tai auk\u0161tos bendravimo ir darbo kult\u016bros \u012fmon\u0117, kurioje vertinamas s\u0105\u017einingumas bei atvirumas ir tarp bendradarbiavimo partneri\u0173, ir tarp koleg\u0173. Esame pagarb\u016bs ir atid\u016bs tiek sau, tiek kitiems. Mumis galima pasikliauti\u2013 visuomet laikom\u0117s savo pa\u017ead\u0173 ir nustatyt\u0173 taisykli\u0173. Vertiname tradicijas, ta\u010diau esame atviri \u0161iuolaikiniams sprendimams, k\u016brybingi ir link\u0119 atsinaujinti. Profesionalumas ir reiklumas sau lemia m\u016bs\u0173 tolesn\u0119 s\u0117km\u0119.<\/p>\n<p>Mums r\u016bpi \u017emon\u0117s ir supanti mus aplinka, tad mums patik\u0117tus \u0161io pasaulio i\u0161teklius naudojame kuo taupiau. Pagrindiniai m\u016bs\u0173 principai atsispindi dokumente \u201eAB \u201eLiviko\u201c atsakinga verslo tradicija\u201c.<\/p>\n<\/div>\n                \n<\/div>\n<a id=\"page-25272-body\"><\/a>\n\n\n<div id=\"featureBlocks-block_9f53b4a20e386d0ca596d908114c7684\" class=\" c-contentBlock c-featureBlocks c-featureBlocks--type-expanded c-featureBlocks--grid-columns\" data-block-type=\"Feature blocks: expanded\">\n   <div class=\"c-featureBlocksGroup\">\n\n\n                          <div class=\"c-featureBlocks__item\">\n                \n                \n                    <div class=\"c-featureBlocks__item-block\"    >\n\n                                                                                            <div class=\"c-featureBlock__imageContainer\">\n                                <img fetchpriority=\"high\" decoding=\"async\" width=\"800\" height=\"800\" src=\"https:\/\/liviko.eu\/wp-content\/uploads\/2020\/09\/Urvo_toota-meiega-1.jpg\" class=\"c-featureBlock__image\" alt=\"Dirbkite su mumis\" srcset=\"https:\/\/liviko.eu\/wp-content\/uploads\/2020\/09\/Urvo_toota-meiega-1.jpg 800w, https:\/\/liviko.eu\/wp-content\/uploads\/2020\/09\/Urvo_toota-meiega-1-480x480.jpg 480w, https:\/\/liviko.eu\/wp-content\/uploads\/2020\/09\/Urvo_toota-meiega-1-768x768.jpg 768w\" sizes=\"(max-width: 800px) 100vw, 800px\" \/>                                <\/div>\n                               \n\n                            <div class=\"c-featureBlocks__item-body\">\n                                    <h3 class=\"c-featureBlocks__item-title\">Dirbkite su mumis<\/h3>\n                                    <div class=\"t-text\">\n                                        <p>Draugi\u0161kumas, atvirumas priimant sprendimus ir pagarb\u016bs tarpusavio santykiai tiek su kolegomis, tiek su partneriais \u2013 tai \u201eLiviko\u201c auk\u0161to patikimumo kertinis akmuo. Esame atviri naujov\u0117ms ir vertiname tradicijas.<\/p>\n<ul>\n<li><a href=\"https:\/\/liviko.eu\/lt\/company-culture\/working-in-liviko-career\/\">I\u0160SAMIAU<\/a><\/li>\n<\/ul>\n                                    <\/div>\n                            <\/div>\n\n                    <\/div>    \n                        \n\n\n                            \n            <\/div>\n            \n                    <div class=\"c-featureBlocks__item\">\n                \n                \n                    <div class=\"c-featureBlocks__item-block\"    >\n\n                                                                                            <div class=\"c-featureBlock__imageContainer\">\n                                <img decoding=\"async\" width=\"800\" height=\"800\" src=\"https:\/\/liviko.eu\/wp-content\/uploads\/2020\/10\/ATML_800x800.png\" class=\"c-featureBlock__image\" alt=\"Socialin\u0117 atsakomyb\u0117\" srcset=\"https:\/\/liviko.eu\/wp-content\/uploads\/2020\/10\/ATML_800x800.png 800w, https:\/\/liviko.eu\/wp-content\/uploads\/2020\/10\/ATML_800x800-480x480.png 480w, https:\/\/liviko.eu\/wp-content\/uploads\/2020\/10\/ATML_800x800-768x768.png 768w\" sizes=\"(max-width: 800px) 100vw, 800px\" \/>                                <\/div>\n                               \n\n                            <div class=\"c-featureBlocks__item-body\">\n                                    <h3 class=\"c-featureBlocks__item-title\">Socialin\u0117 atsakomyb\u0117<\/h3>\n                                    <div class=\"t-text\">\n                                        <p>Pl\u0117todama atsakingo alkoholio naudojimo kult\u016br\u0105, \u201eLiviko\u201c jau seniai yra did\u017eioji somelj\u0117 ir barmen\u0173 asociacij\u0173 r\u0117m\u0117ja Estijoje, Latvijoje ir Lietuvoje. Jau\u010diam\u0117s atsakingi u\u017e g\u0117rimo kult\u016bros sklaid\u0105 Baltijos \u0161alyse. Pageidaujame, kad stiklas vandens su alkoholiniu g\u0117rimu sudaryt\u0173 g\u0117rimo kult\u016bros dal\u012f.<\/p>\n<ul>\n<li><a href=\"https:\/\/liviko.eu\/lt\/company-culture\/social-responsibility\/\">I\u0160SAMIAU<\/a><\/li>\n<\/ul>\n                                    <\/div>\n                            <\/div>\n\n                    <\/div>    \n                        \n\n\n                            \n            <\/div>\n            \n                    <div class=\"c-featureBlocks__item\">\n                \n                \n                    <div class=\"c-featureBlocks__item-block\"    >\n\n                                                                                            <div class=\"c-featureBlock__imageContainer\">\n                                <img decoding=\"async\" width=\"800\" height=\"800\" src=\"https:\/\/liviko.eu\/wp-content\/uploads\/2020\/08\/ERSO_ruut.jpg\" class=\"c-featureBlock__image\" alt=\"Bendradarbiavimas\" srcset=\"https:\/\/liviko.eu\/wp-content\/uploads\/2020\/08\/ERSO_ruut.jpg 800w, https:\/\/liviko.eu\/wp-content\/uploads\/2020\/08\/ERSO_ruut-480x480.jpg 480w, https:\/\/liviko.eu\/wp-content\/uploads\/2020\/08\/ERSO_ruut-768x768.jpg 768w\" sizes=\"(max-width: 800px) 100vw, 800px\" \/>                                <\/div>\n                               \n\n                            <div class=\"c-featureBlocks__item-body\">\n                                    <h3 class=\"c-featureBlocks__item-title\">Bendradarbiavimas<\/h3>\n                                    <div class=\"t-text\">\n                                        <p>I\u0161aug\u0119 \u012f tarptautin\u0119 grup\u0119, mes itin vertiname savo gimtin\u0119 Estij\u0105, kurioje yra m\u016bs\u0173 126 met\u0173 gamykla. B\u016bdami vietos gamintojai, mes nukreip\u0117me savo r\u0117mim\u0105 sritims, kuri\u0173 kult\u016brin\u0119 reik\u0161m\u0119 manome esant svarbi\u0105 Estijai tiek vidaus rinkoje, tiek visame pasaulyje.<\/p>\n<ul>\n<li><a href=\"https:\/\/liviko.eu\/lt\/company-culture\/cooperation\/\">I\u0160SAMIAU<\/a><\/li>\n<\/ul>\n                                    <\/div>\n                            <\/div>\n\n                    <\/div>    \n                        \n\n\n                            \n            <\/div>\n            \n                <div class=\"c-featureBlocks__item c-featureBlocks__item--empty\"><\/div>\n    <div class=\"c-featureBlocks__item c-featureBlocks__item--empty\"><\/div>\n    <\/div>\n<\/div>\n","protected":false},"excerpt":{"rendered":"","protected":false},"author":7,"featured_media":0,"parent":805,"menu_order":3,"comment_status":"closed","ping_status":"closed","template":"","meta":{"_acf_changed":false,"inline_featured_image":false,"_monsterinsights_skip_tracking":false,"_monsterinsights_sitenote_active":false,"_monsterinsights_sitenote_note":"","_monsterinsights_sitenote_category":0,"footnotes":""},"categories":[],"class_list":["post-25272","page","type-page","status-publish","hentry"],"acf":[],"yoast_head":"<!-- This site is optimized with the Yoast SEO plugin v24.0 - https:\/\/yoast.com\/wordpress\/plugins\/seo\/ -->\n<title>VERTYB\u0116S - Liviko<\/title>\n<meta name=\"robots\" content=\"index, follow, max-snippet:-1, max-image-preview:large, max-video-preview:-1\" \/>\n<link rel=\"canonical\" href=\"https:\/\/liviko.eu\/lt\/company-culture\/values-test\/\" \/>\n<meta property=\"og:locale\" content=\"lt_LT\" \/>\n<meta property=\"og:type\" content=\"article\" \/>\n<meta property=\"og:title\" content=\"VERTYB\u0116S - Liviko\" \/>\n<meta property=\"og:url\" content=\"https:\/\/liviko.eu\/lt\/company-culture\/values-test\/\" \/>\n<meta property=\"og:site_name\" content=\"Liviko\" \/>\n<meta property=\"article:publisher\" content=\"https:\/\/www.facebook.com\/LivikoDistillery\/\" \/>\n<meta property=\"article:modified_time\" content=\"2025-02-03T07:18:33+00:00\" \/>\n<meta name=\"twitter:card\" content=\"summary_large_image\" \/>\n<script type=\"application\/ld+json\" class=\"yoast-schema-graph\">{\"@context\":\"https:\/\/schema.org\",\"@graph\":[{\"@type\":\"WebPage\",\"@id\":\"https:\/\/liviko.eu\/lt\/company-culture\/values-test\/\",\"url\":\"https:\/\/liviko.eu\/lt\/company-culture\/values-test\/\",\"name\":\"VERTYB\u0116S - Liviko\",\"isPartOf\":{\"@id\":\"https:\/\/liviko.eu\/lt\/#website\"},\"datePublished\":\"2020-09-24T06:46:03+00:00\",\"dateModified\":\"2025-02-03T07:18:33+00:00\",\"breadcrumb\":{\"@id\":\"https:\/\/liviko.eu\/lt\/company-culture\/values-test\/#breadcrumb\"},\"inLanguage\":\"lt-LT\",\"potentialAction\":[{\"@type\":\"ReadAction\",\"target\":[\"https:\/\/liviko.eu\/lt\/company-culture\/values-test\/\"]}]},{\"@type\":\"BreadcrumbList\",\"@id\":\"https:\/\/liviko.eu\/lt\/company-culture\/values-test\/#breadcrumb\",\"itemListElement\":[{\"@type\":\"ListItem\",\"position\":1,\"name\":\"Home\",\"item\":\"https:\/\/liviko.eu\/lt\/\"},{\"@type\":\"ListItem\",\"position\":2,\"name\":\"APIE \u012eMON\u0118\",\"item\":\"https:\/\/liviko.eu\/lt\/company-culture\/\"},{\"@type\":\"ListItem\",\"position\":3,\"name\":\"VERTYB\u0116S\"}]},{\"@type\":\"WebSite\",\"@id\":\"https:\/\/liviko.eu\/lt\/#website\",\"url\":\"https:\/\/liviko.eu\/lt\/\",\"name\":\"Liviko\",\"description\":\"anno 1898\",\"publisher\":{\"@id\":\"https:\/\/liviko.eu\/lt\/#organization\"},\"potentialAction\":[{\"@type\":\"SearchAction\",\"target\":{\"@type\":\"EntryPoint\",\"urlTemplate\":\"https:\/\/liviko.eu\/lt\/?s={search_term_string}\"},\"query-input\":{\"@type\":\"PropertyValueSpecification\",\"valueRequired\":true,\"valueName\":\"search_term_string\"}}],\"inLanguage\":\"lt-LT\"},{\"@type\":\"Organization\",\"@id\":\"https:\/\/liviko.eu\/lt\/#organization\",\"name\":\"Liviko\",\"url\":\"https:\/\/liviko.eu\/lt\/\",\"logo\":{\"@type\":\"ImageObject\",\"inLanguage\":\"lt-LT\",\"@id\":\"https:\/\/liviko.eu\/lt\/#\/schema\/logo\/image\/\",\"url\":\"https:\/\/liviko.eu\/wp-content\/uploads\/2020\/10\/liviko_logo.png\",\"contentUrl\":\"https:\/\/liviko.eu\/wp-content\/uploads\/2020\/10\/liviko_logo.png\",\"width\":515,\"height\":181,\"caption\":\"Liviko\"},\"image\":{\"@id\":\"https:\/\/liviko.eu\/lt\/#\/schema\/logo\/image\/\"},\"sameAs\":[\"https:\/\/www.facebook.com\/LivikoDistillery\/\",\"https:\/\/www.instagram.com\/livikodistillery\",\"https:\/\/www.linkedin.com\/company\/liviko\/\",\"https:\/\/www.youtube.com\/channel\/UCnoHr-PaNxBHJO8nMDLVGuA\"]}]}<\/script>\n<!-- \/ Yoast SEO plugin. -->","yoast_head_json":{"title":"VERTYB\u0116S - Liviko","robots":{"index":"index","follow":"follow","max-snippet":"max-snippet:-1","max-image-preview":"max-image-preview:large","max-video-preview":"max-video-preview:-1"},"canonical":"https:\/\/liviko.eu\/lt\/company-culture\/values-test\/","og_locale":"lt_LT","og_type":"article","og_title":"VERTYB\u0116S - Liviko","og_url":"https:\/\/liviko.eu\/lt\/company-culture\/values-test\/","og_site_name":"Liviko","article_publisher":"https:\/\/www.facebook.com\/LivikoDistillery\/","article_modified_time":"2025-02-03T07:18:33+00:00","twitter_card":"summary_large_image","schema":{"@context":"https:\/\/schema.org","@graph":[{"@type":"WebPage","@id":"https:\/\/liviko.eu\/lt\/company-culture\/values-test\/","url":"https:\/\/liviko.eu\/lt\/company-culture\/values-test\/","name":"VERTYB\u0116S - Liviko","isPartOf":{"@id":"https:\/\/liviko.eu\/lt\/#website"},"datePublished":"2020-09-24T06:46:03+00:00","dateModified":"2025-02-03T07:18:33+00:00","breadcrumb":{"@id":"https:\/\/liviko.eu\/lt\/company-culture\/values-test\/#breadcrumb"},"inLanguage":"lt-LT","potentialAction":[{"@type":"ReadAction","target":["https:\/\/liviko.eu\/lt\/company-culture\/values-test\/"]}]},{"@type":"BreadcrumbList","@id":"https:\/\/liviko.eu\/lt\/company-culture\/values-test\/#breadcrumb","itemListElement":[{"@type":"ListItem","position":1,"name":"Home","item":"https:\/\/liviko.eu\/lt\/"},{"@type":"ListItem","position":2,"name":"APIE \u012eMON\u0118","item":"https:\/\/liviko.eu\/lt\/company-culture\/"},{"@type":"ListItem","position":3,"name":"VERTYB\u0116S"}]},{"@type":"WebSite","@id":"https:\/\/liviko.eu\/lt\/#website","url":"https:\/\/liviko.eu\/lt\/","name":"Liviko","description":"anno 1898","publisher":{"@id":"https:\/\/liviko.eu\/lt\/#organization"},"potentialAction":[{"@type":"SearchAction","target":{"@type":"EntryPoint","urlTemplate":"https:\/\/liviko.eu\/lt\/?s={search_term_string}"},"query-input":{"@type":"PropertyValueSpecification","valueRequired":true,"valueName":"search_term_string"}}],"inLanguage":"lt-LT"},{"@type":"Organization","@id":"https:\/\/liviko.eu\/lt\/#organization","name":"Liviko","url":"https:\/\/liviko.eu\/lt\/","logo":{"@type":"ImageObject","inLanguage":"lt-LT","@id":"https:\/\/liviko.eu\/lt\/#\/schema\/logo\/image\/","url":"https:\/\/liviko.eu\/wp-content\/uploads\/2020\/10\/liviko_logo.png","contentUrl":"https:\/\/liviko.eu\/wp-content\/uploads\/2020\/10\/liviko_logo.png","width":515,"height":181,"caption":"Liviko"},"image":{"@id":"https:\/\/liviko.eu\/lt\/#\/schema\/logo\/image\/"},"sameAs":["https:\/\/www.facebook.com\/LivikoDistillery\/","https:\/\/www.instagram.com\/livikodistillery","https:\/\/www.linkedin.com\/company\/liviko\/","https:\/\/www.youtube.com\/channel\/UCnoHr-PaNxBHJO8nMDLVGuA"]}]}},"_links":{"self":[{"href":"https:\/\/liviko.eu\/lt\/wp-json\/wp\/v2\/pages\/25272","targetHints":{"allow":["GET"]}}],"collection":[{"href":"https:\/\/liviko.eu\/lt\/wp-json\/wp\/v2\/pages"}],"about":[{"href":"https:\/\/liviko.eu\/lt\/wp-json\/wp\/v2\/types\/page"}],"author":[{"embeddable":true,"href":"https:\/\/liviko.eu\/lt\/wp-json\/wp\/v2\/users\/7"}],"replies":[{"embeddable":true,"href":"https:\/\/liviko.eu\/lt\/wp-json\/wp\/v2\/comments?post=25272"}],"version-history":[{"count":14,"href":"https:\/\/liviko.eu\/lt\/wp-json\/wp\/v2\/pages\/25272\/revisions"}],"predecessor-version":[{"id":55329,"href":"https:\/\/liviko.eu\/lt\/wp-json\/wp\/v2\/pages\/25272\/revisions\/55329"}],"up":[{"embeddable":true,"href":"https:\/\/liviko.eu\/lt\/wp-json\/wp\/v2\/pages\/805"}],"wp:attachment":[{"href":"https:\/\/liviko.eu\/lt\/wp-json\/wp\/v2\/media?parent=25272"}],"wp:term":[{"taxonomy":"category","embeddable":true,"href":"https:\/\/liviko.eu\/lt\/wp-json\/wp\/v2\/categories?post=25272"}],"curies":[{"name":"wp","href":"https:\/\/api.w.org\/{rel}","templated":true}]}}