{"id":28534,"date":"2023-02-22T10:50:09","date_gmt":"2023-02-22T10:50:09","guid":{"rendered":"https:\/\/liviko.eu\/?page_id=28534"},"modified":"2023-11-22T08:19:34","modified_gmt":"2023-11-22T08:19:34","slug":"corsaro-aperitivo","status":"publish","type":"page","link":"https:\/\/liviko.eu\/lt\/liviko\/corsaro-aperitivo\/","title":{"rendered":"Corsaro Aperitivo"},"content":{"rendered":"<div id=\"mediaBlock-block_3d5594d78170e1ef62aaeb240db701f2\" class=\" c-contentBlock c-mediaBlock c-mediaBlock--align-left c-mediaBlock--valign-center c-mediaBlock--size-extra-small c-mediaBlock--imageHeight-small\" data-block-type=\"Media block\">\n   \n                \n     <div class=\"c-mediaBlock__media\" style=\"\"\">\n        <img fetchpriority=\"high\" decoding=\"async\" width=\"368\" height=\"1366\" src=\"https:\/\/liviko.eu\/wp-content\/uploads\/2022\/03\/Corsaro-368x1366.jpg\" class=\"c-mediaBlock__image\" alt=\"Corsaro Aperitivo\" srcset=\"https:\/\/liviko.eu\/wp-content\/uploads\/2022\/03\/Corsaro-368x1366.jpg 368w, https:\/\/liviko.eu\/wp-content\/uploads\/2022\/03\/Corsaro-248x920.jpg 248w, https:\/\/liviko.eu\/wp-content\/uploads\/2022\/03\/Corsaro-768x2848.jpg 768w, https:\/\/liviko.eu\/wp-content\/uploads\/2022\/03\/Corsaro-414x1536.jpg 414w, https:\/\/liviko.eu\/wp-content\/uploads\/2022\/03\/Corsaro-552x2048.jpg 552w, https:\/\/liviko.eu\/wp-content\/uploads\/2022\/03\/Corsaro-86x320.jpg 86w, https:\/\/liviko.eu\/wp-content\/uploads\/2022\/03\/Corsaro-scaled.jpg 690w\" sizes=\"(max-width: 368px) 100vw, 368px\" \/>    <\/div>\n     <div class=\"c-mediaBlock__body\">\n                    <h2 class=\"c-mediaBlock__title\">Corsaro Aperitivo<\/h2>\n                <div class=\"c-mediaBlock__content\">\n            <div class=\"t-text\">\n            <p>Gaivinantis sald\u017eiakar\u010dio skonio g\u0117rimas sukurtas i\u0161 \u0161ermuk\u0161ni\u0173 ir spanguoli\u0173 sul\u010di\u0173, bei prieskoni\u0173 ekstrakto.<\/p>\n<p>Siekiant u\u017etikrinti unikal\u0173 Corsaro Aperitivo skon\u012f ir geriausia kokyb\u0119, komponentai yra kruop\u0161\u010diai atrinkti i\u0161 \u012fvairi\u0173 pasaulio \u0161ali\u0173, tai padeda sukurti subalansuota sald\u017eiakart\u012f skon\u012f.<\/p>\n<p>Corsaro Aperitivo skirtas visiems, kas nori pasim\u0117gauti gard\u017eiais kokteiliais nevartojant alkoholio.<\/p>\n<p><strong>Apdovanojimai:<\/strong><\/p>\n<ul>\n<li dir=\"ltr\" data-placeholder=\"T\u00f5lge\">Geriausias Estijos g\u0117rimas 2023 \u2013 Geriausias nealkoholinis g\u0117rimas \u2013 aukso medalis<\/li>\n<li id=\"tw-target-text\" class=\"tw-data-text tw-text-large tw-ta\" dir=\"ltr\" data-placeholder=\"T\u00f5lge\"><span class=\"Y2IQFc\" lang=\"lt\">Geriausias Estijos g\u0117rimas 2022 m. \u2013 Geriausias nealkoholinis g\u0117rimas (nealkoholinis distiliatas, nealkoholinis mi\u0161rus g\u0117rimas, sveikas g\u0117rimas) \u2013 aukso medalis<\/span><\/li>\n<\/ul>\n<p><strong>Socialin\u0117 \u017einiasklaida:<\/strong><br \/>\n<a href=\"https:\/\/corsaroaperitivo.com\/\">Pagrindinis puslapis<\/a><br \/>\n<a href=\"https:\/\/www.instagram.com\/corsaroaperitivo\/\">Instagram<\/a><br \/>\n<a href=\"https:\/\/www.youtube.com\/@corsaroaperitivo\/videos\">Youtube<\/a><\/p>\n            <\/div>\n                            \n        <\/div>\n    <\/div>\n<\/div>\n\n\n<div id=\"featureBlocks-block_52ee3d2a7c40c38ce01db33342ff967f\" class=\" c-contentBlock c-featureBlocks c-featureBlocks--type-expanded c-featureBlocks--grid-columns\" data-block-type=\"Feature blocks: expanded\">\n   <div class=\"c-featureBlocksGroup\">\n\n\n                          <div class=\"c-featureBlocks__item\">\n                \n                \n                    <div class=\"c-featureBlocks__item-block\"    >\n\n                                                                                            <div class=\"c-featureBlock__imageContainer\">\n                                <img decoding=\"async\" width=\"700\" height=\"700\" src=\"https:\/\/liviko.eu\/wp-content\/uploads\/2022\/05\/USP-corsarospritz-e1654588941835.jpg\" class=\"c-featureBlock__image\" alt=\"\" \/>                                <\/div>\n                               \n\n                            <div class=\"c-featureBlocks__item-body\">\n                                    <h3 class=\"c-featureBlocks__item-title\"><\/h3>\n                                    <div class=\"t-text\">\n                                                                            <\/div>\n                            <\/div>\n\n                    <\/div>    \n                        \n\n\n                            \n            <\/div>\n            \n                    <div class=\"c-featureBlocks__item\">\n                \n                \n                    <div class=\"c-featureBlocks__item-block\"    >\n\n                                                                                            <div class=\"c-featureBlock__imageContainer\">\n                                <img decoding=\"async\" width=\"800\" height=\"800\" src=\"https:\/\/liviko.eu\/wp-content\/uploads\/2022\/05\/usp-corsaroontherocks.jpg\" class=\"c-featureBlock__image\" alt=\"\" srcset=\"https:\/\/liviko.eu\/wp-content\/uploads\/2022\/05\/usp-corsaroontherocks.jpg 800w, https:\/\/liviko.eu\/wp-content\/uploads\/2022\/05\/usp-corsaroontherocks-480x480.jpg 480w, https:\/\/liviko.eu\/wp-content\/uploads\/2022\/05\/usp-corsaroontherocks-768x768.jpg 768w, https:\/\/liviko.eu\/wp-content\/uploads\/2022\/05\/usp-corsaroontherocks-320x320.jpg 320w, https:\/\/liviko.eu\/wp-content\/uploads\/2022\/05\/usp-corsaroontherocks-603x603.jpg 603w\" sizes=\"(max-width: 800px) 100vw, 800px\" \/>                                <\/div>\n                               \n\n                            <div class=\"c-featureBlocks__item-body\">\n                                    <h3 class=\"c-featureBlocks__item-title\"><\/h3>\n                                    <div class=\"t-text\">\n                                                                            <\/div>\n                            <\/div>\n\n                    <\/div>    \n                        \n\n\n                            \n            <\/div>\n            \n                    <div class=\"c-featureBlocks__item\">\n                \n                \n                    <div class=\"c-featureBlocks__item-block\"    >\n\n                                                                                            <div class=\"c-featureBlock__imageContainer\">\n                                <img loading=\"lazy\" decoding=\"async\" width=\"800\" height=\"800\" src=\"https:\/\/liviko.eu\/wp-content\/uploads\/2023\/02\/usp-Corsaroska.jpg\" class=\"c-featureBlock__image\" alt=\"\" srcset=\"https:\/\/liviko.eu\/wp-content\/uploads\/2023\/02\/usp-Corsaroska.jpg 800w, https:\/\/liviko.eu\/wp-content\/uploads\/2023\/02\/usp-Corsaroska-480x480.jpg 480w, https:\/\/liviko.eu\/wp-content\/uploads\/2023\/02\/usp-Corsaroska-768x768.jpg 768w, https:\/\/liviko.eu\/wp-content\/uploads\/2023\/02\/usp-Corsaroska-320x320.jpg 320w, https:\/\/liviko.eu\/wp-content\/uploads\/2023\/02\/usp-Corsaroska-603x603.jpg 603w\" sizes=\"(max-width: 800px) 100vw, 800px\" \/>                                <\/div>\n                               \n\n                            <div class=\"c-featureBlocks__item-body\">\n                                    <h3 class=\"c-featureBlocks__item-title\"><\/h3>\n                                    <div class=\"t-text\">\n                                                                            <\/div>\n                            <\/div>\n\n                    <\/div>    \n                        \n\n\n                            \n            <\/div>\n            \n                <div class=\"c-featureBlocks__item c-featureBlocks__item--empty\"><\/div>\n    <div class=\"c-featureBlocks__item c-featureBlocks__item--empty\"><\/div>\n    <\/div>\n<\/div>\n\n\n\n<div id=\"featureBlocks-block_fd45ed53680b34a0d15a1b7a8a803e77\" class=\" c-contentBlock c-featureBlocks c-featureBlocks--type-expanded c-featureBlocks--grid-columns\" data-block-type=\"Feature blocks: expanded\">\n   <div class=\"c-featureBlocksGroup\">\n\n\n                          <div class=\"c-featureBlocks__item\">\n                \n                \n                    <div class=\"c-featureBlocks__item-block\"    >\n\n                                                                                            <div class=\"c-featureBlock__imageContainer\">\n                                <img loading=\"lazy\" decoding=\"async\" width=\"920\" height=\"920\" src=\"https:\/\/liviko.eu\/wp-content\/uploads\/2022\/05\/Corsaro3-Fookus-IG-920x920.png\" class=\"c-featureBlock__image\" alt=\"\" srcset=\"https:\/\/liviko.eu\/wp-content\/uploads\/2022\/05\/Corsaro3-Fookus-IG-920x920.png 920w, https:\/\/liviko.eu\/wp-content\/uploads\/2022\/05\/Corsaro3-Fookus-IG-480x480.png 480w, https:\/\/liviko.eu\/wp-content\/uploads\/2022\/05\/Corsaro3-Fookus-IG-768x768.png 768w, https:\/\/liviko.eu\/wp-content\/uploads\/2022\/05\/Corsaro3-Fookus-IG-320x320.png 320w, https:\/\/liviko.eu\/wp-content\/uploads\/2022\/05\/Corsaro3-Fookus-IG-603x603.png 603w, https:\/\/liviko.eu\/wp-content\/uploads\/2022\/05\/Corsaro3-Fookus-IG.png 1080w\" sizes=\"(max-width: 920px) 100vw, 920px\" \/>                                <\/div>\n                               \n\n                            <div class=\"c-featureBlocks__item-body\">\n                                    <h3 class=\"c-featureBlocks__item-title\"><\/h3>\n                                    <div class=\"t-text\">\n                                                                            <\/div>\n                            <\/div>\n\n                    <\/div>    \n                        \n\n\n                            \n            <\/div>\n            \n                    <div class=\"c-featureBlocks__item\">\n                \n                \n                    <div class=\"c-featureBlocks__item-block\"    >\n\n                                                                                            <div class=\"c-featureBlock__imageContainer\">\n                                <img loading=\"lazy\" decoding=\"async\" width=\"800\" height=\"800\" src=\"https:\/\/liviko.eu\/wp-content\/uploads\/2022\/05\/USP-2-1.jpg\" class=\"c-featureBlock__image\" alt=\"\" srcset=\"https:\/\/liviko.eu\/wp-content\/uploads\/2022\/05\/USP-2-1.jpg 800w, https:\/\/liviko.eu\/wp-content\/uploads\/2022\/05\/USP-2-1-480x480.jpg 480w, https:\/\/liviko.eu\/wp-content\/uploads\/2022\/05\/USP-2-1-768x768.jpg 768w, https:\/\/liviko.eu\/wp-content\/uploads\/2022\/05\/USP-2-1-320x320.jpg 320w, https:\/\/liviko.eu\/wp-content\/uploads\/2022\/05\/USP-2-1-603x603.jpg 603w\" sizes=\"(max-width: 800px) 100vw, 800px\" \/>                                <\/div>\n                               \n\n                            <div class=\"c-featureBlocks__item-body\">\n                                    <h3 class=\"c-featureBlocks__item-title\"><\/h3>\n                                    <div class=\"t-text\">\n                                                                            <\/div>\n                            <\/div>\n\n                    <\/div>    \n                        \n\n\n                            \n            <\/div>\n            \n                    <div class=\"c-featureBlocks__item\">\n                \n                \n                    <div class=\"c-featureBlocks__item-block\"    >\n\n                                                                                            <div class=\"c-featureBlock__imageContainer\">\n                                <img loading=\"lazy\" decoding=\"async\" width=\"920\" height=\"920\" src=\"https:\/\/liviko.eu\/wp-content\/uploads\/2022\/05\/Corsaro4-Fookus-IG-920x920.png\" class=\"c-featureBlock__image\" alt=\"\" srcset=\"https:\/\/liviko.eu\/wp-content\/uploads\/2022\/05\/Corsaro4-Fookus-IG-920x920.png 920w, https:\/\/liviko.eu\/wp-content\/uploads\/2022\/05\/Corsaro4-Fookus-IG-480x480.png 480w, https:\/\/liviko.eu\/wp-content\/uploads\/2022\/05\/Corsaro4-Fookus-IG-768x768.png 768w, https:\/\/liviko.eu\/wp-content\/uploads\/2022\/05\/Corsaro4-Fookus-IG-320x320.png 320w, https:\/\/liviko.eu\/wp-content\/uploads\/2022\/05\/Corsaro4-Fookus-IG-603x603.png 603w, https:\/\/liviko.eu\/wp-content\/uploads\/2022\/05\/Corsaro4-Fookus-IG.png 1080w\" sizes=\"(max-width: 920px) 100vw, 920px\" \/>                                <\/div>\n                               \n\n                            <div class=\"c-featureBlocks__item-body\">\n                                    <h3 class=\"c-featureBlocks__item-title\"><\/h3>\n                                    <div class=\"t-text\">\n                                                                            <\/div>\n                            <\/div>\n\n                    <\/div>    \n                        \n\n\n                            \n            <\/div>\n            \n                <div class=\"c-featureBlocks__item c-featureBlocks__item--empty\"><\/div>\n    <div class=\"c-featureBlocks__item c-featureBlocks__item--empty\"><\/div>\n    <\/div>\n<\/div>\n\n\n\n<div id=\"relatedItems-block_7729a38b7f51eb205b4f20d07637a140\" class=\" c-contentBlock c-relatedItems\" data-block-type=\"Related items\" >\n   \n            <h2 class=\"c-relatedItems__title \">PANA\u0160\u016aS GAMINIAI<\/h2>\n     \n    <div class=\"c-relatedItems__content\">\n\n\n    \n\n             \n         \n                \n\n            <a class=\"c-relatedItems__item \" href=\"https:\/\/liviko.eu\/lt\/liviko-distillery\/ginger-duke\/\">\n                \n                \n                    <div class=\"c-relatedItems__item-imageContainer\" >\n                        <img loading=\"lazy\" decoding=\"async\" width=\"87\" height=\"320\" src=\"https:\/\/liviko.eu\/wp-content\/uploads\/2020\/08\/Ginger-Duke-750-ml-WEB.png\" class=\"c-relatedItems__item-image\" alt=\"Ginger Duke\" srcset=\"https:\/\/liviko.eu\/wp-content\/uploads\/2020\/08\/Ginger-Duke-750-ml-WEB.png 271w, https:\/\/liviko.eu\/wp-content\/uploads\/2020\/08\/Ginger-Duke-750-ml-WEB-249x920.png 249w\" sizes=\"(max-width: 87px) 100vw, 87px\" \/>                    <\/div>\n                    <div class=\"c-relatedItems__item-details\">\n                        <h3 class=\"c-relatedItems__item-title\">Ginger Duke<\/h3>                                            <\/div>\n                \n            <\/a>\n            \n        \n                \n\n            <a class=\"c-relatedItems__item \" href=\"https:\/\/liviko.eu\/lt\/liviko-distillery\/re-crafters-junibeer\/\">\n                \n                \n                    <div class=\"c-relatedItems__item-imageContainer\" >\n                        <img loading=\"lazy\" decoding=\"async\" width=\"82\" height=\"320\" src=\"https:\/\/liviko.eu\/wp-content\/uploads\/2020\/08\/Crafters-Re-Crafted-Junibeer-FULL.png\" class=\"c-relatedItems__item-image\" alt=\"Re-crafted Crafter&#039;s \" srcset=\"https:\/\/liviko.eu\/wp-content\/uploads\/2020\/08\/Crafters-Re-Crafted-Junibeer-FULL.png 1558w, https:\/\/liviko.eu\/wp-content\/uploads\/2020\/08\/Crafters-Re-Crafted-Junibeer-FULL-236x920.png 236w, https:\/\/liviko.eu\/wp-content\/uploads\/2020\/08\/Crafters-Re-Crafted-Junibeer-FULL-350x1366.png 350w, https:\/\/liviko.eu\/wp-content\/uploads\/2020\/08\/Crafters-Re-Crafted-Junibeer-FULL-768x2999.png 768w, https:\/\/liviko.eu\/wp-content\/uploads\/2020\/08\/Crafters-Re-Crafted-Junibeer-FULL-393x1536.png 393w, https:\/\/liviko.eu\/wp-content\/uploads\/2020\/08\/Crafters-Re-Crafted-Junibeer-FULL-524x2048.png 524w\" sizes=\"(max-width: 82px) 100vw, 82px\" \/>                    <\/div>\n                    <div class=\"c-relatedItems__item-details\">\n                        <h3 class=\"c-relatedItems__item-title\">Re-crafted Crafter&#8217;s <\/h3>                                            <\/div>\n                \n            <\/a>\n            \n                <\/div>\n<\/div>\n","protected":false},"excerpt":{"rendered":"","protected":false},"author":8,"featured_media":0,"parent":436,"menu_order":1,"comment_status":"closed","ping_status":"closed","template":"page-templates\/page-product.php","meta":{"_acf_changed":false,"inline_featured_image":false,"_monsterinsights_skip_tracking":false,"_monsterinsights_sitenote_active":false,"_monsterinsights_sitenote_note":"","_monsterinsights_sitenote_category":0,"footnotes":""},"categories":[34,57],"class_list":["post-28534","page","type-page","status-publish","hentry","category-non-alcohol","category-non-alcohol-lt"],"acf":[],"yoast_head":"<!-- This site is optimized with the Yoast SEO plugin v24.0 - https:\/\/yoast.com\/wordpress\/plugins\/seo\/ -->\n<title>Corsaro Aperitivo - Liviko<\/title>\n<meta name=\"robots\" content=\"index, follow, max-snippet:-1, max-image-preview:large, max-video-preview:-1\" \/>\n<link rel=\"canonical\" href=\"https:\/\/liviko.eu\/lt\/liviko\/corsaro-aperitivo\/\" \/>\n<meta property=\"og:locale\" content=\"lt_LT\" \/>\n<meta property=\"og:type\" content=\"article\" \/>\n<meta property=\"og:title\" content=\"Corsaro Aperitivo - Liviko\" \/>\n<meta property=\"og:url\" content=\"https:\/\/liviko.eu\/lt\/liviko\/corsaro-aperitivo\/\" \/>\n<meta property=\"og:site_name\" content=\"Liviko\" \/>\n<meta property=\"article:publisher\" content=\"https:\/\/www.facebook.com\/LivikoDistillery\/\" \/>\n<meta property=\"article:modified_time\" content=\"2023-11-22T08:19:34+00:00\" \/>\n<meta name=\"twitter:card\" content=\"summary_large_image\" \/>\n<script type=\"application\/ld+json\" class=\"yoast-schema-graph\">{\"@context\":\"https:\/\/schema.org\",\"@graph\":[{\"@type\":\"WebPage\",\"@id\":\"https:\/\/liviko.eu\/lt\/liviko\/corsaro-aperitivo\/\",\"url\":\"https:\/\/liviko.eu\/lt\/liviko\/corsaro-aperitivo\/\",\"name\":\"Corsaro Aperitivo - Liviko\",\"isPartOf\":{\"@id\":\"https:\/\/liviko.eu\/lt\/#website\"},\"datePublished\":\"2023-02-22T10:50:09+00:00\",\"dateModified\":\"2023-11-22T08:19:34+00:00\",\"breadcrumb\":{\"@id\":\"https:\/\/liviko.eu\/lt\/liviko\/corsaro-aperitivo\/#breadcrumb\"},\"inLanguage\":\"lt-LT\",\"potentialAction\":[{\"@type\":\"ReadAction\",\"target\":[\"https:\/\/liviko.eu\/lt\/liviko\/corsaro-aperitivo\/\"]}]},{\"@type\":\"BreadcrumbList\",\"@id\":\"https:\/\/liviko.eu\/lt\/liviko\/corsaro-aperitivo\/#breadcrumb\",\"itemListElement\":[{\"@type\":\"ListItem\",\"position\":1,\"name\":\"Home\",\"item\":\"https:\/\/liviko.eu\/lt\/\"},{\"@type\":\"ListItem\",\"position\":2,\"name\":\"Liviko\",\"item\":\"https:\/\/liviko.eu\/lt\/\"},{\"@type\":\"ListItem\",\"position\":3,\"name\":\"Corsaro Aperitivo\"}]},{\"@type\":\"WebSite\",\"@id\":\"https:\/\/liviko.eu\/lt\/#website\",\"url\":\"https:\/\/liviko.eu\/lt\/\",\"name\":\"Liviko\",\"description\":\"anno 1898\",\"publisher\":{\"@id\":\"https:\/\/liviko.eu\/lt\/#organization\"},\"potentialAction\":[{\"@type\":\"SearchAction\",\"target\":{\"@type\":\"EntryPoint\",\"urlTemplate\":\"https:\/\/liviko.eu\/lt\/?s={search_term_string}\"},\"query-input\":{\"@type\":\"PropertyValueSpecification\",\"valueRequired\":true,\"valueName\":\"search_term_string\"}}],\"inLanguage\":\"lt-LT\"},{\"@type\":\"Organization\",\"@id\":\"https:\/\/liviko.eu\/lt\/#organization\",\"name\":\"Liviko\",\"url\":\"https:\/\/liviko.eu\/lt\/\",\"logo\":{\"@type\":\"ImageObject\",\"inLanguage\":\"lt-LT\",\"@id\":\"https:\/\/liviko.eu\/lt\/#\/schema\/logo\/image\/\",\"url\":\"https:\/\/liviko.eu\/wp-content\/uploads\/2020\/10\/liviko_logo.png\",\"contentUrl\":\"https:\/\/liviko.eu\/wp-content\/uploads\/2020\/10\/liviko_logo.png\",\"width\":515,\"height\":181,\"caption\":\"Liviko\"},\"image\":{\"@id\":\"https:\/\/liviko.eu\/lt\/#\/schema\/logo\/image\/\"},\"sameAs\":[\"https:\/\/www.facebook.com\/LivikoDistillery\/\",\"https:\/\/www.instagram.com\/livikodistillery\",\"https:\/\/www.linkedin.com\/company\/liviko\/\",\"https:\/\/www.youtube.com\/channel\/UCnoHr-PaNxBHJO8nMDLVGuA\"]}]}<\/script>\n<!-- \/ Yoast SEO plugin. -->","yoast_head_json":{"title":"Corsaro Aperitivo - Liviko","robots":{"index":"index","follow":"follow","max-snippet":"max-snippet:-1","max-image-preview":"max-image-preview:large","max-video-preview":"max-video-preview:-1"},"canonical":"https:\/\/liviko.eu\/lt\/liviko\/corsaro-aperitivo\/","og_locale":"lt_LT","og_type":"article","og_title":"Corsaro Aperitivo - Liviko","og_url":"https:\/\/liviko.eu\/lt\/liviko\/corsaro-aperitivo\/","og_site_name":"Liviko","article_publisher":"https:\/\/www.facebook.com\/LivikoDistillery\/","article_modified_time":"2023-11-22T08:19:34+00:00","twitter_card":"summary_large_image","schema":{"@context":"https:\/\/schema.org","@graph":[{"@type":"WebPage","@id":"https:\/\/liviko.eu\/lt\/liviko\/corsaro-aperitivo\/","url":"https:\/\/liviko.eu\/lt\/liviko\/corsaro-aperitivo\/","name":"Corsaro Aperitivo - Liviko","isPartOf":{"@id":"https:\/\/liviko.eu\/lt\/#website"},"datePublished":"2023-02-22T10:50:09+00:00","dateModified":"2023-11-22T08:19:34+00:00","breadcrumb":{"@id":"https:\/\/liviko.eu\/lt\/liviko\/corsaro-aperitivo\/#breadcrumb"},"inLanguage":"lt-LT","potentialAction":[{"@type":"ReadAction","target":["https:\/\/liviko.eu\/lt\/liviko\/corsaro-aperitivo\/"]}]},{"@type":"BreadcrumbList","@id":"https:\/\/liviko.eu\/lt\/liviko\/corsaro-aperitivo\/#breadcrumb","itemListElement":[{"@type":"ListItem","position":1,"name":"Home","item":"https:\/\/liviko.eu\/lt\/"},{"@type":"ListItem","position":2,"name":"Liviko","item":"https:\/\/liviko.eu\/lt\/"},{"@type":"ListItem","position":3,"name":"Corsaro Aperitivo"}]},{"@type":"WebSite","@id":"https:\/\/liviko.eu\/lt\/#website","url":"https:\/\/liviko.eu\/lt\/","name":"Liviko","description":"anno 1898","publisher":{"@id":"https:\/\/liviko.eu\/lt\/#organization"},"potentialAction":[{"@type":"SearchAction","target":{"@type":"EntryPoint","urlTemplate":"https:\/\/liviko.eu\/lt\/?s={search_term_string}"},"query-input":{"@type":"PropertyValueSpecification","valueRequired":true,"valueName":"search_term_string"}}],"inLanguage":"lt-LT"},{"@type":"Organization","@id":"https:\/\/liviko.eu\/lt\/#organization","name":"Liviko","url":"https:\/\/liviko.eu\/lt\/","logo":{"@type":"ImageObject","inLanguage":"lt-LT","@id":"https:\/\/liviko.eu\/lt\/#\/schema\/logo\/image\/","url":"https:\/\/liviko.eu\/wp-content\/uploads\/2020\/10\/liviko_logo.png","contentUrl":"https:\/\/liviko.eu\/wp-content\/uploads\/2020\/10\/liviko_logo.png","width":515,"height":181,"caption":"Liviko"},"image":{"@id":"https:\/\/liviko.eu\/lt\/#\/schema\/logo\/image\/"},"sameAs":["https:\/\/www.facebook.com\/LivikoDistillery\/","https:\/\/www.instagram.com\/livikodistillery","https:\/\/www.linkedin.com\/company\/liviko\/","https:\/\/www.youtube.com\/channel\/UCnoHr-PaNxBHJO8nMDLVGuA"]}]}},"_links":{"self":[{"href":"https:\/\/liviko.eu\/lt\/wp-json\/wp\/v2\/pages\/28534","targetHints":{"allow":["GET"]}}],"collection":[{"href":"https:\/\/liviko.eu\/lt\/wp-json\/wp\/v2\/pages"}],"about":[{"href":"https:\/\/liviko.eu\/lt\/wp-json\/wp\/v2\/types\/page"}],"author":[{"embeddable":true,"href":"https:\/\/liviko.eu\/lt\/wp-json\/wp\/v2\/users\/8"}],"replies":[{"embeddable":true,"href":"https:\/\/liviko.eu\/lt\/wp-json\/wp\/v2\/comments?post=28534"}],"version-history":[{"count":14,"href":"https:\/\/liviko.eu\/lt\/wp-json\/wp\/v2\/pages\/28534\/revisions"}],"predecessor-version":[{"id":50979,"href":"https:\/\/liviko.eu\/lt\/wp-json\/wp\/v2\/pages\/28534\/revisions\/50979"}],"up":[{"embeddable":true,"href":"https:\/\/liviko.eu\/lt\/wp-json\/wp\/v2\/pages\/436"}],"wp:attachment":[{"href":"https:\/\/liviko.eu\/lt\/wp-json\/wp\/v2\/media?parent=28534"}],"wp:term":[{"taxonomy":"category","embeddable":true,"href":"https:\/\/liviko.eu\/lt\/wp-json\/wp\/v2\/categories?post=28534"}],"curies":[{"name":"wp","href":"https:\/\/api.w.org\/{rel}","templated":true}]}}