{"id":30620,"date":"2022-06-14T08:31:55","date_gmt":"2022-06-14T08:31:55","guid":{"rendered":"https:\/\/liviko.eu\/?page_id=30620"},"modified":"2026-03-28T17:55:16","modified_gmt":"2026-03-28T17:55:16","slug":"bacardi-pina-colada","status":"publish","type":"page","link":"https:\/\/liviko.eu\/lt\/kokteiliai\/bacardi-pina-colada\/","title":{"rendered":"Bacardi Pina Colada"},"content":{"rendered":"\t\t<div data-elementor-type=\"wp-page\" data-elementor-id=\"30620\" class=\"elementor elementor-30620\">\n\t\t\t\t\t\t<section class=\"elementor-section elementor-top-section elementor-element elementor-element-43b995b elementor-section-boxed elementor-section-height-default elementor-section-height-default\" data-id=\"43b995b\" data-element_type=\"section\">\n\t\t\t\t\t\t<div class=\"elementor-container elementor-column-gap-default\">\n\t\t\t\t\t<div class=\"elementor-column elementor-col-100 elementor-top-column elementor-element elementor-element-958a133\" data-id=\"958a133\" data-element_type=\"column\">\n\t\t\t<div class=\"elementor-widget-wrap elementor-element-populated\">\n\t\t\t\t\t\t<div class=\"elementor-element elementor-element-6ddf077 elementor-widget elementor-widget-spacer\" data-id=\"6ddf077\" data-element_type=\"widget\" data-widget_type=\"spacer.default\">\n\t\t\t\t<div class=\"elementor-widget-container\">\n\t\t\t\t\t<div class=\"elementor-spacer\">\n\t\t\t<div class=\"elementor-spacer-inner\"><\/div>\n\t\t<\/div>\n\t\t\t\t<\/div>\n\t\t\t\t<\/div>\n\t\t\t\t\t<\/div>\n\t\t<\/div>\n\t\t\t\t\t<\/div>\n\t\t<\/section>\n\t\t\t\t<section class=\"elementor-section elementor-top-section elementor-element elementor-element-fefa51d elementor-section-boxed elementor-section-height-default elementor-section-height-default\" data-id=\"fefa51d\" data-element_type=\"section\">\n\t\t\t\t\t\t<div class=\"elementor-container elementor-column-gap-default\">\n\t\t\t\t\t<div class=\"elementor-column elementor-col-33 elementor-top-column elementor-element elementor-element-6526c96\" data-id=\"6526c96\" data-element_type=\"column\">\n\t\t\t<div class=\"elementor-widget-wrap\">\n\t\t\t\t\t\t\t<\/div>\n\t\t<\/div>\n\t\t\t\t<div class=\"elementor-column elementor-col-33 elementor-top-column elementor-element elementor-element-3471e75\" data-id=\"3471e75\" data-element_type=\"column\">\n\t\t\t<div class=\"elementor-widget-wrap elementor-element-populated\">\n\t\t\t\t\t\t<div class=\"elementor-element elementor-element-ac35f1f elementor-widget elementor-widget-html\" data-id=\"ac35f1f\" data-element_type=\"widget\" data-widget_type=\"html.default\">\n\t\t\t\t<div class=\"elementor-widget-container\">\n\t\t\t<ol class=\"breadcrumb\">\r\n    <li class=\"breadcrumb-item\"> <a href=\"https:\/\/liviko.eu\/lt\/kokteiliai\/\">Kokteiliai<\/a><\/li>\r\n    <li class=\"breadcrumb-item\"> <a href=\"#\">Bacardi Pina Colada<\/a><\/li>\r\n<\/ol>\r\n\r\n<style>\r\n\r\n.breadcrumb-item{\r\n  display: inline;\r\n  font-size: 14px;\r\n  font-family: Segoe UI;\r\n  }\r\n\r\n.breadcrumb li+li:before{\r\n  padding: 2px;\r\n  content: \"\/\";\r\n  color: #72828f;\r\n}\r\n\r\n.breadcrumb-item a{\r\n  color: #72828f;\r\n  text-decoration: none;\r\n}\r\n\r\n.breadcrumb-item a:hover{\r\n  color: #00a79c;\r\n}\r\n<\/style>\r\n\r\n\t\t<\/div>\n\t\t\t\t<\/div>\n\t\t\t\t\t<\/div>\n\t\t<\/div>\n\t\t\t\t<div class=\"elementor-column elementor-col-33 elementor-top-column elementor-element elementor-element-fdd58ac\" data-id=\"fdd58ac\" data-element_type=\"column\">\n\t\t\t<div class=\"elementor-widget-wrap elementor-element-populated\">\n\t\t\t\t\t\t<div class=\"elementor-element elementor-element-50c4fa0 elementor-widget elementor-widget-html\" data-id=\"50c4fa0\" data-element_type=\"widget\" data-widget_type=\"html.default\">\n\t\t\t\t<div class=\"elementor-widget-container\">\n\t\t\t<link rel=\"stylesheet\" href=\"https:\/\/cdnjs.cloudflare.com\/ajax\/libs\/font-awesome\/5.9.0\/css\/all.min.css\" integrity=\"sha512-q3eWabyZPc1XTCmF+8\/LuE1ozpg5xxn7iO89yfSOd5\/oKvyqLngoNGsx8jq92Y8eXJ\/IRxQbEC+FGSYxtk2oiw==\" crossorigin=\"anonymous\" referrerpolicy=\"no-referrer\" \/>\r\n\r\n<div id=\"share-buttons\">\r\n  <a class=\"facebook\" target=\"blank\"><i class=\"fab fa-facebook\"><\/i><\/a>\r\n  \r\n  <a class=\"twitter\" target=\"blank\"><i class=\"fab fa-twitter\"><\/i><\/a>\r\n  \r\n  <a class=\"linkedin\" target=\"blank\"><i class=\"fab fa-linkedin\"><\/i><\/a>\r\n  \r\n    <a class=\"reddit\" target=\"blank\"><i class=\"fab fa-reddit\"><\/i><\/a>\r\n\r\n  <a class=\"whatsapp\" target=\"blank\"><i class=\"fab fa-whatsapp\"><\/i><\/a>\r\n\r\n<\/div>\r\n\r\n<style>\r\n\r\n#share-buttons i {\r\n  font-size: 15px;\r\n  margin: 2px;\r\n  \r\n}\r\n.facebook {\r\n      color: #A1ACB4;\r\n}\r\n.twitter {\r\n    color: #A1ACB4;\r\n}\r\n.linkedin {\r\n    color: #A1ACB4;\r\n}\r\n.reddit {\r\n    color: #A1ACB4;\r\n}\r\n.whatsapp {\r\n    color: #A1ACB4;\r\n}\r\n\r\n.facebook:hover, .twitter:hover, .linkedin:hover, .reddit:hover, .whatsapp:hover {\r\n  opacity: 0.6;\r\n}\r\n<\/style>\r\n\r\n<script>\r\n    const link = encodeURI(window.location.href);\r\n\r\nconst fb = document.querySelector('.facebook');\r\nfb.href = `https:\/\/www.facebook.com\/share.php?u=${link}`;\r\n\r\nconst twitter = document.querySelector('.twitter');\r\ntwitter.href = `http:\/\/twitter.com\/share?&url=${link}&text=&hashtags=javascript,programming`;\r\n\r\nconst linkedIn = document.querySelector('.linkedin');\r\nlinkedIn.href = `https:\/\/www.linkedin.com\/sharing\/share-offsite\/?url=${link}`;\r\n\r\nconst reddit = document.querySelector('.reddit');\r\nreddit.href = `http:\/\/www.reddit.com\/submit?url=${link}&title=`;\r\n\r\nconst whatsapp = document.querySelector('.whatsapp');\r\nwhatsapp.href = `https:\/\/api.whatsapp.com\/send?text=${link}`;\r\n<\/script>\r\n\r\n\t\t<\/div>\n\t\t\t\t<\/div>\n\t\t\t\t\t<\/div>\n\t\t<\/div>\n\t\t\t\t\t<\/div>\n\t\t<\/section>\n\t\t\t\t<section class=\"elementor-section elementor-top-section elementor-element elementor-element-c019472 elementor-section-boxed elementor-section-height-default elementor-section-height-default\" data-id=\"c019472\" data-element_type=\"section\">\n\t\t\t\t\t\t<div class=\"elementor-container elementor-column-gap-default\">\n\t\t\t\t\t<div class=\"elementor-column elementor-col-50 elementor-top-column elementor-element elementor-element-be69b63\" data-id=\"be69b63\" data-element_type=\"column\">\n\t\t\t<div class=\"elementor-widget-wrap elementor-element-populated\">\n\t\t\t\t\t\t<div class=\"elementor-element elementor-element-507d145 elementor-widget elementor-widget-image\" data-id=\"507d145\" data-element_type=\"widget\" data-widget_type=\"image.default\">\n\t\t\t\t<div class=\"elementor-widget-container\">\n\t\t\t\t\t\t\t\t\t\t\t\t\t\t<a href=\"http:\/\/liviko.eu\/wp-content\/uploads\/2023\/01\/Caribba_Pina_Colada-400x600-1.jpg\" data-elementor-open-lightbox=\"yes\" data-elementor-lightbox-title=\"Caribba_Pina_Colada-400x600-1\" data-e-action-hash=\"#elementor-action%3Aaction%3Dlightbox%26settings%3DeyJpZCI6MzM1ODIsInVybCI6Imh0dHBzOlwvXC9saXZpa28uZXVcL3dwLWNvbnRlbnRcL3VwbG9hZHNcLzIwMjNcLzAxXC9DYXJpYmJhX1BpbmFfQ29sYWRhLTQwMHg2MDAtMS5qcGcifQ%3D%3D\">\n\t\t\t\t\t\t\t<img fetchpriority=\"high\" decoding=\"async\" width=\"292\" height=\"543\" src=\"https:\/\/liviko.eu\/wp-content\/uploads\/2023\/01\/Caribba_Pina_Colada-400x600-1.jpg\" class=\"attachment-large size-large wp-image-33582\" alt=\"\" srcset=\"https:\/\/liviko.eu\/wp-content\/uploads\/2023\/01\/Caribba_Pina_Colada-400x600-1.jpg 292w, https:\/\/liviko.eu\/wp-content\/uploads\/2023\/01\/Caribba_Pina_Colada-400x600-1-172x320.jpg 172w\" sizes=\"(max-width: 292px) 100vw, 292px\" \/>\t\t\t\t\t\t\t\t<\/a>\n\t\t\t\t\t\t\t\t\t\t\t\t\t<\/div>\n\t\t\t\t<\/div>\n\t\t\t\t\t<\/div>\n\t\t<\/div>\n\t\t\t\t<div class=\"elementor-column elementor-col-50 elementor-top-column elementor-element elementor-element-792edf2\" data-id=\"792edf2\" data-element_type=\"column\">\n\t\t\t<div class=\"elementor-widget-wrap elementor-element-populated\">\n\t\t\t\t\t\t<div class=\"elementor-element elementor-element-815a655 elementor-widget elementor-widget-heading\" data-id=\"815a655\" data-element_type=\"widget\" data-widget_type=\"heading.default\">\n\t\t\t\t<div class=\"elementor-widget-container\">\n\t\t\t<h2 class=\"elementor-heading-title elementor-size-default\">Bacardi Pina Colada<\/h2>\t\t<\/div>\n\t\t\t\t<\/div>\n\t\t\t\t<div class=\"elementor-element elementor-element-71eaa31 elementor-widget elementor-widget-text-editor\" data-id=\"71eaa31\" data-element_type=\"widget\" data-widget_type=\"text-editor.default\">\n\t\t\t\t<div class=\"elementor-widget-container\">\n\t\t\t\t\t\t\t<p>40ml <a href=\"https:\/\/liviko.eu\/lt\/stiprieji-alkoholiniai-gerimai\/romas\/bacardi-carta-oro\/\"><span style=\"color: #00a79c;\">Bacardi Carta Oro<\/span><\/a><br \/>40ml kokos\u0173 pieno<br \/>25ml ananas\u0173 sul\u010di\u0173<br \/>4 gabaliukai ananaso<br \/>3 a.\u0161. rudo cukraus<\/p><p>Ledo kubeliai<\/p>\t\t\t\t\t\t<\/div>\n\t\t\t\t<\/div>\n\t\t\t\t<div class=\"elementor-element elementor-element-059c889 elementor-widget elementor-widget-heading\" data-id=\"059c889\" data-element_type=\"widget\" data-widget_type=\"heading.default\">\n\t\t\t\t<div class=\"elementor-widget-container\">\n\t\t\t<h2 class=\"elementor-heading-title elementor-size-default\">Paruo\u0161imas<\/h2>\t\t<\/div>\n\t\t\t\t<\/div>\n\t\t\t\t<div class=\"elementor-element elementor-element-e0367d1 elementor-widget elementor-widget-text-editor\" data-id=\"e0367d1\" data-element_type=\"widget\" data-widget_type=\"text-editor.default\">\n\t\t\t\t<div class=\"elementor-widget-container\">\n\t\t\t\t\t\t\t<p>Visus ingredientus ir led\u0105 suplakite elektriniu plaktuvu iki vientisos mas\u0117s.<\/p>\t\t\t\t\t\t<\/div>\n\t\t\t\t<\/div>\n\t\t\t\t<div class=\"elementor-element elementor-element-e47272c elementor-widget elementor-widget-heading\" data-id=\"e47272c\" data-element_type=\"widget\" data-widget_type=\"heading.default\">\n\t\t\t\t<div class=\"elementor-widget-container\">\n\t\t\t<h2 class=\"elementor-heading-title elementor-size-default\">Papuo\u0161imas<\/h2>\t\t<\/div>\n\t\t\t\t<\/div>\n\t\t\t\t<div class=\"elementor-element elementor-element-a99239d elementor-widget elementor-widget-text-editor\" data-id=\"a99239d\" data-element_type=\"widget\" data-widget_type=\"text-editor.default\">\n\t\t\t\t<div class=\"elementor-widget-container\">\n\t\t\t\t\t\t\t<p>Ananaso lapelis ir ananaso skiltel\u0117.<\/p>\t\t\t\t\t\t<\/div>\n\t\t\t\t<\/div>\n\t\t\t\t\t<\/div>\n\t\t<\/div>\n\t\t\t\t\t<\/div>\n\t\t<\/section>\n\t\t\t\t<\/div>\n\t\t","protected":false},"excerpt":{"rendered":"<p>Kokteiliai Bacardi Pina Colada Bacardi Pina Colada 40ml Bacardi Carta Oro40ml kokos\u0173 pieno25ml ananas\u0173 sul\u010di\u01734 gabaliukai ananaso3 a.\u0161. rudo cukraus Ledo kubeliai Paruo\u0161imas Visus ingredientus ir led\u0105 suplakite elektriniu plaktuvu iki vientisos mas\u0117s. Papuo\u0161imas Ananaso lapelis ir ananaso skiltel\u0117.<\/p>\n","protected":false},"author":14,"featured_media":0,"parent":33478,"menu_order":0,"comment_status":"closed","ping_status":"closed","template":"elementor_header_footer","meta":{"_acf_changed":false,"inline_featured_image":false,"_monsterinsights_skip_tracking":false,"_monsterinsights_sitenote_active":false,"_monsterinsights_sitenote_note":"","_monsterinsights_sitenote_category":0,"footnotes":""},"categories":[295,287,294,284,291,289],"class_list":["post-30620","page","type-page","status-publish","hentry","category-bacardi","category-pagrindinis-gerimas","category-prekinis-zenklas","category-romas","category-saldus","category-skonis"],"acf":[],"yoast_head":"<!-- This site is optimized with the Yoast SEO plugin v24.0 - https:\/\/yoast.com\/wordpress\/plugins\/seo\/ -->\n<title>Bacardi Pina Colada - Liviko<\/title>\n<meta name=\"robots\" content=\"index, follow, max-snippet:-1, max-image-preview:large, max-video-preview:-1\" \/>\n<link rel=\"canonical\" href=\"https:\/\/liviko.eu\/lt\/kokteiliai\/bacardi-pina-colada\/\" \/>\n<meta property=\"og:locale\" content=\"lt_LT\" \/>\n<meta property=\"og:type\" content=\"article\" \/>\n<meta property=\"og:title\" content=\"Bacardi Pina Colada - Liviko\" \/>\n<meta property=\"og:description\" content=\"Kokteiliai Bacardi Pina Colada Bacardi Pina Colada 40ml Bacardi Carta Oro40ml kokos\u0173 pieno25ml ananas\u0173 sul\u010di\u01734 gabaliukai ananaso3 a.\u0161. rudo cukraus Ledo kubeliai Paruo\u0161imas Visus ingredientus ir led\u0105 suplakite elektriniu plaktuvu iki vientisos mas\u0117s. Papuo\u0161imas Ananaso lapelis ir ananaso skiltel\u0117.\" \/>\n<meta property=\"og:url\" content=\"https:\/\/liviko.eu\/lt\/kokteiliai\/bacardi-pina-colada\/\" \/>\n<meta property=\"og:site_name\" content=\"Liviko\" \/>\n<meta property=\"article:publisher\" content=\"https:\/\/www.facebook.com\/LivikoDistillery\/\" \/>\n<meta property=\"article:modified_time\" content=\"2026-03-28T17:55:16+00:00\" \/>\n<meta property=\"og:image\" content=\"https:\/\/liviko.eu\/wp-content\/uploads\/2023\/01\/Caribba_Pina_Colada-400x600-1.jpg\" \/>\n\t<meta property=\"og:image:width\" content=\"292\" \/>\n\t<meta property=\"og:image:height\" content=\"543\" \/>\n\t<meta property=\"og:image:type\" content=\"image\/jpeg\" \/>\n<meta name=\"twitter:card\" content=\"summary_large_image\" \/>\n<meta name=\"twitter:label1\" content=\"Est. reading time\" \/>\n\t<meta name=\"twitter:data1\" content=\"1 minut\u0117\" \/>\n<script type=\"application\/ld+json\" class=\"yoast-schema-graph\">{\"@context\":\"https:\/\/schema.org\",\"@graph\":[{\"@type\":\"WebPage\",\"@id\":\"https:\/\/liviko.eu\/lt\/kokteiliai\/bacardi-pina-colada\/\",\"url\":\"https:\/\/liviko.eu\/lt\/kokteiliai\/bacardi-pina-colada\/\",\"name\":\"Bacardi Pina Colada - Liviko\",\"isPartOf\":{\"@id\":\"https:\/\/liviko.eu\/lt\/#website\"},\"primaryImageOfPage\":{\"@id\":\"https:\/\/liviko.eu\/lt\/kokteiliai\/bacardi-pina-colada\/#primaryimage\"},\"image\":{\"@id\":\"https:\/\/liviko.eu\/lt\/kokteiliai\/bacardi-pina-colada\/#primaryimage\"},\"thumbnailUrl\":\"https:\/\/liviko.eu\/wp-content\/uploads\/2023\/01\/Caribba_Pina_Colada-400x600-1.jpg\",\"datePublished\":\"2022-06-14T08:31:55+00:00\",\"dateModified\":\"2026-03-28T17:55:16+00:00\",\"breadcrumb\":{\"@id\":\"https:\/\/liviko.eu\/lt\/kokteiliai\/bacardi-pina-colada\/#breadcrumb\"},\"inLanguage\":\"lt-LT\",\"potentialAction\":[{\"@type\":\"ReadAction\",\"target\":[\"https:\/\/liviko.eu\/lt\/kokteiliai\/bacardi-pina-colada\/\"]}]},{\"@type\":\"ImageObject\",\"inLanguage\":\"lt-LT\",\"@id\":\"https:\/\/liviko.eu\/lt\/kokteiliai\/bacardi-pina-colada\/#primaryimage\",\"url\":\"https:\/\/liviko.eu\/wp-content\/uploads\/2023\/01\/Caribba_Pina_Colada-400x600-1.jpg\",\"contentUrl\":\"https:\/\/liviko.eu\/wp-content\/uploads\/2023\/01\/Caribba_Pina_Colada-400x600-1.jpg\"},{\"@type\":\"BreadcrumbList\",\"@id\":\"https:\/\/liviko.eu\/lt\/kokteiliai\/bacardi-pina-colada\/#breadcrumb\",\"itemListElement\":[{\"@type\":\"ListItem\",\"position\":1,\"name\":\"Home\",\"item\":\"https:\/\/liviko.eu\/lt\/\"},{\"@type\":\"ListItem\",\"position\":2,\"name\":\"Kokteiliai\",\"item\":\"https:\/\/liviko.eu\/lt\/kokteiliai\/\"},{\"@type\":\"ListItem\",\"position\":3,\"name\":\"Bacardi Pina Colada\"}]},{\"@type\":\"WebSite\",\"@id\":\"https:\/\/liviko.eu\/lt\/#website\",\"url\":\"https:\/\/liviko.eu\/lt\/\",\"name\":\"Liviko\",\"description\":\"anno 1898\",\"publisher\":{\"@id\":\"https:\/\/liviko.eu\/lt\/#organization\"},\"potentialAction\":[{\"@type\":\"SearchAction\",\"target\":{\"@type\":\"EntryPoint\",\"urlTemplate\":\"https:\/\/liviko.eu\/lt\/?s={search_term_string}\"},\"query-input\":{\"@type\":\"PropertyValueSpecification\",\"valueRequired\":true,\"valueName\":\"search_term_string\"}}],\"inLanguage\":\"lt-LT\"},{\"@type\":\"Organization\",\"@id\":\"https:\/\/liviko.eu\/lt\/#organization\",\"name\":\"Liviko\",\"url\":\"https:\/\/liviko.eu\/lt\/\",\"logo\":{\"@type\":\"ImageObject\",\"inLanguage\":\"lt-LT\",\"@id\":\"https:\/\/liviko.eu\/lt\/#\/schema\/logo\/image\/\",\"url\":\"https:\/\/liviko.eu\/wp-content\/uploads\/2020\/10\/liviko_logo.png\",\"contentUrl\":\"https:\/\/liviko.eu\/wp-content\/uploads\/2020\/10\/liviko_logo.png\",\"width\":515,\"height\":181,\"caption\":\"Liviko\"},\"image\":{\"@id\":\"https:\/\/liviko.eu\/lt\/#\/schema\/logo\/image\/\"},\"sameAs\":[\"https:\/\/www.facebook.com\/LivikoDistillery\/\",\"https:\/\/www.instagram.com\/livikodistillery\",\"https:\/\/www.linkedin.com\/company\/liviko\/\",\"https:\/\/www.youtube.com\/channel\/UCnoHr-PaNxBHJO8nMDLVGuA\"]}]}<\/script>\n<!-- \/ Yoast SEO plugin. -->","yoast_head_json":{"title":"Bacardi Pina Colada - Liviko","robots":{"index":"index","follow":"follow","max-snippet":"max-snippet:-1","max-image-preview":"max-image-preview:large","max-video-preview":"max-video-preview:-1"},"canonical":"https:\/\/liviko.eu\/lt\/kokteiliai\/bacardi-pina-colada\/","og_locale":"lt_LT","og_type":"article","og_title":"Bacardi Pina Colada - Liviko","og_description":"Kokteiliai Bacardi Pina Colada Bacardi Pina Colada 40ml Bacardi Carta Oro40ml kokos\u0173 pieno25ml ananas\u0173 sul\u010di\u01734 gabaliukai ananaso3 a.\u0161. rudo cukraus Ledo kubeliai Paruo\u0161imas Visus ingredientus ir led\u0105 suplakite elektriniu plaktuvu iki vientisos mas\u0117s. Papuo\u0161imas Ananaso lapelis ir ananaso skiltel\u0117.","og_url":"https:\/\/liviko.eu\/lt\/kokteiliai\/bacardi-pina-colada\/","og_site_name":"Liviko","article_publisher":"https:\/\/www.facebook.com\/LivikoDistillery\/","article_modified_time":"2026-03-28T17:55:16+00:00","og_image":[{"width":292,"height":543,"url":"https:\/\/liviko.eu\/wp-content\/uploads\/2023\/01\/Caribba_Pina_Colada-400x600-1.jpg","type":"image\/jpeg"}],"twitter_card":"summary_large_image","twitter_misc":{"Est. reading time":"1 minut\u0117"},"schema":{"@context":"https:\/\/schema.org","@graph":[{"@type":"WebPage","@id":"https:\/\/liviko.eu\/lt\/kokteiliai\/bacardi-pina-colada\/","url":"https:\/\/liviko.eu\/lt\/kokteiliai\/bacardi-pina-colada\/","name":"Bacardi Pina Colada - Liviko","isPartOf":{"@id":"https:\/\/liviko.eu\/lt\/#website"},"primaryImageOfPage":{"@id":"https:\/\/liviko.eu\/lt\/kokteiliai\/bacardi-pina-colada\/#primaryimage"},"image":{"@id":"https:\/\/liviko.eu\/lt\/kokteiliai\/bacardi-pina-colada\/#primaryimage"},"thumbnailUrl":"https:\/\/liviko.eu\/wp-content\/uploads\/2023\/01\/Caribba_Pina_Colada-400x600-1.jpg","datePublished":"2022-06-14T08:31:55+00:00","dateModified":"2026-03-28T17:55:16+00:00","breadcrumb":{"@id":"https:\/\/liviko.eu\/lt\/kokteiliai\/bacardi-pina-colada\/#breadcrumb"},"inLanguage":"lt-LT","potentialAction":[{"@type":"ReadAction","target":["https:\/\/liviko.eu\/lt\/kokteiliai\/bacardi-pina-colada\/"]}]},{"@type":"ImageObject","inLanguage":"lt-LT","@id":"https:\/\/liviko.eu\/lt\/kokteiliai\/bacardi-pina-colada\/#primaryimage","url":"https:\/\/liviko.eu\/wp-content\/uploads\/2023\/01\/Caribba_Pina_Colada-400x600-1.jpg","contentUrl":"https:\/\/liviko.eu\/wp-content\/uploads\/2023\/01\/Caribba_Pina_Colada-400x600-1.jpg"},{"@type":"BreadcrumbList","@id":"https:\/\/liviko.eu\/lt\/kokteiliai\/bacardi-pina-colada\/#breadcrumb","itemListElement":[{"@type":"ListItem","position":1,"name":"Home","item":"https:\/\/liviko.eu\/lt\/"},{"@type":"ListItem","position":2,"name":"Kokteiliai","item":"https:\/\/liviko.eu\/lt\/kokteiliai\/"},{"@type":"ListItem","position":3,"name":"Bacardi Pina Colada"}]},{"@type":"WebSite","@id":"https:\/\/liviko.eu\/lt\/#website","url":"https:\/\/liviko.eu\/lt\/","name":"Liviko","description":"anno 1898","publisher":{"@id":"https:\/\/liviko.eu\/lt\/#organization"},"potentialAction":[{"@type":"SearchAction","target":{"@type":"EntryPoint","urlTemplate":"https:\/\/liviko.eu\/lt\/?s={search_term_string}"},"query-input":{"@type":"PropertyValueSpecification","valueRequired":true,"valueName":"search_term_string"}}],"inLanguage":"lt-LT"},{"@type":"Organization","@id":"https:\/\/liviko.eu\/lt\/#organization","name":"Liviko","url":"https:\/\/liviko.eu\/lt\/","logo":{"@type":"ImageObject","inLanguage":"lt-LT","@id":"https:\/\/liviko.eu\/lt\/#\/schema\/logo\/image\/","url":"https:\/\/liviko.eu\/wp-content\/uploads\/2020\/10\/liviko_logo.png","contentUrl":"https:\/\/liviko.eu\/wp-content\/uploads\/2020\/10\/liviko_logo.png","width":515,"height":181,"caption":"Liviko"},"image":{"@id":"https:\/\/liviko.eu\/lt\/#\/schema\/logo\/image\/"},"sameAs":["https:\/\/www.facebook.com\/LivikoDistillery\/","https:\/\/www.instagram.com\/livikodistillery","https:\/\/www.linkedin.com\/company\/liviko\/","https:\/\/www.youtube.com\/channel\/UCnoHr-PaNxBHJO8nMDLVGuA"]}]}},"_links":{"self":[{"href":"https:\/\/liviko.eu\/lt\/wp-json\/wp\/v2\/pages\/30620","targetHints":{"allow":["GET"]}}],"collection":[{"href":"https:\/\/liviko.eu\/lt\/wp-json\/wp\/v2\/pages"}],"about":[{"href":"https:\/\/liviko.eu\/lt\/wp-json\/wp\/v2\/types\/page"}],"author":[{"embeddable":true,"href":"https:\/\/liviko.eu\/lt\/wp-json\/wp\/v2\/users\/14"}],"replies":[{"embeddable":true,"href":"https:\/\/liviko.eu\/lt\/wp-json\/wp\/v2\/comments?post=30620"}],"version-history":[{"count":69,"href":"https:\/\/liviko.eu\/lt\/wp-json\/wp\/v2\/pages\/30620\/revisions"}],"predecessor-version":[{"id":58061,"href":"https:\/\/liviko.eu\/lt\/wp-json\/wp\/v2\/pages\/30620\/revisions\/58061"}],"up":[{"embeddable":true,"href":"https:\/\/liviko.eu\/lt\/wp-json\/wp\/v2\/pages\/33478"}],"wp:attachment":[{"href":"https:\/\/liviko.eu\/lt\/wp-json\/wp\/v2\/media?parent=30620"}],"wp:term":[{"taxonomy":"category","embeddable":true,"href":"https:\/\/liviko.eu\/lt\/wp-json\/wp\/v2\/categories?post=30620"}],"curies":[{"name":"wp","href":"https:\/\/api.w.org\/{rel}","templated":true}]}}