{"id":30688,"date":"2022-06-14T10:39:41","date_gmt":"2022-06-14T10:39:41","guid":{"rendered":"https:\/\/liviko.eu\/?page_id=30688"},"modified":"2026-03-28T17:53:36","modified_gmt":"2026-03-28T17:53:36","slug":"bacardi-mojito","status":"publish","type":"page","link":"https:\/\/liviko.eu\/lt\/kokteiliai\/bacardi-mojito\/","title":{"rendered":"Bacardi Mojito"},"content":{"rendered":"\t\t<div data-elementor-type=\"wp-page\" data-elementor-id=\"30688\" class=\"elementor elementor-30688\">\n\t\t\t\t\t\t<section class=\"elementor-section elementor-top-section elementor-element elementor-element-d7dcafd elementor-section-boxed elementor-section-height-default elementor-section-height-default\" data-id=\"d7dcafd\" data-element_type=\"section\">\n\t\t\t\t\t\t<div class=\"elementor-container elementor-column-gap-default\">\n\t\t\t\t\t<div class=\"elementor-column elementor-col-100 elementor-top-column elementor-element elementor-element-725fb3e\" data-id=\"725fb3e\" data-element_type=\"column\">\n\t\t\t<div class=\"elementor-widget-wrap elementor-element-populated\">\n\t\t\t\t\t\t<div class=\"elementor-element elementor-element-c79c44c elementor-widget elementor-widget-spacer\" data-id=\"c79c44c\" data-element_type=\"widget\" data-widget_type=\"spacer.default\">\n\t\t\t\t<div class=\"elementor-widget-container\">\n\t\t\t\t\t<div class=\"elementor-spacer\">\n\t\t\t<div class=\"elementor-spacer-inner\"><\/div>\n\t\t<\/div>\n\t\t\t\t<\/div>\n\t\t\t\t<\/div>\n\t\t\t\t\t<\/div>\n\t\t<\/div>\n\t\t\t\t\t<\/div>\n\t\t<\/section>\n\t\t\t\t<section class=\"elementor-section elementor-top-section elementor-element elementor-element-6fcf44e elementor-section-boxed elementor-section-height-default elementor-section-height-default\" data-id=\"6fcf44e\" data-element_type=\"section\">\n\t\t\t\t\t\t<div class=\"elementor-container elementor-column-gap-default\">\n\t\t\t\t\t<div class=\"elementor-column elementor-col-33 elementor-top-column elementor-element elementor-element-e9d095b\" data-id=\"e9d095b\" data-element_type=\"column\">\n\t\t\t<div class=\"elementor-widget-wrap\">\n\t\t\t\t\t\t\t<\/div>\n\t\t<\/div>\n\t\t\t\t<div class=\"elementor-column elementor-col-33 elementor-top-column elementor-element elementor-element-f64a68e\" data-id=\"f64a68e\" data-element_type=\"column\">\n\t\t\t<div class=\"elementor-widget-wrap elementor-element-populated\">\n\t\t\t\t\t\t<div class=\"elementor-element elementor-element-88a3ab2 elementor-widget elementor-widget-html\" data-id=\"88a3ab2\" data-element_type=\"widget\" data-widget_type=\"html.default\">\n\t\t\t\t<div class=\"elementor-widget-container\">\n\t\t\t<ol class=\"breadcrumb\">\r\n    <li class=\"breadcrumb-item\"> <a href=\"https:\/\/liviko.eu\/lt\/kokteiliai\/\">Kokteiliai<\/a><\/li>\r\n    <li class=\"breadcrumb-item\"> <a href=\"#\">Bacardi Mojito<\/a><\/li>\r\n<\/ol>\r\n\r\n<style>\r\n\r\n.breadcrumb-item{\r\n  display: inline;\r\n  font-size: 14px;\r\n  font-family: Segoe UI;\r\n  }\r\n\r\n.breadcrumb li+li:before{\r\n  padding: 2px;\r\n  content: \"\/\";\r\n  color: #72828f;\r\n}\r\n\r\n.breadcrumb-item a{\r\n  color: #72828f;\r\n  text-decoration: none;\r\n}\r\n\r\n.breadcrumb-item a:hover{\r\n  color: #00a79c;\r\n}\r\n<\/style>\r\n\r\n\t\t<\/div>\n\t\t\t\t<\/div>\n\t\t\t\t\t<\/div>\n\t\t<\/div>\n\t\t\t\t<div class=\"elementor-column elementor-col-33 elementor-top-column elementor-element elementor-element-019a8cf\" data-id=\"019a8cf\" data-element_type=\"column\">\n\t\t\t<div class=\"elementor-widget-wrap elementor-element-populated\">\n\t\t\t\t\t\t<div class=\"elementor-element elementor-element-9c96882 elementor-widget elementor-widget-html\" data-id=\"9c96882\" data-element_type=\"widget\" data-widget_type=\"html.default\">\n\t\t\t\t<div class=\"elementor-widget-container\">\n\t\t\t<link rel=\"stylesheet\" href=\"https:\/\/cdnjs.cloudflare.com\/ajax\/libs\/font-awesome\/5.9.0\/css\/all.min.css\" integrity=\"sha512-q3eWabyZPc1XTCmF+8\/LuE1ozpg5xxn7iO89yfSOd5\/oKvyqLngoNGsx8jq92Y8eXJ\/IRxQbEC+FGSYxtk2oiw==\" crossorigin=\"anonymous\" referrerpolicy=\"no-referrer\" \/>\r\n\r\n<div id=\"share-buttons\">\r\n  <a class=\"facebook\" target=\"blank\"><i class=\"fab fa-facebook\"><\/i><\/a>\r\n  \r\n  <a class=\"twitter\" target=\"blank\"><i class=\"fab fa-twitter\"><\/i><\/a>\r\n  \r\n  <a class=\"linkedin\" target=\"blank\"><i class=\"fab fa-linkedin\"><\/i><\/a>\r\n  \r\n    <a class=\"reddit\" target=\"blank\"><i class=\"fab fa-reddit\"><\/i><\/a>\r\n\r\n  <a class=\"whatsapp\" target=\"blank\"><i class=\"fab fa-whatsapp\"><\/i><\/a>\r\n\r\n<\/div>\r\n\r\n<style>\r\n\r\n#share-buttons i {\r\n  font-size: 15px;\r\n  margin: 2px;\r\n  \r\n}\r\n.facebook {\r\n      color: #A1ACB4;\r\n}\r\n.twitter {\r\n    color: #A1ACB4;\r\n}\r\n.linkedin {\r\n    color: #A1ACB4;\r\n}\r\n.reddit {\r\n    color: #A1ACB4;\r\n}\r\n.whatsapp {\r\n    color: #A1ACB4;\r\n}\r\n\r\n.facebook:hover, .twitter:hover, .linkedin:hover, .reddit:hover, .whatsapp:hover {\r\n  opacity: 0.6;\r\n}\r\n<\/style>\r\n\r\n<script>\r\n    const link = encodeURI(window.location.href);\r\n\r\nconst fb = document.querySelector('.facebook');\r\nfb.href = `https:\/\/www.facebook.com\/share.php?u=${link}`;\r\n\r\nconst twitter = document.querySelector('.twitter');\r\ntwitter.href = `http:\/\/twitter.com\/share?&url=${link}&text=&hashtags=javascript,programming`;\r\n\r\nconst linkedIn = document.querySelector('.linkedin');\r\nlinkedIn.href = `https:\/\/www.linkedin.com\/sharing\/share-offsite\/?url=${link}`;\r\n\r\nconst reddit = document.querySelector('.reddit');\r\nreddit.href = `http:\/\/www.reddit.com\/submit?url=${link}&title=`;\r\n\r\nconst whatsapp = document.querySelector('.whatsapp');\r\nwhatsapp.href = `https:\/\/api.whatsapp.com\/send?text=${link}`;\r\n<\/script>\r\n\r\n\t\t<\/div>\n\t\t\t\t<\/div>\n\t\t\t\t\t<\/div>\n\t\t<\/div>\n\t\t\t\t\t<\/div>\n\t\t<\/section>\n\t\t\t\t<section class=\"elementor-section elementor-top-section elementor-element elementor-element-cde431e elementor-section-boxed elementor-section-height-default elementor-section-height-default\" data-id=\"cde431e\" data-element_type=\"section\">\n\t\t\t\t\t\t<div class=\"elementor-container elementor-column-gap-default\">\n\t\t\t\t\t<div class=\"elementor-column elementor-col-50 elementor-top-column elementor-element elementor-element-15b80e1\" data-id=\"15b80e1\" data-element_type=\"column\">\n\t\t\t<div class=\"elementor-widget-wrap elementor-element-populated\">\n\t\t\t\t\t\t<div class=\"elementor-element elementor-element-cc11d22 elementor-widget elementor-widget-image\" data-id=\"cc11d22\" data-element_type=\"widget\" data-widget_type=\"image.default\">\n\t\t\t\t<div class=\"elementor-widget-container\">\n\t\t\t\t\t\t\t\t\t\t\t\t\t\t<a href=\"http:\/\/liviko.eu\/wp-content\/uploads\/2023\/01\/F20_Bacardi_Mojito_CST_MRM_Printing-1-327x600-1.png\" data-elementor-open-lightbox=\"yes\" data-elementor-lightbox-title=\"F20_Bacardi_Mojito_CST_MRM_Printing-1-327x600\" data-e-action-hash=\"#elementor-action%3Aaction%3Dlightbox%26settings%3DeyJpZCI6MzM2NTIsInVybCI6Imh0dHBzOlwvXC9saXZpa28uZXVcL3dwLWNvbnRlbnRcL3VwbG9hZHNcLzIwMjNcLzAxXC9GMjBfQmFjYXJkaV9Nb2ppdG9fQ1NUX01STV9QcmludGluZy0xLTMyN3g2MDAtMS5wbmcifQ%3D%3D\">\n\t\t\t\t\t\t\t<img fetchpriority=\"high\" decoding=\"async\" width=\"327\" height=\"600\" src=\"https:\/\/liviko.eu\/wp-content\/uploads\/2023\/01\/F20_Bacardi_Mojito_CST_MRM_Printing-1-327x600-1.png\" class=\"attachment-large size-large wp-image-33652\" alt=\"\" srcset=\"https:\/\/liviko.eu\/wp-content\/uploads\/2023\/01\/F20_Bacardi_Mojito_CST_MRM_Printing-1-327x600-1.png 327w, https:\/\/liviko.eu\/wp-content\/uploads\/2023\/01\/F20_Bacardi_Mojito_CST_MRM_Printing-1-327x600-1-174x320.png 174w\" sizes=\"(max-width: 327px) 100vw, 327px\" \/>\t\t\t\t\t\t\t\t<\/a>\n\t\t\t\t\t\t\t\t\t\t\t\t\t<\/div>\n\t\t\t\t<\/div>\n\t\t\t\t\t<\/div>\n\t\t<\/div>\n\t\t\t\t<div class=\"elementor-column elementor-col-50 elementor-top-column elementor-element elementor-element-7303df5\" data-id=\"7303df5\" data-element_type=\"column\">\n\t\t\t<div class=\"elementor-widget-wrap elementor-element-populated\">\n\t\t\t\t\t\t<div class=\"elementor-element elementor-element-03dcbd7 elementor-widget elementor-widget-heading\" data-id=\"03dcbd7\" data-element_type=\"widget\" data-widget_type=\"heading.default\">\n\t\t\t\t<div class=\"elementor-widget-container\">\n\t\t\t<h2 class=\"elementor-heading-title elementor-size-default\">Bacardi Mojito<\/h2>\t\t<\/div>\n\t\t\t\t<\/div>\n\t\t\t\t<div class=\"elementor-element elementor-element-ffdfdd1 elementor-widget elementor-widget-text-editor\" data-id=\"ffdfdd1\" data-element_type=\"widget\" data-widget_type=\"text-editor.default\">\n\t\t\t\t<div class=\"elementor-widget-container\">\n\t\t\t\t\t\t\t<p>40ml <a href=\"https:\/\/liviko.eu\/lt\/stiprieji-alkoholiniai-gerimai\/romas\/bacardi-carta-blanca\/\"><span style=\"color: #00a79c;\">Bacardi Carta Blanca<\/span><\/a><br \/>12 \u0161vie\u017ei\u0173 m\u0117tos lapeli\u0173<br \/>1\/2 laimo<br \/>3 a.\u0161. rudo cukraus<br \/>Gazuoto vandens<\/p><p>Gr\u016bstas ledas<\/p>\t\t\t\t\t\t<\/div>\n\t\t\t\t<\/div>\n\t\t\t\t<div class=\"elementor-element elementor-element-5b849b4 elementor-widget elementor-widget-heading\" data-id=\"5b849b4\" data-element_type=\"widget\" data-widget_type=\"heading.default\">\n\t\t\t\t<div class=\"elementor-widget-container\">\n\t\t\t<h2 class=\"elementor-heading-title elementor-size-default\">Paruo\u0161imas<\/h2>\t\t<\/div>\n\t\t\t\t<\/div>\n\t\t\t\t<div class=\"elementor-element elementor-element-4c871fd elementor-widget elementor-widget-text-editor\" data-id=\"4c871fd\" data-element_type=\"widget\" data-widget_type=\"text-editor.default\">\n\t\t\t\t<div class=\"elementor-widget-container\">\n\t\t\t\t\t\t\t<p>Supjaustykite laim\u0105 \u012f keturias dalis ir sud\u0117kite \u012f stiklin\u0119. \u012ed\u0117kite rudo cukraus ir visk\u0105 sugr\u016bskite gr\u016bstuve. \u012ed\u0117kite m\u0117tos lapelius. Stiklin\u0119 pripildykite ledu. \u012epilkite romo ir visk\u0105 gerai i\u0161mai\u0161ykite. \u012epilkite gazuoto vandens.<\/p>\t\t\t\t\t\t<\/div>\n\t\t\t\t<\/div>\n\t\t\t\t<div class=\"elementor-element elementor-element-b080214 elementor-widget elementor-widget-heading\" data-id=\"b080214\" data-element_type=\"widget\" data-widget_type=\"heading.default\">\n\t\t\t\t<div class=\"elementor-widget-container\">\n\t\t\t<h2 class=\"elementor-heading-title elementor-size-default\">Papuo\u0161imas<\/h2>\t\t<\/div>\n\t\t\t\t<\/div>\n\t\t\t\t<div class=\"elementor-element elementor-element-6bce4d2 elementor-widget elementor-widget-text-editor\" data-id=\"6bce4d2\" data-element_type=\"widget\" data-widget_type=\"text-editor.default\">\n\t\t\t\t<div class=\"elementor-widget-container\">\n\t\t\t\t\t\t\t<p>Laimo skiltel\u0117 ir m\u0117tos \u0161akel\u0117.<\/p>\t\t\t\t\t\t<\/div>\n\t\t\t\t<\/div>\n\t\t\t\t\t<\/div>\n\t\t<\/div>\n\t\t\t\t\t<\/div>\n\t\t<\/section>\n\t\t\t\t<\/div>\n\t\t","protected":false},"excerpt":{"rendered":"<p>Kokteiliai Bacardi Mojito Bacardi Mojito 40ml Bacardi Carta Blanca12 \u0161vie\u017ei\u0173 m\u0117tos lapeli\u01731\/2 laimo3 a.\u0161. rudo cukrausGazuoto vandens Gr\u016bstas ledas Paruo\u0161imas Supjaustykite laim\u0105 \u012f keturias dalis ir sud\u0117kite \u012f stiklin\u0119. \u012ed\u0117kite rudo cukraus ir visk\u0105 sugr\u016bskite gr\u016bstuve. \u012ed\u0117kite m\u0117tos lapelius. Stiklin\u0119&#8230;<\/p>\n","protected":false},"author":14,"featured_media":0,"parent":33478,"menu_order":0,"comment_status":"closed","ping_status":"closed","template":"elementor_header_footer","meta":{"_acf_changed":false,"inline_featured_image":false,"_monsterinsights_skip_tracking":false,"_monsterinsights_sitenote_active":false,"_monsterinsights_sitenote_note":"","_monsterinsights_sitenote_category":0,"footnotes":""},"categories":[295,292,287,294,284,301,291,289],"class_list":["post-30688","page","type-page","status-publish","hentry","category-bacardi","category-gaivus","category-pagrindinis-gerimas","category-prekinis-zenklas","category-romas","category-rugstus","category-saldus","category-skonis"],"acf":[],"yoast_head":"<!-- This site is optimized with the Yoast SEO plugin v24.0 - https:\/\/yoast.com\/wordpress\/plugins\/seo\/ -->\n<title>Bacardi Mojito - Liviko<\/title>\n<meta name=\"robots\" content=\"index, follow, max-snippet:-1, max-image-preview:large, max-video-preview:-1\" \/>\n<link rel=\"canonical\" href=\"https:\/\/liviko.eu\/lt\/kokteiliai\/bacardi-mojito\/\" \/>\n<meta property=\"og:locale\" content=\"lt_LT\" \/>\n<meta property=\"og:type\" content=\"article\" \/>\n<meta property=\"og:title\" content=\"Bacardi Mojito - Liviko\" \/>\n<meta property=\"og:description\" content=\"Kokteiliai Bacardi Mojito Bacardi Mojito 40ml Bacardi Carta Blanca12 \u0161vie\u017ei\u0173 m\u0117tos lapeli\u01731\/2 laimo3 a.\u0161. rudo cukrausGazuoto vandens Gr\u016bstas ledas Paruo\u0161imas Supjaustykite laim\u0105 \u012f keturias dalis ir sud\u0117kite \u012f stiklin\u0119. \u012ed\u0117kite rudo cukraus ir visk\u0105 sugr\u016bskite gr\u016bstuve. \u012ed\u0117kite m\u0117tos lapelius. Stiklin\u0119...\" \/>\n<meta property=\"og:url\" content=\"https:\/\/liviko.eu\/lt\/kokteiliai\/bacardi-mojito\/\" \/>\n<meta property=\"og:site_name\" content=\"Liviko\" \/>\n<meta property=\"article:publisher\" content=\"https:\/\/www.facebook.com\/LivikoDistillery\/\" \/>\n<meta property=\"article:modified_time\" content=\"2026-03-28T17:53:36+00:00\" \/>\n<meta property=\"og:image\" content=\"https:\/\/liviko.eu\/wp-content\/uploads\/2023\/01\/F20_Bacardi_Mojito_CST_MRM_Printing-1-327x600-1.png\" \/>\n\t<meta property=\"og:image:width\" content=\"327\" \/>\n\t<meta property=\"og:image:height\" content=\"600\" \/>\n\t<meta property=\"og:image:type\" content=\"image\/png\" \/>\n<meta name=\"twitter:card\" content=\"summary_large_image\" \/>\n<meta name=\"twitter:label1\" content=\"Est. reading time\" \/>\n\t<meta name=\"twitter:data1\" content=\"1 minut\u0117\" \/>\n<script type=\"application\/ld+json\" class=\"yoast-schema-graph\">{\"@context\":\"https:\/\/schema.org\",\"@graph\":[{\"@type\":\"WebPage\",\"@id\":\"https:\/\/liviko.eu\/lt\/kokteiliai\/bacardi-mojito\/\",\"url\":\"https:\/\/liviko.eu\/lt\/kokteiliai\/bacardi-mojito\/\",\"name\":\"Bacardi Mojito - Liviko\",\"isPartOf\":{\"@id\":\"https:\/\/liviko.eu\/lt\/#website\"},\"primaryImageOfPage\":{\"@id\":\"https:\/\/liviko.eu\/lt\/kokteiliai\/bacardi-mojito\/#primaryimage\"},\"image\":{\"@id\":\"https:\/\/liviko.eu\/lt\/kokteiliai\/bacardi-mojito\/#primaryimage\"},\"thumbnailUrl\":\"https:\/\/liviko.eu\/wp-content\/uploads\/2023\/01\/F20_Bacardi_Mojito_CST_MRM_Printing-1-327x600-1.png\",\"datePublished\":\"2022-06-14T10:39:41+00:00\",\"dateModified\":\"2026-03-28T17:53:36+00:00\",\"breadcrumb\":{\"@id\":\"https:\/\/liviko.eu\/lt\/kokteiliai\/bacardi-mojito\/#breadcrumb\"},\"inLanguage\":\"lt-LT\",\"potentialAction\":[{\"@type\":\"ReadAction\",\"target\":[\"https:\/\/liviko.eu\/lt\/kokteiliai\/bacardi-mojito\/\"]}]},{\"@type\":\"ImageObject\",\"inLanguage\":\"lt-LT\",\"@id\":\"https:\/\/liviko.eu\/lt\/kokteiliai\/bacardi-mojito\/#primaryimage\",\"url\":\"https:\/\/liviko.eu\/wp-content\/uploads\/2023\/01\/F20_Bacardi_Mojito_CST_MRM_Printing-1-327x600-1.png\",\"contentUrl\":\"https:\/\/liviko.eu\/wp-content\/uploads\/2023\/01\/F20_Bacardi_Mojito_CST_MRM_Printing-1-327x600-1.png\"},{\"@type\":\"BreadcrumbList\",\"@id\":\"https:\/\/liviko.eu\/lt\/kokteiliai\/bacardi-mojito\/#breadcrumb\",\"itemListElement\":[{\"@type\":\"ListItem\",\"position\":1,\"name\":\"Home\",\"item\":\"https:\/\/liviko.eu\/lt\/\"},{\"@type\":\"ListItem\",\"position\":2,\"name\":\"Kokteiliai\",\"item\":\"https:\/\/liviko.eu\/lt\/kokteiliai\/\"},{\"@type\":\"ListItem\",\"position\":3,\"name\":\"Bacardi Mojito\"}]},{\"@type\":\"WebSite\",\"@id\":\"https:\/\/liviko.eu\/lt\/#website\",\"url\":\"https:\/\/liviko.eu\/lt\/\",\"name\":\"Liviko\",\"description\":\"anno 1898\",\"publisher\":{\"@id\":\"https:\/\/liviko.eu\/lt\/#organization\"},\"potentialAction\":[{\"@type\":\"SearchAction\",\"target\":{\"@type\":\"EntryPoint\",\"urlTemplate\":\"https:\/\/liviko.eu\/lt\/?s={search_term_string}\"},\"query-input\":{\"@type\":\"PropertyValueSpecification\",\"valueRequired\":true,\"valueName\":\"search_term_string\"}}],\"inLanguage\":\"lt-LT\"},{\"@type\":\"Organization\",\"@id\":\"https:\/\/liviko.eu\/lt\/#organization\",\"name\":\"Liviko\",\"url\":\"https:\/\/liviko.eu\/lt\/\",\"logo\":{\"@type\":\"ImageObject\",\"inLanguage\":\"lt-LT\",\"@id\":\"https:\/\/liviko.eu\/lt\/#\/schema\/logo\/image\/\",\"url\":\"https:\/\/liviko.eu\/wp-content\/uploads\/2020\/10\/liviko_logo.png\",\"contentUrl\":\"https:\/\/liviko.eu\/wp-content\/uploads\/2020\/10\/liviko_logo.png\",\"width\":515,\"height\":181,\"caption\":\"Liviko\"},\"image\":{\"@id\":\"https:\/\/liviko.eu\/lt\/#\/schema\/logo\/image\/\"},\"sameAs\":[\"https:\/\/www.facebook.com\/LivikoDistillery\/\",\"https:\/\/www.instagram.com\/livikodistillery\",\"https:\/\/www.linkedin.com\/company\/liviko\/\",\"https:\/\/www.youtube.com\/channel\/UCnoHr-PaNxBHJO8nMDLVGuA\"]}]}<\/script>\n<!-- \/ Yoast SEO plugin. -->","yoast_head_json":{"title":"Bacardi Mojito - Liviko","robots":{"index":"index","follow":"follow","max-snippet":"max-snippet:-1","max-image-preview":"max-image-preview:large","max-video-preview":"max-video-preview:-1"},"canonical":"https:\/\/liviko.eu\/lt\/kokteiliai\/bacardi-mojito\/","og_locale":"lt_LT","og_type":"article","og_title":"Bacardi Mojito - Liviko","og_description":"Kokteiliai Bacardi Mojito Bacardi Mojito 40ml Bacardi Carta Blanca12 \u0161vie\u017ei\u0173 m\u0117tos lapeli\u01731\/2 laimo3 a.\u0161. rudo cukrausGazuoto vandens Gr\u016bstas ledas Paruo\u0161imas Supjaustykite laim\u0105 \u012f keturias dalis ir sud\u0117kite \u012f stiklin\u0119. \u012ed\u0117kite rudo cukraus ir visk\u0105 sugr\u016bskite gr\u016bstuve. \u012ed\u0117kite m\u0117tos lapelius. Stiklin\u0119...","og_url":"https:\/\/liviko.eu\/lt\/kokteiliai\/bacardi-mojito\/","og_site_name":"Liviko","article_publisher":"https:\/\/www.facebook.com\/LivikoDistillery\/","article_modified_time":"2026-03-28T17:53:36+00:00","og_image":[{"width":327,"height":600,"url":"https:\/\/liviko.eu\/wp-content\/uploads\/2023\/01\/F20_Bacardi_Mojito_CST_MRM_Printing-1-327x600-1.png","type":"image\/png"}],"twitter_card":"summary_large_image","twitter_misc":{"Est. reading time":"1 minut\u0117"},"schema":{"@context":"https:\/\/schema.org","@graph":[{"@type":"WebPage","@id":"https:\/\/liviko.eu\/lt\/kokteiliai\/bacardi-mojito\/","url":"https:\/\/liviko.eu\/lt\/kokteiliai\/bacardi-mojito\/","name":"Bacardi Mojito - Liviko","isPartOf":{"@id":"https:\/\/liviko.eu\/lt\/#website"},"primaryImageOfPage":{"@id":"https:\/\/liviko.eu\/lt\/kokteiliai\/bacardi-mojito\/#primaryimage"},"image":{"@id":"https:\/\/liviko.eu\/lt\/kokteiliai\/bacardi-mojito\/#primaryimage"},"thumbnailUrl":"https:\/\/liviko.eu\/wp-content\/uploads\/2023\/01\/F20_Bacardi_Mojito_CST_MRM_Printing-1-327x600-1.png","datePublished":"2022-06-14T10:39:41+00:00","dateModified":"2026-03-28T17:53:36+00:00","breadcrumb":{"@id":"https:\/\/liviko.eu\/lt\/kokteiliai\/bacardi-mojito\/#breadcrumb"},"inLanguage":"lt-LT","potentialAction":[{"@type":"ReadAction","target":["https:\/\/liviko.eu\/lt\/kokteiliai\/bacardi-mojito\/"]}]},{"@type":"ImageObject","inLanguage":"lt-LT","@id":"https:\/\/liviko.eu\/lt\/kokteiliai\/bacardi-mojito\/#primaryimage","url":"https:\/\/liviko.eu\/wp-content\/uploads\/2023\/01\/F20_Bacardi_Mojito_CST_MRM_Printing-1-327x600-1.png","contentUrl":"https:\/\/liviko.eu\/wp-content\/uploads\/2023\/01\/F20_Bacardi_Mojito_CST_MRM_Printing-1-327x600-1.png"},{"@type":"BreadcrumbList","@id":"https:\/\/liviko.eu\/lt\/kokteiliai\/bacardi-mojito\/#breadcrumb","itemListElement":[{"@type":"ListItem","position":1,"name":"Home","item":"https:\/\/liviko.eu\/lt\/"},{"@type":"ListItem","position":2,"name":"Kokteiliai","item":"https:\/\/liviko.eu\/lt\/kokteiliai\/"},{"@type":"ListItem","position":3,"name":"Bacardi Mojito"}]},{"@type":"WebSite","@id":"https:\/\/liviko.eu\/lt\/#website","url":"https:\/\/liviko.eu\/lt\/","name":"Liviko","description":"anno 1898","publisher":{"@id":"https:\/\/liviko.eu\/lt\/#organization"},"potentialAction":[{"@type":"SearchAction","target":{"@type":"EntryPoint","urlTemplate":"https:\/\/liviko.eu\/lt\/?s={search_term_string}"},"query-input":{"@type":"PropertyValueSpecification","valueRequired":true,"valueName":"search_term_string"}}],"inLanguage":"lt-LT"},{"@type":"Organization","@id":"https:\/\/liviko.eu\/lt\/#organization","name":"Liviko","url":"https:\/\/liviko.eu\/lt\/","logo":{"@type":"ImageObject","inLanguage":"lt-LT","@id":"https:\/\/liviko.eu\/lt\/#\/schema\/logo\/image\/","url":"https:\/\/liviko.eu\/wp-content\/uploads\/2020\/10\/liviko_logo.png","contentUrl":"https:\/\/liviko.eu\/wp-content\/uploads\/2020\/10\/liviko_logo.png","width":515,"height":181,"caption":"Liviko"},"image":{"@id":"https:\/\/liviko.eu\/lt\/#\/schema\/logo\/image\/"},"sameAs":["https:\/\/www.facebook.com\/LivikoDistillery\/","https:\/\/www.instagram.com\/livikodistillery","https:\/\/www.linkedin.com\/company\/liviko\/","https:\/\/www.youtube.com\/channel\/UCnoHr-PaNxBHJO8nMDLVGuA"]}]}},"_links":{"self":[{"href":"https:\/\/liviko.eu\/lt\/wp-json\/wp\/v2\/pages\/30688","targetHints":{"allow":["GET"]}}],"collection":[{"href":"https:\/\/liviko.eu\/lt\/wp-json\/wp\/v2\/pages"}],"about":[{"href":"https:\/\/liviko.eu\/lt\/wp-json\/wp\/v2\/types\/page"}],"author":[{"embeddable":true,"href":"https:\/\/liviko.eu\/lt\/wp-json\/wp\/v2\/users\/14"}],"replies":[{"embeddable":true,"href":"https:\/\/liviko.eu\/lt\/wp-json\/wp\/v2\/comments?post=30688"}],"version-history":[{"count":31,"href":"https:\/\/liviko.eu\/lt\/wp-json\/wp\/v2\/pages\/30688\/revisions"}],"predecessor-version":[{"id":58037,"href":"https:\/\/liviko.eu\/lt\/wp-json\/wp\/v2\/pages\/30688\/revisions\/58037"}],"up":[{"embeddable":true,"href":"https:\/\/liviko.eu\/lt\/wp-json\/wp\/v2\/pages\/33478"}],"wp:attachment":[{"href":"https:\/\/liviko.eu\/lt\/wp-json\/wp\/v2\/media?parent=30688"}],"wp:term":[{"taxonomy":"category","embeddable":true,"href":"https:\/\/liviko.eu\/lt\/wp-json\/wp\/v2\/categories?post=30688"}],"curies":[{"name":"wp","href":"https:\/\/api.w.org\/{rel}","templated":true}]}}