{"id":30758,"date":"2022-06-14T11:31:38","date_gmt":"2022-06-14T11:31:38","guid":{"rendered":"https:\/\/liviko.eu\/?page_id=30758"},"modified":"2026-03-28T17:54:51","modified_gmt":"2026-03-28T17:54:51","slug":"vana-tallinn-grapefruit","status":"publish","type":"page","link":"https:\/\/liviko.eu\/lt\/kokteiliai\/vana-tallinn-grapefruit\/","title":{"rendered":"Vana Tallinn Grapefruit"},"content":{"rendered":"\t\t<div data-elementor-type=\"wp-page\" data-elementor-id=\"30758\" class=\"elementor elementor-30758\">\n\t\t\t\t\t\t<section class=\"elementor-section elementor-top-section elementor-element elementor-element-2348a64 elementor-section-boxed elementor-section-height-default elementor-section-height-default\" data-id=\"2348a64\" data-element_type=\"section\">\n\t\t\t\t\t\t<div class=\"elementor-container elementor-column-gap-default\">\n\t\t\t\t\t<div class=\"elementor-column elementor-col-100 elementor-top-column elementor-element elementor-element-6ae3b82\" data-id=\"6ae3b82\" data-element_type=\"column\">\n\t\t\t<div class=\"elementor-widget-wrap elementor-element-populated\">\n\t\t\t\t\t\t<div class=\"elementor-element elementor-element-674e845 elementor-widget elementor-widget-spacer\" data-id=\"674e845\" data-element_type=\"widget\" data-widget_type=\"spacer.default\">\n\t\t\t\t<div class=\"elementor-widget-container\">\n\t\t\t\t\t<div class=\"elementor-spacer\">\n\t\t\t<div class=\"elementor-spacer-inner\"><\/div>\n\t\t<\/div>\n\t\t\t\t<\/div>\n\t\t\t\t<\/div>\n\t\t\t\t\t<\/div>\n\t\t<\/div>\n\t\t\t\t\t<\/div>\n\t\t<\/section>\n\t\t\t\t<section class=\"elementor-section elementor-top-section elementor-element elementor-element-099e32e elementor-section-boxed elementor-section-height-default elementor-section-height-default\" data-id=\"099e32e\" data-element_type=\"section\">\n\t\t\t\t\t\t<div class=\"elementor-container elementor-column-gap-default\">\n\t\t\t\t\t<div class=\"elementor-column elementor-col-33 elementor-top-column elementor-element elementor-element-e72f0ab\" data-id=\"e72f0ab\" data-element_type=\"column\">\n\t\t\t<div class=\"elementor-widget-wrap\">\n\t\t\t\t\t\t\t<\/div>\n\t\t<\/div>\n\t\t\t\t<div class=\"elementor-column elementor-col-33 elementor-top-column elementor-element elementor-element-453eef5\" data-id=\"453eef5\" data-element_type=\"column\">\n\t\t\t<div class=\"elementor-widget-wrap elementor-element-populated\">\n\t\t\t\t\t\t<div class=\"elementor-element elementor-element-1bc6997 elementor-widget elementor-widget-html\" data-id=\"1bc6997\" data-element_type=\"widget\" data-widget_type=\"html.default\">\n\t\t\t\t<div class=\"elementor-widget-container\">\n\t\t\t<ol class=\"breadcrumb\">\r\n    <li class=\"breadcrumb-item\"> <a href=\"https:\/\/liviko.eu\/lt\/kokteiliai\/\">Kokteiliai<\/a><\/li>\r\n    <li class=\"breadcrumb-item\"> <a href=\"#\">Vana Tallinn Grapefruit<\/a><\/li>\r\n<\/ol>\r\n\r\n<style>\r\n\r\n.breadcrumb-item{\r\n  display: inline;\r\n  font-size: 14px;\r\n  font-family: Segoe UI;\r\n  }\r\n\r\n.breadcrumb li+li:before{\r\n  padding: 2px;\r\n  content: \"\/\";\r\n  color: #72828f;\r\n}\r\n\r\n.breadcrumb-item a{\r\n  color: #72828f;\r\n  text-decoration: none;\r\n}\r\n\r\n.breadcrumb-item a:hover{\r\n  color: #00a79c;\r\n}\r\n<\/style>\r\n\r\n\t\t<\/div>\n\t\t\t\t<\/div>\n\t\t\t\t\t<\/div>\n\t\t<\/div>\n\t\t\t\t<div class=\"elementor-column elementor-col-33 elementor-top-column elementor-element elementor-element-5830900\" data-id=\"5830900\" data-element_type=\"column\">\n\t\t\t<div class=\"elementor-widget-wrap elementor-element-populated\">\n\t\t\t\t\t\t<div class=\"elementor-element elementor-element-00edba8 elementor-widget elementor-widget-html\" data-id=\"00edba8\" data-element_type=\"widget\" data-widget_type=\"html.default\">\n\t\t\t\t<div class=\"elementor-widget-container\">\n\t\t\t<link rel=\"stylesheet\" href=\"https:\/\/cdnjs.cloudflare.com\/ajax\/libs\/font-awesome\/5.9.0\/css\/all.min.css\" integrity=\"sha512-q3eWabyZPc1XTCmF+8\/LuE1ozpg5xxn7iO89yfSOd5\/oKvyqLngoNGsx8jq92Y8eXJ\/IRxQbEC+FGSYxtk2oiw==\" crossorigin=\"anonymous\" referrerpolicy=\"no-referrer\" \/>\r\n\r\n<div id=\"share-buttons\">\r\n  <a class=\"facebook\" target=\"blank\"><i class=\"fab fa-facebook\"><\/i><\/a>\r\n  \r\n  <a class=\"twitter\" target=\"blank\"><i class=\"fab fa-twitter\"><\/i><\/a>\r\n  \r\n  <a class=\"linkedin\" target=\"blank\"><i class=\"fab fa-linkedin\"><\/i><\/a>\r\n  \r\n    <a class=\"reddit\" target=\"blank\"><i class=\"fab fa-reddit\"><\/i><\/a>\r\n\r\n  <a class=\"whatsapp\" target=\"blank\"><i class=\"fab fa-whatsapp\"><\/i><\/a>\r\n\r\n<\/div>\r\n\r\n<style>\r\n\r\n#share-buttons i {\r\n  font-size: 15px;\r\n  margin: 2px;\r\n  \r\n}\r\n.facebook {\r\n      color: #A1ACB4;\r\n}\r\n.twitter {\r\n    color: #A1ACB4;\r\n}\r\n.linkedin {\r\n    color: #A1ACB4;\r\n}\r\n.reddit {\r\n    color: #A1ACB4;\r\n}\r\n.whatsapp {\r\n    color: #A1ACB4;\r\n}\r\n\r\n.facebook:hover, .twitter:hover, .linkedin:hover, .reddit:hover, .whatsapp:hover {\r\n  opacity: 0.6;\r\n}\r\n<\/style>\r\n\r\n<script>\r\n    const link = encodeURI(window.location.href);\r\n\r\nconst fb = document.querySelector('.facebook');\r\nfb.href = `https:\/\/www.facebook.com\/share.php?u=${link}`;\r\n\r\nconst twitter = document.querySelector('.twitter');\r\ntwitter.href = `http:\/\/twitter.com\/share?&url=${link}&text=&hashtags=javascript,programming`;\r\n\r\nconst linkedIn = document.querySelector('.linkedin');\r\nlinkedIn.href = `https:\/\/www.linkedin.com\/sharing\/share-offsite\/?url=${link}`;\r\n\r\nconst reddit = document.querySelector('.reddit');\r\nreddit.href = `http:\/\/www.reddit.com\/submit?url=${link}&title=`;\r\n\r\nconst whatsapp = document.querySelector('.whatsapp');\r\nwhatsapp.href = `https:\/\/api.whatsapp.com\/send?text=${link}`;\r\n<\/script>\r\n\r\n\t\t<\/div>\n\t\t\t\t<\/div>\n\t\t\t\t\t<\/div>\n\t\t<\/div>\n\t\t\t\t\t<\/div>\n\t\t<\/section>\n\t\t\t\t<section class=\"elementor-section elementor-top-section elementor-element elementor-element-657257d elementor-section-boxed elementor-section-height-default elementor-section-height-default\" data-id=\"657257d\" data-element_type=\"section\">\n\t\t\t\t\t\t<div class=\"elementor-container elementor-column-gap-default\">\n\t\t\t\t\t<div class=\"elementor-column elementor-col-50 elementor-top-column elementor-element elementor-element-69aff5b\" data-id=\"69aff5b\" data-element_type=\"column\">\n\t\t\t<div class=\"elementor-widget-wrap elementor-element-populated\">\n\t\t\t\t\t\t<div class=\"elementor-element elementor-element-d6b725b elementor-widget elementor-widget-image\" data-id=\"d6b725b\" data-element_type=\"widget\" data-widget_type=\"image.default\">\n\t\t\t\t<div class=\"elementor-widget-container\">\n\t\t\t\t\t\t\t\t\t\t\t\t\t\t<a href=\"http:\/\/liviko.eu\/wp-content\/uploads\/2023\/01\/VT_Grapefruit_valge-407x600-2.jpg\" data-elementor-open-lightbox=\"yes\" data-elementor-lightbox-title=\"VT_Grapefruit_valge-407x600-2\" data-e-action-hash=\"#elementor-action%3Aaction%3Dlightbox%26settings%3DeyJpZCI6MzM4NDIsInVybCI6Imh0dHBzOlwvXC9saXZpa28uZXVcL3dwLWNvbnRlbnRcL3VwbG9hZHNcLzIwMjNcLzAxXC9WVF9HcmFwZWZydWl0X3ZhbGdlLTQwN3g2MDAtMi5qcGcifQ%3D%3D\">\n\t\t\t\t\t\t\t<img fetchpriority=\"high\" decoding=\"async\" width=\"203\" height=\"477\" src=\"https:\/\/liviko.eu\/wp-content\/uploads\/2023\/01\/VT_Grapefruit_valge-407x600-2.jpg\" class=\"attachment-large size-large wp-image-33842\" alt=\"\" srcset=\"https:\/\/liviko.eu\/wp-content\/uploads\/2023\/01\/VT_Grapefruit_valge-407x600-2.jpg 203w, https:\/\/liviko.eu\/wp-content\/uploads\/2023\/01\/VT_Grapefruit_valge-407x600-2-136x320.jpg 136w\" sizes=\"(max-width: 203px) 100vw, 203px\" \/>\t\t\t\t\t\t\t\t<\/a>\n\t\t\t\t\t\t\t\t\t\t\t\t\t<\/div>\n\t\t\t\t<\/div>\n\t\t\t\t\t<\/div>\n\t\t<\/div>\n\t\t\t\t<div class=\"elementor-column elementor-col-50 elementor-top-column elementor-element elementor-element-70abcd9\" data-id=\"70abcd9\" data-element_type=\"column\">\n\t\t\t<div class=\"elementor-widget-wrap elementor-element-populated\">\n\t\t\t\t\t\t<div class=\"elementor-element elementor-element-18164f7 elementor-widget elementor-widget-heading\" data-id=\"18164f7\" data-element_type=\"widget\" data-widget_type=\"heading.default\">\n\t\t\t\t<div class=\"elementor-widget-container\">\n\t\t\t<h2 class=\"elementor-heading-title elementor-size-default\">Vana Tallinn Grapefruit<\/h2>\t\t<\/div>\n\t\t\t\t<\/div>\n\t\t\t\t<div class=\"elementor-element elementor-element-818327d elementor-widget elementor-widget-text-editor\" data-id=\"818327d\" data-element_type=\"widget\" data-widget_type=\"text-editor.default\">\n\t\t\t\t<div class=\"elementor-widget-container\">\n\t\t\t\t\t\t\t<p>40ml <a href=\"https:\/\/liviko.eu\/lt\/stiprieji-alkoholiniai-gerimai\/likeris\/vana-tallinn\/\"><span style=\"color: #00a79c;\">Vana Tallinn<\/span><\/a><br \/>100ml Greipfrut\u0173 sultys<\/p><p>Ledo kubeliai<\/p>\t\t\t\t\t\t<\/div>\n\t\t\t\t<\/div>\n\t\t\t\t<div class=\"elementor-element elementor-element-c3bb34b elementor-widget elementor-widget-heading\" data-id=\"c3bb34b\" data-element_type=\"widget\" data-widget_type=\"heading.default\">\n\t\t\t\t<div class=\"elementor-widget-container\">\n\t\t\t<h2 class=\"elementor-heading-title elementor-size-default\">Paruo\u0161imas<\/h2>\t\t<\/div>\n\t\t\t\t<\/div>\n\t\t\t\t<div class=\"elementor-element elementor-element-ba4087f elementor-widget elementor-widget-text-editor\" data-id=\"ba4087f\" data-element_type=\"widget\" data-widget_type=\"text-editor.default\">\n\t\t\t\t<div class=\"elementor-widget-container\">\n\t\t\t\t\t\t\t<p>\u012e taur\u0119 su ledu supilkite visus ingredientus. Gerai i\u0161mai\u0161ykite.<\/p>\t\t\t\t\t\t<\/div>\n\t\t\t\t<\/div>\n\t\t\t\t<div class=\"elementor-element elementor-element-972d1fd elementor-widget elementor-widget-heading\" data-id=\"972d1fd\" data-element_type=\"widget\" data-widget_type=\"heading.default\">\n\t\t\t\t<div class=\"elementor-widget-container\">\n\t\t\t<h2 class=\"elementor-heading-title elementor-size-default\">Papuo\u0161imas<\/h2>\t\t<\/div>\n\t\t\t\t<\/div>\n\t\t\t\t<div class=\"elementor-element elementor-element-bdad272 elementor-widget elementor-widget-text-editor\" data-id=\"bdad272\" data-element_type=\"widget\" data-widget_type=\"text-editor.default\">\n\t\t\t\t<div class=\"elementor-widget-container\">\n\t\t\t\t\t\t\t<p>Greipfruto skiltel\u0117.<\/p>\t\t\t\t\t\t<\/div>\n\t\t\t\t<\/div>\n\t\t\t\t\t<\/div>\n\t\t<\/div>\n\t\t\t\t\t<\/div>\n\t\t<\/section>\n\t\t\t\t<\/div>\n\t\t","protected":false},"excerpt":{"rendered":"<p>Kokteiliai Vana Tallinn Grapefruit Vana Tallinn Grapefruit 40ml Vana Tallinn100ml Greipfrut\u0173 sultys Ledo kubeliai Paruo\u0161imas \u012e taur\u0119 su ledu supilkite visus ingredientus. Gerai i\u0161mai\u0161ykite. Papuo\u0161imas Greipfruto skiltel\u0117.<\/p>\n","protected":false},"author":14,"featured_media":0,"parent":33478,"menu_order":0,"comment_status":"closed","ping_status":"closed","template":"elementor_header_footer","meta":{"_acf_changed":false,"inline_featured_image":false,"_monsterinsights_skip_tracking":false,"_monsterinsights_sitenote_active":false,"_monsterinsights_sitenote_note":"","_monsterinsights_sitenote_category":0,"footnotes":""},"categories":[],"class_list":["post-30758","page","type-page","status-publish","hentry"],"acf":[],"yoast_head":"<!-- This site is optimized with the Yoast SEO plugin v24.0 - https:\/\/yoast.com\/wordpress\/plugins\/seo\/ -->\n<title>Vana Tallinn Grapefruit - Liviko<\/title>\n<meta name=\"robots\" content=\"index, follow, max-snippet:-1, max-image-preview:large, max-video-preview:-1\" \/>\n<link rel=\"canonical\" href=\"https:\/\/liviko.eu\/lt\/kokteiliai\/vana-tallinn-grapefruit\/\" \/>\n<meta property=\"og:locale\" content=\"lt_LT\" \/>\n<meta property=\"og:type\" content=\"article\" \/>\n<meta property=\"og:title\" content=\"Vana Tallinn Grapefruit - Liviko\" \/>\n<meta property=\"og:description\" content=\"Kokteiliai Vana Tallinn Grapefruit Vana Tallinn Grapefruit 40ml Vana Tallinn100ml Greipfrut\u0173 sultys Ledo kubeliai Paruo\u0161imas \u012e taur\u0119 su ledu supilkite visus ingredientus. Gerai i\u0161mai\u0161ykite. Papuo\u0161imas Greipfruto skiltel\u0117.\" \/>\n<meta property=\"og:url\" content=\"https:\/\/liviko.eu\/lt\/kokteiliai\/vana-tallinn-grapefruit\/\" \/>\n<meta property=\"og:site_name\" content=\"Liviko\" \/>\n<meta property=\"article:publisher\" content=\"https:\/\/www.facebook.com\/LivikoDistillery\/\" \/>\n<meta property=\"article:modified_time\" content=\"2026-03-28T17:54:51+00:00\" \/>\n<meta property=\"og:image\" content=\"https:\/\/liviko.eu\/wp-content\/uploads\/2023\/01\/VT_Grapefruit_valge-407x600-2.jpg\" \/>\n\t<meta property=\"og:image:width\" content=\"203\" \/>\n\t<meta property=\"og:image:height\" content=\"477\" \/>\n\t<meta property=\"og:image:type\" content=\"image\/jpeg\" \/>\n<meta name=\"twitter:card\" content=\"summary_large_image\" \/>\n<meta name=\"twitter:label1\" content=\"Est. reading time\" \/>\n\t<meta name=\"twitter:data1\" content=\"2 minut\u0117s\" \/>\n<script type=\"application\/ld+json\" class=\"yoast-schema-graph\">{\"@context\":\"https:\/\/schema.org\",\"@graph\":[{\"@type\":\"WebPage\",\"@id\":\"https:\/\/liviko.eu\/lt\/kokteiliai\/vana-tallinn-grapefruit\/\",\"url\":\"https:\/\/liviko.eu\/lt\/kokteiliai\/vana-tallinn-grapefruit\/\",\"name\":\"Vana Tallinn Grapefruit - Liviko\",\"isPartOf\":{\"@id\":\"https:\/\/liviko.eu\/lt\/#website\"},\"primaryImageOfPage\":{\"@id\":\"https:\/\/liviko.eu\/lt\/kokteiliai\/vana-tallinn-grapefruit\/#primaryimage\"},\"image\":{\"@id\":\"https:\/\/liviko.eu\/lt\/kokteiliai\/vana-tallinn-grapefruit\/#primaryimage\"},\"thumbnailUrl\":\"https:\/\/liviko.eu\/wp-content\/uploads\/2023\/01\/VT_Grapefruit_valge-407x600-2.jpg\",\"datePublished\":\"2022-06-14T11:31:38+00:00\",\"dateModified\":\"2026-03-28T17:54:51+00:00\",\"breadcrumb\":{\"@id\":\"https:\/\/liviko.eu\/lt\/kokteiliai\/vana-tallinn-grapefruit\/#breadcrumb\"},\"inLanguage\":\"lt-LT\",\"potentialAction\":[{\"@type\":\"ReadAction\",\"target\":[\"https:\/\/liviko.eu\/lt\/kokteiliai\/vana-tallinn-grapefruit\/\"]}]},{\"@type\":\"ImageObject\",\"inLanguage\":\"lt-LT\",\"@id\":\"https:\/\/liviko.eu\/lt\/kokteiliai\/vana-tallinn-grapefruit\/#primaryimage\",\"url\":\"https:\/\/liviko.eu\/wp-content\/uploads\/2023\/01\/VT_Grapefruit_valge-407x600-2.jpg\",\"contentUrl\":\"https:\/\/liviko.eu\/wp-content\/uploads\/2023\/01\/VT_Grapefruit_valge-407x600-2.jpg\"},{\"@type\":\"BreadcrumbList\",\"@id\":\"https:\/\/liviko.eu\/lt\/kokteiliai\/vana-tallinn-grapefruit\/#breadcrumb\",\"itemListElement\":[{\"@type\":\"ListItem\",\"position\":1,\"name\":\"Home\",\"item\":\"https:\/\/liviko.eu\/lt\/\"},{\"@type\":\"ListItem\",\"position\":2,\"name\":\"Kokteiliai\",\"item\":\"https:\/\/liviko.eu\/lt\/kokteiliai\/\"},{\"@type\":\"ListItem\",\"position\":3,\"name\":\"Vana Tallinn Grapefruit\"}]},{\"@type\":\"WebSite\",\"@id\":\"https:\/\/liviko.eu\/lt\/#website\",\"url\":\"https:\/\/liviko.eu\/lt\/\",\"name\":\"Liviko\",\"description\":\"anno 1898\",\"publisher\":{\"@id\":\"https:\/\/liviko.eu\/lt\/#organization\"},\"potentialAction\":[{\"@type\":\"SearchAction\",\"target\":{\"@type\":\"EntryPoint\",\"urlTemplate\":\"https:\/\/liviko.eu\/lt\/?s={search_term_string}\"},\"query-input\":{\"@type\":\"PropertyValueSpecification\",\"valueRequired\":true,\"valueName\":\"search_term_string\"}}],\"inLanguage\":\"lt-LT\"},{\"@type\":\"Organization\",\"@id\":\"https:\/\/liviko.eu\/lt\/#organization\",\"name\":\"Liviko\",\"url\":\"https:\/\/liviko.eu\/lt\/\",\"logo\":{\"@type\":\"ImageObject\",\"inLanguage\":\"lt-LT\",\"@id\":\"https:\/\/liviko.eu\/lt\/#\/schema\/logo\/image\/\",\"url\":\"https:\/\/liviko.eu\/wp-content\/uploads\/2020\/10\/liviko_logo.png\",\"contentUrl\":\"https:\/\/liviko.eu\/wp-content\/uploads\/2020\/10\/liviko_logo.png\",\"width\":515,\"height\":181,\"caption\":\"Liviko\"},\"image\":{\"@id\":\"https:\/\/liviko.eu\/lt\/#\/schema\/logo\/image\/\"},\"sameAs\":[\"https:\/\/www.facebook.com\/LivikoDistillery\/\",\"https:\/\/www.instagram.com\/livikodistillery\",\"https:\/\/www.linkedin.com\/company\/liviko\/\",\"https:\/\/www.youtube.com\/channel\/UCnoHr-PaNxBHJO8nMDLVGuA\"]}]}<\/script>\n<!-- \/ Yoast SEO plugin. -->","yoast_head_json":{"title":"Vana Tallinn Grapefruit - Liviko","robots":{"index":"index","follow":"follow","max-snippet":"max-snippet:-1","max-image-preview":"max-image-preview:large","max-video-preview":"max-video-preview:-1"},"canonical":"https:\/\/liviko.eu\/lt\/kokteiliai\/vana-tallinn-grapefruit\/","og_locale":"lt_LT","og_type":"article","og_title":"Vana Tallinn Grapefruit - Liviko","og_description":"Kokteiliai Vana Tallinn Grapefruit Vana Tallinn Grapefruit 40ml Vana Tallinn100ml Greipfrut\u0173 sultys Ledo kubeliai Paruo\u0161imas \u012e taur\u0119 su ledu supilkite visus ingredientus. Gerai i\u0161mai\u0161ykite. Papuo\u0161imas Greipfruto skiltel\u0117.","og_url":"https:\/\/liviko.eu\/lt\/kokteiliai\/vana-tallinn-grapefruit\/","og_site_name":"Liviko","article_publisher":"https:\/\/www.facebook.com\/LivikoDistillery\/","article_modified_time":"2026-03-28T17:54:51+00:00","og_image":[{"width":203,"height":477,"url":"https:\/\/liviko.eu\/wp-content\/uploads\/2023\/01\/VT_Grapefruit_valge-407x600-2.jpg","type":"image\/jpeg"}],"twitter_card":"summary_large_image","twitter_misc":{"Est. reading time":"2 minut\u0117s"},"schema":{"@context":"https:\/\/schema.org","@graph":[{"@type":"WebPage","@id":"https:\/\/liviko.eu\/lt\/kokteiliai\/vana-tallinn-grapefruit\/","url":"https:\/\/liviko.eu\/lt\/kokteiliai\/vana-tallinn-grapefruit\/","name":"Vana Tallinn Grapefruit - Liviko","isPartOf":{"@id":"https:\/\/liviko.eu\/lt\/#website"},"primaryImageOfPage":{"@id":"https:\/\/liviko.eu\/lt\/kokteiliai\/vana-tallinn-grapefruit\/#primaryimage"},"image":{"@id":"https:\/\/liviko.eu\/lt\/kokteiliai\/vana-tallinn-grapefruit\/#primaryimage"},"thumbnailUrl":"https:\/\/liviko.eu\/wp-content\/uploads\/2023\/01\/VT_Grapefruit_valge-407x600-2.jpg","datePublished":"2022-06-14T11:31:38+00:00","dateModified":"2026-03-28T17:54:51+00:00","breadcrumb":{"@id":"https:\/\/liviko.eu\/lt\/kokteiliai\/vana-tallinn-grapefruit\/#breadcrumb"},"inLanguage":"lt-LT","potentialAction":[{"@type":"ReadAction","target":["https:\/\/liviko.eu\/lt\/kokteiliai\/vana-tallinn-grapefruit\/"]}]},{"@type":"ImageObject","inLanguage":"lt-LT","@id":"https:\/\/liviko.eu\/lt\/kokteiliai\/vana-tallinn-grapefruit\/#primaryimage","url":"https:\/\/liviko.eu\/wp-content\/uploads\/2023\/01\/VT_Grapefruit_valge-407x600-2.jpg","contentUrl":"https:\/\/liviko.eu\/wp-content\/uploads\/2023\/01\/VT_Grapefruit_valge-407x600-2.jpg"},{"@type":"BreadcrumbList","@id":"https:\/\/liviko.eu\/lt\/kokteiliai\/vana-tallinn-grapefruit\/#breadcrumb","itemListElement":[{"@type":"ListItem","position":1,"name":"Home","item":"https:\/\/liviko.eu\/lt\/"},{"@type":"ListItem","position":2,"name":"Kokteiliai","item":"https:\/\/liviko.eu\/lt\/kokteiliai\/"},{"@type":"ListItem","position":3,"name":"Vana Tallinn Grapefruit"}]},{"@type":"WebSite","@id":"https:\/\/liviko.eu\/lt\/#website","url":"https:\/\/liviko.eu\/lt\/","name":"Liviko","description":"anno 1898","publisher":{"@id":"https:\/\/liviko.eu\/lt\/#organization"},"potentialAction":[{"@type":"SearchAction","target":{"@type":"EntryPoint","urlTemplate":"https:\/\/liviko.eu\/lt\/?s={search_term_string}"},"query-input":{"@type":"PropertyValueSpecification","valueRequired":true,"valueName":"search_term_string"}}],"inLanguage":"lt-LT"},{"@type":"Organization","@id":"https:\/\/liviko.eu\/lt\/#organization","name":"Liviko","url":"https:\/\/liviko.eu\/lt\/","logo":{"@type":"ImageObject","inLanguage":"lt-LT","@id":"https:\/\/liviko.eu\/lt\/#\/schema\/logo\/image\/","url":"https:\/\/liviko.eu\/wp-content\/uploads\/2020\/10\/liviko_logo.png","contentUrl":"https:\/\/liviko.eu\/wp-content\/uploads\/2020\/10\/liviko_logo.png","width":515,"height":181,"caption":"Liviko"},"image":{"@id":"https:\/\/liviko.eu\/lt\/#\/schema\/logo\/image\/"},"sameAs":["https:\/\/www.facebook.com\/LivikoDistillery\/","https:\/\/www.instagram.com\/livikodistillery","https:\/\/www.linkedin.com\/company\/liviko\/","https:\/\/www.youtube.com\/channel\/UCnoHr-PaNxBHJO8nMDLVGuA"]}]}},"_links":{"self":[{"href":"https:\/\/liviko.eu\/lt\/wp-json\/wp\/v2\/pages\/30758","targetHints":{"allow":["GET"]}}],"collection":[{"href":"https:\/\/liviko.eu\/lt\/wp-json\/wp\/v2\/pages"}],"about":[{"href":"https:\/\/liviko.eu\/lt\/wp-json\/wp\/v2\/types\/page"}],"author":[{"embeddable":true,"href":"https:\/\/liviko.eu\/lt\/wp-json\/wp\/v2\/users\/14"}],"replies":[{"embeddable":true,"href":"https:\/\/liviko.eu\/lt\/wp-json\/wp\/v2\/comments?post=30758"}],"version-history":[{"count":30,"href":"https:\/\/liviko.eu\/lt\/wp-json\/wp\/v2\/pages\/30758\/revisions"}],"predecessor-version":[{"id":58052,"href":"https:\/\/liviko.eu\/lt\/wp-json\/wp\/v2\/pages\/30758\/revisions\/58052"}],"up":[{"embeddable":true,"href":"https:\/\/liviko.eu\/lt\/wp-json\/wp\/v2\/pages\/33478"}],"wp:attachment":[{"href":"https:\/\/liviko.eu\/lt\/wp-json\/wp\/v2\/media?parent=30758"}],"wp:term":[{"taxonomy":"category","embeddable":true,"href":"https:\/\/liviko.eu\/lt\/wp-json\/wp\/v2\/categories?post=30758"}],"curies":[{"name":"wp","href":"https:\/\/api.w.org\/{rel}","templated":true}]}}