{"id":36116,"date":"2023-02-01T16:17:28","date_gmt":"2023-02-01T16:17:28","guid":{"rendered":"https:\/\/liviko.eu\/?page_id=36116"},"modified":"2026-03-28T17:52:14","modified_gmt":"2026-03-28T17:52:14","slug":"ginger-duke-currant-affair","status":"publish","type":"page","link":"https:\/\/liviko.eu\/lt\/kokteiliai\/ginger-duke-currant-affair\/","title":{"rendered":"Ginger Duke Currant Affair"},"content":{"rendered":"\t\t<div data-elementor-type=\"wp-page\" data-elementor-id=\"36116\" class=\"elementor elementor-36116\">\n\t\t\t\t\t\t<section class=\"elementor-section elementor-top-section elementor-element elementor-element-927b5c2 elementor-section-boxed elementor-section-height-default elementor-section-height-default\" data-id=\"927b5c2\" data-element_type=\"section\">\n\t\t\t\t\t\t<div class=\"elementor-container elementor-column-gap-default\">\n\t\t\t\t\t<div class=\"elementor-column elementor-col-100 elementor-top-column elementor-element elementor-element-365eb3c\" data-id=\"365eb3c\" data-element_type=\"column\">\n\t\t\t<div class=\"elementor-widget-wrap elementor-element-populated\">\n\t\t\t\t\t\t<div class=\"elementor-element elementor-element-3d55bd3 elementor-widget elementor-widget-spacer\" data-id=\"3d55bd3\" data-element_type=\"widget\" data-widget_type=\"spacer.default\">\n\t\t\t\t<div class=\"elementor-widget-container\">\n\t\t\t\t\t<div class=\"elementor-spacer\">\n\t\t\t<div class=\"elementor-spacer-inner\"><\/div>\n\t\t<\/div>\n\t\t\t\t<\/div>\n\t\t\t\t<\/div>\n\t\t\t\t\t<\/div>\n\t\t<\/div>\n\t\t\t\t\t<\/div>\n\t\t<\/section>\n\t\t\t\t<section class=\"elementor-section elementor-top-section elementor-element elementor-element-6576a8b elementor-section-boxed elementor-section-height-default elementor-section-height-default\" data-id=\"6576a8b\" data-element_type=\"section\">\n\t\t\t\t\t\t<div class=\"elementor-container elementor-column-gap-default\">\n\t\t\t\t\t<div class=\"elementor-column elementor-col-33 elementor-top-column elementor-element elementor-element-61aeb37\" data-id=\"61aeb37\" data-element_type=\"column\">\n\t\t\t<div class=\"elementor-widget-wrap\">\n\t\t\t\t\t\t\t<\/div>\n\t\t<\/div>\n\t\t\t\t<div class=\"elementor-column elementor-col-33 elementor-top-column elementor-element elementor-element-4fd7889\" data-id=\"4fd7889\" data-element_type=\"column\">\n\t\t\t<div class=\"elementor-widget-wrap elementor-element-populated\">\n\t\t\t\t\t\t<div class=\"elementor-element elementor-element-cf811fc elementor-widget elementor-widget-html\" data-id=\"cf811fc\" data-element_type=\"widget\" data-widget_type=\"html.default\">\n\t\t\t\t<div class=\"elementor-widget-container\">\n\t\t\t<ol class=\"breadcrumb\">\r\n    <li class=\"breadcrumb-item\"> <a href=\"https:\/\/liviko.eu\/lt\/kokteiliai\/\">Kokteiliai<\/a><\/li>\r\n    <li class=\"breadcrumb-item\"> <a href=\"#\">Ginger Duke Currant Affair<\/a><\/li>\r\n<\/ol>\r\n\r\n<style>\r\n\r\n.breadcrumb-item{\r\n  display: inline;\r\n  font-size: 14px;\r\n  font-family: Segoe UI;\r\n  }\r\n\r\n.breadcrumb li+li:before{\r\n  padding: 2px;\r\n  content: \"\/\";\r\n  color: #72828f;\r\n}\r\n\r\n.breadcrumb-item a{\r\n  color: #72828f;\r\n  text-decoration: none;\r\n}\r\n\r\n.breadcrumb-item a:hover{\r\n  color: #00a79c;\r\n}\r\n<\/style>\r\n\r\n\t\t<\/div>\n\t\t\t\t<\/div>\n\t\t\t\t\t<\/div>\n\t\t<\/div>\n\t\t\t\t<div class=\"elementor-column elementor-col-33 elementor-top-column elementor-element elementor-element-669205c\" data-id=\"669205c\" data-element_type=\"column\">\n\t\t\t<div class=\"elementor-widget-wrap elementor-element-populated\">\n\t\t\t\t\t\t<div class=\"elementor-element elementor-element-b255c83 elementor-widget elementor-widget-html\" data-id=\"b255c83\" data-element_type=\"widget\" data-widget_type=\"html.default\">\n\t\t\t\t<div class=\"elementor-widget-container\">\n\t\t\t<link rel=\"stylesheet\" href=\"https:\/\/cdnjs.cloudflare.com\/ajax\/libs\/font-awesome\/5.9.0\/css\/all.min.css\" integrity=\"sha512-q3eWabyZPc1XTCmF+8\/LuE1ozpg5xxn7iO89yfSOd5\/oKvyqLngoNGsx8jq92Y8eXJ\/IRxQbEC+FGSYxtk2oiw==\" crossorigin=\"anonymous\" referrerpolicy=\"no-referrer\" \/>\r\n\r\n<div id=\"share-buttons\">\r\n  <a class=\"facebook\" target=\"blank\"><i class=\"fab fa-facebook\"><\/i><\/a>\r\n  \r\n  <a class=\"twitter\" target=\"blank\"><i class=\"fab fa-twitter\"><\/i><\/a>\r\n  \r\n  <a class=\"linkedin\" target=\"blank\"><i class=\"fab fa-linkedin\"><\/i><\/a>\r\n  \r\n    <a class=\"reddit\" target=\"blank\"><i class=\"fab fa-reddit\"><\/i><\/a>\r\n\r\n  <a class=\"whatsapp\" target=\"blank\"><i class=\"fab fa-whatsapp\"><\/i><\/a>\r\n\r\n<\/div>\r\n\r\n<style>\r\n\r\n#share-buttons i {\r\n  font-size: 15px;\r\n  margin: 2px;\r\n  \r\n}\r\n.facebook {\r\n      color: #A1ACB4;\r\n}\r\n.twitter {\r\n    color: #A1ACB4;\r\n}\r\n.linkedin {\r\n    color: #A1ACB4;\r\n}\r\n.reddit {\r\n    color: #A1ACB4;\r\n}\r\n.whatsapp {\r\n    color: #A1ACB4;\r\n}\r\n\r\n.facebook:hover, .twitter:hover, .linkedin:hover, .reddit:hover, .whatsapp:hover {\r\n  opacity: 0.6;\r\n}\r\n<\/style>\r\n\r\n<script>\r\n    const link = encodeURI(window.location.href);\r\n\r\nconst fb = document.querySelector('.facebook');\r\nfb.href = `https:\/\/www.facebook.com\/share.php?u=${link}`;\r\n\r\nconst twitter = document.querySelector('.twitter');\r\ntwitter.href = `http:\/\/twitter.com\/share?&url=${link}&text=&hashtags=javascript,programming`;\r\n\r\nconst linkedIn = document.querySelector('.linkedin');\r\nlinkedIn.href = `https:\/\/www.linkedin.com\/sharing\/share-offsite\/?url=${link}`;\r\n\r\nconst reddit = document.querySelector('.reddit');\r\nreddit.href = `http:\/\/www.reddit.com\/submit?url=${link}&title=`;\r\n\r\nconst whatsapp = document.querySelector('.whatsapp');\r\nwhatsapp.href = `https:\/\/api.whatsapp.com\/send?text=${link}`;\r\n<\/script>\r\n\r\n\t\t<\/div>\n\t\t\t\t<\/div>\n\t\t\t\t\t<\/div>\n\t\t<\/div>\n\t\t\t\t\t<\/div>\n\t\t<\/section>\n\t\t\t\t<section class=\"elementor-section elementor-top-section elementor-element elementor-element-42a722a elementor-section-boxed elementor-section-height-default elementor-section-height-default\" data-id=\"42a722a\" data-element_type=\"section\">\n\t\t\t\t\t\t<div class=\"elementor-container elementor-column-gap-default\">\n\t\t\t\t\t<div class=\"elementor-column elementor-col-50 elementor-top-column elementor-element elementor-element-4c52911\" data-id=\"4c52911\" data-element_type=\"column\">\n\t\t\t<div class=\"elementor-widget-wrap elementor-element-populated\">\n\t\t\t\t\t\t<div class=\"elementor-element elementor-element-08c8a60 elementor-widget elementor-widget-image\" data-id=\"08c8a60\" data-element_type=\"widget\" data-widget_type=\"image.default\">\n\t\t\t\t<div class=\"elementor-widget-container\">\n\t\t\t\t\t\t\t\t\t\t\t\t\t\t<a href=\"http:\/\/liviko.eu\/wp-content\/uploads\/2023\/01\/GD-Black-Currant-tea-600x545-2.png\" data-elementor-open-lightbox=\"yes\" data-elementor-lightbox-title=\"GD-Black-Currant-tea-600x545\" data-e-action-hash=\"#elementor-action%3Aaction%3Dlightbox%26settings%3DeyJpZCI6MzM2NzcsInVybCI6Imh0dHBzOlwvXC9saXZpa28uZXVcL3dwLWNvbnRlbnRcL3VwbG9hZHNcLzIwMjNcLzAxXC9HRC1CbGFjay1DdXJyYW50LXRlYS02MDB4NTQ1LTIucG5nIn0%3D\">\n\t\t\t\t\t\t\t<img fetchpriority=\"high\" decoding=\"async\" width=\"600\" height=\"545\" src=\"https:\/\/liviko.eu\/wp-content\/uploads\/2023\/01\/GD-Black-Currant-tea-600x545-2.png\" class=\"attachment-large size-large wp-image-33677\" alt=\"\" srcset=\"https:\/\/liviko.eu\/wp-content\/uploads\/2023\/01\/GD-Black-Currant-tea-600x545-2.png 600w, https:\/\/liviko.eu\/wp-content\/uploads\/2023\/01\/GD-Black-Currant-tea-600x545-2-352x320.png 352w\" sizes=\"(max-width: 600px) 100vw, 600px\" \/>\t\t\t\t\t\t\t\t<\/a>\n\t\t\t\t\t\t\t\t\t\t\t\t\t<\/div>\n\t\t\t\t<\/div>\n\t\t\t\t\t<\/div>\n\t\t<\/div>\n\t\t\t\t<div class=\"elementor-column elementor-col-50 elementor-top-column elementor-element elementor-element-d1c9fb2\" data-id=\"d1c9fb2\" data-element_type=\"column\">\n\t\t\t<div class=\"elementor-widget-wrap elementor-element-populated\">\n\t\t\t\t\t\t<div class=\"elementor-element elementor-element-b2b196d elementor-widget elementor-widget-heading\" data-id=\"b2b196d\" data-element_type=\"widget\" data-widget_type=\"heading.default\">\n\t\t\t\t<div class=\"elementor-widget-container\">\n\t\t\t<h2 class=\"elementor-heading-title elementor-size-default\">Ginger Duke Currant Affair\n<\/h2>\t\t<\/div>\n\t\t\t\t<\/div>\n\t\t\t\t<div class=\"elementor-element elementor-element-0d0f7cd elementor-widget elementor-widget-text-editor\" data-id=\"0d0f7cd\" data-element_type=\"widget\" data-widget_type=\"text-editor.default\">\n\t\t\t\t<div class=\"elementor-widget-container\">\n\t\t\t\t\t\t\t<p>80ml Ginger Duke<br \/>150ml Juod\u0173j\u0173 serbent\u0173 arbatos<\/p>\t\t\t\t\t\t<\/div>\n\t\t\t\t<\/div>\n\t\t\t\t<div class=\"elementor-element elementor-element-9102685 elementor-widget elementor-widget-heading\" data-id=\"9102685\" data-element_type=\"widget\" data-widget_type=\"heading.default\">\n\t\t\t\t<div class=\"elementor-widget-container\">\n\t\t\t<h2 class=\"elementor-heading-title elementor-size-default\">Paruo\u0161imas<\/h2>\t\t<\/div>\n\t\t\t\t<\/div>\n\t\t\t\t<div class=\"elementor-element elementor-element-ba83424 elementor-widget elementor-widget-text-editor\" data-id=\"ba83424\" data-element_type=\"widget\" data-widget_type=\"text-editor.default\">\n\t\t\t\t<div class=\"elementor-widget-container\">\n\t\t\t\t\t\t\t<p>\u012e puodel\u012f supilkite visus ingredientus. I\u0161mai\u0161ykite.<\/p>\t\t\t\t\t\t<\/div>\n\t\t\t\t<\/div>\n\t\t\t\t<div class=\"elementor-element elementor-element-896ded4 elementor-widget elementor-widget-heading\" data-id=\"896ded4\" data-element_type=\"widget\" data-widget_type=\"heading.default\">\n\t\t\t\t<div class=\"elementor-widget-container\">\n\t\t\t<h2 class=\"elementor-heading-title elementor-size-default\">Papuo\u0161imas<\/h2>\t\t<\/div>\n\t\t\t\t<\/div>\n\t\t\t\t<div class=\"elementor-element elementor-element-1b13765 elementor-widget elementor-widget-text-editor\" data-id=\"1b13765\" data-element_type=\"widget\" data-widget_type=\"text-editor.default\">\n\t\t\t\t<div class=\"elementor-widget-container\">\n\t\t\t\t\t\t\t<p>M\u0117tos lapelis.<\/p>\t\t\t\t\t\t<\/div>\n\t\t\t\t<\/div>\n\t\t\t\t\t<\/div>\n\t\t<\/div>\n\t\t\t\t\t<\/div>\n\t\t<\/section>\n\t\t\t\t<\/div>\n\t\t","protected":false},"excerpt":{"rendered":"<p>Kokteiliai Ginger Duke Currant Affair Ginger Duke Currant Affair 80ml Ginger Duke150ml Juod\u0173j\u0173 serbent\u0173 arbatos Paruo\u0161imas \u012e puodel\u012f supilkite visus ingredientus. I\u0161mai\u0161ykite. Papuo\u0161imas M\u0117tos lapelis.<\/p>\n","protected":false},"author":14,"featured_media":0,"parent":33478,"menu_order":0,"comment_status":"closed","ping_status":"closed","template":"elementor_header_footer","meta":{"_acf_changed":false,"inline_featured_image":false,"_monsterinsights_skip_tracking":false,"_monsterinsights_sitenote_active":false,"_monsterinsights_sitenote_note":"","_monsterinsights_sitenote_category":0,"footnotes":""},"categories":[],"class_list":["post-36116","page","type-page","status-publish","hentry"],"acf":[],"yoast_head":"<!-- This site is optimized with the Yoast SEO plugin v24.0 - https:\/\/yoast.com\/wordpress\/plugins\/seo\/ -->\n<title>Ginger Duke Currant Affair - Liviko<\/title>\n<meta name=\"robots\" content=\"index, follow, max-snippet:-1, max-image-preview:large, max-video-preview:-1\" \/>\n<link rel=\"canonical\" href=\"https:\/\/liviko.eu\/lt\/kokteiliai\/ginger-duke-currant-affair\/\" \/>\n<meta property=\"og:locale\" content=\"lt_LT\" \/>\n<meta property=\"og:type\" content=\"article\" \/>\n<meta property=\"og:title\" content=\"Ginger Duke Currant Affair - Liviko\" \/>\n<meta property=\"og:description\" content=\"Kokteiliai Ginger Duke Currant Affair Ginger Duke Currant Affair 80ml Ginger Duke150ml Juod\u0173j\u0173 serbent\u0173 arbatos Paruo\u0161imas \u012e puodel\u012f supilkite visus ingredientus. I\u0161mai\u0161ykite. Papuo\u0161imas M\u0117tos lapelis.\" \/>\n<meta property=\"og:url\" content=\"https:\/\/liviko.eu\/lt\/kokteiliai\/ginger-duke-currant-affair\/\" \/>\n<meta property=\"og:site_name\" content=\"Liviko\" \/>\n<meta property=\"article:publisher\" content=\"https:\/\/www.facebook.com\/LivikoDistillery\/\" \/>\n<meta property=\"article:modified_time\" content=\"2026-03-28T17:52:14+00:00\" \/>\n<meta property=\"og:image\" content=\"https:\/\/liviko.eu\/wp-content\/uploads\/2023\/01\/GD-Black-Currant-tea-600x545-2.png\" \/>\n\t<meta property=\"og:image:width\" content=\"600\" \/>\n\t<meta property=\"og:image:height\" content=\"545\" \/>\n\t<meta property=\"og:image:type\" content=\"image\/png\" \/>\n<meta name=\"twitter:card\" content=\"summary_large_image\" \/>\n<meta name=\"twitter:label1\" content=\"Est. reading time\" \/>\n\t<meta name=\"twitter:data1\" content=\"2 minut\u0117s\" \/>\n<script type=\"application\/ld+json\" class=\"yoast-schema-graph\">{\"@context\":\"https:\/\/schema.org\",\"@graph\":[{\"@type\":\"WebPage\",\"@id\":\"https:\/\/liviko.eu\/lt\/kokteiliai\/ginger-duke-currant-affair\/\",\"url\":\"https:\/\/liviko.eu\/lt\/kokteiliai\/ginger-duke-currant-affair\/\",\"name\":\"Ginger Duke Currant Affair - Liviko\",\"isPartOf\":{\"@id\":\"https:\/\/liviko.eu\/lt\/#website\"},\"primaryImageOfPage\":{\"@id\":\"https:\/\/liviko.eu\/lt\/kokteiliai\/ginger-duke-currant-affair\/#primaryimage\"},\"image\":{\"@id\":\"https:\/\/liviko.eu\/lt\/kokteiliai\/ginger-duke-currant-affair\/#primaryimage\"},\"thumbnailUrl\":\"https:\/\/liviko.eu\/wp-content\/uploads\/2023\/01\/GD-Black-Currant-tea-600x545-2.png\",\"datePublished\":\"2023-02-01T16:17:28+00:00\",\"dateModified\":\"2026-03-28T17:52:14+00:00\",\"breadcrumb\":{\"@id\":\"https:\/\/liviko.eu\/lt\/kokteiliai\/ginger-duke-currant-affair\/#breadcrumb\"},\"inLanguage\":\"lt-LT\",\"potentialAction\":[{\"@type\":\"ReadAction\",\"target\":[\"https:\/\/liviko.eu\/lt\/kokteiliai\/ginger-duke-currant-affair\/\"]}]},{\"@type\":\"ImageObject\",\"inLanguage\":\"lt-LT\",\"@id\":\"https:\/\/liviko.eu\/lt\/kokteiliai\/ginger-duke-currant-affair\/#primaryimage\",\"url\":\"https:\/\/liviko.eu\/wp-content\/uploads\/2023\/01\/GD-Black-Currant-tea-600x545-2.png\",\"contentUrl\":\"https:\/\/liviko.eu\/wp-content\/uploads\/2023\/01\/GD-Black-Currant-tea-600x545-2.png\"},{\"@type\":\"BreadcrumbList\",\"@id\":\"https:\/\/liviko.eu\/lt\/kokteiliai\/ginger-duke-currant-affair\/#breadcrumb\",\"itemListElement\":[{\"@type\":\"ListItem\",\"position\":1,\"name\":\"Home\",\"item\":\"https:\/\/liviko.eu\/lt\/\"},{\"@type\":\"ListItem\",\"position\":2,\"name\":\"Kokteiliai\",\"item\":\"https:\/\/liviko.eu\/lt\/kokteiliai\/\"},{\"@type\":\"ListItem\",\"position\":3,\"name\":\"Ginger Duke Currant Affair\"}]},{\"@type\":\"WebSite\",\"@id\":\"https:\/\/liviko.eu\/lt\/#website\",\"url\":\"https:\/\/liviko.eu\/lt\/\",\"name\":\"Liviko\",\"description\":\"anno 1898\",\"publisher\":{\"@id\":\"https:\/\/liviko.eu\/lt\/#organization\"},\"potentialAction\":[{\"@type\":\"SearchAction\",\"target\":{\"@type\":\"EntryPoint\",\"urlTemplate\":\"https:\/\/liviko.eu\/lt\/?s={search_term_string}\"},\"query-input\":{\"@type\":\"PropertyValueSpecification\",\"valueRequired\":true,\"valueName\":\"search_term_string\"}}],\"inLanguage\":\"lt-LT\"},{\"@type\":\"Organization\",\"@id\":\"https:\/\/liviko.eu\/lt\/#organization\",\"name\":\"Liviko\",\"url\":\"https:\/\/liviko.eu\/lt\/\",\"logo\":{\"@type\":\"ImageObject\",\"inLanguage\":\"lt-LT\",\"@id\":\"https:\/\/liviko.eu\/lt\/#\/schema\/logo\/image\/\",\"url\":\"https:\/\/liviko.eu\/wp-content\/uploads\/2020\/10\/liviko_logo.png\",\"contentUrl\":\"https:\/\/liviko.eu\/wp-content\/uploads\/2020\/10\/liviko_logo.png\",\"width\":515,\"height\":181,\"caption\":\"Liviko\"},\"image\":{\"@id\":\"https:\/\/liviko.eu\/lt\/#\/schema\/logo\/image\/\"},\"sameAs\":[\"https:\/\/www.facebook.com\/LivikoDistillery\/\",\"https:\/\/www.instagram.com\/livikodistillery\",\"https:\/\/www.linkedin.com\/company\/liviko\/\",\"https:\/\/www.youtube.com\/channel\/UCnoHr-PaNxBHJO8nMDLVGuA\"]}]}<\/script>\n<!-- \/ Yoast SEO plugin. -->","yoast_head_json":{"title":"Ginger Duke Currant Affair - Liviko","robots":{"index":"index","follow":"follow","max-snippet":"max-snippet:-1","max-image-preview":"max-image-preview:large","max-video-preview":"max-video-preview:-1"},"canonical":"https:\/\/liviko.eu\/lt\/kokteiliai\/ginger-duke-currant-affair\/","og_locale":"lt_LT","og_type":"article","og_title":"Ginger Duke Currant Affair - Liviko","og_description":"Kokteiliai Ginger Duke Currant Affair Ginger Duke Currant Affair 80ml Ginger Duke150ml Juod\u0173j\u0173 serbent\u0173 arbatos Paruo\u0161imas \u012e puodel\u012f supilkite visus ingredientus. I\u0161mai\u0161ykite. Papuo\u0161imas M\u0117tos lapelis.","og_url":"https:\/\/liviko.eu\/lt\/kokteiliai\/ginger-duke-currant-affair\/","og_site_name":"Liviko","article_publisher":"https:\/\/www.facebook.com\/LivikoDistillery\/","article_modified_time":"2026-03-28T17:52:14+00:00","og_image":[{"width":600,"height":545,"url":"https:\/\/liviko.eu\/wp-content\/uploads\/2023\/01\/GD-Black-Currant-tea-600x545-2.png","type":"image\/png"}],"twitter_card":"summary_large_image","twitter_misc":{"Est. reading time":"2 minut\u0117s"},"schema":{"@context":"https:\/\/schema.org","@graph":[{"@type":"WebPage","@id":"https:\/\/liviko.eu\/lt\/kokteiliai\/ginger-duke-currant-affair\/","url":"https:\/\/liviko.eu\/lt\/kokteiliai\/ginger-duke-currant-affair\/","name":"Ginger Duke Currant Affair - Liviko","isPartOf":{"@id":"https:\/\/liviko.eu\/lt\/#website"},"primaryImageOfPage":{"@id":"https:\/\/liviko.eu\/lt\/kokteiliai\/ginger-duke-currant-affair\/#primaryimage"},"image":{"@id":"https:\/\/liviko.eu\/lt\/kokteiliai\/ginger-duke-currant-affair\/#primaryimage"},"thumbnailUrl":"https:\/\/liviko.eu\/wp-content\/uploads\/2023\/01\/GD-Black-Currant-tea-600x545-2.png","datePublished":"2023-02-01T16:17:28+00:00","dateModified":"2026-03-28T17:52:14+00:00","breadcrumb":{"@id":"https:\/\/liviko.eu\/lt\/kokteiliai\/ginger-duke-currant-affair\/#breadcrumb"},"inLanguage":"lt-LT","potentialAction":[{"@type":"ReadAction","target":["https:\/\/liviko.eu\/lt\/kokteiliai\/ginger-duke-currant-affair\/"]}]},{"@type":"ImageObject","inLanguage":"lt-LT","@id":"https:\/\/liviko.eu\/lt\/kokteiliai\/ginger-duke-currant-affair\/#primaryimage","url":"https:\/\/liviko.eu\/wp-content\/uploads\/2023\/01\/GD-Black-Currant-tea-600x545-2.png","contentUrl":"https:\/\/liviko.eu\/wp-content\/uploads\/2023\/01\/GD-Black-Currant-tea-600x545-2.png"},{"@type":"BreadcrumbList","@id":"https:\/\/liviko.eu\/lt\/kokteiliai\/ginger-duke-currant-affair\/#breadcrumb","itemListElement":[{"@type":"ListItem","position":1,"name":"Home","item":"https:\/\/liviko.eu\/lt\/"},{"@type":"ListItem","position":2,"name":"Kokteiliai","item":"https:\/\/liviko.eu\/lt\/kokteiliai\/"},{"@type":"ListItem","position":3,"name":"Ginger Duke Currant Affair"}]},{"@type":"WebSite","@id":"https:\/\/liviko.eu\/lt\/#website","url":"https:\/\/liviko.eu\/lt\/","name":"Liviko","description":"anno 1898","publisher":{"@id":"https:\/\/liviko.eu\/lt\/#organization"},"potentialAction":[{"@type":"SearchAction","target":{"@type":"EntryPoint","urlTemplate":"https:\/\/liviko.eu\/lt\/?s={search_term_string}"},"query-input":{"@type":"PropertyValueSpecification","valueRequired":true,"valueName":"search_term_string"}}],"inLanguage":"lt-LT"},{"@type":"Organization","@id":"https:\/\/liviko.eu\/lt\/#organization","name":"Liviko","url":"https:\/\/liviko.eu\/lt\/","logo":{"@type":"ImageObject","inLanguage":"lt-LT","@id":"https:\/\/liviko.eu\/lt\/#\/schema\/logo\/image\/","url":"https:\/\/liviko.eu\/wp-content\/uploads\/2020\/10\/liviko_logo.png","contentUrl":"https:\/\/liviko.eu\/wp-content\/uploads\/2020\/10\/liviko_logo.png","width":515,"height":181,"caption":"Liviko"},"image":{"@id":"https:\/\/liviko.eu\/lt\/#\/schema\/logo\/image\/"},"sameAs":["https:\/\/www.facebook.com\/LivikoDistillery\/","https:\/\/www.instagram.com\/livikodistillery","https:\/\/www.linkedin.com\/company\/liviko\/","https:\/\/www.youtube.com\/channel\/UCnoHr-PaNxBHJO8nMDLVGuA"]}]}},"_links":{"self":[{"href":"https:\/\/liviko.eu\/lt\/wp-json\/wp\/v2\/pages\/36116","targetHints":{"allow":["GET"]}}],"collection":[{"href":"https:\/\/liviko.eu\/lt\/wp-json\/wp\/v2\/pages"}],"about":[{"href":"https:\/\/liviko.eu\/lt\/wp-json\/wp\/v2\/types\/page"}],"author":[{"embeddable":true,"href":"https:\/\/liviko.eu\/lt\/wp-json\/wp\/v2\/users\/14"}],"replies":[{"embeddable":true,"href":"https:\/\/liviko.eu\/lt\/wp-json\/wp\/v2\/comments?post=36116"}],"version-history":[{"count":20,"href":"https:\/\/liviko.eu\/lt\/wp-json\/wp\/v2\/pages\/36116\/revisions"}],"predecessor-version":[{"id":58022,"href":"https:\/\/liviko.eu\/lt\/wp-json\/wp\/v2\/pages\/36116\/revisions\/58022"}],"up":[{"embeddable":true,"href":"https:\/\/liviko.eu\/lt\/wp-json\/wp\/v2\/pages\/33478"}],"wp:attachment":[{"href":"https:\/\/liviko.eu\/lt\/wp-json\/wp\/v2\/media?parent=36116"}],"wp:term":[{"taxonomy":"category","embeddable":true,"href":"https:\/\/liviko.eu\/lt\/wp-json\/wp\/v2\/categories?post=36116"}],"curies":[{"name":"wp","href":"https:\/\/api.w.org\/{rel}","templated":true}]}}