{"id":436,"date":"2020-07-07T09:16:51","date_gmt":"2020-07-07T09:16:51","guid":{"rendered":"http:\/\/liviko.eu\/?page_id=436"},"modified":"2025-11-11T15:43:12","modified_gmt":"2025-11-11T15:43:12","slug":"liviko","status":"publish","type":"page","link":"https:\/\/liviko.eu\/lt\/","title":{"rendered":"Liviko"},"content":{"rendered":"\n<div id=\"featureBlocks-block_6567a755b789bad80567afb8df7c9bea\" class=\" c-contentBlock c-featureBlocks c-featureBlocks--type-featured\" data-block-type=\"Feature blocks: featured\">\n   <div class=\"c-featureBlocksGroup\">\n\n\n                          <div class=\"c-featureBlocks__item\">\n                \n                                        \n                    <a  \n                         href=\"https:\/\/liviko.eu\/lt\/gerimai-crafters-hobe-ir-bellingshausen-pelne-auksciausius-apdovanojimus-geriausiu-pasaulio-gerimu-konkurse\/\"   \n                        class=\"c-featureBlocks__item-block\" \n                        style=\"background-image: url(https:\/\/liviko.eu\/wp-content\/uploads\/2024\/02\/2092x1080_Medalid_koduka-uudise-banner2-920x475.png)\"\n                    >\n                        \n                        <div class=\"c-featureBlocks__item-body\">\n                            <h2 class=\"c-featureBlocks__item-title\">G\u0117rimai \u201eCrafter\u2019s\u201c, \u201eH\u00f5be\u201c ir \u201eBellingshausen\u201c peln\u0117 auk\u0161\u010diausius apdovanojimus geriausi\u0173 pasaulio g\u0117rim\u0173 konkurse<\/h2>\n                            <div class=\"t-text\">\n                                                            <\/div>\n                        <\/div>\n                    <\/a>\n\n\n\n                            \n            <\/div>\n            \n                    <div class=\"c-featureBlocks__item\">\n                \n                                        \n                    <a  \n                         href=\"https:\/\/liviko.eu\/lt\/geriausio-baltijos-saliu-somelje-titulas-atiteko-lietuviui-ignatij-semionov\/\"   \n                        class=\"c-featureBlocks__item-block\" \n                        style=\"background-image: url(https:\/\/liviko.eu\/wp-content\/uploads\/2025\/10\/PqUGus_w-920x613.jpeg)\"\n                    >\n                        \n                        <div class=\"c-featureBlocks__item-body\">\n                            <h2 class=\"c-featureBlocks__item-title\">Geriausio Baltijos \u0161ali\u0173 somelj\u0117 titulas atiteko lietuviui \u2013 Ignatij Semionov<\/h2>\n                            <div class=\"t-text\">\n                                                            <\/div>\n                        <\/div>\n                    <\/a>\n\n\n\n                            \n            <\/div>\n            \n                <div class=\"c-featureBlocks__item c-featureBlocks__item--empty\"><\/div>\n    <div class=\"c-featureBlocks__item c-featureBlocks__item--empty\"><\/div>\n    <\/div>\n<\/div>\n\n\n<div id=\"brandsList-block_92d2a88b08241d84bde5c3b000360646\" class=\" c-contentBlock c-brandsList\" data-block-type=\"Brands list\">\n    \n\t\t\t\t\t\t\t\t\t<ul class=\"c-brandsListItems js-slider--scroll\">\n\t\t\t\t\t\t\t    \n\t\t\t\t\t\t\t\t\n\t\t\t\t\t\t\t    <li class=\"c-brandsList-item \" >\n\t\t\t\t\t\t\t    \t\t\t\t\t\t\t\t    \t\t<div class=\"c-brandsList-item-image\">\n\t\t\t\t\t\t\t    \t\t\t    \n\t\t\t\t\t\t\t\t\t\t\t<img decoding=\"async\" src=\"https:\/\/liviko.eu\/wp-content\/uploads\/2020\/07\/logo_hobe-1.png\" class=\"attachment-medium size-medium wp-post-image\" alt=\"H\u00f5be\" \/>\t\t\t\t\t\t\t    \t\t<\/div>\n\t\t\t\t\t\t\t\t\t\n\t\t\t\t\t\t\t    <\/li>\n\n\t\t\t\t\t\t\t    \n\t\t\t\t\t\t\t\t\n\t\t\t\t\t\t\t    <li class=\"c-brandsList-item \" >\n\t\t\t\t\t\t\t    \t\t\t\t\t\t\t\t    \t\t<div class=\"c-brandsList-item-image\">\n\t\t\t\t\t\t\t    \t\t\t    \n\t\t\t\t\t\t\t\t\t\t\t<img decoding=\"async\" src=\"https:\/\/liviko.eu\/wp-content\/uploads\/2020\/07\/logo_viruvalge-1.png\" class=\"attachment-medium size-medium wp-post-image\" alt=\"Viru valge\" \/>\t\t\t\t\t\t\t    \t\t<\/div>\n\t\t\t\t\t\t\t\t\t\n\t\t\t\t\t\t\t    <\/li>\n\n\t\t\t\t\t\t\t    \n\t\t\t\t\t\t\t\t\n\t\t\t\t\t\t\t    <li class=\"c-brandsList-item \" >\n\t\t\t\t\t\t\t    \t\t\t\t\t\t\t\t    \t\t<div class=\"c-brandsList-item-image\">\n\t\t\t\t\t\t\t    \t\t\t    \n\t\t\t\t\t\t\t\t\t\t\t\t\t\t\t\t\t\t    \t\t<\/div>\n\t\t\t\t\t\t\t\t\t\n\t\t\t\t\t\t\t    <\/li>\n\n\t\t\t\t\t\t\t    \n\t\t\t\t\t\t\t\t\n\t\t\t\t\t\t\t    <li class=\"c-brandsList-item \" >\n\t\t\t\t\t\t\t    \t\t\t\t\t\t\t\t    \t\t<div class=\"c-brandsList-item-image\">\n\t\t\t\t\t\t\t    \t\t\t    \n\t\t\t\t\t\t\t\t\t\t\t<img decoding=\"async\" src=\"https:\/\/liviko.eu\/wp-content\/uploads\/2020\/07\/logo_bacardi-1.png\" class=\"attachment-medium size-medium wp-post-image\" alt=\"Bacardi\" \/>\t\t\t\t\t\t\t    \t\t<\/div>\n\t\t\t\t\t\t\t\t\t\n\t\t\t\t\t\t\t    <\/li>\n\n\t\t\t\t\t\t\t    \n\t\t\t\t\t\t\t\t\n\t\t\t\t\t\t\t    <li class=\"c-brandsList-item \" >\n\t\t\t\t\t\t\t    \t\t\t\t\t\t\t\t    \t\t<div class=\"c-brandsList-item-image\">\n\t\t\t\t\t\t\t    \t\t\t    \n\t\t\t\t\t\t\t\t\t\t\t<img decoding=\"async\" src=\"https:\/\/liviko.eu\/wp-content\/uploads\/2020\/07\/logo_crafters-2.png\" class=\"attachment-medium size-medium wp-post-image\" alt=\"Crafters\" \/>\t\t\t\t\t\t\t    \t\t<\/div>\n\t\t\t\t\t\t\t\t\t\n\t\t\t\t\t\t\t    <\/li>\n\n\t\t\t\t\t\t\t    \n\t\t\t\t\t\t\t\t\n\t\t\t\t\t\t\t    <li class=\"c-brandsList-item \" >\n\t\t\t\t\t\t\t    \t\t\t\t\t\t\t\t    \t\t<div class=\"c-brandsList-item-image\">\n\t\t\t\t\t\t\t    \t\t\t    \n\t\t\t\t\t\t\t\t\t\t\t<img decoding=\"async\" src=\"https:\/\/liviko.eu\/wp-content\/uploads\/2020\/07\/logo_stremy-1.png\" class=\"attachment-medium size-medium wp-post-image\" alt=\"St-remy\" \/>\t\t\t\t\t\t\t    \t\t<\/div>\n\t\t\t\t\t\t\t\t\t\n\t\t\t\t\t\t\t    <\/li>\n\n\t\t\t\t\t\t\t    \n\t\t\t\t\t\t\t\t\n\t\t\t\t\t\t\t    <li class=\"c-brandsList-item \" >\n\t\t\t\t\t\t\t    \t\t\t\t\t\t\t\t    \t\t<div class=\"c-brandsList-item-image\">\n\t\t\t\t\t\t\t    \t\t\t    \n\t\t\t\t\t\t\t\t\t\t\t<img decoding=\"async\" src=\"https:\/\/liviko.eu\/wp-content\/uploads\/2020\/07\/logo_remy-1.png\" class=\"attachment-medium size-medium wp-post-image\" alt=\"Remy Martin\" \/>\t\t\t\t\t\t\t    \t\t<\/div>\n\t\t\t\t\t\t\t\t\t\n\t\t\t\t\t\t\t    <\/li>\n\n\t\t\t\t\t\t\t    \n\t\t\t\t\t\t\t\t\n\t\t\t\t\t\t\t    <li class=\"c-brandsList-item \" >\n\t\t\t\t\t\t\t    \t\t\t\t\t\t\t\t    \t\t<div class=\"c-brandsList-item-image\">\n\t\t\t\t\t\t\t    \t\t\t    \n\t\t\t\t\t\t\t\t\t\t\t<img decoding=\"async\" src=\"https:\/\/liviko.eu\/wp-content\/uploads\/2020\/07\/logo_vanatallinn-1.png\" class=\"attachment-medium size-medium wp-post-image\" alt=\"Vana Tallinn\" \/>\t\t\t\t\t\t\t    \t\t<\/div>\n\t\t\t\t\t\t\t\t\t\n\t\t\t\t\t\t\t    <\/li>\n\n\t\t\t\t\t\t\t    \n\t\t\t\t\t\t\t\t\n\t\t\t\t\t\t\t    <li class=\"c-brandsList-item \" >\n\t\t\t\t\t\t\t    \t\t\t\t\t\t\t\t    \t\t<div class=\"c-brandsList-item-image\">\n\t\t\t\t\t\t\t    \t\t\t    \n\t\t\t\t\t\t\t\t\t\t\t<img decoding=\"async\" src=\"https:\/\/liviko.eu\/wp-content\/uploads\/2020\/07\/logo_bellingshausen-1.png\" class=\"attachment-medium size-medium wp-post-image\" alt=\"Bellingshausen\" \/>\t\t\t\t\t\t\t    \t\t<\/div>\n\t\t\t\t\t\t\t\t\t\n\t\t\t\t\t\t\t    <\/li>\n\n\t\t\t\t\t\t\t    \n\t\t\t\t\t\t\t\t\n\t\t\t\t\t\t\t    <li class=\"c-brandsList-item \" >\n\t\t\t\t\t\t\t    \t\t\t\t\t\t\t\t    \t\t<div class=\"c-brandsList-item-image\">\n\t\t\t\t\t\t\t    \t\t\t    \n\t\t\t\t\t\t\t\t\t\t\t<img decoding=\"async\" src=\"https:\/\/liviko.eu\/wp-content\/uploads\/2020\/07\/logo_carriba-1.png\" class=\"attachment-medium size-medium wp-post-image\" alt=\"Caribba\" \/>\t\t\t\t\t\t\t    \t\t<\/div>\n\t\t\t\t\t\t\t\t\t\n\t\t\t\t\t\t\t    <\/li>\n\n\t\t\t\t\t\t\t    \n\t\t\t\t\t\t\t\t\n\t\t\t\t\t\t\t    <li class=\"c-brandsList-item \" >\n\t\t\t\t\t\t\t    \t\t\t\t\t\t\t\t    \t\t<div class=\"c-brandsList-item-image\">\n\t\t\t\t\t\t\t    \t\t\t    \n\t\t\t\t\t\t\t\t\t\t\t<img decoding=\"async\" src=\"https:\/\/liviko.eu\/wp-content\/uploads\/2020\/07\/logo_patron-1.png\" class=\"attachment-medium size-medium wp-post-image\" alt=\"Patron\" \/>\t\t\t\t\t\t\t    \t\t<\/div>\n\t\t\t\t\t\t\t\t\t\n\t\t\t\t\t\t\t    <\/li>\n\n\t\t\t\t\t\t\t    \n\t\t\t\t\t\t\t\t\n\t\t\t\t\t\t\t    <li class=\"c-brandsList-item \" >\n\t\t\t\t\t\t\t    \t\t\t\t\t\t\t\t    \t\t<div class=\"c-brandsList-item-image\">\n\t\t\t\t\t\t\t    \t\t\t    \n\t\t\t\t\t\t\t\t\t\t\t<img decoding=\"async\" src=\"https:\/\/liviko.eu\/wp-content\/uploads\/2020\/11\/jackdaniels-2.jpg\" class=\"attachment-medium size-medium wp-post-image\" alt=\"Jack Daniels\" \/>\t\t\t\t\t\t\t    \t\t<\/div>\n\t\t\t\t\t\t\t\t\t\n\t\t\t\t\t\t\t    <\/li>\n\n\t\t\t\t\t\t\t\t\t\t\t\t\t<\/ul>\n\t\t\t\t\n\t\t\t\n<\/div>\n\n\n\n<div id=\"spacer-block_dd374148fa2e14e24ffc6b3c901ab47d\" class=\"c-contentBlock c-spacerContainer\"  data-block-type=\"Spacer\">\n   <hr class=\"  c-spacer c-spacer--size-1\" >\n<\/div>\n\n\n<div id=\"mediaBlock-block_004b2d4c2d7c952e3ec8a8fea7916ca0\" class=\" c-contentBlock c-mediaBlock c-mediaBlock--align-right c-mediaBlock--valign-center c-mediaBlock--size-regular c-mediaBlock--imageHeight-normal c-mediaBlock--type-feature\" data-block-type=\"Media block\">\n   \n                \n     <div class=\"c-mediaBlock__media\" style=\"background-image:url(https:\/\/liviko.eu\/wp-content\/uploads\/2020\/07\/home_banner.jpg)\"\">\n        <img fetchpriority=\"high\" decoding=\"async\" width=\"800\" height=\"537\" src=\"https:\/\/liviko.eu\/wp-content\/uploads\/2020\/07\/home_banner.jpg\" class=\"c-mediaBlock__image\" alt=\"Liviko\" srcset=\"https:\/\/liviko.eu\/wp-content\/uploads\/2020\/07\/home_banner.jpg 800w, https:\/\/liviko.eu\/wp-content\/uploads\/2020\/07\/home_banner-768x516.jpg 768w\" sizes=\"(max-width: 800px) 100vw, 800px\" \/>    <\/div>\n     <div class=\"c-mediaBlock__body\">\n                    <h2 class=\"c-mediaBlock__title\">SVEIKI ATVYK\u0118 \u012e \u201eLIVIKO DISTILLERY\u201c <\/h2>\n                <div class=\"c-mediaBlock__content\">\n            <div class=\"t-text\">\n            <p>Ekskursija po\u00a0<i>\u201e<\/i>Liviko Distillery<i>\u201c<\/i> , esan\u010dia Talino centre, Jums supa\u017eindins su i\u0161skirtin\u0119 1898 metais \u012fkurta gamykla.\u00a0 Tai reta galimyb\u0117 aplankyti veikian\u010di\u0105 spirito varykl\u0105, interaktyv\u0173 muziej\u0173 ir savo akimis i\u0161vysti, kaip \u017ealiavos virsta galutiniais produktais. Ekskursijos metu su\u017einosite kaip i\u0161 kartos \u012f kart\u0105 meistr\u0173 perduoti receptai susilieja su moderniomis technologijomis.<\/p>\n<ul>\n<li><a href=\"https:\/\/liviko.eu\/lt\/liviko-distillery\/distillery-tour\/\">SKAITYTI TOLIAU<\/a><\/li>\n<\/ul>\n            <\/div>\n                                <div class=\"c-mediaBlock__buttons\">\n                                                         <a href=\"https:\/\/www.piletilevi.ee\/est\/piletid\/varia\/ekskursioonid\/distillery-tour-at-liviko-in-english-85091\/?design=&#038;shop_provider=lvk\" class=\"b-secondary\">Bilietai \u012f ekskursij\u0105 po gamykl\u0105<\/a>\n                    \n                                <\/div>\n                        \n        <\/div>\n    <\/div>\n<\/div>\n\n\n<div id=\"spacer-block_dd374148fa2e14e24ffc6b3c901ab47d\" class=\"c-contentBlock c-spacerContainer\"  data-block-type=\"Spacer\">\n   <hr class=\"  c-spacer c-spacer--size-1\" >\n<\/div>\n\n\n<div id=\"pageHeader-block_2574db11a25fcc530275592cd7b27d9f\" class=\" c-contentBlock c-pageHeader\" data-block-type=\"Page header\">\n                    <h2 class=\"c-pageHeader__title\">\u201eLIVIKO\u201c \u0160IANDIEN<\/h2>\n                            <div class=\"c-pageHeader__text t-text\"><p>\u201eLiviko\u201c yra atsakinga, kokyb\u0119, tradicijas ir kult\u016bring\u0105 alkoholio vartojim\u0105 vertinanti tarptautin\u0117 grup\u0117, turinti \u012fmones tiek Estijoje, Latvijoje, tiek Lietuvoje. Mes puosel\u0117jame savo prek\u0117s \u017eenklus su r\u016bpes\u010diu ir meile, pagarbiai pristatome kitus pasaulinius kokybi\u0161ko alkoholio gamintojus ir visose situacijose esame patikimi partneriai. Priklausome vienai pirmaujan\u010di\u0173 Estijoje gamybos ir prekybini\u0173 investicij\u0173 grupei \u201eNG Investeeringud\u201c.<\/p>\n<\/div>\n                \n<\/div>\n<a id=\"page-436-body\"><\/a>\n\n\n<div id=\"featureBlocks-block_f144445f66cde5b07bace85091e90b1c\" class=\" c-contentBlock c-featureBlocks c-featureBlocks--type-expanded c-featureBlocks--grid-columns\" data-block-type=\"Feature blocks: expanded\">\n   <div class=\"c-featureBlocksGroup\">\n\n\n                          <div class=\"c-featureBlocks__item\">\n                \n                \n                    <div class=\"c-featureBlocks__item-block\"    >\n\n                                                                                            <div class=\"c-featureBlock__imageContainer\">\n                                <img decoding=\"async\" width=\"800\" height=\"530\" src=\"https:\/\/liviko.eu\/wp-content\/uploads\/2021\/01\/Janek_kodulehele.jpg\" class=\"c-featureBlock__image\" alt=\"Liviko juhatus\" srcset=\"https:\/\/liviko.eu\/wp-content\/uploads\/2021\/01\/Janek_kodulehele.jpg 800w, https:\/\/liviko.eu\/wp-content\/uploads\/2021\/01\/Janek_kodulehele-768x509.jpg 768w, https:\/\/liviko.eu\/wp-content\/uploads\/2021\/01\/Janek_kodulehele-483x320.jpg 483w\" sizes=\"(max-width: 800px) 100vw, 800px\" \/>                                <\/div>\n                               \n\n                            <div class=\"c-featureBlocks__item-body\">\n                                    <h3 class=\"c-featureBlocks__item-title\"><\/h3>\n                                    <div class=\"t-text\">\n                                        <p><a href=\"https:\/\/liviko.eu\/lt\/company-culture\/\"><strong>Apie \u012fmon\u0119<\/strong><\/a><\/p>\n<p>\u201eLiviko\u201c yra tarptautin\u0117, spar\u010diai besivystanti kokybi\u0161ko alkoholio grup\u0117, parduodanti savo produkcij\u0105 60-yje rink\u0173 ir atstovauja pirmaujantiems pasaulyje kokybi\u0161ko alkoholio prek\u0117s \u017eenklams Estijoje, Latvijoje ir Lietuvoje.<\/p>\n                                    <\/div>\n                            <\/div>\n\n                    <\/div>    \n                        \n\n\n                            \n            <\/div>\n            \n                    <div class=\"c-featureBlocks__item\">\n                \n                \n                    <div class=\"c-featureBlocks__item-block\"    >\n\n                                                                                            <div class=\"c-featureBlock__imageContainer\">\n                                <img decoding=\"async\" width=\"920\" height=\"612\" src=\"https:\/\/liviko.eu\/wp-content\/uploads\/2020\/08\/Liviko-t\u00e4nap\u00e4ev-2-920x612.jpg\" class=\"c-featureBlock__image\" alt=\"Liviko Distillery\" srcset=\"https:\/\/liviko.eu\/wp-content\/uploads\/2020\/08\/Liviko-t\u00e4nap\u00e4ev-2-920x612.jpg 920w, https:\/\/liviko.eu\/wp-content\/uploads\/2020\/08\/Liviko-t\u00e4nap\u00e4ev-2-1366x908.jpg 1366w, https:\/\/liviko.eu\/wp-content\/uploads\/2020\/08\/Liviko-t\u00e4nap\u00e4ev-2-768x511.jpg 768w, https:\/\/liviko.eu\/wp-content\/uploads\/2020\/08\/Liviko-t\u00e4nap\u00e4ev-2-1536x1021.jpg 1536w, https:\/\/liviko.eu\/wp-content\/uploads\/2020\/08\/Liviko-t\u00e4nap\u00e4ev-2-2048x1362.jpg 2048w\" sizes=\"(max-width: 920px) 100vw, 920px\" \/>                                <\/div>\n                               \n\n                            <div class=\"c-featureBlocks__item-body\">\n                                    <h3 class=\"c-featureBlocks__item-title\"><\/h3>\n                                    <div class=\"t-text\">\n                                        <p><span style=\"text-decoration: underline\"><a href=\"https:\/\/liviko.eu\/lt\/tootmine\/meistrikoda\/\"><strong>Meistr\u0173 cechas<\/strong><\/a><\/span><\/p>\n<p>1898 metais \u012fsteigtoje gamykloje tradicijos susilieja su mokslin\u0117mis technologijomis ir modernia gamybos pl\u0117tra.<\/p>\n                                    <\/div>\n                            <\/div>\n\n                    <\/div>    \n                        \n\n\n                            \n            <\/div>\n            \n                    <div class=\"c-featureBlocks__item\">\n                \n                \n                    <div class=\"c-featureBlocks__item-block\"    >\n\n                                                                                            <div class=\"c-featureBlock__imageContainer\">\n                                <img loading=\"lazy\" decoding=\"async\" width=\"800\" height=\"530\" src=\"https:\/\/liviko.eu\/wp-content\/uploads\/2021\/01\/Gloria_800x530.jpg\" class=\"c-featureBlock__image\" alt=\"Liviko Distillery\" srcset=\"https:\/\/liviko.eu\/wp-content\/uploads\/2021\/01\/Gloria_800x530.jpg 800w, https:\/\/liviko.eu\/wp-content\/uploads\/2021\/01\/Gloria_800x530-768x509.jpg 768w, https:\/\/liviko.eu\/wp-content\/uploads\/2021\/01\/Gloria_800x530-483x320.jpg 483w\" sizes=\"(max-width: 800px) 100vw, 800px\" \/>                                <\/div>\n                               \n\n                            <div class=\"c-featureBlocks__item-body\">\n                                    <h3 class=\"c-featureBlocks__item-title\"><\/h3>\n                                    <div class=\"t-text\">\n                                        <p><a href=\"https:\/\/liviko.eu\/lt\/liviko-distillery\/our-craft\/\"><strong>Darbuotojai<\/strong><\/a><\/p>\n<p>Draugi\u0161kumas, atvirumas naujiems sprendimams ir pagarbus bendravimas tiek su kolegomis, tiek su partneriais, \u2013 tai \u201eLiviko\u201c patikimumo pagrindas.<\/p>\n                                    <\/div>\n                            <\/div>\n\n                    <\/div>    \n                        \n\n\n                            \n            <\/div>\n            \n                <div class=\"c-featureBlocks__item c-featureBlocks__item--empty\"><\/div>\n    <div class=\"c-featureBlocks__item c-featureBlocks__item--empty\"><\/div>\n    <\/div>\n<\/div>\n\n\n\n<div id=\"spacer-block_dd374148fa2e14e24ffc6b3c901ab47d\" class=\"c-contentBlock c-spacerContainer\"  data-block-type=\"Spacer\">\n   <hr class=\"  c-spacer c-spacer--size-1\" >\n<\/div>\n\n\n\n<div id=\"spacer-block_dd374148fa2e14e24ffc6b3c901ab47d\" class=\"c-contentBlock c-spacerContainer\"  data-block-type=\"Spacer\">\n   <hr class=\"  c-spacer c-spacer--size-1\" >\n<\/div>\n\n\n\n<p><\/p>\n","protected":false},"excerpt":{"rendered":"","protected":false},"author":1,"featured_media":0,"parent":0,"menu_order":5,"comment_status":"closed","ping_status":"closed","template":"page-templates\/page-home.php","meta":{"_acf_changed":false,"inline_featured_image":false,"_monsterinsights_skip_tracking":false,"_monsterinsights_sitenote_active":false,"_monsterinsights_sitenote_note":"","_monsterinsights_sitenote_category":0,"footnotes":""},"categories":[],"class_list":["post-436","page","type-page","status-publish","hentry"],"acf":[],"yoast_head":"<!-- This site is optimized with the Yoast SEO plugin v24.0 - https:\/\/yoast.com\/wordpress\/plugins\/seo\/ -->\n<title>Liviko - Liviko<\/title>\n<meta name=\"robots\" content=\"index, follow, max-snippet:-1, max-image-preview:large, max-video-preview:-1\" \/>\n<link rel=\"canonical\" href=\"https:\/\/liviko.eu\/lt\/\" \/>\n<meta property=\"og:locale\" content=\"lt_LT\" \/>\n<meta property=\"og:type\" content=\"article\" \/>\n<meta property=\"og:title\" content=\"Liviko - Liviko\" \/>\n<meta property=\"og:url\" content=\"https:\/\/liviko.eu\/lt\/\" \/>\n<meta property=\"og:site_name\" content=\"Liviko\" \/>\n<meta property=\"article:publisher\" content=\"https:\/\/www.facebook.com\/LivikoDistillery\/\" \/>\n<meta property=\"article:modified_time\" content=\"2025-11-11T15:43:12+00:00\" \/>\n<meta name=\"twitter:card\" content=\"summary_large_image\" \/>\n<script type=\"application\/ld+json\" class=\"yoast-schema-graph\">{\"@context\":\"https:\/\/schema.org\",\"@graph\":[{\"@type\":\"WebPage\",\"@id\":\"https:\/\/liviko.eu\/lt\/\",\"url\":\"https:\/\/liviko.eu\/lt\/\",\"name\":\"Liviko - Liviko\",\"isPartOf\":{\"@id\":\"https:\/\/liviko.eu\/lt\/#website\"},\"datePublished\":\"2020-07-07T09:16:51+00:00\",\"dateModified\":\"2025-11-11T15:43:12+00:00\",\"breadcrumb\":{\"@id\":\"https:\/\/liviko.eu\/lt\/#breadcrumb\"},\"inLanguage\":\"lt-LT\",\"potentialAction\":[{\"@type\":\"ReadAction\",\"target\":[\"https:\/\/liviko.eu\/lt\/\"]}]},{\"@type\":\"BreadcrumbList\",\"@id\":\"https:\/\/liviko.eu\/lt\/#breadcrumb\",\"itemListElement\":[{\"@type\":\"ListItem\",\"position\":1,\"name\":\"Home\",\"item\":\"https:\/\/liviko.eu\/lt\/\"},{\"@type\":\"ListItem\",\"position\":2,\"name\":\"Liviko\"}]},{\"@type\":\"WebSite\",\"@id\":\"https:\/\/liviko.eu\/lt\/#website\",\"url\":\"https:\/\/liviko.eu\/lt\/\",\"name\":\"Liviko\",\"description\":\"anno 1898\",\"publisher\":{\"@id\":\"https:\/\/liviko.eu\/lt\/#organization\"},\"potentialAction\":[{\"@type\":\"SearchAction\",\"target\":{\"@type\":\"EntryPoint\",\"urlTemplate\":\"https:\/\/liviko.eu\/lt\/?s={search_term_string}\"},\"query-input\":{\"@type\":\"PropertyValueSpecification\",\"valueRequired\":true,\"valueName\":\"search_term_string\"}}],\"inLanguage\":\"lt-LT\"},{\"@type\":\"Organization\",\"@id\":\"https:\/\/liviko.eu\/lt\/#organization\",\"name\":\"Liviko\",\"url\":\"https:\/\/liviko.eu\/lt\/\",\"logo\":{\"@type\":\"ImageObject\",\"inLanguage\":\"lt-LT\",\"@id\":\"https:\/\/liviko.eu\/lt\/#\/schema\/logo\/image\/\",\"url\":\"https:\/\/liviko.eu\/wp-content\/uploads\/2020\/10\/liviko_logo.png\",\"contentUrl\":\"https:\/\/liviko.eu\/wp-content\/uploads\/2020\/10\/liviko_logo.png\",\"width\":515,\"height\":181,\"caption\":\"Liviko\"},\"image\":{\"@id\":\"https:\/\/liviko.eu\/lt\/#\/schema\/logo\/image\/\"},\"sameAs\":[\"https:\/\/www.facebook.com\/LivikoDistillery\/\",\"https:\/\/www.instagram.com\/livikodistillery\",\"https:\/\/www.linkedin.com\/company\/liviko\/\",\"https:\/\/www.youtube.com\/channel\/UCnoHr-PaNxBHJO8nMDLVGuA\"]}]}<\/script>\n<!-- \/ Yoast SEO plugin. -->","yoast_head_json":{"title":"Liviko - Liviko","robots":{"index":"index","follow":"follow","max-snippet":"max-snippet:-1","max-image-preview":"max-image-preview:large","max-video-preview":"max-video-preview:-1"},"canonical":"https:\/\/liviko.eu\/lt\/","og_locale":"lt_LT","og_type":"article","og_title":"Liviko - Liviko","og_url":"https:\/\/liviko.eu\/lt\/","og_site_name":"Liviko","article_publisher":"https:\/\/www.facebook.com\/LivikoDistillery\/","article_modified_time":"2025-11-11T15:43:12+00:00","twitter_card":"summary_large_image","schema":{"@context":"https:\/\/schema.org","@graph":[{"@type":"WebPage","@id":"https:\/\/liviko.eu\/lt\/","url":"https:\/\/liviko.eu\/lt\/","name":"Liviko - Liviko","isPartOf":{"@id":"https:\/\/liviko.eu\/lt\/#website"},"datePublished":"2020-07-07T09:16:51+00:00","dateModified":"2025-11-11T15:43:12+00:00","breadcrumb":{"@id":"https:\/\/liviko.eu\/lt\/#breadcrumb"},"inLanguage":"lt-LT","potentialAction":[{"@type":"ReadAction","target":["https:\/\/liviko.eu\/lt\/"]}]},{"@type":"BreadcrumbList","@id":"https:\/\/liviko.eu\/lt\/#breadcrumb","itemListElement":[{"@type":"ListItem","position":1,"name":"Home","item":"https:\/\/liviko.eu\/lt\/"},{"@type":"ListItem","position":2,"name":"Liviko"}]},{"@type":"WebSite","@id":"https:\/\/liviko.eu\/lt\/#website","url":"https:\/\/liviko.eu\/lt\/","name":"Liviko","description":"anno 1898","publisher":{"@id":"https:\/\/liviko.eu\/lt\/#organization"},"potentialAction":[{"@type":"SearchAction","target":{"@type":"EntryPoint","urlTemplate":"https:\/\/liviko.eu\/lt\/?s={search_term_string}"},"query-input":{"@type":"PropertyValueSpecification","valueRequired":true,"valueName":"search_term_string"}}],"inLanguage":"lt-LT"},{"@type":"Organization","@id":"https:\/\/liviko.eu\/lt\/#organization","name":"Liviko","url":"https:\/\/liviko.eu\/lt\/","logo":{"@type":"ImageObject","inLanguage":"lt-LT","@id":"https:\/\/liviko.eu\/lt\/#\/schema\/logo\/image\/","url":"https:\/\/liviko.eu\/wp-content\/uploads\/2020\/10\/liviko_logo.png","contentUrl":"https:\/\/liviko.eu\/wp-content\/uploads\/2020\/10\/liviko_logo.png","width":515,"height":181,"caption":"Liviko"},"image":{"@id":"https:\/\/liviko.eu\/lt\/#\/schema\/logo\/image\/"},"sameAs":["https:\/\/www.facebook.com\/LivikoDistillery\/","https:\/\/www.instagram.com\/livikodistillery","https:\/\/www.linkedin.com\/company\/liviko\/","https:\/\/www.youtube.com\/channel\/UCnoHr-PaNxBHJO8nMDLVGuA"]}]}},"_links":{"self":[{"href":"https:\/\/liviko.eu\/lt\/wp-json\/wp\/v2\/pages\/436","targetHints":{"allow":["GET"]}}],"collection":[{"href":"https:\/\/liviko.eu\/lt\/wp-json\/wp\/v2\/pages"}],"about":[{"href":"https:\/\/liviko.eu\/lt\/wp-json\/wp\/v2\/types\/page"}],"author":[{"embeddable":true,"href":"https:\/\/liviko.eu\/lt\/wp-json\/wp\/v2\/users\/1"}],"replies":[{"embeddable":true,"href":"https:\/\/liviko.eu\/lt\/wp-json\/wp\/v2\/comments?post=436"}],"version-history":[{"count":142,"href":"https:\/\/liviko.eu\/lt\/wp-json\/wp\/v2\/pages\/436\/revisions"}],"predecessor-version":[{"id":56659,"href":"https:\/\/liviko.eu\/lt\/wp-json\/wp\/v2\/pages\/436\/revisions\/56659"}],"wp:attachment":[{"href":"https:\/\/liviko.eu\/lt\/wp-json\/wp\/v2\/media?parent=436"}],"wp:term":[{"taxonomy":"category","embeddable":true,"href":"https:\/\/liviko.eu\/lt\/wp-json\/wp\/v2\/categories?post=436"}],"curies":[{"name":"wp","href":"https:\/\/api.w.org\/{rel}","templated":true}]}}