{"id":50701,"date":"2023-11-07T09:19:30","date_gmt":"2023-11-07T09:19:30","guid":{"rendered":"https:\/\/liviko.eu\/?page_id=50701"},"modified":"2023-12-01T10:43:48","modified_gmt":"2023-12-01T10:43:48","slug":"slapuku-politika","status":"publish","type":"page","link":"https:\/\/liviko.eu\/lt\/slapuku-politika\/","title":{"rendered":"Slapuk\u0173 politika"},"content":{"rendered":"\n<p>Svetain\u0117je naudojami slapukai. Jie padeda svetainei \u012fsiminti j\u016bs\u0173 nuostatas, kurias pasirenkate m\u016bs\u0173 svetain\u0117je. Lankydamiesi svetain\u0117je sutinkate, kad mes naudojame slapukus.<\/p>\n\n\n\n<p><strong>Kas yra slapukai?<\/strong><\/p>\n\n\n\n<p>Slapukai \u2013 tai nedideli teksto fragmentai nar\u0161ykl\u0117je, kurie atsiun\u010diami \u012f j\u016bs\u0173 kompiuter\u012f, kai lankot\u0117s tam tikroje svetain\u0117je. Slapukai leid\u017eia svetainei atpa\u017einti lankytojo kompiuter\u012f. Jie taip pat padeda svetainei \u012fsiminti informacij\u0105 apie j\u016bs\u0173 apsilankym\u0105, pavyzd\u017eiui, pasirinkt\u0105 kalb\u0105 ir kitas nuostatas. D\u0117l to kitas j\u016bs\u0173 apsilankymas svetain\u0117je gali b\u016bti patogesnis ir naudingesnis. Slapukai atlieka svarbi\u0105 funkcij\u0105. Be j\u0173 naudotis \u017einiatinkliu b\u016bt\u0173 daug sud\u0117tingiau.<\/p>\n\n\n\n<p><strong>\u201eLiviko\u201c svetain\u0117je naudojami:<\/strong><\/p>\n\n\n\n<ul class=\"wp-block-list\">\n<li>Rinkodaros slapukai:<\/li>\n\n\n\n<li>_ga  (\u201eGoogle Analytics\u201c slapukas puslapi\u0173 per\u017ei\u016broms saugoti ir skai\u010diuoti. Saugomas 2 metus.)<\/li>\n\n\n\n<li>_ga* (\u201eGoogle Analytics\u201c slapukas, skirtas puslapi\u0173 per\u017ei\u016broms saugoti ir skai\u010diuoti. Jis saugomas 1 metus.)<\/li>\n\n\n\n<li>tre\u010di\u0173j\u0173 \u0161ali\u0173 slapukai, kuriuos naudoja m\u016bs\u0173 partneri\u0173 svetain\u0117s, \u012fterptos \u012f m\u016bs\u0173 svetain\u0119 arba \u012f kurias pateikiame nuorodas. Mes nekontroliuojame \u0161i\u0173 slapuk\u0173 k\u016brimo; informacijos apie j\u0173 valdym\u0105 rasite tre\u010diosios \u0161alies svetain\u0117je.<\/li>\n<\/ul>\n\n\n\n<p><strong>Kam naudojame slapukus ir koki\u0105 informacij\u0105 renkame?<\/strong><\/p>\n\n\n\n<p>Slapukai padeda mums teikti paslaugas atsi\u017evelgiant \u012f j\u016bs\u0173 pageidavimus ir \u012fpro\u010dius. Slapukai paprastai naudojami statistiniams duomenims rinkti, stebint naudotoj\u0173 pasirinktis svetain\u0117je. Pavyzd\u017eiui, juos naudojame saugios paie\u0161kos parinktims \u012fsiminti, profiliams kurti, kad gal\u0117tume rodyti tikslines reklamas ir kad pateikiamos reklamos b\u016bt\u0173 aktualesn\u0117s, taip pat m\u016bs\u0173 svetain\u0117s lankytojams skai\u010diuoti, pad\u0117ti jums u\u017esiregistruoti m\u016bs\u0173 paslaugoms ir apsaugoti j\u016bs\u0173 informacij\u0105. Kai lankot\u0117s m\u016bs\u0173 svetain\u0117je, be m\u016bs\u0173 slapuk\u0173, j\u016bs\u0173 kompiuteryje slapukus i\u0161saugoti ir juos pasiekti bei rinkti informacij\u0105 apie j\u016bs\u0173 veikl\u0105 internete ir naudojim\u0105si m\u016bs\u0173 internetin\u0117mis paslaugomis gali ir m\u016bs\u0173 analiz\u0117s bei reklamos paslaug\u0173 teikimo partneriai.<\/p>\n\n\n\n<p>Mes nesiekiame nustatyti m\u016bs\u0173 svetain\u0117je besilankan\u010di\u0173 asmen\u0173 tapatyb\u0117s. Slapukai gali rinkti nar\u0161ymo<\/p>\n\n\n\n<p>tip\u0105, IP adres\u0105, tinklo ar buvimo vietos informacij\u0105, ta\u010diau surinkti duomenys neleid\u017eia mums nustatyti konkretaus fizinio<\/p>\n\n\n\n<p>asmens tapatyb\u0117s.<\/p>\n\n\n\n<p><strong>Ar galima slapuk\u0173 atsisakyti?<\/strong><\/p>\n\n\n\n<p>Jei norite atsisakyti slapuk\u0173, galite juos i\u0161jungti nar\u0161ykl\u0117s saugumo parinktyse. Ta\u010diau jei tai padarysite, gali b\u016bti, kad negal\u0117site naudotis tam tikromis paslaugomis ir funkcijomis.<\/p>\n\n\n\n<p>Visos nar\u0161ykl\u0117s yra skirtingos, daugiau informacijos apie slapuk\u0173 valdym\u0105 pateikiama \u0161ioje svetain\u0117je<\/p>\n\n\n\n<p><a href=\"http:\/\/www.allaboutcookies.org\/manage-cookies\">www.allaboutcookies.org\/manage-cookies<\/a>.<\/p>\n","protected":false},"excerpt":{"rendered":"<p>Svetain\u0117je naudojami slapukai. Jie padeda svetainei \u012fsiminti j\u016bs\u0173 nuostatas, kurias pasirenkate m\u016bs\u0173 svetain\u0117je. Lankydamiesi svetain\u0117je sutinkate, kad mes naudojame slapukus. Kas yra slapukai? Slapukai \u2013 tai nedideli teksto fragmentai nar\u0161ykl\u0117je, kurie atsiun\u010diami \u012f j\u016bs\u0173 kompiuter\u012f, kai lankot\u0117s tam tikroje svetain\u0117je&#8230;.<\/p>\n","protected":false},"author":1,"featured_media":0,"parent":0,"menu_order":0,"comment_status":"closed","ping_status":"closed","template":"page-templates\/page-article.php","meta":{"_acf_changed":false,"inline_featured_image":false,"_monsterinsights_skip_tracking":false,"_monsterinsights_sitenote_active":false,"_monsterinsights_sitenote_note":"","_monsterinsights_sitenote_category":0,"footnotes":""},"categories":[],"class_list":["post-50701","page","type-page","status-publish","hentry"],"acf":[],"yoast_head":"<!-- This site is optimized with the Yoast SEO plugin v24.0 - https:\/\/yoast.com\/wordpress\/plugins\/seo\/ -->\n<title>Slapuk\u0173 politika - Liviko<\/title>\n<meta name=\"robots\" content=\"index, follow, max-snippet:-1, max-image-preview:large, max-video-preview:-1\" \/>\n<link rel=\"canonical\" href=\"https:\/\/liviko.eu\/lt\/slapuku-politika\/\" \/>\n<meta property=\"og:locale\" content=\"lt_LT\" \/>\n<meta property=\"og:type\" content=\"article\" \/>\n<meta property=\"og:title\" content=\"Slapuk\u0173 politika - Liviko\" \/>\n<meta property=\"og:description\" content=\"Svetain\u0117je naudojami slapukai. Jie padeda svetainei \u012fsiminti j\u016bs\u0173 nuostatas, kurias pasirenkate m\u016bs\u0173 svetain\u0117je. Lankydamiesi svetain\u0117je sutinkate, kad mes naudojame slapukus. Kas yra slapukai? Slapukai \u2013 tai nedideli teksto fragmentai nar\u0161ykl\u0117je, kurie atsiun\u010diami \u012f j\u016bs\u0173 kompiuter\u012f, kai lankot\u0117s tam tikroje svetain\u0117je....\" \/>\n<meta property=\"og:url\" content=\"https:\/\/liviko.eu\/lt\/slapuku-politika\/\" \/>\n<meta property=\"og:site_name\" content=\"Liviko\" \/>\n<meta property=\"article:publisher\" content=\"https:\/\/www.facebook.com\/LivikoDistillery\/\" \/>\n<meta property=\"article:modified_time\" content=\"2023-12-01T10:43:48+00:00\" \/>\n<meta name=\"twitter:card\" content=\"summary_large_image\" \/>\n<meta name=\"twitter:label1\" content=\"Est. reading time\" \/>\n\t<meta name=\"twitter:data1\" content=\"2 minut\u0117s\" \/>\n<script type=\"application\/ld+json\" class=\"yoast-schema-graph\">{\"@context\":\"https:\/\/schema.org\",\"@graph\":[{\"@type\":\"WebPage\",\"@id\":\"https:\/\/liviko.eu\/lt\/slapuku-politika\/\",\"url\":\"https:\/\/liviko.eu\/lt\/slapuku-politika\/\",\"name\":\"Slapuk\u0173 politika - Liviko\",\"isPartOf\":{\"@id\":\"https:\/\/liviko.eu\/lt\/#website\"},\"datePublished\":\"2023-11-07T09:19:30+00:00\",\"dateModified\":\"2023-12-01T10:43:48+00:00\",\"breadcrumb\":{\"@id\":\"https:\/\/liviko.eu\/lt\/slapuku-politika\/#breadcrumb\"},\"inLanguage\":\"lt-LT\",\"potentialAction\":[{\"@type\":\"ReadAction\",\"target\":[\"https:\/\/liviko.eu\/lt\/slapuku-politika\/\"]}]},{\"@type\":\"BreadcrumbList\",\"@id\":\"https:\/\/liviko.eu\/lt\/slapuku-politika\/#breadcrumb\",\"itemListElement\":[{\"@type\":\"ListItem\",\"position\":1,\"name\":\"Home\",\"item\":\"https:\/\/liviko.eu\/lt\/\"},{\"@type\":\"ListItem\",\"position\":2,\"name\":\"Slapuk\u0173 politika\"}]},{\"@type\":\"WebSite\",\"@id\":\"https:\/\/liviko.eu\/lt\/#website\",\"url\":\"https:\/\/liviko.eu\/lt\/\",\"name\":\"Liviko\",\"description\":\"anno 1898\",\"publisher\":{\"@id\":\"https:\/\/liviko.eu\/lt\/#organization\"},\"potentialAction\":[{\"@type\":\"SearchAction\",\"target\":{\"@type\":\"EntryPoint\",\"urlTemplate\":\"https:\/\/liviko.eu\/lt\/?s={search_term_string}\"},\"query-input\":{\"@type\":\"PropertyValueSpecification\",\"valueRequired\":true,\"valueName\":\"search_term_string\"}}],\"inLanguage\":\"lt-LT\"},{\"@type\":\"Organization\",\"@id\":\"https:\/\/liviko.eu\/lt\/#organization\",\"name\":\"Liviko\",\"url\":\"https:\/\/liviko.eu\/lt\/\",\"logo\":{\"@type\":\"ImageObject\",\"inLanguage\":\"lt-LT\",\"@id\":\"https:\/\/liviko.eu\/lt\/#\/schema\/logo\/image\/\",\"url\":\"https:\/\/liviko.eu\/wp-content\/uploads\/2020\/10\/liviko_logo.png\",\"contentUrl\":\"https:\/\/liviko.eu\/wp-content\/uploads\/2020\/10\/liviko_logo.png\",\"width\":515,\"height\":181,\"caption\":\"Liviko\"},\"image\":{\"@id\":\"https:\/\/liviko.eu\/lt\/#\/schema\/logo\/image\/\"},\"sameAs\":[\"https:\/\/www.facebook.com\/LivikoDistillery\/\",\"https:\/\/www.instagram.com\/livikodistillery\",\"https:\/\/www.linkedin.com\/company\/liviko\/\",\"https:\/\/www.youtube.com\/channel\/UCnoHr-PaNxBHJO8nMDLVGuA\"]}]}<\/script>\n<!-- \/ Yoast SEO plugin. -->","yoast_head_json":{"title":"Slapuk\u0173 politika - Liviko","robots":{"index":"index","follow":"follow","max-snippet":"max-snippet:-1","max-image-preview":"max-image-preview:large","max-video-preview":"max-video-preview:-1"},"canonical":"https:\/\/liviko.eu\/lt\/slapuku-politika\/","og_locale":"lt_LT","og_type":"article","og_title":"Slapuk\u0173 politika - Liviko","og_description":"Svetain\u0117je naudojami slapukai. Jie padeda svetainei \u012fsiminti j\u016bs\u0173 nuostatas, kurias pasirenkate m\u016bs\u0173 svetain\u0117je. Lankydamiesi svetain\u0117je sutinkate, kad mes naudojame slapukus. Kas yra slapukai? Slapukai \u2013 tai nedideli teksto fragmentai nar\u0161ykl\u0117je, kurie atsiun\u010diami \u012f j\u016bs\u0173 kompiuter\u012f, kai lankot\u0117s tam tikroje svetain\u0117je....","og_url":"https:\/\/liviko.eu\/lt\/slapuku-politika\/","og_site_name":"Liviko","article_publisher":"https:\/\/www.facebook.com\/LivikoDistillery\/","article_modified_time":"2023-12-01T10:43:48+00:00","twitter_card":"summary_large_image","twitter_misc":{"Est. reading time":"2 minut\u0117s"},"schema":{"@context":"https:\/\/schema.org","@graph":[{"@type":"WebPage","@id":"https:\/\/liviko.eu\/lt\/slapuku-politika\/","url":"https:\/\/liviko.eu\/lt\/slapuku-politika\/","name":"Slapuk\u0173 politika - Liviko","isPartOf":{"@id":"https:\/\/liviko.eu\/lt\/#website"},"datePublished":"2023-11-07T09:19:30+00:00","dateModified":"2023-12-01T10:43:48+00:00","breadcrumb":{"@id":"https:\/\/liviko.eu\/lt\/slapuku-politika\/#breadcrumb"},"inLanguage":"lt-LT","potentialAction":[{"@type":"ReadAction","target":["https:\/\/liviko.eu\/lt\/slapuku-politika\/"]}]},{"@type":"BreadcrumbList","@id":"https:\/\/liviko.eu\/lt\/slapuku-politika\/#breadcrumb","itemListElement":[{"@type":"ListItem","position":1,"name":"Home","item":"https:\/\/liviko.eu\/lt\/"},{"@type":"ListItem","position":2,"name":"Slapuk\u0173 politika"}]},{"@type":"WebSite","@id":"https:\/\/liviko.eu\/lt\/#website","url":"https:\/\/liviko.eu\/lt\/","name":"Liviko","description":"anno 1898","publisher":{"@id":"https:\/\/liviko.eu\/lt\/#organization"},"potentialAction":[{"@type":"SearchAction","target":{"@type":"EntryPoint","urlTemplate":"https:\/\/liviko.eu\/lt\/?s={search_term_string}"},"query-input":{"@type":"PropertyValueSpecification","valueRequired":true,"valueName":"search_term_string"}}],"inLanguage":"lt-LT"},{"@type":"Organization","@id":"https:\/\/liviko.eu\/lt\/#organization","name":"Liviko","url":"https:\/\/liviko.eu\/lt\/","logo":{"@type":"ImageObject","inLanguage":"lt-LT","@id":"https:\/\/liviko.eu\/lt\/#\/schema\/logo\/image\/","url":"https:\/\/liviko.eu\/wp-content\/uploads\/2020\/10\/liviko_logo.png","contentUrl":"https:\/\/liviko.eu\/wp-content\/uploads\/2020\/10\/liviko_logo.png","width":515,"height":181,"caption":"Liviko"},"image":{"@id":"https:\/\/liviko.eu\/lt\/#\/schema\/logo\/image\/"},"sameAs":["https:\/\/www.facebook.com\/LivikoDistillery\/","https:\/\/www.instagram.com\/livikodistillery","https:\/\/www.linkedin.com\/company\/liviko\/","https:\/\/www.youtube.com\/channel\/UCnoHr-PaNxBHJO8nMDLVGuA"]}]}},"_links":{"self":[{"href":"https:\/\/liviko.eu\/lt\/wp-json\/wp\/v2\/pages\/50701","targetHints":{"allow":["GET"]}}],"collection":[{"href":"https:\/\/liviko.eu\/lt\/wp-json\/wp\/v2\/pages"}],"about":[{"href":"https:\/\/liviko.eu\/lt\/wp-json\/wp\/v2\/types\/page"}],"author":[{"embeddable":true,"href":"https:\/\/liviko.eu\/lt\/wp-json\/wp\/v2\/users\/1"}],"replies":[{"embeddable":true,"href":"https:\/\/liviko.eu\/lt\/wp-json\/wp\/v2\/comments?post=50701"}],"version-history":[{"count":3,"href":"https:\/\/liviko.eu\/lt\/wp-json\/wp\/v2\/pages\/50701\/revisions"}],"predecessor-version":[{"id":51112,"href":"https:\/\/liviko.eu\/lt\/wp-json\/wp\/v2\/pages\/50701\/revisions\/51112"}],"wp:attachment":[{"href":"https:\/\/liviko.eu\/lt\/wp-json\/wp\/v2\/media?parent=50701"}],"wp:term":[{"taxonomy":"category","embeddable":true,"href":"https:\/\/liviko.eu\/lt\/wp-json\/wp\/v2\/categories?post=50701"}],"curies":[{"name":"wp","href":"https:\/\/api.w.org\/{rel}","templated":true}]}}