{"id":53247,"date":"2024-07-08T08:14:30","date_gmt":"2024-07-08T08:14:30","guid":{"rendered":"https:\/\/liviko.eu\/?page_id=53247"},"modified":"2026-04-21T13:24:18","modified_gmt":"2026-04-21T13:24:18","slug":"nealkoholine-putojanti-arbata","status":"publish","type":"page","link":"https:\/\/liviko.eu\/lt\/nealkoholiniai-gerimai\/nealkoholine-putojanti-arbata\/","title":{"rendered":"Nealkoholin\u0117 putojanti arbata"},"content":{"rendered":"\t\t<div data-elementor-type=\"wp-post\" data-elementor-id=\"53247\" class=\"elementor elementor-53247\">\n\t\t\t\t\t\t<section class=\"elementor-section elementor-top-section elementor-element elementor-element-e136bb1 elementor-section-full_width elementor-section-height-default elementor-section-height-default\" data-id=\"e136bb1\" data-element_type=\"section\" data-settings=\"{&quot;background_background&quot;:&quot;classic&quot;}\">\n\t\t\t\t\t\t\t<div class=\"elementor-background-overlay\"><\/div>\n\t\t\t\t\t\t\t<div class=\"elementor-container elementor-column-gap-default\">\n\t\t\t\t\t<div class=\"elementor-column elementor-col-25 elementor-top-column elementor-element elementor-element-bb094da\" data-id=\"bb094da\" data-element_type=\"column\">\n\t\t\t<div class=\"elementor-widget-wrap\">\n\t\t\t\t\t\t\t<\/div>\n\t\t<\/div>\n\t\t\t\t<div class=\"elementor-column elementor-col-25 elementor-top-column elementor-element elementor-element-af3f3b3\" data-id=\"af3f3b3\" data-element_type=\"column\">\n\t\t\t<div class=\"elementor-widget-wrap elementor-element-populated\">\n\t\t\t\t\t\t<div class=\"elementor-element elementor-element-1fa5be4 elementor-widget elementor-widget-heading\" data-id=\"1fa5be4\" data-element_type=\"widget\" data-widget_type=\"heading.default\">\n\t\t\t\t<div class=\"elementor-widget-container\">\n\t\t\t<h2 class=\"elementor-heading-title elementor-size-default\">Nealkoholin\u0117 putojanti arbata<\/h2>\t\t<\/div>\n\t\t\t\t<\/div>\n\t\t\t\t\t<\/div>\n\t\t<\/div>\n\t\t\t\t<div class=\"elementor-column elementor-col-50 elementor-top-column elementor-element elementor-element-09e92e0\" data-id=\"09e92e0\" data-element_type=\"column\">\n\t\t\t<div class=\"elementor-widget-wrap\">\n\t\t\t\t\t\t\t<\/div>\n\t\t<\/div>\n\t\t\t\t\t<\/div>\n\t\t<\/section>\n\t\t\t\t<section class=\"elementor-section elementor-top-section elementor-element elementor-element-539729c elementor-section-boxed elementor-section-height-default elementor-section-height-default\" data-id=\"539729c\" data-element_type=\"section\">\n\t\t\t\t\t\t<div class=\"elementor-container elementor-column-gap-default\">\n\t\t\t\t\t<div class=\"elementor-column elementor-col-25 elementor-top-column elementor-element elementor-element-efbbefd\" data-id=\"efbbefd\" data-element_type=\"column\">\n\t\t\t<div class=\"elementor-widget-wrap elementor-element-populated\">\n\t\t\t\t\t\t<div class=\"elementor-element elementor-element-08a4676 elementor-widget elementor-widget-heading\" data-id=\"08a4676\" data-element_type=\"widget\" data-widget_type=\"heading.default\">\n\t\t\t\t<div class=\"elementor-widget-container\">\n\t\t\t<h2 class=\"elementor-heading-title elementor-size-default\"><a href=\"https:\/\/liviko.eu\/lt\/produktai\/\">Stiprieji alkoholiniai g\u0117rimai<\/a><\/h2>\t\t<\/div>\n\t\t\t\t<\/div>\n\t\t\t\t\t<\/div>\n\t\t<\/div>\n\t\t\t\t<div class=\"elementor-column elementor-col-25 elementor-top-column elementor-element elementor-element-4159a34\" data-id=\"4159a34\" data-element_type=\"column\">\n\t\t\t<div class=\"elementor-widget-wrap elementor-element-populated\">\n\t\t\t\t\t\t<div class=\"elementor-element elementor-element-ef72814 elementor-widget elementor-widget-heading\" data-id=\"ef72814\" data-element_type=\"widget\" data-widget_type=\"heading.default\">\n\t\t\t\t<div class=\"elementor-widget-container\">\n\t\t\t<h2 class=\"elementor-heading-title elementor-size-default\"><a href=\"https:\/\/liviko.eu\/lt\/vynai\/\">Vynai\u200f\u200f\u200e\u200e<\/a><\/h2>\t\t<\/div>\n\t\t\t\t<\/div>\n\t\t\t\t\t<\/div>\n\t\t<\/div>\n\t\t\t\t<div class=\"elementor-column elementor-col-25 elementor-top-column elementor-element elementor-element-2d61570\" data-id=\"2d61570\" data-element_type=\"column\">\n\t\t\t<div class=\"elementor-widget-wrap elementor-element-populated\">\n\t\t\t\t\t\t<div class=\"elementor-element elementor-element-e0724c4 elementor-widget elementor-widget-heading\" data-id=\"e0724c4\" data-element_type=\"widget\" data-widget_type=\"heading.default\">\n\t\t\t\t<div class=\"elementor-widget-container\">\n\t\t\t<h2 class=\"elementor-heading-title elementor-size-default\"><a href=\"https:\/\/liviko.eu\/lt\/silpnieji-alkoholiniai-gerimai\/\">Silpnieji alkoholiniai g\u0117rimai \u200e<\/a><\/h2>\t\t<\/div>\n\t\t\t\t<\/div>\n\t\t\t\t\t<\/div>\n\t\t<\/div>\n\t\t\t\t<div class=\"elementor-column elementor-col-25 elementor-top-column elementor-element elementor-element-1c4bd1a\" data-id=\"1c4bd1a\" data-element_type=\"column\">\n\t\t\t<div class=\"elementor-widget-wrap elementor-element-populated\">\n\t\t\t\t\t\t<div class=\"elementor-element elementor-element-04a9b1f elementor-widget elementor-widget-heading\" data-id=\"04a9b1f\" data-element_type=\"widget\" data-widget_type=\"heading.default\">\n\t\t\t\t<div class=\"elementor-widget-container\">\n\t\t\t<h2 class=\"elementor-heading-title elementor-size-default\"><a href=\"https:\/\/liviko.eu\/lt\/nealkoholiniai-gerimai\/\">Nealkoholiniai g\u0117rimai\u200e\u200f\u200f\u200e \u200e<\/a><\/h2>\t\t<\/div>\n\t\t\t\t<\/div>\n\t\t\t\t\t<\/div>\n\t\t<\/div>\n\t\t\t\t\t<\/div>\n\t\t<\/section>\n\t\t\t\t<section class=\"elementor-section elementor-top-section elementor-element elementor-element-5ef14e7 elementor-section-boxed elementor-section-height-default elementor-section-height-default\" data-id=\"5ef14e7\" data-element_type=\"section\">\n\t\t\t\t\t\t<div class=\"elementor-container elementor-column-gap-default\">\n\t\t\t\t\t<div class=\"elementor-column elementor-col-100 elementor-top-column elementor-element elementor-element-2143966\" data-id=\"2143966\" data-element_type=\"column\">\n\t\t\t<div class=\"elementor-widget-wrap elementor-element-populated\">\n\t\t\t\t\t\t<div class=\"elementor-element elementor-element-6dcb442 elementor-widget elementor-widget-spacer\" data-id=\"6dcb442\" data-element_type=\"widget\" data-widget_type=\"spacer.default\">\n\t\t\t\t<div class=\"elementor-widget-container\">\n\t\t\t\t\t<div class=\"elementor-spacer\">\n\t\t\t<div class=\"elementor-spacer-inner\"><\/div>\n\t\t<\/div>\n\t\t\t\t<\/div>\n\t\t\t\t<\/div>\n\t\t\t\t\t<\/div>\n\t\t<\/div>\n\t\t\t\t\t<\/div>\n\t\t<\/section>\n\t\t\t\t<section class=\"elementor-section elementor-top-section elementor-element elementor-element-7b350d5 elementor-section-boxed elementor-section-height-default elementor-section-height-default\" data-id=\"7b350d5\" data-element_type=\"section\">\n\t\t\t\t\t\t<div class=\"elementor-container elementor-column-gap-default\">\n\t\t\t\t\t<div class=\"elementor-column elementor-col-25 elementor-top-column elementor-element elementor-element-d519fc8\" data-id=\"d519fc8\" data-element_type=\"column\">\n\t\t\t<div class=\"elementor-widget-wrap elementor-element-populated\">\n\t\t\t\t\t\t<div class=\"elementor-element elementor-element-3be7eea elementor-position-top elementor-widget elementor-widget-image-box\" data-id=\"3be7eea\" data-element_type=\"widget\" data-widget_type=\"image-box.default\">\n\t\t\t\t<div class=\"elementor-widget-container\">\n\t\t\t<div class=\"elementor-image-box-wrapper\"><figure class=\"elementor-image-box-img\"><a href=\"https:\/\/liviko.eu\/lt\/nealkoholiniai-gerimai\/nealkoholine-putojanti-arbata\/saicho-sparkling-tea-darjeeling\/\" tabindex=\"-1\"><img fetchpriority=\"high\" decoding=\"async\" width=\"1875\" height=\"2922\" src=\"https:\/\/liviko.eu\/wp-content\/uploads\/2026\/04\/Individual-Gift-Box-Packshots-Darjeeling-with-bottle-e1776777791605.png\" class=\"attachment-full size-full wp-image-58485\" alt=\"\" srcset=\"https:\/\/liviko.eu\/wp-content\/uploads\/2026\/04\/Individual-Gift-Box-Packshots-Darjeeling-with-bottle-e1776777791605.png 1875w, https:\/\/liviko.eu\/wp-content\/uploads\/2026\/04\/Individual-Gift-Box-Packshots-Darjeeling-with-bottle-e1776777791605-590x920.png 590w, https:\/\/liviko.eu\/wp-content\/uploads\/2026\/04\/Individual-Gift-Box-Packshots-Darjeeling-with-bottle-e1776777791605-877x1366.png 877w, https:\/\/liviko.eu\/wp-content\/uploads\/2026\/04\/Individual-Gift-Box-Packshots-Darjeeling-with-bottle-e1776777791605-768x1197.png 768w, https:\/\/liviko.eu\/wp-content\/uploads\/2026\/04\/Individual-Gift-Box-Packshots-Darjeeling-with-bottle-e1776777791605-986x1536.png 986w, https:\/\/liviko.eu\/wp-content\/uploads\/2026\/04\/Individual-Gift-Box-Packshots-Darjeeling-with-bottle-e1776777791605-1314x2048.png 1314w, https:\/\/liviko.eu\/wp-content\/uploads\/2026\/04\/Individual-Gift-Box-Packshots-Darjeeling-with-bottle-e1776777791605-205x320.png 205w, https:\/\/liviko.eu\/wp-content\/uploads\/2026\/04\/Individual-Gift-Box-Packshots-Darjeeling-with-bottle-e1776777791605-387x603.png 387w\" sizes=\"(max-width: 1875px) 100vw, 1875px\" \/><\/a><\/figure><div class=\"elementor-image-box-content\"><h3 class=\"elementor-image-box-title\"><a href=\"https:\/\/liviko.eu\/lt\/nealkoholiniai-gerimai\/nealkoholine-putojanti-arbata\/saicho-sparkling-tea-darjeeling\/\">SAICHO Sparkling Tea Darjeeling<\/a><\/h3><\/div><\/div>\t\t<\/div>\n\t\t\t\t<\/div>\n\t\t\t\t\t<\/div>\n\t\t<\/div>\n\t\t\t\t<div class=\"elementor-column elementor-col-25 elementor-top-column elementor-element elementor-element-1a9e716\" data-id=\"1a9e716\" data-element_type=\"column\">\n\t\t\t<div class=\"elementor-widget-wrap elementor-element-populated\">\n\t\t\t\t\t\t<div class=\"elementor-element elementor-element-386a74e elementor-position-top elementor-widget elementor-widget-image-box\" data-id=\"386a74e\" data-element_type=\"widget\" data-widget_type=\"image-box.default\">\n\t\t\t\t<div class=\"elementor-widget-container\">\n\t\t\t<div class=\"elementor-image-box-wrapper\"><figure class=\"elementor-image-box-img\"><a href=\"https:\/\/liviko.eu\/lt\/nealkoholiniai-gerimai\/nealkoholine-putojanti-arbata\/saicho-sparkling-tea-hojicha\/\" tabindex=\"-1\"><img decoding=\"async\" width=\"1880\" height=\"2922\" src=\"https:\/\/liviko.eu\/wp-content\/uploads\/2026\/04\/Individual-Gift-Box-Packshots-Hojicha-with-bottle-e1776777753398.png\" class=\"attachment-full size-full wp-image-58490\" alt=\"\" srcset=\"https:\/\/liviko.eu\/wp-content\/uploads\/2026\/04\/Individual-Gift-Box-Packshots-Hojicha-with-bottle-e1776777753398.png 1880w, https:\/\/liviko.eu\/wp-content\/uploads\/2026\/04\/Individual-Gift-Box-Packshots-Hojicha-with-bottle-e1776777753398-592x920.png 592w, https:\/\/liviko.eu\/wp-content\/uploads\/2026\/04\/Individual-Gift-Box-Packshots-Hojicha-with-bottle-e1776777753398-879x1366.png 879w, https:\/\/liviko.eu\/wp-content\/uploads\/2026\/04\/Individual-Gift-Box-Packshots-Hojicha-with-bottle-e1776777753398-768x1194.png 768w, https:\/\/liviko.eu\/wp-content\/uploads\/2026\/04\/Individual-Gift-Box-Packshots-Hojicha-with-bottle-e1776777753398-988x1536.png 988w, https:\/\/liviko.eu\/wp-content\/uploads\/2026\/04\/Individual-Gift-Box-Packshots-Hojicha-with-bottle-e1776777753398-1318x2048.png 1318w, https:\/\/liviko.eu\/wp-content\/uploads\/2026\/04\/Individual-Gift-Box-Packshots-Hojicha-with-bottle-e1776777753398-206x320.png 206w, https:\/\/liviko.eu\/wp-content\/uploads\/2026\/04\/Individual-Gift-Box-Packshots-Hojicha-with-bottle-e1776777753398-388x603.png 388w\" sizes=\"(max-width: 1880px) 100vw, 1880px\" \/><\/a><\/figure><div class=\"elementor-image-box-content\"><h3 class=\"elementor-image-box-title\"><a href=\"https:\/\/liviko.eu\/lt\/nealkoholiniai-gerimai\/nealkoholine-putojanti-arbata\/saicho-sparkling-tea-hojicha\/\">SAICHO Sparkling Tea Hojicha<\/a><\/h3><\/div><\/div>\t\t<\/div>\n\t\t\t\t<\/div>\n\t\t\t\t\t<\/div>\n\t\t<\/div>\n\t\t\t\t<div class=\"elementor-column elementor-col-25 elementor-top-column elementor-element elementor-element-6a7a9fb\" data-id=\"6a7a9fb\" data-element_type=\"column\">\n\t\t\t<div class=\"elementor-widget-wrap elementor-element-populated\">\n\t\t\t\t\t\t<div class=\"elementor-element elementor-element-e531995 elementor-position-top elementor-widget elementor-widget-image-box\" data-id=\"e531995\" data-element_type=\"widget\" data-widget_type=\"image-box.default\">\n\t\t\t\t<div class=\"elementor-widget-container\">\n\t\t\t<div class=\"elementor-image-box-wrapper\"><figure class=\"elementor-image-box-img\"><a href=\"https:\/\/liviko.eu\/lt\/nealkoholiniai-gerimai\/nealkoholine-putojanti-arbata\/saicho-sparkling-tea-jasmine\/\" tabindex=\"-1\"><img decoding=\"async\" width=\"1885\" height=\"2927\" src=\"https:\/\/liviko.eu\/wp-content\/uploads\/2026\/04\/Individual-Gift-Box-Packshots-Jasmine-with-bottle-e1776777709104.png\" class=\"attachment-full size-full wp-image-58475\" alt=\"\" srcset=\"https:\/\/liviko.eu\/wp-content\/uploads\/2026\/04\/Individual-Gift-Box-Packshots-Jasmine-with-bottle-e1776777709104.png 1885w, https:\/\/liviko.eu\/wp-content\/uploads\/2026\/04\/Individual-Gift-Box-Packshots-Jasmine-with-bottle-e1776777709104-592x920.png 592w, https:\/\/liviko.eu\/wp-content\/uploads\/2026\/04\/Individual-Gift-Box-Packshots-Jasmine-with-bottle-e1776777709104-880x1366.png 880w, https:\/\/liviko.eu\/wp-content\/uploads\/2026\/04\/Individual-Gift-Box-Packshots-Jasmine-with-bottle-e1776777709104-768x1193.png 768w, https:\/\/liviko.eu\/wp-content\/uploads\/2026\/04\/Individual-Gift-Box-Packshots-Jasmine-with-bottle-e1776777709104-989x1536.png 989w, https:\/\/liviko.eu\/wp-content\/uploads\/2026\/04\/Individual-Gift-Box-Packshots-Jasmine-with-bottle-e1776777709104-1319x2048.png 1319w, https:\/\/liviko.eu\/wp-content\/uploads\/2026\/04\/Individual-Gift-Box-Packshots-Jasmine-with-bottle-e1776777709104-206x320.png 206w, https:\/\/liviko.eu\/wp-content\/uploads\/2026\/04\/Individual-Gift-Box-Packshots-Jasmine-with-bottle-e1776777709104-388x603.png 388w\" sizes=\"(max-width: 1885px) 100vw, 1885px\" \/><\/a><\/figure><div class=\"elementor-image-box-content\"><h3 class=\"elementor-image-box-title\"><a href=\"https:\/\/liviko.eu\/lt\/nealkoholiniai-gerimai\/nealkoholine-putojanti-arbata\/saicho-sparkling-tea-jasmine\/\">SAICHO Sparkling Tea Jasmine<\/a><\/h3><\/div><\/div>\t\t<\/div>\n\t\t\t\t<\/div>\n\t\t\t\t\t<\/div>\n\t\t<\/div>\n\t\t\t\t<div class=\"elementor-column elementor-col-25 elementor-top-column elementor-element elementor-element-10d6c56\" data-id=\"10d6c56\" data-element_type=\"column\">\n\t\t\t<div class=\"elementor-widget-wrap\">\n\t\t\t\t\t\t\t<\/div>\n\t\t<\/div>\n\t\t\t\t\t<\/div>\n\t\t<\/section>\n\t\t\t\t<\/div>\n\t\t","protected":false},"excerpt":{"rendered":"<p>Nealkoholin\u0117 putojanti arbata Stiprieji alkoholiniai g\u0117rimai Vynai\u200f\u200f\u200e\u200e Silpnieji alkoholiniai g\u0117rimai \u200e Nealkoholiniai g\u0117rimai\u200e\u200f\u200f\u200e \u200e SAICHO Sparkling Tea Darjeeling SAICHO Sparkling Tea Hojicha SAICHO Sparkling Tea Jasmine<\/p>\n","protected":false},"author":14,"featured_media":0,"parent":33437,"menu_order":0,"comment_status":"closed","ping_status":"closed","template":"elementor_header_footer","meta":{"_acf_changed":false,"inline_featured_image":false,"_monsterinsights_skip_tracking":false,"_monsterinsights_sitenote_active":false,"_monsterinsights_sitenote_note":"","_monsterinsights_sitenote_category":0,"footnotes":""},"categories":[],"class_list":["post-53247","page","type-page","status-publish","hentry"],"acf":[],"yoast_head":"<!-- This site is optimized with the Yoast SEO plugin v24.0 - https:\/\/yoast.com\/wordpress\/plugins\/seo\/ -->\n<title>Nealkoholin\u0117 putojanti arbata - Liviko<\/title>\n<meta name=\"robots\" content=\"index, follow, max-snippet:-1, max-image-preview:large, max-video-preview:-1\" \/>\n<link rel=\"canonical\" href=\"https:\/\/liviko.eu\/lt\/nealkoholiniai-gerimai\/nealkoholine-putojanti-arbata\/\" \/>\n<meta property=\"og:locale\" content=\"lt_LT\" \/>\n<meta property=\"og:type\" content=\"article\" \/>\n<meta property=\"og:title\" content=\"Nealkoholin\u0117 putojanti arbata - Liviko\" \/>\n<meta property=\"og:description\" content=\"Nealkoholin\u0117 putojanti arbata Stiprieji alkoholiniai g\u0117rimai Vynai\u200f\u200f\u200e\u200e Silpnieji alkoholiniai g\u0117rimai \u200e Nealkoholiniai g\u0117rimai\u200e\u200f\u200f\u200e \u200e SAICHO Sparkling Tea Darjeeling SAICHO Sparkling Tea Hojicha SAICHO Sparkling Tea Jasmine\" \/>\n<meta property=\"og:url\" content=\"https:\/\/liviko.eu\/lt\/nealkoholiniai-gerimai\/nealkoholine-putojanti-arbata\/\" \/>\n<meta property=\"og:site_name\" content=\"Liviko\" \/>\n<meta property=\"article:publisher\" content=\"https:\/\/www.facebook.com\/LivikoDistillery\/\" \/>\n<meta property=\"article:modified_time\" content=\"2026-04-21T13:24:18+00:00\" \/>\n<meta property=\"og:image\" content=\"https:\/\/liviko.eu\/wp-content\/uploads\/2026\/04\/Individual-Gift-Box-Packshots-Darjeeling-with-bottle-e1776777791605.png\" \/>\n\t<meta property=\"og:image:width\" content=\"1875\" \/>\n\t<meta property=\"og:image:height\" content=\"2922\" \/>\n\t<meta property=\"og:image:type\" content=\"image\/png\" \/>\n<meta name=\"twitter:card\" content=\"summary_large_image\" \/>\n<meta name=\"twitter:label1\" content=\"Est. reading time\" \/>\n\t<meta name=\"twitter:data1\" content=\"1 minut\u0117\" \/>\n<script type=\"application\/ld+json\" class=\"yoast-schema-graph\">{\"@context\":\"https:\/\/schema.org\",\"@graph\":[{\"@type\":\"WebPage\",\"@id\":\"https:\/\/liviko.eu\/lt\/nealkoholiniai-gerimai\/nealkoholine-putojanti-arbata\/\",\"url\":\"https:\/\/liviko.eu\/lt\/nealkoholiniai-gerimai\/nealkoholine-putojanti-arbata\/\",\"name\":\"Nealkoholin\u0117 putojanti arbata - Liviko\",\"isPartOf\":{\"@id\":\"https:\/\/liviko.eu\/lt\/#website\"},\"primaryImageOfPage\":{\"@id\":\"https:\/\/liviko.eu\/lt\/nealkoholiniai-gerimai\/nealkoholine-putojanti-arbata\/#primaryimage\"},\"image\":{\"@id\":\"https:\/\/liviko.eu\/lt\/nealkoholiniai-gerimai\/nealkoholine-putojanti-arbata\/#primaryimage\"},\"thumbnailUrl\":\"https:\/\/liviko.eu\/wp-content\/uploads\/2026\/04\/Individual-Gift-Box-Packshots-Darjeeling-with-bottle-e1776777791605.png\",\"datePublished\":\"2024-07-08T08:14:30+00:00\",\"dateModified\":\"2026-04-21T13:24:18+00:00\",\"breadcrumb\":{\"@id\":\"https:\/\/liviko.eu\/lt\/nealkoholiniai-gerimai\/nealkoholine-putojanti-arbata\/#breadcrumb\"},\"inLanguage\":\"lt-LT\",\"potentialAction\":[{\"@type\":\"ReadAction\",\"target\":[\"https:\/\/liviko.eu\/lt\/nealkoholiniai-gerimai\/nealkoholine-putojanti-arbata\/\"]}]},{\"@type\":\"ImageObject\",\"inLanguage\":\"lt-LT\",\"@id\":\"https:\/\/liviko.eu\/lt\/nealkoholiniai-gerimai\/nealkoholine-putojanti-arbata\/#primaryimage\",\"url\":\"https:\/\/liviko.eu\/wp-content\/uploads\/2026\/04\/Individual-Gift-Box-Packshots-Darjeeling-with-bottle-e1776777791605.png\",\"contentUrl\":\"https:\/\/liviko.eu\/wp-content\/uploads\/2026\/04\/Individual-Gift-Box-Packshots-Darjeeling-with-bottle-e1776777791605.png\"},{\"@type\":\"BreadcrumbList\",\"@id\":\"https:\/\/liviko.eu\/lt\/nealkoholiniai-gerimai\/nealkoholine-putojanti-arbata\/#breadcrumb\",\"itemListElement\":[{\"@type\":\"ListItem\",\"position\":1,\"name\":\"Home\",\"item\":\"https:\/\/liviko.eu\/lt\/\"},{\"@type\":\"ListItem\",\"position\":2,\"name\":\"Nealkoholiniai g\u0117rimai\",\"item\":\"https:\/\/liviko.eu\/lt\/nealkoholiniai-gerimai\/\"},{\"@type\":\"ListItem\",\"position\":3,\"name\":\"Nealkoholin\u0117 putojanti arbata\"}]},{\"@type\":\"WebSite\",\"@id\":\"https:\/\/liviko.eu\/lt\/#website\",\"url\":\"https:\/\/liviko.eu\/lt\/\",\"name\":\"Liviko\",\"description\":\"anno 1898\",\"publisher\":{\"@id\":\"https:\/\/liviko.eu\/lt\/#organization\"},\"potentialAction\":[{\"@type\":\"SearchAction\",\"target\":{\"@type\":\"EntryPoint\",\"urlTemplate\":\"https:\/\/liviko.eu\/lt\/?s={search_term_string}\"},\"query-input\":{\"@type\":\"PropertyValueSpecification\",\"valueRequired\":true,\"valueName\":\"search_term_string\"}}],\"inLanguage\":\"lt-LT\"},{\"@type\":\"Organization\",\"@id\":\"https:\/\/liviko.eu\/lt\/#organization\",\"name\":\"Liviko\",\"url\":\"https:\/\/liviko.eu\/lt\/\",\"logo\":{\"@type\":\"ImageObject\",\"inLanguage\":\"lt-LT\",\"@id\":\"https:\/\/liviko.eu\/lt\/#\/schema\/logo\/image\/\",\"url\":\"https:\/\/liviko.eu\/wp-content\/uploads\/2020\/10\/liviko_logo.png\",\"contentUrl\":\"https:\/\/liviko.eu\/wp-content\/uploads\/2020\/10\/liviko_logo.png\",\"width\":515,\"height\":181,\"caption\":\"Liviko\"},\"image\":{\"@id\":\"https:\/\/liviko.eu\/lt\/#\/schema\/logo\/image\/\"},\"sameAs\":[\"https:\/\/www.facebook.com\/LivikoDistillery\/\",\"https:\/\/www.instagram.com\/livikodistillery\",\"https:\/\/www.linkedin.com\/company\/liviko\/\",\"https:\/\/www.youtube.com\/channel\/UCnoHr-PaNxBHJO8nMDLVGuA\"]}]}<\/script>\n<!-- \/ Yoast SEO plugin. -->","yoast_head_json":{"title":"Nealkoholin\u0117 putojanti arbata - Liviko","robots":{"index":"index","follow":"follow","max-snippet":"max-snippet:-1","max-image-preview":"max-image-preview:large","max-video-preview":"max-video-preview:-1"},"canonical":"https:\/\/liviko.eu\/lt\/nealkoholiniai-gerimai\/nealkoholine-putojanti-arbata\/","og_locale":"lt_LT","og_type":"article","og_title":"Nealkoholin\u0117 putojanti arbata - Liviko","og_description":"Nealkoholin\u0117 putojanti arbata Stiprieji alkoholiniai g\u0117rimai Vynai\u200f\u200f\u200e\u200e Silpnieji alkoholiniai g\u0117rimai \u200e Nealkoholiniai g\u0117rimai\u200e\u200f\u200f\u200e \u200e SAICHO Sparkling Tea Darjeeling SAICHO Sparkling Tea Hojicha SAICHO Sparkling Tea Jasmine","og_url":"https:\/\/liviko.eu\/lt\/nealkoholiniai-gerimai\/nealkoholine-putojanti-arbata\/","og_site_name":"Liviko","article_publisher":"https:\/\/www.facebook.com\/LivikoDistillery\/","article_modified_time":"2026-04-21T13:24:18+00:00","og_image":[{"width":1875,"height":2922,"url":"https:\/\/liviko.eu\/wp-content\/uploads\/2026\/04\/Individual-Gift-Box-Packshots-Darjeeling-with-bottle-e1776777791605.png","type":"image\/png"}],"twitter_card":"summary_large_image","twitter_misc":{"Est. reading time":"1 minut\u0117"},"schema":{"@context":"https:\/\/schema.org","@graph":[{"@type":"WebPage","@id":"https:\/\/liviko.eu\/lt\/nealkoholiniai-gerimai\/nealkoholine-putojanti-arbata\/","url":"https:\/\/liviko.eu\/lt\/nealkoholiniai-gerimai\/nealkoholine-putojanti-arbata\/","name":"Nealkoholin\u0117 putojanti arbata - Liviko","isPartOf":{"@id":"https:\/\/liviko.eu\/lt\/#website"},"primaryImageOfPage":{"@id":"https:\/\/liviko.eu\/lt\/nealkoholiniai-gerimai\/nealkoholine-putojanti-arbata\/#primaryimage"},"image":{"@id":"https:\/\/liviko.eu\/lt\/nealkoholiniai-gerimai\/nealkoholine-putojanti-arbata\/#primaryimage"},"thumbnailUrl":"https:\/\/liviko.eu\/wp-content\/uploads\/2026\/04\/Individual-Gift-Box-Packshots-Darjeeling-with-bottle-e1776777791605.png","datePublished":"2024-07-08T08:14:30+00:00","dateModified":"2026-04-21T13:24:18+00:00","breadcrumb":{"@id":"https:\/\/liviko.eu\/lt\/nealkoholiniai-gerimai\/nealkoholine-putojanti-arbata\/#breadcrumb"},"inLanguage":"lt-LT","potentialAction":[{"@type":"ReadAction","target":["https:\/\/liviko.eu\/lt\/nealkoholiniai-gerimai\/nealkoholine-putojanti-arbata\/"]}]},{"@type":"ImageObject","inLanguage":"lt-LT","@id":"https:\/\/liviko.eu\/lt\/nealkoholiniai-gerimai\/nealkoholine-putojanti-arbata\/#primaryimage","url":"https:\/\/liviko.eu\/wp-content\/uploads\/2026\/04\/Individual-Gift-Box-Packshots-Darjeeling-with-bottle-e1776777791605.png","contentUrl":"https:\/\/liviko.eu\/wp-content\/uploads\/2026\/04\/Individual-Gift-Box-Packshots-Darjeeling-with-bottle-e1776777791605.png"},{"@type":"BreadcrumbList","@id":"https:\/\/liviko.eu\/lt\/nealkoholiniai-gerimai\/nealkoholine-putojanti-arbata\/#breadcrumb","itemListElement":[{"@type":"ListItem","position":1,"name":"Home","item":"https:\/\/liviko.eu\/lt\/"},{"@type":"ListItem","position":2,"name":"Nealkoholiniai g\u0117rimai","item":"https:\/\/liviko.eu\/lt\/nealkoholiniai-gerimai\/"},{"@type":"ListItem","position":3,"name":"Nealkoholin\u0117 putojanti arbata"}]},{"@type":"WebSite","@id":"https:\/\/liviko.eu\/lt\/#website","url":"https:\/\/liviko.eu\/lt\/","name":"Liviko","description":"anno 1898","publisher":{"@id":"https:\/\/liviko.eu\/lt\/#organization"},"potentialAction":[{"@type":"SearchAction","target":{"@type":"EntryPoint","urlTemplate":"https:\/\/liviko.eu\/lt\/?s={search_term_string}"},"query-input":{"@type":"PropertyValueSpecification","valueRequired":true,"valueName":"search_term_string"}}],"inLanguage":"lt-LT"},{"@type":"Organization","@id":"https:\/\/liviko.eu\/lt\/#organization","name":"Liviko","url":"https:\/\/liviko.eu\/lt\/","logo":{"@type":"ImageObject","inLanguage":"lt-LT","@id":"https:\/\/liviko.eu\/lt\/#\/schema\/logo\/image\/","url":"https:\/\/liviko.eu\/wp-content\/uploads\/2020\/10\/liviko_logo.png","contentUrl":"https:\/\/liviko.eu\/wp-content\/uploads\/2020\/10\/liviko_logo.png","width":515,"height":181,"caption":"Liviko"},"image":{"@id":"https:\/\/liviko.eu\/lt\/#\/schema\/logo\/image\/"},"sameAs":["https:\/\/www.facebook.com\/LivikoDistillery\/","https:\/\/www.instagram.com\/livikodistillery","https:\/\/www.linkedin.com\/company\/liviko\/","https:\/\/www.youtube.com\/channel\/UCnoHr-PaNxBHJO8nMDLVGuA"]}]}},"_links":{"self":[{"href":"https:\/\/liviko.eu\/lt\/wp-json\/wp\/v2\/pages\/53247","targetHints":{"allow":["GET"]}}],"collection":[{"href":"https:\/\/liviko.eu\/lt\/wp-json\/wp\/v2\/pages"}],"about":[{"href":"https:\/\/liviko.eu\/lt\/wp-json\/wp\/v2\/types\/page"}],"author":[{"embeddable":true,"href":"https:\/\/liviko.eu\/lt\/wp-json\/wp\/v2\/users\/14"}],"replies":[{"embeddable":true,"href":"https:\/\/liviko.eu\/lt\/wp-json\/wp\/v2\/comments?post=53247"}],"version-history":[{"count":16,"href":"https:\/\/liviko.eu\/lt\/wp-json\/wp\/v2\/pages\/53247\/revisions"}],"predecessor-version":[{"id":58497,"href":"https:\/\/liviko.eu\/lt\/wp-json\/wp\/v2\/pages\/53247\/revisions\/58497"}],"up":[{"embeddable":true,"href":"https:\/\/liviko.eu\/lt\/wp-json\/wp\/v2\/pages\/33437"}],"wp:attachment":[{"href":"https:\/\/liviko.eu\/lt\/wp-json\/wp\/v2\/media?parent=53247"}],"wp:term":[{"taxonomy":"category","embeddable":true,"href":"https:\/\/liviko.eu\/lt\/wp-json\/wp\/v2\/categories?post=53247"}],"curies":[{"name":"wp","href":"https:\/\/api.w.org\/{rel}","templated":true}]}}