{"id":54112,"date":"2024-10-15T09:32:12","date_gmt":"2024-10-15T09:32:12","guid":{"rendered":"https:\/\/liviko.eu\/?page_id=54112"},"modified":"2024-11-13T14:17:16","modified_gmt":"2024-11-13T14:17:16","slug":"stellar","status":"publish","type":"page","link":"https:\/\/liviko.eu\/lt\/liviko-distillery\/stellar\/","title":{"rendered":"Stellar"},"content":{"rendered":"<div id=\"pageHeader-block_0232d83f1c789ae99da2da187f91c739\" class=\" c-contentBlock c-pageHeader\" data-block-type=\"Page header\">\n                    <h1 class=\"c-pageHeader__title\">STELLAR<\/h1>\n                            <div class=\"c-pageHeader__text t-text\"><p>Vanduo su nat\u016braliais mineralais<\/p>\n<\/div>\n                \n<\/div>\n<a id=\"page-54112-body\"><\/a>\n\n<div id=\"mediaBlock-block_2ffa55f0fe9df08369da9c6981143b15\" class=\" c-contentBlock c-mediaBlock c-mediaBlock--align-left c-mediaBlock--valign-center c-mediaBlock--size-extra-small c-mediaBlock--imageHeight-small\" data-block-type=\"Media block\">\n   \n                \n     <div class=\"c-mediaBlock__media\" style=\"\"\">\n        <img fetchpriority=\"high\" decoding=\"async\" width=\"450\" height=\"1366\" src=\"https:\/\/liviko.eu\/wp-content\/uploads\/2024\/11\/MULLIGA_WEB-1-450x1366.jpg\" class=\"c-mediaBlock__image\" alt=\"STELLAR GAZUOTAS VANDUO\" srcset=\"https:\/\/liviko.eu\/wp-content\/uploads\/2024\/11\/MULLIGA_WEB-1-450x1366.jpg 450w, https:\/\/liviko.eu\/wp-content\/uploads\/2024\/11\/MULLIGA_WEB-1-303x920.jpg 303w, https:\/\/liviko.eu\/wp-content\/uploads\/2024\/11\/MULLIGA_WEB-1-105x320.jpg 105w, https:\/\/liviko.eu\/wp-content\/uploads\/2024\/11\/MULLIGA_WEB-1-199x603.jpg 199w, https:\/\/liviko.eu\/wp-content\/uploads\/2024\/11\/MULLIGA_WEB-1.jpg 494w\" sizes=\"(max-width: 450px) 100vw, 450px\" \/>    <\/div>\n     <div class=\"c-mediaBlock__body\">\n                    <h2 class=\"c-mediaBlock__title\">STELLAR GAZUOTAS VANDUO<\/h2>\n                <div class=\"c-mediaBlock__content\">\n            <div class=\"t-text\">\n            <p>STELLAR gazuotas vanduo gaunamas i\u0161 nepaliest\u0173 vandening\u0173j\u0173 sluoksni\u0173, esan\u010di\u0173 giliai \u017eem\u0117s plutoje po Setomaa, Viduriniojo Devono sluoksnyje. STELLAR vanduo turi mineral\u0173, sukaupt\u0173 per t\u016bkstantme\u010dius, ir savyje ne\u0161a Piet\u0173 Estijos grynos gamtos gyvybingum\u0105.<\/p>\n<p>Vanduo yra sumai\u0161ytas i\u0161 skirting\u0173 po\u017eeminio vandens sluoksni\u0173, gaut\u0173 i\u0161 gr\u0119\u017eini\u0173, esan\u010di\u0173 95 ir 130 metr\u0173 gylyje.<\/p>\n<p>Gurk\u0161nis STELLAR vandens numal\u0161ina tro\u0161kul\u012f, atgaivina k\u016bn\u0105 ir prot\u0105 bei i\u0161saugo tikr\u0105j\u012f maisto skon\u012f.<\/p>\n            <\/div>\n                            \n        <\/div>\n    <\/div>\n<\/div>\n\n<div id=\"mediaBlock-block_471ae8a420ae271ea115c0bf9181bcc1\" class=\" c-contentBlock c-mediaBlock c-mediaBlock--align-right c-mediaBlock--valign-center c-mediaBlock--size-extra-small c-mediaBlock--imageHeight-small\" data-block-type=\"Media block\">\n   \n                \n     <div class=\"c-mediaBlock__media\" style=\"\"\">\n        <img decoding=\"async\" width=\"450\" height=\"1366\" src=\"https:\/\/liviko.eu\/wp-content\/uploads\/2024\/11\/MULLITA_WEB-450x1366.jpg\" class=\"c-mediaBlock__image\" alt=\"STELLAR NEGAZUOTAS VANDUO\" srcset=\"https:\/\/liviko.eu\/wp-content\/uploads\/2024\/11\/MULLITA_WEB-450x1366.jpg 450w, https:\/\/liviko.eu\/wp-content\/uploads\/2024\/11\/MULLITA_WEB-303x920.jpg 303w, https:\/\/liviko.eu\/wp-content\/uploads\/2024\/11\/MULLITA_WEB-105x320.jpg 105w, https:\/\/liviko.eu\/wp-content\/uploads\/2024\/11\/MULLITA_WEB-199x603.jpg 199w, https:\/\/liviko.eu\/wp-content\/uploads\/2024\/11\/MULLITA_WEB.jpg 494w\" sizes=\"(max-width: 450px) 100vw, 450px\" \/>    <\/div>\n     <div class=\"c-mediaBlock__body\">\n                    <h2 class=\"c-mediaBlock__title\">STELLAR NEGAZUOTAS VANDUO<\/h2>\n                <div class=\"c-mediaBlock__content\">\n            <div class=\"t-text\">\n            <p>STELLAR negazuotas vanduo gaunamas i\u0161 nepaliest\u0173 vandening\u0173j\u0173 sluoksni\u0173, esan\u010di\u0173 giliai \u017eem\u0117s plutoje po Setomaa, Viduriniojo Devono sluoksnyje. STELLAR vanduo turi mineral\u0173, sukaupt\u0173 per t\u016bkstantme\u010dius, ir savyje ne\u0161a Piet\u0173 Estijos grynos gamtos gyvybingum\u0105.<\/p>\n<p>Vanduo yra sumai\u0161ytas i\u0161 skirting\u0173 po\u017eeminio vandens sluoksni\u0173, gaut\u0173 i\u0161 gr\u0119\u017eini\u0173, esan\u010di\u0173 95 ir 130 metr\u0173 gylyje.<\/p>\n<p>Gurk\u0161nis STELLAR vandens numal\u0161ina tro\u0161kul\u012f, atgaivina k\u016bn\u0105 ir prot\u0105 bei i\u0161saugo tikr\u0105j\u012f maisto skon\u012f.<\/p>\n<div class=\"product__usage\"><\/div>\n            <\/div>\n                            \n        <\/div>\n    <\/div>\n<\/div>\n\n\n<div id=\"featureBlocks-block_4327c0c5c9fc8a45a152db56a1870567\" class=\" c-contentBlock c-featureBlocks c-featureBlocks--type-expanded c-featureBlocks--grid-columns\" data-block-type=\"Feature blocks: expanded\">\n   <div class=\"c-featureBlocksGroup\">\n\n\n                          <div class=\"c-featureBlocks__item\">\n                \n                \n                    <div class=\"c-featureBlocks__item-block\"    >\n\n                                                                                            <div class=\"c-featureBlock__imageContainer\">\n                                <img decoding=\"async\" width=\"920\" height=\"920\" src=\"https:\/\/liviko.eu\/wp-content\/uploads\/2024\/11\/STELLAR_DUO_X2-920x920.jpg\" class=\"c-featureBlock__image\" alt=\"\" srcset=\"https:\/\/liviko.eu\/wp-content\/uploads\/2024\/11\/STELLAR_DUO_X2-920x920.jpg 920w, https:\/\/liviko.eu\/wp-content\/uploads\/2024\/11\/STELLAR_DUO_X2-1366x1366.jpg 1366w, https:\/\/liviko.eu\/wp-content\/uploads\/2024\/11\/STELLAR_DUO_X2-480x480.jpg 480w, https:\/\/liviko.eu\/wp-content\/uploads\/2024\/11\/STELLAR_DUO_X2-768x768.jpg 768w, https:\/\/liviko.eu\/wp-content\/uploads\/2024\/11\/STELLAR_DUO_X2-1536x1536.jpg 1536w, https:\/\/liviko.eu\/wp-content\/uploads\/2024\/11\/STELLAR_DUO_X2-2048x2048.jpg 2048w, https:\/\/liviko.eu\/wp-content\/uploads\/2024\/11\/STELLAR_DUO_X2-320x320.jpg 320w, https:\/\/liviko.eu\/wp-content\/uploads\/2024\/11\/STELLAR_DUO_X2-603x603.jpg 603w\" sizes=\"(max-width: 920px) 100vw, 920px\" \/>                                <\/div>\n                               \n\n                            <div class=\"c-featureBlocks__item-body\">\n                                    <h3 class=\"c-featureBlocks__item-title\"><\/h3>\n                                    <div class=\"t-text\">\n                                        <p><strong>Vanduo yra gyvyb\u0117s \u0161altinis<\/strong><\/p>\n<p>Gerti vanden\u012f yra svarbus kasdienis \u012fprotis, kuris palaiko normalias m\u016bs\u0173 k\u016bno funkcijas ir bendr\u0105 sveikat\u0105. Vandens vartojimas yra ypa\u010d svarbus fizinio aktyvumo metu, sergant, esant kar\u0161tam orui bei tam tikrais gyvenimo etapais, pavyzd\u017eiui, n\u0117\u0161tumo ir \u017eindymo laikotarpiu. Taip pat svarbu gerti vanden\u012f valgant, kad b\u016bt\u0173 palaikomas vir\u0161kinimas ir bendra savijauta. R\u016bpinkim\u0117s savo k\u016bnu, gerdami pakankamai vandens kasdien!<\/p>\n                                    <\/div>\n                            <\/div>\n\n                    <\/div>    \n                        \n\n\n                            \n            <\/div>\n            \n                    <div class=\"c-featureBlocks__item\">\n                \n                \n                    <div class=\"c-featureBlocks__item-block\"    >\n\n                                                                                            <div class=\"c-featureBlock__imageContainer\">\n                                <img loading=\"lazy\" decoding=\"async\" width=\"920\" height=\"920\" src=\"https:\/\/liviko.eu\/wp-content\/uploads\/2024\/11\/louna-eesti-920x920.jpg\" class=\"c-featureBlock__image\" alt=\"\" srcset=\"https:\/\/liviko.eu\/wp-content\/uploads\/2024\/11\/louna-eesti-920x920.jpg 920w, https:\/\/liviko.eu\/wp-content\/uploads\/2024\/11\/louna-eesti-1366x1366.jpg 1366w, https:\/\/liviko.eu\/wp-content\/uploads\/2024\/11\/louna-eesti-480x480.jpg 480w, https:\/\/liviko.eu\/wp-content\/uploads\/2024\/11\/louna-eesti-768x768.jpg 768w, https:\/\/liviko.eu\/wp-content\/uploads\/2024\/11\/louna-eesti-1536x1536.jpg 1536w, https:\/\/liviko.eu\/wp-content\/uploads\/2024\/11\/louna-eesti-2048x2048.jpg 2048w, https:\/\/liviko.eu\/wp-content\/uploads\/2024\/11\/louna-eesti-320x320.jpg 320w, https:\/\/liviko.eu\/wp-content\/uploads\/2024\/11\/louna-eesti-603x603.jpg 603w\" sizes=\"(max-width: 920px) 100vw, 920px\" \/>                                <\/div>\n                               \n\n                            <div class=\"c-featureBlocks__item-body\">\n                                    <h3 class=\"c-featureBlocks__item-title\"><\/h3>\n                                    <div class=\"t-text\">\n                                        <div class=\"flex max-w-full flex-col flex-grow\">\n<div class=\"min-h-8 text-message flex w-full flex-col items-end gap-2 whitespace-normal break-words [.text-message+&amp;]:mt-5\" dir=\"auto\" data-message-author-role=\"assistant\" data-message-id=\"ad240b1a-df1e-4cd8-8946-28fda5e57e99\" data-message-model-slug=\"gpt-4o\">\n<div class=\"flex w-full flex-col gap-1 empty:hidden first:pt-[3px]\">\n<div class=\"markdown prose w-full break-words dark:prose-invert light\">\n<p><strong>Kilm\u0117<\/strong><\/p>\n<p>Setomaa, Piet\u0173 Estijos pasl\u0117ptas perlas, yra nepaliestos gamtos ir ramyb\u0117s oaz\u0117. B\u016btent i\u0161 \u010dia, giliai po Setomaa \u017eem\u0117mis, kyla m\u016bs\u0173 mineralinis vanduo, atspindintis \u0161io regiono gryn\u0105 gamt\u0105 ir gyvybingum\u0105.<\/p>\n<\/div>\n<\/div>\n<\/div>\n<\/div>\n                                    <\/div>\n                            <\/div>\n\n                    <\/div>    \n                        \n\n\n                            \n            <\/div>\n            \n                    <div class=\"c-featureBlocks__item\">\n                \n                \n                    <div class=\"c-featureBlocks__item-block\"    >\n\n                                                                                            <div class=\"c-featureBlock__imageContainer\">\n                                <img loading=\"lazy\" decoding=\"async\" width=\"920\" height=\"920\" src=\"https:\/\/liviko.eu\/wp-content\/uploads\/2024\/11\/STELLAR_STILL_07_SCENE_NO_GLARE-1-920x920.jpg\" class=\"c-featureBlock__image\" alt=\"\" srcset=\"https:\/\/liviko.eu\/wp-content\/uploads\/2024\/11\/STELLAR_STILL_07_SCENE_NO_GLARE-1-920x920.jpg 920w, https:\/\/liviko.eu\/wp-content\/uploads\/2024\/11\/STELLAR_STILL_07_SCENE_NO_GLARE-1-1366x1366.jpg 1366w, https:\/\/liviko.eu\/wp-content\/uploads\/2024\/11\/STELLAR_STILL_07_SCENE_NO_GLARE-1-480x480.jpg 480w, https:\/\/liviko.eu\/wp-content\/uploads\/2024\/11\/STELLAR_STILL_07_SCENE_NO_GLARE-1-768x768.jpg 768w, https:\/\/liviko.eu\/wp-content\/uploads\/2024\/11\/STELLAR_STILL_07_SCENE_NO_GLARE-1-1536x1536.jpg 1536w, https:\/\/liviko.eu\/wp-content\/uploads\/2024\/11\/STELLAR_STILL_07_SCENE_NO_GLARE-1-2048x2048.jpg 2048w, https:\/\/liviko.eu\/wp-content\/uploads\/2024\/11\/STELLAR_STILL_07_SCENE_NO_GLARE-1-320x320.jpg 320w, https:\/\/liviko.eu\/wp-content\/uploads\/2024\/11\/STELLAR_STILL_07_SCENE_NO_GLARE-1-603x603.jpg 603w\" sizes=\"(max-width: 920px) 100vw, 920px\" \/>                                <\/div>\n                               \n\n                            <div class=\"c-featureBlocks__item-body\">\n                                    <h3 class=\"c-featureBlocks__item-title\"><\/h3>\n                                    <div class=\"t-text\">\n                                        <p><strong>Pavadinimo kilm\u0117<\/strong><\/p>\n<p>M\u016bs\u0173 vandens pavadinimas \u012fkv\u0117ptas kosmin\u0117s vandens kilm\u0117s. Ankstyvosios Saul\u0117s sistemos formavimosi metu ledu padengtos kometos ir asteroidai atne\u0161\u0117 vanden\u012f \u012f \u017dem\u0119. Vanduo yra visur visatoje \u2013 tarp\u017evaig\u017edin\u0117se debesyse, planetose ir m\u0117nuliuose m\u016bs\u0173 Saul\u0117s sistemoje ir u\u017e jos rib\u0173.<\/p>\n                                    <\/div>\n                            <\/div>\n\n                    <\/div>    \n                        \n\n\n                            \n            <\/div>\n            \n                <div class=\"c-featureBlocks__item c-featureBlocks__item--empty\"><\/div>\n    <div class=\"c-featureBlocks__item c-featureBlocks__item--empty\"><\/div>\n    <\/div>\n<\/div>\n\n\n\n<div id=\"spacer-block_3f38bbbe95ea8484b868850f344a4f86\" class=\"c-contentBlock c-spacerContainer\"  data-block-type=\"Spacer\">\n   <hr class=\"  c-spacer c-spacer--size-3 c-spacer--line\" >\n<\/div>\n","protected":false},"excerpt":{"rendered":"","protected":false},"author":16,"featured_media":0,"parent":772,"menu_order":18,"comment_status":"closed","ping_status":"closed","template":"page-templates\/page-product.php","meta":{"_acf_changed":false,"inline_featured_image":false,"_monsterinsights_skip_tracking":false,"_monsterinsights_sitenote_active":false,"_monsterinsights_sitenote_note":"","_monsterinsights_sitenote_category":0,"footnotes":""},"categories":[35,57],"class_list":["post-54112","page","type-page","status-publish","hentry","category-non-alcohol","category-non-alcohol-lt"],"acf":[],"yoast_head":"<!-- This site is optimized with the Yoast SEO plugin v24.0 - https:\/\/yoast.com\/wordpress\/plugins\/seo\/ -->\n<title>Stellar - Liviko<\/title>\n<meta name=\"robots\" content=\"index, follow, max-snippet:-1, max-image-preview:large, max-video-preview:-1\" \/>\n<link rel=\"canonical\" href=\"https:\/\/liviko.eu\/lt\/liviko-distillery\/stellar\/\" \/>\n<meta property=\"og:locale\" content=\"lt_LT\" \/>\n<meta property=\"og:type\" content=\"article\" \/>\n<meta property=\"og:title\" content=\"Stellar - Liviko\" \/>\n<meta property=\"og:url\" content=\"https:\/\/liviko.eu\/lt\/liviko-distillery\/stellar\/\" \/>\n<meta property=\"og:site_name\" content=\"Liviko\" \/>\n<meta property=\"article:publisher\" content=\"https:\/\/www.facebook.com\/LivikoDistillery\/\" \/>\n<meta property=\"article:modified_time\" content=\"2024-11-13T14:17:16+00:00\" \/>\n<meta name=\"twitter:card\" content=\"summary_large_image\" \/>\n<script type=\"application\/ld+json\" class=\"yoast-schema-graph\">{\"@context\":\"https:\/\/schema.org\",\"@graph\":[{\"@type\":\"WebPage\",\"@id\":\"https:\/\/liviko.eu\/lt\/liviko-distillery\/stellar\/\",\"url\":\"https:\/\/liviko.eu\/lt\/liviko-distillery\/stellar\/\",\"name\":\"Stellar - Liviko\",\"isPartOf\":{\"@id\":\"https:\/\/liviko.eu\/lt\/#website\"},\"datePublished\":\"2024-10-15T09:32:12+00:00\",\"dateModified\":\"2024-11-13T14:17:16+00:00\",\"breadcrumb\":{\"@id\":\"https:\/\/liviko.eu\/lt\/liviko-distillery\/stellar\/#breadcrumb\"},\"inLanguage\":\"lt-LT\",\"potentialAction\":[{\"@type\":\"ReadAction\",\"target\":[\"https:\/\/liviko.eu\/lt\/liviko-distillery\/stellar\/\"]}]},{\"@type\":\"BreadcrumbList\",\"@id\":\"https:\/\/liviko.eu\/lt\/liviko-distillery\/stellar\/#breadcrumb\",\"itemListElement\":[{\"@type\":\"ListItem\",\"position\":1,\"name\":\"Home\",\"item\":\"https:\/\/liviko.eu\/lt\/\"},{\"@type\":\"ListItem\",\"position\":2,\"name\":\"Gamyba\",\"item\":\"https:\/\/liviko.eu\/lt\/liviko-distillery\/\"},{\"@type\":\"ListItem\",\"position\":3,\"name\":\"Stellar\"}]},{\"@type\":\"WebSite\",\"@id\":\"https:\/\/liviko.eu\/lt\/#website\",\"url\":\"https:\/\/liviko.eu\/lt\/\",\"name\":\"Liviko\",\"description\":\"anno 1898\",\"publisher\":{\"@id\":\"https:\/\/liviko.eu\/lt\/#organization\"},\"potentialAction\":[{\"@type\":\"SearchAction\",\"target\":{\"@type\":\"EntryPoint\",\"urlTemplate\":\"https:\/\/liviko.eu\/lt\/?s={search_term_string}\"},\"query-input\":{\"@type\":\"PropertyValueSpecification\",\"valueRequired\":true,\"valueName\":\"search_term_string\"}}],\"inLanguage\":\"lt-LT\"},{\"@type\":\"Organization\",\"@id\":\"https:\/\/liviko.eu\/lt\/#organization\",\"name\":\"Liviko\",\"url\":\"https:\/\/liviko.eu\/lt\/\",\"logo\":{\"@type\":\"ImageObject\",\"inLanguage\":\"lt-LT\",\"@id\":\"https:\/\/liviko.eu\/lt\/#\/schema\/logo\/image\/\",\"url\":\"https:\/\/liviko.eu\/wp-content\/uploads\/2020\/10\/liviko_logo.png\",\"contentUrl\":\"https:\/\/liviko.eu\/wp-content\/uploads\/2020\/10\/liviko_logo.png\",\"width\":515,\"height\":181,\"caption\":\"Liviko\"},\"image\":{\"@id\":\"https:\/\/liviko.eu\/lt\/#\/schema\/logo\/image\/\"},\"sameAs\":[\"https:\/\/www.facebook.com\/LivikoDistillery\/\",\"https:\/\/www.instagram.com\/livikodistillery\",\"https:\/\/www.linkedin.com\/company\/liviko\/\",\"https:\/\/www.youtube.com\/channel\/UCnoHr-PaNxBHJO8nMDLVGuA\"]}]}<\/script>\n<!-- \/ Yoast SEO plugin. -->","yoast_head_json":{"title":"Stellar - Liviko","robots":{"index":"index","follow":"follow","max-snippet":"max-snippet:-1","max-image-preview":"max-image-preview:large","max-video-preview":"max-video-preview:-1"},"canonical":"https:\/\/liviko.eu\/lt\/liviko-distillery\/stellar\/","og_locale":"lt_LT","og_type":"article","og_title":"Stellar - Liviko","og_url":"https:\/\/liviko.eu\/lt\/liviko-distillery\/stellar\/","og_site_name":"Liviko","article_publisher":"https:\/\/www.facebook.com\/LivikoDistillery\/","article_modified_time":"2024-11-13T14:17:16+00:00","twitter_card":"summary_large_image","schema":{"@context":"https:\/\/schema.org","@graph":[{"@type":"WebPage","@id":"https:\/\/liviko.eu\/lt\/liviko-distillery\/stellar\/","url":"https:\/\/liviko.eu\/lt\/liviko-distillery\/stellar\/","name":"Stellar - Liviko","isPartOf":{"@id":"https:\/\/liviko.eu\/lt\/#website"},"datePublished":"2024-10-15T09:32:12+00:00","dateModified":"2024-11-13T14:17:16+00:00","breadcrumb":{"@id":"https:\/\/liviko.eu\/lt\/liviko-distillery\/stellar\/#breadcrumb"},"inLanguage":"lt-LT","potentialAction":[{"@type":"ReadAction","target":["https:\/\/liviko.eu\/lt\/liviko-distillery\/stellar\/"]}]},{"@type":"BreadcrumbList","@id":"https:\/\/liviko.eu\/lt\/liviko-distillery\/stellar\/#breadcrumb","itemListElement":[{"@type":"ListItem","position":1,"name":"Home","item":"https:\/\/liviko.eu\/lt\/"},{"@type":"ListItem","position":2,"name":"Gamyba","item":"https:\/\/liviko.eu\/lt\/liviko-distillery\/"},{"@type":"ListItem","position":3,"name":"Stellar"}]},{"@type":"WebSite","@id":"https:\/\/liviko.eu\/lt\/#website","url":"https:\/\/liviko.eu\/lt\/","name":"Liviko","description":"anno 1898","publisher":{"@id":"https:\/\/liviko.eu\/lt\/#organization"},"potentialAction":[{"@type":"SearchAction","target":{"@type":"EntryPoint","urlTemplate":"https:\/\/liviko.eu\/lt\/?s={search_term_string}"},"query-input":{"@type":"PropertyValueSpecification","valueRequired":true,"valueName":"search_term_string"}}],"inLanguage":"lt-LT"},{"@type":"Organization","@id":"https:\/\/liviko.eu\/lt\/#organization","name":"Liviko","url":"https:\/\/liviko.eu\/lt\/","logo":{"@type":"ImageObject","inLanguage":"lt-LT","@id":"https:\/\/liviko.eu\/lt\/#\/schema\/logo\/image\/","url":"https:\/\/liviko.eu\/wp-content\/uploads\/2020\/10\/liviko_logo.png","contentUrl":"https:\/\/liviko.eu\/wp-content\/uploads\/2020\/10\/liviko_logo.png","width":515,"height":181,"caption":"Liviko"},"image":{"@id":"https:\/\/liviko.eu\/lt\/#\/schema\/logo\/image\/"},"sameAs":["https:\/\/www.facebook.com\/LivikoDistillery\/","https:\/\/www.instagram.com\/livikodistillery","https:\/\/www.linkedin.com\/company\/liviko\/","https:\/\/www.youtube.com\/channel\/UCnoHr-PaNxBHJO8nMDLVGuA"]}]}},"_links":{"self":[{"href":"https:\/\/liviko.eu\/lt\/wp-json\/wp\/v2\/pages\/54112","targetHints":{"allow":["GET"]}}],"collection":[{"href":"https:\/\/liviko.eu\/lt\/wp-json\/wp\/v2\/pages"}],"about":[{"href":"https:\/\/liviko.eu\/lt\/wp-json\/wp\/v2\/types\/page"}],"author":[{"embeddable":true,"href":"https:\/\/liviko.eu\/lt\/wp-json\/wp\/v2\/users\/16"}],"replies":[{"embeddable":true,"href":"https:\/\/liviko.eu\/lt\/wp-json\/wp\/v2\/comments?post=54112"}],"version-history":[{"count":7,"href":"https:\/\/liviko.eu\/lt\/wp-json\/wp\/v2\/pages\/54112\/revisions"}],"predecessor-version":[{"id":54486,"href":"https:\/\/liviko.eu\/lt\/wp-json\/wp\/v2\/pages\/54112\/revisions\/54486"}],"up":[{"embeddable":true,"href":"https:\/\/liviko.eu\/lt\/wp-json\/wp\/v2\/pages\/772"}],"wp:attachment":[{"href":"https:\/\/liviko.eu\/lt\/wp-json\/wp\/v2\/media?parent=54112"}],"wp:term":[{"taxonomy":"category","embeddable":true,"href":"https:\/\/liviko.eu\/lt\/wp-json\/wp\/v2\/categories?post=54112"}],"curies":[{"name":"wp","href":"https:\/\/api.w.org\/{rel}","templated":true}]}}