{"id":772,"date":"2020-06-26T07:33:59","date_gmt":"2020-06-26T07:33:59","guid":{"rendered":"http:\/\/liviko.eu\/liviko-distillery\/"},"modified":"2023-12-22T07:46:08","modified_gmt":"2023-12-22T07:46:08","slug":"liviko-distillery","status":"publish","type":"page","link":"https:\/\/liviko.eu\/lt\/liviko-distillery\/","title":{"rendered":"Gamyba"},"content":{"rendered":"<div id=\"pageHeader-block_9c53c77ba33d8dc094687c56878ef1e7\" class=\" c-contentBlock c-pageHeader\" data-block-type=\"Page header\">\n                    <h1 class=\"c-pageHeader__title\">ALKOHOLIO GAMYBOS PATIRTIS NUO 1898 MET\u0172<\/h1>\n                            <div class=\"c-pageHeader__text t-text\"><p>\u201eLiviko\u201c yra tarptautin\u0117, spar\u010diai besivystanti, kokybi\u0161ko alkoholio gamybos \u012fmoni\u0173 grup\u0117, kuri parduoda savo produkcij\u0105 60 \u2013 yje skirting\u0173 \u0161ali\u0173, o taip pat, atstovauja did\u017eiausius pasaulio alkoholio prek\u0117s \u017eenklus Estijoje, Latvijoje ir Lietuvoje. \u201eLiviko\u201c gamina daugiau kaip 70 skirting\u0173 alkoholini\u0173 ir nealkoholini\u0173 g\u0117rim\u0173. Kiekvien\u0105 gamin\u012f kuria atsidav\u0119 ekspertai, kuriuos tenkina tik auk\u0161\u010diausio lygio recept\u016bros, o tai u\u017etikrina itin \u00a0auk\u0161t\u0105 gamini\u0173 kokyb\u0119.<\/p>\n<\/div>\n                        <div class=\"c-pageHeader__tools\">\n        \t<a href=\"#page-772-body\" class=\"c-pageHeader__scrollButton js-scrollTo\">\n        \t\t<span class=\"visuallyhidden\">Scroll to content<\/span>\n                <span class=\"icon-down\"><\/span>\n        \t<\/a>\n        <\/div>\n        \n<\/div>\n<a id=\"page-772-body\"><\/a>\n\n<div id=\"mediaBlock-block_11cd8ee9fd225a39faf7b4c60cecfdbd\" class=\" c-contentBlock c-mediaBlock c-mediaBlock--align-left c-mediaBlock--valign-center c-mediaBlock--size-medium c-mediaBlock--imageHeight-normal\" data-block-type=\"Media block\">\n   \n                \n     <div class=\"c-mediaBlock__media\" style=\"\"\">\n        <img fetchpriority=\"high\" decoding=\"async\" width=\"800\" height=\"530\" src=\"https:\/\/liviko.eu\/wp-content\/uploads\/2022\/06\/800x530px-ginid.jpg\" class=\"c-mediaBlock__image\" alt=\"D\u017dINAS\" srcset=\"https:\/\/liviko.eu\/wp-content\/uploads\/2022\/06\/800x530px-ginid.jpg 800w, https:\/\/liviko.eu\/wp-content\/uploads\/2022\/06\/800x530px-ginid-768x509.jpg 768w, https:\/\/liviko.eu\/wp-content\/uploads\/2022\/06\/800x530px-ginid-483x320.jpg 483w\" sizes=\"(max-width: 800px) 100vw, 800px\" \/>    <\/div>\n     <div class=\"c-mediaBlock__body\">\n                    <h2 class=\"c-mediaBlock__title\">D\u017dINAS<\/h2>\n                <div class=\"c-mediaBlock__content\">\n            <div class=\"t-text\">\n            <p>Kadagio uogos dvelkia mistine rimtimi bei orumu, nes jos noksta ilgai \u2013 kadagio vaisiams sunokti ant kr\u016bmo reikia net dviej\u0173 met\u0173. Sunokusios kadagio uogos distiliuojamos r\u016bpestingai stebint \u201eLiviko\u201c meistrams ir virsta svarbiausia \u201eLiviko\u201c d\u017ein\u0173 dalimi. Pana\u0161iai, po vien\u0105 augal\u0105 distiliuojami ir kiti, kruop\u0161\u010diai atrinkti ingredientai. Tai daroma kuriant tiek klasikinio, tiek i\u0161skirtinio skonio d\u017einus. Jau senov\u0117je buvo \u017einoma, kad per dien\u0105 suvalg\u0119s vien\u0105 kadagio uog\u0105, gyvensi ilgai ir laimingai.<\/p>\n<ul>\n<li><span class=\"type--brand\"><a href=\"https:\/\/liviko.eu\/lt\/tootmine\/crafters\/\">CRAFTER&#8217;S<\/a><\/span><\/li>\n<li><span class=\"type--brand\"><a href=\"https:\/\/liviko.eu\/lt\/tootmine\/kingsmill\/\">KINGSMILL<\/a><\/span><\/li>\n<\/ul>\n            <\/div>\n                            \n        <\/div>\n    <\/div>\n<\/div>\n\n<div id=\"mediaBlock-block_470a2d6813ceea9a42b0bade74fc4029\" class=\" c-contentBlock c-mediaBlock c-mediaBlock--align-right c-mediaBlock--valign-center c-mediaBlock--size-medium c-mediaBlock--imageHeight-normal\" data-block-type=\"Media block\">\n   \n                \n     <div class=\"c-mediaBlock__media\" style=\"\"\">\n        <img decoding=\"async\" width=\"800\" height=\"530\" src=\"https:\/\/liviko.eu\/wp-content\/uploads\/2023\/02\/VT_800x530px.jpg\" class=\"c-mediaBlock__image\" alt=\"LIKERIS\" srcset=\"https:\/\/liviko.eu\/wp-content\/uploads\/2023\/02\/VT_800x530px.jpg 800w, https:\/\/liviko.eu\/wp-content\/uploads\/2023\/02\/VT_800x530px-768x509.jpg 768w, https:\/\/liviko.eu\/wp-content\/uploads\/2023\/02\/VT_800x530px-483x320.jpg 483w\" sizes=\"(max-width: 800px) 100vw, 800px\" \/>    <\/div>\n     <div class=\"c-mediaBlock__body\">\n                    <h2 class=\"c-mediaBlock__title\">LIKERIS<\/h2>\n                <div class=\"c-mediaBlock__content\">\n            <div class=\"t-text\">\n            <p>Likeri\u0173 gamyba \u2013 tai menas, reikalaujantis kruop\u0161tumo ir laiko. \u201eLiviko\u201c likeri\u0173 meistrai i\u0161 nat\u016brali\u0173 sudedam\u0173j\u0173 dali\u0173 gamina ir augalines, ir \u017eolines trauktines, taip pat aromatizuotus spiritinius g\u0117rimus. \u201eLiviko\u201c likeri\u0173 meistrai nuo 19-ojo am\u017eiaus kaup\u0117 savo \u017einias ir \u012fg\u016bd\u017eius, siekdami perduoti juos ateinan\u010dioms kartoms.<\/p>\n<ul>\n<li><a href=\"https:\/\/liviko.eu\/lt\/liviko-distillery\/vana-tallinn\/\"><span class=\"type--brand\">VANA TALLINN<\/span><\/a><\/li>\n<li><a href=\"https:\/\/liviko.eu\/lt\/liviko-distillery\/vana-tallinn-cream\/\"><span class=\"type--brand\">VANA TALLINN CREAM<\/span><\/a><\/li>\n<li><a href=\"https:\/\/liviko.eu\/lt\/liviko-distillery\/liviko-liquer\/\"><span class=\"type--brand\">LIVIKO LIQUEUR<\/span><\/a><\/li>\n<li><a href=\"https:\/\/liviko.eu\/lt\/liviko-distillery\/minty\/\"><span class=\"type--brand\">MINTY<\/span><\/a><\/li>\n<li><a href=\"https:\/\/liviko.eu\/lt\/liviko-distillery\/herbert\/\"><span class=\"type--brand\">HERBERT<\/span><\/a><\/li>\n<\/ul>\n            <\/div>\n                            \n        <\/div>\n    <\/div>\n<\/div>\n\n<div id=\"mediaBlock-block_0cdae17350e83b62b4b2f787275ebfc3\" class=\" c-contentBlock c-mediaBlock c-mediaBlock--align-left c-mediaBlock--valign-center c-mediaBlock--size-medium c-mediaBlock--imageHeight-normal\" data-block-type=\"Media block\">\n   \n                \n     <div class=\"c-mediaBlock__media\" style=\"\"\">\n        <img decoding=\"async\" width=\"800\" height=\"530\" src=\"https:\/\/liviko.eu\/wp-content\/uploads\/2020\/07\/vodka.jpg\" class=\"c-mediaBlock__image\" alt=\"DEGTIN\u0116\" srcset=\"https:\/\/liviko.eu\/wp-content\/uploads\/2020\/07\/vodka.jpg 800w, https:\/\/liviko.eu\/wp-content\/uploads\/2020\/07\/vodka-768x509.jpg 768w\" sizes=\"(max-width: 800px) 100vw, 800px\" \/>    <\/div>\n     <div class=\"c-mediaBlock__body\">\n                    <h2 class=\"c-mediaBlock__title\">DEGTIN\u0116<\/h2>\n                <div class=\"c-mediaBlock__content\">\n            <div class=\"t-text\">\n            <p>Degtin\u0119 galima atpa\u017einti i\u0161 tyro jos skonio. \u201eLiviko\u201c turi ilgalaik\u0119 patirt\u012f degtin\u0117s gamyboje, per kuri\u0105 i\u0161vystytas platus \u0161i\u0173 g\u0117rim\u0173 asortimentas. Naudojant skirtingas \u017ealiavas ir gamybos technologijas, gaunamos i\u0161skirtin\u0117s, ta\u010diau visada tyro skonio degtin\u0117s.<\/p>\n<ul>\n<li><span class=\"type--brand\"><a href=\"https:\/\/liviko.eu\/lt\/tootmine\/bellingshausen\/\">BELLINGSHAUSEN<\/a><\/span><\/li>\n<li><span class=\"type--brand\"><a href=\"https:\/\/liviko.eu\/lt\/tootmine\/hobe\/\">H\u00d5BE<\/a><\/span><\/li>\n<li><span class=\"type--brand\"><a href=\"https:\/\/liviko.eu\/lt\/tootmine\/nevskaja\/\">NEVSKAYA\u00a0<\/a><\/span><\/li>\n<li><span class=\"type--brand\"><a href=\"https:\/\/liviko.eu\/lt\/liviko-distillery\/travel-safe\/\">TRAVEL SAFE<\/a><\/span><\/li>\n<li><span class=\"type--brand\"><a href=\"https:\/\/liviko.eu\/lt\/tootmine\/viru-valge\/\">VIRU VALGE<\/a><\/span><\/li>\n<\/ul>\n            <\/div>\n                            \n        <\/div>\n    <\/div>\n<\/div>\n\n<div id=\"mediaBlock-block_edd4eb5dad668054c86e7e8edaeb0f1f\" class=\" c-contentBlock c-mediaBlock c-mediaBlock--align-right c-mediaBlock--valign-center c-mediaBlock--size-medium c-mediaBlock--imageHeight-normal\" data-block-type=\"Media block\">\n   \n                \n     <div class=\"c-mediaBlock__media\" style=\"\"\">\n        <img loading=\"lazy\" decoding=\"async\" width=\"800\" height=\"530\" src=\"https:\/\/liviko.eu\/wp-content\/uploads\/2020\/07\/rum.jpg\" class=\"c-mediaBlock__image\" alt=\"ROMAS\" srcset=\"https:\/\/liviko.eu\/wp-content\/uploads\/2020\/07\/rum.jpg 800w, https:\/\/liviko.eu\/wp-content\/uploads\/2020\/07\/rum-768x509.jpg 768w\" sizes=\"(max-width: 800px) 100vw, 800px\" \/>    <\/div>\n     <div class=\"c-mediaBlock__body\">\n                    <h2 class=\"c-mediaBlock__title\">ROMAS<\/h2>\n                <div class=\"c-mediaBlock__content\">\n            <div class=\"t-text\">\n            <p>Karib\u0173 j\u016bros salose augan\u010dios cukranendr\u0117s ir i\u0161 j\u0173 gaminamas\u00a0romas vertinami visame pasaulyje, o \u201eLiviko\u201c \u201eCaribba\u201c rom\u0173 \u017ealiava gaunama kaip tik i\u0161 ten.<\/p>\n<ul>\n<li><span class=\"type--brand\"><a href=\"https:\/\/liviko.eu\/lt\/liviko-distillery\/carriba\/\">CARIBBA<\/a><\/span><\/li>\n<\/ul>\n            <\/div>\n                            \n        <\/div>\n    <\/div>\n<\/div>\n\n<div id=\"mediaBlock-block_3a840fa0c2bbd72621ee5b4a6275a125\" class=\" c-contentBlock c-mediaBlock c-mediaBlock--align-left c-mediaBlock--valign-center c-mediaBlock--size-medium c-mediaBlock--imageHeight-normal\" data-block-type=\"Media block\">\n   \n                \n     <div class=\"c-mediaBlock__media\" style=\"\"\">\n        <img loading=\"lazy\" decoding=\"async\" width=\"800\" height=\"530\" src=\"https:\/\/liviko.eu\/wp-content\/uploads\/2022\/02\/Cooler-1.jpg\" class=\"c-mediaBlock__image\" alt=\"SILPNIEJI ALKOHOLINIAI G\u0116RIMAI\" srcset=\"https:\/\/liviko.eu\/wp-content\/uploads\/2022\/02\/Cooler-1.jpg 800w, https:\/\/liviko.eu\/wp-content\/uploads\/2022\/02\/Cooler-1-768x509.jpg 768w, https:\/\/liviko.eu\/wp-content\/uploads\/2022\/02\/Cooler-1-483x320.jpg 483w\" sizes=\"(max-width: 800px) 100vw, 800px\" \/>    <\/div>\n     <div class=\"c-mediaBlock__body\">\n                    <h2 class=\"c-mediaBlock__title\">SILPNIEJI ALKOHOLINIAI G\u0116RIMAI<\/h2>\n                <div class=\"c-mediaBlock__content\">\n            <div class=\"t-text\">\n            <p>Nuolat ple\u010diama \u201eLiviko\u201c silpn\u0173j\u0173 alkoholini\u0173 g\u0117rim\u0173 produkcijos pasi\u016bla pasi\u017eymi gaiviais ir i\u0161skirtiniais skoniais. Asortiment\u0105 sudaro alkoholiniai kokteiliai \u201eCooler\u201c ir pasaulyje unikali naujiena \u2013 tai \u201eRe-crafted Crafter\u2018s Junibeer\u201c alus i\u0161 kadagio uog\u0173.<\/p>\n<ul>\n<li><a href=\"https:\/\/liviko.eu\/lt\/liviko-distillery\/cooler\/\"><span class=\"type--brand\">COOLER<\/span><\/a><\/li>\n<li><a href=\"https:\/\/liviko.eu\/lt\/tootmine\/re-crafted-crafters\/\"><span class=\"type--brand\">RE-CRAFTED CRAFTER\u00b4S<\/span><\/a><\/li>\n<\/ul>\n            <\/div>\n                            \n        <\/div>\n    <\/div>\n<\/div>\n\n<div id=\"mediaBlock-block_c40f2ac1660d33efcd8ff03d98f92fb0\" class=\" c-contentBlock c-mediaBlock c-mediaBlock--align-right c-mediaBlock--valign-center c-mediaBlock--size-medium c-mediaBlock--imageHeight-normal\" data-block-type=\"Media block\">\n   \n                \n     <div class=\"c-mediaBlock__media\" style=\"\"\">\n        <img loading=\"lazy\" decoding=\"async\" width=\"800\" height=\"530\" src=\"https:\/\/liviko.eu\/wp-content\/uploads\/2020\/07\/light_alco.jpg\" class=\"c-mediaBlock__image\" alt=\"GAMYBA BE ATLIEK\u0172\" srcset=\"https:\/\/liviko.eu\/wp-content\/uploads\/2020\/07\/light_alco.jpg 800w, https:\/\/liviko.eu\/wp-content\/uploads\/2020\/07\/light_alco-768x509.jpg 768w\" sizes=\"(max-width: 800px) 100vw, 800px\" \/>    <\/div>\n     <div class=\"c-mediaBlock__body\">\n                    <h2 class=\"c-mediaBlock__title\">GAMYBA BE ATLIEK\u0172<\/h2>\n                <div class=\"c-mediaBlock__content\">\n            <div class=\"t-text\">\n            <p>\u201eRe-crafted Crafter\u2019s\u201c\u00a0g\u0117rimai sukurti\u00a0\u201czero waste\u201c, t.y.\u00a0 gamybos be atliek\u0173 principu. Siekiant minimalaus neigiamo poveikio gamtai, \u0161ie g\u0117rimai gaminami rankomis, o j\u0173 gamyboje antr\u0105 kart\u0105 panaudojamos kadagio uogos ir imbiero \u0161aknys, kurios prie\u0161 tai jau buvo naudojamos d\u017eino gamyboje. Asortiment\u0105 sudaro klasikinis imbierinis g\u0117rimas ir pasaulyje unikali naujiena \u2013 gaivusis g\u0117rimas ir alus, pagaminti i\u0161 kadagio uog\u0173.<\/p>\n<ul>\n<li><a href=\"https:\/\/liviko.eu\/lt\/tootmine\/re-crafted-crafters\/\"><span class=\"type--brand\">RE-CRAFTED CRAFTER&#8217;S<\/span><\/a><\/li>\n<\/ul>\n            <\/div>\n                            \n        <\/div>\n    <\/div>\n<\/div>\n\n<div id=\"mediaBlock-block_82f9552eb6eb5320f46a78a66e9f3b73\" class=\" c-contentBlock c-mediaBlock c-mediaBlock--align-left c-mediaBlock--valign-center c-mediaBlock--size-medium c-mediaBlock--imageHeight-normal\" data-block-type=\"Media block\">\n   \n                \n     <div class=\"c-mediaBlock__media\" style=\"\"\">\n        <img loading=\"lazy\" decoding=\"async\" width=\"638\" height=\"684\" src=\"https:\/\/liviko.eu\/wp-content\/uploads\/2022\/05\/usp-Corsaroska-e1677483976466.jpg\" class=\"c-mediaBlock__image\" alt=\"NEALKOHOLINIAI G\u0116RIMAI\" \/>    <\/div>\n     <div class=\"c-mediaBlock__body\">\n                    <h2 class=\"c-mediaBlock__title\">NEALKOHOLINIAI G\u0116RIMAI<\/h2>\n                <div class=\"c-mediaBlock__content\">\n            <div class=\"t-text\">\n            <p>Nealkoholini\u0173 g\u0117rim\u0173 asortimente gausu \u012fvairi\u0173 skoni\u0173, nuo\u00a0\u201czero-waste\u201c\u00a0principu sukurt\u0173 nat\u016brali\u0173\u00a0\u201cRe-crafted Crafter\u2019s\u201c\u00a0gazuot\u0173 rank\u0173 darbo g\u0117rim\u0173 iki tonizuojan\u010di\u0173j\u0173 energetini\u0173 g\u0117rim\u0173 \u201eStarter\u201c.<\/p>\n<ul>\n<li><a href=\"https:\/\/liviko.eu\/lt\/liviko-distillery\/ginger-duke\/\"><span class=\"type--brand\">GINGER DUKE<\/span><\/a><\/li>\n<li><a href=\"https:\/\/liviko.eu\/lt\/liviko-distillery\/re-crafters-junibeer\/\"><span class=\"type--brand\">RE-CRAFTED CRAFTER&#8217;S<\/span><\/a><\/li>\n<li><a href=\"https:\/\/liviko.eu\/lt\/liviko-distillery\/starter\/\"><span class=\"type--brand\">STARTER<\/span><\/a><\/li>\n<li><span class=\"type--brand\"><a href=\"https:\/\/liviko.eu\/lt\/liviko-distillery\/corsaro-aperitivo\/\">CORSARO APERITIVO<\/a><\/span><\/li>\n<\/ul>\n<p>&nbsp;<\/p>\n            <\/div>\n                            \n        <\/div>\n    <\/div>\n<\/div>\n\n\n<p><\/p>\n","protected":false},"excerpt":{"rendered":"","protected":false},"author":1,"featured_media":0,"parent":0,"menu_order":11,"comment_status":"closed","ping_status":"closed","template":"","meta":{"_acf_changed":false,"inline_featured_image":false,"_monsterinsights_skip_tracking":false,"_monsterinsights_sitenote_active":false,"_monsterinsights_sitenote_note":"","_monsterinsights_sitenote_category":0,"footnotes":""},"categories":[],"class_list":["post-772","page","type-page","status-publish","hentry"],"acf":[],"yoast_head":"<!-- This site is optimized with the Yoast SEO plugin v24.0 - https:\/\/yoast.com\/wordpress\/plugins\/seo\/ -->\n<title>Gamyba - Liviko<\/title>\n<meta name=\"robots\" content=\"index, follow, max-snippet:-1, max-image-preview:large, max-video-preview:-1\" \/>\n<link rel=\"canonical\" href=\"https:\/\/liviko.eu\/lt\/liviko-distillery\/\" \/>\n<meta property=\"og:locale\" content=\"lt_LT\" \/>\n<meta property=\"og:type\" content=\"article\" \/>\n<meta property=\"og:title\" content=\"Gamyba - Liviko\" \/>\n<meta property=\"og:url\" content=\"https:\/\/liviko.eu\/lt\/liviko-distillery\/\" \/>\n<meta property=\"og:site_name\" content=\"Liviko\" \/>\n<meta property=\"article:publisher\" content=\"https:\/\/www.facebook.com\/LivikoDistillery\/\" \/>\n<meta property=\"article:modified_time\" content=\"2023-12-22T07:46:08+00:00\" \/>\n<meta name=\"twitter:card\" content=\"summary_large_image\" \/>\n<script type=\"application\/ld+json\" class=\"yoast-schema-graph\">{\"@context\":\"https:\/\/schema.org\",\"@graph\":[{\"@type\":\"WebPage\",\"@id\":\"https:\/\/liviko.eu\/lt\/liviko-distillery\/\",\"url\":\"https:\/\/liviko.eu\/lt\/liviko-distillery\/\",\"name\":\"Gamyba - Liviko\",\"isPartOf\":{\"@id\":\"https:\/\/liviko.eu\/lt\/#website\"},\"datePublished\":\"2020-06-26T07:33:59+00:00\",\"dateModified\":\"2023-12-22T07:46:08+00:00\",\"breadcrumb\":{\"@id\":\"https:\/\/liviko.eu\/lt\/liviko-distillery\/#breadcrumb\"},\"inLanguage\":\"lt-LT\",\"potentialAction\":[{\"@type\":\"ReadAction\",\"target\":[\"https:\/\/liviko.eu\/lt\/liviko-distillery\/\"]}]},{\"@type\":\"BreadcrumbList\",\"@id\":\"https:\/\/liviko.eu\/lt\/liviko-distillery\/#breadcrumb\",\"itemListElement\":[{\"@type\":\"ListItem\",\"position\":1,\"name\":\"Home\",\"item\":\"https:\/\/liviko.eu\/lt\/\"},{\"@type\":\"ListItem\",\"position\":2,\"name\":\"Gamyba\"}]},{\"@type\":\"WebSite\",\"@id\":\"https:\/\/liviko.eu\/lt\/#website\",\"url\":\"https:\/\/liviko.eu\/lt\/\",\"name\":\"Liviko\",\"description\":\"anno 1898\",\"publisher\":{\"@id\":\"https:\/\/liviko.eu\/lt\/#organization\"},\"potentialAction\":[{\"@type\":\"SearchAction\",\"target\":{\"@type\":\"EntryPoint\",\"urlTemplate\":\"https:\/\/liviko.eu\/lt\/?s={search_term_string}\"},\"query-input\":{\"@type\":\"PropertyValueSpecification\",\"valueRequired\":true,\"valueName\":\"search_term_string\"}}],\"inLanguage\":\"lt-LT\"},{\"@type\":\"Organization\",\"@id\":\"https:\/\/liviko.eu\/lt\/#organization\",\"name\":\"Liviko\",\"url\":\"https:\/\/liviko.eu\/lt\/\",\"logo\":{\"@type\":\"ImageObject\",\"inLanguage\":\"lt-LT\",\"@id\":\"https:\/\/liviko.eu\/lt\/#\/schema\/logo\/image\/\",\"url\":\"https:\/\/liviko.eu\/wp-content\/uploads\/2020\/10\/liviko_logo.png\",\"contentUrl\":\"https:\/\/liviko.eu\/wp-content\/uploads\/2020\/10\/liviko_logo.png\",\"width\":515,\"height\":181,\"caption\":\"Liviko\"},\"image\":{\"@id\":\"https:\/\/liviko.eu\/lt\/#\/schema\/logo\/image\/\"},\"sameAs\":[\"https:\/\/www.facebook.com\/LivikoDistillery\/\",\"https:\/\/www.instagram.com\/livikodistillery\",\"https:\/\/www.linkedin.com\/company\/liviko\/\",\"https:\/\/www.youtube.com\/channel\/UCnoHr-PaNxBHJO8nMDLVGuA\"]}]}<\/script>\n<!-- \/ Yoast SEO plugin. -->","yoast_head_json":{"title":"Gamyba - Liviko","robots":{"index":"index","follow":"follow","max-snippet":"max-snippet:-1","max-image-preview":"max-image-preview:large","max-video-preview":"max-video-preview:-1"},"canonical":"https:\/\/liviko.eu\/lt\/liviko-distillery\/","og_locale":"lt_LT","og_type":"article","og_title":"Gamyba - Liviko","og_url":"https:\/\/liviko.eu\/lt\/liviko-distillery\/","og_site_name":"Liviko","article_publisher":"https:\/\/www.facebook.com\/LivikoDistillery\/","article_modified_time":"2023-12-22T07:46:08+00:00","twitter_card":"summary_large_image","schema":{"@context":"https:\/\/schema.org","@graph":[{"@type":"WebPage","@id":"https:\/\/liviko.eu\/lt\/liviko-distillery\/","url":"https:\/\/liviko.eu\/lt\/liviko-distillery\/","name":"Gamyba - Liviko","isPartOf":{"@id":"https:\/\/liviko.eu\/lt\/#website"},"datePublished":"2020-06-26T07:33:59+00:00","dateModified":"2023-12-22T07:46:08+00:00","breadcrumb":{"@id":"https:\/\/liviko.eu\/lt\/liviko-distillery\/#breadcrumb"},"inLanguage":"lt-LT","potentialAction":[{"@type":"ReadAction","target":["https:\/\/liviko.eu\/lt\/liviko-distillery\/"]}]},{"@type":"BreadcrumbList","@id":"https:\/\/liviko.eu\/lt\/liviko-distillery\/#breadcrumb","itemListElement":[{"@type":"ListItem","position":1,"name":"Home","item":"https:\/\/liviko.eu\/lt\/"},{"@type":"ListItem","position":2,"name":"Gamyba"}]},{"@type":"WebSite","@id":"https:\/\/liviko.eu\/lt\/#website","url":"https:\/\/liviko.eu\/lt\/","name":"Liviko","description":"anno 1898","publisher":{"@id":"https:\/\/liviko.eu\/lt\/#organization"},"potentialAction":[{"@type":"SearchAction","target":{"@type":"EntryPoint","urlTemplate":"https:\/\/liviko.eu\/lt\/?s={search_term_string}"},"query-input":{"@type":"PropertyValueSpecification","valueRequired":true,"valueName":"search_term_string"}}],"inLanguage":"lt-LT"},{"@type":"Organization","@id":"https:\/\/liviko.eu\/lt\/#organization","name":"Liviko","url":"https:\/\/liviko.eu\/lt\/","logo":{"@type":"ImageObject","inLanguage":"lt-LT","@id":"https:\/\/liviko.eu\/lt\/#\/schema\/logo\/image\/","url":"https:\/\/liviko.eu\/wp-content\/uploads\/2020\/10\/liviko_logo.png","contentUrl":"https:\/\/liviko.eu\/wp-content\/uploads\/2020\/10\/liviko_logo.png","width":515,"height":181,"caption":"Liviko"},"image":{"@id":"https:\/\/liviko.eu\/lt\/#\/schema\/logo\/image\/"},"sameAs":["https:\/\/www.facebook.com\/LivikoDistillery\/","https:\/\/www.instagram.com\/livikodistillery","https:\/\/www.linkedin.com\/company\/liviko\/","https:\/\/www.youtube.com\/channel\/UCnoHr-PaNxBHJO8nMDLVGuA"]}]}},"_links":{"self":[{"href":"https:\/\/liviko.eu\/lt\/wp-json\/wp\/v2\/pages\/772","targetHints":{"allow":["GET"]}}],"collection":[{"href":"https:\/\/liviko.eu\/lt\/wp-json\/wp\/v2\/pages"}],"about":[{"href":"https:\/\/liviko.eu\/lt\/wp-json\/wp\/v2\/types\/page"}],"author":[{"embeddable":true,"href":"https:\/\/liviko.eu\/lt\/wp-json\/wp\/v2\/users\/1"}],"replies":[{"embeddable":true,"href":"https:\/\/liviko.eu\/lt\/wp-json\/wp\/v2\/comments?post=772"}],"version-history":[{"count":84,"href":"https:\/\/liviko.eu\/lt\/wp-json\/wp\/v2\/pages\/772\/revisions"}],"predecessor-version":[{"id":51479,"href":"https:\/\/liviko.eu\/lt\/wp-json\/wp\/v2\/pages\/772\/revisions\/51479"}],"wp:attachment":[{"href":"https:\/\/liviko.eu\/lt\/wp-json\/wp\/v2\/media?parent=772"}],"wp:term":[{"taxonomy":"category","embeddable":true,"href":"https:\/\/liviko.eu\/lt\/wp-json\/wp\/v2\/categories?post=772"}],"curies":[{"name":"wp","href":"https:\/\/api.w.org\/{rel}","templated":true}]}}