{"id":784,"date":"2020-07-02T14:31:04","date_gmt":"2020-07-02T14:31:04","guid":{"rendered":"http:\/\/liviko.eu\/baltic-distribution\/sales-marketing\/"},"modified":"2022-06-08T12:24:36","modified_gmt":"2022-06-08T12:24:36","slug":"sales-marketing","status":"publish","type":"page","link":"https:\/\/liviko.eu\/lt\/atstovaujame\/sales-marketing\/","title":{"rendered":"PARDAVIMAI IR RINKODARA"},"content":{"rendered":"<div id=\"pageHeader-block_5f1f0bd83189e\" class=\" c-contentBlock c-pageHeader\" data-block-type=\"Page header\">\n                    <h1 class=\"c-pageHeader__title\">PARDAVIMAI IR RINKODARA<\/h1>\n                            <div class=\"c-pageHeader__text t-text\"><p>Visose Baltijos \u0161alyse \u201eLiviko\u201c turi ilgamet\u0119 s\u0117kming\u0105 tarptautini\u0173 preki\u0173 \u017eenkl\u0173 pristatymo patirt\u012f tiek ma\u017emenin\u0117je prekyboje, tiek <em>HoReCa <\/em>sektoriuje. M\u016bs\u0173 profesionalios komandos Taline, Rygoje ir Vilniuje \u017eino vis\u0173 trij\u0173 valstybi\u0173 rinkas ir privalumus, tad kiekvienam prek\u0117s \u017eenklui geba rasti galimyb\u0119 \u0161vyt\u0117ti.<\/p>\n<p>\u201eLiviko\u201c grup\u0117s klientai Baltijos \u0161alyse turi daugiau kaip 11 000 pardavimo viet\u0173, i\u0161 kuri\u0173 did\u017eium\u0105 sudaro ma\u017emenin\u0117 prekyba. \u201eLiviko\u201c yra spar\u010diai besivystan\u010dio <em>HoReCa <\/em>sektoriaus vienas pagrindini\u0173 partneri\u0173 Estijoje, Latvijoje ir Lietuvoje.<\/p>\n<\/div>\n                \n<\/div>\n<a id=\"page-784-body\"><\/a>\n\n\n<figure class=\"wp-block-image alignwide size-large\"><img decoding=\"async\" src=\"http:\/\/liviko.eu\/wp-content\/uploads\/\/2021\/02\/mu\u0308u\u0308k-infograafika_leedu.svg\" alt=\"\" class=\"wp-image-25487\" \/><\/figure>\n\n\n\n<div id=\"spacer-block_5f2d359cb220d\" class=\"c-contentBlock c-spacerContainer\"  data-block-type=\"Spacer\">\n   <hr class=\"  c-spacer c-spacer--size-1\" >\n<\/div>\n\n\n<div id=\"mediaBlock-block_5f1eb1a201f1d\" class=\" c-contentBlock c-mediaBlock c-mediaBlock--align-left c-mediaBlock--valign-center c-mediaBlock--size-regular c-mediaBlock--imageHeight-normal\" data-block-type=\"Media block\">\n   \n                \n     <div class=\"c-mediaBlock__media\" style=\"\"\">\n        <img fetchpriority=\"high\" decoding=\"async\" width=\"800\" height=\"530\" src=\"https:\/\/liviko.eu\/wp-content\/uploads\/2020\/08\/Martini-Fiero-ristk\u00fclik.jpg\" class=\"c-mediaBlock__image\" alt=\"\u201eMARTINI FIERO\u201c BALTIJOS \u0160ALYSE\" srcset=\"https:\/\/liviko.eu\/wp-content\/uploads\/2020\/08\/Martini-Fiero-ristk\u00fclik.jpg 800w, https:\/\/liviko.eu\/wp-content\/uploads\/2020\/08\/Martini-Fiero-ristk\u00fclik-768x509.jpg 768w\" sizes=\"(max-width: 800px) 100vw, 800px\" \/>    <\/div>\n     <div class=\"c-mediaBlock__body\">\n                    <h2 class=\"c-mediaBlock__title\">\u201eMARTINI FIERO\u201c BALTIJOS \u0160ALYSE<\/h2>\n                <div class=\"c-mediaBlock__content\">\n            <div class=\"t-text\">\n            <p>&#8222;Liviko&#8221; \u017einomumas ma\u017emenin\u0117je prekyboje ir <em>HoReCa<\/em> sektoriuje, leid\u017eia s\u0117kmingai atstovauti tiek \u017eymiausius pasaulyje prek\u0117s \u017eenklus, tiek neseniai \u012f rinkt\u0105 at\u0117jusius naujus prek\u0117s \u017eenklus. 2020 met\u0173 vasar\u0105 Estijoje, Latvijoje ir Lietuvoje &#8222;Liviko&#8221; i\u0161leido \u201eMartini Fiero\u201c vermut\u0105, kuris tapo populiariausiu sezono g\u0117rimu. \u201eMartini Fiero\u201c vermutas sykiu yra tiek kartus, tiek saldus, ir idealiai tinka serviruoti su toniku. \u201eMartini Fiero &amp; Tonic\u201c suk\u016br\u0117 nauj\u0105 g\u0117rim\u0173 tendencij\u0105 ir tapo populiariausiu sezono kokteiliu.<\/p>\n<p>&nbsp;<\/p>\n            <\/div>\n                            \n        <\/div>\n    <\/div>\n<\/div>\n\n<div id=\"mediaBlock-block_5f1efb6a9d4d9\" class=\" c-contentBlock c-mediaBlock c-mediaBlock--align-right c-mediaBlock--valign-center c-mediaBlock--size-regular c-mediaBlock--imageHeight-normal\" data-block-type=\"Media block\">\n   \n                \n     <div class=\"c-mediaBlock__media\" style=\"\"\">\n        <img decoding=\"async\" width=\"1366\" height=\"910\" src=\"https:\/\/liviko.eu\/wp-content\/uploads\/2020\/08\/Stir_Creativity_Leedu2-1366x910.jpg\" class=\"c-mediaBlock__image\" alt=\"\u201eBOMBAY STIR CREATIVITY\u201c VILNIUS\" srcset=\"https:\/\/liviko.eu\/wp-content\/uploads\/2020\/08\/Stir_Creativity_Leedu2-1366x910.jpg 1366w, https:\/\/liviko.eu\/wp-content\/uploads\/2020\/08\/Stir_Creativity_Leedu2-920x613.jpg 920w, https:\/\/liviko.eu\/wp-content\/uploads\/2020\/08\/Stir_Creativity_Leedu2-768x512.jpg 768w, https:\/\/liviko.eu\/wp-content\/uploads\/2020\/08\/Stir_Creativity_Leedu2-1536x1024.jpg 1536w, https:\/\/liviko.eu\/wp-content\/uploads\/2020\/08\/Stir_Creativity_Leedu2.jpg 2048w\" sizes=\"(max-width: 1366px) 100vw, 1366px\" \/>    <\/div>\n     <div class=\"c-mediaBlock__body\">\n                    <h2 class=\"c-mediaBlock__title\">\u201eBOMBAY STIR CREATIVITY\u201c VILNIUS<\/h2>\n                <div class=\"c-mediaBlock__content\">\n            <div class=\"t-text\">\n            <p>\u201eLiviko\u201c viena pirm\u0173j\u0173 pasaulyje pristato rinkai bendradarbiaujan\u010di\u0173 partneri\u0173 naujus gaminius ir remia propagavimo kampanijas visose Baltijos \u0161alyse. I\u0161kilaus \u201eBombay Sapphire Stir Creativity\u201c pristatymui Baltijos \u0161alyse buvo i\u0161rinkta Lietuvos sostin\u0117 Vilnius. Renginys tapo skirting\u0173 sri\u010di\u0173 k\u016br\u0117j\u0173 susitikimo vieta, kurioje \u012fvairiais aspektais buvo svarstomas menas, apsikeista k\u016brybin\u0117mis id\u0117jomis ir mintimis.<\/p>\n<p>\u201eLiviko\u201c si\u016blo savo\u00a0<em>on-trade<\/em>\u00a0partneriams visokiausi\u0173 pristatym\u0173 id\u0117j\u0173 ir rengia barmen\u0173 mokymus bei meistri\u0161kumo klases, kur m\u016bs\u0173 mokytojai ir somelj\u0117 supa\u017eindina su naujausiomis pasaulio tendencijomis. Ilgamet\u0117 patirtis ir glaudus bendradarbiavimas teikia papildomos vert\u0117s m\u016bs\u0173 atstovaujamam gamini\u0173 portfeliui.<\/p>\n            <\/div>\n                            \n        <\/div>\n    <\/div>\n<\/div>\n\n<div id=\"mediaBlock-block_5f1efb769d4dc\" class=\" c-contentBlock c-mediaBlock c-mediaBlock--align-left c-mediaBlock--valign-center c-mediaBlock--size-regular c-mediaBlock--imageHeight-normal\" data-block-type=\"Media block\">\n   \n                \n     <div class=\"c-mediaBlock__media\" style=\"\"\">\n        <img decoding=\"async\" width=\"1366\" height=\"912\" src=\"https:\/\/liviko.eu\/wp-content\/uploads\/2020\/08\/Bacardi_Dancefloor-1366x912.jpg\" class=\"c-mediaBlock__image\" alt=\"\u201eBACARDI\u201c BEACH PARTY JAU 20 MET\u0172\" srcset=\"https:\/\/liviko.eu\/wp-content\/uploads\/2020\/08\/Bacardi_Dancefloor-1366x912.jpg 1366w, https:\/\/liviko.eu\/wp-content\/uploads\/2020\/08\/Bacardi_Dancefloor-920x614.jpg 920w, https:\/\/liviko.eu\/wp-content\/uploads\/2020\/08\/Bacardi_Dancefloor-768x513.jpg 768w, https:\/\/liviko.eu\/wp-content\/uploads\/2020\/08\/Bacardi_Dancefloor.jpg 1401w\" sizes=\"(max-width: 1366px) 100vw, 1366px\" \/>    <\/div>\n     <div class=\"c-mediaBlock__body\">\n                    <h2 class=\"c-mediaBlock__title\">\u201eBACARDI\u201c BEACH PARTY JAU 20 MET\u0172<\/h2>\n                <div class=\"c-mediaBlock__content\">\n            <div class=\"t-text\">\n            <p>Vykusi renginio rinkodara \u2013 tai n\u0117 vien renginio pavadinimas, bet turinio koncepcijos ir pramogos k\u016brimas vadovaujantis prek\u0117s \u017eenklo strategija ir vaizd\u0173 pasauliu.<\/p>\n<p>Viena seniausi\u0173 Baltijos \u0161alyse rengini\u0173 serija yra populiari \u201eBacardi<em>\u201c Beach Party<\/em> arba \u201eBacardi<em>\u201c Feeling <\/em>(\u201eBacardi\u201c papl\u016bdimio pob\u016bvis), kuri\u0105 s\u0117kmingai rengiame Pernu kurorto papl\u016bdimyje jau vir\u0161 20 met\u0173. Bi\u010diuliai, kar\u0161ta vasara, gaivinantys kokteiliai ir menininkai i\u0161 skirting\u0173 pasaulio viet\u0173 kasmet duoda sve\u010diams dingst\u012f patraukti kaip tik \u012f t\u0105 \u0161vent\u0119. \u201eBacardi\u201c <em>Beach Party<\/em> ir \u201eBacardi\u201c <em>Dancefloor <\/em>(\u0161oki\u0173 aik\u0161tel\u0117) tapo tradicinio sambr\u016bzd\u017eio Pernu papl\u016bdimy ir klubo kult\u016bros esmine dalimi.<\/p>\n            <\/div>\n                            \n        <\/div>\n    <\/div>\n<\/div>\n\n<div id=\"mediaBlock-block_5f1efb6f9d4db\" class=\" c-contentBlock c-mediaBlock c-mediaBlock--align-right c-mediaBlock--valign-center c-mediaBlock--size-regular c-mediaBlock--imageHeight-normal\" data-block-type=\"Media block\">\n   \n                \n     <div class=\"c-mediaBlock__media\" style=\"\"\">\n        <img loading=\"lazy\" decoding=\"async\" width=\"800\" height=\"530\" src=\"https:\/\/liviko.eu\/wp-content\/uploads\/2020\/08\/Remy-Martin-Coffee.jpg\" class=\"c-mediaBlock__image\" alt=\"\u201eR\u00c9MY MARTIN\u201c IR \u0160OKOLADAS \" srcset=\"https:\/\/liviko.eu\/wp-content\/uploads\/2020\/08\/Remy-Martin-Coffee.jpg 800w, https:\/\/liviko.eu\/wp-content\/uploads\/2020\/08\/Remy-Martin-Coffee-768x509.jpg 768w\" sizes=\"(max-width: 800px) 100vw, 800px\" \/>    <\/div>\n     <div class=\"c-mediaBlock__body\">\n                    <h2 class=\"c-mediaBlock__title\">\u201eR\u00c9MY MARTIN\u201c IR \u0160OKOLADAS <\/h2>\n                <div class=\"c-mediaBlock__content\">\n            <div class=\"t-text\">\n            <p>\u201eLiviko\u201c labai vertina partneryst\u0119 su \u00a0<em>fine dining<\/em>\u00a0restoranais, siekdama pad\u0117ti meistri\u0161kai suderinti lankytoj\u0173 skonius. Kad ir tiekdama konjako, kavos ir \u0161okolado simbioz\u0119, kuri nuo seno yra viena m\u0117gstamiausi\u0173 konjako bi\u010diuli\u0173 skonio potyri\u0173. Kokybi\u0161ko juodo \u0161okolado skonis kartu su \u201cR\u00e9my Martin VSOP\u201d konjaku \u2013 tikr\u0173 \u017einov\u0173 pasirinkimas!<\/p>\n            <\/div>\n                            \n        <\/div>\n    <\/div>\n<\/div>\n\n<div id=\"mediaBlock-block_5f2bf83fa2e57\" class=\" c-contentBlock c-mediaBlock c-mediaBlock--align-left c-mediaBlock--valign-center c-mediaBlock--size-regular c-mediaBlock--imageHeight-normal\" data-block-type=\"Media block\">\n   \n                \n     <div class=\"c-mediaBlock__media\" style=\"\"\">\n        <img loading=\"lazy\" decoding=\"async\" width=\"800\" height=\"530\" src=\"https:\/\/liviko.eu\/wp-content\/uploads\/2020\/08\/Fentimans_Roosiaed-1.jpg\" class=\"c-mediaBlock__image\" alt=\"\u201eFENTIMANS\u201c RO\u017dI\u0172 \u0160VENT\u0116 TALINE\" srcset=\"https:\/\/liviko.eu\/wp-content\/uploads\/2020\/08\/Fentimans_Roosiaed-1.jpg 800w, https:\/\/liviko.eu\/wp-content\/uploads\/2020\/08\/Fentimans_Roosiaed-1-768x509.jpg 768w\" sizes=\"(max-width: 800px) 100vw, 800px\" \/>    <\/div>\n     <div class=\"c-mediaBlock__body\">\n                    <h2 class=\"c-mediaBlock__title\">\u201eFENTIMANS\u201c RO\u017dI\u0172 \u0160VENT\u0116 TALINE<\/h2>\n                <div class=\"c-mediaBlock__content\">\n            <div class=\"t-text\">\n            <div class=\"article__body\">\n<p>\u201eLiviko\u201c renginius puo\u0161ia ir r\u016bpestingai parinkta vieta, kuri pakelia gamintoj\u0173, g\u0117rim\u0173 \u017einov\u0173 ir taip pat vis\u0173 dalyvi\u0173 nuotaik\u0105. \u201eFentimans\u201c ro\u017ei\u0173 \u0161vent\u0117 vyko did\u017eiausiame Estijoje vie\u0161ame ro\u017eyne, 300-me\u010dio Kadriorgo parke, kur ak\u012f glost\u0117 ma\u017edaug 32 r\u016b\u0161i\u0173 6100 ro\u017ei\u0173 \u2013 did\u017eioji j\u0173 dalis \u017eydi net keliskart per metus.<\/p>\n<p>\u201eFentimans\u201c ro\u017ei\u0173 \u0161vent\u0117je susitiko vasari\u0161ki gaivieji <em>mocktail<\/em>\u2019 kokteiliai, gera muzika, gard\u016bs u\u017ekand\u017eiai ir \u0161vytintys sve\u010diai. Ro\u017eyno gro\u017eio \u012fkv\u0117pti sve\u010diai gal\u0117jo i\u0161m\u0117ginti save tapydami. Atrasti individualius sugeb\u0117jimus jiems pad\u0117jo profesional\u016bs dailininkai.<\/p>\n<p><strong>\u00a0<\/strong><\/p>\n<\/div>\n            <\/div>\n                            \n        <\/div>\n    <\/div>\n<\/div>","protected":false},"excerpt":{"rendered":"","protected":false},"author":1,"featured_media":0,"parent":781,"menu_order":0,"comment_status":"closed","ping_status":"closed","template":"","meta":{"_acf_changed":false,"inline_featured_image":false,"_monsterinsights_skip_tracking":false,"_monsterinsights_sitenote_active":false,"_monsterinsights_sitenote_note":"","_monsterinsights_sitenote_category":0,"footnotes":""},"categories":[],"class_list":["post-784","page","type-page","status-publish","hentry"],"acf":[],"yoast_head":"<!-- This site is optimized with the Yoast SEO plugin v24.0 - https:\/\/yoast.com\/wordpress\/plugins\/seo\/ -->\n<title>PARDAVIMAI IR RINKODARA - Liviko<\/title>\n<meta name=\"robots\" content=\"index, follow, max-snippet:-1, max-image-preview:large, max-video-preview:-1\" \/>\n<link rel=\"canonical\" href=\"https:\/\/liviko.eu\/lt\/atstovaujame\/sales-marketing\/\" \/>\n<meta property=\"og:locale\" content=\"lt_LT\" \/>\n<meta property=\"og:type\" content=\"article\" \/>\n<meta property=\"og:title\" content=\"PARDAVIMAI IR RINKODARA - Liviko\" \/>\n<meta property=\"og:url\" content=\"https:\/\/liviko.eu\/lt\/atstovaujame\/sales-marketing\/\" \/>\n<meta property=\"og:site_name\" content=\"Liviko\" \/>\n<meta property=\"article:publisher\" content=\"https:\/\/www.facebook.com\/LivikoDistillery\/\" \/>\n<meta property=\"article:modified_time\" content=\"2022-06-08T12:24:36+00:00\" \/>\n<meta name=\"twitter:card\" content=\"summary_large_image\" \/>\n<meta name=\"twitter:label1\" content=\"Est. reading time\" \/>\n\t<meta name=\"twitter:data1\" content=\"1 minut\u0117\" \/>\n<script type=\"application\/ld+json\" class=\"yoast-schema-graph\">{\"@context\":\"https:\/\/schema.org\",\"@graph\":[{\"@type\":\"WebPage\",\"@id\":\"https:\/\/liviko.eu\/lt\/atstovaujame\/sales-marketing\/\",\"url\":\"https:\/\/liviko.eu\/lt\/atstovaujame\/sales-marketing\/\",\"name\":\"PARDAVIMAI IR RINKODARA - Liviko\",\"isPartOf\":{\"@id\":\"https:\/\/liviko.eu\/lt\/#website\"},\"datePublished\":\"2020-07-02T14:31:04+00:00\",\"dateModified\":\"2022-06-08T12:24:36+00:00\",\"breadcrumb\":{\"@id\":\"https:\/\/liviko.eu\/lt\/atstovaujame\/sales-marketing\/#breadcrumb\"},\"inLanguage\":\"lt-LT\",\"potentialAction\":[{\"@type\":\"ReadAction\",\"target\":[\"https:\/\/liviko.eu\/lt\/atstovaujame\/sales-marketing\/\"]}]},{\"@type\":\"BreadcrumbList\",\"@id\":\"https:\/\/liviko.eu\/lt\/atstovaujame\/sales-marketing\/#breadcrumb\",\"itemListElement\":[{\"@type\":\"ListItem\",\"position\":1,\"name\":\"Home\",\"item\":\"https:\/\/liviko.eu\/lt\/\"},{\"@type\":\"ListItem\",\"position\":2,\"name\":\"Distribucija\",\"item\":\"https:\/\/liviko.eu\/lt\/atstovaujame\/\"},{\"@type\":\"ListItem\",\"position\":3,\"name\":\"PARDAVIMAI IR RINKODARA\"}]},{\"@type\":\"WebSite\",\"@id\":\"https:\/\/liviko.eu\/lt\/#website\",\"url\":\"https:\/\/liviko.eu\/lt\/\",\"name\":\"Liviko\",\"description\":\"anno 1898\",\"publisher\":{\"@id\":\"https:\/\/liviko.eu\/lt\/#organization\"},\"potentialAction\":[{\"@type\":\"SearchAction\",\"target\":{\"@type\":\"EntryPoint\",\"urlTemplate\":\"https:\/\/liviko.eu\/lt\/?s={search_term_string}\"},\"query-input\":{\"@type\":\"PropertyValueSpecification\",\"valueRequired\":true,\"valueName\":\"search_term_string\"}}],\"inLanguage\":\"lt-LT\"},{\"@type\":\"Organization\",\"@id\":\"https:\/\/liviko.eu\/lt\/#organization\",\"name\":\"Liviko\",\"url\":\"https:\/\/liviko.eu\/lt\/\",\"logo\":{\"@type\":\"ImageObject\",\"inLanguage\":\"lt-LT\",\"@id\":\"https:\/\/liviko.eu\/lt\/#\/schema\/logo\/image\/\",\"url\":\"https:\/\/liviko.eu\/wp-content\/uploads\/2020\/10\/liviko_logo.png\",\"contentUrl\":\"https:\/\/liviko.eu\/wp-content\/uploads\/2020\/10\/liviko_logo.png\",\"width\":515,\"height\":181,\"caption\":\"Liviko\"},\"image\":{\"@id\":\"https:\/\/liviko.eu\/lt\/#\/schema\/logo\/image\/\"},\"sameAs\":[\"https:\/\/www.facebook.com\/LivikoDistillery\/\",\"https:\/\/www.instagram.com\/livikodistillery\",\"https:\/\/www.linkedin.com\/company\/liviko\/\",\"https:\/\/www.youtube.com\/channel\/UCnoHr-PaNxBHJO8nMDLVGuA\"]}]}<\/script>\n<!-- \/ Yoast SEO plugin. -->","yoast_head_json":{"title":"PARDAVIMAI IR RINKODARA - Liviko","robots":{"index":"index","follow":"follow","max-snippet":"max-snippet:-1","max-image-preview":"max-image-preview:large","max-video-preview":"max-video-preview:-1"},"canonical":"https:\/\/liviko.eu\/lt\/atstovaujame\/sales-marketing\/","og_locale":"lt_LT","og_type":"article","og_title":"PARDAVIMAI IR RINKODARA - Liviko","og_url":"https:\/\/liviko.eu\/lt\/atstovaujame\/sales-marketing\/","og_site_name":"Liviko","article_publisher":"https:\/\/www.facebook.com\/LivikoDistillery\/","article_modified_time":"2022-06-08T12:24:36+00:00","twitter_card":"summary_large_image","twitter_misc":{"Est. reading time":"1 minut\u0117"},"schema":{"@context":"https:\/\/schema.org","@graph":[{"@type":"WebPage","@id":"https:\/\/liviko.eu\/lt\/atstovaujame\/sales-marketing\/","url":"https:\/\/liviko.eu\/lt\/atstovaujame\/sales-marketing\/","name":"PARDAVIMAI IR RINKODARA - Liviko","isPartOf":{"@id":"https:\/\/liviko.eu\/lt\/#website"},"datePublished":"2020-07-02T14:31:04+00:00","dateModified":"2022-06-08T12:24:36+00:00","breadcrumb":{"@id":"https:\/\/liviko.eu\/lt\/atstovaujame\/sales-marketing\/#breadcrumb"},"inLanguage":"lt-LT","potentialAction":[{"@type":"ReadAction","target":["https:\/\/liviko.eu\/lt\/atstovaujame\/sales-marketing\/"]}]},{"@type":"BreadcrumbList","@id":"https:\/\/liviko.eu\/lt\/atstovaujame\/sales-marketing\/#breadcrumb","itemListElement":[{"@type":"ListItem","position":1,"name":"Home","item":"https:\/\/liviko.eu\/lt\/"},{"@type":"ListItem","position":2,"name":"Distribucija","item":"https:\/\/liviko.eu\/lt\/atstovaujame\/"},{"@type":"ListItem","position":3,"name":"PARDAVIMAI IR RINKODARA"}]},{"@type":"WebSite","@id":"https:\/\/liviko.eu\/lt\/#website","url":"https:\/\/liviko.eu\/lt\/","name":"Liviko","description":"anno 1898","publisher":{"@id":"https:\/\/liviko.eu\/lt\/#organization"},"potentialAction":[{"@type":"SearchAction","target":{"@type":"EntryPoint","urlTemplate":"https:\/\/liviko.eu\/lt\/?s={search_term_string}"},"query-input":{"@type":"PropertyValueSpecification","valueRequired":true,"valueName":"search_term_string"}}],"inLanguage":"lt-LT"},{"@type":"Organization","@id":"https:\/\/liviko.eu\/lt\/#organization","name":"Liviko","url":"https:\/\/liviko.eu\/lt\/","logo":{"@type":"ImageObject","inLanguage":"lt-LT","@id":"https:\/\/liviko.eu\/lt\/#\/schema\/logo\/image\/","url":"https:\/\/liviko.eu\/wp-content\/uploads\/2020\/10\/liviko_logo.png","contentUrl":"https:\/\/liviko.eu\/wp-content\/uploads\/2020\/10\/liviko_logo.png","width":515,"height":181,"caption":"Liviko"},"image":{"@id":"https:\/\/liviko.eu\/lt\/#\/schema\/logo\/image\/"},"sameAs":["https:\/\/www.facebook.com\/LivikoDistillery\/","https:\/\/www.instagram.com\/livikodistillery","https:\/\/www.linkedin.com\/company\/liviko\/","https:\/\/www.youtube.com\/channel\/UCnoHr-PaNxBHJO8nMDLVGuA"]}]}},"_links":{"self":[{"href":"https:\/\/liviko.eu\/lt\/wp-json\/wp\/v2\/pages\/784","targetHints":{"allow":["GET"]}}],"collection":[{"href":"https:\/\/liviko.eu\/lt\/wp-json\/wp\/v2\/pages"}],"about":[{"href":"https:\/\/liviko.eu\/lt\/wp-json\/wp\/v2\/types\/page"}],"author":[{"embeddable":true,"href":"https:\/\/liviko.eu\/lt\/wp-json\/wp\/v2\/users\/1"}],"replies":[{"embeddable":true,"href":"https:\/\/liviko.eu\/lt\/wp-json\/wp\/v2\/comments?post=784"}],"version-history":[{"count":20,"href":"https:\/\/liviko.eu\/lt\/wp-json\/wp\/v2\/pages\/784\/revisions"}],"predecessor-version":[{"id":29300,"href":"https:\/\/liviko.eu\/lt\/wp-json\/wp\/v2\/pages\/784\/revisions\/29300"}],"up":[{"embeddable":true,"href":"https:\/\/liviko.eu\/lt\/wp-json\/wp\/v2\/pages\/781"}],"wp:attachment":[{"href":"https:\/\/liviko.eu\/lt\/wp-json\/wp\/v2\/media?parent=784"}],"wp:term":[{"taxonomy":"category","embeddable":true,"href":"https:\/\/liviko.eu\/lt\/wp-json\/wp\/v2\/categories?post=784"}],"curies":[{"name":"wp","href":"https:\/\/api.w.org\/{rel}","templated":true}]}}