{"id":811,"date":"2020-07-02T14:33:22","date_gmt":"2020-07-02T14:33:22","guid":{"rendered":"http:\/\/liviko.eu\/company-culture\/social-responsibility\/"},"modified":"2023-06-20T10:02:24","modified_gmt":"2023-06-20T10:02:24","slug":"social-responsibility","status":"publish","type":"page","link":"https:\/\/liviko.eu\/lt\/company-culture\/social-responsibility\/","title":{"rendered":"Socialin\u0117 atsakomyb\u0117"},"content":{"rendered":"<div id=\"pageHeader-block_682315d9694fe889affb00be63b90f97\" class=\" c-contentBlock c-pageHeader\" data-block-type=\"Page header\">\n                    <h1 class=\"c-pageHeader__title\">SOCIALIN\u0116 ATSAKOMYB\u0116<\/h1>\n                            <div class=\"c-pageHeader__text t-text\"><p>Kaip tarptautinis kokybi\u0161k\u0173 g\u0117rim\u0173 gamintojas ir platintojas jau\u010diame atsakomyb\u0119 skatinti kult\u016bring\u0105, atsaking\u0105 ir kokyb\u0119 vertinan\u010di\u0105 m\u0105stysen\u0105 Baltijos \u0161alyse ir eksporto rinkose.<\/p>\n<p>Siekiame, kad alkoholis b\u016bt\u0173 vartojamas atsakingai ir protingai. M\u016bs\u0173 ambasadoriai atlieka svarb\u0173 vaidmen\u012f vykdant \u0161i\u0105 misij\u0105 \u2013 apmoko barmenus ir galutinius vartotojus visame pasaulyje, supa\u017eindindami juos su ma\u017eo alkoholio kiekio ir nealkoholiniais kokteiliais.<\/p>\n<p>Bendrov\u0117 \u201eLiviko\u201c daug met\u0173 remia somelj\u0117 ir barmen\u0173 asociacijas Baltijos \u0161alyse. Dalyvaujame Alkoholio gamintoj\u0173 ir importuotoj\u0173 s\u0105jungos inicijuotoje atsakingo alkoholio vartojimo kampanijoje \u201eJeigu geri, i\u0161gerk ir vandens!\u201c.<\/p>\n<\/div>\n                        <div class=\"c-pageHeader__tools\">\n        \t<a href=\"#page-811-body\" class=\"c-pageHeader__scrollButton js-scrollTo\">\n        \t\t<span class=\"visuallyhidden\">Scroll to content<\/span>\n                <span class=\"icon-down\"><\/span>\n        \t<\/a>\n        <\/div>\n        \n<\/div>\n<a id=\"page-811-body\"><\/a>\n\n<div id=\"mediaBlock-block_e40f66ab6ab60b5133ab8e9091622aaa\" class=\" c-contentBlock c-mediaBlock c-mediaBlock--align-left c-mediaBlock--valign-center c-mediaBlock--size-regular c-mediaBlock--imageHeight-normal\" data-block-type=\"Media block\">\n   \n                \n     <div class=\"c-mediaBlock__media\" style=\"\"\">\n        <img fetchpriority=\"high\" decoding=\"async\" width=\"800\" height=\"530\" src=\"https:\/\/liviko.eu\/wp-content\/uploads\/2023\/06\/800x530Corsaro.png\" class=\"c-mediaBlock__image\" alt=\" DAUGIAU PASIRINKIM\u0172 BE ALKOHOLIO\" srcset=\"https:\/\/liviko.eu\/wp-content\/uploads\/2023\/06\/800x530Corsaro.png 800w, https:\/\/liviko.eu\/wp-content\/uploads\/2023\/06\/800x530Corsaro-768x509.png 768w, https:\/\/liviko.eu\/wp-content\/uploads\/2023\/06\/800x530Corsaro-483x320.png 483w\" sizes=\"(max-width: 800px) 100vw, 800px\" \/>    <\/div>\n     <div class=\"c-mediaBlock__body\">\n                    <h2 class=\"c-mediaBlock__title\"> DAUGIAU PASIRINKIM\u0172 BE ALKOHOLIO<\/h2>\n                <div class=\"c-mediaBlock__content\">\n            <div class=\"t-text\">\n            <p>Kuriame nealkoholinius pasirinkimus socialiniams susib\u016brimams. Bendrov\u0117je \u201eLiviko\u201c padidinome nealkoholini\u0173 g\u0117rim\u0173 tiek savo, tiek atstovaujam\u0173 prek\u0117s \u017eenkl\u0173 asortimente.<\/p>\n<p>Bendrov\u0117s \u201eLiviko\u201c gamykloje gaminamas pirmasis Estijoje nealkoholinis aperityvas <a href=\"https:\/\/liviko.eu\/lt\/liviko\/corsaro-aperitivo\/\">\u201eCorsaro Aperitivo\u201c<\/a>. \u010cia sukurti novatori\u0161ki ir apdovanojimus peln\u0119 rank\u0173 darbo g\u0117rimai\u00a0<a href=\"https:\/\/liviko.eu\/lt\/liviko-distillery\/re-crafters-junibeer\/\">\u201eRe-crafted Crafter\u2019s Junibeer\u201c<\/a> ir\u00a0<a href=\"https:\/\/liviko.eu\/lt\/liviko-distillery\/re-crafters-junibeer\/\">\u201eRe-crafted Crafter\u2019s Gingeroot\u201c<\/a>, gaminami i\u0161 d\u017eino gamybos metu likusio ekstrakto. Imbiero m\u0117g\u0117jams \u201eLiviko\u201c nealkoholini\u0173 g\u0117rim\u0173 asortimente taip pat yra\u00a0<a href=\"https:\/\/liviko.eu\/lt\/liviko-distillery\/ginger-duke\/\">\u201eGinger Duke\u201c<\/a>. M\u016bs\u0173 novatori\u0161ka ir gero skonio produkt\u0173 k\u016brimo komanda ir toliau kuria naujus nealkoholinius g\u0117rimus.<\/p>\n            <\/div>\n                            \n        <\/div>\n    <\/div>\n<\/div>\n\n<div id=\"mediaBlock-block_fce2741183b992f839885930b1646524\" class=\" c-contentBlock c-mediaBlock c-mediaBlock--align-right c-mediaBlock--valign-center c-mediaBlock--size-regular c-mediaBlock--imageHeight-normal\" data-block-type=\"Media block\">\n   \n                \n     <div class=\"c-mediaBlock__media\" style=\"\"\">\n        <img decoding=\"async\" width=\"800\" height=\"530\" src=\"https:\/\/liviko.eu\/wp-content\/uploads\/2023\/06\/800x530NOLO.png\" class=\"c-mediaBlock__image\" alt=\"\" srcset=\"https:\/\/liviko.eu\/wp-content\/uploads\/2023\/06\/800x530NOLO.png 800w, https:\/\/liviko.eu\/wp-content\/uploads\/2023\/06\/800x530NOLO-768x509.png 768w, https:\/\/liviko.eu\/wp-content\/uploads\/2023\/06\/800x530NOLO-483x320.png 483w\" sizes=\"(max-width: 800px) 100vw, 800px\" \/>    <\/div>\n     <div class=\"c-mediaBlock__body\">\n                <div class=\"c-mediaBlock__content\">\n            <div class=\"t-text\">\n            <p>Bendrov\u0117 \u201eLiviko\u201c Estijoje, Latvijoje ir Lietuvoje be savo produkt\u0173 pristato ir kit\u0173 tarptautini\u0173 gamintoj\u0173 nealkoholinius g\u0117rimus. Asortiment\u0105 sudaro\u00a0<a href=\"https:\/\/liviko.eu\/lt\/atstovaujame\/\">\u201eMartini\u201c nealkoholiniai aperityvai<\/a>, nealkoholiniai putojantys vynai \u201eLuna\u201c ir nealkoholiniai vynai \u201eValckenberg\u201c. Be to, \u201eLiviko\u201c asortiment\u0105 taip pat sudaro\u00a0kokybi\u0161ki limonadai ir tonikai <a href=\"https:\/\/liviko.eu\/lt\/atstovaujame\/\">\u201eFentimans\u201c<\/a> bei<a href=\"https:\/\/liviko.eu\/lt\/atstovaujame\/\"> nat\u016bralus mineralinis vanduo \u201eHaage\u201c ir \u201eHaanja\u201c.<\/a><\/p>\n            <\/div>\n                            \n        <\/div>\n    <\/div>\n<\/div>\n\n<div id=\"mediaBlock-block_61dfa702ecbfbdbba30b1bb4107163fc\" class=\" c-contentBlock c-mediaBlock c-mediaBlock--align-left c-mediaBlock--valign-center c-mediaBlock--size-regular c-mediaBlock--imageHeight-normal\" data-block-type=\"Media block\">\n   \n                \n     <div class=\"c-mediaBlock__media\" style=\"\"\">\n        <img decoding=\"async\" width=\"800\" height=\"530\" src=\"https:\/\/liviko.eu\/wp-content\/uploads\/2023\/06\/800x530-vtgp.jpg\" class=\"c-mediaBlock__image\" alt=\"\u201eVANA TALLINN\u201c GRAND PRIX\" srcset=\"https:\/\/liviko.eu\/wp-content\/uploads\/2023\/06\/800x530-vtgp.jpg 800w, https:\/\/liviko.eu\/wp-content\/uploads\/2023\/06\/800x530-vtgp-768x509.jpg 768w, https:\/\/liviko.eu\/wp-content\/uploads\/2023\/06\/800x530-vtgp-483x320.jpg 483w\" sizes=\"(max-width: 800px) 100vw, 800px\" \/>    <\/div>\n     <div class=\"c-mediaBlock__body\">\n                    <h2 class=\"c-mediaBlock__title\">\u201eVANA TALLINN\u201c GRAND PRIX<\/h2>\n                <div class=\"c-mediaBlock__content\">\n            <div class=\"t-text\">\n            <p>\u201eLiviko\u201c jau nuo 2006 met\u0173 rengia presti\u017ei\u0161kiausias Baltijos \u0161ali\u0173 somelj\u0117 var\u017eybas \u201eVana Tallinn\u201c <em>Baltic Sommelier Grand Prix<\/em>, bendradarbiaudama su Estijos, Latvijos ir Lietuvos somelj\u0117 asociacijomis. Geriausio Baltijos \u0161alyse somelj\u0117 var\u017eybos buvo pavadintos pagal pasaulinio garso liker\u012f \u201eVana Tallinn\u201c.<\/p>\n<p>\u201eB\u016bdama Estijos somelj\u0117 asociacijos pagrindine r\u0117m\u0117ja, \u201eLiviko\u201c pad\u0117jo mums pl\u0117toti vyno g\u0117rimo kult\u016br\u0105 ir pa\u017eindinti su atsakingo alkoholio naudojimo principais,\u201c \u2013 sako ESA prezidentas Kristjanas Markii.<\/p>\n            <\/div>\n                            \n        <\/div>\n    <\/div>\n<\/div>\n\n<div id=\"mediaBlock-block_b77afc186f62ce9970d356c498d9f241\" class=\" c-contentBlock c-mediaBlock c-mediaBlock--align-right c-mediaBlock--valign-center c-mediaBlock--size-regular c-mediaBlock--imageHeight-normal\" data-block-type=\"Media block\">\n   \n                \n     <div class=\"c-mediaBlock__media\" style=\"\"\">\n        <img loading=\"lazy\" decoding=\"async\" width=\"800\" height=\"530\" src=\"https:\/\/liviko.eu\/wp-content\/uploads\/2023\/06\/800x530votavettvahele.png\" class=\"c-mediaBlock__image\" alt=\"U\u017dSIGERK VANDENS\" srcset=\"https:\/\/liviko.eu\/wp-content\/uploads\/2023\/06\/800x530votavettvahele.png 800w, https:\/\/liviko.eu\/wp-content\/uploads\/2023\/06\/800x530votavettvahele-768x509.png 768w, https:\/\/liviko.eu\/wp-content\/uploads\/2023\/06\/800x530votavettvahele-483x320.png 483w\" sizes=\"(max-width: 800px) 100vw, 800px\" \/>    <\/div>\n     <div class=\"c-mediaBlock__body\">\n                    <h2 class=\"c-mediaBlock__title\">U\u017dSIGERK VANDENS<\/h2>\n                <div class=\"c-mediaBlock__content\">\n            <div class=\"t-text\">\n            <p>Siekiame, kad stiklin\u0117 vandens prie alkoholio b\u016bt\u0173 g\u0117rimo kult\u016bros dalis. \u201eLiviko\u201c yra Alkoholio gamintoj\u0173 ir importuotoj\u0173 s\u0105jungos inicijuotos kampanijos \u201eJei geri, u\u017esigerk ir vandens!\u201c bendradarbiavimo partner\u0117, siekdama paskatinti atsaking\u0105 alkoholio vartojimo kult\u016br\u0105. Pa\u017eindinimo kampanij\u0105 kvie\u010dia kiekvien\u0105 vyno taur\u0119 u\u017esigerti stiklu vandens. Vanduo padeda subalansuoti organizmo skys\u010di\u0173 poreik\u012f ir u\u017etikrina geresn\u0119 savijaut\u0105.<\/p>\n<ul>\n<li><a href=\"https:\/\/vettvahele.ee\/\">VETTVAHELE.EE<\/a><\/li>\n<\/ul>\n            <\/div>\n                            \n        <\/div>\n    <\/div>\n<\/div>\n\n<div id=\"mediaBlock-block_35f81c07add845dc2a2036926ae70cb2\" class=\" c-contentBlock c-mediaBlock c-mediaBlock--align-left c-mediaBlock--valign-center c-mediaBlock--size-regular c-mediaBlock--imageHeight-normal\" data-block-type=\"Media block\">\n   \n                \n     <div class=\"c-mediaBlock__media\" style=\"\"\">\n        <img loading=\"lazy\" decoding=\"async\" width=\"800\" height=\"530\" src=\"https:\/\/liviko.eu\/wp-content\/uploads\/2023\/06\/800x530CPakend.jpg\" class=\"c-mediaBlock__image\" alt=\"ATSAKINGA PAKUOT\u0116\" srcset=\"https:\/\/liviko.eu\/wp-content\/uploads\/2023\/06\/800x530CPakend.jpg 800w, https:\/\/liviko.eu\/wp-content\/uploads\/2023\/06\/800x530CPakend-768x509.jpg 768w, https:\/\/liviko.eu\/wp-content\/uploads\/2023\/06\/800x530CPakend-483x320.jpg 483w\" sizes=\"(max-width: 800px) 100vw, 800px\" \/>    <\/div>\n     <div class=\"c-mediaBlock__body\">\n                    <h2 class=\"c-mediaBlock__title\">ATSAKINGA PAKUOT\u0116<\/h2>\n                <div class=\"c-mediaBlock__content\">\n            <div class=\"t-text\">\n            <p>Skatindami atsaking\u0105 alkoholio vartojim\u0105, savo produkt\u0173 etiket\u0117se ir produkt\u0173 reklamose nurodome tokius \u012fsp\u0117jimus: \u201eJei geriate, nevairuokite!\u201c, \u201eN\u0117\u0161\u010dios moterys netur\u0117t\u0173 vartoti alkoholio!\u201c, \u201eLeid\u017eiama vartoti tik vyresniems nei 18 met\u0173 asmenims!\u201c. Kai kuri\u0173 g\u0117rim\u0173 etiket\u0117se pateikiame informacij\u0105 apie kalorijas.<\/p>\n            <\/div>\n                            \n        <\/div>\n    <\/div>\n<\/div>","protected":false},"excerpt":{"rendered":"","protected":false},"author":1,"featured_media":0,"parent":805,"menu_order":2,"comment_status":"closed","ping_status":"closed","template":"","meta":{"_acf_changed":false,"inline_featured_image":false,"_monsterinsights_skip_tracking":false,"_monsterinsights_sitenote_active":false,"_monsterinsights_sitenote_note":"","_monsterinsights_sitenote_category":0,"footnotes":""},"categories":[],"class_list":["post-811","page","type-page","status-publish","hentry"],"acf":[],"yoast_head":"<!-- This site is optimized with the Yoast SEO plugin v24.0 - https:\/\/yoast.com\/wordpress\/plugins\/seo\/ -->\n<title>Socialin\u0117 atsakomyb\u0117 - Liviko<\/title>\n<meta name=\"robots\" content=\"index, follow, max-snippet:-1, max-image-preview:large, max-video-preview:-1\" \/>\n<link rel=\"canonical\" href=\"https:\/\/liviko.eu\/lt\/company-culture\/social-responsibility\/\" \/>\n<meta property=\"og:locale\" content=\"lt_LT\" \/>\n<meta property=\"og:type\" content=\"article\" \/>\n<meta property=\"og:title\" content=\"Socialin\u0117 atsakomyb\u0117 - Liviko\" \/>\n<meta property=\"og:url\" content=\"https:\/\/liviko.eu\/lt\/company-culture\/social-responsibility\/\" \/>\n<meta property=\"og:site_name\" content=\"Liviko\" \/>\n<meta property=\"article:publisher\" content=\"https:\/\/www.facebook.com\/LivikoDistillery\/\" \/>\n<meta property=\"article:modified_time\" content=\"2023-06-20T10:02:24+00:00\" \/>\n<meta name=\"twitter:card\" content=\"summary_large_image\" \/>\n<script type=\"application\/ld+json\" class=\"yoast-schema-graph\">{\"@context\":\"https:\/\/schema.org\",\"@graph\":[{\"@type\":\"WebPage\",\"@id\":\"https:\/\/liviko.eu\/lt\/company-culture\/social-responsibility\/\",\"url\":\"https:\/\/liviko.eu\/lt\/company-culture\/social-responsibility\/\",\"name\":\"Socialin\u0117 atsakomyb\u0117 - Liviko\",\"isPartOf\":{\"@id\":\"https:\/\/liviko.eu\/lt\/#website\"},\"datePublished\":\"2020-07-02T14:33:22+00:00\",\"dateModified\":\"2023-06-20T10:02:24+00:00\",\"breadcrumb\":{\"@id\":\"https:\/\/liviko.eu\/lt\/company-culture\/social-responsibility\/#breadcrumb\"},\"inLanguage\":\"lt-LT\",\"potentialAction\":[{\"@type\":\"ReadAction\",\"target\":[\"https:\/\/liviko.eu\/lt\/company-culture\/social-responsibility\/\"]}]},{\"@type\":\"BreadcrumbList\",\"@id\":\"https:\/\/liviko.eu\/lt\/company-culture\/social-responsibility\/#breadcrumb\",\"itemListElement\":[{\"@type\":\"ListItem\",\"position\":1,\"name\":\"Home\",\"item\":\"https:\/\/liviko.eu\/lt\/\"},{\"@type\":\"ListItem\",\"position\":2,\"name\":\"APIE \u012eMON\u0118\",\"item\":\"https:\/\/liviko.eu\/lt\/company-culture\/\"},{\"@type\":\"ListItem\",\"position\":3,\"name\":\"Socialin\u0117 atsakomyb\u0117\"}]},{\"@type\":\"WebSite\",\"@id\":\"https:\/\/liviko.eu\/lt\/#website\",\"url\":\"https:\/\/liviko.eu\/lt\/\",\"name\":\"Liviko\",\"description\":\"anno 1898\",\"publisher\":{\"@id\":\"https:\/\/liviko.eu\/lt\/#organization\"},\"potentialAction\":[{\"@type\":\"SearchAction\",\"target\":{\"@type\":\"EntryPoint\",\"urlTemplate\":\"https:\/\/liviko.eu\/lt\/?s={search_term_string}\"},\"query-input\":{\"@type\":\"PropertyValueSpecification\",\"valueRequired\":true,\"valueName\":\"search_term_string\"}}],\"inLanguage\":\"lt-LT\"},{\"@type\":\"Organization\",\"@id\":\"https:\/\/liviko.eu\/lt\/#organization\",\"name\":\"Liviko\",\"url\":\"https:\/\/liviko.eu\/lt\/\",\"logo\":{\"@type\":\"ImageObject\",\"inLanguage\":\"lt-LT\",\"@id\":\"https:\/\/liviko.eu\/lt\/#\/schema\/logo\/image\/\",\"url\":\"https:\/\/liviko.eu\/wp-content\/uploads\/2020\/10\/liviko_logo.png\",\"contentUrl\":\"https:\/\/liviko.eu\/wp-content\/uploads\/2020\/10\/liviko_logo.png\",\"width\":515,\"height\":181,\"caption\":\"Liviko\"},\"image\":{\"@id\":\"https:\/\/liviko.eu\/lt\/#\/schema\/logo\/image\/\"},\"sameAs\":[\"https:\/\/www.facebook.com\/LivikoDistillery\/\",\"https:\/\/www.instagram.com\/livikodistillery\",\"https:\/\/www.linkedin.com\/company\/liviko\/\",\"https:\/\/www.youtube.com\/channel\/UCnoHr-PaNxBHJO8nMDLVGuA\"]}]}<\/script>\n<!-- \/ Yoast SEO plugin. -->","yoast_head_json":{"title":"Socialin\u0117 atsakomyb\u0117 - Liviko","robots":{"index":"index","follow":"follow","max-snippet":"max-snippet:-1","max-image-preview":"max-image-preview:large","max-video-preview":"max-video-preview:-1"},"canonical":"https:\/\/liviko.eu\/lt\/company-culture\/social-responsibility\/","og_locale":"lt_LT","og_type":"article","og_title":"Socialin\u0117 atsakomyb\u0117 - Liviko","og_url":"https:\/\/liviko.eu\/lt\/company-culture\/social-responsibility\/","og_site_name":"Liviko","article_publisher":"https:\/\/www.facebook.com\/LivikoDistillery\/","article_modified_time":"2023-06-20T10:02:24+00:00","twitter_card":"summary_large_image","schema":{"@context":"https:\/\/schema.org","@graph":[{"@type":"WebPage","@id":"https:\/\/liviko.eu\/lt\/company-culture\/social-responsibility\/","url":"https:\/\/liviko.eu\/lt\/company-culture\/social-responsibility\/","name":"Socialin\u0117 atsakomyb\u0117 - Liviko","isPartOf":{"@id":"https:\/\/liviko.eu\/lt\/#website"},"datePublished":"2020-07-02T14:33:22+00:00","dateModified":"2023-06-20T10:02:24+00:00","breadcrumb":{"@id":"https:\/\/liviko.eu\/lt\/company-culture\/social-responsibility\/#breadcrumb"},"inLanguage":"lt-LT","potentialAction":[{"@type":"ReadAction","target":["https:\/\/liviko.eu\/lt\/company-culture\/social-responsibility\/"]}]},{"@type":"BreadcrumbList","@id":"https:\/\/liviko.eu\/lt\/company-culture\/social-responsibility\/#breadcrumb","itemListElement":[{"@type":"ListItem","position":1,"name":"Home","item":"https:\/\/liviko.eu\/lt\/"},{"@type":"ListItem","position":2,"name":"APIE \u012eMON\u0118","item":"https:\/\/liviko.eu\/lt\/company-culture\/"},{"@type":"ListItem","position":3,"name":"Socialin\u0117 atsakomyb\u0117"}]},{"@type":"WebSite","@id":"https:\/\/liviko.eu\/lt\/#website","url":"https:\/\/liviko.eu\/lt\/","name":"Liviko","description":"anno 1898","publisher":{"@id":"https:\/\/liviko.eu\/lt\/#organization"},"potentialAction":[{"@type":"SearchAction","target":{"@type":"EntryPoint","urlTemplate":"https:\/\/liviko.eu\/lt\/?s={search_term_string}"},"query-input":{"@type":"PropertyValueSpecification","valueRequired":true,"valueName":"search_term_string"}}],"inLanguage":"lt-LT"},{"@type":"Organization","@id":"https:\/\/liviko.eu\/lt\/#organization","name":"Liviko","url":"https:\/\/liviko.eu\/lt\/","logo":{"@type":"ImageObject","inLanguage":"lt-LT","@id":"https:\/\/liviko.eu\/lt\/#\/schema\/logo\/image\/","url":"https:\/\/liviko.eu\/wp-content\/uploads\/2020\/10\/liviko_logo.png","contentUrl":"https:\/\/liviko.eu\/wp-content\/uploads\/2020\/10\/liviko_logo.png","width":515,"height":181,"caption":"Liviko"},"image":{"@id":"https:\/\/liviko.eu\/lt\/#\/schema\/logo\/image\/"},"sameAs":["https:\/\/www.facebook.com\/LivikoDistillery\/","https:\/\/www.instagram.com\/livikodistillery","https:\/\/www.linkedin.com\/company\/liviko\/","https:\/\/www.youtube.com\/channel\/UCnoHr-PaNxBHJO8nMDLVGuA"]}]}},"_links":{"self":[{"href":"https:\/\/liviko.eu\/lt\/wp-json\/wp\/v2\/pages\/811","targetHints":{"allow":["GET"]}}],"collection":[{"href":"https:\/\/liviko.eu\/lt\/wp-json\/wp\/v2\/pages"}],"about":[{"href":"https:\/\/liviko.eu\/lt\/wp-json\/wp\/v2\/types\/page"}],"author":[{"embeddable":true,"href":"https:\/\/liviko.eu\/lt\/wp-json\/wp\/v2\/users\/1"}],"replies":[{"embeddable":true,"href":"https:\/\/liviko.eu\/lt\/wp-json\/wp\/v2\/comments?post=811"}],"version-history":[{"count":10,"href":"https:\/\/liviko.eu\/lt\/wp-json\/wp\/v2\/pages\/811\/revisions"}],"predecessor-version":[{"id":48409,"href":"https:\/\/liviko.eu\/lt\/wp-json\/wp\/v2\/pages\/811\/revisions\/48409"}],"up":[{"embeddable":true,"href":"https:\/\/liviko.eu\/lt\/wp-json\/wp\/v2\/pages\/805"}],"wp:attachment":[{"href":"https:\/\/liviko.eu\/lt\/wp-json\/wp\/v2\/media?parent=811"}],"wp:term":[{"taxonomy":"category","embeddable":true,"href":"https:\/\/liviko.eu\/lt\/wp-json\/wp\/v2\/categories?post=811"}],"curies":[{"name":"wp","href":"https:\/\/api.w.org\/{rel}","templated":true}]}}