{"id":814,"date":"2020-07-03T09:28:37","date_gmt":"2020-07-03T09:28:37","guid":{"rendered":"http:\/\/liviko.eu\/company-culture\/cooperation\/"},"modified":"2025-02-03T07:19:03","modified_gmt":"2025-02-03T07:19:03","slug":"cooperation","status":"publish","type":"page","link":"https:\/\/liviko.eu\/lt\/company-culture\/cooperation\/","title":{"rendered":"Bendradarbiavimas"},"content":{"rendered":"<div id=\"pageHeader-block_33e739a5fd1c1eabb1ed0aed40677927\" class=\" c-contentBlock c-pageHeader\" data-block-type=\"Page header\">\n                    <h1 class=\"c-pageHeader__title\">BENDRADARBIAVIMAS<\/h1>\n                            <div class=\"c-pageHeader__text t-text\"><p>Vadovaujant \u201eLiviko\u201c, kasmetinis \u201eVana Tallinn Baltic Sommelier Grand Prix\u201c vyksta vienoje i\u0161 Baltijos \u0161ali\u0173 sostini\u0173 \u2013 Taline, Rygoje ar Vilniuje. Konkurs\u0105 organizuoja \u201eLiviko\u201c bendradarbiaudama su Estijos, Latvijos ir Lietuvos somelj\u0117 asociacijomis.<\/p>\n<p>\u201eLiviko\u201c savo param\u0105 telkia socialin\u0117s ir kult\u016brin\u0117s svarbos sritims. \u201eLiviko\u201c daug met\u0173 remia Estijos nacionalin\u0119 oper\u0105, Estijos valstybin\u012f simfonin\u012f orkestr\u0105, \u201eEesti Kontsert\u201c, Saremos operos dienas, Estijos meno muziej\u0173 ir Estijos dailinink\u0173 s\u0105jung\u0105. \u201eLiviko\u201c taip pat priklauso garbingas Estijos ra\u0161ytoj\u0173 s\u0105jungos roman\u0173 konkurso atnaujintojos ir r\u0117m\u0117jos titulas. B\u016bdami Estijos jachtklub\u0173 asociacijos auksiniu r\u0117m\u0117ju, pad\u0117jome Estijos buriuotojams patekti \u012f Tokijo olimpines \u017eaidynes, remiame geriausi\u0173 Talino jachtklube besitreniruojan\u010di\u0173 jaun\u0173j\u0173 buriuotoj\u0173 treniruotes ir siekius.<\/p>\n<\/div>\n                        <div class=\"c-pageHeader__tools\">\n        \t<a href=\"#page-814-body\" class=\"c-pageHeader__scrollButton js-scrollTo\">\n        \t\t<span class=\"visuallyhidden\">Scroll to content<\/span>\n                <span class=\"icon-down\"><\/span>\n        \t<\/a>\n        <\/div>\n        \n<\/div>\n<a id=\"page-814-body\"><\/a>\n\n<div id=\"mediaBlock-block_b696f56ae9e944823c75bdb462c025c4\" class=\" c-contentBlock c-mediaBlock c-mediaBlock--align-right c-mediaBlock--valign-center c-mediaBlock--size-regular c-mediaBlock--imageHeight-normal\" data-block-type=\"Media block\">\n   \n                \n     <div class=\"c-mediaBlock__media\" style=\"\"\">\n        <img fetchpriority=\"high\" decoding=\"async\" width=\"1366\" height=\"912\" src=\"https:\/\/liviko.eu\/wp-content\/uploads\/2020\/08\/VT_Grandprix_2018-1366x912.jpg\" class=\"c-mediaBlock__image\" alt=\"\u201eVANA TALLINN\u201c GRAND PRIX\" srcset=\"https:\/\/liviko.eu\/wp-content\/uploads\/2020\/08\/VT_Grandprix_2018-1366x912.jpg 1366w, https:\/\/liviko.eu\/wp-content\/uploads\/2020\/08\/VT_Grandprix_2018-920x614.jpg 920w, https:\/\/liviko.eu\/wp-content\/uploads\/2020\/08\/VT_Grandprix_2018-768x513.jpg 768w, https:\/\/liviko.eu\/wp-content\/uploads\/2020\/08\/VT_Grandprix_2018-1536x1025.jpg 1536w, https:\/\/liviko.eu\/wp-content\/uploads\/2020\/08\/VT_Grandprix_2018.jpg 2048w\" sizes=\"(max-width: 1366px) 100vw, 1366px\" \/>    <\/div>\n     <div class=\"c-mediaBlock__body\">\n                    <h2 class=\"c-mediaBlock__title\">\u201eVANA TALLINN\u201c GRAND PRIX<\/h2>\n                <div class=\"c-mediaBlock__content\">\n            <div class=\"t-text\">\n            <p>\u201eLiviko\u201c jau nuo 2006 met\u0173 rengia presti\u017ei\u0161kiausias Baltijos \u0161ali\u0173 somelj\u0117 var\u017eybas \u201eVana Tallinn\u201c <em>Baltic Sommelier Grand Prix<\/em>, bendradarbiaudama su Estijos, Latvijos ir Lietuvos somelj\u0117 asociacijomis. Geriausio Baltijos \u0161alyse somelj\u0117 var\u017eybos buvo pavadintos pagal pasaulinio garso liker\u012f \u201eVana Tallinn\u201c.<\/p>\n<p>\u201eB\u016bdama Estijos somelj\u0117 asociacijos pagrindine r\u0117m\u0117ja, \u201eLiviko\u201c pad\u0117jo mums pl\u0117toti vyno g\u0117rimo kult\u016br\u0105 ir pa\u017eindinti su atsakingo alkoholio naudojimo principais,\u201c \u2013 sako ESA prezidentas Kristjanas Markii.<\/p>\n            <\/div>\n                            \n        <\/div>\n    <\/div>\n<\/div>\n\n<div id=\"mediaBlock-block_c00593c23677d39ceeb91c4b6b0c102d\" class=\" c-contentBlock c-mediaBlock c-mediaBlock--align-left c-mediaBlock--valign-center c-mediaBlock--size-regular c-mediaBlock--imageHeight-normal\" data-block-type=\"Media block\">\n   \n                \n     <div class=\"c-mediaBlock__media\" style=\"\"\">\n        <img decoding=\"async\" width=\"1366\" height=\"944\" src=\"https:\/\/liviko.eu\/wp-content\/uploads\/2020\/08\/VT_Gala_2018-1366x944.jpg\" class=\"c-mediaBlock__image\" alt=\"\u201eVANA TALLINN\u201c GALA\" srcset=\"https:\/\/liviko.eu\/wp-content\/uploads\/2020\/08\/VT_Gala_2018-1366x944.jpg 1366w, https:\/\/liviko.eu\/wp-content\/uploads\/2020\/08\/VT_Gala_2018-920x636.jpg 920w, https:\/\/liviko.eu\/wp-content\/uploads\/2020\/08\/VT_Gala_2018-768x531.jpg 768w, https:\/\/liviko.eu\/wp-content\/uploads\/2020\/08\/VT_Gala_2018-1536x1062.jpg 1536w, https:\/\/liviko.eu\/wp-content\/uploads\/2020\/08\/VT_Gala_2018.jpg 2048w\" sizes=\"(max-width: 1366px) 100vw, 1366px\" \/>    <\/div>\n     <div class=\"c-mediaBlock__body\">\n                    <h2 class=\"c-mediaBlock__title\">\u201eVANA TALLINN\u201c GALA<\/h2>\n                <div class=\"c-mediaBlock__content\">\n            <div class=\"t-text\">\n            <p>Jau a\u0161tunt\u0105 kart\u0105 vykstantis i\u0161kilmingas koncertas \u2013 tai \u012fvykis, kurio be galo laukia Tartu ir Talino operos myl\u0117tojai, spindin\u010di\u0173 muzikos talent\u0173 susitikimo vieta. Tradiciniai operos vakarai v\u0117lyv\u0105 vasar\u0105 tapo vertinamu muzikos sezono atidarymu.<\/p>\n<p>Pastarasis gala koncertas buvo skirtas pasaulinio masto rus\u0173 kompozitoriui Piotro \u010caikovskio 180 gimimo metin\u0117ms pa\u017eym\u0117ti. Ne\u012fkainuojamas daugelio itin m\u0117gstamo kompozitoriaus k\u016brybinis palikimas teik\u0117 muzikos poj\u016b\u010di\u0173 daugeliui kart\u0173 ir nuolatos tebeteikia.<\/p>\n<p>\u201eLiviko\u201c yra Nacionalin\u0117s operos \u201eEstonia\u201c didysis r\u0117m\u0117jas nuo 2012 met\u0173.<\/p>\n            <\/div>\n                            \n        <\/div>\n    <\/div>\n<\/div>\n\n<div id=\"mediaBlock-block_6b7f1c8dafb1654fe3e625738b71d3a0\" class=\" c-contentBlock c-mediaBlock c-mediaBlock--align-right c-mediaBlock--valign-center c-mediaBlock--size-regular c-mediaBlock--imageHeight-normal\" data-block-type=\"Media block\">\n   \n                \n     <div class=\"c-mediaBlock__media\" style=\"\"\">\n        <img decoding=\"async\" width=\"1366\" height=\"911\" src=\"https:\/\/liviko.eu\/wp-content\/uploads\/2020\/08\/ERSO-and-Olari-Elts.-Foto-Tiit-Mo\u0303ttus-1366x911.jpg\" class=\"c-mediaBlock__image\" alt=\"ESTIJOS VALSTYBINIS SIMFONINIS ORKESTRAS\" srcset=\"https:\/\/liviko.eu\/wp-content\/uploads\/2020\/08\/ERSO-and-Olari-Elts.-Foto-Tiit-Mo\u0303ttus-1366x911.jpg 1366w, https:\/\/liviko.eu\/wp-content\/uploads\/2020\/08\/ERSO-and-Olari-Elts.-Foto-Tiit-Mo\u0303ttus-920x613.jpg 920w, https:\/\/liviko.eu\/wp-content\/uploads\/2020\/08\/ERSO-and-Olari-Elts.-Foto-Tiit-Mo\u0303ttus-768x512.jpg 768w, https:\/\/liviko.eu\/wp-content\/uploads\/2020\/08\/ERSO-and-Olari-Elts.-Foto-Tiit-Mo\u0303ttus-1536x1024.jpg 1536w, https:\/\/liviko.eu\/wp-content\/uploads\/2020\/08\/ERSO-and-Olari-Elts.-Foto-Tiit-Mo\u0303ttus-2048x1365.jpg 2048w\" sizes=\"(max-width: 1366px) 100vw, 1366px\" \/>    <\/div>\n     <div class=\"c-mediaBlock__body\">\n                    <h2 class=\"c-mediaBlock__title\">ESTIJOS VALSTYBINIS SIMFONINIS ORKESTRAS<\/h2>\n                <div class=\"c-mediaBlock__content\">\n            <div class=\"t-text\">\n            <p>\u201eLiviko\u201d d\u0117ka mes gal\u0117jome pasikviesti koncertuoti \u017eymius u\u017esienio solistus ir dirigentus. Reprezentacinio Estijos orkestro ilgalaikis ir ypa\u010d malonus bendradarbiavimas su \u201eLiviko\u201c leido pasi\u016blyti Estijos gyventojams auk\u0161\u010diausio lygio muzikos \u012fsp\u016bd\u017ei\u0173,\u201c \u2013 pasakoja EVSO vyriausiasis dirigentas Olaris Eltsas.<\/p>\n<p>EVSO fortepijono koncert\u0173 \u201eLiviko\u201c serija buvo puiki muzikin\u0117 kelion\u0117 su pasaulinio lygio muzika ir jos interpretuotojais. Koncert\u0173 sal\u0117je be paliovos skamba \u0161imtme\u010dio senumo k\u016br\u0117j\u0173 muzika, o m\u016bs\u0173 \u201eLiviko\u201c per 126 metus i\u0161 kartos \u012f kart\u0105 perduodamos sukauptos vertingos \u017einios ir \u012fg\u016bd\u017eiai. Ir ten, ir \u010dia ugdomi meistr\u0173 k\u016briniai.<\/p>\n            <\/div>\n                            \n        <\/div>\n    <\/div>\n<\/div>\n\n<div id=\"mediaBlock-block_bf3425b0827b08f475e4965cfc239ebd\" class=\" c-contentBlock c-mediaBlock c-mediaBlock--align-left c-mediaBlock--valign-center c-mediaBlock--size-regular c-mediaBlock--imageHeight-normal\" data-block-type=\"Media block\">\n   \n                \n     <div class=\"c-mediaBlock__media\" style=\"\"\">\n        <img loading=\"lazy\" decoding=\"async\" width=\"1366\" height=\"911\" src=\"https:\/\/liviko.eu\/wp-content\/uploads\/2020\/08\/Liviko_EKL-26-1366x911.jpg\" class=\"c-mediaBlock__image\" alt=\"ESTIJOS DALININK\u0172 S\u0104JUNGA\" srcset=\"https:\/\/liviko.eu\/wp-content\/uploads\/2020\/08\/Liviko_EKL-26-1366x911.jpg 1366w, https:\/\/liviko.eu\/wp-content\/uploads\/2020\/08\/Liviko_EKL-26-920x613.jpg 920w, https:\/\/liviko.eu\/wp-content\/uploads\/2020\/08\/Liviko_EKL-26-768x512.jpg 768w, https:\/\/liviko.eu\/wp-content\/uploads\/2020\/08\/Liviko_EKL-26-1536x1024.jpg 1536w, https:\/\/liviko.eu\/wp-content\/uploads\/2020\/08\/Liviko_EKL-26-2048x1365.jpg 2048w\" sizes=\"(max-width: 1366px) 100vw, 1366px\" \/>    <\/div>\n     <div class=\"c-mediaBlock__body\">\n                    <h2 class=\"c-mediaBlock__title\">ESTIJOS DALININK\u0172 S\u0104JUNGA<\/h2>\n                <div class=\"c-mediaBlock__content\">\n            <div class=\"t-text\">\n            <p>\u201eBendradarbiavimo sutartis su \u201eLiviko\u201c dailinink\u0173 s\u0105jungai u\u017etikrino profesional\u0173 partner\u012f, vertinant\u012f men\u0105, atstovaujant\u012f Estijos dailinink\u0173 k\u016brybai. Be k\u016brybin\u0117s laisv\u0117s ir \u012fkv\u0117pimo, menininkai vertina \u017eingeid\u017ei\u0105 ir palaikan\u010di\u0105 publik\u0105, kuri\u0105 jie prakalbina savo k\u016briniais. \u201eSkirtas parod\u0173 atidarymui \u201eLiviko\u201c \u017einov\u0173 parinktas vyno asortimentas taip pat formuoja atsaking\u0105 vyno g\u0117rimo kult\u016br\u0105,\u201c \u2013 teigia Estijos dailinink\u0173 s\u0105jungos viceprezidentas Vano Allsalus.<\/p>\n<p>Estijos dailinink\u0173 s\u0105jungos galerijose 2019 metais vyko 68 parodos, kurias aplank\u0117 55 037 meno bi\u010diuliai.<\/p>\n            <\/div>\n                            \n        <\/div>\n    <\/div>\n<\/div>\n\n<div id=\"mediaBlock-block_8f3db1ddc6c417bebd63492da03a9bfd\" class=\" c-contentBlock c-mediaBlock c-mediaBlock--align-right c-mediaBlock--valign-center c-mediaBlock--size-regular c-mediaBlock--imageHeight-normal\" data-block-type=\"Media block\">\n   \n                \n     <div class=\"c-mediaBlock__media\" style=\"\"\">\n        <img loading=\"lazy\" decoding=\"async\" width=\"1366\" height=\"910\" src=\"https:\/\/liviko.eu\/wp-content\/uploads\/2020\/08\/Ol\u00fcmpialased-1366x910.jpg\" class=\"c-mediaBlock__image\" alt=\"\u201eLIVIKO\u201c PU\u010cIA V\u0116J\u0104 \u012e OLIMPINES BURES IR REMIA JAUNUOSIUS BURIUOTOJUS\" srcset=\"https:\/\/liviko.eu\/wp-content\/uploads\/2020\/08\/Ol\u00fcmpialased-1366x910.jpg 1366w, https:\/\/liviko.eu\/wp-content\/uploads\/2020\/08\/Ol\u00fcmpialased-920x613.jpg 920w, https:\/\/liviko.eu\/wp-content\/uploads\/2020\/08\/Ol\u00fcmpialased-768x512.jpg 768w, https:\/\/liviko.eu\/wp-content\/uploads\/2020\/08\/Ol\u00fcmpialased-1536x1024.jpg 1536w, https:\/\/liviko.eu\/wp-content\/uploads\/2020\/08\/Ol\u00fcmpialased.jpg 2048w\" sizes=\"(max-width: 1366px) 100vw, 1366px\" \/>    <\/div>\n     <div class=\"c-mediaBlock__body\">\n                    <h2 class=\"c-mediaBlock__title\">\u201eLIVIKO\u201c PU\u010cIA V\u0116J\u0104 \u012e OLIMPINES BURES IR REMIA JAUNUOSIUS BURIUOTOJUS<\/h2>\n                <div class=\"c-mediaBlock__content\">\n            <div class=\"t-text\">\n            <p>Padedant \u201eLiviko\u201c Estijos olimpin\u0117 buriavimo komanda Tokijo olimpin\u0117se \u017eaidyn\u0117se pasiek\u0117 auk\u0161tas vietas.\u00a0Karlas-Martinas Rammo, plaukiantis \u201eLaser Standard\u201c klas\u0117je, laim\u0117jo du lenktyni\u0173 etapus ir olimpini\u0173 \u017eaidyni\u0173 bendroje \u012fskaitoje u\u017e\u0117m\u0117 15-\u0105j\u0105 viet\u0105, o Ingrida Puusta, var\u017eydamasi RS:X klas\u0117je, u\u017e\u0117m\u0117 16-\u0105j\u0105 viet\u0105. \u201eAuksinio r\u0117m\u0117jo sutartis tarp Estijos jachtklub\u0173 asociacijos ir \u201eLiviko\u201c suteik\u0117 mums didel\u0119 materialin\u0119 param\u0105 \u0161iuo svarbiu pasirengimo laikotarpiu, kai olimpin\u0117s \u017eaidyn\u0117s buvo atid\u0117tos. \u201eLiviko\u201c palaikymas ir padr\u0105sinimas m\u016bs\u0173 komandai buvo tarsi papildomas v\u0117jas bur\u0117ms\u201c, \u2013 mintimis dalijosi Estijos buriavimo komandos vadovas Ottas Kallasas.<\/p>\n<p>\u201eLiviko\u201c ir buriuotoj\u0173 nuolatinio bendradarbiavimo tikslas \u2013 remti geriausius Talino jachtklubo buriuotojus per ateinan\u010dius ketverius metus. Talino jachtklubo buriavimo mokykla yra did\u017eiausia Estijoje \u2013 joje nuolat treniruojasi beveik 150 jaunimo ir olimpini\u0173 klasi\u0173 buriuotoj\u0173.\u00a0Trys buriavimo mokyklos uostai \u2013 Haven Kakum\u00e4e, Pirita ir Lohusalu \u2013 dabar taip pat yra ir \u201eLiviko\u201c nam\u0173 uostai.<\/p>\n            <\/div>\n                            \n        <\/div>\n    <\/div>\n<\/div>","protected":false},"excerpt":{"rendered":"","protected":false},"author":1,"featured_media":0,"parent":805,"menu_order":3,"comment_status":"closed","ping_status":"closed","template":"","meta":{"_acf_changed":false,"inline_featured_image":false,"_monsterinsights_skip_tracking":false,"_monsterinsights_sitenote_active":false,"_monsterinsights_sitenote_note":"","_monsterinsights_sitenote_category":0,"footnotes":""},"categories":[],"class_list":["post-814","page","type-page","status-publish","hentry"],"acf":[],"yoast_head":"<!-- This site is optimized with the Yoast SEO plugin v27.5 - https:\/\/yoast.com\/product\/yoast-seo-wordpress\/ -->\n<title>Bendradarbiavimas - Liviko<\/title>\n<meta name=\"robots\" content=\"index, follow, max-snippet:-1, max-image-preview:large, max-video-preview:-1\" \/>\n<link rel=\"canonical\" href=\"https:\/\/liviko.eu\/lt\/company-culture\/cooperation\/\" \/>\n<meta property=\"og:locale\" content=\"lt_LT\" \/>\n<meta property=\"og:type\" content=\"article\" \/>\n<meta property=\"og:title\" content=\"Bendradarbiavimas - Liviko\" \/>\n<meta property=\"og:url\" content=\"https:\/\/liviko.eu\/lt\/company-culture\/cooperation\/\" \/>\n<meta property=\"og:site_name\" content=\"Liviko\" \/>\n<meta property=\"article:publisher\" content=\"https:\/\/www.facebook.com\/LivikoDistillery\/\" \/>\n<meta property=\"article:modified_time\" content=\"2025-02-03T07:19:03+00:00\" \/>\n<meta name=\"twitter:card\" content=\"summary_large_image\" \/>\n<script type=\"application\/ld+json\" class=\"yoast-schema-graph\">{\"@context\":\"https:\\\/\\\/schema.org\",\"@graph\":[{\"@type\":\"WebPage\",\"@id\":\"https:\\\/\\\/liviko.eu\\\/lt\\\/company-culture\\\/cooperation\\\/\",\"url\":\"https:\\\/\\\/liviko.eu\\\/lt\\\/company-culture\\\/cooperation\\\/\",\"name\":\"Bendradarbiavimas - Liviko\",\"isPartOf\":{\"@id\":\"https:\\\/\\\/liviko.eu\\\/lt\\\/#website\"},\"datePublished\":\"2020-07-03T09:28:37+00:00\",\"dateModified\":\"2025-02-03T07:19:03+00:00\",\"breadcrumb\":{\"@id\":\"https:\\\/\\\/liviko.eu\\\/lt\\\/company-culture\\\/cooperation\\\/#breadcrumb\"},\"inLanguage\":\"lt-LT\",\"potentialAction\":[{\"@type\":\"ReadAction\",\"target\":[\"https:\\\/\\\/liviko.eu\\\/lt\\\/company-culture\\\/cooperation\\\/\"]}]},{\"@type\":\"BreadcrumbList\",\"@id\":\"https:\\\/\\\/liviko.eu\\\/lt\\\/company-culture\\\/cooperation\\\/#breadcrumb\",\"itemListElement\":[{\"@type\":\"ListItem\",\"position\":1,\"name\":\"Home\",\"item\":\"https:\\\/\\\/liviko.eu\\\/lt\\\/\"},{\"@type\":\"ListItem\",\"position\":2,\"name\":\"APIE \u012eMON\u0118\",\"item\":\"https:\\\/\\\/liviko.eu\\\/lt\\\/company-culture\\\/\"},{\"@type\":\"ListItem\",\"position\":3,\"name\":\"Bendradarbiavimas\"}]},{\"@type\":\"WebSite\",\"@id\":\"https:\\\/\\\/liviko.eu\\\/lt\\\/#website\",\"url\":\"https:\\\/\\\/liviko.eu\\\/lt\\\/\",\"name\":\"Liviko\",\"description\":\"anno 1898\",\"publisher\":{\"@id\":\"https:\\\/\\\/liviko.eu\\\/lt\\\/#organization\"},\"potentialAction\":[{\"@type\":\"SearchAction\",\"target\":{\"@type\":\"EntryPoint\",\"urlTemplate\":\"https:\\\/\\\/liviko.eu\\\/lt\\\/?s={search_term_string}\"},\"query-input\":{\"@type\":\"PropertyValueSpecification\",\"valueRequired\":true,\"valueName\":\"search_term_string\"}}],\"inLanguage\":\"lt-LT\"},{\"@type\":\"Organization\",\"@id\":\"https:\\\/\\\/liviko.eu\\\/lt\\\/#organization\",\"name\":\"Liviko\",\"url\":\"https:\\\/\\\/liviko.eu\\\/lt\\\/\",\"logo\":{\"@type\":\"ImageObject\",\"inLanguage\":\"lt-LT\",\"@id\":\"https:\\\/\\\/liviko.eu\\\/lt\\\/#\\\/schema\\\/logo\\\/image\\\/\",\"url\":\"https:\\\/\\\/liviko.eu\\\/wp-content\\\/uploads\\\/2020\\\/10\\\/liviko_logo.png\",\"contentUrl\":\"https:\\\/\\\/liviko.eu\\\/wp-content\\\/uploads\\\/2020\\\/10\\\/liviko_logo.png\",\"width\":515,\"height\":181,\"caption\":\"Liviko\"},\"image\":{\"@id\":\"https:\\\/\\\/liviko.eu\\\/lt\\\/#\\\/schema\\\/logo\\\/image\\\/\"},\"sameAs\":[\"https:\\\/\\\/www.facebook.com\\\/LivikoDistillery\\\/\",\"https:\\\/\\\/www.instagram.com\\\/livikodistillery\",\"https:\\\/\\\/www.linkedin.com\\\/company\\\/liviko\\\/\",\"https:\\\/\\\/www.youtube.com\\\/channel\\\/UCnoHr-PaNxBHJO8nMDLVGuA\"]}]}<\/script>\n<!-- \/ Yoast SEO plugin. -->","yoast_head_json":{"title":"Bendradarbiavimas - Liviko","robots":{"index":"index","follow":"follow","max-snippet":"max-snippet:-1","max-image-preview":"max-image-preview:large","max-video-preview":"max-video-preview:-1"},"canonical":"https:\/\/liviko.eu\/lt\/company-culture\/cooperation\/","og_locale":"lt_LT","og_type":"article","og_title":"Bendradarbiavimas - Liviko","og_url":"https:\/\/liviko.eu\/lt\/company-culture\/cooperation\/","og_site_name":"Liviko","article_publisher":"https:\/\/www.facebook.com\/LivikoDistillery\/","article_modified_time":"2025-02-03T07:19:03+00:00","twitter_card":"summary_large_image","schema":{"@context":"https:\/\/schema.org","@graph":[{"@type":"WebPage","@id":"https:\/\/liviko.eu\/lt\/company-culture\/cooperation\/","url":"https:\/\/liviko.eu\/lt\/company-culture\/cooperation\/","name":"Bendradarbiavimas - Liviko","isPartOf":{"@id":"https:\/\/liviko.eu\/lt\/#website"},"datePublished":"2020-07-03T09:28:37+00:00","dateModified":"2025-02-03T07:19:03+00:00","breadcrumb":{"@id":"https:\/\/liviko.eu\/lt\/company-culture\/cooperation\/#breadcrumb"},"inLanguage":"lt-LT","potentialAction":[{"@type":"ReadAction","target":["https:\/\/liviko.eu\/lt\/company-culture\/cooperation\/"]}]},{"@type":"BreadcrumbList","@id":"https:\/\/liviko.eu\/lt\/company-culture\/cooperation\/#breadcrumb","itemListElement":[{"@type":"ListItem","position":1,"name":"Home","item":"https:\/\/liviko.eu\/lt\/"},{"@type":"ListItem","position":2,"name":"APIE \u012eMON\u0118","item":"https:\/\/liviko.eu\/lt\/company-culture\/"},{"@type":"ListItem","position":3,"name":"Bendradarbiavimas"}]},{"@type":"WebSite","@id":"https:\/\/liviko.eu\/lt\/#website","url":"https:\/\/liviko.eu\/lt\/","name":"Liviko","description":"anno 1898","publisher":{"@id":"https:\/\/liviko.eu\/lt\/#organization"},"potentialAction":[{"@type":"SearchAction","target":{"@type":"EntryPoint","urlTemplate":"https:\/\/liviko.eu\/lt\/?s={search_term_string}"},"query-input":{"@type":"PropertyValueSpecification","valueRequired":true,"valueName":"search_term_string"}}],"inLanguage":"lt-LT"},{"@type":"Organization","@id":"https:\/\/liviko.eu\/lt\/#organization","name":"Liviko","url":"https:\/\/liviko.eu\/lt\/","logo":{"@type":"ImageObject","inLanguage":"lt-LT","@id":"https:\/\/liviko.eu\/lt\/#\/schema\/logo\/image\/","url":"https:\/\/liviko.eu\/wp-content\/uploads\/2020\/10\/liviko_logo.png","contentUrl":"https:\/\/liviko.eu\/wp-content\/uploads\/2020\/10\/liviko_logo.png","width":515,"height":181,"caption":"Liviko"},"image":{"@id":"https:\/\/liviko.eu\/lt\/#\/schema\/logo\/image\/"},"sameAs":["https:\/\/www.facebook.com\/LivikoDistillery\/","https:\/\/www.instagram.com\/livikodistillery","https:\/\/www.linkedin.com\/company\/liviko\/","https:\/\/www.youtube.com\/channel\/UCnoHr-PaNxBHJO8nMDLVGuA"]}]}},"_links":{"self":[{"href":"https:\/\/liviko.eu\/lt\/wp-json\/wp\/v2\/pages\/814","targetHints":{"allow":["GET"]}}],"collection":[{"href":"https:\/\/liviko.eu\/lt\/wp-json\/wp\/v2\/pages"}],"about":[{"href":"https:\/\/liviko.eu\/lt\/wp-json\/wp\/v2\/types\/page"}],"author":[{"embeddable":true,"href":"https:\/\/liviko.eu\/lt\/wp-json\/wp\/v2\/users\/1"}],"replies":[{"embeddable":true,"href":"https:\/\/liviko.eu\/lt\/wp-json\/wp\/v2\/comments?post=814"}],"version-history":[{"count":16,"href":"https:\/\/liviko.eu\/lt\/wp-json\/wp\/v2\/pages\/814\/revisions"}],"predecessor-version":[{"id":55330,"href":"https:\/\/liviko.eu\/lt\/wp-json\/wp\/v2\/pages\/814\/revisions\/55330"}],"up":[{"embeddable":true,"href":"https:\/\/liviko.eu\/lt\/wp-json\/wp\/v2\/pages\/805"}],"wp:attachment":[{"href":"https:\/\/liviko.eu\/lt\/wp-json\/wp\/v2\/media?parent=814"}],"wp:term":[{"taxonomy":"category","embeddable":true,"href":"https:\/\/liviko.eu\/lt\/wp-json\/wp\/v2\/categories?post=814"}],"curies":[{"name":"wp","href":"https:\/\/api.w.org\/{rel}","templated":true}]}}