{"id":838,"date":"2020-07-06T11:51:23","date_gmt":"2020-07-06T11:51:23","guid":{"rendered":"http:\/\/liviko.eu\/liviko-distillery\/bellingshausen\/"},"modified":"2026-02-16T08:40:50","modified_gmt":"2026-02-16T08:40:50","slug":"bellingshausen","status":"publish","type":"page","link":"https:\/\/liviko.eu\/lt\/liviko-distillery\/bellingshausen\/","title":{"rendered":"Bellingshausen"},"content":{"rendered":"<div id=\"pageHeader-block_c0995bc1d8c7dbd7bdb5eec528fd1b24\" class=\" c-contentBlock c-pageHeader\" data-block-type=\"Page header\">\n                    <h1 class=\"c-pageHeader__title\">\u201eBELLINGSHAUSEN\u201c<\/h1>\n                            <div class=\"c-pageHeader__text t-text\"><p>\u201eLiviko\u201c meistr\u0173 ypatingo r\u016bpes\u010dio ir d\u0117mesingumo d\u0117ka pagaminta degtin\u0117 \u201eBellingshausen Vodka\u201c \u2013 tai pagarbos duokl\u0117 i\u0161 Estijos kilusiam admirolui von Bellingshausenui, kuris, plaukiodamas \u017eem\u0117lapyje nepa\u017eym\u0117tuose vandenyse, atrado Antarktid\u0105.<\/p>\n<\/div>\n                \n<\/div>\n<a id=\"page-838-body\"><\/a>\n\n<div id=\"mediaBlock-block_89c9dae7cb9f36de65cd677e99a80cf7\" class=\" c-contentBlock c-mediaBlock c-mediaBlock--align-left c-mediaBlock--valign-center c-mediaBlock--size-extra-small c-mediaBlock--imageHeight-small\" data-block-type=\"Media block\">\n   \n                \n     <div class=\"c-mediaBlock__media\" style=\"\"\">\n        <img fetchpriority=\"high\" decoding=\"async\" width=\"956\" height=\"1366\" src=\"https:\/\/liviko.eu\/wp-content\/uploads\/2026\/02\/bellinghausen3500x5000_eest_2-956x1366.png\" class=\"c-mediaBlock__image\" alt=\"BELLINGSHAUSEN VODKA \" srcset=\"https:\/\/liviko.eu\/wp-content\/uploads\/2026\/02\/bellinghausen3500x5000_eest_2-956x1366.png 956w, https:\/\/liviko.eu\/wp-content\/uploads\/2026\/02\/bellinghausen3500x5000_eest_2-644x920.png 644w, https:\/\/liviko.eu\/wp-content\/uploads\/2026\/02\/bellinghausen3500x5000_eest_2-768x1097.png 768w, https:\/\/liviko.eu\/wp-content\/uploads\/2026\/02\/bellinghausen3500x5000_eest_2-1075x1536.png 1075w, https:\/\/liviko.eu\/wp-content\/uploads\/2026\/02\/bellinghausen3500x5000_eest_2-1434x2048.png 1434w, https:\/\/liviko.eu\/wp-content\/uploads\/2026\/02\/bellinghausen3500x5000_eest_2-224x320.png 224w, https:\/\/liviko.eu\/wp-content\/uploads\/2026\/02\/bellinghausen3500x5000_eest_2-422x603.png 422w\" sizes=\"(max-width: 956px) 100vw, 956px\" \/>    <\/div>\n     <div class=\"c-mediaBlock__body\">\n                    <h2 class=\"c-mediaBlock__title\">BELLINGSHAUSEN VODKA <\/h2>\n                <div class=\"c-mediaBlock__content\">\n            <div class=\"t-text\">\n            <p>Gimusio Estijoje \u017eemi\u0173 atrad\u0117jo ir j\u016breivio, admirolo von Bellingshauseno atminimui skirta degtin\u0117 gaminama pagal \u201eLiviko\u201c meistr\u0173 sukurt\u0105 recept\u0105. \u201eBellingshausen Vodka\u201c gaminama taikant tripakop\u012f kaskadin\u012f filtravim\u0105. \u0160is procesas reikalauja daug laiko, ta\u010diau pasiektas grynas ir lengvas skonis yra to vertas. Aktyvintos anglies filtras suteikia degtinei ypatingo grynumo. Po to degtin\u0117 filtruojama per sidabro filtr\u0173 sistem\u0105, sudaryt\u0105 i\u0161 29 sidabro element\u0173. Visi\u0161k\u0105 i\u0161baigtum\u0105 ir briliantin\u012f \u017evilges\u012f \u201eBellingshausen Vodka\u201c \u012fgauna apdorota poliravimo filtru.<\/p>\n<p>Admirolui von Bellingshausenui ir jo gyvenimo veiklai skirta degtin\u0117 buvo sukurta 2019 metais pa\u017eymint Antarktidos atradimo 200-\u0105sias metines. Ypatingo atradimo sukak\u010diai sukurta \u201eBellingshausen Vodka\u201c yra skirta tiek ma\u017eiems, tiek dideliems atradimams, \u012fsid\u0117m\u0117tinoms kelion\u0117ms ir naujiems poj\u016b\u010diams pa\u017eym\u0117ti.<\/p>\n<p><a href=\"https:\/\/bellingshausenvodka.com\/\">bellingshausenvodka.com<\/a><\/p>\n            <\/div>\n                            \n        <\/div>\n    <\/div>\n<\/div>\n\n\n<div id=\"featureBlocks-block_2c6e199bbb36db261374d02debce55a7\" class=\" c-contentBlock c-featureBlocks c-featureBlocks--type-expanded c-featureBlocks--grid-columns\" data-block-type=\"Feature blocks: expanded\">\n   <div class=\"c-featureBlocksGroup\">\n\n\n                          <div class=\"c-featureBlocks__item\">\n                \n                \n                    <div class=\"c-featureBlocks__item-block\"    >\n\n                                                                                            <div class=\"c-featureBlock__imageContainer\">\n                                <img decoding=\"async\" width=\"800\" height=\"800\" src=\"https:\/\/liviko.eu\/wp-content\/uploads\/2020\/09\/teravili-usp.jpg\" class=\"c-featureBlock__image\" alt=\"\" srcset=\"https:\/\/liviko.eu\/wp-content\/uploads\/2020\/09\/teravili-usp.jpg 800w, https:\/\/liviko.eu\/wp-content\/uploads\/2020\/09\/teravili-usp-480x480.jpg 480w, https:\/\/liviko.eu\/wp-content\/uploads\/2020\/09\/teravili-usp-768x768.jpg 768w\" sizes=\"(max-width: 800px) 100vw, 800px\" \/>                                <\/div>\n                               \n\n                            <div class=\"c-featureBlocks__item-body\">\n                                    <h3 class=\"c-featureBlocks__item-title\"><\/h3>\n                                    <div class=\"t-text\">\n                                        <p><strong>Grynas gr\u016bdas<\/strong><br \/>\n\u201eBellingshausen Vodka\u201c yra gaminama pagal \u201eLiviko\u201c meistr\u0173 sukurt\u0105 recept\u0105 i\u0161 ekologi\u0161k\u0173 gr\u016bd\u0173 spirito.<\/p>\n                                    <\/div>\n                            <\/div>\n\n                    <\/div>    \n                        \n\n\n                            \n            <\/div>\n            \n                    <div class=\"c-featureBlocks__item\">\n                \n                \n                    <div class=\"c-featureBlocks__item-block\"    >\n\n                                                                                            <div class=\"c-featureBlock__imageContainer\">\n                                <img decoding=\"async\" width=\"800\" height=\"800\" src=\"https:\/\/liviko.eu\/wp-content\/uploads\/2020\/09\/silver_usp.jpg\" class=\"c-featureBlock__image\" alt=\"\" srcset=\"https:\/\/liviko.eu\/wp-content\/uploads\/2020\/09\/silver_usp.jpg 800w, https:\/\/liviko.eu\/wp-content\/uploads\/2020\/09\/silver_usp-480x480.jpg 480w, https:\/\/liviko.eu\/wp-content\/uploads\/2020\/09\/silver_usp-768x768.jpg 768w\" sizes=\"(max-width: 800px) 100vw, 800px\" \/>                                <\/div>\n                               \n\n                            <div class=\"c-featureBlocks__item-body\">\n                                    <h3 class=\"c-featureBlocks__item-title\"><\/h3>\n                                    <div class=\"t-text\">\n                                        <p><strong>Sidabru filtruota degtin\u0117<br \/>\n<\/strong>Gaminant \u201eBellingshausen Vodka\u201c yra taikomas tripakopis kaskadinis filtravimas \u2013 siekiant tobulumo degtin\u0117 filtruojama aktyvintos anglies filtru, po to i\u0161 29 sidabro element\u0173 sudaryta filtr\u0173 sistema ir galiausiai poliravimo filtru.<\/p>\n<p>&nbsp;<\/p>\n                                    <\/div>\n                            <\/div>\n\n                    <\/div>    \n                        \n\n\n                            \n            <\/div>\n            \n                    <div class=\"c-featureBlocks__item\">\n                \n                \n                    <div class=\"c-featureBlocks__item-block\"    >\n\n                                                                                            <div class=\"c-featureBlock__imageContainer\">\n                                <img loading=\"lazy\" decoding=\"async\" width=\"920\" height=\"920\" src=\"https:\/\/liviko.eu\/wp-content\/uploads\/2026\/02\/kaubamark-920x920.png\" class=\"c-featureBlock__image\" alt=\"\" srcset=\"https:\/\/liviko.eu\/wp-content\/uploads\/2026\/02\/kaubamark-920x920.png 920w, https:\/\/liviko.eu\/wp-content\/uploads\/2026\/02\/kaubamark-480x480.png 480w, https:\/\/liviko.eu\/wp-content\/uploads\/2026\/02\/kaubamark-768x768.png 768w, https:\/\/liviko.eu\/wp-content\/uploads\/2026\/02\/kaubamark-320x320.png 320w, https:\/\/liviko.eu\/wp-content\/uploads\/2026\/02\/kaubamark-603x603.png 603w, https:\/\/liviko.eu\/wp-content\/uploads\/2026\/02\/kaubamark.png 1080w\" sizes=\"(max-width: 920px) 100vw, 920px\" \/>                                <\/div>\n                               \n\n                            <div class=\"c-featureBlocks__item-body\">\n                                    <h3 class=\"c-featureBlocks__item-title\"><\/h3>\n                                    <div class=\"t-text\">\n                                        <p><strong>Bellingshauseno istorija butelio etiket\u0117je<br \/>\n<\/strong>Ypatingai sukak\u010diai sukurta \u201eBellingshausen Vodka\u201c magina \u017evilgsn\u012f ir i\u0161skirtiniu etiket\u0117s dizainu \u2013 apipavidalinta ir vidin\u0117 etiket\u0117s pus\u0117. Siekiant sustiprinti ledinio \u017eemyno atradimo poj\u016bt\u012f, butelio etiket\u0117 u\u017eklijuota \u012fstri\u017eai.<\/p>\n                                    <\/div>\n                            <\/div>\n\n                    <\/div>    \n                        \n\n\n                            \n            <\/div>\n            \n                <div class=\"c-featureBlocks__item c-featureBlocks__item--empty\"><\/div>\n    <div class=\"c-featureBlocks__item c-featureBlocks__item--empty\"><\/div>\n    <\/div>\n<\/div>\n\n\n\n<div id=\"spacer-block_d01503a984be5e6d5b0eddd9a09cc95c\" class=\"c-contentBlock c-spacerContainer\"  data-block-type=\"Spacer\">\n   <hr class=\"  c-spacer c-spacer--size-3 c-spacer--line\" >\n<\/div>\n\n\n\n<div id=\"relatedItems-block_b7379c91f5b1c424ed094d263cb93332\" class=\" c-contentBlock c-relatedItems\" data-block-type=\"Related items\" >\n   \n            <h2 class=\"c-relatedItems__title \">PANA\u0160\u016aS GAMINIAI<\/h2>\n     \n    <div class=\"c-relatedItems__content\">\n\n\n    \n\n             \n         \n                \n\n            <a class=\"c-relatedItems__item \" href=\"https:\/\/liviko.eu\/lt\/liviko-distillery\/viru-valge\/\">\n                \n                \n                    <div class=\"c-relatedItems__item-imageContainer\" >\n                        <img loading=\"lazy\" decoding=\"async\" width=\"81\" height=\"320\" src=\"https:\/\/liviko.eu\/wp-content\/uploads\/2020\/08\/Viru-Valge-Vodka-500ml-FULL.png\" class=\"c-relatedItems__item-image\" alt=\"Viru Valge \" srcset=\"https:\/\/liviko.eu\/wp-content\/uploads\/2020\/08\/Viru-Valge-Vodka-500ml-FULL.png 1696w, https:\/\/liviko.eu\/wp-content\/uploads\/2020\/08\/Viru-Valge-Vodka-500ml-FULL-233x920.png 233w, https:\/\/liviko.eu\/wp-content\/uploads\/2020\/08\/Viru-Valge-Vodka-500ml-FULL-345x1366.png 345w, https:\/\/liviko.eu\/wp-content\/uploads\/2020\/08\/Viru-Valge-Vodka-500ml-FULL-768x3037.png 768w, https:\/\/liviko.eu\/wp-content\/uploads\/2020\/08\/Viru-Valge-Vodka-500ml-FULL-388x1536.png 388w, https:\/\/liviko.eu\/wp-content\/uploads\/2020\/08\/Viru-Valge-Vodka-500ml-FULL-518x2048.png 518w\" sizes=\"(max-width: 81px) 100vw, 81px\" \/>                    <\/div>\n                    <div class=\"c-relatedItems__item-details\">\n                        <h3 class=\"c-relatedItems__item-title\">Viru Valge <\/h3>                                            <\/div>\n                \n            <\/a>\n            \n        \n                \n\n            <a class=\"c-relatedItems__item \" href=\"https:\/\/liviko.eu\/lt\/liviko-distillery\/nevskaja\/\">\n                \n                \n                    <div class=\"c-relatedItems__item-imageContainer\" >\n                        <img loading=\"lazy\" decoding=\"async\" width=\"87\" height=\"320\" src=\"https:\/\/liviko.eu\/wp-content\/uploads\/2020\/08\/4740050010333-scaled.jpg\" class=\"c-relatedItems__item-image\" alt=\"Nevskaya\" srcset=\"https:\/\/liviko.eu\/wp-content\/uploads\/2020\/08\/4740050010333-scaled.jpg 699w, https:\/\/liviko.eu\/wp-content\/uploads\/2020\/08\/4740050010333-251x920.jpg 251w, https:\/\/liviko.eu\/wp-content\/uploads\/2020\/08\/4740050010333-373x1366.jpg 373w, https:\/\/liviko.eu\/wp-content\/uploads\/2020\/08\/4740050010333-768x2815.jpg 768w, https:\/\/liviko.eu\/wp-content\/uploads\/2020\/08\/4740050010333-419x1536.jpg 419w, https:\/\/liviko.eu\/wp-content\/uploads\/2020\/08\/4740050010333-559x2048.jpg 559w\" sizes=\"(max-width: 87px) 100vw, 87px\" \/>                    <\/div>\n                    <div class=\"c-relatedItems__item-details\">\n                        <h3 class=\"c-relatedItems__item-title\">Nevskaya<\/h3>                                            <\/div>\n                \n            <\/a>\n            \n        \n                \n\n            <a class=\"c-relatedItems__item \" href=\"https:\/\/liviko.eu\/lt\/liviko-distillery\/hobe\/\">\n                \n                \n                    <div class=\"c-relatedItems__item-imageContainer\" >\n                        <img loading=\"lazy\" decoding=\"async\" width=\"153\" height=\"320\" src=\"https:\/\/liviko.eu\/wp-content\/uploads\/2020\/08\/H\u00f5be_taustata-1.png\" class=\"c-relatedItems__item-image\" alt=\"H\u00f5be \" srcset=\"https:\/\/liviko.eu\/wp-content\/uploads\/2020\/08\/H\u00f5be_taustata-1.png 1431w, https:\/\/liviko.eu\/wp-content\/uploads\/2020\/08\/H\u00f5be_taustata-1-439x920.png 439w, https:\/\/liviko.eu\/wp-content\/uploads\/2020\/08\/H\u00f5be_taustata-1-652x1366.png 652w, https:\/\/liviko.eu\/wp-content\/uploads\/2020\/08\/H\u00f5be_taustata-1-768x1610.png 768w, https:\/\/liviko.eu\/wp-content\/uploads\/2020\/08\/H\u00f5be_taustata-1-733x1536.png 733w, https:\/\/liviko.eu\/wp-content\/uploads\/2020\/08\/H\u00f5be_taustata-1-977x2048.png 977w\" sizes=\"(max-width: 153px) 100vw, 153px\" \/>                    <\/div>\n                    <div class=\"c-relatedItems__item-details\">\n                        <h3 class=\"c-relatedItems__item-title\">H\u00f5be <\/h3>                                            <\/div>\n                \n            <\/a>\n            \n                <\/div>\n<\/div>\n","protected":false},"excerpt":{"rendered":"","protected":false},"author":1,"featured_media":0,"parent":772,"menu_order":2,"comment_status":"closed","ping_status":"closed","template":"page-templates\/page-product.php","meta":{"_acf_changed":false,"inline_featured_image":false,"_monsterinsights_skip_tracking":false,"_monsterinsights_sitenote_active":false,"_monsterinsights_sitenote_note":"","_monsterinsights_sitenote_category":0,"footnotes":""},"categories":[45],"class_list":["post-838","page","type-page","status-publish","hentry","category-vodka-lt"],"acf":[],"yoast_head":"<!-- This site is optimized with the Yoast SEO plugin v24.0 - https:\/\/yoast.com\/wordpress\/plugins\/seo\/ -->\n<title>Bellingshausen - Liviko<\/title>\n<meta name=\"robots\" content=\"index, follow, max-snippet:-1, max-image-preview:large, max-video-preview:-1\" \/>\n<link rel=\"canonical\" href=\"https:\/\/liviko.eu\/lt\/liviko-distillery\/bellingshausen\/\" \/>\n<meta property=\"og:locale\" content=\"lt_LT\" \/>\n<meta property=\"og:type\" content=\"article\" \/>\n<meta property=\"og:title\" content=\"Bellingshausen - Liviko\" \/>\n<meta property=\"og:url\" content=\"https:\/\/liviko.eu\/lt\/liviko-distillery\/bellingshausen\/\" \/>\n<meta property=\"og:site_name\" content=\"Liviko\" \/>\n<meta property=\"article:publisher\" content=\"https:\/\/www.facebook.com\/LivikoDistillery\/\" \/>\n<meta property=\"article:modified_time\" content=\"2026-02-16T08:40:50+00:00\" \/>\n<meta name=\"twitter:card\" content=\"summary_large_image\" \/>\n<script type=\"application\/ld+json\" class=\"yoast-schema-graph\">{\"@context\":\"https:\/\/schema.org\",\"@graph\":[{\"@type\":\"WebPage\",\"@id\":\"https:\/\/liviko.eu\/lt\/liviko-distillery\/bellingshausen\/\",\"url\":\"https:\/\/liviko.eu\/lt\/liviko-distillery\/bellingshausen\/\",\"name\":\"Bellingshausen - Liviko\",\"isPartOf\":{\"@id\":\"https:\/\/liviko.eu\/lt\/#website\"},\"datePublished\":\"2020-07-06T11:51:23+00:00\",\"dateModified\":\"2026-02-16T08:40:50+00:00\",\"breadcrumb\":{\"@id\":\"https:\/\/liviko.eu\/lt\/liviko-distillery\/bellingshausen\/#breadcrumb\"},\"inLanguage\":\"lt-LT\",\"potentialAction\":[{\"@type\":\"ReadAction\",\"target\":[\"https:\/\/liviko.eu\/lt\/liviko-distillery\/bellingshausen\/\"]}]},{\"@type\":\"BreadcrumbList\",\"@id\":\"https:\/\/liviko.eu\/lt\/liviko-distillery\/bellingshausen\/#breadcrumb\",\"itemListElement\":[{\"@type\":\"ListItem\",\"position\":1,\"name\":\"Home\",\"item\":\"https:\/\/liviko.eu\/lt\/\"},{\"@type\":\"ListItem\",\"position\":2,\"name\":\"Gamyba\",\"item\":\"https:\/\/liviko.eu\/lt\/liviko-distillery\/\"},{\"@type\":\"ListItem\",\"position\":3,\"name\":\"Bellingshausen\"}]},{\"@type\":\"WebSite\",\"@id\":\"https:\/\/liviko.eu\/lt\/#website\",\"url\":\"https:\/\/liviko.eu\/lt\/\",\"name\":\"Liviko\",\"description\":\"anno 1898\",\"publisher\":{\"@id\":\"https:\/\/liviko.eu\/lt\/#organization\"},\"potentialAction\":[{\"@type\":\"SearchAction\",\"target\":{\"@type\":\"EntryPoint\",\"urlTemplate\":\"https:\/\/liviko.eu\/lt\/?s={search_term_string}\"},\"query-input\":{\"@type\":\"PropertyValueSpecification\",\"valueRequired\":true,\"valueName\":\"search_term_string\"}}],\"inLanguage\":\"lt-LT\"},{\"@type\":\"Organization\",\"@id\":\"https:\/\/liviko.eu\/lt\/#organization\",\"name\":\"Liviko\",\"url\":\"https:\/\/liviko.eu\/lt\/\",\"logo\":{\"@type\":\"ImageObject\",\"inLanguage\":\"lt-LT\",\"@id\":\"https:\/\/liviko.eu\/lt\/#\/schema\/logo\/image\/\",\"url\":\"https:\/\/liviko.eu\/wp-content\/uploads\/2020\/10\/liviko_logo.png\",\"contentUrl\":\"https:\/\/liviko.eu\/wp-content\/uploads\/2020\/10\/liviko_logo.png\",\"width\":515,\"height\":181,\"caption\":\"Liviko\"},\"image\":{\"@id\":\"https:\/\/liviko.eu\/lt\/#\/schema\/logo\/image\/\"},\"sameAs\":[\"https:\/\/www.facebook.com\/LivikoDistillery\/\",\"https:\/\/www.instagram.com\/livikodistillery\",\"https:\/\/www.linkedin.com\/company\/liviko\/\",\"https:\/\/www.youtube.com\/channel\/UCnoHr-PaNxBHJO8nMDLVGuA\"]}]}<\/script>\n<!-- \/ Yoast SEO plugin. -->","yoast_head_json":{"title":"Bellingshausen - Liviko","robots":{"index":"index","follow":"follow","max-snippet":"max-snippet:-1","max-image-preview":"max-image-preview:large","max-video-preview":"max-video-preview:-1"},"canonical":"https:\/\/liviko.eu\/lt\/liviko-distillery\/bellingshausen\/","og_locale":"lt_LT","og_type":"article","og_title":"Bellingshausen - Liviko","og_url":"https:\/\/liviko.eu\/lt\/liviko-distillery\/bellingshausen\/","og_site_name":"Liviko","article_publisher":"https:\/\/www.facebook.com\/LivikoDistillery\/","article_modified_time":"2026-02-16T08:40:50+00:00","twitter_card":"summary_large_image","schema":{"@context":"https:\/\/schema.org","@graph":[{"@type":"WebPage","@id":"https:\/\/liviko.eu\/lt\/liviko-distillery\/bellingshausen\/","url":"https:\/\/liviko.eu\/lt\/liviko-distillery\/bellingshausen\/","name":"Bellingshausen - Liviko","isPartOf":{"@id":"https:\/\/liviko.eu\/lt\/#website"},"datePublished":"2020-07-06T11:51:23+00:00","dateModified":"2026-02-16T08:40:50+00:00","breadcrumb":{"@id":"https:\/\/liviko.eu\/lt\/liviko-distillery\/bellingshausen\/#breadcrumb"},"inLanguage":"lt-LT","potentialAction":[{"@type":"ReadAction","target":["https:\/\/liviko.eu\/lt\/liviko-distillery\/bellingshausen\/"]}]},{"@type":"BreadcrumbList","@id":"https:\/\/liviko.eu\/lt\/liviko-distillery\/bellingshausen\/#breadcrumb","itemListElement":[{"@type":"ListItem","position":1,"name":"Home","item":"https:\/\/liviko.eu\/lt\/"},{"@type":"ListItem","position":2,"name":"Gamyba","item":"https:\/\/liviko.eu\/lt\/liviko-distillery\/"},{"@type":"ListItem","position":3,"name":"Bellingshausen"}]},{"@type":"WebSite","@id":"https:\/\/liviko.eu\/lt\/#website","url":"https:\/\/liviko.eu\/lt\/","name":"Liviko","description":"anno 1898","publisher":{"@id":"https:\/\/liviko.eu\/lt\/#organization"},"potentialAction":[{"@type":"SearchAction","target":{"@type":"EntryPoint","urlTemplate":"https:\/\/liviko.eu\/lt\/?s={search_term_string}"},"query-input":{"@type":"PropertyValueSpecification","valueRequired":true,"valueName":"search_term_string"}}],"inLanguage":"lt-LT"},{"@type":"Organization","@id":"https:\/\/liviko.eu\/lt\/#organization","name":"Liviko","url":"https:\/\/liviko.eu\/lt\/","logo":{"@type":"ImageObject","inLanguage":"lt-LT","@id":"https:\/\/liviko.eu\/lt\/#\/schema\/logo\/image\/","url":"https:\/\/liviko.eu\/wp-content\/uploads\/2020\/10\/liviko_logo.png","contentUrl":"https:\/\/liviko.eu\/wp-content\/uploads\/2020\/10\/liviko_logo.png","width":515,"height":181,"caption":"Liviko"},"image":{"@id":"https:\/\/liviko.eu\/lt\/#\/schema\/logo\/image\/"},"sameAs":["https:\/\/www.facebook.com\/LivikoDistillery\/","https:\/\/www.instagram.com\/livikodistillery","https:\/\/www.linkedin.com\/company\/liviko\/","https:\/\/www.youtube.com\/channel\/UCnoHr-PaNxBHJO8nMDLVGuA"]}]}},"_links":{"self":[{"href":"https:\/\/liviko.eu\/lt\/wp-json\/wp\/v2\/pages\/838","targetHints":{"allow":["GET"]}}],"collection":[{"href":"https:\/\/liviko.eu\/lt\/wp-json\/wp\/v2\/pages"}],"about":[{"href":"https:\/\/liviko.eu\/lt\/wp-json\/wp\/v2\/types\/page"}],"author":[{"embeddable":true,"href":"https:\/\/liviko.eu\/lt\/wp-json\/wp\/v2\/users\/1"}],"replies":[{"embeddable":true,"href":"https:\/\/liviko.eu\/lt\/wp-json\/wp\/v2\/comments?post=838"}],"version-history":[{"count":24,"href":"https:\/\/liviko.eu\/lt\/wp-json\/wp\/v2\/pages\/838\/revisions"}],"predecessor-version":[{"id":57248,"href":"https:\/\/liviko.eu\/lt\/wp-json\/wp\/v2\/pages\/838\/revisions\/57248"}],"up":[{"embeddable":true,"href":"https:\/\/liviko.eu\/lt\/wp-json\/wp\/v2\/pages\/772"}],"wp:attachment":[{"href":"https:\/\/liviko.eu\/lt\/wp-json\/wp\/v2\/media?parent=838"}],"wp:term":[{"taxonomy":"category","embeddable":true,"href":"https:\/\/liviko.eu\/lt\/wp-json\/wp\/v2\/categories?post=838"}],"curies":[{"name":"wp","href":"https:\/\/api.w.org\/{rel}","templated":true}]}}